{"id":9439,"date":"2024-05-04T15:02:55","date_gmt":"2024-05-04T15:02:55","guid":{"rendered":"https:\/\/skaitytaknyga.lt\/?post_type=product&#038;p=9439"},"modified":"2025-06-11T07:48:46","modified_gmt":"2025-06-11T04:48:46","slug":"antanas-poska-2","status":"publish","type":"product","link":"https:\/\/skaitytaknyga.lt\/en\/produktas\/antanas-poska-2\/","title":{"rendered":"Antanas Po\u0161ka"},"content":{"rendered":"<div class=\"book-descript-wrapper\">\n<section class=\"product-descript more-content-wrapper\">\n<div class=\"\">\n<p>Knyga skirta Antano Po\u0161kos 100-osiomis gimimo metin\u0117ms. Atsiminimus apie \u017eym\u0173 antropolog\u0105, keliautoj\u0105, esperantinink\u0105, ra\u0161ytoj\u0105, bibliotekinink\u0105, vert\u0117j\u0105, \u017eyd\u0173 gelb\u0117toj\u0105 per Antr\u0105j\u012f pasaulin\u012f kar\u0105, Sibiro tremtin\u012f Antan\u0105 Po\u0161k\u0105 pasakoja \u012fvairiais gyvenimo tarpsniais j\u012f pa\u017einoj\u0119 \u017emones. Pateikiami A. Po\u0161kos biografijos metmenys, nuotraukos. Ne\u012fmanoma nutyl\u0117ti arba nepasteb\u0117ti fenomenalaus Po\u0161kos geb\u0117jimo dirbti. Ir svarbiausia \u2013 dirbti bet kur ir bet kokiomis aplinkyb\u0117mis. Tvyrant visuotinio nerimo, sutrikimo, netikrumo, kan\u010dios, \u017emogaus paniekinimo, nuolatini\u0173 nepritekli\u0173 atmosferai jis ne tik neprarasdavo \u017emogi\u0161kojo orumo, dvasin\u0117s pusiausvyros, bet ir skub\u0117davo pagelb\u0117ti silpnesniais u\u017e save. Ant med\u017eio to\u0161ies fiksuodavo savo \u2013 daug ma\u010diusio, patyrusio ir i\u0161kent\u0117jusio i\u0161min\u010diaus \u2013 mintis. (Jonas Mikelinskas)<\/p>\n<\/div>\n<\/section>\n<\/div>\n","protected":false},"excerpt":{"rendered":"<div class=\"book-descript-wrapper\">\n<section class=\"product-descript more-content-wrapper\">\n<div class=\"\">\n<p>Knyga skirta Antano Po\u0161kos 100-osiomis gimimo metin\u0117ms. Atsiminimus apie \u017eym\u0173 antropolog\u0105, keliautoj\u0105, esperantinink\u0105, ra\u0161ytoj\u0105, bibliotekinink\u0105, vert\u0117j\u0105, \u017eyd\u0173 gelb\u0117toj\u0105 per Antr\u0105j\u012f pasaulin\u012f kar\u0105, Sibiro tremtin\u012f Antan\u0105 Po\u0161k\u0105 pasakoja \u012fvairiais gyvenimo tarpsniais j\u012f pa\u017einoj\u0119 \u017emones. Pateikiami A. Po\u0161kos biografijos metmenys, nuotraukos. Ne\u012fmanoma nutyl\u0117ti arba nepasteb\u0117ti fenomenalaus Po\u0161kos geb\u0117jimo dirbti. Ir svarbiausia \u2013 dirbti bet kur ir bet kokiomis aplinkyb\u0117mis. Tvyrant visuotinio nerimo, sutrikimo, netikrumo, kan\u010dios, \u017emogaus paniekinimo, nuolatini\u0173 nepritekli\u0173 atmosferai jis ne tik neprarasdavo \u017emogi\u0161kojo orumo, dvasin\u0117s pusiausvyros, bet ir skub\u0117davo pagelb\u0117ti silpnesniais u\u017e save. Ant med\u017eio to\u0161ies fiksuodavo savo \u2013 daug ma\u010diusio, patyrusio ir i\u0161kent\u0117jusio i\u0161min\u010diaus \u2013 mintis. (Jonas Mikelinskas)<\/p>\n<\/div>\n<\/section>\n<\/div>\n","protected":false},"featured_media":6836,"comment_status":"closed","ping_status":"closed","template":"","meta":{"_acf_changed":false,"site-sidebar-layout":"default","site-content-layout":"","ast-site-content-layout":"default","site-content-style":"default","site-sidebar-style":"default","ast-global-header-display":"","ast-banner-title-visibility":"","ast-main-header-display":"","ast-hfb-above-header-display":"","ast-hfb-below-header-display":"","ast-hfb-mobile-header-display":"","site-post-title":"","ast-breadcrumbs-content":"","ast-featured-img":"","footer-sml-layout":"","ast-disable-related-posts":"","theme-transparent-header-meta":"","adv-header-id-meta":"","stick-header-meta":"","header-above-stick-meta":"","header-main-stick-meta":"","header-below-stick-meta":"","astra-migrate-meta-layouts":"default","ast-page-background-enabled":"default","ast-page-background-meta":{"desktop":{"background-color":"","background-image":"","background-repeat":"repeat","background-position":"center center","background-size":"auto","background-attachment":"scroll","background-type":"","background-media":"","overlay-type":"","overlay-color":"","overlay-opacity":"","overlay-gradient":""},"tablet":{"background-color":"","background-image":"","background-repeat":"repeat","background-position":"center center","background-size":"auto","background-attachment":"scroll","background-type":"","background-media":"","overlay-type":"","overlay-color":"","overlay-opacity":"","overlay-gradient":""},"mobile":{"background-color":"","background-image":"","background-repeat":"repeat","background-position":"center center","background-size":"auto","background-attachment":"scroll","background-type":"","background-media":"","overlay-type":"","overlay-color":"","overlay-opacity":"","overlay-gradient":""}},"ast-content-background-meta":{"desktop":{"background-color":"var(--ast-global-color-4)","background-image":"","background-repeat":"repeat","background-position":"center center","background-size":"auto","background-attachment":"scroll","background-type":"","background-media":"","overlay-type":"","overlay-color":"","overlay-opacity":"","overlay-gradient":""},"tablet":{"background-color":"var(--ast-global-color-4)","background-image":"","background-repeat":"repeat","background-position":"center center","background-size":"auto","background-attachment":"scroll","background-type":"","background-media":"","overlay-type":"","overlay-color":"","overlay-opacity":"","overlay-gradient":""},"mobile":{"background-color":"var(--ast-global-color-4)","background-image":"","background-repeat":"repeat","background-position":"center center","background-size":"auto","background-attachment":"scroll","background-type":"","background-media":"","overlay-type":"","overlay-color":"","overlay-opacity":"","overlay-gradient":""}}},"product_brand":[],"product_cat":[33],"product_tag":[4761,4486,1349,1445],"class_list":{"0":"post-9439","1":"product","2":"type-product","3":"status-publish","4":"has-post-thumbnail","6":"product_cat-biografijos","7":"product_tag-antanas-poska","8":"product_tag-antropologija","9":"product_tag-atsiminimai","10":"product_tag-keliones","11":"desktop-align-left","12":"tablet-align-left","13":"mobile-align-left","15":"first","16":"outofstock","17":"shipping-taxable","18":"purchasable","19":"product-type-simple"},"acf":[],"yoast_head":"<!-- This site is optimized with the Yoast SEO plugin v27.0 - https:\/\/yoast.com\/product\/yoast-seo-wordpress\/ -->\n<title>Antanas Po\u0161ka - Skaitytaknyga<\/title>\n<meta name=\"description\" content=\"Knyga skirta Antano Po\u0161kos 100-osiomis gimimo metin\u0117ms. Atsiminimus apie \u017eym\u0173 antropolog\u0105, keliautoj\u0105, esperantinink\u0105, ra\u0161ytoj\u0105, bibliotekinink\u0105, vert\u0117j\u0105, \u017eyd\u0173 gelb\u0117toj\u0105 per Antr\u0105j\u012f pasaulin\u012f kar\u0105, Sibiro tremtin\u012f Antan\u0105 Po\u0161k\u0105 pasakoja \u012fvairiais gyvenimo tarpsniais j\u012f pa\u017einoj\u0119 \u017emones. Pateikiami A. Po\u0161kos biografijos metmenys, nuotraukos. Ne\u012fmanoma nutyl\u0117ti arba nepasteb\u0117ti fenomenalaus Po\u0161kos geb\u0117jimo dirbti. Ir svarbiausia \u2013 dirbti bet kur ir bet kokiomis aplinkyb\u0117mis. Tvyrant visuotinio nerimo, sutrikimo, netikrumo, kan\u010dios, \u017emogaus paniekinimo, nuolatini\u0173 nepritekli\u0173 atmosferai jis ne tik neprarasdavo \u017emogi\u0161kojo orumo, dvasin\u0117s pusiausvyros, bet ir skub\u0117davo pagelb\u0117ti silpnesniais u\u017e save. Ant med\u017eio to\u0161ies fiksuodavo savo \u2013 daug ma\u010diusio, patyrusio ir i\u0161kent\u0117jusio i\u0161min\u010diaus \u2013 mintis. (Jonas Mikelinskas)\" \/>\n<meta name=\"robots\" content=\"index, follow, max-snippet:-1, max-image-preview:large, max-video-preview:-1\" \/>\n<link rel=\"canonical\" href=\"https:\/\/skaitytaknyga.lt\/en\/produktas\/antanas-poska-2\/\" \/>\n<meta property=\"og:locale\" content=\"en_GB\" \/>\n<meta property=\"og:locale:alternate\" content=\"lt_LT\" \/>\n<meta property=\"og:type\" content=\"article\" \/>\n<meta property=\"og:title\" content=\"Antanas Po\u0161ka - Skaitytaknyga\" \/>\n<meta property=\"og:description\" content=\"Knyga skirta Antano Po\u0161kos 100-osiomis gimimo metin\u0117ms. Atsiminimus apie \u017eym\u0173 antropolog\u0105, keliautoj\u0105, esperantinink\u0105, ra\u0161ytoj\u0105, bibliotekinink\u0105, vert\u0117j\u0105, \u017eyd\u0173 gelb\u0117toj\u0105 per Antr\u0105j\u012f pasaulin\u012f kar\u0105, Sibiro tremtin\u012f Antan\u0105 Po\u0161k\u0105 pasakoja \u012fvairiais gyvenimo tarpsniais j\u012f pa\u017einoj\u0119 \u017emones. Pateikiami A. Po\u0161kos biografijos metmenys, nuotraukos. Ne\u012fmanoma nutyl\u0117ti arba nepasteb\u0117ti fenomenalaus Po\u0161kos geb\u0117jimo dirbti. Ir svarbiausia \u2013 dirbti bet kur ir bet kokiomis aplinkyb\u0117mis. Tvyrant visuotinio nerimo, sutrikimo, netikrumo, kan\u010dios, \u017emogaus paniekinimo, nuolatini\u0173 nepritekli\u0173 atmosferai jis ne tik neprarasdavo \u017emogi\u0161kojo orumo, dvasin\u0117s pusiausvyros, bet ir skub\u0117davo pagelb\u0117ti silpnesniais u\u017e save. Ant med\u017eio to\u0161ies fiksuodavo savo \u2013 daug ma\u010diusio, patyrusio ir i\u0161kent\u0117jusio i\u0161min\u010diaus \u2013 mintis. (Jonas Mikelinskas)\" \/>\n<meta property=\"og:url\" content=\"https:\/\/skaitytaknyga.lt\/en\/produktas\/antanas-poska-2\/\" \/>\n<meta property=\"og:site_name\" content=\"Skaitytaknyga\" \/>\n<meta property=\"article:publisher\" content=\"https:\/\/www.facebook.com\/skaitytaknyga\/\" \/>\n<meta property=\"article:modified_time\" content=\"2025-06-11T04:48:46+00:00\" \/>\n<meta property=\"og:image\" content=\"https:\/\/skaitytaknyga.lt\/wp-content\/uploads\/2024\/05\/antanas-poska.jpg\" \/>\n\t<meta property=\"og:image:width\" content=\"469\" \/>\n\t<meta property=\"og:image:height\" content=\"352\" \/>\n\t<meta property=\"og:image:type\" content=\"image\/jpeg\" \/>\n<meta name=\"twitter:card\" content=\"summary_large_image\" \/>\n<meta name=\"twitter:label1\" content=\"Estimated reading time\" \/>\n\t<meta name=\"twitter:data1\" content=\"1 minute\" \/>\n<script type=\"application\/ld+json\" class=\"yoast-schema-graph\">{\"@context\":\"https:\/\/schema.org\",\"@graph\":[{\"@type\":\"WebPage\",\"@id\":\"https:\/\/skaitytaknyga.lt\/produktas\/antanas-poska-2\/\",\"url\":\"https:\/\/skaitytaknyga.lt\/produktas\/antanas-poska-2\/\",\"name\":\"Antanas Po\u0161ka - Skaitytaknyga\",\"isPartOf\":{\"@id\":\"https:\/\/skaitytaknyga.lt\/#website\"},\"primaryImageOfPage\":{\"@id\":\"https:\/\/skaitytaknyga.lt\/produktas\/antanas-poska-2\/#primaryimage\"},\"image\":{\"@id\":\"https:\/\/skaitytaknyga.lt\/produktas\/antanas-poska-2\/#primaryimage\"},\"thumbnailUrl\":\"https:\/\/skaitytaknyga.lt\/wp-content\/uploads\/2024\/05\/antanas-poska.jpg\",\"datePublished\":\"2024-05-04T15:02:55+00:00\",\"dateModified\":\"2025-06-11T04:48:46+00:00\",\"description\":\"Knyga skirta Antano Po\u0161kos 100-osiomis gimimo metin\u0117ms. Atsiminimus apie \u017eym\u0173 antropolog\u0105, keliautoj\u0105, esperantinink\u0105, ra\u0161ytoj\u0105, bibliotekinink\u0105, vert\u0117j\u0105, \u017eyd\u0173 gelb\u0117toj\u0105 per Antr\u0105j\u012f pasaulin\u012f kar\u0105, Sibiro tremtin\u012f Antan\u0105 Po\u0161k\u0105 pasakoja \u012fvairiais gyvenimo tarpsniais j\u012f pa\u017einoj\u0119 \u017emones. Pateikiami A. Po\u0161kos biografijos metmenys, nuotraukos. Ne\u012fmanoma nutyl\u0117ti arba nepasteb\u0117ti fenomenalaus Po\u0161kos geb\u0117jimo dirbti. Ir svarbiausia \u2013 dirbti bet kur ir bet kokiomis aplinkyb\u0117mis. Tvyrant visuotinio nerimo, sutrikimo, netikrumo, kan\u010dios, \u017emogaus paniekinimo, nuolatini\u0173 nepritekli\u0173 atmosferai jis ne tik neprarasdavo \u017emogi\u0161kojo orumo, dvasin\u0117s pusiausvyros, bet ir skub\u0117davo pagelb\u0117ti silpnesniais u\u017e save. Ant med\u017eio to\u0161ies fiksuodavo savo \u2013 daug ma\u010diusio, patyrusio ir i\u0161kent\u0117jusio i\u0161min\u010diaus \u2013 mintis. (Jonas Mikelinskas)\",\"breadcrumb\":{\"@id\":\"https:\/\/skaitytaknyga.lt\/produktas\/antanas-poska-2\/#breadcrumb\"},\"inLanguage\":\"en-GB\",\"potentialAction\":[{\"@type\":\"ReadAction\",\"target\":[\"https:\/\/skaitytaknyga.lt\/produktas\/antanas-poska-2\/\"]}]},{\"@type\":\"ImageObject\",\"inLanguage\":\"en-GB\",\"@id\":\"https:\/\/skaitytaknyga.lt\/produktas\/antanas-poska-2\/#primaryimage\",\"url\":\"https:\/\/skaitytaknyga.lt\/wp-content\/uploads\/2024\/05\/antanas-poska.jpg\",\"contentUrl\":\"https:\/\/skaitytaknyga.lt\/wp-content\/uploads\/2024\/05\/antanas-poska.jpg\",\"width\":469,\"height\":352},{\"@type\":\"BreadcrumbList\",\"@id\":\"https:\/\/skaitytaknyga.lt\/produktas\/antanas-poska-2\/#breadcrumb\",\"itemListElement\":[{\"@type\":\"ListItem\",\"position\":1,\"name\":\"Home\",\"item\":\"https:\/\/skaitytaknyga.lt\/\"},{\"@type\":\"ListItem\",\"position\":2,\"name\":\"Parduotuv\u0117\",\"item\":\"https:\/\/skaitytaknyga.lt\/knygu-parduotuve\/\"},{\"@type\":\"ListItem\",\"position\":3,\"name\":\"Antanas Po\u0161ka\"}]},{\"@type\":\"WebSite\",\"@id\":\"https:\/\/skaitytaknyga.lt\/#website\",\"url\":\"https:\/\/skaitytaknyga.lt\/\",\"name\":\"skaitytaknyga.lt\",\"description\":\"Skaitytaknyga.lt \u2013 tai ma\u017eas \u0161eimos verslas, kuris prasid\u0117jo nuo meil\u0117s knygoms ir siekio i\u0161gelb\u0117ti knygas nuo likimo prie konteinerio. Kas vienam nereikalingas daiktas \u2013 kitam lobis, o mes esame tarpininkai, kurie padeda abiems tapti laimingesniems ???? \u017dinome kaip nelengva i\u0161gyventi ma\u017eiems verslams, tad nuo \u0161iol, \u010dia rasite ir kit\u0173, ma\u017e\u0173 \u0161eim\u0173 versl\u0173, rank\u0173 darbo, dovan\u0173 sau ir artimiesiems.\",\"publisher\":{\"@id\":\"https:\/\/skaitytaknyga.lt\/#organization\"},\"potentialAction\":[{\"@type\":\"SearchAction\",\"target\":{\"@type\":\"EntryPoint\",\"urlTemplate\":\"https:\/\/skaitytaknyga.lt\/?s={search_term_string}\"},\"query-input\":{\"@type\":\"PropertyValueSpecification\",\"valueRequired\":true,\"valueName\":\"search_term_string\"}}],\"inLanguage\":\"en-GB\"},{\"@type\":\"Organization\",\"@id\":\"https:\/\/skaitytaknyga.lt\/#organization\",\"name\":\"skaitytaknyga.lt\",\"url\":\"https:\/\/skaitytaknyga.lt\/\",\"logo\":{\"@type\":\"ImageObject\",\"inLanguage\":\"en-GB\",\"@id\":\"https:\/\/skaitytaknyga.lt\/#\/schema\/logo\/image\/\",\"url\":\"https:\/\/skaitytaknyga.lt\/wp-content\/uploads\/2024\/05\/cropped-cropped-cropped-02_00843_jt3bggkj1j3HLc7SyY6rEUpg.jpeg\",\"contentUrl\":\"https:\/\/skaitytaknyga.lt\/wp-content\/uploads\/2024\/05\/cropped-cropped-cropped-02_00843_jt3bggkj1j3HLc7SyY6rEUpg.jpeg\",\"width\":1600,\"height\":1600,\"caption\":\"skaitytaknyga.lt\"},\"image\":{\"@id\":\"https:\/\/skaitytaknyga.lt\/#\/schema\/logo\/image\/\"},\"sameAs\":[\"https:\/\/www.facebook.com\/skaitytaknyga\/\"]}]}<\/script>\n<!-- \/ Yoast SEO plugin. -->","yoast_head_json":{"title":"Antanas Po\u0161ka - Skaitytaknyga","description":"Knyga skirta Antano Po\u0161kos 100-osiomis gimimo metin\u0117ms. Atsiminimus apie \u017eym\u0173 antropolog\u0105, keliautoj\u0105, esperantinink\u0105, ra\u0161ytoj\u0105, bibliotekinink\u0105, vert\u0117j\u0105, \u017eyd\u0173 gelb\u0117toj\u0105 per Antr\u0105j\u012f pasaulin\u012f kar\u0105, Sibiro tremtin\u012f Antan\u0105 Po\u0161k\u0105 pasakoja \u012fvairiais gyvenimo tarpsniais j\u012f pa\u017einoj\u0119 \u017emones. Pateikiami A. Po\u0161kos biografijos metmenys, nuotraukos. Ne\u012fmanoma nutyl\u0117ti arba nepasteb\u0117ti fenomenalaus Po\u0161kos geb\u0117jimo dirbti. Ir svarbiausia \u2013 dirbti bet kur ir bet kokiomis aplinkyb\u0117mis. Tvyrant visuotinio nerimo, sutrikimo, netikrumo, kan\u010dios, \u017emogaus paniekinimo, nuolatini\u0173 nepritekli\u0173 atmosferai jis ne tik neprarasdavo \u017emogi\u0161kojo orumo, dvasin\u0117s pusiausvyros, bet ir skub\u0117davo pagelb\u0117ti silpnesniais u\u017e save. Ant med\u017eio to\u0161ies fiksuodavo savo \u2013 daug ma\u010diusio, patyrusio ir i\u0161kent\u0117jusio i\u0161min\u010diaus \u2013 mintis. (Jonas Mikelinskas)","robots":{"index":"index","follow":"follow","max-snippet":"max-snippet:-1","max-image-preview":"max-image-preview:large","max-video-preview":"max-video-preview:-1"},"canonical":"https:\/\/skaitytaknyga.lt\/en\/produktas\/antanas-poska-2\/","og_locale":"en_GB","og_type":"article","og_title":"Antanas Po\u0161ka - Skaitytaknyga","og_description":"Knyga skirta Antano Po\u0161kos 100-osiomis gimimo metin\u0117ms. Atsiminimus apie \u017eym\u0173 antropolog\u0105, keliautoj\u0105, esperantinink\u0105, ra\u0161ytoj\u0105, bibliotekinink\u0105, vert\u0117j\u0105, \u017eyd\u0173 gelb\u0117toj\u0105 per Antr\u0105j\u012f pasaulin\u012f kar\u0105, Sibiro tremtin\u012f Antan\u0105 Po\u0161k\u0105 pasakoja \u012fvairiais gyvenimo tarpsniais j\u012f pa\u017einoj\u0119 \u017emones. Pateikiami A. Po\u0161kos biografijos metmenys, nuotraukos. Ne\u012fmanoma nutyl\u0117ti arba nepasteb\u0117ti fenomenalaus Po\u0161kos geb\u0117jimo dirbti. Ir svarbiausia \u2013 dirbti bet kur ir bet kokiomis aplinkyb\u0117mis. Tvyrant visuotinio nerimo, sutrikimo, netikrumo, kan\u010dios, \u017emogaus paniekinimo, nuolatini\u0173 nepritekli\u0173 atmosferai jis ne tik neprarasdavo \u017emogi\u0161kojo orumo, dvasin\u0117s pusiausvyros, bet ir skub\u0117davo pagelb\u0117ti silpnesniais u\u017e save. Ant med\u017eio to\u0161ies fiksuodavo savo \u2013 daug ma\u010diusio, patyrusio ir i\u0161kent\u0117jusio i\u0161min\u010diaus \u2013 mintis. (Jonas Mikelinskas)","og_url":"https:\/\/skaitytaknyga.lt\/en\/produktas\/antanas-poska-2\/","og_site_name":"Skaitytaknyga","article_publisher":"https:\/\/www.facebook.com\/skaitytaknyga\/","article_modified_time":"2025-06-11T04:48:46+00:00","og_image":[{"width":469,"height":352,"url":"https:\/\/skaitytaknyga.lt\/wp-content\/uploads\/2024\/05\/antanas-poska.jpg","type":"image\/jpeg"}],"twitter_card":"summary_large_image","twitter_misc":{"Estimated reading time":"1 minute"},"schema":{"@context":"https:\/\/schema.org","@graph":[{"@type":"WebPage","@id":"https:\/\/skaitytaknyga.lt\/produktas\/antanas-poska-2\/","url":"https:\/\/skaitytaknyga.lt\/produktas\/antanas-poska-2\/","name":"Antanas Po\u0161ka - Skaitytaknyga","isPartOf":{"@id":"https:\/\/skaitytaknyga.lt\/#website"},"primaryImageOfPage":{"@id":"https:\/\/skaitytaknyga.lt\/produktas\/antanas-poska-2\/#primaryimage"},"image":{"@id":"https:\/\/skaitytaknyga.lt\/produktas\/antanas-poska-2\/#primaryimage"},"thumbnailUrl":"https:\/\/skaitytaknyga.lt\/wp-content\/uploads\/2024\/05\/antanas-poska.jpg","datePublished":"2024-05-04T15:02:55+00:00","dateModified":"2025-06-11T04:48:46+00:00","description":"Knyga skirta Antano Po\u0161kos 100-osiomis gimimo metin\u0117ms. Atsiminimus apie \u017eym\u0173 antropolog\u0105, keliautoj\u0105, esperantinink\u0105, ra\u0161ytoj\u0105, bibliotekinink\u0105, vert\u0117j\u0105, \u017eyd\u0173 gelb\u0117toj\u0105 per Antr\u0105j\u012f pasaulin\u012f kar\u0105, Sibiro tremtin\u012f Antan\u0105 Po\u0161k\u0105 pasakoja \u012fvairiais gyvenimo tarpsniais j\u012f pa\u017einoj\u0119 \u017emones. Pateikiami A. Po\u0161kos biografijos metmenys, nuotraukos. Ne\u012fmanoma nutyl\u0117ti arba nepasteb\u0117ti fenomenalaus Po\u0161kos geb\u0117jimo dirbti. Ir svarbiausia \u2013 dirbti bet kur ir bet kokiomis aplinkyb\u0117mis. Tvyrant visuotinio nerimo, sutrikimo, netikrumo, kan\u010dios, \u017emogaus paniekinimo, nuolatini\u0173 nepritekli\u0173 atmosferai jis ne tik neprarasdavo \u017emogi\u0161kojo orumo, dvasin\u0117s pusiausvyros, bet ir skub\u0117davo pagelb\u0117ti silpnesniais u\u017e save. Ant med\u017eio to\u0161ies fiksuodavo savo \u2013 daug ma\u010diusio, patyrusio ir i\u0161kent\u0117jusio i\u0161min\u010diaus \u2013 mintis. (Jonas Mikelinskas)","breadcrumb":{"@id":"https:\/\/skaitytaknyga.lt\/produktas\/antanas-poska-2\/#breadcrumb"},"inLanguage":"en-GB","potentialAction":[{"@type":"ReadAction","target":["https:\/\/skaitytaknyga.lt\/produktas\/antanas-poska-2\/"]}]},{"@type":"ImageObject","inLanguage":"en-GB","@id":"https:\/\/skaitytaknyga.lt\/produktas\/antanas-poska-2\/#primaryimage","url":"https:\/\/skaitytaknyga.lt\/wp-content\/uploads\/2024\/05\/antanas-poska.jpg","contentUrl":"https:\/\/skaitytaknyga.lt\/wp-content\/uploads\/2024\/05\/antanas-poska.jpg","width":469,"height":352},{"@type":"BreadcrumbList","@id":"https:\/\/skaitytaknyga.lt\/produktas\/antanas-poska-2\/#breadcrumb","itemListElement":[{"@type":"ListItem","position":1,"name":"Home","item":"https:\/\/skaitytaknyga.lt\/"},{"@type":"ListItem","position":2,"name":"Parduotuv\u0117","item":"https:\/\/skaitytaknyga.lt\/knygu-parduotuve\/"},{"@type":"ListItem","position":3,"name":"Antanas Po\u0161ka"}]},{"@type":"WebSite","@id":"https:\/\/skaitytaknyga.lt\/#website","url":"https:\/\/skaitytaknyga.lt\/","name":"skaitytaknyga.lt","description":"Skaitytaknyga.lt \u2013 tai ma\u017eas \u0161eimos verslas, kuris prasid\u0117jo nuo meil\u0117s knygoms ir siekio i\u0161gelb\u0117ti knygas nuo likimo prie konteinerio. Kas vienam nereikalingas daiktas \u2013 kitam lobis, o mes esame tarpininkai, kurie padeda abiems tapti laimingesniems ???? \u017dinome kaip nelengva i\u0161gyventi ma\u017eiems verslams, tad nuo \u0161iol, \u010dia rasite ir kit\u0173, ma\u017e\u0173 \u0161eim\u0173 versl\u0173, rank\u0173 darbo, dovan\u0173 sau ir artimiesiems.","publisher":{"@id":"https:\/\/skaitytaknyga.lt\/#organization"},"potentialAction":[{"@type":"SearchAction","target":{"@type":"EntryPoint","urlTemplate":"https:\/\/skaitytaknyga.lt\/?s={search_term_string}"},"query-input":{"@type":"PropertyValueSpecification","valueRequired":true,"valueName":"search_term_string"}}],"inLanguage":"en-GB"},{"@type":"Organization","@id":"https:\/\/skaitytaknyga.lt\/#organization","name":"skaitytaknyga.lt","url":"https:\/\/skaitytaknyga.lt\/","logo":{"@type":"ImageObject","inLanguage":"en-GB","@id":"https:\/\/skaitytaknyga.lt\/#\/schema\/logo\/image\/","url":"https:\/\/skaitytaknyga.lt\/wp-content\/uploads\/2024\/05\/cropped-cropped-cropped-02_00843_jt3bggkj1j3HLc7SyY6rEUpg.jpeg","contentUrl":"https:\/\/skaitytaknyga.lt\/wp-content\/uploads\/2024\/05\/cropped-cropped-cropped-02_00843_jt3bggkj1j3HLc7SyY6rEUpg.jpeg","width":1600,"height":1600,"caption":"skaitytaknyga.lt"},"image":{"@id":"https:\/\/skaitytaknyga.lt\/#\/schema\/logo\/image\/"},"sameAs":["https:\/\/www.facebook.com\/skaitytaknyga\/"]}]}},"_links":{"self":[{"href":"https:\/\/skaitytaknyga.lt\/en\/wp-json\/wp\/v2\/product\/9439","targetHints":{"allow":["GET"]}}],"collection":[{"href":"https:\/\/skaitytaknyga.lt\/en\/wp-json\/wp\/v2\/product"}],"about":[{"href":"https:\/\/skaitytaknyga.lt\/en\/wp-json\/wp\/v2\/types\/product"}],"replies":[{"embeddable":true,"href":"https:\/\/skaitytaknyga.lt\/en\/wp-json\/wp\/v2\/comments?post=9439"}],"wp:featuredmedia":[{"embeddable":true,"href":"https:\/\/skaitytaknyga.lt\/en\/wp-json\/wp\/v2\/media\/6836"}],"wp:attachment":[{"href":"https:\/\/skaitytaknyga.lt\/en\/wp-json\/wp\/v2\/media?parent=9439"}],"wp:term":[{"taxonomy":"product_brand","embeddable":true,"href":"https:\/\/skaitytaknyga.lt\/en\/wp-json\/wp\/v2\/product_brand?post=9439"},{"taxonomy":"product_cat","embeddable":true,"href":"https:\/\/skaitytaknyga.lt\/en\/wp-json\/wp\/v2\/product_cat?post=9439"},{"taxonomy":"product_tag","embeddable":true,"href":"https:\/\/skaitytaknyga.lt\/en\/wp-json\/wp\/v2\/product_tag?post=9439"}],"curies":[{"name":"wp","href":"https:\/\/api.w.org\/{rel}","templated":true}]}}