{"id":9433,"date":"2024-05-04T15:02:55","date_gmt":"2024-05-04T15:02:55","guid":{"rendered":"https:\/\/skaitytaknyga.lt\/?post_type=product&#038;p=9433"},"modified":"2024-05-04T15:03:09","modified_gmt":"2024-05-04T15:03:09","slug":"maxine-sullivan-geltonos-kaledos-2","status":"publish","type":"product","link":"https:\/\/skaitytaknyga.lt\/en\/produktas\/maxine-sullivan-geltonos-kaledos-2\/","title":{"rendered":"Maxine Sullivan \u201eGeltonos Kal\u0117dos\u201c"},"content":{"rendered":"<p>\u017davioji gundytoja Kija ir du turtingi vyrai&#8230; K\u0105 pasirinkti \u2013 su\u017ead\u0117tin\u012f Filip\u0105 ar jo verslo partner\u012f Brent\u0105, \u012f kurio gl\u0117b\u012f Kij\u0105 blo\u0161kia nenumaldoma aistra?.. Mergina baiminasi tapti garsaus mergi\u0161iaus auka. O Brentas isitikin\u0119s, kad Kija \u2013 gudri aferist\u0117, gebanti apvynioti aplink pir\u0161t\u0105 kiekvien\u0105 vyr\u0105. Bet ar mylin\u010dio \u017emogaus akys gali meluoti?<\/p>\n<p>Ar gali b\u016bti saldesnis ker\u0161tas, kaip suvilioti skolininko \u017emon\u0105? Turtingas ir valdingas Flynas sugalvojo puik\u0173 plan\u0105 \u2013 artimiau susipa\u017einti su skolininko \u017emona Daniele Ford. Planas pavyksta, bet netrukus Flynas su\u017eino, kad Daniel\u0117 laukiasi\u2026<\/p>\n<p>Austral\u0173 verslininkas Demjenas nori atker\u0161yti Gabrielei, kuri po aistringos nakties i\u0161dr\u012fso palikti j\u012f netarusi n\u0117 \u017eod\u017eio. Dabar merginai reikia Demjeno pagalbos, nes ji nori i\u0161saugoti savo \u0161eimos versl\u0105. Demjenas jai pad\u0117s, bet su s\u0105lyga \u2013 Gabriel\u0117 turi u\u017e jo i\u0161tek\u0117ti&#8230;<\/p>\n","protected":false},"excerpt":{"rendered":"<p>\u017davioji gundytoja Kija ir du turtingi vyrai&#8230; K\u0105 pasirinkti \u2013 su\u017ead\u0117tin\u012f Filip\u0105 ar jo verslo partner\u012f Brent\u0105, \u012f kurio gl\u0117b\u012f Kij\u0105 blo\u0161kia nenumaldoma aistra?.. Mergina baiminasi tapti garsaus mergi\u0161iaus auka. O Brentas isitikin\u0119s, kad Kija \u2013 gudri aferist\u0117, gebanti apvynioti aplink pir\u0161t\u0105 kiekvien\u0105 vyr\u0105. Bet ar mylin\u010dio \u017emogaus akys gali meluoti?<\/p>\n<p>Ar gali b\u016bti saldesnis ker\u0161tas, kaip suvilioti skolininko \u017emon\u0105? Turtingas ir valdingas Flynas sugalvojo puik\u0173 plan\u0105 \u2013 artimiau susipa\u017einti su skolininko \u017emona Daniele Ford. Planas pavyksta, bet netrukus Flynas su\u017eino, kad Daniel\u0117 laukiasi\u2026<\/p>\n<p>Austral\u0173 verslininkas Demjenas nori atker\u0161yti Gabrielei, kuri po aistringos nakties i\u0161dr\u012fso palikti j\u012f netarusi n\u0117 \u017eod\u017eio. Dabar merginai reikia Demjeno pagalbos, nes ji nori i\u0161saugoti savo \u0161eimos versl\u0105. Demjenas jai pad\u0117s, bet su s\u0105lyga \u2013 Gabriel\u0117 turi u\u017e jo i\u0161tek\u0117ti&#8230;<\/p>\n","protected":false},"featured_media":6830,"comment_status":"closed","ping_status":"closed","template":"","meta":{"_acf_changed":false,"site-sidebar-layout":"default","site-content-layout":"","ast-site-content-layout":"default","site-content-style":"default","site-sidebar-style":"default","ast-global-header-display":"","ast-banner-title-visibility":"","ast-main-header-display":"","ast-hfb-above-header-display":"","ast-hfb-below-header-display":"","ast-hfb-mobile-header-display":"","site-post-title":"","ast-breadcrumbs-content":"","ast-featured-img":"","footer-sml-layout":"","ast-disable-related-posts":"","theme-transparent-header-meta":"","adv-header-id-meta":"","stick-header-meta":"","header-above-stick-meta":"","header-main-stick-meta":"","header-below-stick-meta":"","astra-migrate-meta-layouts":"default","ast-page-background-enabled":"default","ast-page-background-meta":{"desktop":{"background-color":"","background-image":"","background-repeat":"repeat","background-position":"center center","background-size":"auto","background-attachment":"scroll","background-type":"","background-media":"","overlay-type":"","overlay-color":"","overlay-opacity":"","overlay-gradient":""},"tablet":{"background-color":"","background-image":"","background-repeat":"repeat","background-position":"center center","background-size":"auto","background-attachment":"scroll","background-type":"","background-media":"","overlay-type":"","overlay-color":"","overlay-opacity":"","overlay-gradient":""},"mobile":{"background-color":"","background-image":"","background-repeat":"repeat","background-position":"center center","background-size":"auto","background-attachment":"scroll","background-type":"","background-media":"","overlay-type":"","overlay-color":"","overlay-opacity":"","overlay-gradient":""}},"ast-content-background-meta":{"desktop":{"background-color":"var(--ast-global-color-4)","background-image":"","background-repeat":"repeat","background-position":"center center","background-size":"auto","background-attachment":"scroll","background-type":"","background-media":"","overlay-type":"","overlay-color":"","overlay-opacity":"","overlay-gradient":""},"tablet":{"background-color":"var(--ast-global-color-4)","background-image":"","background-repeat":"repeat","background-position":"center center","background-size":"auto","background-attachment":"scroll","background-type":"","background-media":"","overlay-type":"","overlay-color":"","overlay-opacity":"","overlay-gradient":""},"mobile":{"background-color":"var(--ast-global-color-4)","background-image":"","background-repeat":"repeat","background-position":"center center","background-size":"auto","background-attachment":"scroll","background-type":"","background-media":"","overlay-type":"","overlay-color":"","overlay-opacity":"","overlay-gradient":""}}},"product_brand":[],"product_cat":[31],"product_tag":[],"class_list":{"0":"post-9433","1":"product","2":"type-product","3":"status-publish","4":"has-post-thumbnail","6":"product_cat-grozine-literatura","7":"desktop-align-left","8":"tablet-align-left","9":"mobile-align-left","11":"first","12":"instock","13":"shipping-taxable","14":"purchasable","15":"product-type-simple"},"acf":[],"yoast_head":"<!-- This site is optimized with the Yoast SEO plugin v27.4 - https:\/\/yoast.com\/product\/yoast-seo-wordpress\/ -->\n<title>Maxine Sullivan \u201eGeltonos Kal\u0117dos\u201c - Skaitytaknyga<\/title>\n<meta name=\"description\" content=\"\u017davioji gundytoja Kija ir du turtingi vyrai... K\u0105 pasirinkti \u2013 su\u017ead\u0117tin\u012f Filip\u0105 ar jo verslo partner\u012f Brent\u0105, \u012f kurio gl\u0117b\u012f Kij\u0105 blo\u0161kia nenumaldoma aistra?.. Mergina baiminasi tapti garsaus mergi\u0161iaus auka. O Brentas isitikin\u0119s, kad Kija \u2013 gudri aferist\u0117, gebanti apvynioti aplink pir\u0161t\u0105 kiekvien\u0105 vyr\u0105. Bet ar mylin\u010dio \u017emogaus akys gali meluoti?  Ar gali b\u016bti saldesnis ker\u0161tas, kaip suvilioti skolininko \u017emon\u0105? Turtingas ir valdingas Flynas sugalvojo puik\u0173 plan\u0105 \u2013 artimiau susipa\u017einti su skolininko \u017emona Daniele Ford. Planas pavyksta, bet netrukus Flynas su\u017eino, kad Daniel\u0117 laukiasi\u2026  Austral\u0173 verslininkas Demjenas nori atker\u0161yti Gabrielei, kuri po aistringos nakties i\u0161dr\u012fso palikti j\u012f netarusi n\u0117 \u017eod\u017eio. Dabar merginai reikia Demjeno pagalbos, nes ji nori i\u0161saugoti savo \u0161eimos versl\u0105. Demjenas jai pad\u0117s, bet su s\u0105lyga \u2013 Gabriel\u0117 turi u\u017e jo i\u0161tek\u0117ti...\" \/>\n<meta name=\"robots\" content=\"index, follow, max-snippet:-1, max-image-preview:large, max-video-preview:-1\" \/>\n<link rel=\"canonical\" href=\"https:\/\/skaitytaknyga.lt\/en\/produktas\/maxine-sullivan-geltonos-kaledos-2\/\" \/>\n<meta property=\"og:locale\" content=\"en_GB\" \/>\n<meta property=\"og:locale:alternate\" content=\"lt_LT\" \/>\n<meta property=\"og:type\" content=\"article\" \/>\n<meta property=\"og:title\" content=\"Maxine Sullivan \u201eGeltonos Kal\u0117dos\u201c - Skaitytaknyga\" \/>\n<meta property=\"og:description\" content=\"\u017davioji gundytoja Kija ir du turtingi vyrai... K\u0105 pasirinkti \u2013 su\u017ead\u0117tin\u012f Filip\u0105 ar jo verslo partner\u012f Brent\u0105, \u012f kurio gl\u0117b\u012f Kij\u0105 blo\u0161kia nenumaldoma aistra?.. Mergina baiminasi tapti garsaus mergi\u0161iaus auka. O Brentas isitikin\u0119s, kad Kija \u2013 gudri aferist\u0117, gebanti apvynioti aplink pir\u0161t\u0105 kiekvien\u0105 vyr\u0105. Bet ar mylin\u010dio \u017emogaus akys gali meluoti?  Ar gali b\u016bti saldesnis ker\u0161tas, kaip suvilioti skolininko \u017emon\u0105? Turtingas ir valdingas Flynas sugalvojo puik\u0173 plan\u0105 \u2013 artimiau susipa\u017einti su skolininko \u017emona Daniele Ford. Planas pavyksta, bet netrukus Flynas su\u017eino, kad Daniel\u0117 laukiasi\u2026  Austral\u0173 verslininkas Demjenas nori atker\u0161yti Gabrielei, kuri po aistringos nakties i\u0161dr\u012fso palikti j\u012f netarusi n\u0117 \u017eod\u017eio. Dabar merginai reikia Demjeno pagalbos, nes ji nori i\u0161saugoti savo \u0161eimos versl\u0105. Demjenas jai pad\u0117s, bet su s\u0105lyga \u2013 Gabriel\u0117 turi u\u017e jo i\u0161tek\u0117ti...\" \/>\n<meta property=\"og:url\" content=\"https:\/\/skaitytaknyga.lt\/en\/produktas\/maxine-sullivan-geltonos-kaledos-2\/\" \/>\n<meta property=\"og:site_name\" content=\"Skaitytaknyga\" \/>\n<meta property=\"article:publisher\" content=\"https:\/\/www.facebook.com\/skaitytaknyga\/\" \/>\n<meta property=\"article:modified_time\" content=\"2024-05-04T15:03:09+00:00\" \/>\n<meta property=\"og:image\" content=\"https:\/\/skaitytaknyga.lt\/wp-content\/uploads\/2024\/05\/000000000002153823-59de82335e22b-asset-knyguklubas-cdb_9786094066238_geltonoskaledos_p1.jpg\" \/>\n\t<meta property=\"og:image:width\" content=\"206\" \/>\n\t<meta property=\"og:image:height\" content=\"345\" \/>\n\t<meta property=\"og:image:type\" content=\"image\/jpeg\" \/>\n<meta name=\"twitter:card\" content=\"summary_large_image\" \/>\n<meta name=\"twitter:label1\" content=\"Estimated reading time\" \/>\n\t<meta name=\"twitter:data1\" content=\"1 minute\" \/>\n<script type=\"application\/ld+json\" class=\"yoast-schema-graph\">{\"@context\":\"https:\\\/\\\/schema.org\",\"@graph\":[{\"@type\":\"WebPage\",\"@id\":\"https:\\\/\\\/skaitytaknyga.lt\\\/produktas\\\/maxine-sullivan-geltonos-kaledos-2\\\/\",\"url\":\"https:\\\/\\\/skaitytaknyga.lt\\\/produktas\\\/maxine-sullivan-geltonos-kaledos-2\\\/\",\"name\":\"Maxine Sullivan \u201eGeltonos Kal\u0117dos\u201c - Skaitytaknyga\",\"isPartOf\":{\"@id\":\"https:\\\/\\\/skaitytaknyga.lt\\\/#website\"},\"primaryImageOfPage\":{\"@id\":\"https:\\\/\\\/skaitytaknyga.lt\\\/produktas\\\/maxine-sullivan-geltonos-kaledos-2\\\/#primaryimage\"},\"image\":{\"@id\":\"https:\\\/\\\/skaitytaknyga.lt\\\/produktas\\\/maxine-sullivan-geltonos-kaledos-2\\\/#primaryimage\"},\"thumbnailUrl\":\"https:\\\/\\\/skaitytaknyga.lt\\\/wp-content\\\/uploads\\\/2024\\\/05\\\/000000000002153823-59de82335e22b-asset-knyguklubas-cdb_9786094066238_geltonoskaledos_p1.jpg\",\"datePublished\":\"2024-05-04T15:02:55+00:00\",\"dateModified\":\"2024-05-04T15:03:09+00:00\",\"description\":\"\u017davioji gundytoja Kija ir du turtingi vyrai... K\u0105 pasirinkti \u2013 su\u017ead\u0117tin\u012f Filip\u0105 ar jo verslo partner\u012f Brent\u0105, \u012f kurio gl\u0117b\u012f Kij\u0105 blo\u0161kia nenumaldoma aistra?.. Mergina baiminasi tapti garsaus mergi\u0161iaus auka. O Brentas isitikin\u0119s, kad Kija \u2013 gudri aferist\u0117, gebanti apvynioti aplink pir\u0161t\u0105 kiekvien\u0105 vyr\u0105. Bet ar mylin\u010dio \u017emogaus akys gali meluoti? Ar gali b\u016bti saldesnis ker\u0161tas, kaip suvilioti skolininko \u017emon\u0105? Turtingas ir valdingas Flynas sugalvojo puik\u0173 plan\u0105 \u2013 artimiau susipa\u017einti su skolininko \u017emona Daniele Ford. Planas pavyksta, bet netrukus Flynas su\u017eino, kad Daniel\u0117 laukiasi\u2026 Austral\u0173 verslininkas Demjenas nori atker\u0161yti Gabrielei, kuri po aistringos nakties i\u0161dr\u012fso palikti j\u012f netarusi n\u0117 \u017eod\u017eio. Dabar merginai reikia Demjeno pagalbos, nes ji nori i\u0161saugoti savo \u0161eimos versl\u0105. Demjenas jai pad\u0117s, bet su s\u0105lyga \u2013 Gabriel\u0117 turi u\u017e jo i\u0161tek\u0117ti...\",\"breadcrumb\":{\"@id\":\"https:\\\/\\\/skaitytaknyga.lt\\\/produktas\\\/maxine-sullivan-geltonos-kaledos-2\\\/#breadcrumb\"},\"inLanguage\":\"en-GB\",\"potentialAction\":[{\"@type\":\"ReadAction\",\"target\":[\"https:\\\/\\\/skaitytaknyga.lt\\\/produktas\\\/maxine-sullivan-geltonos-kaledos-2\\\/\"]}]},{\"@type\":\"ImageObject\",\"inLanguage\":\"en-GB\",\"@id\":\"https:\\\/\\\/skaitytaknyga.lt\\\/produktas\\\/maxine-sullivan-geltonos-kaledos-2\\\/#primaryimage\",\"url\":\"https:\\\/\\\/skaitytaknyga.lt\\\/wp-content\\\/uploads\\\/2024\\\/05\\\/000000000002153823-59de82335e22b-asset-knyguklubas-cdb_9786094066238_geltonoskaledos_p1.jpg\",\"contentUrl\":\"https:\\\/\\\/skaitytaknyga.lt\\\/wp-content\\\/uploads\\\/2024\\\/05\\\/000000000002153823-59de82335e22b-asset-knyguklubas-cdb_9786094066238_geltonoskaledos_p1.jpg\",\"width\":206,\"height\":345},{\"@type\":\"BreadcrumbList\",\"@id\":\"https:\\\/\\\/skaitytaknyga.lt\\\/produktas\\\/maxine-sullivan-geltonos-kaledos-2\\\/#breadcrumb\",\"itemListElement\":[{\"@type\":\"ListItem\",\"position\":1,\"name\":\"Home\",\"item\":\"https:\\\/\\\/skaitytaknyga.lt\\\/\"},{\"@type\":\"ListItem\",\"position\":2,\"name\":\"Parduotuv\u0117\",\"item\":\"https:\\\/\\\/skaitytaknyga.lt\\\/knygu-parduotuve\\\/\"},{\"@type\":\"ListItem\",\"position\":3,\"name\":\"Maxine Sullivan \u201eGeltonos Kal\u0117dos\u201c\"}]},{\"@type\":\"WebSite\",\"@id\":\"https:\\\/\\\/skaitytaknyga.lt\\\/#website\",\"url\":\"https:\\\/\\\/skaitytaknyga.lt\\\/\",\"name\":\"skaitytaknyga.lt\",\"description\":\"Skaitytaknyga.lt \u2013 tai ma\u017eas \u0161eimos verslas, kuris prasid\u0117jo nuo meil\u0117s knygoms ir siekio i\u0161gelb\u0117ti knygas nuo likimo prie konteinerio. Kas vienam nereikalingas daiktas \u2013 kitam lobis, o mes esame tarpininkai, kurie padeda abiems tapti laimingesniems ???? \u017dinome kaip nelengva i\u0161gyventi ma\u017eiems verslams, tad nuo \u0161iol, \u010dia rasite ir kit\u0173, ma\u017e\u0173 \u0161eim\u0173 versl\u0173, rank\u0173 darbo, dovan\u0173 sau ir artimiesiems.\",\"publisher\":{\"@id\":\"https:\\\/\\\/skaitytaknyga.lt\\\/#organization\"},\"potentialAction\":[{\"@type\":\"SearchAction\",\"target\":{\"@type\":\"EntryPoint\",\"urlTemplate\":\"https:\\\/\\\/skaitytaknyga.lt\\\/?s={search_term_string}\"},\"query-input\":{\"@type\":\"PropertyValueSpecification\",\"valueRequired\":true,\"valueName\":\"search_term_string\"}}],\"inLanguage\":\"en-GB\"},{\"@type\":\"Organization\",\"@id\":\"https:\\\/\\\/skaitytaknyga.lt\\\/#organization\",\"name\":\"skaitytaknyga.lt\",\"url\":\"https:\\\/\\\/skaitytaknyga.lt\\\/\",\"logo\":{\"@type\":\"ImageObject\",\"inLanguage\":\"en-GB\",\"@id\":\"https:\\\/\\\/skaitytaknyga.lt\\\/#\\\/schema\\\/logo\\\/image\\\/\",\"url\":\"https:\\\/\\\/skaitytaknyga.lt\\\/wp-content\\\/uploads\\\/2024\\\/05\\\/cropped-cropped-cropped-02_00843_jt3bggkj1j3HLc7SyY6rEUpg.jpeg\",\"contentUrl\":\"https:\\\/\\\/skaitytaknyga.lt\\\/wp-content\\\/uploads\\\/2024\\\/05\\\/cropped-cropped-cropped-02_00843_jt3bggkj1j3HLc7SyY6rEUpg.jpeg\",\"width\":1600,\"height\":1600,\"caption\":\"skaitytaknyga.lt\"},\"image\":{\"@id\":\"https:\\\/\\\/skaitytaknyga.lt\\\/#\\\/schema\\\/logo\\\/image\\\/\"},\"sameAs\":[\"https:\\\/\\\/www.facebook.com\\\/skaitytaknyga\\\/\"]}]}<\/script>\n<!-- \/ Yoast SEO plugin. -->","yoast_head_json":{"title":"Maxine Sullivan \u201eGeltonos Kal\u0117dos\u201c - Skaitytaknyga","description":"\u017davioji gundytoja Kija ir du turtingi vyrai... K\u0105 pasirinkti \u2013 su\u017ead\u0117tin\u012f Filip\u0105 ar jo verslo partner\u012f Brent\u0105, \u012f kurio gl\u0117b\u012f Kij\u0105 blo\u0161kia nenumaldoma aistra?.. Mergina baiminasi tapti garsaus mergi\u0161iaus auka. O Brentas isitikin\u0119s, kad Kija \u2013 gudri aferist\u0117, gebanti apvynioti aplink pir\u0161t\u0105 kiekvien\u0105 vyr\u0105. Bet ar mylin\u010dio \u017emogaus akys gali meluoti?  Ar gali b\u016bti saldesnis ker\u0161tas, kaip suvilioti skolininko \u017emon\u0105? Turtingas ir valdingas Flynas sugalvojo puik\u0173 plan\u0105 \u2013 artimiau susipa\u017einti su skolininko \u017emona Daniele Ford. Planas pavyksta, bet netrukus Flynas su\u017eino, kad Daniel\u0117 laukiasi\u2026  Austral\u0173 verslininkas Demjenas nori atker\u0161yti Gabrielei, kuri po aistringos nakties i\u0161dr\u012fso palikti j\u012f netarusi n\u0117 \u017eod\u017eio. Dabar merginai reikia Demjeno pagalbos, nes ji nori i\u0161saugoti savo \u0161eimos versl\u0105. Demjenas jai pad\u0117s, bet su s\u0105lyga \u2013 Gabriel\u0117 turi u\u017e jo i\u0161tek\u0117ti...","robots":{"index":"index","follow":"follow","max-snippet":"max-snippet:-1","max-image-preview":"max-image-preview:large","max-video-preview":"max-video-preview:-1"},"canonical":"https:\/\/skaitytaknyga.lt\/en\/produktas\/maxine-sullivan-geltonos-kaledos-2\/","og_locale":"en_GB","og_type":"article","og_title":"Maxine Sullivan \u201eGeltonos Kal\u0117dos\u201c - Skaitytaknyga","og_description":"\u017davioji gundytoja Kija ir du turtingi vyrai... K\u0105 pasirinkti \u2013 su\u017ead\u0117tin\u012f Filip\u0105 ar jo verslo partner\u012f Brent\u0105, \u012f kurio gl\u0117b\u012f Kij\u0105 blo\u0161kia nenumaldoma aistra?.. Mergina baiminasi tapti garsaus mergi\u0161iaus auka. O Brentas isitikin\u0119s, kad Kija \u2013 gudri aferist\u0117, gebanti apvynioti aplink pir\u0161t\u0105 kiekvien\u0105 vyr\u0105. Bet ar mylin\u010dio \u017emogaus akys gali meluoti?  Ar gali b\u016bti saldesnis ker\u0161tas, kaip suvilioti skolininko \u017emon\u0105? Turtingas ir valdingas Flynas sugalvojo puik\u0173 plan\u0105 \u2013 artimiau susipa\u017einti su skolininko \u017emona Daniele Ford. Planas pavyksta, bet netrukus Flynas su\u017eino, kad Daniel\u0117 laukiasi\u2026  Austral\u0173 verslininkas Demjenas nori atker\u0161yti Gabrielei, kuri po aistringos nakties i\u0161dr\u012fso palikti j\u012f netarusi n\u0117 \u017eod\u017eio. Dabar merginai reikia Demjeno pagalbos, nes ji nori i\u0161saugoti savo \u0161eimos versl\u0105. Demjenas jai pad\u0117s, bet su s\u0105lyga \u2013 Gabriel\u0117 turi u\u017e jo i\u0161tek\u0117ti...","og_url":"https:\/\/skaitytaknyga.lt\/en\/produktas\/maxine-sullivan-geltonos-kaledos-2\/","og_site_name":"Skaitytaknyga","article_publisher":"https:\/\/www.facebook.com\/skaitytaknyga\/","article_modified_time":"2024-05-04T15:03:09+00:00","og_image":[{"width":206,"height":345,"url":"https:\/\/skaitytaknyga.lt\/wp-content\/uploads\/2024\/05\/000000000002153823-59de82335e22b-asset-knyguklubas-cdb_9786094066238_geltonoskaledos_p1.jpg","type":"image\/jpeg"}],"twitter_card":"summary_large_image","twitter_misc":{"Estimated reading time":"1 minute"},"schema":{"@context":"https:\/\/schema.org","@graph":[{"@type":"WebPage","@id":"https:\/\/skaitytaknyga.lt\/produktas\/maxine-sullivan-geltonos-kaledos-2\/","url":"https:\/\/skaitytaknyga.lt\/produktas\/maxine-sullivan-geltonos-kaledos-2\/","name":"Maxine Sullivan \u201eGeltonos Kal\u0117dos\u201c - Skaitytaknyga","isPartOf":{"@id":"https:\/\/skaitytaknyga.lt\/#website"},"primaryImageOfPage":{"@id":"https:\/\/skaitytaknyga.lt\/produktas\/maxine-sullivan-geltonos-kaledos-2\/#primaryimage"},"image":{"@id":"https:\/\/skaitytaknyga.lt\/produktas\/maxine-sullivan-geltonos-kaledos-2\/#primaryimage"},"thumbnailUrl":"https:\/\/skaitytaknyga.lt\/wp-content\/uploads\/2024\/05\/000000000002153823-59de82335e22b-asset-knyguklubas-cdb_9786094066238_geltonoskaledos_p1.jpg","datePublished":"2024-05-04T15:02:55+00:00","dateModified":"2024-05-04T15:03:09+00:00","description":"\u017davioji gundytoja Kija ir du turtingi vyrai... K\u0105 pasirinkti \u2013 su\u017ead\u0117tin\u012f Filip\u0105 ar jo verslo partner\u012f Brent\u0105, \u012f kurio gl\u0117b\u012f Kij\u0105 blo\u0161kia nenumaldoma aistra?.. Mergina baiminasi tapti garsaus mergi\u0161iaus auka. O Brentas isitikin\u0119s, kad Kija \u2013 gudri aferist\u0117, gebanti apvynioti aplink pir\u0161t\u0105 kiekvien\u0105 vyr\u0105. Bet ar mylin\u010dio \u017emogaus akys gali meluoti? Ar gali b\u016bti saldesnis ker\u0161tas, kaip suvilioti skolininko \u017emon\u0105? Turtingas ir valdingas Flynas sugalvojo puik\u0173 plan\u0105 \u2013 artimiau susipa\u017einti su skolininko \u017emona Daniele Ford. Planas pavyksta, bet netrukus Flynas su\u017eino, kad Daniel\u0117 laukiasi\u2026 Austral\u0173 verslininkas Demjenas nori atker\u0161yti Gabrielei, kuri po aistringos nakties i\u0161dr\u012fso palikti j\u012f netarusi n\u0117 \u017eod\u017eio. Dabar merginai reikia Demjeno pagalbos, nes ji nori i\u0161saugoti savo \u0161eimos versl\u0105. Demjenas jai pad\u0117s, bet su s\u0105lyga \u2013 Gabriel\u0117 turi u\u017e jo i\u0161tek\u0117ti...","breadcrumb":{"@id":"https:\/\/skaitytaknyga.lt\/produktas\/maxine-sullivan-geltonos-kaledos-2\/#breadcrumb"},"inLanguage":"en-GB","potentialAction":[{"@type":"ReadAction","target":["https:\/\/skaitytaknyga.lt\/produktas\/maxine-sullivan-geltonos-kaledos-2\/"]}]},{"@type":"ImageObject","inLanguage":"en-GB","@id":"https:\/\/skaitytaknyga.lt\/produktas\/maxine-sullivan-geltonos-kaledos-2\/#primaryimage","url":"https:\/\/skaitytaknyga.lt\/wp-content\/uploads\/2024\/05\/000000000002153823-59de82335e22b-asset-knyguklubas-cdb_9786094066238_geltonoskaledos_p1.jpg","contentUrl":"https:\/\/skaitytaknyga.lt\/wp-content\/uploads\/2024\/05\/000000000002153823-59de82335e22b-asset-knyguklubas-cdb_9786094066238_geltonoskaledos_p1.jpg","width":206,"height":345},{"@type":"BreadcrumbList","@id":"https:\/\/skaitytaknyga.lt\/produktas\/maxine-sullivan-geltonos-kaledos-2\/#breadcrumb","itemListElement":[{"@type":"ListItem","position":1,"name":"Home","item":"https:\/\/skaitytaknyga.lt\/"},{"@type":"ListItem","position":2,"name":"Parduotuv\u0117","item":"https:\/\/skaitytaknyga.lt\/knygu-parduotuve\/"},{"@type":"ListItem","position":3,"name":"Maxine Sullivan \u201eGeltonos Kal\u0117dos\u201c"}]},{"@type":"WebSite","@id":"https:\/\/skaitytaknyga.lt\/#website","url":"https:\/\/skaitytaknyga.lt\/","name":"skaitytaknyga.lt","description":"Skaitytaknyga.lt \u2013 tai ma\u017eas \u0161eimos verslas, kuris prasid\u0117jo nuo meil\u0117s knygoms ir siekio i\u0161gelb\u0117ti knygas nuo likimo prie konteinerio. Kas vienam nereikalingas daiktas \u2013 kitam lobis, o mes esame tarpininkai, kurie padeda abiems tapti laimingesniems ???? \u017dinome kaip nelengva i\u0161gyventi ma\u017eiems verslams, tad nuo \u0161iol, \u010dia rasite ir kit\u0173, ma\u017e\u0173 \u0161eim\u0173 versl\u0173, rank\u0173 darbo, dovan\u0173 sau ir artimiesiems.","publisher":{"@id":"https:\/\/skaitytaknyga.lt\/#organization"},"potentialAction":[{"@type":"SearchAction","target":{"@type":"EntryPoint","urlTemplate":"https:\/\/skaitytaknyga.lt\/?s={search_term_string}"},"query-input":{"@type":"PropertyValueSpecification","valueRequired":true,"valueName":"search_term_string"}}],"inLanguage":"en-GB"},{"@type":"Organization","@id":"https:\/\/skaitytaknyga.lt\/#organization","name":"skaitytaknyga.lt","url":"https:\/\/skaitytaknyga.lt\/","logo":{"@type":"ImageObject","inLanguage":"en-GB","@id":"https:\/\/skaitytaknyga.lt\/#\/schema\/logo\/image\/","url":"https:\/\/skaitytaknyga.lt\/wp-content\/uploads\/2024\/05\/cropped-cropped-cropped-02_00843_jt3bggkj1j3HLc7SyY6rEUpg.jpeg","contentUrl":"https:\/\/skaitytaknyga.lt\/wp-content\/uploads\/2024\/05\/cropped-cropped-cropped-02_00843_jt3bggkj1j3HLc7SyY6rEUpg.jpeg","width":1600,"height":1600,"caption":"skaitytaknyga.lt"},"image":{"@id":"https:\/\/skaitytaknyga.lt\/#\/schema\/logo\/image\/"},"sameAs":["https:\/\/www.facebook.com\/skaitytaknyga\/"]}]}},"_links":{"self":[{"href":"https:\/\/skaitytaknyga.lt\/en\/wp-json\/wp\/v2\/product\/9433","targetHints":{"allow":["GET"]}}],"collection":[{"href":"https:\/\/skaitytaknyga.lt\/en\/wp-json\/wp\/v2\/product"}],"about":[{"href":"https:\/\/skaitytaknyga.lt\/en\/wp-json\/wp\/v2\/types\/product"}],"replies":[{"embeddable":true,"href":"https:\/\/skaitytaknyga.lt\/en\/wp-json\/wp\/v2\/comments?post=9433"}],"wp:featuredmedia":[{"embeddable":true,"href":"https:\/\/skaitytaknyga.lt\/en\/wp-json\/wp\/v2\/media\/6830"}],"wp:attachment":[{"href":"https:\/\/skaitytaknyga.lt\/en\/wp-json\/wp\/v2\/media?parent=9433"}],"wp:term":[{"taxonomy":"product_brand","embeddable":true,"href":"https:\/\/skaitytaknyga.lt\/en\/wp-json\/wp\/v2\/product_brand?post=9433"},{"taxonomy":"product_cat","embeddable":true,"href":"https:\/\/skaitytaknyga.lt\/en\/wp-json\/wp\/v2\/product_cat?post=9433"},{"taxonomy":"product_tag","embeddable":true,"href":"https:\/\/skaitytaknyga.lt\/en\/wp-json\/wp\/v2\/product_tag?post=9433"}],"curies":[{"name":"wp","href":"https:\/\/api.w.org\/{rel}","templated":true}]}}