{"id":9430,"date":"2024-05-04T15:02:55","date_gmt":"2024-05-04T15:02:55","guid":{"rendered":"https:\/\/skaitytaknyga.lt\/?post_type=product&#038;p=9430"},"modified":"2025-05-15T09:39:31","modified_gmt":"2025-05-15T06:39:31","slug":"julia-quinn-tu-mano-gyvenimo-saule-2","status":"publish","type":"product","link":"https:\/\/skaitytaknyga.lt\/en\/produktas\/julia-quinn-tu-mano-gyvenimo-saule-2\/","title":{"rendered":"Tu mano gyvenimo saul\u0117"},"content":{"rendered":"<p><em>Likimas m\u0117gsta pok\u0161tus: seserys Lindon, Viktorija ir Eleonora \u2013 ne itin pasiturin\u010dio pastoriaus dukros \u2013 i\u0161teka u\u017e turting\u0173 ir auk\u0161tuomen\u0117s dam\u0173 med\u017eiojam\u0173 aristokrat\u0173. Vis d\u0117lto kelyje \u012f tikr\u0105j\u0105 meil\u0119, apie kuri\u0105 svajojo, j\u0173 laukia ne vienas i\u0161bandymas.<\/em><\/p>\n<p>Kai \u010carlzas Vikomas, smarkus ir nesutramdomas grafas Bilingtonas, i\u0161dribo i\u0161 med\u017eio ir nusileido prie El\u0117s Lindon koj\u0173, niekas nesitik\u0117jo, kad tokia nevykusi pa\u017eintis gali baigtis vestuv\u0117mis. Ta\u010diau \u010carlzas iki savo trisde\u0161imtojo gimtadienio privalo susirasti \u017emon\u0105, antraip neteks palikimo. O Elei verkiant reikia i\u0161tek\u0117ti, kol neken\u010diama b\u016bsimoji pamot\u0117 pati nesurado jai jaunikio. \u010carlzas ir El\u0117 nusprend\u017eia susituokti, nors j\u0173 santuoka ir ne\u017eada rojaus ramyb\u0117s&#8230;<\/p>\n<p>El\u0117 niekada nesvajojo i\u0161tek\u0117ti u\u017e nepa\u017e\u012fstamo vyro, juo labiau u\u017e vali\u016bki\u0161kai \u017eavaus a\u0161trialie\u017euvio. Panor\u0117j\u0119s \u010carlzas sugeba kalb\u0117ti \u012ftaigiai, o elgtis \u0161velniai, ir El\u0117 susivokia pasiduodanti jo kerams. Bu\u010dinys po bu\u010dinio \u0161ie du, rodos, visai vienas kitam netinkantys \u017emon\u0117s \u012fsitikina, kad j\u0173dviej\u0173 santuoka gal\u0173 gale n\u0117ra jau tokia nepatogi&#8230; o galb\u016bt net veda \u012f meil\u0119.<\/p>\n","protected":false},"excerpt":{"rendered":"<p><em>Likimas m\u0117gsta pok\u0161tus: seserys Lindon, Viktorija ir Eleonora \u2013 ne itin pasiturin\u010dio pastoriaus dukros \u2013 i\u0161teka u\u017e turting\u0173 ir auk\u0161tuomen\u0117s dam\u0173 med\u017eiojam\u0173 aristokrat\u0173. Vis d\u0117lto kelyje \u012f tikr\u0105j\u0105 meil\u0119, apie kuri\u0105 svajojo, j\u0173 laukia ne vienas i\u0161bandymas.<\/em><\/p>\n<p>Kai \u010carlzas Vikomas, smarkus ir nesutramdomas grafas Bilingtonas, i\u0161dribo i\u0161 med\u017eio ir nusileido prie El\u0117s Lindon koj\u0173, niekas nesitik\u0117jo, kad tokia nevykusi pa\u017eintis gali baigtis vestuv\u0117mis. Ta\u010diau \u010carlzas iki savo trisde\u0161imtojo gimtadienio privalo susirasti \u017emon\u0105, antraip neteks palikimo. O Elei verkiant reikia i\u0161tek\u0117ti, kol neken\u010diama b\u016bsimoji pamot\u0117 pati nesurado jai jaunikio. \u010carlzas ir El\u0117 nusprend\u017eia susituokti, nors j\u0173 santuoka ir ne\u017eada rojaus ramyb\u0117s&#8230;<\/p>\n<p>El\u0117 niekada nesvajojo i\u0161tek\u0117ti u\u017e nepa\u017e\u012fstamo vyro, juo labiau u\u017e vali\u016bki\u0161kai \u017eavaus a\u0161trialie\u017euvio. Panor\u0117j\u0119s \u010carlzas sugeba kalb\u0117ti \u012ftaigiai, o elgtis \u0161velniai, ir El\u0117 susivokia pasiduodanti jo kerams. Bu\u010dinys po bu\u010dinio \u0161ie du, rodos, visai vienas kitam netinkantys \u017emon\u0117s \u012fsitikina, kad j\u0173dviej\u0173 santuoka gal\u0173 gale n\u0117ra jau tokia nepatogi&#8230; o galb\u016bt net veda \u012f meil\u0119.<\/p>\n","protected":false},"featured_media":6823,"comment_status":"closed","ping_status":"closed","template":"","meta":{"_acf_changed":false,"site-sidebar-layout":"default","site-content-layout":"","ast-site-content-layout":"default","site-content-style":"default","site-sidebar-style":"default","ast-global-header-display":"","ast-banner-title-visibility":"","ast-main-header-display":"","ast-hfb-above-header-display":"","ast-hfb-below-header-display":"","ast-hfb-mobile-header-display":"","site-post-title":"","ast-breadcrumbs-content":"","ast-featured-img":"","footer-sml-layout":"","ast-disable-related-posts":"","theme-transparent-header-meta":"","adv-header-id-meta":"","stick-header-meta":"","header-above-stick-meta":"","header-main-stick-meta":"","header-below-stick-meta":"","astra-migrate-meta-layouts":"default","ast-page-background-enabled":"default","ast-page-background-meta":{"desktop":{"background-color":"","background-image":"","background-repeat":"repeat","background-position":"center center","background-size":"auto","background-attachment":"scroll","background-type":"","background-media":"","overlay-type":"","overlay-color":"","overlay-opacity":"","overlay-gradient":""},"tablet":{"background-color":"","background-image":"","background-repeat":"repeat","background-position":"center center","background-size":"auto","background-attachment":"scroll","background-type":"","background-media":"","overlay-type":"","overlay-color":"","overlay-opacity":"","overlay-gradient":""},"mobile":{"background-color":"","background-image":"","background-repeat":"repeat","background-position":"center center","background-size":"auto","background-attachment":"scroll","background-type":"","background-media":"","overlay-type":"","overlay-color":"","overlay-opacity":"","overlay-gradient":""}},"ast-content-background-meta":{"desktop":{"background-color":"var(--ast-global-color-4)","background-image":"","background-repeat":"repeat","background-position":"center center","background-size":"auto","background-attachment":"scroll","background-type":"","background-media":"","overlay-type":"","overlay-color":"","overlay-opacity":"","overlay-gradient":""},"tablet":{"background-color":"var(--ast-global-color-4)","background-image":"","background-repeat":"repeat","background-position":"center center","background-size":"auto","background-attachment":"scroll","background-type":"","background-media":"","overlay-type":"","overlay-color":"","overlay-opacity":"","overlay-gradient":""},"mobile":{"background-color":"var(--ast-global-color-4)","background-image":"","background-repeat":"repeat","background-position":"center center","background-size":"auto","background-attachment":"scroll","background-type":"","background-media":"","overlay-type":"","overlay-color":"","overlay-opacity":"","overlay-gradient":""}}},"product_brand":[],"product_cat":[31],"product_tag":[2775,1198,2773,1796,2776,2774,2088],"class_list":{"0":"post-9430","1":"product","2":"type-product","3":"status-publish","4":"has-post-thumbnail","6":"product_cat-grozine-literatura","7":"product_tag-aristokratija","8":"product_tag-istoriniai-romanai","9":"product_tag-julia-quinn","10":"product_tag-meile","11":"product_tag-regency-laikotarpis","12":"product_tag-romantiska-drama","13":"product_tag-seimos-paslaptys","14":"desktop-align-left","15":"tablet-align-left","16":"mobile-align-left","18":"first","19":"outofstock","20":"shipping-taxable","21":"purchasable","22":"product-type-simple"},"acf":[],"yoast_head":"<!-- This site is optimized with the Yoast SEO plugin v27.0 - https:\/\/yoast.com\/product\/yoast-seo-wordpress\/ -->\n<title>Tu mano gyvenimo saul\u0117<\/title>\n<meta name=\"description\" content=\"Likimas m\u0117gsta pok\u0161tus: seserys Lindon, Viktorija ir Eleonora \u2013 ne itin pasiturin\u010dio pastoriaus dukros \u2013 i\u0161teka u\u017e turting\u0173 ir auk\u0161tuomen\u0117s dam\u0173 med\u017eiojam\u0173 aristokrat\u0173. Vis d\u0117lto kelyje \u012f tikr\u0105j\u0105 meil\u0119, apie kuri\u0105 svajojo, j\u0173 laukia ne vienas i\u0161bandymas.  Kai \u010carlzas Vikomas, smarkus ir nesutramdomas grafas Bilingtonas, i\u0161dribo i\u0161 med\u017eio ir nusileido prie El\u0117s Lindon koj\u0173, niekas nesitik\u0117jo, kad tokia nevykusi pa\u017eintis gali baigtis vestuv\u0117mis. Ta\u010diau \u010carlzas iki savo trisde\u0161imtojo gimtadienio privalo susirasti \u017emon\u0105, antraip neteks palikimo. O Elei verkiant reikia i\u0161tek\u0117ti, kol neken\u010diama b\u016bsimoji pamot\u0117 pati nesurado jai jaunikio. \u010carlzas ir El\u0117 nusprend\u017eia susituokti, nors j\u0173 santuoka ir ne\u017eada rojaus ramyb\u0117s...  El\u0117 niekada nesvajojo i\u0161tek\u0117ti u\u017e nepa\u017e\u012fstamo vyro, juo labiau u\u017e vali\u016bki\u0161kai \u017eavaus a\u0161trialie\u017euvio. Panor\u0117j\u0119s \u010carlzas sugeba kalb\u0117ti \u012ftaigiai, o elgtis \u0161velniai, ir El\u0117 susivokia pasiduodanti jo kerams. Bu\u010dinys po bu\u010dinio \u0161ie du, rodos, visai vienas kitam netinkantys \u017emon\u0117s \u012fsitikina, kad j\u0173dviej\u0173 santuoka gal\u0173 gale n\u0117ra jau tokia nepatogi... o galb\u016bt net veda \u012f meil\u0119.\" \/>\n<meta name=\"robots\" content=\"index, follow, max-snippet:-1, max-image-preview:large, max-video-preview:-1\" \/>\n<link rel=\"canonical\" href=\"https:\/\/skaitytaknyga.lt\/en\/produktas\/julia-quinn-tu-mano-gyvenimo-saule-2\/\" \/>\n<meta property=\"og:locale\" content=\"en_GB\" \/>\n<meta property=\"og:locale:alternate\" content=\"lt_LT\" \/>\n<meta property=\"og:type\" content=\"article\" \/>\n<meta property=\"og:title\" content=\"Tu mano gyvenimo saul\u0117\" \/>\n<meta property=\"og:description\" content=\"Likimas m\u0117gsta pok\u0161tus: seserys Lindon, Viktorija ir Eleonora \u2013 ne itin pasiturin\u010dio pastoriaus dukros \u2013 i\u0161teka u\u017e turting\u0173 ir auk\u0161tuomen\u0117s dam\u0173 med\u017eiojam\u0173 aristokrat\u0173. Vis d\u0117lto kelyje \u012f tikr\u0105j\u0105 meil\u0119, apie kuri\u0105 svajojo, j\u0173 laukia ne vienas i\u0161bandymas.  Kai \u010carlzas Vikomas, smarkus ir nesutramdomas grafas Bilingtonas, i\u0161dribo i\u0161 med\u017eio ir nusileido prie El\u0117s Lindon koj\u0173, niekas nesitik\u0117jo, kad tokia nevykusi pa\u017eintis gali baigtis vestuv\u0117mis. Ta\u010diau \u010carlzas iki savo trisde\u0161imtojo gimtadienio privalo susirasti \u017emon\u0105, antraip neteks palikimo. O Elei verkiant reikia i\u0161tek\u0117ti, kol neken\u010diama b\u016bsimoji pamot\u0117 pati nesurado jai jaunikio. \u010carlzas ir El\u0117 nusprend\u017eia susituokti, nors j\u0173 santuoka ir ne\u017eada rojaus ramyb\u0117s...  El\u0117 niekada nesvajojo i\u0161tek\u0117ti u\u017e nepa\u017e\u012fstamo vyro, juo labiau u\u017e vali\u016bki\u0161kai \u017eavaus a\u0161trialie\u017euvio. Panor\u0117j\u0119s \u010carlzas sugeba kalb\u0117ti \u012ftaigiai, o elgtis \u0161velniai, ir El\u0117 susivokia pasiduodanti jo kerams. Bu\u010dinys po bu\u010dinio \u0161ie du, rodos, visai vienas kitam netinkantys \u017emon\u0117s \u012fsitikina, kad j\u0173dviej\u0173 santuoka gal\u0173 gale n\u0117ra jau tokia nepatogi... o galb\u016bt net veda \u012f meil\u0119.\" \/>\n<meta property=\"og:url\" content=\"https:\/\/skaitytaknyga.lt\/en\/produktas\/julia-quinn-tu-mano-gyvenimo-saule-2\/\" \/>\n<meta property=\"og:site_name\" content=\"Skaitytaknyga\" \/>\n<meta property=\"article:publisher\" content=\"https:\/\/www.facebook.com\/skaitytaknyga\/\" \/>\n<meta property=\"article:modified_time\" content=\"2025-05-15T06:39:31+00:00\" \/>\n<meta property=\"og:image\" content=\"https:\/\/skaitytaknyga.lt\/wp-content\/uploads\/2024\/05\/julia-quinn-tu-mano-gyvenimo-saule-2-knyga-1.jpg\" \/>\n\t<meta property=\"og:image:width\" content=\"318\" \/>\n\t<meta property=\"og:image:height\" content=\"424\" \/>\n\t<meta property=\"og:image:type\" content=\"image\/jpeg\" \/>\n<meta name=\"twitter:card\" content=\"summary_large_image\" \/>\n<meta name=\"twitter:label1\" content=\"Estimated reading time\" \/>\n\t<meta name=\"twitter:data1\" content=\"1 minute\" \/>\n<script type=\"application\/ld+json\" class=\"yoast-schema-graph\">{\"@context\":\"https:\/\/schema.org\",\"@graph\":[{\"@type\":\"WebPage\",\"@id\":\"https:\/\/skaitytaknyga.lt\/produktas\/julia-quinn-tu-mano-gyvenimo-saule-2\/\",\"url\":\"https:\/\/skaitytaknyga.lt\/produktas\/julia-quinn-tu-mano-gyvenimo-saule-2\/\",\"name\":\"Tu mano gyvenimo saul\u0117\",\"isPartOf\":{\"@id\":\"https:\/\/skaitytaknyga.lt\/#website\"},\"primaryImageOfPage\":{\"@id\":\"https:\/\/skaitytaknyga.lt\/produktas\/julia-quinn-tu-mano-gyvenimo-saule-2\/#primaryimage\"},\"image\":{\"@id\":\"https:\/\/skaitytaknyga.lt\/produktas\/julia-quinn-tu-mano-gyvenimo-saule-2\/#primaryimage\"},\"thumbnailUrl\":\"https:\/\/skaitytaknyga.lt\/wp-content\/uploads\/2024\/05\/julia-quinn-tu-mano-gyvenimo-saule-2-knyga-1.jpg\",\"datePublished\":\"2024-05-04T15:02:55+00:00\",\"dateModified\":\"2025-05-15T06:39:31+00:00\",\"description\":\"Likimas m\u0117gsta pok\u0161tus: seserys Lindon, Viktorija ir Eleonora \u2013 ne itin pasiturin\u010dio pastoriaus dukros \u2013 i\u0161teka u\u017e turting\u0173 ir auk\u0161tuomen\u0117s dam\u0173 med\u017eiojam\u0173 aristokrat\u0173. Vis d\u0117lto kelyje \u012f tikr\u0105j\u0105 meil\u0119, apie kuri\u0105 svajojo, j\u0173 laukia ne vienas i\u0161bandymas. Kai \u010carlzas Vikomas, smarkus ir nesutramdomas grafas Bilingtonas, i\u0161dribo i\u0161 med\u017eio ir nusileido prie El\u0117s Lindon koj\u0173, niekas nesitik\u0117jo, kad tokia nevykusi pa\u017eintis gali baigtis vestuv\u0117mis. Ta\u010diau \u010carlzas iki savo trisde\u0161imtojo gimtadienio privalo susirasti \u017emon\u0105, antraip neteks palikimo. O Elei verkiant reikia i\u0161tek\u0117ti, kol neken\u010diama b\u016bsimoji pamot\u0117 pati nesurado jai jaunikio. \u010carlzas ir El\u0117 nusprend\u017eia susituokti, nors j\u0173 santuoka ir ne\u017eada rojaus ramyb\u0117s... El\u0117 niekada nesvajojo i\u0161tek\u0117ti u\u017e nepa\u017e\u012fstamo vyro, juo labiau u\u017e vali\u016bki\u0161kai \u017eavaus a\u0161trialie\u017euvio. Panor\u0117j\u0119s \u010carlzas sugeba kalb\u0117ti \u012ftaigiai, o elgtis \u0161velniai, ir El\u0117 susivokia pasiduodanti jo kerams. Bu\u010dinys po bu\u010dinio \u0161ie du, rodos, visai vienas kitam netinkantys \u017emon\u0117s \u012fsitikina, kad j\u0173dviej\u0173 santuoka gal\u0173 gale n\u0117ra jau tokia nepatogi... o galb\u016bt net veda \u012f meil\u0119.\",\"breadcrumb\":{\"@id\":\"https:\/\/skaitytaknyga.lt\/produktas\/julia-quinn-tu-mano-gyvenimo-saule-2\/#breadcrumb\"},\"inLanguage\":\"en-GB\",\"potentialAction\":[{\"@type\":\"ReadAction\",\"target\":[\"https:\/\/skaitytaknyga.lt\/produktas\/julia-quinn-tu-mano-gyvenimo-saule-2\/\"]}]},{\"@type\":\"ImageObject\",\"inLanguage\":\"en-GB\",\"@id\":\"https:\/\/skaitytaknyga.lt\/produktas\/julia-quinn-tu-mano-gyvenimo-saule-2\/#primaryimage\",\"url\":\"https:\/\/skaitytaknyga.lt\/wp-content\/uploads\/2024\/05\/julia-quinn-tu-mano-gyvenimo-saule-2-knyga-1.jpg\",\"contentUrl\":\"https:\/\/skaitytaknyga.lt\/wp-content\/uploads\/2024\/05\/julia-quinn-tu-mano-gyvenimo-saule-2-knyga-1.jpg\",\"width\":318,\"height\":424},{\"@type\":\"BreadcrumbList\",\"@id\":\"https:\/\/skaitytaknyga.lt\/produktas\/julia-quinn-tu-mano-gyvenimo-saule-2\/#breadcrumb\",\"itemListElement\":[{\"@type\":\"ListItem\",\"position\":1,\"name\":\"Home\",\"item\":\"https:\/\/skaitytaknyga.lt\/\"},{\"@type\":\"ListItem\",\"position\":2,\"name\":\"Parduotuv\u0117\",\"item\":\"https:\/\/skaitytaknyga.lt\/knygu-parduotuve\/\"},{\"@type\":\"ListItem\",\"position\":3,\"name\":\"Tu mano gyvenimo saul\u0117\"}]},{\"@type\":\"WebSite\",\"@id\":\"https:\/\/skaitytaknyga.lt\/#website\",\"url\":\"https:\/\/skaitytaknyga.lt\/\",\"name\":\"skaitytaknyga.lt\",\"description\":\"Skaitytaknyga.lt \u2013 tai ma\u017eas \u0161eimos verslas, kuris prasid\u0117jo nuo meil\u0117s knygoms ir siekio i\u0161gelb\u0117ti knygas nuo likimo prie konteinerio. Kas vienam nereikalingas daiktas \u2013 kitam lobis, o mes esame tarpininkai, kurie padeda abiems tapti laimingesniems ???? \u017dinome kaip nelengva i\u0161gyventi ma\u017eiems verslams, tad nuo \u0161iol, \u010dia rasite ir kit\u0173, ma\u017e\u0173 \u0161eim\u0173 versl\u0173, rank\u0173 darbo, dovan\u0173 sau ir artimiesiems.\",\"publisher\":{\"@id\":\"https:\/\/skaitytaknyga.lt\/#organization\"},\"potentialAction\":[{\"@type\":\"SearchAction\",\"target\":{\"@type\":\"EntryPoint\",\"urlTemplate\":\"https:\/\/skaitytaknyga.lt\/?s={search_term_string}\"},\"query-input\":{\"@type\":\"PropertyValueSpecification\",\"valueRequired\":true,\"valueName\":\"search_term_string\"}}],\"inLanguage\":\"en-GB\"},{\"@type\":\"Organization\",\"@id\":\"https:\/\/skaitytaknyga.lt\/#organization\",\"name\":\"skaitytaknyga.lt\",\"url\":\"https:\/\/skaitytaknyga.lt\/\",\"logo\":{\"@type\":\"ImageObject\",\"inLanguage\":\"en-GB\",\"@id\":\"https:\/\/skaitytaknyga.lt\/#\/schema\/logo\/image\/\",\"url\":\"https:\/\/skaitytaknyga.lt\/wp-content\/uploads\/2024\/05\/cropped-cropped-cropped-02_00843_jt3bggkj1j3HLc7SyY6rEUpg.jpeg\",\"contentUrl\":\"https:\/\/skaitytaknyga.lt\/wp-content\/uploads\/2024\/05\/cropped-cropped-cropped-02_00843_jt3bggkj1j3HLc7SyY6rEUpg.jpeg\",\"width\":1600,\"height\":1600,\"caption\":\"skaitytaknyga.lt\"},\"image\":{\"@id\":\"https:\/\/skaitytaknyga.lt\/#\/schema\/logo\/image\/\"},\"sameAs\":[\"https:\/\/www.facebook.com\/skaitytaknyga\/\"]}]}<\/script>\n<!-- \/ Yoast SEO plugin. -->","yoast_head_json":{"title":"Tu mano gyvenimo saul\u0117","description":"Likimas m\u0117gsta pok\u0161tus: seserys Lindon, Viktorija ir Eleonora \u2013 ne itin pasiturin\u010dio pastoriaus dukros \u2013 i\u0161teka u\u017e turting\u0173 ir auk\u0161tuomen\u0117s dam\u0173 med\u017eiojam\u0173 aristokrat\u0173. Vis d\u0117lto kelyje \u012f tikr\u0105j\u0105 meil\u0119, apie kuri\u0105 svajojo, j\u0173 laukia ne vienas i\u0161bandymas.  Kai \u010carlzas Vikomas, smarkus ir nesutramdomas grafas Bilingtonas, i\u0161dribo i\u0161 med\u017eio ir nusileido prie El\u0117s Lindon koj\u0173, niekas nesitik\u0117jo, kad tokia nevykusi pa\u017eintis gali baigtis vestuv\u0117mis. Ta\u010diau \u010carlzas iki savo trisde\u0161imtojo gimtadienio privalo susirasti \u017emon\u0105, antraip neteks palikimo. O Elei verkiant reikia i\u0161tek\u0117ti, kol neken\u010diama b\u016bsimoji pamot\u0117 pati nesurado jai jaunikio. \u010carlzas ir El\u0117 nusprend\u017eia susituokti, nors j\u0173 santuoka ir ne\u017eada rojaus ramyb\u0117s...  El\u0117 niekada nesvajojo i\u0161tek\u0117ti u\u017e nepa\u017e\u012fstamo vyro, juo labiau u\u017e vali\u016bki\u0161kai \u017eavaus a\u0161trialie\u017euvio. Panor\u0117j\u0119s \u010carlzas sugeba kalb\u0117ti \u012ftaigiai, o elgtis \u0161velniai, ir El\u0117 susivokia pasiduodanti jo kerams. Bu\u010dinys po bu\u010dinio \u0161ie du, rodos, visai vienas kitam netinkantys \u017emon\u0117s \u012fsitikina, kad j\u0173dviej\u0173 santuoka gal\u0173 gale n\u0117ra jau tokia nepatogi... o galb\u016bt net veda \u012f meil\u0119.","robots":{"index":"index","follow":"follow","max-snippet":"max-snippet:-1","max-image-preview":"max-image-preview:large","max-video-preview":"max-video-preview:-1"},"canonical":"https:\/\/skaitytaknyga.lt\/en\/produktas\/julia-quinn-tu-mano-gyvenimo-saule-2\/","og_locale":"en_GB","og_type":"article","og_title":"[:lt]Tu mano gyvenimo saul\u0117[:] - Skaitytaknyga","og_description":"Likimas m\u0117gsta pok\u0161tus: seserys Lindon, Viktorija ir Eleonora \u2013 ne itin pasiturin\u010dio pastoriaus dukros \u2013 i\u0161teka u\u017e turting\u0173 ir auk\u0161tuomen\u0117s dam\u0173 med\u017eiojam\u0173 aristokrat\u0173. Vis d\u0117lto kelyje \u012f tikr\u0105j\u0105 meil\u0119, apie kuri\u0105 svajojo, j\u0173 laukia ne vienas i\u0161bandymas.  Kai \u010carlzas Vikomas, smarkus ir nesutramdomas grafas Bilingtonas, i\u0161dribo i\u0161 med\u017eio ir nusileido prie El\u0117s Lindon koj\u0173, niekas nesitik\u0117jo, kad tokia nevykusi pa\u017eintis gali baigtis vestuv\u0117mis. Ta\u010diau \u010carlzas iki savo trisde\u0161imtojo gimtadienio privalo susirasti \u017emon\u0105, antraip neteks palikimo. O Elei verkiant reikia i\u0161tek\u0117ti, kol neken\u010diama b\u016bsimoji pamot\u0117 pati nesurado jai jaunikio. \u010carlzas ir El\u0117 nusprend\u017eia susituokti, nors j\u0173 santuoka ir ne\u017eada rojaus ramyb\u0117s...  El\u0117 niekada nesvajojo i\u0161tek\u0117ti u\u017e nepa\u017e\u012fstamo vyro, juo labiau u\u017e vali\u016bki\u0161kai \u017eavaus a\u0161trialie\u017euvio. Panor\u0117j\u0119s \u010carlzas sugeba kalb\u0117ti \u012ftaigiai, o elgtis \u0161velniai, ir El\u0117 susivokia pasiduodanti jo kerams. Bu\u010dinys po bu\u010dinio \u0161ie du, rodos, visai vienas kitam netinkantys \u017emon\u0117s \u012fsitikina, kad j\u0173dviej\u0173 santuoka gal\u0173 gale n\u0117ra jau tokia nepatogi... o galb\u016bt net veda \u012f meil\u0119.","og_url":"https:\/\/skaitytaknyga.lt\/en\/produktas\/julia-quinn-tu-mano-gyvenimo-saule-2\/","og_site_name":"Skaitytaknyga","article_publisher":"https:\/\/www.facebook.com\/skaitytaknyga\/","article_modified_time":"2025-05-15T06:39:31+00:00","og_image":[{"width":318,"height":424,"url":"https:\/\/skaitytaknyga.lt\/wp-content\/uploads\/2024\/05\/julia-quinn-tu-mano-gyvenimo-saule-2-knyga-1.jpg","type":"image\/jpeg"}],"twitter_card":"summary_large_image","twitter_misc":{"Estimated reading time":"1 minute"},"schema":{"@context":"https:\/\/schema.org","@graph":[{"@type":"WebPage","@id":"https:\/\/skaitytaknyga.lt\/produktas\/julia-quinn-tu-mano-gyvenimo-saule-2\/","url":"https:\/\/skaitytaknyga.lt\/produktas\/julia-quinn-tu-mano-gyvenimo-saule-2\/","name":"Tu mano gyvenimo saul\u0117","isPartOf":{"@id":"https:\/\/skaitytaknyga.lt\/#website"},"primaryImageOfPage":{"@id":"https:\/\/skaitytaknyga.lt\/produktas\/julia-quinn-tu-mano-gyvenimo-saule-2\/#primaryimage"},"image":{"@id":"https:\/\/skaitytaknyga.lt\/produktas\/julia-quinn-tu-mano-gyvenimo-saule-2\/#primaryimage"},"thumbnailUrl":"https:\/\/skaitytaknyga.lt\/wp-content\/uploads\/2024\/05\/julia-quinn-tu-mano-gyvenimo-saule-2-knyga-1.jpg","datePublished":"2024-05-04T15:02:55+00:00","dateModified":"2025-05-15T06:39:31+00:00","description":"Likimas m\u0117gsta pok\u0161tus: seserys Lindon, Viktorija ir Eleonora \u2013 ne itin pasiturin\u010dio pastoriaus dukros \u2013 i\u0161teka u\u017e turting\u0173 ir auk\u0161tuomen\u0117s dam\u0173 med\u017eiojam\u0173 aristokrat\u0173. Vis d\u0117lto kelyje \u012f tikr\u0105j\u0105 meil\u0119, apie kuri\u0105 svajojo, j\u0173 laukia ne vienas i\u0161bandymas. Kai \u010carlzas Vikomas, smarkus ir nesutramdomas grafas Bilingtonas, i\u0161dribo i\u0161 med\u017eio ir nusileido prie El\u0117s Lindon koj\u0173, niekas nesitik\u0117jo, kad tokia nevykusi pa\u017eintis gali baigtis vestuv\u0117mis. Ta\u010diau \u010carlzas iki savo trisde\u0161imtojo gimtadienio privalo susirasti \u017emon\u0105, antraip neteks palikimo. O Elei verkiant reikia i\u0161tek\u0117ti, kol neken\u010diama b\u016bsimoji pamot\u0117 pati nesurado jai jaunikio. \u010carlzas ir El\u0117 nusprend\u017eia susituokti, nors j\u0173 santuoka ir ne\u017eada rojaus ramyb\u0117s... El\u0117 niekada nesvajojo i\u0161tek\u0117ti u\u017e nepa\u017e\u012fstamo vyro, juo labiau u\u017e vali\u016bki\u0161kai \u017eavaus a\u0161trialie\u017euvio. Panor\u0117j\u0119s \u010carlzas sugeba kalb\u0117ti \u012ftaigiai, o elgtis \u0161velniai, ir El\u0117 susivokia pasiduodanti jo kerams. Bu\u010dinys po bu\u010dinio \u0161ie du, rodos, visai vienas kitam netinkantys \u017emon\u0117s \u012fsitikina, kad j\u0173dviej\u0173 santuoka gal\u0173 gale n\u0117ra jau tokia nepatogi... o galb\u016bt net veda \u012f meil\u0119.","breadcrumb":{"@id":"https:\/\/skaitytaknyga.lt\/produktas\/julia-quinn-tu-mano-gyvenimo-saule-2\/#breadcrumb"},"inLanguage":"en-GB","potentialAction":[{"@type":"ReadAction","target":["https:\/\/skaitytaknyga.lt\/produktas\/julia-quinn-tu-mano-gyvenimo-saule-2\/"]}]},{"@type":"ImageObject","inLanguage":"en-GB","@id":"https:\/\/skaitytaknyga.lt\/produktas\/julia-quinn-tu-mano-gyvenimo-saule-2\/#primaryimage","url":"https:\/\/skaitytaknyga.lt\/wp-content\/uploads\/2024\/05\/julia-quinn-tu-mano-gyvenimo-saule-2-knyga-1.jpg","contentUrl":"https:\/\/skaitytaknyga.lt\/wp-content\/uploads\/2024\/05\/julia-quinn-tu-mano-gyvenimo-saule-2-knyga-1.jpg","width":318,"height":424},{"@type":"BreadcrumbList","@id":"https:\/\/skaitytaknyga.lt\/produktas\/julia-quinn-tu-mano-gyvenimo-saule-2\/#breadcrumb","itemListElement":[{"@type":"ListItem","position":1,"name":"Home","item":"https:\/\/skaitytaknyga.lt\/"},{"@type":"ListItem","position":2,"name":"Parduotuv\u0117","item":"https:\/\/skaitytaknyga.lt\/knygu-parduotuve\/"},{"@type":"ListItem","position":3,"name":"Tu mano gyvenimo saul\u0117"}]},{"@type":"WebSite","@id":"https:\/\/skaitytaknyga.lt\/#website","url":"https:\/\/skaitytaknyga.lt\/","name":"skaitytaknyga.lt","description":"Skaitytaknyga.lt \u2013 tai ma\u017eas \u0161eimos verslas, kuris prasid\u0117jo nuo meil\u0117s knygoms ir siekio i\u0161gelb\u0117ti knygas nuo likimo prie konteinerio. Kas vienam nereikalingas daiktas \u2013 kitam lobis, o mes esame tarpininkai, kurie padeda abiems tapti laimingesniems ???? \u017dinome kaip nelengva i\u0161gyventi ma\u017eiems verslams, tad nuo \u0161iol, \u010dia rasite ir kit\u0173, ma\u017e\u0173 \u0161eim\u0173 versl\u0173, rank\u0173 darbo, dovan\u0173 sau ir artimiesiems.","publisher":{"@id":"https:\/\/skaitytaknyga.lt\/#organization"},"potentialAction":[{"@type":"SearchAction","target":{"@type":"EntryPoint","urlTemplate":"https:\/\/skaitytaknyga.lt\/?s={search_term_string}"},"query-input":{"@type":"PropertyValueSpecification","valueRequired":true,"valueName":"search_term_string"}}],"inLanguage":"en-GB"},{"@type":"Organization","@id":"https:\/\/skaitytaknyga.lt\/#organization","name":"skaitytaknyga.lt","url":"https:\/\/skaitytaknyga.lt\/","logo":{"@type":"ImageObject","inLanguage":"en-GB","@id":"https:\/\/skaitytaknyga.lt\/#\/schema\/logo\/image\/","url":"https:\/\/skaitytaknyga.lt\/wp-content\/uploads\/2024\/05\/cropped-cropped-cropped-02_00843_jt3bggkj1j3HLc7SyY6rEUpg.jpeg","contentUrl":"https:\/\/skaitytaknyga.lt\/wp-content\/uploads\/2024\/05\/cropped-cropped-cropped-02_00843_jt3bggkj1j3HLc7SyY6rEUpg.jpeg","width":1600,"height":1600,"caption":"skaitytaknyga.lt"},"image":{"@id":"https:\/\/skaitytaknyga.lt\/#\/schema\/logo\/image\/"},"sameAs":["https:\/\/www.facebook.com\/skaitytaknyga\/"]}]}},"_links":{"self":[{"href":"https:\/\/skaitytaknyga.lt\/en\/wp-json\/wp\/v2\/product\/9430","targetHints":{"allow":["GET"]}}],"collection":[{"href":"https:\/\/skaitytaknyga.lt\/en\/wp-json\/wp\/v2\/product"}],"about":[{"href":"https:\/\/skaitytaknyga.lt\/en\/wp-json\/wp\/v2\/types\/product"}],"replies":[{"embeddable":true,"href":"https:\/\/skaitytaknyga.lt\/en\/wp-json\/wp\/v2\/comments?post=9430"}],"wp:featuredmedia":[{"embeddable":true,"href":"https:\/\/skaitytaknyga.lt\/en\/wp-json\/wp\/v2\/media\/6823"}],"wp:attachment":[{"href":"https:\/\/skaitytaknyga.lt\/en\/wp-json\/wp\/v2\/media?parent=9430"}],"wp:term":[{"taxonomy":"product_brand","embeddable":true,"href":"https:\/\/skaitytaknyga.lt\/en\/wp-json\/wp\/v2\/product_brand?post=9430"},{"taxonomy":"product_cat","embeddable":true,"href":"https:\/\/skaitytaknyga.lt\/en\/wp-json\/wp\/v2\/product_cat?post=9430"},{"taxonomy":"product_tag","embeddable":true,"href":"https:\/\/skaitytaknyga.lt\/en\/wp-json\/wp\/v2\/product_tag?post=9430"}],"curies":[{"name":"wp","href":"https:\/\/api.w.org\/{rel}","templated":true}]}}