{"id":9421,"date":"2024-05-04T15:02:34","date_gmt":"2024-05-04T15:02:34","guid":{"rendered":"https:\/\/skaitytaknyga.lt\/?post_type=product&#038;p=9421"},"modified":"2025-09-27T19:24:58","modified_gmt":"2025-09-27T16:24:58","slug":"umberto-eco-tobulos-kalbos-paieskos-europos-kulturoje-2","status":"publish","type":"product","link":"https:\/\/skaitytaknyga.lt\/en\/produktas\/umberto-eco-tobulos-kalbos-paieskos-europos-kulturoje-2\/","title":{"rendered":"Tobulos kalbos paie\u0161kos Europos kult\u016broje"},"content":{"rendered":"<div class=\"book-descript-wrapper\">\n<section class=\"product-descript more-content-wrapper\">\n<div class=\"\">\n<p>Umberto Eco \u2013 ital\u0173 mokslininkas, semiotikas, meno teoretikas. Id\u0117ja, kad kadaise buvo kalba, tobulai, nedviprasmi\u0161kai i\u0161rei\u0161kianti vis\u0173 daikt\u0173 bei s\u0105vok\u0173 esm\u0119, persekioja \u017emonij\u0105 nuo seniausi\u0173 laik\u0173. Garsus ital\u0173 filosofas ir ra\u0161ytojas Umberto Eco \u0161ioje daug apr\u0117pian\u010dioje knygoje ap\u017evelgia beveik du t\u016bkstantme\u010dius besit\u0119sian\u010dias Europos kult\u016bros pastangas atgauti, kas prarasta, arba sukurti nauj\u0105, tobul\u0105, visiems suprantam\u0105 kalb\u0105. Jis pasitelkia pa\u010dius \u012fvairiausius kult\u016bros \u0161altinius: paslaptingus kabalos ir magijos traktatus, viduram\u017ei\u0173 teolog\u0173 mokymus, Dante\u2019s, Descartes\u2019o ir kit\u0173 k\u016bryb\u0105, \u0160vietimo epochos projektus, nauj\u0105sias dirbtines kalbas ir daug kit\u0173. Patraukli, gyva knygos kalba skland\u017eiai perteikia pa\u010dias sud\u0117tingiausias problemas, i\u0161skleisdama prie\u0161 mus pla\u010di\u0105 id\u0117j\u0173 pasaulio panoram\u0105.<\/p>\n<\/div>\n<\/section>\n<\/div>\n","protected":false},"excerpt":{"rendered":"<div class=\"book-descript-wrapper\">\n<section class=\"product-descript more-content-wrapper\">\n<div class=\"\">\n<p>Umberto Eco \u2013 ital\u0173 mokslininkas, semiotikas, meno teoretikas. Id\u0117ja, kad kadaise buvo kalba, tobulai, nedviprasmi\u0161kai i\u0161rei\u0161kianti vis\u0173 daikt\u0173 bei s\u0105vok\u0173 esm\u0119, persekioja \u017emonij\u0105 nuo seniausi\u0173 laik\u0173. Garsus ital\u0173 filosofas ir ra\u0161ytojas Umberto Eco \u0161ioje daug apr\u0117pian\u010dioje knygoje ap\u017evelgia beveik du t\u016bkstantme\u010dius besit\u0119sian\u010dias Europos kult\u016bros pastangas atgauti, kas prarasta, arba sukurti nauj\u0105, tobul\u0105, visiems suprantam\u0105 kalb\u0105. Jis pasitelkia pa\u010dius \u012fvairiausius kult\u016bros \u0161altinius: paslaptingus kabalos ir magijos traktatus, viduram\u017ei\u0173 teolog\u0173 mokymus, Dante\u2019s, Descartes\u2019o ir kit\u0173 k\u016bryb\u0105, \u0160vietimo epochos projektus, nauj\u0105sias dirbtines kalbas ir daug kit\u0173. Patraukli, gyva knygos kalba skland\u017eiai perteikia pa\u010dias sud\u0117tingiausias problemas, i\u0161skleisdama prie\u0161 mus pla\u010di\u0105 id\u0117j\u0173 pasaulio panoram\u0105.<\/p>\n<\/div>\n<\/section>\n<\/div>\n","protected":false},"featured_media":21009,"comment_status":"closed","ping_status":"closed","template":"","meta":{"_acf_changed":false,"site-sidebar-layout":"default","site-content-layout":"","ast-site-content-layout":"default","site-content-style":"default","site-sidebar-style":"default","ast-global-header-display":"","ast-banner-title-visibility":"","ast-main-header-display":"","ast-hfb-above-header-display":"","ast-hfb-below-header-display":"","ast-hfb-mobile-header-display":"","site-post-title":"","ast-breadcrumbs-content":"","ast-featured-img":"","footer-sml-layout":"","ast-disable-related-posts":"","theme-transparent-header-meta":"","adv-header-id-meta":"","stick-header-meta":"","header-above-stick-meta":"","header-main-stick-meta":"","header-below-stick-meta":"","astra-migrate-meta-layouts":"default","ast-page-background-enabled":"default","ast-page-background-meta":{"desktop":{"background-color":"","background-image":"","background-repeat":"repeat","background-position":"center center","background-size":"auto","background-attachment":"scroll","background-type":"","background-media":"","overlay-type":"","overlay-color":"","overlay-opacity":"","overlay-gradient":""},"tablet":{"background-color":"","background-image":"","background-repeat":"repeat","background-position":"center center","background-size":"auto","background-attachment":"scroll","background-type":"","background-media":"","overlay-type":"","overlay-color":"","overlay-opacity":"","overlay-gradient":""},"mobile":{"background-color":"","background-image":"","background-repeat":"repeat","background-position":"center center","background-size":"auto","background-attachment":"scroll","background-type":"","background-media":"","overlay-type":"","overlay-color":"","overlay-opacity":"","overlay-gradient":""}},"ast-content-background-meta":{"desktop":{"background-color":"var(--ast-global-color-4)","background-image":"","background-repeat":"repeat","background-position":"center center","background-size":"auto","background-attachment":"scroll","background-type":"","background-media":"","overlay-type":"","overlay-color":"","overlay-opacity":"","overlay-gradient":""},"tablet":{"background-color":"var(--ast-global-color-4)","background-image":"","background-repeat":"repeat","background-position":"center center","background-size":"auto","background-attachment":"scroll","background-type":"","background-media":"","overlay-type":"","overlay-color":"","overlay-opacity":"","overlay-gradient":""},"mobile":{"background-color":"var(--ast-global-color-4)","background-image":"","background-repeat":"repeat","background-position":"center center","background-size":"auto","background-attachment":"scroll","background-type":"","background-media":"","overlay-type":"","overlay-color":"","overlay-opacity":"","overlay-gradient":""}}},"product_brand":[],"product_cat":[174,390],"product_tag":[1466,1467,1465,1469,1468,1464,1463,1470],"class_list":{"0":"post-9421","1":"product","2":"type-product","3":"status-publish","4":"has-post-thumbnail","6":"product_cat-istorija-ir-politologija","7":"product_cat-kalba-kalbotyra-zodynai","8":"product_tag-europos-kultura","9":"product_tag-filosofija","10":"product_tag-kalbotyra","11":"product_tag-lingvistika","12":"product_tag-semiotika","13":"product_tag-tobulos-kalbos-paieskos","14":"product_tag-umberto-eco","15":"product_tag-utopiniai-projektai","16":"desktop-align-left","17":"tablet-align-left","18":"mobile-align-left","20":"first","21":"instock","22":"shipping-taxable","23":"purchasable","24":"product-type-simple"},"acf":[],"yoast_head":"<!-- This site is optimized with the Yoast SEO plugin v27.4 - https:\/\/yoast.com\/product\/yoast-seo-wordpress\/ -->\n<title>Tobulos kalbos paie\u0161kos Europos kult\u016broje<\/title>\n<meta name=\"description\" content=\"Umberto Eco \u2013 ital\u0173 mokslininkas, semiotikas, meno teoretikas. Id\u0117ja, kad kadaise buvo kalba, tobulai, nedviprasmi\u0161kai i\u0161rei\u0161kianti vis\u0173 daikt\u0173 bei s\u0105vok\u0173 esm\u0119, persekioja \u017emonij\u0105 nuo seniausi\u0173 laik\u0173. Garsus ital\u0173 filosofas ir ra\u0161ytojas Umberto Eco \u0161ioje daug apr\u0117pian\u010dioje knygoje ap\u017evelgia beveik du t\u016bkstantme\u010dius besit\u0119sian\u010dias Europos kult\u016bros pastangas atgauti, kas prarasta, arba sukurti nauj\u0105, tobul\u0105, visiems suprantam\u0105 kalb\u0105. Jis pasitelkia pa\u010dius \u012fvairiausius kult\u016bros \u0161altinius: paslaptingus kabalos ir magijos traktatus, viduram\u017ei\u0173 teolog\u0173 mokymus, Dante\u2019s, Descartes\u2019o ir kit\u0173 k\u016bryb\u0105, \u0160vietimo epochos projektus, nauj\u0105sias dirbtines kalbas ir daug kit\u0173. Patraukli, gyva knygos kalba skland\u017eiai perteikia pa\u010dias sud\u0117tingiausias problemas, i\u0161skleisdama prie\u0161 mus pla\u010di\u0105 id\u0117j\u0173 pasaulio panoram\u0105.\" \/>\n<meta name=\"robots\" content=\"index, follow, max-snippet:-1, max-image-preview:large, max-video-preview:-1\" \/>\n<link rel=\"canonical\" href=\"https:\/\/skaitytaknyga.lt\/en\/produktas\/umberto-eco-tobulos-kalbos-paieskos-europos-kulturoje-2\/\" \/>\n<meta property=\"og:locale\" content=\"en_GB\" \/>\n<meta property=\"og:locale:alternate\" content=\"lt_LT\" \/>\n<meta property=\"og:type\" content=\"article\" \/>\n<meta property=\"og:title\" content=\"Tobulos kalbos paie\u0161kos Europos kult\u016broje\" \/>\n<meta property=\"og:description\" content=\"Umberto Eco \u2013 ital\u0173 mokslininkas, semiotikas, meno teoretikas. Id\u0117ja, kad kadaise buvo kalba, tobulai, nedviprasmi\u0161kai i\u0161rei\u0161kianti vis\u0173 daikt\u0173 bei s\u0105vok\u0173 esm\u0119, persekioja \u017emonij\u0105 nuo seniausi\u0173 laik\u0173. Garsus ital\u0173 filosofas ir ra\u0161ytojas Umberto Eco \u0161ioje daug apr\u0117pian\u010dioje knygoje ap\u017evelgia beveik du t\u016bkstantme\u010dius besit\u0119sian\u010dias Europos kult\u016bros pastangas atgauti, kas prarasta, arba sukurti nauj\u0105, tobul\u0105, visiems suprantam\u0105 kalb\u0105. Jis pasitelkia pa\u010dius \u012fvairiausius kult\u016bros \u0161altinius: paslaptingus kabalos ir magijos traktatus, viduram\u017ei\u0173 teolog\u0173 mokymus, Dante\u2019s, Descartes\u2019o ir kit\u0173 k\u016bryb\u0105, \u0160vietimo epochos projektus, nauj\u0105sias dirbtines kalbas ir daug kit\u0173. Patraukli, gyva knygos kalba skland\u017eiai perteikia pa\u010dias sud\u0117tingiausias problemas, i\u0161skleisdama prie\u0161 mus pla\u010di\u0105 id\u0117j\u0173 pasaulio panoram\u0105.\" \/>\n<meta property=\"og:url\" content=\"https:\/\/skaitytaknyga.lt\/en\/produktas\/umberto-eco-tobulos-kalbos-paieskos-europos-kulturoje-2\/\" \/>\n<meta property=\"og:site_name\" content=\"Skaitytaknyga\" \/>\n<meta property=\"article:publisher\" content=\"https:\/\/www.facebook.com\/skaitytaknyga\/\" \/>\n<meta property=\"article:modified_time\" content=\"2025-09-27T16:24:58+00:00\" \/>\n<meta property=\"og:image\" content=\"https:\/\/skaitytaknyga.lt\/wp-content\/uploads\/2024\/05\/Skaitytuvas_20200613-32.png\" \/>\n\t<meta property=\"og:image:width\" content=\"740\" \/>\n\t<meta property=\"og:image:height\" content=\"1223\" \/>\n\t<meta property=\"og:image:type\" content=\"image\/png\" \/>\n<meta name=\"twitter:card\" content=\"summary_large_image\" \/>\n<meta name=\"twitter:label1\" content=\"Estimated reading time\" \/>\n\t<meta name=\"twitter:data1\" content=\"1 minute\" \/>\n<script type=\"application\/ld+json\" class=\"yoast-schema-graph\">{\"@context\":\"https:\\\/\\\/schema.org\",\"@graph\":[{\"@type\":\"WebPage\",\"@id\":\"https:\\\/\\\/skaitytaknyga.lt\\\/produktas\\\/umberto-eco-tobulos-kalbos-paieskos-europos-kulturoje-2\\\/\",\"url\":\"https:\\\/\\\/skaitytaknyga.lt\\\/produktas\\\/umberto-eco-tobulos-kalbos-paieskos-europos-kulturoje-2\\\/\",\"name\":\"Tobulos kalbos paie\u0161kos Europos kult\u016broje\",\"isPartOf\":{\"@id\":\"https:\\\/\\\/skaitytaknyga.lt\\\/#website\"},\"primaryImageOfPage\":{\"@id\":\"https:\\\/\\\/skaitytaknyga.lt\\\/produktas\\\/umberto-eco-tobulos-kalbos-paieskos-europos-kulturoje-2\\\/#primaryimage\"},\"image\":{\"@id\":\"https:\\\/\\\/skaitytaknyga.lt\\\/produktas\\\/umberto-eco-tobulos-kalbos-paieskos-europos-kulturoje-2\\\/#primaryimage\"},\"thumbnailUrl\":\"https:\\\/\\\/skaitytaknyga.lt\\\/wp-content\\\/uploads\\\/2025\\\/09\\\/Tobulos-kalbos-paieskos-Europos-kulturoje-1.webp\",\"datePublished\":\"2024-05-04T15:02:34+00:00\",\"dateModified\":\"2025-09-27T16:24:58+00:00\",\"description\":\"Umberto Eco \u2013 ital\u0173 mokslininkas, semiotikas, meno teoretikas. Id\u0117ja, kad kadaise buvo kalba, tobulai, nedviprasmi\u0161kai i\u0161rei\u0161kianti vis\u0173 daikt\u0173 bei s\u0105vok\u0173 esm\u0119, persekioja \u017emonij\u0105 nuo seniausi\u0173 laik\u0173. Garsus ital\u0173 filosofas ir ra\u0161ytojas Umberto Eco \u0161ioje daug apr\u0117pian\u010dioje knygoje ap\u017evelgia beveik du t\u016bkstantme\u010dius besit\u0119sian\u010dias Europos kult\u016bros pastangas atgauti, kas prarasta, arba sukurti nauj\u0105, tobul\u0105, visiems suprantam\u0105 kalb\u0105. Jis pasitelkia pa\u010dius \u012fvairiausius kult\u016bros \u0161altinius: paslaptingus kabalos ir magijos traktatus, viduram\u017ei\u0173 teolog\u0173 mokymus, Dante\u2019s, Descartes\u2019o ir kit\u0173 k\u016bryb\u0105, \u0160vietimo epochos projektus, nauj\u0105sias dirbtines kalbas ir daug kit\u0173. Patraukli, gyva knygos kalba skland\u017eiai perteikia pa\u010dias sud\u0117tingiausias problemas, i\u0161skleisdama prie\u0161 mus pla\u010di\u0105 id\u0117j\u0173 pasaulio panoram\u0105.\",\"breadcrumb\":{\"@id\":\"https:\\\/\\\/skaitytaknyga.lt\\\/produktas\\\/umberto-eco-tobulos-kalbos-paieskos-europos-kulturoje-2\\\/#breadcrumb\"},\"inLanguage\":\"en-GB\",\"potentialAction\":[{\"@type\":\"ReadAction\",\"target\":[\"https:\\\/\\\/skaitytaknyga.lt\\\/produktas\\\/umberto-eco-tobulos-kalbos-paieskos-europos-kulturoje-2\\\/\"]}]},{\"@type\":\"ImageObject\",\"inLanguage\":\"en-GB\",\"@id\":\"https:\\\/\\\/skaitytaknyga.lt\\\/produktas\\\/umberto-eco-tobulos-kalbos-paieskos-europos-kulturoje-2\\\/#primaryimage\",\"url\":\"https:\\\/\\\/skaitytaknyga.lt\\\/wp-content\\\/uploads\\\/2025\\\/09\\\/Tobulos-kalbos-paieskos-Europos-kulturoje-1.webp\",\"contentUrl\":\"https:\\\/\\\/skaitytaknyga.lt\\\/wp-content\\\/uploads\\\/2025\\\/09\\\/Tobulos-kalbos-paieskos-Europos-kulturoje-1.webp\",\"width\":300,\"height\":500,\"caption\":\"Tobulos kalbos paie\u0161kos Europos kult\u016broje (1)\"},{\"@type\":\"BreadcrumbList\",\"@id\":\"https:\\\/\\\/skaitytaknyga.lt\\\/produktas\\\/umberto-eco-tobulos-kalbos-paieskos-europos-kulturoje-2\\\/#breadcrumb\",\"itemListElement\":[{\"@type\":\"ListItem\",\"position\":1,\"name\":\"Home\",\"item\":\"https:\\\/\\\/skaitytaknyga.lt\\\/\"},{\"@type\":\"ListItem\",\"position\":2,\"name\":\"Parduotuv\u0117\",\"item\":\"https:\\\/\\\/skaitytaknyga.lt\\\/knygu-parduotuve\\\/\"},{\"@type\":\"ListItem\",\"position\":3,\"name\":\"Tobulos kalbos paie\u0161kos Europos kult\u016broje\"}]},{\"@type\":\"WebSite\",\"@id\":\"https:\\\/\\\/skaitytaknyga.lt\\\/#website\",\"url\":\"https:\\\/\\\/skaitytaknyga.lt\\\/\",\"name\":\"skaitytaknyga.lt\",\"description\":\"Skaitytaknyga.lt \u2013 tai ma\u017eas \u0161eimos verslas, kuris prasid\u0117jo nuo meil\u0117s knygoms ir siekio i\u0161gelb\u0117ti knygas nuo likimo prie konteinerio. Kas vienam nereikalingas daiktas \u2013 kitam lobis, o mes esame tarpininkai, kurie padeda abiems tapti laimingesniems ???? \u017dinome kaip nelengva i\u0161gyventi ma\u017eiems verslams, tad nuo \u0161iol, \u010dia rasite ir kit\u0173, ma\u017e\u0173 \u0161eim\u0173 versl\u0173, rank\u0173 darbo, dovan\u0173 sau ir artimiesiems.\",\"publisher\":{\"@id\":\"https:\\\/\\\/skaitytaknyga.lt\\\/#organization\"},\"potentialAction\":[{\"@type\":\"SearchAction\",\"target\":{\"@type\":\"EntryPoint\",\"urlTemplate\":\"https:\\\/\\\/skaitytaknyga.lt\\\/?s={search_term_string}\"},\"query-input\":{\"@type\":\"PropertyValueSpecification\",\"valueRequired\":true,\"valueName\":\"search_term_string\"}}],\"inLanguage\":\"en-GB\"},{\"@type\":\"Organization\",\"@id\":\"https:\\\/\\\/skaitytaknyga.lt\\\/#organization\",\"name\":\"skaitytaknyga.lt\",\"url\":\"https:\\\/\\\/skaitytaknyga.lt\\\/\",\"logo\":{\"@type\":\"ImageObject\",\"inLanguage\":\"en-GB\",\"@id\":\"https:\\\/\\\/skaitytaknyga.lt\\\/#\\\/schema\\\/logo\\\/image\\\/\",\"url\":\"https:\\\/\\\/skaitytaknyga.lt\\\/wp-content\\\/uploads\\\/2024\\\/05\\\/cropped-cropped-cropped-02_00843_jt3bggkj1j3HLc7SyY6rEUpg.jpeg\",\"contentUrl\":\"https:\\\/\\\/skaitytaknyga.lt\\\/wp-content\\\/uploads\\\/2024\\\/05\\\/cropped-cropped-cropped-02_00843_jt3bggkj1j3HLc7SyY6rEUpg.jpeg\",\"width\":1600,\"height\":1600,\"caption\":\"skaitytaknyga.lt\"},\"image\":{\"@id\":\"https:\\\/\\\/skaitytaknyga.lt\\\/#\\\/schema\\\/logo\\\/image\\\/\"},\"sameAs\":[\"https:\\\/\\\/www.facebook.com\\\/skaitytaknyga\\\/\"]}]}<\/script>\n<!-- \/ Yoast SEO plugin. -->","yoast_head_json":{"title":"Tobulos kalbos paie\u0161kos Europos kult\u016broje","description":"Umberto Eco \u2013 ital\u0173 mokslininkas, semiotikas, meno teoretikas. Id\u0117ja, kad kadaise buvo kalba, tobulai, nedviprasmi\u0161kai i\u0161rei\u0161kianti vis\u0173 daikt\u0173 bei s\u0105vok\u0173 esm\u0119, persekioja \u017emonij\u0105 nuo seniausi\u0173 laik\u0173. Garsus ital\u0173 filosofas ir ra\u0161ytojas Umberto Eco \u0161ioje daug apr\u0117pian\u010dioje knygoje ap\u017evelgia beveik du t\u016bkstantme\u010dius besit\u0119sian\u010dias Europos kult\u016bros pastangas atgauti, kas prarasta, arba sukurti nauj\u0105, tobul\u0105, visiems suprantam\u0105 kalb\u0105. Jis pasitelkia pa\u010dius \u012fvairiausius kult\u016bros \u0161altinius: paslaptingus kabalos ir magijos traktatus, viduram\u017ei\u0173 teolog\u0173 mokymus, Dante\u2019s, Descartes\u2019o ir kit\u0173 k\u016bryb\u0105, \u0160vietimo epochos projektus, nauj\u0105sias dirbtines kalbas ir daug kit\u0173. Patraukli, gyva knygos kalba skland\u017eiai perteikia pa\u010dias sud\u0117tingiausias problemas, i\u0161skleisdama prie\u0161 mus pla\u010di\u0105 id\u0117j\u0173 pasaulio panoram\u0105.","robots":{"index":"index","follow":"follow","max-snippet":"max-snippet:-1","max-image-preview":"max-image-preview:large","max-video-preview":"max-video-preview:-1"},"canonical":"https:\/\/skaitytaknyga.lt\/en\/produktas\/umberto-eco-tobulos-kalbos-paieskos-europos-kulturoje-2\/","og_locale":"en_GB","og_type":"article","og_title":"[:lt]Tobulos kalbos paie\u0161kos Europos kult\u016broje[:] - Skaitytaknyga","og_description":"Umberto Eco \u2013 ital\u0173 mokslininkas, semiotikas, meno teoretikas. Id\u0117ja, kad kadaise buvo kalba, tobulai, nedviprasmi\u0161kai i\u0161rei\u0161kianti vis\u0173 daikt\u0173 bei s\u0105vok\u0173 esm\u0119, persekioja \u017emonij\u0105 nuo seniausi\u0173 laik\u0173. Garsus ital\u0173 filosofas ir ra\u0161ytojas Umberto Eco \u0161ioje daug apr\u0117pian\u010dioje knygoje ap\u017evelgia beveik du t\u016bkstantme\u010dius besit\u0119sian\u010dias Europos kult\u016bros pastangas atgauti, kas prarasta, arba sukurti nauj\u0105, tobul\u0105, visiems suprantam\u0105 kalb\u0105. Jis pasitelkia pa\u010dius \u012fvairiausius kult\u016bros \u0161altinius: paslaptingus kabalos ir magijos traktatus, viduram\u017ei\u0173 teolog\u0173 mokymus, Dante\u2019s, Descartes\u2019o ir kit\u0173 k\u016bryb\u0105, \u0160vietimo epochos projektus, nauj\u0105sias dirbtines kalbas ir daug kit\u0173. Patraukli, gyva knygos kalba skland\u017eiai perteikia pa\u010dias sud\u0117tingiausias problemas, i\u0161skleisdama prie\u0161 mus pla\u010di\u0105 id\u0117j\u0173 pasaulio panoram\u0105.","og_url":"https:\/\/skaitytaknyga.lt\/en\/produktas\/umberto-eco-tobulos-kalbos-paieskos-europos-kulturoje-2\/","og_site_name":"Skaitytaknyga","article_publisher":"https:\/\/www.facebook.com\/skaitytaknyga\/","article_modified_time":"2025-09-27T16:24:58+00:00","og_image":[{"width":740,"height":1223,"url":"https:\/\/skaitytaknyga.lt\/wp-content\/uploads\/2024\/05\/Skaitytuvas_20200613-32.png","type":"image\/png"}],"twitter_card":"summary_large_image","twitter_misc":{"Estimated reading time":"1 minute"},"schema":{"@context":"https:\/\/schema.org","@graph":[{"@type":"WebPage","@id":"https:\/\/skaitytaknyga.lt\/produktas\/umberto-eco-tobulos-kalbos-paieskos-europos-kulturoje-2\/","url":"https:\/\/skaitytaknyga.lt\/produktas\/umberto-eco-tobulos-kalbos-paieskos-europos-kulturoje-2\/","name":"Tobulos kalbos paie\u0161kos Europos kult\u016broje","isPartOf":{"@id":"https:\/\/skaitytaknyga.lt\/#website"},"primaryImageOfPage":{"@id":"https:\/\/skaitytaknyga.lt\/produktas\/umberto-eco-tobulos-kalbos-paieskos-europos-kulturoje-2\/#primaryimage"},"image":{"@id":"https:\/\/skaitytaknyga.lt\/produktas\/umberto-eco-tobulos-kalbos-paieskos-europos-kulturoje-2\/#primaryimage"},"thumbnailUrl":"https:\/\/skaitytaknyga.lt\/wp-content\/uploads\/2025\/09\/Tobulos-kalbos-paieskos-Europos-kulturoje-1.webp","datePublished":"2024-05-04T15:02:34+00:00","dateModified":"2025-09-27T16:24:58+00:00","description":"Umberto Eco \u2013 ital\u0173 mokslininkas, semiotikas, meno teoretikas. Id\u0117ja, kad kadaise buvo kalba, tobulai, nedviprasmi\u0161kai i\u0161rei\u0161kianti vis\u0173 daikt\u0173 bei s\u0105vok\u0173 esm\u0119, persekioja \u017emonij\u0105 nuo seniausi\u0173 laik\u0173. Garsus ital\u0173 filosofas ir ra\u0161ytojas Umberto Eco \u0161ioje daug apr\u0117pian\u010dioje knygoje ap\u017evelgia beveik du t\u016bkstantme\u010dius besit\u0119sian\u010dias Europos kult\u016bros pastangas atgauti, kas prarasta, arba sukurti nauj\u0105, tobul\u0105, visiems suprantam\u0105 kalb\u0105. Jis pasitelkia pa\u010dius \u012fvairiausius kult\u016bros \u0161altinius: paslaptingus kabalos ir magijos traktatus, viduram\u017ei\u0173 teolog\u0173 mokymus, Dante\u2019s, Descartes\u2019o ir kit\u0173 k\u016bryb\u0105, \u0160vietimo epochos projektus, nauj\u0105sias dirbtines kalbas ir daug kit\u0173. Patraukli, gyva knygos kalba skland\u017eiai perteikia pa\u010dias sud\u0117tingiausias problemas, i\u0161skleisdama prie\u0161 mus pla\u010di\u0105 id\u0117j\u0173 pasaulio panoram\u0105.","breadcrumb":{"@id":"https:\/\/skaitytaknyga.lt\/produktas\/umberto-eco-tobulos-kalbos-paieskos-europos-kulturoje-2\/#breadcrumb"},"inLanguage":"en-GB","potentialAction":[{"@type":"ReadAction","target":["https:\/\/skaitytaknyga.lt\/produktas\/umberto-eco-tobulos-kalbos-paieskos-europos-kulturoje-2\/"]}]},{"@type":"ImageObject","inLanguage":"en-GB","@id":"https:\/\/skaitytaknyga.lt\/produktas\/umberto-eco-tobulos-kalbos-paieskos-europos-kulturoje-2\/#primaryimage","url":"https:\/\/skaitytaknyga.lt\/wp-content\/uploads\/2025\/09\/Tobulos-kalbos-paieskos-Europos-kulturoje-1.webp","contentUrl":"https:\/\/skaitytaknyga.lt\/wp-content\/uploads\/2025\/09\/Tobulos-kalbos-paieskos-Europos-kulturoje-1.webp","width":300,"height":500,"caption":"Tobulos kalbos paie\u0161kos Europos kult\u016broje (1)"},{"@type":"BreadcrumbList","@id":"https:\/\/skaitytaknyga.lt\/produktas\/umberto-eco-tobulos-kalbos-paieskos-europos-kulturoje-2\/#breadcrumb","itemListElement":[{"@type":"ListItem","position":1,"name":"Home","item":"https:\/\/skaitytaknyga.lt\/"},{"@type":"ListItem","position":2,"name":"Parduotuv\u0117","item":"https:\/\/skaitytaknyga.lt\/knygu-parduotuve\/"},{"@type":"ListItem","position":3,"name":"Tobulos kalbos paie\u0161kos Europos kult\u016broje"}]},{"@type":"WebSite","@id":"https:\/\/skaitytaknyga.lt\/#website","url":"https:\/\/skaitytaknyga.lt\/","name":"skaitytaknyga.lt","description":"Skaitytaknyga.lt \u2013 tai ma\u017eas \u0161eimos verslas, kuris prasid\u0117jo nuo meil\u0117s knygoms ir siekio i\u0161gelb\u0117ti knygas nuo likimo prie konteinerio. Kas vienam nereikalingas daiktas \u2013 kitam lobis, o mes esame tarpininkai, kurie padeda abiems tapti laimingesniems ???? \u017dinome kaip nelengva i\u0161gyventi ma\u017eiems verslams, tad nuo \u0161iol, \u010dia rasite ir kit\u0173, ma\u017e\u0173 \u0161eim\u0173 versl\u0173, rank\u0173 darbo, dovan\u0173 sau ir artimiesiems.","publisher":{"@id":"https:\/\/skaitytaknyga.lt\/#organization"},"potentialAction":[{"@type":"SearchAction","target":{"@type":"EntryPoint","urlTemplate":"https:\/\/skaitytaknyga.lt\/?s={search_term_string}"},"query-input":{"@type":"PropertyValueSpecification","valueRequired":true,"valueName":"search_term_string"}}],"inLanguage":"en-GB"},{"@type":"Organization","@id":"https:\/\/skaitytaknyga.lt\/#organization","name":"skaitytaknyga.lt","url":"https:\/\/skaitytaknyga.lt\/","logo":{"@type":"ImageObject","inLanguage":"en-GB","@id":"https:\/\/skaitytaknyga.lt\/#\/schema\/logo\/image\/","url":"https:\/\/skaitytaknyga.lt\/wp-content\/uploads\/2024\/05\/cropped-cropped-cropped-02_00843_jt3bggkj1j3HLc7SyY6rEUpg.jpeg","contentUrl":"https:\/\/skaitytaknyga.lt\/wp-content\/uploads\/2024\/05\/cropped-cropped-cropped-02_00843_jt3bggkj1j3HLc7SyY6rEUpg.jpeg","width":1600,"height":1600,"caption":"skaitytaknyga.lt"},"image":{"@id":"https:\/\/skaitytaknyga.lt\/#\/schema\/logo\/image\/"},"sameAs":["https:\/\/www.facebook.com\/skaitytaknyga\/"]}]}},"_links":{"self":[{"href":"https:\/\/skaitytaknyga.lt\/en\/wp-json\/wp\/v2\/product\/9421","targetHints":{"allow":["GET"]}}],"collection":[{"href":"https:\/\/skaitytaknyga.lt\/en\/wp-json\/wp\/v2\/product"}],"about":[{"href":"https:\/\/skaitytaknyga.lt\/en\/wp-json\/wp\/v2\/types\/product"}],"replies":[{"embeddable":true,"href":"https:\/\/skaitytaknyga.lt\/en\/wp-json\/wp\/v2\/comments?post=9421"}],"wp:featuredmedia":[{"embeddable":true,"href":"https:\/\/skaitytaknyga.lt\/en\/wp-json\/wp\/v2\/media\/21009"}],"wp:attachment":[{"href":"https:\/\/skaitytaknyga.lt\/en\/wp-json\/wp\/v2\/media?parent=9421"}],"wp:term":[{"taxonomy":"product_brand","embeddable":true,"href":"https:\/\/skaitytaknyga.lt\/en\/wp-json\/wp\/v2\/product_brand?post=9421"},{"taxonomy":"product_cat","embeddable":true,"href":"https:\/\/skaitytaknyga.lt\/en\/wp-json\/wp\/v2\/product_cat?post=9421"},{"taxonomy":"product_tag","embeddable":true,"href":"https:\/\/skaitytaknyga.lt\/en\/wp-json\/wp\/v2\/product_tag?post=9421"}],"curies":[{"name":"wp","href":"https:\/\/api.w.org\/{rel}","templated":true}]}}