{"id":9411,"date":"2024-05-04T15:02:33","date_gmt":"2024-05-04T15:02:33","guid":{"rendered":"https:\/\/skaitytaknyga.lt\/?post_type=product&#038;p=9411"},"modified":"2026-01-30T20:48:11","modified_gmt":"2026-01-30T18:48:11","slug":"valdemaras-kukulas-bailiojo-drasa-gyventi-2","status":"publish","type":"product","link":"https:\/\/skaitytaknyga.lt\/en\/produktas\/valdemaras-kukulas-bailiojo-drasa-gyventi-2\/","title":{"rendered":"\u201eBailiojo dr\u0105sa gyventi\u201c"},"content":{"rendered":"<p>Lietuvos poeto, literat\u016bros kritiko Valdemaro Kukulo (1995-2011) eseistikos etiud\u0173 knyga literat\u016bros kritikos, dabarties problem\u0173 (skurdo, alkoholizmo, savi\u017eudybi\u0173), k\u016brybos psichologijos, meil\u0117s t\u0117vi\u0161kei, temomis. Aptariami g\u0117rio, blogio, meil\u0117s, kit\u0173 svarbiausi\u0173 s\u0105vok\u0173 nekintamas turinys ir s\u0105lygos.<\/p>\n<p>Rinkin\u012f galima b\u016bt\u0173 pavadinti intelektualin\u0117s biografijos apmatais ar intelektualin\u0117s minties savirai\u0161kos fragmentais.<\/p>\n","protected":false},"excerpt":{"rendered":"<p>Lietuvos poeto, literat\u016bros kritiko Valdemaro Kukulo (1995-2011) eseistikos etiud\u0173 knyga literat\u016bros kritikos, dabarties problem\u0173 (skurdo, alkoholizmo, savi\u017eudybi\u0173), k\u016brybos psichologijos, meil\u0117s t\u0117vi\u0161kei, temomis. Aptariami g\u0117rio, blogio, meil\u0117s, kit\u0173 svarbiausi\u0173 s\u0105vok\u0173 nekintamas turinys ir s\u0105lygos.<\/p>\n<p>Rinkin\u012f galima b\u016bt\u0173 pavadinti intelektualin\u0117s biografijos apmatais ar intelektualin\u0117s minties savirai\u0161kos fragmentais<\/p>\n","protected":false},"featured_media":6785,"comment_status":"closed","ping_status":"closed","template":"","meta":{"_acf_changed":false,"site-sidebar-layout":"default","site-content-layout":"","ast-site-content-layout":"default","site-content-style":"default","site-sidebar-style":"default","ast-global-header-display":"","ast-banner-title-visibility":"","ast-main-header-display":"","ast-hfb-above-header-display":"","ast-hfb-below-header-display":"","ast-hfb-mobile-header-display":"","site-post-title":"","ast-breadcrumbs-content":"","ast-featured-img":"","footer-sml-layout":"","ast-disable-related-posts":"","theme-transparent-header-meta":"","adv-header-id-meta":"","stick-header-meta":"","header-above-stick-meta":"","header-main-stick-meta":"","header-below-stick-meta":"","astra-migrate-meta-layouts":"default","ast-page-background-enabled":"default","ast-page-background-meta":{"desktop":{"background-color":"","background-image":"","background-repeat":"repeat","background-position":"center center","background-size":"auto","background-attachment":"scroll","background-type":"","background-media":"","overlay-type":"","overlay-color":"","overlay-opacity":"","overlay-gradient":""},"tablet":{"background-color":"","background-image":"","background-repeat":"repeat","background-position":"center center","background-size":"auto","background-attachment":"scroll","background-type":"","background-media":"","overlay-type":"","overlay-color":"","overlay-opacity":"","overlay-gradient":""},"mobile":{"background-color":"","background-image":"","background-repeat":"repeat","background-position":"center center","background-size":"auto","background-attachment":"scroll","background-type":"","background-media":"","overlay-type":"","overlay-color":"","overlay-opacity":"","overlay-gradient":""}},"ast-content-background-meta":{"desktop":{"background-color":"var(--ast-global-color-4)","background-image":"","background-repeat":"repeat","background-position":"center center","background-size":"auto","background-attachment":"scroll","background-type":"","background-media":"","overlay-type":"","overlay-color":"","overlay-opacity":"","overlay-gradient":""},"tablet":{"background-color":"var(--ast-global-color-4)","background-image":"","background-repeat":"repeat","background-position":"center center","background-size":"auto","background-attachment":"scroll","background-type":"","background-media":"","overlay-type":"","overlay-color":"","overlay-opacity":"","overlay-gradient":""},"mobile":{"background-color":"var(--ast-global-color-4)","background-image":"","background-repeat":"repeat","background-position":"center center","background-size":"auto","background-attachment":"scroll","background-type":"","background-media":"","overlay-type":"","overlay-color":"","overlay-opacity":"","overlay-gradient":""}}},"product_brand":[],"product_cat":[165],"product_tag":[9381],"class_list":{"0":"post-9411","1":"product","2":"type-product","3":"status-publish","4":"has-post-thumbnail","6":"product_cat-religija-filosofija-ir-ezoterika","7":"product_tag-valdemaras-kukulas","8":"desktop-align-left","9":"tablet-align-left","10":"mobile-align-left","12":"first","13":"outofstock","14":"shipping-taxable","15":"purchasable","16":"product-type-simple"},"acf":[],"yoast_head":"<!-- This site is optimized with the Yoast SEO plugin v27.4 - https:\/\/yoast.com\/product\/yoast-seo-wordpress\/ -->\n<title>\u201eBailiojo dr\u0105sa gyventi\u201c<\/title>\n<meta name=\"description\" content=\"Lietuvos poeto, literat\u016bros kritiko Valdemaro Kukulo (1995-2011) eseistikos etiud\u0173 knyga literat\u016bros kritikos, dabarties problem\u0173 (skurdo, alkoholizmo, savi\u017eudybi\u0173), k\u016brybos psichologijos, meil\u0117s t\u0117vi\u0161kei, temomis. Aptariami g\u0117rio, blogio, meil\u0117s, kit\u0173 svarbiausi\u0173 s\u0105vok\u0173 nekintamas turinys ir s\u0105lygos.  Rinkin\u012f galima b\u016bt\u0173 pavadinti intelektualin\u0117s biografijos apmatais ar intelektualin\u0117s minties savirai\u0161kos fragmentais\" \/>\n<meta name=\"robots\" content=\"index, follow, max-snippet:-1, max-image-preview:large, max-video-preview:-1\" \/>\n<link rel=\"canonical\" href=\"https:\/\/skaitytaknyga.lt\/en\/produktas\/valdemaras-kukulas-bailiojo-drasa-gyventi-2\/\" \/>\n<meta property=\"og:locale\" content=\"en_GB\" \/>\n<meta property=\"og:locale:alternate\" content=\"lt_LT\" \/>\n<meta property=\"og:type\" content=\"article\" \/>\n<meta property=\"og:title\" content=\"\u201eBailiojo dr\u0105sa gyventi\u201c\" \/>\n<meta property=\"og:description\" content=\"Lietuvos poeto, literat\u016bros kritiko Valdemaro Kukulo (1995-2011) eseistikos etiud\u0173 knyga literat\u016bros kritikos, dabarties problem\u0173 (skurdo, alkoholizmo, savi\u017eudybi\u0173), k\u016brybos psichologijos, meil\u0117s t\u0117vi\u0161kei, temomis. Aptariami g\u0117rio, blogio, meil\u0117s, kit\u0173 svarbiausi\u0173 s\u0105vok\u0173 nekintamas turinys ir s\u0105lygos.  Rinkin\u012f galima b\u016bt\u0173 pavadinti intelektualin\u0117s biografijos apmatais ar intelektualin\u0117s minties savirai\u0161kos fragmentais\" \/>\n<meta property=\"og:url\" content=\"https:\/\/skaitytaknyga.lt\/en\/produktas\/valdemaras-kukulas-bailiojo-drasa-gyventi-2\/\" \/>\n<meta property=\"og:site_name\" content=\"Skaitytaknyga\" \/>\n<meta property=\"article:publisher\" content=\"https:\/\/www.facebook.com\/skaitytaknyga\/\" \/>\n<meta property=\"article:modified_time\" content=\"2026-01-30T18:48:11+00:00\" \/>\n<meta property=\"og:image\" content=\"https:\/\/skaitytaknyga.lt\/wp-content\/uploads\/2024\/05\/Be-pavadinimo-6.png\" \/>\n\t<meta property=\"og:image:width\" content=\"184\" \/>\n\t<meta property=\"og:image:height\" content=\"277\" \/>\n\t<meta property=\"og:image:type\" content=\"image\/png\" \/>\n<meta name=\"twitter:card\" content=\"summary_large_image\" \/>\n<script type=\"application\/ld+json\" class=\"yoast-schema-graph\">{\"@context\":\"https:\\\/\\\/schema.org\",\"@graph\":[{\"@type\":\"WebPage\",\"@id\":\"https:\\\/\\\/skaitytaknyga.lt\\\/produktas\\\/valdemaras-kukulas-bailiojo-drasa-gyventi-2\\\/\",\"url\":\"https:\\\/\\\/skaitytaknyga.lt\\\/produktas\\\/valdemaras-kukulas-bailiojo-drasa-gyventi-2\\\/\",\"name\":\"\u201eBailiojo dr\u0105sa gyventi\u201c\",\"isPartOf\":{\"@id\":\"https:\\\/\\\/skaitytaknyga.lt\\\/#website\"},\"primaryImageOfPage\":{\"@id\":\"https:\\\/\\\/skaitytaknyga.lt\\\/produktas\\\/valdemaras-kukulas-bailiojo-drasa-gyventi-2\\\/#primaryimage\"},\"image\":{\"@id\":\"https:\\\/\\\/skaitytaknyga.lt\\\/produktas\\\/valdemaras-kukulas-bailiojo-drasa-gyventi-2\\\/#primaryimage\"},\"thumbnailUrl\":\"https:\\\/\\\/skaitytaknyga.lt\\\/wp-content\\\/uploads\\\/2024\\\/05\\\/Be-pavadinimo-6.png\",\"datePublished\":\"2024-05-04T15:02:33+00:00\",\"dateModified\":\"2026-01-30T18:48:11+00:00\",\"description\":\"Lietuvos poeto, literat\u016bros kritiko Valdemaro Kukulo (1995-2011) eseistikos etiud\u0173 knyga literat\u016bros kritikos, dabarties problem\u0173 (skurdo, alkoholizmo, savi\u017eudybi\u0173), k\u016brybos psichologijos, meil\u0117s t\u0117vi\u0161kei, temomis. Aptariami g\u0117rio, blogio, meil\u0117s, kit\u0173 svarbiausi\u0173 s\u0105vok\u0173 nekintamas turinys ir s\u0105lygos. Rinkin\u012f galima b\u016bt\u0173 pavadinti intelektualin\u0117s biografijos apmatais ar intelektualin\u0117s minties savirai\u0161kos fragmentais\",\"breadcrumb\":{\"@id\":\"https:\\\/\\\/skaitytaknyga.lt\\\/produktas\\\/valdemaras-kukulas-bailiojo-drasa-gyventi-2\\\/#breadcrumb\"},\"inLanguage\":\"en-GB\",\"potentialAction\":[{\"@type\":\"ReadAction\",\"target\":[\"https:\\\/\\\/skaitytaknyga.lt\\\/produktas\\\/valdemaras-kukulas-bailiojo-drasa-gyventi-2\\\/\"]}]},{\"@type\":\"ImageObject\",\"inLanguage\":\"en-GB\",\"@id\":\"https:\\\/\\\/skaitytaknyga.lt\\\/produktas\\\/valdemaras-kukulas-bailiojo-drasa-gyventi-2\\\/#primaryimage\",\"url\":\"https:\\\/\\\/skaitytaknyga.lt\\\/wp-content\\\/uploads\\\/2024\\\/05\\\/Be-pavadinimo-6.png\",\"contentUrl\":\"https:\\\/\\\/skaitytaknyga.lt\\\/wp-content\\\/uploads\\\/2024\\\/05\\\/Be-pavadinimo-6.png\",\"width\":184,\"height\":277},{\"@type\":\"BreadcrumbList\",\"@id\":\"https:\\\/\\\/skaitytaknyga.lt\\\/produktas\\\/valdemaras-kukulas-bailiojo-drasa-gyventi-2\\\/#breadcrumb\",\"itemListElement\":[{\"@type\":\"ListItem\",\"position\":1,\"name\":\"Home\",\"item\":\"https:\\\/\\\/skaitytaknyga.lt\\\/\"},{\"@type\":\"ListItem\",\"position\":2,\"name\":\"Parduotuv\u0117\",\"item\":\"https:\\\/\\\/skaitytaknyga.lt\\\/knygu-parduotuve\\\/\"},{\"@type\":\"ListItem\",\"position\":3,\"name\":\"\u201eBailiojo dr\u0105sa gyventi\u201c\"}]},{\"@type\":\"WebSite\",\"@id\":\"https:\\\/\\\/skaitytaknyga.lt\\\/#website\",\"url\":\"https:\\\/\\\/skaitytaknyga.lt\\\/\",\"name\":\"skaitytaknyga.lt\",\"description\":\"Skaitytaknyga.lt \u2013 tai ma\u017eas \u0161eimos verslas, kuris prasid\u0117jo nuo meil\u0117s knygoms ir siekio i\u0161gelb\u0117ti knygas nuo likimo prie konteinerio. Kas vienam nereikalingas daiktas \u2013 kitam lobis, o mes esame tarpininkai, kurie padeda abiems tapti laimingesniems ???? \u017dinome kaip nelengva i\u0161gyventi ma\u017eiems verslams, tad nuo \u0161iol, \u010dia rasite ir kit\u0173, ma\u017e\u0173 \u0161eim\u0173 versl\u0173, rank\u0173 darbo, dovan\u0173 sau ir artimiesiems.\",\"publisher\":{\"@id\":\"https:\\\/\\\/skaitytaknyga.lt\\\/#organization\"},\"potentialAction\":[{\"@type\":\"SearchAction\",\"target\":{\"@type\":\"EntryPoint\",\"urlTemplate\":\"https:\\\/\\\/skaitytaknyga.lt\\\/?s={search_term_string}\"},\"query-input\":{\"@type\":\"PropertyValueSpecification\",\"valueRequired\":true,\"valueName\":\"search_term_string\"}}],\"inLanguage\":\"en-GB\"},{\"@type\":\"Organization\",\"@id\":\"https:\\\/\\\/skaitytaknyga.lt\\\/#organization\",\"name\":\"skaitytaknyga.lt\",\"url\":\"https:\\\/\\\/skaitytaknyga.lt\\\/\",\"logo\":{\"@type\":\"ImageObject\",\"inLanguage\":\"en-GB\",\"@id\":\"https:\\\/\\\/skaitytaknyga.lt\\\/#\\\/schema\\\/logo\\\/image\\\/\",\"url\":\"https:\\\/\\\/skaitytaknyga.lt\\\/wp-content\\\/uploads\\\/2024\\\/05\\\/cropped-cropped-cropped-02_00843_jt3bggkj1j3HLc7SyY6rEUpg.jpeg\",\"contentUrl\":\"https:\\\/\\\/skaitytaknyga.lt\\\/wp-content\\\/uploads\\\/2024\\\/05\\\/cropped-cropped-cropped-02_00843_jt3bggkj1j3HLc7SyY6rEUpg.jpeg\",\"width\":1600,\"height\":1600,\"caption\":\"skaitytaknyga.lt\"},\"image\":{\"@id\":\"https:\\\/\\\/skaitytaknyga.lt\\\/#\\\/schema\\\/logo\\\/image\\\/\"},\"sameAs\":[\"https:\\\/\\\/www.facebook.com\\\/skaitytaknyga\\\/\"]}]}<\/script>\n<!-- \/ Yoast SEO plugin. -->","yoast_head_json":{"title":"\u201eBailiojo dr\u0105sa gyventi\u201c","description":"Lietuvos poeto, literat\u016bros kritiko Valdemaro Kukulo (1995-2011) eseistikos etiud\u0173 knyga literat\u016bros kritikos, dabarties problem\u0173 (skurdo, alkoholizmo, savi\u017eudybi\u0173), k\u016brybos psichologijos, meil\u0117s t\u0117vi\u0161kei, temomis. Aptariami g\u0117rio, blogio, meil\u0117s, kit\u0173 svarbiausi\u0173 s\u0105vok\u0173 nekintamas turinys ir s\u0105lygos.  Rinkin\u012f galima b\u016bt\u0173 pavadinti intelektualin\u0117s biografijos apmatais ar intelektualin\u0117s minties savirai\u0161kos fragmentais","robots":{"index":"index","follow":"follow","max-snippet":"max-snippet:-1","max-image-preview":"max-image-preview:large","max-video-preview":"max-video-preview:-1"},"canonical":"https:\/\/skaitytaknyga.lt\/en\/produktas\/valdemaras-kukulas-bailiojo-drasa-gyventi-2\/","og_locale":"en_GB","og_type":"article","og_title":"[:lt]\u201eBailiojo dr\u0105sa gyventi\u201c[:] - Skaitytaknyga","og_description":"Lietuvos poeto, literat\u016bros kritiko Valdemaro Kukulo (1995-2011) eseistikos etiud\u0173 knyga literat\u016bros kritikos, dabarties problem\u0173 (skurdo, alkoholizmo, savi\u017eudybi\u0173), k\u016brybos psichologijos, meil\u0117s t\u0117vi\u0161kei, temomis. Aptariami g\u0117rio, blogio, meil\u0117s, kit\u0173 svarbiausi\u0173 s\u0105vok\u0173 nekintamas turinys ir s\u0105lygos.  Rinkin\u012f galima b\u016bt\u0173 pavadinti intelektualin\u0117s biografijos apmatais ar intelektualin\u0117s minties savirai\u0161kos fragmentais","og_url":"https:\/\/skaitytaknyga.lt\/en\/produktas\/valdemaras-kukulas-bailiojo-drasa-gyventi-2\/","og_site_name":"Skaitytaknyga","article_publisher":"https:\/\/www.facebook.com\/skaitytaknyga\/","article_modified_time":"2026-01-30T18:48:11+00:00","og_image":[{"width":184,"height":277,"url":"https:\/\/skaitytaknyga.lt\/wp-content\/uploads\/2024\/05\/Be-pavadinimo-6.png","type":"image\/png"}],"twitter_card":"summary_large_image","schema":{"@context":"https:\/\/schema.org","@graph":[{"@type":"WebPage","@id":"https:\/\/skaitytaknyga.lt\/produktas\/valdemaras-kukulas-bailiojo-drasa-gyventi-2\/","url":"https:\/\/skaitytaknyga.lt\/produktas\/valdemaras-kukulas-bailiojo-drasa-gyventi-2\/","name":"\u201eBailiojo dr\u0105sa gyventi\u201c","isPartOf":{"@id":"https:\/\/skaitytaknyga.lt\/#website"},"primaryImageOfPage":{"@id":"https:\/\/skaitytaknyga.lt\/produktas\/valdemaras-kukulas-bailiojo-drasa-gyventi-2\/#primaryimage"},"image":{"@id":"https:\/\/skaitytaknyga.lt\/produktas\/valdemaras-kukulas-bailiojo-drasa-gyventi-2\/#primaryimage"},"thumbnailUrl":"https:\/\/skaitytaknyga.lt\/wp-content\/uploads\/2024\/05\/Be-pavadinimo-6.png","datePublished":"2024-05-04T15:02:33+00:00","dateModified":"2026-01-30T18:48:11+00:00","description":"Lietuvos poeto, literat\u016bros kritiko Valdemaro Kukulo (1995-2011) eseistikos etiud\u0173 knyga literat\u016bros kritikos, dabarties problem\u0173 (skurdo, alkoholizmo, savi\u017eudybi\u0173), k\u016brybos psichologijos, meil\u0117s t\u0117vi\u0161kei, temomis. Aptariami g\u0117rio, blogio, meil\u0117s, kit\u0173 svarbiausi\u0173 s\u0105vok\u0173 nekintamas turinys ir s\u0105lygos. Rinkin\u012f galima b\u016bt\u0173 pavadinti intelektualin\u0117s biografijos apmatais ar intelektualin\u0117s minties savirai\u0161kos fragmentais","breadcrumb":{"@id":"https:\/\/skaitytaknyga.lt\/produktas\/valdemaras-kukulas-bailiojo-drasa-gyventi-2\/#breadcrumb"},"inLanguage":"en-GB","potentialAction":[{"@type":"ReadAction","target":["https:\/\/skaitytaknyga.lt\/produktas\/valdemaras-kukulas-bailiojo-drasa-gyventi-2\/"]}]},{"@type":"ImageObject","inLanguage":"en-GB","@id":"https:\/\/skaitytaknyga.lt\/produktas\/valdemaras-kukulas-bailiojo-drasa-gyventi-2\/#primaryimage","url":"https:\/\/skaitytaknyga.lt\/wp-content\/uploads\/2024\/05\/Be-pavadinimo-6.png","contentUrl":"https:\/\/skaitytaknyga.lt\/wp-content\/uploads\/2024\/05\/Be-pavadinimo-6.png","width":184,"height":277},{"@type":"BreadcrumbList","@id":"https:\/\/skaitytaknyga.lt\/produktas\/valdemaras-kukulas-bailiojo-drasa-gyventi-2\/#breadcrumb","itemListElement":[{"@type":"ListItem","position":1,"name":"Home","item":"https:\/\/skaitytaknyga.lt\/"},{"@type":"ListItem","position":2,"name":"Parduotuv\u0117","item":"https:\/\/skaitytaknyga.lt\/knygu-parduotuve\/"},{"@type":"ListItem","position":3,"name":"\u201eBailiojo dr\u0105sa gyventi\u201c"}]},{"@type":"WebSite","@id":"https:\/\/skaitytaknyga.lt\/#website","url":"https:\/\/skaitytaknyga.lt\/","name":"skaitytaknyga.lt","description":"Skaitytaknyga.lt \u2013 tai ma\u017eas \u0161eimos verslas, kuris prasid\u0117jo nuo meil\u0117s knygoms ir siekio i\u0161gelb\u0117ti knygas nuo likimo prie konteinerio. Kas vienam nereikalingas daiktas \u2013 kitam lobis, o mes esame tarpininkai, kurie padeda abiems tapti laimingesniems ???? \u017dinome kaip nelengva i\u0161gyventi ma\u017eiems verslams, tad nuo \u0161iol, \u010dia rasite ir kit\u0173, ma\u017e\u0173 \u0161eim\u0173 versl\u0173, rank\u0173 darbo, dovan\u0173 sau ir artimiesiems.","publisher":{"@id":"https:\/\/skaitytaknyga.lt\/#organization"},"potentialAction":[{"@type":"SearchAction","target":{"@type":"EntryPoint","urlTemplate":"https:\/\/skaitytaknyga.lt\/?s={search_term_string}"},"query-input":{"@type":"PropertyValueSpecification","valueRequired":true,"valueName":"search_term_string"}}],"inLanguage":"en-GB"},{"@type":"Organization","@id":"https:\/\/skaitytaknyga.lt\/#organization","name":"skaitytaknyga.lt","url":"https:\/\/skaitytaknyga.lt\/","logo":{"@type":"ImageObject","inLanguage":"en-GB","@id":"https:\/\/skaitytaknyga.lt\/#\/schema\/logo\/image\/","url":"https:\/\/skaitytaknyga.lt\/wp-content\/uploads\/2024\/05\/cropped-cropped-cropped-02_00843_jt3bggkj1j3HLc7SyY6rEUpg.jpeg","contentUrl":"https:\/\/skaitytaknyga.lt\/wp-content\/uploads\/2024\/05\/cropped-cropped-cropped-02_00843_jt3bggkj1j3HLc7SyY6rEUpg.jpeg","width":1600,"height":1600,"caption":"skaitytaknyga.lt"},"image":{"@id":"https:\/\/skaitytaknyga.lt\/#\/schema\/logo\/image\/"},"sameAs":["https:\/\/www.facebook.com\/skaitytaknyga\/"]}]}},"_links":{"self":[{"href":"https:\/\/skaitytaknyga.lt\/en\/wp-json\/wp\/v2\/product\/9411","targetHints":{"allow":["GET"]}}],"collection":[{"href":"https:\/\/skaitytaknyga.lt\/en\/wp-json\/wp\/v2\/product"}],"about":[{"href":"https:\/\/skaitytaknyga.lt\/en\/wp-json\/wp\/v2\/types\/product"}],"replies":[{"embeddable":true,"href":"https:\/\/skaitytaknyga.lt\/en\/wp-json\/wp\/v2\/comments?post=9411"}],"wp:featuredmedia":[{"embeddable":true,"href":"https:\/\/skaitytaknyga.lt\/en\/wp-json\/wp\/v2\/media\/6785"}],"wp:attachment":[{"href":"https:\/\/skaitytaknyga.lt\/en\/wp-json\/wp\/v2\/media?parent=9411"}],"wp:term":[{"taxonomy":"product_brand","embeddable":true,"href":"https:\/\/skaitytaknyga.lt\/en\/wp-json\/wp\/v2\/product_brand?post=9411"},{"taxonomy":"product_cat","embeddable":true,"href":"https:\/\/skaitytaknyga.lt\/en\/wp-json\/wp\/v2\/product_cat?post=9411"},{"taxonomy":"product_tag","embeddable":true,"href":"https:\/\/skaitytaknyga.lt\/en\/wp-json\/wp\/v2\/product_tag?post=9411"}],"curies":[{"name":"wp","href":"https:\/\/api.w.org\/{rel}","templated":true}]}}