{"id":9410,"date":"2024-05-04T15:02:33","date_gmt":"2024-05-04T15:02:33","guid":{"rendered":"https:\/\/skaitytaknyga.lt\/?post_type=product&#038;p=9410"},"modified":"2026-02-26T18:56:12","modified_gmt":"2026-02-26T16:56:12","slug":"alenas-aleksanderis-milnas-pukuotuko-pasaulis","status":"publish","type":"product","link":"https:\/\/skaitytaknyga.lt\/en\/produktas\/alenas-aleksanderis-milnas-pukuotuko-pasaulis\/","title":{"rendered":"Alenas Aleksanderis Milnas \u201eP\u016bkuotuko pasaulis\u201c"},"content":{"rendered":"<div class=\"book-descript-wrapper\">\n<section class=\"product-descript more-content-wrapper\">\n<div class=\"\">\n<p>Tai knyga apie nepamir\u0161tam\u0105j\u012f Mik\u0119 P\u016bkuotuk\u0105 ir jo nuotykius \u0160imtamyl\u0117j\u0117 girioje kartu su \u0161auniaisiais draugais par\u0161eliu, Nul\u0117pausiu, Triu\u0161iu, Pel\u0117da ir kitais.<\/p>\n<\/div>\n<\/section>\n<\/div>\n","protected":false},"excerpt":{"rendered":"<div class=\"book-descript-wrapper\">\n<section class=\"product-descript more-content-wrapper\">\n<div class=\"\">\n<div class=\"book-descript-wrapper\">\n<section class=\"product-descript more-content-wrapper\">\n<div class=\"\">\n<p>Tai knyga apie nepamir\u0161tam\u0105j\u012f Mik\u0119 P\u016bkuotuk\u0105 ir jo nuotykius \u0160imtamyl\u0117j\u0117 girioje kartu su \u0161auniaisiais draugais par\u0161eliu, Nul\u0117pausiu, Triu\u0161iu, Pel\u0117da ir kitais.<\/p>\n<\/div>\n<\/section>\n<\/div>\n<\/div>\n<\/section>\n<\/div>\n","protected":false},"featured_media":23198,"comment_status":"closed","ping_status":"closed","template":"","meta":{"_acf_changed":false,"site-sidebar-layout":"default","site-content-layout":"","ast-site-content-layout":"default","site-content-style":"default","site-sidebar-style":"default","ast-global-header-display":"","ast-banner-title-visibility":"","ast-main-header-display":"","ast-hfb-above-header-display":"","ast-hfb-below-header-display":"","ast-hfb-mobile-header-display":"","site-post-title":"","ast-breadcrumbs-content":"","ast-featured-img":"","footer-sml-layout":"","ast-disable-related-posts":"","theme-transparent-header-meta":"default","adv-header-id-meta":"","stick-header-meta":"","header-above-stick-meta":"","header-main-stick-meta":"","header-below-stick-meta":"","astra-migrate-meta-layouts":"set","ast-page-background-enabled":"default","ast-page-background-meta":{"desktop":{"background-color":"","background-image":"","background-repeat":"repeat","background-position":"center center","background-size":"auto","background-attachment":"scroll","background-type":"","background-media":"","overlay-type":"","overlay-color":"","overlay-opacity":"","overlay-gradient":""},"tablet":{"background-color":"","background-image":"","background-repeat":"repeat","background-position":"center center","background-size":"auto","background-attachment":"scroll","background-type":"","background-media":"","overlay-type":"","overlay-color":"","overlay-opacity":"","overlay-gradient":""},"mobile":{"background-color":"","background-image":"","background-repeat":"repeat","background-position":"center center","background-size":"auto","background-attachment":"scroll","background-type":"","background-media":"","overlay-type":"","overlay-color":"","overlay-opacity":"","overlay-gradient":""}},"ast-content-background-meta":{"desktop":{"background-color":"var(--ast-global-color-4)","background-image":"","background-repeat":"repeat","background-position":"center center","background-size":"auto","background-attachment":"scroll","background-type":"","background-media":"","overlay-type":"","overlay-color":"","overlay-opacity":"","overlay-gradient":""},"tablet":{"background-color":"var(--ast-global-color-4)","background-image":"","background-repeat":"repeat","background-position":"center center","background-size":"auto","background-attachment":"scroll","background-type":"","background-media":"","overlay-type":"","overlay-color":"","overlay-opacity":"","overlay-gradient":""},"mobile":{"background-color":"var(--ast-global-color-4)","background-image":"","background-repeat":"repeat","background-position":"center center","background-size":"auto","background-attachment":"scroll","background-type":"","background-media":"","overlay-type":"","overlay-color":"","overlay-opacity":"","overlay-gradient":""}}},"product_brand":[],"product_cat":[35],"product_tag":[],"class_list":{"0":"post-9410","1":"product","2":"type-product","3":"status-publish","4":"has-post-thumbnail","6":"product_cat-vaikams-ir-paaugliams","7":"desktop-align-left","8":"tablet-align-left","9":"mobile-align-left","11":"first","12":"instock","13":"shipping-taxable","14":"purchasable","15":"product-type-simple"},"acf":[],"yoast_head":"<!-- This site is optimized with the Yoast SEO plugin v27.4 - https:\/\/yoast.com\/product\/yoast-seo-wordpress\/ -->\n<title>Alenas Aleksanderis Milnas \u201eP\u016bkuotuko pasaulis\u201c<\/title>\n<meta name=\"description\" content=\"Tai knyga apie nepamir\u0161tam\u0105j\u012f Mik\u0119 P\u016bkuotuk\u0105 ir jo nuotykius \u0160imtamyl\u0117j\u0117 girioje kartu su \u0161auniaisiais draugais par\u0161eliu, Nul\u0117pausiu, Triu\u0161iu, Pel\u0117da ir kitais.\" \/>\n<meta name=\"robots\" content=\"index, follow, max-snippet:-1, max-image-preview:large, max-video-preview:-1\" \/>\n<link rel=\"canonical\" href=\"https:\/\/skaitytaknyga.lt\/en\/produktas\/alenas-aleksanderis-milnas-pukuotuko-pasaulis\/\" \/>\n<meta property=\"og:locale\" content=\"en_GB\" \/>\n<meta property=\"og:locale:alternate\" content=\"lt_LT\" \/>\n<meta property=\"og:type\" content=\"article\" \/>\n<meta property=\"og:title\" content=\"Alenas Aleksanderis Milnas \u201eP\u016bkuotuko pasaulis\u201c\" \/>\n<meta property=\"og:description\" content=\"Tai knyga apie nepamir\u0161tam\u0105j\u012f Mik\u0119 P\u016bkuotuk\u0105 ir jo nuotykius \u0160imtamyl\u0117j\u0117 girioje kartu su \u0161auniaisiais draugais par\u0161eliu, Nul\u0117pausiu, Triu\u0161iu, Pel\u0117da ir kitais.\" \/>\n<meta property=\"og:url\" content=\"https:\/\/skaitytaknyga.lt\/en\/produktas\/alenas-aleksanderis-milnas-pukuotuko-pasaulis\/\" \/>\n<meta property=\"og:site_name\" content=\"Skaitytaknyga\" \/>\n<meta property=\"article:publisher\" content=\"https:\/\/www.facebook.com\/skaitytaknyga\/\" \/>\n<meta property=\"article:modified_time\" content=\"2026-02-26T16:56:12+00:00\" \/>\n<meta property=\"og:image\" content=\"https:\/\/skaitytaknyga.lt\/wp-content\/uploads\/2024\/07\/skaitytaknyga.png\" \/>\n\t<meta property=\"og:image:width\" content=\"747\" \/>\n\t<meta property=\"og:image:height\" content=\"496\" \/>\n\t<meta property=\"og:image:type\" content=\"image\/png\" \/>\n<meta name=\"twitter:card\" content=\"summary_large_image\" \/>\n<meta name=\"twitter:label1\" content=\"Estimated reading time\" \/>\n\t<meta name=\"twitter:data1\" content=\"1 minute\" \/>\n<script type=\"application\/ld+json\" class=\"yoast-schema-graph\">{\"@context\":\"https:\\\/\\\/schema.org\",\"@graph\":[{\"@type\":\"WebPage\",\"@id\":\"https:\\\/\\\/skaitytaknyga.lt\\\/produktas\\\/alenas-aleksanderis-milnas-pukuotuko-pasaulis\\\/\",\"url\":\"https:\\\/\\\/skaitytaknyga.lt\\\/produktas\\\/alenas-aleksanderis-milnas-pukuotuko-pasaulis\\\/\",\"name\":\"Alenas Aleksanderis Milnas \u201eP\u016bkuotuko pasaulis\u201c\",\"isPartOf\":{\"@id\":\"https:\\\/\\\/skaitytaknyga.lt\\\/#website\"},\"primaryImageOfPage\":{\"@id\":\"https:\\\/\\\/skaitytaknyga.lt\\\/produktas\\\/alenas-aleksanderis-milnas-pukuotuko-pasaulis\\\/#primaryimage\"},\"image\":{\"@id\":\"https:\\\/\\\/skaitytaknyga.lt\\\/produktas\\\/alenas-aleksanderis-milnas-pukuotuko-pasaulis\\\/#primaryimage\"},\"thumbnailUrl\":\"https:\\\/\\\/skaitytaknyga.lt\\\/wp-content\\\/uploads\\\/2024\\\/05\\\/Pukuotuko-pasaulis-1.webp\",\"datePublished\":\"2024-05-04T15:02:33+00:00\",\"dateModified\":\"2026-02-26T16:56:12+00:00\",\"description\":\"Tai knyga apie nepamir\u0161tam\u0105j\u012f Mik\u0119 P\u016bkuotuk\u0105 ir jo nuotykius \u0160imtamyl\u0117j\u0117 girioje kartu su \u0161auniaisiais draugais par\u0161eliu, Nul\u0117pausiu, Triu\u0161iu, Pel\u0117da ir kitais.\",\"breadcrumb\":{\"@id\":\"https:\\\/\\\/skaitytaknyga.lt\\\/produktas\\\/alenas-aleksanderis-milnas-pukuotuko-pasaulis\\\/#breadcrumb\"},\"inLanguage\":\"en-GB\",\"potentialAction\":[{\"@type\":\"ReadAction\",\"target\":[\"https:\\\/\\\/skaitytaknyga.lt\\\/produktas\\\/alenas-aleksanderis-milnas-pukuotuko-pasaulis\\\/\"]}]},{\"@type\":\"ImageObject\",\"inLanguage\":\"en-GB\",\"@id\":\"https:\\\/\\\/skaitytaknyga.lt\\\/produktas\\\/alenas-aleksanderis-milnas-pukuotuko-pasaulis\\\/#primaryimage\",\"url\":\"https:\\\/\\\/skaitytaknyga.lt\\\/wp-content\\\/uploads\\\/2024\\\/05\\\/Pukuotuko-pasaulis-1.webp\",\"contentUrl\":\"https:\\\/\\\/skaitytaknyga.lt\\\/wp-content\\\/uploads\\\/2024\\\/05\\\/Pukuotuko-pasaulis-1.webp\",\"width\":300,\"height\":382,\"caption\":\"P\u016bkuotuko pasaulis\"},{\"@type\":\"BreadcrumbList\",\"@id\":\"https:\\\/\\\/skaitytaknyga.lt\\\/produktas\\\/alenas-aleksanderis-milnas-pukuotuko-pasaulis\\\/#breadcrumb\",\"itemListElement\":[{\"@type\":\"ListItem\",\"position\":1,\"name\":\"Home\",\"item\":\"https:\\\/\\\/skaitytaknyga.lt\\\/\"},{\"@type\":\"ListItem\",\"position\":2,\"name\":\"Parduotuv\u0117\",\"item\":\"https:\\\/\\\/skaitytaknyga.lt\\\/knygu-parduotuve\\\/\"},{\"@type\":\"ListItem\",\"position\":3,\"name\":\"Alenas Aleksanderis Milnas \u201eP\u016bkuotuko pasaulis\u201c\"}]},{\"@type\":\"WebSite\",\"@id\":\"https:\\\/\\\/skaitytaknyga.lt\\\/#website\",\"url\":\"https:\\\/\\\/skaitytaknyga.lt\\\/\",\"name\":\"skaitytaknyga.lt\",\"description\":\"Skaitytaknyga.lt \u2013 tai ma\u017eas \u0161eimos verslas, kuris prasid\u0117jo nuo meil\u0117s knygoms ir siekio i\u0161gelb\u0117ti knygas nuo likimo prie konteinerio. Kas vienam nereikalingas daiktas \u2013 kitam lobis, o mes esame tarpininkai, kurie padeda abiems tapti laimingesniems ???? \u017dinome kaip nelengva i\u0161gyventi ma\u017eiems verslams, tad nuo \u0161iol, \u010dia rasite ir kit\u0173, ma\u017e\u0173 \u0161eim\u0173 versl\u0173, rank\u0173 darbo, dovan\u0173 sau ir artimiesiems.\",\"publisher\":{\"@id\":\"https:\\\/\\\/skaitytaknyga.lt\\\/#organization\"},\"potentialAction\":[{\"@type\":\"SearchAction\",\"target\":{\"@type\":\"EntryPoint\",\"urlTemplate\":\"https:\\\/\\\/skaitytaknyga.lt\\\/?s={search_term_string}\"},\"query-input\":{\"@type\":\"PropertyValueSpecification\",\"valueRequired\":true,\"valueName\":\"search_term_string\"}}],\"inLanguage\":\"en-GB\"},{\"@type\":\"Organization\",\"@id\":\"https:\\\/\\\/skaitytaknyga.lt\\\/#organization\",\"name\":\"skaitytaknyga.lt\",\"url\":\"https:\\\/\\\/skaitytaknyga.lt\\\/\",\"logo\":{\"@type\":\"ImageObject\",\"inLanguage\":\"en-GB\",\"@id\":\"https:\\\/\\\/skaitytaknyga.lt\\\/#\\\/schema\\\/logo\\\/image\\\/\",\"url\":\"https:\\\/\\\/skaitytaknyga.lt\\\/wp-content\\\/uploads\\\/2024\\\/05\\\/cropped-cropped-cropped-02_00843_jt3bggkj1j3HLc7SyY6rEUpg.jpeg\",\"contentUrl\":\"https:\\\/\\\/skaitytaknyga.lt\\\/wp-content\\\/uploads\\\/2024\\\/05\\\/cropped-cropped-cropped-02_00843_jt3bggkj1j3HLc7SyY6rEUpg.jpeg\",\"width\":1600,\"height\":1600,\"caption\":\"skaitytaknyga.lt\"},\"image\":{\"@id\":\"https:\\\/\\\/skaitytaknyga.lt\\\/#\\\/schema\\\/logo\\\/image\\\/\"},\"sameAs\":[\"https:\\\/\\\/www.facebook.com\\\/skaitytaknyga\\\/\"]}]}<\/script>\n<!-- \/ Yoast SEO plugin. -->","yoast_head_json":{"title":"Alenas Aleksanderis Milnas \u201eP\u016bkuotuko pasaulis\u201c","description":"Tai knyga apie nepamir\u0161tam\u0105j\u012f Mik\u0119 P\u016bkuotuk\u0105 ir jo nuotykius \u0160imtamyl\u0117j\u0117 girioje kartu su \u0161auniaisiais draugais par\u0161eliu, Nul\u0117pausiu, Triu\u0161iu, Pel\u0117da ir kitais.","robots":{"index":"index","follow":"follow","max-snippet":"max-snippet:-1","max-image-preview":"max-image-preview:large","max-video-preview":"max-video-preview:-1"},"canonical":"https:\/\/skaitytaknyga.lt\/en\/produktas\/alenas-aleksanderis-milnas-pukuotuko-pasaulis\/","og_locale":"en_GB","og_type":"article","og_title":"[:lt]Alenas Aleksanderis Milnas \u201eP\u016bkuotuko pasaulis\u201c[:] - Skaitytaknyga","og_description":"Tai knyga apie nepamir\u0161tam\u0105j\u012f Mik\u0119 P\u016bkuotuk\u0105 ir jo nuotykius \u0160imtamyl\u0117j\u0117 girioje kartu su \u0161auniaisiais draugais par\u0161eliu, Nul\u0117pausiu, Triu\u0161iu, Pel\u0117da ir kitais.","og_url":"https:\/\/skaitytaknyga.lt\/en\/produktas\/alenas-aleksanderis-milnas-pukuotuko-pasaulis\/","og_site_name":"Skaitytaknyga","article_publisher":"https:\/\/www.facebook.com\/skaitytaknyga\/","article_modified_time":"2026-02-26T16:56:12+00:00","og_image":[{"width":747,"height":496,"url":"https:\/\/skaitytaknyga.lt\/wp-content\/uploads\/2024\/07\/skaitytaknyga.png","type":"image\/png"}],"twitter_card":"summary_large_image","twitter_misc":{"Estimated reading time":"1 minute"},"schema":{"@context":"https:\/\/schema.org","@graph":[{"@type":"WebPage","@id":"https:\/\/skaitytaknyga.lt\/produktas\/alenas-aleksanderis-milnas-pukuotuko-pasaulis\/","url":"https:\/\/skaitytaknyga.lt\/produktas\/alenas-aleksanderis-milnas-pukuotuko-pasaulis\/","name":"Alenas Aleksanderis Milnas \u201eP\u016bkuotuko pasaulis\u201c","isPartOf":{"@id":"https:\/\/skaitytaknyga.lt\/#website"},"primaryImageOfPage":{"@id":"https:\/\/skaitytaknyga.lt\/produktas\/alenas-aleksanderis-milnas-pukuotuko-pasaulis\/#primaryimage"},"image":{"@id":"https:\/\/skaitytaknyga.lt\/produktas\/alenas-aleksanderis-milnas-pukuotuko-pasaulis\/#primaryimage"},"thumbnailUrl":"https:\/\/skaitytaknyga.lt\/wp-content\/uploads\/2024\/05\/Pukuotuko-pasaulis-1.webp","datePublished":"2024-05-04T15:02:33+00:00","dateModified":"2026-02-26T16:56:12+00:00","description":"Tai knyga apie nepamir\u0161tam\u0105j\u012f Mik\u0119 P\u016bkuotuk\u0105 ir jo nuotykius \u0160imtamyl\u0117j\u0117 girioje kartu su \u0161auniaisiais draugais par\u0161eliu, Nul\u0117pausiu, Triu\u0161iu, Pel\u0117da ir kitais.","breadcrumb":{"@id":"https:\/\/skaitytaknyga.lt\/produktas\/alenas-aleksanderis-milnas-pukuotuko-pasaulis\/#breadcrumb"},"inLanguage":"en-GB","potentialAction":[{"@type":"ReadAction","target":["https:\/\/skaitytaknyga.lt\/produktas\/alenas-aleksanderis-milnas-pukuotuko-pasaulis\/"]}]},{"@type":"ImageObject","inLanguage":"en-GB","@id":"https:\/\/skaitytaknyga.lt\/produktas\/alenas-aleksanderis-milnas-pukuotuko-pasaulis\/#primaryimage","url":"https:\/\/skaitytaknyga.lt\/wp-content\/uploads\/2024\/05\/Pukuotuko-pasaulis-1.webp","contentUrl":"https:\/\/skaitytaknyga.lt\/wp-content\/uploads\/2024\/05\/Pukuotuko-pasaulis-1.webp","width":300,"height":382,"caption":"P\u016bkuotuko pasaulis"},{"@type":"BreadcrumbList","@id":"https:\/\/skaitytaknyga.lt\/produktas\/alenas-aleksanderis-milnas-pukuotuko-pasaulis\/#breadcrumb","itemListElement":[{"@type":"ListItem","position":1,"name":"Home","item":"https:\/\/skaitytaknyga.lt\/"},{"@type":"ListItem","position":2,"name":"Parduotuv\u0117","item":"https:\/\/skaitytaknyga.lt\/knygu-parduotuve\/"},{"@type":"ListItem","position":3,"name":"Alenas Aleksanderis Milnas \u201eP\u016bkuotuko pasaulis\u201c"}]},{"@type":"WebSite","@id":"https:\/\/skaitytaknyga.lt\/#website","url":"https:\/\/skaitytaknyga.lt\/","name":"skaitytaknyga.lt","description":"Skaitytaknyga.lt \u2013 tai ma\u017eas \u0161eimos verslas, kuris prasid\u0117jo nuo meil\u0117s knygoms ir siekio i\u0161gelb\u0117ti knygas nuo likimo prie konteinerio. Kas vienam nereikalingas daiktas \u2013 kitam lobis, o mes esame tarpininkai, kurie padeda abiems tapti laimingesniems ???? \u017dinome kaip nelengva i\u0161gyventi ma\u017eiems verslams, tad nuo \u0161iol, \u010dia rasite ir kit\u0173, ma\u017e\u0173 \u0161eim\u0173 versl\u0173, rank\u0173 darbo, dovan\u0173 sau ir artimiesiems.","publisher":{"@id":"https:\/\/skaitytaknyga.lt\/#organization"},"potentialAction":[{"@type":"SearchAction","target":{"@type":"EntryPoint","urlTemplate":"https:\/\/skaitytaknyga.lt\/?s={search_term_string}"},"query-input":{"@type":"PropertyValueSpecification","valueRequired":true,"valueName":"search_term_string"}}],"inLanguage":"en-GB"},{"@type":"Organization","@id":"https:\/\/skaitytaknyga.lt\/#organization","name":"skaitytaknyga.lt","url":"https:\/\/skaitytaknyga.lt\/","logo":{"@type":"ImageObject","inLanguage":"en-GB","@id":"https:\/\/skaitytaknyga.lt\/#\/schema\/logo\/image\/","url":"https:\/\/skaitytaknyga.lt\/wp-content\/uploads\/2024\/05\/cropped-cropped-cropped-02_00843_jt3bggkj1j3HLc7SyY6rEUpg.jpeg","contentUrl":"https:\/\/skaitytaknyga.lt\/wp-content\/uploads\/2024\/05\/cropped-cropped-cropped-02_00843_jt3bggkj1j3HLc7SyY6rEUpg.jpeg","width":1600,"height":1600,"caption":"skaitytaknyga.lt"},"image":{"@id":"https:\/\/skaitytaknyga.lt\/#\/schema\/logo\/image\/"},"sameAs":["https:\/\/www.facebook.com\/skaitytaknyga\/"]}]}},"_links":{"self":[{"href":"https:\/\/skaitytaknyga.lt\/en\/wp-json\/wp\/v2\/product\/9410","targetHints":{"allow":["GET"]}}],"collection":[{"href":"https:\/\/skaitytaknyga.lt\/en\/wp-json\/wp\/v2\/product"}],"about":[{"href":"https:\/\/skaitytaknyga.lt\/en\/wp-json\/wp\/v2\/types\/product"}],"replies":[{"embeddable":true,"href":"https:\/\/skaitytaknyga.lt\/en\/wp-json\/wp\/v2\/comments?post=9410"}],"wp:featuredmedia":[{"embeddable":true,"href":"https:\/\/skaitytaknyga.lt\/en\/wp-json\/wp\/v2\/media\/23198"}],"wp:attachment":[{"href":"https:\/\/skaitytaknyga.lt\/en\/wp-json\/wp\/v2\/media?parent=9410"}],"wp:term":[{"taxonomy":"product_brand","embeddable":true,"href":"https:\/\/skaitytaknyga.lt\/en\/wp-json\/wp\/v2\/product_brand?post=9410"},{"taxonomy":"product_cat","embeddable":true,"href":"https:\/\/skaitytaknyga.lt\/en\/wp-json\/wp\/v2\/product_cat?post=9410"},{"taxonomy":"product_tag","embeddable":true,"href":"https:\/\/skaitytaknyga.lt\/en\/wp-json\/wp\/v2\/product_tag?post=9410"}],"curies":[{"name":"wp","href":"https:\/\/api.w.org\/{rel}","templated":true}]}}