{"id":9403,"date":"2024-05-04T15:02:13","date_gmt":"2024-05-04T15:02:13","guid":{"rendered":"https:\/\/skaitytaknyga.lt\/?post_type=product&#038;p=9403"},"modified":"2026-04-15T19:56:24","modified_gmt":"2026-04-15T16:56:24","slug":"epic-kitchen-adventures-tasty-treats-ready-in-minutes-2","status":"publish","type":"product","link":"https:\/\/skaitytaknyga.lt\/en\/produktas\/epic-kitchen-adventures-tasty-treats-ready-in-minutes-2\/","title":{"rendered":"Epic Kitchen Adventures: Tasty Treats Ready in Minutes!"},"content":{"rendered":"<p>Entertaining countless followers and subscribers with his YouTube posts, Raphael Gomes has been sharing his outrageous fast food recipes with hungry fans across the globe. His new and quirky cookbook provides tried and tested recipes that promise to be ready in minutes. With basic prep-time and speedy delivery, these yummy treats are perfect for those looking for something more fun and less time consuming than standard cookbooks. With the accompanying free app, readers can access additional exclusive content. By scanning icons throughout the book they will be able to unlock the new videos, pictures and advice from Raphael to help them snack with style and with speed. Approximately 50 recipes include Chocolate Mug Cake, 3 Ingredient Nutella Muffins, Crispy Bacon and Cheese Roll-Ups, One-Minute Microwave Mini Pizzas, and Oreo Popcorn. Includes metric measures.<\/p>\n","protected":false},"excerpt":{"rendered":"<p>Entertaining countless followers and subscribers with his YouTube posts, Raphael Gomes has been sharing his outrageous fast food recipes with hungry fans across the globe. His new and quirky cookbook provides tried and tested recipes that promise to be ready in minutes. With basic prep-time and speedy delivery, these yummy treats are perfect for those looking for something more fun and less time consuming than standard cookbooks. With the accompanying free app, readers can access additional exclusive content. By scanning icons throughout the book they will be able to unlock the new videos, pictures and advice from Raphael to help them snack with style and with speed. Approximately 50 recipes include Chocolate Mug Cake, 3 Ingredient Nutella Muffins, Crispy Bacon and Cheese Roll-Ups, One-Minute Microwave Mini Pizzas, and Oreo Popcorn. Includes metric measures.<\/p>\n","protected":false},"featured_media":6767,"comment_status":"closed","ping_status":"closed","template":"","meta":{"_acf_changed":false,"site-sidebar-layout":"default","site-content-layout":"","ast-site-content-layout":"default","site-content-style":"default","site-sidebar-style":"default","ast-global-header-display":"","ast-banner-title-visibility":"","ast-main-header-display":"","ast-hfb-above-header-display":"","ast-hfb-below-header-display":"","ast-hfb-mobile-header-display":"","site-post-title":"","ast-breadcrumbs-content":"","ast-featured-img":"","footer-sml-layout":"","ast-disable-related-posts":"","theme-transparent-header-meta":"","adv-header-id-meta":"","stick-header-meta":"","header-above-stick-meta":"","header-main-stick-meta":"","header-below-stick-meta":"","astra-migrate-meta-layouts":"default","ast-page-background-enabled":"default","ast-page-background-meta":{"desktop":{"background-color":"","background-image":"","background-repeat":"repeat","background-position":"center center","background-size":"auto","background-attachment":"scroll","background-type":"","background-media":"","overlay-type":"","overlay-color":"","overlay-opacity":"","overlay-gradient":""},"tablet":{"background-color":"","background-image":"","background-repeat":"repeat","background-position":"center center","background-size":"auto","background-attachment":"scroll","background-type":"","background-media":"","overlay-type":"","overlay-color":"","overlay-opacity":"","overlay-gradient":""},"mobile":{"background-color":"","background-image":"","background-repeat":"repeat","background-position":"center center","background-size":"auto","background-attachment":"scroll","background-type":"","background-media":"","overlay-type":"","overlay-color":"","overlay-opacity":"","overlay-gradient":""}},"ast-content-background-meta":{"desktop":{"background-color":"var(--ast-global-color-4)","background-image":"","background-repeat":"repeat","background-position":"center center","background-size":"auto","background-attachment":"scroll","background-type":"","background-media":"","overlay-type":"","overlay-color":"","overlay-opacity":"","overlay-gradient":""},"tablet":{"background-color":"var(--ast-global-color-4)","background-image":"","background-repeat":"repeat","background-position":"center center","background-size":"auto","background-attachment":"scroll","background-type":"","background-media":"","overlay-type":"","overlay-color":"","overlay-opacity":"","overlay-gradient":""},"mobile":{"background-color":"var(--ast-global-color-4)","background-image":"","background-repeat":"repeat","background-position":"center center","background-size":"auto","background-attachment":"scroll","background-type":"","background-media":"","overlay-type":"","overlay-color":"","overlay-opacity":"","overlay-gradient":""}}},"product_brand":[],"product_cat":[34,58],"product_tag":[9584],"class_list":{"0":"post-9403","1":"product","2":"type-product","3":"status-publish","4":"has-post-thumbnail","6":"product_cat-knygos-anglu-kalba","7":"product_cat-receptai","8":"product_tag-s-day","9":"desktop-align-left","10":"tablet-align-left","11":"mobile-align-left","13":"first","14":"outofstock","15":"shipping-taxable","16":"purchasable","17":"product-type-simple"},"acf":[],"yoast_head":"<!-- This site is optimized with the Yoast SEO plugin v27.4 - https:\/\/yoast.com\/product\/yoast-seo-wordpress\/ -->\n<title>Epic Kitchen Adventures: Tasty Treats Ready in Minutes! - Skaitytaknyga<\/title>\n<meta name=\"description\" content=\"Entertaining countless followers and subscribers with his YouTube posts, Raphael Gomes has been sharing his outrageous fast food recipes with hungry fans across the globe. His new and quirky cookbook provides tried and tested recipes that promise to be ready in minutes. With basic prep-time and speedy delivery, these yummy treats are perfect for those looking for something more fun and less time consuming than standard cookbooks. With the accompanying free app, readers can access additional exclusive content. By scanning icons throughout the book they will be able to unlock the new videos, pictures and advice from Raphael to help them snack with style and with speed. Approximately 50 recipes include Chocolate Mug Cake, 3 Ingredient Nutella Muffins, Crispy Bacon and Cheese Roll-Ups, One-Minute Microwave Mini Pizzas, and Oreo Popcorn. Includes metric measures.\" \/>\n<meta name=\"robots\" content=\"index, follow, max-snippet:-1, max-image-preview:large, max-video-preview:-1\" \/>\n<link rel=\"canonical\" href=\"https:\/\/skaitytaknyga.lt\/en\/produktas\/epic-kitchen-adventures-tasty-treats-ready-in-minutes-2\/\" \/>\n<meta property=\"og:locale\" content=\"en_GB\" \/>\n<meta property=\"og:locale:alternate\" content=\"lt_LT\" \/>\n<meta property=\"og:type\" content=\"article\" \/>\n<meta property=\"og:title\" content=\"Epic Kitchen Adventures: Tasty Treats Ready in Minutes! - Skaitytaknyga\" \/>\n<meta property=\"og:description\" content=\"Entertaining countless followers and subscribers with his YouTube posts, Raphael Gomes has been sharing his outrageous fast food recipes with hungry fans across the globe. His new and quirky cookbook provides tried and tested recipes that promise to be ready in minutes. With basic prep-time and speedy delivery, these yummy treats are perfect for those looking for something more fun and less time consuming than standard cookbooks. With the accompanying free app, readers can access additional exclusive content. By scanning icons throughout the book they will be able to unlock the new videos, pictures and advice from Raphael to help them snack with style and with speed. Approximately 50 recipes include Chocolate Mug Cake, 3 Ingredient Nutella Muffins, Crispy Bacon and Cheese Roll-Ups, One-Minute Microwave Mini Pizzas, and Oreo Popcorn. Includes metric measures.\" \/>\n<meta property=\"og:url\" content=\"https:\/\/skaitytaknyga.lt\/en\/produktas\/epic-kitchen-adventures-tasty-treats-ready-in-minutes-2\/\" \/>\n<meta property=\"og:site_name\" content=\"Skaitytaknyga\" \/>\n<meta property=\"article:publisher\" content=\"https:\/\/www.facebook.com\/skaitytaknyga\/\" \/>\n<meta property=\"article:modified_time\" content=\"2026-04-15T16:56:24+00:00\" \/>\n<meta property=\"og:image\" content=\"https:\/\/skaitytaknyga.lt\/wp-content\/uploads\/2024\/05\/61ljaqeXygS._SX218_BO1204203200_QL40_FMwebp_.webp\" \/>\n\t<meta property=\"og:image:width\" content=\"220\" \/>\n\t<meta property=\"og:image:height\" content=\"287\" \/>\n\t<meta property=\"og:image:type\" content=\"image\/webp\" \/>\n<meta name=\"twitter:card\" content=\"summary_large_image\" \/>\n<meta name=\"twitter:label1\" content=\"Estimated reading time\" \/>\n\t<meta name=\"twitter:data1\" content=\"1 minute\" \/>\n<script type=\"application\/ld+json\" class=\"yoast-schema-graph\">{\"@context\":\"https:\\\/\\\/schema.org\",\"@graph\":[{\"@type\":\"WebPage\",\"@id\":\"https:\\\/\\\/skaitytaknyga.lt\\\/produktas\\\/epic-kitchen-adventures-tasty-treats-ready-in-minutes-2\\\/\",\"url\":\"https:\\\/\\\/skaitytaknyga.lt\\\/produktas\\\/epic-kitchen-adventures-tasty-treats-ready-in-minutes-2\\\/\",\"name\":\"Epic Kitchen Adventures: Tasty Treats Ready in Minutes! - Skaitytaknyga\",\"isPartOf\":{\"@id\":\"https:\\\/\\\/skaitytaknyga.lt\\\/#website\"},\"primaryImageOfPage\":{\"@id\":\"https:\\\/\\\/skaitytaknyga.lt\\\/produktas\\\/epic-kitchen-adventures-tasty-treats-ready-in-minutes-2\\\/#primaryimage\"},\"image\":{\"@id\":\"https:\\\/\\\/skaitytaknyga.lt\\\/produktas\\\/epic-kitchen-adventures-tasty-treats-ready-in-minutes-2\\\/#primaryimage\"},\"thumbnailUrl\":\"https:\\\/\\\/skaitytaknyga.lt\\\/wp-content\\\/uploads\\\/2024\\\/05\\\/61ljaqeXygS._SX218_BO1204203200_QL40_FMwebp_.webp\",\"datePublished\":\"2024-05-04T15:02:13+00:00\",\"dateModified\":\"2026-04-15T16:56:24+00:00\",\"description\":\"Entertaining countless followers and subscribers with his YouTube posts, Raphael Gomes has been sharing his outrageous fast food recipes with hungry fans across the globe. His new and quirky cookbook provides tried and tested recipes that promise to be ready in minutes. With basic prep-time and speedy delivery, these yummy treats are perfect for those looking for something more fun and less time consuming than standard cookbooks. With the accompanying free app, readers can access additional exclusive content. By scanning icons throughout the book they will be able to unlock the new videos, pictures and advice from Raphael to help them snack with style and with speed. Approximately 50 recipes include Chocolate Mug Cake, 3 Ingredient Nutella Muffins, Crispy Bacon and Cheese Roll-Ups, One-Minute Microwave Mini Pizzas, and Oreo Popcorn. Includes metric measures.\",\"breadcrumb\":{\"@id\":\"https:\\\/\\\/skaitytaknyga.lt\\\/produktas\\\/epic-kitchen-adventures-tasty-treats-ready-in-minutes-2\\\/#breadcrumb\"},\"inLanguage\":\"en-GB\",\"potentialAction\":[{\"@type\":\"ReadAction\",\"target\":[\"https:\\\/\\\/skaitytaknyga.lt\\\/produktas\\\/epic-kitchen-adventures-tasty-treats-ready-in-minutes-2\\\/\"]}]},{\"@type\":\"ImageObject\",\"inLanguage\":\"en-GB\",\"@id\":\"https:\\\/\\\/skaitytaknyga.lt\\\/produktas\\\/epic-kitchen-adventures-tasty-treats-ready-in-minutes-2\\\/#primaryimage\",\"url\":\"https:\\\/\\\/skaitytaknyga.lt\\\/wp-content\\\/uploads\\\/2024\\\/05\\\/61ljaqeXygS._SX218_BO1204203200_QL40_FMwebp_.webp\",\"contentUrl\":\"https:\\\/\\\/skaitytaknyga.lt\\\/wp-content\\\/uploads\\\/2024\\\/05\\\/61ljaqeXygS._SX218_BO1204203200_QL40_FMwebp_.webp\",\"width\":220,\"height\":287},{\"@type\":\"BreadcrumbList\",\"@id\":\"https:\\\/\\\/skaitytaknyga.lt\\\/produktas\\\/epic-kitchen-adventures-tasty-treats-ready-in-minutes-2\\\/#breadcrumb\",\"itemListElement\":[{\"@type\":\"ListItem\",\"position\":1,\"name\":\"Home\",\"item\":\"https:\\\/\\\/skaitytaknyga.lt\\\/\"},{\"@type\":\"ListItem\",\"position\":2,\"name\":\"Parduotuv\u0117\",\"item\":\"https:\\\/\\\/skaitytaknyga.lt\\\/knygu-parduotuve\\\/\"},{\"@type\":\"ListItem\",\"position\":3,\"name\":\"Epic Kitchen Adventures: Tasty Treats Ready in Minutes!\"}]},{\"@type\":\"WebSite\",\"@id\":\"https:\\\/\\\/skaitytaknyga.lt\\\/#website\",\"url\":\"https:\\\/\\\/skaitytaknyga.lt\\\/\",\"name\":\"skaitytaknyga.lt\",\"description\":\"Skaitytaknyga.lt \u2013 tai ma\u017eas \u0161eimos verslas, kuris prasid\u0117jo nuo meil\u0117s knygoms ir siekio i\u0161gelb\u0117ti knygas nuo likimo prie konteinerio. Kas vienam nereikalingas daiktas \u2013 kitam lobis, o mes esame tarpininkai, kurie padeda abiems tapti laimingesniems ???? \u017dinome kaip nelengva i\u0161gyventi ma\u017eiems verslams, tad nuo \u0161iol, \u010dia rasite ir kit\u0173, ma\u017e\u0173 \u0161eim\u0173 versl\u0173, rank\u0173 darbo, dovan\u0173 sau ir artimiesiems.\",\"publisher\":{\"@id\":\"https:\\\/\\\/skaitytaknyga.lt\\\/#organization\"},\"potentialAction\":[{\"@type\":\"SearchAction\",\"target\":{\"@type\":\"EntryPoint\",\"urlTemplate\":\"https:\\\/\\\/skaitytaknyga.lt\\\/?s={search_term_string}\"},\"query-input\":{\"@type\":\"PropertyValueSpecification\",\"valueRequired\":true,\"valueName\":\"search_term_string\"}}],\"inLanguage\":\"en-GB\"},{\"@type\":\"Organization\",\"@id\":\"https:\\\/\\\/skaitytaknyga.lt\\\/#organization\",\"name\":\"skaitytaknyga.lt\",\"url\":\"https:\\\/\\\/skaitytaknyga.lt\\\/\",\"logo\":{\"@type\":\"ImageObject\",\"inLanguage\":\"en-GB\",\"@id\":\"https:\\\/\\\/skaitytaknyga.lt\\\/#\\\/schema\\\/logo\\\/image\\\/\",\"url\":\"https:\\\/\\\/skaitytaknyga.lt\\\/wp-content\\\/uploads\\\/2024\\\/05\\\/cropped-cropped-cropped-02_00843_jt3bggkj1j3HLc7SyY6rEUpg.jpeg\",\"contentUrl\":\"https:\\\/\\\/skaitytaknyga.lt\\\/wp-content\\\/uploads\\\/2024\\\/05\\\/cropped-cropped-cropped-02_00843_jt3bggkj1j3HLc7SyY6rEUpg.jpeg\",\"width\":1600,\"height\":1600,\"caption\":\"skaitytaknyga.lt\"},\"image\":{\"@id\":\"https:\\\/\\\/skaitytaknyga.lt\\\/#\\\/schema\\\/logo\\\/image\\\/\"},\"sameAs\":[\"https:\\\/\\\/www.facebook.com\\\/skaitytaknyga\\\/\"]}]}<\/script>\n<!-- \/ Yoast SEO plugin. -->","yoast_head_json":{"title":"Epic Kitchen Adventures: Tasty Treats Ready in Minutes! - Skaitytaknyga","description":"Entertaining countless followers and subscribers with his YouTube posts, Raphael Gomes has been sharing his outrageous fast food recipes with hungry fans across the globe. His new and quirky cookbook provides tried and tested recipes that promise to be ready in minutes. With basic prep-time and speedy delivery, these yummy treats are perfect for those looking for something more fun and less time consuming than standard cookbooks. With the accompanying free app, readers can access additional exclusive content. By scanning icons throughout the book they will be able to unlock the new videos, pictures and advice from Raphael to help them snack with style and with speed. Approximately 50 recipes include Chocolate Mug Cake, 3 Ingredient Nutella Muffins, Crispy Bacon and Cheese Roll-Ups, One-Minute Microwave Mini Pizzas, and Oreo Popcorn. Includes metric measures.","robots":{"index":"index","follow":"follow","max-snippet":"max-snippet:-1","max-image-preview":"max-image-preview:large","max-video-preview":"max-video-preview:-1"},"canonical":"https:\/\/skaitytaknyga.lt\/en\/produktas\/epic-kitchen-adventures-tasty-treats-ready-in-minutes-2\/","og_locale":"en_GB","og_type":"article","og_title":"Epic Kitchen Adventures: Tasty Treats Ready in Minutes! - Skaitytaknyga","og_description":"Entertaining countless followers and subscribers with his YouTube posts, Raphael Gomes has been sharing his outrageous fast food recipes with hungry fans across the globe. His new and quirky cookbook provides tried and tested recipes that promise to be ready in minutes. With basic prep-time and speedy delivery, these yummy treats are perfect for those looking for something more fun and less time consuming than standard cookbooks. With the accompanying free app, readers can access additional exclusive content. By scanning icons throughout the book they will be able to unlock the new videos, pictures and advice from Raphael to help them snack with style and with speed. Approximately 50 recipes include Chocolate Mug Cake, 3 Ingredient Nutella Muffins, Crispy Bacon and Cheese Roll-Ups, One-Minute Microwave Mini Pizzas, and Oreo Popcorn. Includes metric measures.","og_url":"https:\/\/skaitytaknyga.lt\/en\/produktas\/epic-kitchen-adventures-tasty-treats-ready-in-minutes-2\/","og_site_name":"Skaitytaknyga","article_publisher":"https:\/\/www.facebook.com\/skaitytaknyga\/","article_modified_time":"2026-04-15T16:56:24+00:00","og_image":[{"width":220,"height":287,"url":"https:\/\/skaitytaknyga.lt\/wp-content\/uploads\/2024\/05\/61ljaqeXygS._SX218_BO1204203200_QL40_FMwebp_.webp","type":"image\/webp"}],"twitter_card":"summary_large_image","twitter_misc":{"Estimated reading time":"1 minute"},"schema":{"@context":"https:\/\/schema.org","@graph":[{"@type":"WebPage","@id":"https:\/\/skaitytaknyga.lt\/produktas\/epic-kitchen-adventures-tasty-treats-ready-in-minutes-2\/","url":"https:\/\/skaitytaknyga.lt\/produktas\/epic-kitchen-adventures-tasty-treats-ready-in-minutes-2\/","name":"Epic Kitchen Adventures: Tasty Treats Ready in Minutes! - Skaitytaknyga","isPartOf":{"@id":"https:\/\/skaitytaknyga.lt\/#website"},"primaryImageOfPage":{"@id":"https:\/\/skaitytaknyga.lt\/produktas\/epic-kitchen-adventures-tasty-treats-ready-in-minutes-2\/#primaryimage"},"image":{"@id":"https:\/\/skaitytaknyga.lt\/produktas\/epic-kitchen-adventures-tasty-treats-ready-in-minutes-2\/#primaryimage"},"thumbnailUrl":"https:\/\/skaitytaknyga.lt\/wp-content\/uploads\/2024\/05\/61ljaqeXygS._SX218_BO1204203200_QL40_FMwebp_.webp","datePublished":"2024-05-04T15:02:13+00:00","dateModified":"2026-04-15T16:56:24+00:00","description":"Entertaining countless followers and subscribers with his YouTube posts, Raphael Gomes has been sharing his outrageous fast food recipes with hungry fans across the globe. His new and quirky cookbook provides tried and tested recipes that promise to be ready in minutes. With basic prep-time and speedy delivery, these yummy treats are perfect for those looking for something more fun and less time consuming than standard cookbooks. With the accompanying free app, readers can access additional exclusive content. By scanning icons throughout the book they will be able to unlock the new videos, pictures and advice from Raphael to help them snack with style and with speed. Approximately 50 recipes include Chocolate Mug Cake, 3 Ingredient Nutella Muffins, Crispy Bacon and Cheese Roll-Ups, One-Minute Microwave Mini Pizzas, and Oreo Popcorn. Includes metric measures.","breadcrumb":{"@id":"https:\/\/skaitytaknyga.lt\/produktas\/epic-kitchen-adventures-tasty-treats-ready-in-minutes-2\/#breadcrumb"},"inLanguage":"en-GB","potentialAction":[{"@type":"ReadAction","target":["https:\/\/skaitytaknyga.lt\/produktas\/epic-kitchen-adventures-tasty-treats-ready-in-minutes-2\/"]}]},{"@type":"ImageObject","inLanguage":"en-GB","@id":"https:\/\/skaitytaknyga.lt\/produktas\/epic-kitchen-adventures-tasty-treats-ready-in-minutes-2\/#primaryimage","url":"https:\/\/skaitytaknyga.lt\/wp-content\/uploads\/2024\/05\/61ljaqeXygS._SX218_BO1204203200_QL40_FMwebp_.webp","contentUrl":"https:\/\/skaitytaknyga.lt\/wp-content\/uploads\/2024\/05\/61ljaqeXygS._SX218_BO1204203200_QL40_FMwebp_.webp","width":220,"height":287},{"@type":"BreadcrumbList","@id":"https:\/\/skaitytaknyga.lt\/produktas\/epic-kitchen-adventures-tasty-treats-ready-in-minutes-2\/#breadcrumb","itemListElement":[{"@type":"ListItem","position":1,"name":"Home","item":"https:\/\/skaitytaknyga.lt\/"},{"@type":"ListItem","position":2,"name":"Parduotuv\u0117","item":"https:\/\/skaitytaknyga.lt\/knygu-parduotuve\/"},{"@type":"ListItem","position":3,"name":"Epic Kitchen Adventures: Tasty Treats Ready in Minutes!"}]},{"@type":"WebSite","@id":"https:\/\/skaitytaknyga.lt\/#website","url":"https:\/\/skaitytaknyga.lt\/","name":"skaitytaknyga.lt","description":"Skaitytaknyga.lt \u2013 tai ma\u017eas \u0161eimos verslas, kuris prasid\u0117jo nuo meil\u0117s knygoms ir siekio i\u0161gelb\u0117ti knygas nuo likimo prie konteinerio. Kas vienam nereikalingas daiktas \u2013 kitam lobis, o mes esame tarpininkai, kurie padeda abiems tapti laimingesniems ???? \u017dinome kaip nelengva i\u0161gyventi ma\u017eiems verslams, tad nuo \u0161iol, \u010dia rasite ir kit\u0173, ma\u017e\u0173 \u0161eim\u0173 versl\u0173, rank\u0173 darbo, dovan\u0173 sau ir artimiesiems.","publisher":{"@id":"https:\/\/skaitytaknyga.lt\/#organization"},"potentialAction":[{"@type":"SearchAction","target":{"@type":"EntryPoint","urlTemplate":"https:\/\/skaitytaknyga.lt\/?s={search_term_string}"},"query-input":{"@type":"PropertyValueSpecification","valueRequired":true,"valueName":"search_term_string"}}],"inLanguage":"en-GB"},{"@type":"Organization","@id":"https:\/\/skaitytaknyga.lt\/#organization","name":"skaitytaknyga.lt","url":"https:\/\/skaitytaknyga.lt\/","logo":{"@type":"ImageObject","inLanguage":"en-GB","@id":"https:\/\/skaitytaknyga.lt\/#\/schema\/logo\/image\/","url":"https:\/\/skaitytaknyga.lt\/wp-content\/uploads\/2024\/05\/cropped-cropped-cropped-02_00843_jt3bggkj1j3HLc7SyY6rEUpg.jpeg","contentUrl":"https:\/\/skaitytaknyga.lt\/wp-content\/uploads\/2024\/05\/cropped-cropped-cropped-02_00843_jt3bggkj1j3HLc7SyY6rEUpg.jpeg","width":1600,"height":1600,"caption":"skaitytaknyga.lt"},"image":{"@id":"https:\/\/skaitytaknyga.lt\/#\/schema\/logo\/image\/"},"sameAs":["https:\/\/www.facebook.com\/skaitytaknyga\/"]}]}},"_links":{"self":[{"href":"https:\/\/skaitytaknyga.lt\/en\/wp-json\/wp\/v2\/product\/9403","targetHints":{"allow":["GET"]}}],"collection":[{"href":"https:\/\/skaitytaknyga.lt\/en\/wp-json\/wp\/v2\/product"}],"about":[{"href":"https:\/\/skaitytaknyga.lt\/en\/wp-json\/wp\/v2\/types\/product"}],"replies":[{"embeddable":true,"href":"https:\/\/skaitytaknyga.lt\/en\/wp-json\/wp\/v2\/comments?post=9403"}],"wp:featuredmedia":[{"embeddable":true,"href":"https:\/\/skaitytaknyga.lt\/en\/wp-json\/wp\/v2\/media\/6767"}],"wp:attachment":[{"href":"https:\/\/skaitytaknyga.lt\/en\/wp-json\/wp\/v2\/media?parent=9403"}],"wp:term":[{"taxonomy":"product_brand","embeddable":true,"href":"https:\/\/skaitytaknyga.lt\/en\/wp-json\/wp\/v2\/product_brand?post=9403"},{"taxonomy":"product_cat","embeddable":true,"href":"https:\/\/skaitytaknyga.lt\/en\/wp-json\/wp\/v2\/product_cat?post=9403"},{"taxonomy":"product_tag","embeddable":true,"href":"https:\/\/skaitytaknyga.lt\/en\/wp-json\/wp\/v2\/product_tag?post=9403"}],"curies":[{"name":"wp","href":"https:\/\/api.w.org\/{rel}","templated":true}]}}