{"id":9388,"date":"2024-05-04T15:02:12","date_gmt":"2024-05-04T15:02:12","guid":{"rendered":"https:\/\/skaitytaknyga.lt\/?post_type=product&#038;p=9388"},"modified":"2025-06-26T15:52:35","modified_gmt":"2025-06-26T12:52:35","slug":"laimonas-noreika-gyvenime-scenoje-ekrane-2","status":"publish","type":"product","link":"https:\/\/skaitytaknyga.lt\/en\/produktas\/laimonas-noreika-gyvenime-scenoje-ekrane-2\/","title":{"rendered":"Laimonas Noreika gyvenime, scenoje, ekrane"},"content":{"rendered":"<p>Per \u0161imtas ry\u0161ki\u0173, \u012fsimintin\u0173 vaidmen\u0173 klasikin\u0117s bei lietuvi\u0173 dramaturgijos spektakliuose, \u0161iuolaikin\u0117se pjes\u0117se. Beveik pus\u0161imtis vaidmen\u0173 kino filmuose, tarp j\u0173 ir lietuvi\u0161ko kinematografo \u0161edevruose. Per dvide\u0161imt literat\u016brini\u0173 program\u0173, kuriose naujai nu\u0161vito ir klasikinis S. Daukanto, S. N\u0117ries, V. Mykolai\u010dio-Putino, P. \u0160irvio, A. Mickevi\u010diaus, ir \u0161iuolaikinis J. Marcinkevi\u010diaus, A. Maldonio, M. Martinai\u010dio poezijos turtas.<br \/>\nJam suteikti Lietuvos nusipelniusio artisto titulai. 1993 metais jis tapo Nacionalin\u0117s kult\u016bros ir meno premijos laureatu. 1996 m. jis apdovanotas Did\u017eiojo kunigaik\u0161\u010dio Gedimino ordinu, o 2003 m. u\u017e nuopelnus Lietuvos teatro kult\u016brai jam skirta Pad\u0117kos premija.<br \/>\n\u0160i knyga-albumas sumanyta kaip projektas, skirtas Nacionalin\u0117s premijos laureat\u0173 k\u016brybos sklaidai. Knygoje &#8211; ne tik i\u0161traukos i\u0161 L. Noreikos para\u0161yt\u0173 knyg\u0173, bei jose skelbtos nuotraukos, bet ir skelbiami \u012fdomiausi epizodai i\u0161 archyvinio rankra\u0161tinio palikimo.<\/p>\n","protected":false},"excerpt":{"rendered":"<p>Per \u0161imtas ry\u0161ki\u0173, \u012fsimintin\u0173 vaidmen\u0173 klasikin\u0117s bei lietuvi\u0173 dramaturgijos spektakliuose, \u0161iuolaikin\u0117se pjes\u0117se. Beveik pus\u0161imtis vaidmen\u0173 kino filmuose, tarp j\u0173 ir lietuvi\u0161ko kinematografo \u0161edevruose. Per dvide\u0161imt literat\u016brini\u0173 program\u0173, kuriose naujai nu\u0161vito ir klasikinis S. Daukanto, S. N\u0117ries, V. Mykolai\u010dio-Putino, P. \u0160irvio, A. Mickevi\u010diaus, ir \u0161iuolaikinis J. Marcinkevi\u010diaus, A. Maldonio, M. Martinai\u010dio poezijos turtas.<br \/>\nJam suteikti Lietuvos nusipelniusio artisto titulai. 1993 metais jis tapo Nacionalin\u0117s kult\u016bros ir meno premijos laureatu. 1996 m. jis apdovanotas Did\u017eiojo kunigaik\u0161\u010dio Gedimino ordinu, o 2003 m. u\u017e nuopelnus Lietuvos teatro kult\u016brai jam skirta Pad\u0117kos premija.<br \/>\n\u0160i knyga-albumas sumanyta kaip projektas, skirtas Nacionalin\u0117s premijos laureat\u0173 k\u016brybos sklaidai. Knygoje &#8211; ne tik i\u0161traukos i\u0161 L. Noreikos para\u0161yt\u0173 knyg\u0173, bei jose skelbtos nuotraukos, bet ir skelbiami \u012fdomiausi epizodai i\u0161 archyvinio rankra\u0161tinio palikimo.<\/p>\n","protected":false},"featured_media":6737,"comment_status":"closed","ping_status":"closed","template":"","meta":{"_acf_changed":false,"site-sidebar-layout":"default","site-content-layout":"","ast-site-content-layout":"default","site-content-style":"default","site-sidebar-style":"default","ast-global-header-display":"","ast-banner-title-visibility":"","ast-main-header-display":"","ast-hfb-above-header-display":"","ast-hfb-below-header-display":"","ast-hfb-mobile-header-display":"","site-post-title":"","ast-breadcrumbs-content":"","ast-featured-img":"","footer-sml-layout":"","ast-disable-related-posts":"","theme-transparent-header-meta":"","adv-header-id-meta":"","stick-header-meta":"","header-above-stick-meta":"","header-main-stick-meta":"","header-below-stick-meta":"","astra-migrate-meta-layouts":"default","ast-page-background-enabled":"default","ast-page-background-meta":{"desktop":{"background-color":"","background-image":"","background-repeat":"repeat","background-position":"center center","background-size":"auto","background-attachment":"scroll","background-type":"","background-media":"","overlay-type":"","overlay-color":"","overlay-opacity":"","overlay-gradient":""},"tablet":{"background-color":"","background-image":"","background-repeat":"repeat","background-position":"center center","background-size":"auto","background-attachment":"scroll","background-type":"","background-media":"","overlay-type":"","overlay-color":"","overlay-opacity":"","overlay-gradient":""},"mobile":{"background-color":"","background-image":"","background-repeat":"repeat","background-position":"center center","background-size":"auto","background-attachment":"scroll","background-type":"","background-media":"","overlay-type":"","overlay-color":"","overlay-opacity":"","overlay-gradient":""}},"ast-content-background-meta":{"desktop":{"background-color":"var(--ast-global-color-4)","background-image":"","background-repeat":"repeat","background-position":"center center","background-size":"auto","background-attachment":"scroll","background-type":"","background-media":"","overlay-type":"","overlay-color":"","overlay-opacity":"","overlay-gradient":""},"tablet":{"background-color":"var(--ast-global-color-4)","background-image":"","background-repeat":"repeat","background-position":"center center","background-size":"auto","background-attachment":"scroll","background-type":"","background-media":"","overlay-type":"","overlay-color":"","overlay-opacity":"","overlay-gradient":""},"mobile":{"background-color":"var(--ast-global-color-4)","background-image":"","background-repeat":"repeat","background-position":"center center","background-size":"auto","background-attachment":"scroll","background-type":"","background-media":"","overlay-type":"","overlay-color":"","overlay-opacity":"","overlay-gradient":""}}},"product_brand":[],"product_cat":[33],"product_tag":[2045,5889,3003,5888,2899,5712,3002],"class_list":{"0":"post-9388","1":"product","2":"type-product","3":"status-publish","4":"has-post-thumbnail","6":"product_cat-biografijos","7":"product_tag-biografija","8":"product_tag-gedimino-ordinas","9":"product_tag-kinas","10":"product_tag-lietuviu-aktoriai","11":"product_tag-lietuvos-kultura","12":"product_tag-nacionaline-premija","13":"product_tag-teatras","14":"desktop-align-left","15":"tablet-align-left","16":"mobile-align-left","18":"first","19":"instock","20":"shipping-taxable","21":"purchasable","22":"product-type-simple"},"acf":[],"yoast_head":"<!-- This site is optimized with the Yoast SEO plugin v27.0 - https:\/\/yoast.com\/product\/yoast-seo-wordpress\/ -->\n<title>Laimonas Noreika gyvenime, scenoje, ekrane<\/title>\n<meta name=\"description\" content=\"Per \u0161imtas ry\u0161ki\u0173, \u012fsimintin\u0173 vaidmen\u0173 klasikin\u0117s bei lietuvi\u0173 dramaturgijos spektakliuose, \u0161iuolaikin\u0117se pjes\u0117se. Beveik pus\u0161imtis vaidmen\u0173 kino filmuose, tarp j\u0173 ir lietuvi\u0161ko kinematografo \u0161edevruose. Per dvide\u0161imt literat\u016brini\u0173 program\u0173, kuriose naujai nu\u0161vito ir klasikinis S. Daukanto, S. N\u0117ries, V. Mykolai\u010dio-Putino, P. \u0160irvio, A. Mickevi\u010diaus, ir \u0161iuolaikinis J. Marcinkevi\u010diaus, A. Maldonio, M. Martinai\u010dio poezijos turtas. Jam suteikti Lietuvos nusipelniusio artisto titulai. 1993 metais jis tapo Nacionalin\u0117s kult\u016bros ir meno premijos laureatu. 1996 m. jis apdovanotas Did\u017eiojo kunigaik\u0161\u010dio Gedimino ordinu, o 2003 m. u\u017e nuopelnus Lietuvos teatro kult\u016brai jam skirta Pad\u0117kos premija. \u0160i knyga-albumas sumanyta kaip projektas, skirtas Nacionalin\u0117s premijos laureat\u0173 k\u016brybos sklaidai. Knygoje - ne tik i\u0161traukos i\u0161 L. Noreikos para\u0161yt\u0173 knyg\u0173, bei jose skelbtos nuotraukos, bet ir skelbiami \u012fdomiausi epizodai i\u0161 archyvinio rankra\u0161tinio palikimo.\" \/>\n<meta name=\"robots\" content=\"index, follow, max-snippet:-1, max-image-preview:large, max-video-preview:-1\" \/>\n<link rel=\"canonical\" href=\"https:\/\/skaitytaknyga.lt\/en\/produktas\/laimonas-noreika-gyvenime-scenoje-ekrane-2\/\" \/>\n<meta property=\"og:locale\" content=\"en_GB\" \/>\n<meta property=\"og:locale:alternate\" content=\"lt_LT\" \/>\n<meta property=\"og:type\" content=\"article\" \/>\n<meta property=\"og:title\" content=\"Laimonas Noreika gyvenime, scenoje, ekrane\" \/>\n<meta property=\"og:description\" content=\"Per \u0161imtas ry\u0161ki\u0173, \u012fsimintin\u0173 vaidmen\u0173 klasikin\u0117s bei lietuvi\u0173 dramaturgijos spektakliuose, \u0161iuolaikin\u0117se pjes\u0117se. Beveik pus\u0161imtis vaidmen\u0173 kino filmuose, tarp j\u0173 ir lietuvi\u0161ko kinematografo \u0161edevruose. Per dvide\u0161imt literat\u016brini\u0173 program\u0173, kuriose naujai nu\u0161vito ir klasikinis S. Daukanto, S. N\u0117ries, V. Mykolai\u010dio-Putino, P. \u0160irvio, A. Mickevi\u010diaus, ir \u0161iuolaikinis J. Marcinkevi\u010diaus, A. Maldonio, M. Martinai\u010dio poezijos turtas. Jam suteikti Lietuvos nusipelniusio artisto titulai. 1993 metais jis tapo Nacionalin\u0117s kult\u016bros ir meno premijos laureatu. 1996 m. jis apdovanotas Did\u017eiojo kunigaik\u0161\u010dio Gedimino ordinu, o 2003 m. u\u017e nuopelnus Lietuvos teatro kult\u016brai jam skirta Pad\u0117kos premija. \u0160i knyga-albumas sumanyta kaip projektas, skirtas Nacionalin\u0117s premijos laureat\u0173 k\u016brybos sklaidai. Knygoje - ne tik i\u0161traukos i\u0161 L. Noreikos para\u0161yt\u0173 knyg\u0173, bei jose skelbtos nuotraukos, bet ir skelbiami \u012fdomiausi epizodai i\u0161 archyvinio rankra\u0161tinio palikimo.\" \/>\n<meta property=\"og:url\" content=\"https:\/\/skaitytaknyga.lt\/en\/produktas\/laimonas-noreika-gyvenime-scenoje-ekrane-2\/\" \/>\n<meta property=\"og:site_name\" content=\"Skaitytaknyga\" \/>\n<meta property=\"article:publisher\" content=\"https:\/\/www.facebook.com\/skaitytaknyga\/\" \/>\n<meta property=\"article:modified_time\" content=\"2025-06-26T12:52:35+00:00\" \/>\n<meta property=\"og:image\" content=\"https:\/\/skaitytaknyga.lt\/wp-content\/uploads\/2024\/05\/laimonasnoreikagyvenimescenojeekrane.png\" \/>\n\t<meta property=\"og:image:width\" content=\"450\" \/>\n\t<meta property=\"og:image:height\" content=\"400\" \/>\n\t<meta property=\"og:image:type\" content=\"image\/png\" \/>\n<meta name=\"twitter:card\" content=\"summary_large_image\" \/>\n<meta name=\"twitter:label1\" content=\"Estimated reading time\" \/>\n\t<meta name=\"twitter:data1\" content=\"1 minute\" \/>\n<script type=\"application\/ld+json\" class=\"yoast-schema-graph\">{\"@context\":\"https:\/\/schema.org\",\"@graph\":[{\"@type\":\"WebPage\",\"@id\":\"https:\/\/skaitytaknyga.lt\/produktas\/laimonas-noreika-gyvenime-scenoje-ekrane-2\/\",\"url\":\"https:\/\/skaitytaknyga.lt\/produktas\/laimonas-noreika-gyvenime-scenoje-ekrane-2\/\",\"name\":\"Laimonas Noreika gyvenime, scenoje, ekrane\",\"isPartOf\":{\"@id\":\"https:\/\/skaitytaknyga.lt\/#website\"},\"primaryImageOfPage\":{\"@id\":\"https:\/\/skaitytaknyga.lt\/produktas\/laimonas-noreika-gyvenime-scenoje-ekrane-2\/#primaryimage\"},\"image\":{\"@id\":\"https:\/\/skaitytaknyga.lt\/produktas\/laimonas-noreika-gyvenime-scenoje-ekrane-2\/#primaryimage\"},\"thumbnailUrl\":\"https:\/\/skaitytaknyga.lt\/wp-content\/uploads\/2024\/05\/laimonasnoreikagyvenimescenojeekrane.png\",\"datePublished\":\"2024-05-04T15:02:12+00:00\",\"dateModified\":\"2025-06-26T12:52:35+00:00\",\"description\":\"Per \u0161imtas ry\u0161ki\u0173, \u012fsimintin\u0173 vaidmen\u0173 klasikin\u0117s bei lietuvi\u0173 dramaturgijos spektakliuose, \u0161iuolaikin\u0117se pjes\u0117se. Beveik pus\u0161imtis vaidmen\u0173 kino filmuose, tarp j\u0173 ir lietuvi\u0161ko kinematografo \u0161edevruose. Per dvide\u0161imt literat\u016brini\u0173 program\u0173, kuriose naujai nu\u0161vito ir klasikinis S. Daukanto, S. N\u0117ries, V. Mykolai\u010dio-Putino, P. \u0160irvio, A. Mickevi\u010diaus, ir \u0161iuolaikinis J. Marcinkevi\u010diaus, A. Maldonio, M. Martinai\u010dio poezijos turtas. Jam suteikti Lietuvos nusipelniusio artisto titulai. 1993 metais jis tapo Nacionalin\u0117s kult\u016bros ir meno premijos laureatu. 1996 m. jis apdovanotas Did\u017eiojo kunigaik\u0161\u010dio Gedimino ordinu, o 2003 m. u\u017e nuopelnus Lietuvos teatro kult\u016brai jam skirta Pad\u0117kos premija. \u0160i knyga-albumas sumanyta kaip projektas, skirtas Nacionalin\u0117s premijos laureat\u0173 k\u016brybos sklaidai. Knygoje - ne tik i\u0161traukos i\u0161 L. Noreikos para\u0161yt\u0173 knyg\u0173, bei jose skelbtos nuotraukos, bet ir skelbiami \u012fdomiausi epizodai i\u0161 archyvinio rankra\u0161tinio palikimo.\",\"breadcrumb\":{\"@id\":\"https:\/\/skaitytaknyga.lt\/produktas\/laimonas-noreika-gyvenime-scenoje-ekrane-2\/#breadcrumb\"},\"inLanguage\":\"en-GB\",\"potentialAction\":[{\"@type\":\"ReadAction\",\"target\":[\"https:\/\/skaitytaknyga.lt\/produktas\/laimonas-noreika-gyvenime-scenoje-ekrane-2\/\"]}]},{\"@type\":\"ImageObject\",\"inLanguage\":\"en-GB\",\"@id\":\"https:\/\/skaitytaknyga.lt\/produktas\/laimonas-noreika-gyvenime-scenoje-ekrane-2\/#primaryimage\",\"url\":\"https:\/\/skaitytaknyga.lt\/wp-content\/uploads\/2024\/05\/laimonasnoreikagyvenimescenojeekrane.png\",\"contentUrl\":\"https:\/\/skaitytaknyga.lt\/wp-content\/uploads\/2024\/05\/laimonasnoreikagyvenimescenojeekrane.png\",\"width\":450,\"height\":400},{\"@type\":\"BreadcrumbList\",\"@id\":\"https:\/\/skaitytaknyga.lt\/produktas\/laimonas-noreika-gyvenime-scenoje-ekrane-2\/#breadcrumb\",\"itemListElement\":[{\"@type\":\"ListItem\",\"position\":1,\"name\":\"Home\",\"item\":\"https:\/\/skaitytaknyga.lt\/\"},{\"@type\":\"ListItem\",\"position\":2,\"name\":\"Parduotuv\u0117\",\"item\":\"https:\/\/skaitytaknyga.lt\/knygu-parduotuve\/\"},{\"@type\":\"ListItem\",\"position\":3,\"name\":\"Laimonas Noreika gyvenime, scenoje, ekrane\"}]},{\"@type\":\"WebSite\",\"@id\":\"https:\/\/skaitytaknyga.lt\/#website\",\"url\":\"https:\/\/skaitytaknyga.lt\/\",\"name\":\"skaitytaknyga.lt\",\"description\":\"Skaitytaknyga.lt \u2013 tai ma\u017eas \u0161eimos verslas, kuris prasid\u0117jo nuo meil\u0117s knygoms ir siekio i\u0161gelb\u0117ti knygas nuo likimo prie konteinerio. Kas vienam nereikalingas daiktas \u2013 kitam lobis, o mes esame tarpininkai, kurie padeda abiems tapti laimingesniems ???? \u017dinome kaip nelengva i\u0161gyventi ma\u017eiems verslams, tad nuo \u0161iol, \u010dia rasite ir kit\u0173, ma\u017e\u0173 \u0161eim\u0173 versl\u0173, rank\u0173 darbo, dovan\u0173 sau ir artimiesiems.\",\"publisher\":{\"@id\":\"https:\/\/skaitytaknyga.lt\/#organization\"},\"potentialAction\":[{\"@type\":\"SearchAction\",\"target\":{\"@type\":\"EntryPoint\",\"urlTemplate\":\"https:\/\/skaitytaknyga.lt\/?s={search_term_string}\"},\"query-input\":{\"@type\":\"PropertyValueSpecification\",\"valueRequired\":true,\"valueName\":\"search_term_string\"}}],\"inLanguage\":\"en-GB\"},{\"@type\":\"Organization\",\"@id\":\"https:\/\/skaitytaknyga.lt\/#organization\",\"name\":\"skaitytaknyga.lt\",\"url\":\"https:\/\/skaitytaknyga.lt\/\",\"logo\":{\"@type\":\"ImageObject\",\"inLanguage\":\"en-GB\",\"@id\":\"https:\/\/skaitytaknyga.lt\/#\/schema\/logo\/image\/\",\"url\":\"https:\/\/skaitytaknyga.lt\/wp-content\/uploads\/2024\/05\/cropped-cropped-cropped-02_00843_jt3bggkj1j3HLc7SyY6rEUpg.jpeg\",\"contentUrl\":\"https:\/\/skaitytaknyga.lt\/wp-content\/uploads\/2024\/05\/cropped-cropped-cropped-02_00843_jt3bggkj1j3HLc7SyY6rEUpg.jpeg\",\"width\":1600,\"height\":1600,\"caption\":\"skaitytaknyga.lt\"},\"image\":{\"@id\":\"https:\/\/skaitytaknyga.lt\/#\/schema\/logo\/image\/\"},\"sameAs\":[\"https:\/\/www.facebook.com\/skaitytaknyga\/\"]}]}<\/script>\n<!-- \/ Yoast SEO plugin. -->","yoast_head_json":{"title":"Laimonas Noreika gyvenime, scenoje, ekrane","description":"Per \u0161imtas ry\u0161ki\u0173, \u012fsimintin\u0173 vaidmen\u0173 klasikin\u0117s bei lietuvi\u0173 dramaturgijos spektakliuose, \u0161iuolaikin\u0117se pjes\u0117se. Beveik pus\u0161imtis vaidmen\u0173 kino filmuose, tarp j\u0173 ir lietuvi\u0161ko kinematografo \u0161edevruose. Per dvide\u0161imt literat\u016brini\u0173 program\u0173, kuriose naujai nu\u0161vito ir klasikinis S. Daukanto, S. N\u0117ries, V. Mykolai\u010dio-Putino, P. \u0160irvio, A. Mickevi\u010diaus, ir \u0161iuolaikinis J. Marcinkevi\u010diaus, A. Maldonio, M. Martinai\u010dio poezijos turtas. Jam suteikti Lietuvos nusipelniusio artisto titulai. 1993 metais jis tapo Nacionalin\u0117s kult\u016bros ir meno premijos laureatu. 1996 m. jis apdovanotas Did\u017eiojo kunigaik\u0161\u010dio Gedimino ordinu, o 2003 m. u\u017e nuopelnus Lietuvos teatro kult\u016brai jam skirta Pad\u0117kos premija. \u0160i knyga-albumas sumanyta kaip projektas, skirtas Nacionalin\u0117s premijos laureat\u0173 k\u016brybos sklaidai. Knygoje - ne tik i\u0161traukos i\u0161 L. Noreikos para\u0161yt\u0173 knyg\u0173, bei jose skelbtos nuotraukos, bet ir skelbiami \u012fdomiausi epizodai i\u0161 archyvinio rankra\u0161tinio palikimo.","robots":{"index":"index","follow":"follow","max-snippet":"max-snippet:-1","max-image-preview":"max-image-preview:large","max-video-preview":"max-video-preview:-1"},"canonical":"https:\/\/skaitytaknyga.lt\/en\/produktas\/laimonas-noreika-gyvenime-scenoje-ekrane-2\/","og_locale":"en_GB","og_type":"article","og_title":"[:lt]Laimonas Noreika gyvenime, scenoje, ekrane[:] - Skaitytaknyga","og_description":"Per \u0161imtas ry\u0161ki\u0173, \u012fsimintin\u0173 vaidmen\u0173 klasikin\u0117s bei lietuvi\u0173 dramaturgijos spektakliuose, \u0161iuolaikin\u0117se pjes\u0117se. Beveik pus\u0161imtis vaidmen\u0173 kino filmuose, tarp j\u0173 ir lietuvi\u0161ko kinematografo \u0161edevruose. Per dvide\u0161imt literat\u016brini\u0173 program\u0173, kuriose naujai nu\u0161vito ir klasikinis S. Daukanto, S. N\u0117ries, V. Mykolai\u010dio-Putino, P. \u0160irvio, A. Mickevi\u010diaus, ir \u0161iuolaikinis J. Marcinkevi\u010diaus, A. Maldonio, M. Martinai\u010dio poezijos turtas. Jam suteikti Lietuvos nusipelniusio artisto titulai. 1993 metais jis tapo Nacionalin\u0117s kult\u016bros ir meno premijos laureatu. 1996 m. jis apdovanotas Did\u017eiojo kunigaik\u0161\u010dio Gedimino ordinu, o 2003 m. u\u017e nuopelnus Lietuvos teatro kult\u016brai jam skirta Pad\u0117kos premija. \u0160i knyga-albumas sumanyta kaip projektas, skirtas Nacionalin\u0117s premijos laureat\u0173 k\u016brybos sklaidai. Knygoje - ne tik i\u0161traukos i\u0161 L. Noreikos para\u0161yt\u0173 knyg\u0173, bei jose skelbtos nuotraukos, bet ir skelbiami \u012fdomiausi epizodai i\u0161 archyvinio rankra\u0161tinio palikimo.","og_url":"https:\/\/skaitytaknyga.lt\/en\/produktas\/laimonas-noreika-gyvenime-scenoje-ekrane-2\/","og_site_name":"Skaitytaknyga","article_publisher":"https:\/\/www.facebook.com\/skaitytaknyga\/","article_modified_time":"2025-06-26T12:52:35+00:00","og_image":[{"width":450,"height":400,"url":"https:\/\/skaitytaknyga.lt\/wp-content\/uploads\/2024\/05\/laimonasnoreikagyvenimescenojeekrane.png","type":"image\/png"}],"twitter_card":"summary_large_image","twitter_misc":{"Estimated reading time":"1 minute"},"schema":{"@context":"https:\/\/schema.org","@graph":[{"@type":"WebPage","@id":"https:\/\/skaitytaknyga.lt\/produktas\/laimonas-noreika-gyvenime-scenoje-ekrane-2\/","url":"https:\/\/skaitytaknyga.lt\/produktas\/laimonas-noreika-gyvenime-scenoje-ekrane-2\/","name":"Laimonas Noreika gyvenime, scenoje, ekrane","isPartOf":{"@id":"https:\/\/skaitytaknyga.lt\/#website"},"primaryImageOfPage":{"@id":"https:\/\/skaitytaknyga.lt\/produktas\/laimonas-noreika-gyvenime-scenoje-ekrane-2\/#primaryimage"},"image":{"@id":"https:\/\/skaitytaknyga.lt\/produktas\/laimonas-noreika-gyvenime-scenoje-ekrane-2\/#primaryimage"},"thumbnailUrl":"https:\/\/skaitytaknyga.lt\/wp-content\/uploads\/2024\/05\/laimonasnoreikagyvenimescenojeekrane.png","datePublished":"2024-05-04T15:02:12+00:00","dateModified":"2025-06-26T12:52:35+00:00","description":"Per \u0161imtas ry\u0161ki\u0173, \u012fsimintin\u0173 vaidmen\u0173 klasikin\u0117s bei lietuvi\u0173 dramaturgijos spektakliuose, \u0161iuolaikin\u0117se pjes\u0117se. Beveik pus\u0161imtis vaidmen\u0173 kino filmuose, tarp j\u0173 ir lietuvi\u0161ko kinematografo \u0161edevruose. Per dvide\u0161imt literat\u016brini\u0173 program\u0173, kuriose naujai nu\u0161vito ir klasikinis S. Daukanto, S. N\u0117ries, V. Mykolai\u010dio-Putino, P. \u0160irvio, A. Mickevi\u010diaus, ir \u0161iuolaikinis J. Marcinkevi\u010diaus, A. Maldonio, M. Martinai\u010dio poezijos turtas. Jam suteikti Lietuvos nusipelniusio artisto titulai. 1993 metais jis tapo Nacionalin\u0117s kult\u016bros ir meno premijos laureatu. 1996 m. jis apdovanotas Did\u017eiojo kunigaik\u0161\u010dio Gedimino ordinu, o 2003 m. u\u017e nuopelnus Lietuvos teatro kult\u016brai jam skirta Pad\u0117kos premija. \u0160i knyga-albumas sumanyta kaip projektas, skirtas Nacionalin\u0117s premijos laureat\u0173 k\u016brybos sklaidai. Knygoje - ne tik i\u0161traukos i\u0161 L. Noreikos para\u0161yt\u0173 knyg\u0173, bei jose skelbtos nuotraukos, bet ir skelbiami \u012fdomiausi epizodai i\u0161 archyvinio rankra\u0161tinio palikimo.","breadcrumb":{"@id":"https:\/\/skaitytaknyga.lt\/produktas\/laimonas-noreika-gyvenime-scenoje-ekrane-2\/#breadcrumb"},"inLanguage":"en-GB","potentialAction":[{"@type":"ReadAction","target":["https:\/\/skaitytaknyga.lt\/produktas\/laimonas-noreika-gyvenime-scenoje-ekrane-2\/"]}]},{"@type":"ImageObject","inLanguage":"en-GB","@id":"https:\/\/skaitytaknyga.lt\/produktas\/laimonas-noreika-gyvenime-scenoje-ekrane-2\/#primaryimage","url":"https:\/\/skaitytaknyga.lt\/wp-content\/uploads\/2024\/05\/laimonasnoreikagyvenimescenojeekrane.png","contentUrl":"https:\/\/skaitytaknyga.lt\/wp-content\/uploads\/2024\/05\/laimonasnoreikagyvenimescenojeekrane.png","width":450,"height":400},{"@type":"BreadcrumbList","@id":"https:\/\/skaitytaknyga.lt\/produktas\/laimonas-noreika-gyvenime-scenoje-ekrane-2\/#breadcrumb","itemListElement":[{"@type":"ListItem","position":1,"name":"Home","item":"https:\/\/skaitytaknyga.lt\/"},{"@type":"ListItem","position":2,"name":"Parduotuv\u0117","item":"https:\/\/skaitytaknyga.lt\/knygu-parduotuve\/"},{"@type":"ListItem","position":3,"name":"Laimonas Noreika gyvenime, scenoje, ekrane"}]},{"@type":"WebSite","@id":"https:\/\/skaitytaknyga.lt\/#website","url":"https:\/\/skaitytaknyga.lt\/","name":"skaitytaknyga.lt","description":"Skaitytaknyga.lt \u2013 tai ma\u017eas \u0161eimos verslas, kuris prasid\u0117jo nuo meil\u0117s knygoms ir siekio i\u0161gelb\u0117ti knygas nuo likimo prie konteinerio. Kas vienam nereikalingas daiktas \u2013 kitam lobis, o mes esame tarpininkai, kurie padeda abiems tapti laimingesniems ???? \u017dinome kaip nelengva i\u0161gyventi ma\u017eiems verslams, tad nuo \u0161iol, \u010dia rasite ir kit\u0173, ma\u017e\u0173 \u0161eim\u0173 versl\u0173, rank\u0173 darbo, dovan\u0173 sau ir artimiesiems.","publisher":{"@id":"https:\/\/skaitytaknyga.lt\/#organization"},"potentialAction":[{"@type":"SearchAction","target":{"@type":"EntryPoint","urlTemplate":"https:\/\/skaitytaknyga.lt\/?s={search_term_string}"},"query-input":{"@type":"PropertyValueSpecification","valueRequired":true,"valueName":"search_term_string"}}],"inLanguage":"en-GB"},{"@type":"Organization","@id":"https:\/\/skaitytaknyga.lt\/#organization","name":"skaitytaknyga.lt","url":"https:\/\/skaitytaknyga.lt\/","logo":{"@type":"ImageObject","inLanguage":"en-GB","@id":"https:\/\/skaitytaknyga.lt\/#\/schema\/logo\/image\/","url":"https:\/\/skaitytaknyga.lt\/wp-content\/uploads\/2024\/05\/cropped-cropped-cropped-02_00843_jt3bggkj1j3HLc7SyY6rEUpg.jpeg","contentUrl":"https:\/\/skaitytaknyga.lt\/wp-content\/uploads\/2024\/05\/cropped-cropped-cropped-02_00843_jt3bggkj1j3HLc7SyY6rEUpg.jpeg","width":1600,"height":1600,"caption":"skaitytaknyga.lt"},"image":{"@id":"https:\/\/skaitytaknyga.lt\/#\/schema\/logo\/image\/"},"sameAs":["https:\/\/www.facebook.com\/skaitytaknyga\/"]}]}},"_links":{"self":[{"href":"https:\/\/skaitytaknyga.lt\/en\/wp-json\/wp\/v2\/product\/9388","targetHints":{"allow":["GET"]}}],"collection":[{"href":"https:\/\/skaitytaknyga.lt\/en\/wp-json\/wp\/v2\/product"}],"about":[{"href":"https:\/\/skaitytaknyga.lt\/en\/wp-json\/wp\/v2\/types\/product"}],"replies":[{"embeddable":true,"href":"https:\/\/skaitytaknyga.lt\/en\/wp-json\/wp\/v2\/comments?post=9388"}],"wp:featuredmedia":[{"embeddable":true,"href":"https:\/\/skaitytaknyga.lt\/en\/wp-json\/wp\/v2\/media\/6737"}],"wp:attachment":[{"href":"https:\/\/skaitytaknyga.lt\/en\/wp-json\/wp\/v2\/media?parent=9388"}],"wp:term":[{"taxonomy":"product_brand","embeddable":true,"href":"https:\/\/skaitytaknyga.lt\/en\/wp-json\/wp\/v2\/product_brand?post=9388"},{"taxonomy":"product_cat","embeddable":true,"href":"https:\/\/skaitytaknyga.lt\/en\/wp-json\/wp\/v2\/product_cat?post=9388"},{"taxonomy":"product_tag","embeddable":true,"href":"https:\/\/skaitytaknyga.lt\/en\/wp-json\/wp\/v2\/product_tag?post=9388"}],"curies":[{"name":"wp","href":"https:\/\/api.w.org\/{rel}","templated":true}]}}