{"id":9376,"date":"2024-05-04T15:01:49","date_gmt":"2024-05-04T15:01:49","guid":{"rendered":"https:\/\/skaitytaknyga.lt\/?post_type=product&#038;p=9376"},"modified":"2026-03-05T10:46:58","modified_gmt":"2026-03-05T08:46:58","slug":"j-grisham-fordo-apygarda-2","status":"publish","type":"product","link":"https:\/\/skaitytaknyga.lt\/en\/produktas\/j-grisham-fordo-apygarda-2\/","title":{"rendered":"Fordo apygarda"},"content":{"rendered":"<p><strong>Tragikomi\u0161ka, \u012fsp\u016bdinga nuotaik\u0173 gama vienu metu kelia ir juok\u0105, ir li\u016bdes\u012f, ir nuostab\u0105.<\/strong><\/p>\n<p>Tai ne\u012fprasta knyga Johno Grishamo k\u016bryboje, bet \u0161is ra\u0161ytojas pana\u0161iais netik\u0117tumais savo skaitytojus retsykiais nustebina. Septyni\u0173 apsakym\u0173 rinkinyje papasakotos istorijos \u2013 nelyginant trumpi romanai: su ry\u0161kiais charakteriais, kulminacijos \u012ftampa ir netik\u0117tomis atomazgomis. Pasakojimus vienija ta pati vietov\u0117, Fordo apygarda, bet kiek juose \u012fvairov\u0117s, \u0161iuolaikinio gyvenimo spalv\u0173!<\/p>\n<p>Kupin\u0105 nuotyki\u0173 kraujo donor\u0173 trijul\u0117s i\u0161vyk\u0105 \u012f didmiest\u012f kei\u010dia makabri\u0161ka kitos trijul\u0117s kelion\u0117 \u012f myriop nuteisto savo \u0161eimos nario egzekucij\u0105; vienam advokatui likimas tarsi i\u0161 dangaus pa\u017eeria netik\u0117tus turtus, o kitas priver\u010diamas atsakyti u\u017e kadaise \u017emon\u0117ms padarytas skriaudas teisme; nenusp\u0117jami, visk\u0105 auk\u0161tyn kojomis ver\u010diantys lemties akibrok\u0161tai kazino lo\u0161imo sal\u0117se; priblo\u0161kiantis apsukraus slaugytojo, keliaujan\u010dio i\u0161 vienos seneli\u0173 prieglaudos \u012f kit\u0105, verslas; elegi\u0161ka AIDS sergan\u010dio vaikino gyvenimo istorija&#8230;<\/p>\n","protected":false},"excerpt":{"rendered":"<p><strong>Tragikomi\u0161ka, \u012fsp\u016bdinga nuotaik\u0173 gama vienu metu kelia ir juok\u0105, ir li\u016bdes\u012f, ir nuostab\u0105.<\/strong><\/p>\n<p>Tai ne\u012fprasta knyga Johno Grishamo k\u016bryboje, bet \u0161is ra\u0161ytojas pana\u0161iais netik\u0117tumais savo skaitytojus retsykiais nustebina. Septyni\u0173 apsakym\u0173 rinkinyje papasakotos istorijos \u2013 nelyginant trumpi romanai: su ry\u0161kiais charakteriais, kulminacijos \u012ftampa ir netik\u0117tomis atomazgomis. Pasakojimus vienija ta pati vietov\u0117, Fordo apygarda, bet kiek juose \u012fvairov\u0117s, \u0161iuolaikinio gyvenimo spalv\u0173!<\/p>\n<p>Kupin\u0105 nuotyki\u0173 kraujo donor\u0173 trijul\u0117s i\u0161vyk\u0105 \u012f didmiest\u012f kei\u010dia makabri\u0161ka kitos trijul\u0117s kelion\u0117 \u012f myriop nuteisto savo \u0161eimos nario egzekucij\u0105; vienam advokatui likimas tarsi i\u0161 dangaus pa\u017eeria netik\u0117tus turtus, o kitas priver\u010diamas atsakyti u\u017e kadaise \u017emon\u0117ms padarytas skriaudas teisme; nenusp\u0117jami, visk\u0105 auk\u0161tyn kojomis ver\u010diantys lemties akibrok\u0161tai kazino lo\u0161imo sal\u0117se; priblo\u0161kiantis apsukraus slaugytojo, keliaujan\u010dio i\u0161 vienos seneli\u0173 prieglaudos \u012f kit\u0105, verslas; elegi\u0161ka AIDS sergan\u010dio vaikino gyvenimo istorija&#8230;<\/p>\n","protected":false},"featured_media":6706,"comment_status":"closed","ping_status":"closed","template":"","meta":{"_acf_changed":false,"site-sidebar-layout":"default","site-content-layout":"","ast-site-content-layout":"default","site-content-style":"default","site-sidebar-style":"default","ast-global-header-display":"","ast-banner-title-visibility":"","ast-main-header-display":"","ast-hfb-above-header-display":"","ast-hfb-below-header-display":"","ast-hfb-mobile-header-display":"","site-post-title":"","ast-breadcrumbs-content":"","ast-featured-img":"","footer-sml-layout":"","ast-disable-related-posts":"","theme-transparent-header-meta":"","adv-header-id-meta":"","stick-header-meta":"","header-above-stick-meta":"","header-main-stick-meta":"","header-below-stick-meta":"","astra-migrate-meta-layouts":"default","ast-page-background-enabled":"default","ast-page-background-meta":{"desktop":{"background-color":"","background-image":"","background-repeat":"repeat","background-position":"center center","background-size":"auto","background-attachment":"scroll","background-type":"","background-media":"","overlay-type":"","overlay-color":"","overlay-opacity":"","overlay-gradient":""},"tablet":{"background-color":"","background-image":"","background-repeat":"repeat","background-position":"center center","background-size":"auto","background-attachment":"scroll","background-type":"","background-media":"","overlay-type":"","overlay-color":"","overlay-opacity":"","overlay-gradient":""},"mobile":{"background-color":"","background-image":"","background-repeat":"repeat","background-position":"center center","background-size":"auto","background-attachment":"scroll","background-type":"","background-media":"","overlay-type":"","overlay-color":"","overlay-opacity":"","overlay-gradient":""}},"ast-content-background-meta":{"desktop":{"background-color":"var(--ast-global-color-4)","background-image":"","background-repeat":"repeat","background-position":"center center","background-size":"auto","background-attachment":"scroll","background-type":"","background-media":"","overlay-type":"","overlay-color":"","overlay-opacity":"","overlay-gradient":""},"tablet":{"background-color":"var(--ast-global-color-4)","background-image":"","background-repeat":"repeat","background-position":"center center","background-size":"auto","background-attachment":"scroll","background-type":"","background-media":"","overlay-type":"","overlay-color":"","overlay-opacity":"","overlay-gradient":""},"mobile":{"background-color":"var(--ast-global-color-4)","background-image":"","background-repeat":"repeat","background-position":"center center","background-size":"auto","background-attachment":"scroll","background-type":"","background-media":"","overlay-type":"","overlay-color":"","overlay-opacity":"","overlay-gradient":""}}},"product_brand":[],"product_cat":[9581],"product_tag":[],"class_list":{"0":"post-9376","1":"product","2":"type-product","3":"status-publish","4":"has-post-thumbnail","6":"product_cat-kriminaliniai-romanai","7":"desktop-align-left","8":"tablet-align-left","9":"mobile-align-left","11":"first","12":"instock","13":"shipping-taxable","14":"purchasable","15":"product-type-simple"},"acf":[],"yoast_head":"<!-- This site is optimized with the Yoast SEO plugin v27.4 - https:\/\/yoast.com\/product\/yoast-seo-wordpress\/ -->\n<title>Fordo apygarda<\/title>\n<meta name=\"description\" content=\"Tragikomi\u0161ka, \u012fsp\u016bdinga nuotaik\u0173 gama vienu metu kelia ir juok\u0105, ir li\u016bdes\u012f, ir nuostab\u0105.  Tai ne\u012fprasta knyga Johno Grishamo k\u016bryboje, bet \u0161is ra\u0161ytojas pana\u0161iais netik\u0117tumais savo skaitytojus retsykiais nustebina. Septyni\u0173 apsakym\u0173 rinkinyje papasakotos istorijos \u2013 nelyginant trumpi romanai: su ry\u0161kiais charakteriais, kulminacijos \u012ftampa ir netik\u0117tomis atomazgomis. Pasakojimus vienija ta pati vietov\u0117, Fordo apygarda, bet kiek juose \u012fvairov\u0117s, \u0161iuolaikinio gyvenimo spalv\u0173!  Kupin\u0105 nuotyki\u0173 kraujo donor\u0173 trijul\u0117s i\u0161vyk\u0105 \u012f didmiest\u012f kei\u010dia makabri\u0161ka kitos trijul\u0117s kelion\u0117 \u012f myriop nuteisto savo \u0161eimos nario egzekucij\u0105; vienam advokatui likimas tarsi i\u0161 dangaus pa\u017eeria netik\u0117tus turtus, o kitas priver\u010diamas atsakyti u\u017e kadaise \u017emon\u0117ms padarytas skriaudas teisme; nenusp\u0117jami, visk\u0105 auk\u0161tyn kojomis ver\u010diantys lemties akibrok\u0161tai kazino lo\u0161imo sal\u0117se; priblo\u0161kiantis apsukraus slaugytojo, keliaujan\u010dio i\u0161 vienos seneli\u0173 prieglaudos \u012f kit\u0105, verslas; elegi\u0161ka AIDS sergan\u010dio vaikino gyvenimo istorija...\" \/>\n<meta name=\"robots\" content=\"index, follow, max-snippet:-1, max-image-preview:large, max-video-preview:-1\" \/>\n<link rel=\"canonical\" href=\"https:\/\/skaitytaknyga.lt\/en\/produktas\/j-grisham-fordo-apygarda-2\/\" \/>\n<meta property=\"og:locale\" content=\"en_GB\" \/>\n<meta property=\"og:locale:alternate\" content=\"lt_LT\" \/>\n<meta property=\"og:type\" content=\"article\" \/>\n<meta property=\"og:title\" content=\"Fordo apygarda\" \/>\n<meta property=\"og:description\" content=\"Tragikomi\u0161ka, \u012fsp\u016bdinga nuotaik\u0173 gama vienu metu kelia ir juok\u0105, ir li\u016bdes\u012f, ir nuostab\u0105.  Tai ne\u012fprasta knyga Johno Grishamo k\u016bryboje, bet \u0161is ra\u0161ytojas pana\u0161iais netik\u0117tumais savo skaitytojus retsykiais nustebina. Septyni\u0173 apsakym\u0173 rinkinyje papasakotos istorijos \u2013 nelyginant trumpi romanai: su ry\u0161kiais charakteriais, kulminacijos \u012ftampa ir netik\u0117tomis atomazgomis. Pasakojimus vienija ta pati vietov\u0117, Fordo apygarda, bet kiek juose \u012fvairov\u0117s, \u0161iuolaikinio gyvenimo spalv\u0173!  Kupin\u0105 nuotyki\u0173 kraujo donor\u0173 trijul\u0117s i\u0161vyk\u0105 \u012f didmiest\u012f kei\u010dia makabri\u0161ka kitos trijul\u0117s kelion\u0117 \u012f myriop nuteisto savo \u0161eimos nario egzekucij\u0105; vienam advokatui likimas tarsi i\u0161 dangaus pa\u017eeria netik\u0117tus turtus, o kitas priver\u010diamas atsakyti u\u017e kadaise \u017emon\u0117ms padarytas skriaudas teisme; nenusp\u0117jami, visk\u0105 auk\u0161tyn kojomis ver\u010diantys lemties akibrok\u0161tai kazino lo\u0161imo sal\u0117se; priblo\u0161kiantis apsukraus slaugytojo, keliaujan\u010dio i\u0161 vienos seneli\u0173 prieglaudos \u012f kit\u0105, verslas; elegi\u0161ka AIDS sergan\u010dio vaikino gyvenimo istorija...\" \/>\n<meta property=\"og:url\" content=\"https:\/\/skaitytaknyga.lt\/en\/produktas\/j-grisham-fordo-apygarda-2\/\" \/>\n<meta property=\"og:site_name\" content=\"Skaitytaknyga\" \/>\n<meta property=\"article:publisher\" content=\"https:\/\/www.facebook.com\/skaitytaknyga\/\" \/>\n<meta property=\"article:modified_time\" content=\"2026-03-05T08:46:58+00:00\" \/>\n<meta property=\"og:image\" content=\"https:\/\/skaitytaknyga.lt\/wp-content\/uploads\/2024\/05\/1462873246_fordo-apygarda.jpg\" \/>\n\t<meta property=\"og:image:width\" content=\"280\" \/>\n\t<meta property=\"og:image:height\" content=\"430\" \/>\n\t<meta property=\"og:image:type\" content=\"image\/jpeg\" \/>\n<meta name=\"twitter:card\" content=\"summary_large_image\" \/>\n<meta name=\"twitter:label1\" content=\"Estimated reading time\" \/>\n\t<meta name=\"twitter:data1\" content=\"1 minute\" \/>\n<script type=\"application\/ld+json\" class=\"yoast-schema-graph\">{\"@context\":\"https:\\\/\\\/schema.org\",\"@graph\":[{\"@type\":\"WebPage\",\"@id\":\"https:\\\/\\\/skaitytaknyga.lt\\\/produktas\\\/j-grisham-fordo-apygarda-2\\\/\",\"url\":\"https:\\\/\\\/skaitytaknyga.lt\\\/produktas\\\/j-grisham-fordo-apygarda-2\\\/\",\"name\":\"Fordo apygarda\",\"isPartOf\":{\"@id\":\"https:\\\/\\\/skaitytaknyga.lt\\\/#website\"},\"primaryImageOfPage\":{\"@id\":\"https:\\\/\\\/skaitytaknyga.lt\\\/produktas\\\/j-grisham-fordo-apygarda-2\\\/#primaryimage\"},\"image\":{\"@id\":\"https:\\\/\\\/skaitytaknyga.lt\\\/produktas\\\/j-grisham-fordo-apygarda-2\\\/#primaryimage\"},\"thumbnailUrl\":\"https:\\\/\\\/skaitytaknyga.lt\\\/wp-content\\\/uploads\\\/2024\\\/05\\\/1462873246_fordo-apygarda.jpg\",\"datePublished\":\"2024-05-04T15:01:49+00:00\",\"dateModified\":\"2026-03-05T08:46:58+00:00\",\"description\":\"Tragikomi\u0161ka, \u012fsp\u016bdinga nuotaik\u0173 gama vienu metu kelia ir juok\u0105, ir li\u016bdes\u012f, ir nuostab\u0105. Tai ne\u012fprasta knyga Johno Grishamo k\u016bryboje, bet \u0161is ra\u0161ytojas pana\u0161iais netik\u0117tumais savo skaitytojus retsykiais nustebina. Septyni\u0173 apsakym\u0173 rinkinyje papasakotos istorijos \u2013 nelyginant trumpi romanai: su ry\u0161kiais charakteriais, kulminacijos \u012ftampa ir netik\u0117tomis atomazgomis. Pasakojimus vienija ta pati vietov\u0117, Fordo apygarda, bet kiek juose \u012fvairov\u0117s, \u0161iuolaikinio gyvenimo spalv\u0173! Kupin\u0105 nuotyki\u0173 kraujo donor\u0173 trijul\u0117s i\u0161vyk\u0105 \u012f didmiest\u012f kei\u010dia makabri\u0161ka kitos trijul\u0117s kelion\u0117 \u012f myriop nuteisto savo \u0161eimos nario egzekucij\u0105; vienam advokatui likimas tarsi i\u0161 dangaus pa\u017eeria netik\u0117tus turtus, o kitas priver\u010diamas atsakyti u\u017e kadaise \u017emon\u0117ms padarytas skriaudas teisme; nenusp\u0117jami, visk\u0105 auk\u0161tyn kojomis ver\u010diantys lemties akibrok\u0161tai kazino lo\u0161imo sal\u0117se; priblo\u0161kiantis apsukraus slaugytojo, keliaujan\u010dio i\u0161 vienos seneli\u0173 prieglaudos \u012f kit\u0105, verslas; elegi\u0161ka AIDS sergan\u010dio vaikino gyvenimo istorija...\",\"breadcrumb\":{\"@id\":\"https:\\\/\\\/skaitytaknyga.lt\\\/produktas\\\/j-grisham-fordo-apygarda-2\\\/#breadcrumb\"},\"inLanguage\":\"en-GB\",\"potentialAction\":[{\"@type\":\"ReadAction\",\"target\":[\"https:\\\/\\\/skaitytaknyga.lt\\\/produktas\\\/j-grisham-fordo-apygarda-2\\\/\"]}]},{\"@type\":\"ImageObject\",\"inLanguage\":\"en-GB\",\"@id\":\"https:\\\/\\\/skaitytaknyga.lt\\\/produktas\\\/j-grisham-fordo-apygarda-2\\\/#primaryimage\",\"url\":\"https:\\\/\\\/skaitytaknyga.lt\\\/wp-content\\\/uploads\\\/2024\\\/05\\\/1462873246_fordo-apygarda.jpg\",\"contentUrl\":\"https:\\\/\\\/skaitytaknyga.lt\\\/wp-content\\\/uploads\\\/2024\\\/05\\\/1462873246_fordo-apygarda.jpg\",\"width\":280,\"height\":430},{\"@type\":\"BreadcrumbList\",\"@id\":\"https:\\\/\\\/skaitytaknyga.lt\\\/produktas\\\/j-grisham-fordo-apygarda-2\\\/#breadcrumb\",\"itemListElement\":[{\"@type\":\"ListItem\",\"position\":1,\"name\":\"Home\",\"item\":\"https:\\\/\\\/skaitytaknyga.lt\\\/\"},{\"@type\":\"ListItem\",\"position\":2,\"name\":\"Parduotuv\u0117\",\"item\":\"https:\\\/\\\/skaitytaknyga.lt\\\/knygu-parduotuve\\\/\"},{\"@type\":\"ListItem\",\"position\":3,\"name\":\"Fordo apygarda\"}]},{\"@type\":\"WebSite\",\"@id\":\"https:\\\/\\\/skaitytaknyga.lt\\\/#website\",\"url\":\"https:\\\/\\\/skaitytaknyga.lt\\\/\",\"name\":\"skaitytaknyga.lt\",\"description\":\"Skaitytaknyga.lt \u2013 tai ma\u017eas \u0161eimos verslas, kuris prasid\u0117jo nuo meil\u0117s knygoms ir siekio i\u0161gelb\u0117ti knygas nuo likimo prie konteinerio. Kas vienam nereikalingas daiktas \u2013 kitam lobis, o mes esame tarpininkai, kurie padeda abiems tapti laimingesniems ???? \u017dinome kaip nelengva i\u0161gyventi ma\u017eiems verslams, tad nuo \u0161iol, \u010dia rasite ir kit\u0173, ma\u017e\u0173 \u0161eim\u0173 versl\u0173, rank\u0173 darbo, dovan\u0173 sau ir artimiesiems.\",\"publisher\":{\"@id\":\"https:\\\/\\\/skaitytaknyga.lt\\\/#organization\"},\"potentialAction\":[{\"@type\":\"SearchAction\",\"target\":{\"@type\":\"EntryPoint\",\"urlTemplate\":\"https:\\\/\\\/skaitytaknyga.lt\\\/?s={search_term_string}\"},\"query-input\":{\"@type\":\"PropertyValueSpecification\",\"valueRequired\":true,\"valueName\":\"search_term_string\"}}],\"inLanguage\":\"en-GB\"},{\"@type\":\"Organization\",\"@id\":\"https:\\\/\\\/skaitytaknyga.lt\\\/#organization\",\"name\":\"skaitytaknyga.lt\",\"url\":\"https:\\\/\\\/skaitytaknyga.lt\\\/\",\"logo\":{\"@type\":\"ImageObject\",\"inLanguage\":\"en-GB\",\"@id\":\"https:\\\/\\\/skaitytaknyga.lt\\\/#\\\/schema\\\/logo\\\/image\\\/\",\"url\":\"https:\\\/\\\/skaitytaknyga.lt\\\/wp-content\\\/uploads\\\/2024\\\/05\\\/cropped-cropped-cropped-02_00843_jt3bggkj1j3HLc7SyY6rEUpg.jpeg\",\"contentUrl\":\"https:\\\/\\\/skaitytaknyga.lt\\\/wp-content\\\/uploads\\\/2024\\\/05\\\/cropped-cropped-cropped-02_00843_jt3bggkj1j3HLc7SyY6rEUpg.jpeg\",\"width\":1600,\"height\":1600,\"caption\":\"skaitytaknyga.lt\"},\"image\":{\"@id\":\"https:\\\/\\\/skaitytaknyga.lt\\\/#\\\/schema\\\/logo\\\/image\\\/\"},\"sameAs\":[\"https:\\\/\\\/www.facebook.com\\\/skaitytaknyga\\\/\"]}]}<\/script>\n<!-- \/ Yoast SEO plugin. -->","yoast_head_json":{"title":"Fordo apygarda","description":"Tragikomi\u0161ka, \u012fsp\u016bdinga nuotaik\u0173 gama vienu metu kelia ir juok\u0105, ir li\u016bdes\u012f, ir nuostab\u0105.  Tai ne\u012fprasta knyga Johno Grishamo k\u016bryboje, bet \u0161is ra\u0161ytojas pana\u0161iais netik\u0117tumais savo skaitytojus retsykiais nustebina. Septyni\u0173 apsakym\u0173 rinkinyje papasakotos istorijos \u2013 nelyginant trumpi romanai: su ry\u0161kiais charakteriais, kulminacijos \u012ftampa ir netik\u0117tomis atomazgomis. Pasakojimus vienija ta pati vietov\u0117, Fordo apygarda, bet kiek juose \u012fvairov\u0117s, \u0161iuolaikinio gyvenimo spalv\u0173!  Kupin\u0105 nuotyki\u0173 kraujo donor\u0173 trijul\u0117s i\u0161vyk\u0105 \u012f didmiest\u012f kei\u010dia makabri\u0161ka kitos trijul\u0117s kelion\u0117 \u012f myriop nuteisto savo \u0161eimos nario egzekucij\u0105; vienam advokatui likimas tarsi i\u0161 dangaus pa\u017eeria netik\u0117tus turtus, o kitas priver\u010diamas atsakyti u\u017e kadaise \u017emon\u0117ms padarytas skriaudas teisme; nenusp\u0117jami, visk\u0105 auk\u0161tyn kojomis ver\u010diantys lemties akibrok\u0161tai kazino lo\u0161imo sal\u0117se; priblo\u0161kiantis apsukraus slaugytojo, keliaujan\u010dio i\u0161 vienos seneli\u0173 prieglaudos \u012f kit\u0105, verslas; elegi\u0161ka AIDS sergan\u010dio vaikino gyvenimo istorija...","robots":{"index":"index","follow":"follow","max-snippet":"max-snippet:-1","max-image-preview":"max-image-preview:large","max-video-preview":"max-video-preview:-1"},"canonical":"https:\/\/skaitytaknyga.lt\/en\/produktas\/j-grisham-fordo-apygarda-2\/","og_locale":"en_GB","og_type":"article","og_title":"[:lt]Fordo apygarda[:] - Skaitytaknyga","og_description":"Tragikomi\u0161ka, \u012fsp\u016bdinga nuotaik\u0173 gama vienu metu kelia ir juok\u0105, ir li\u016bdes\u012f, ir nuostab\u0105.  Tai ne\u012fprasta knyga Johno Grishamo k\u016bryboje, bet \u0161is ra\u0161ytojas pana\u0161iais netik\u0117tumais savo skaitytojus retsykiais nustebina. Septyni\u0173 apsakym\u0173 rinkinyje papasakotos istorijos \u2013 nelyginant trumpi romanai: su ry\u0161kiais charakteriais, kulminacijos \u012ftampa ir netik\u0117tomis atomazgomis. Pasakojimus vienija ta pati vietov\u0117, Fordo apygarda, bet kiek juose \u012fvairov\u0117s, \u0161iuolaikinio gyvenimo spalv\u0173!  Kupin\u0105 nuotyki\u0173 kraujo donor\u0173 trijul\u0117s i\u0161vyk\u0105 \u012f didmiest\u012f kei\u010dia makabri\u0161ka kitos trijul\u0117s kelion\u0117 \u012f myriop nuteisto savo \u0161eimos nario egzekucij\u0105; vienam advokatui likimas tarsi i\u0161 dangaus pa\u017eeria netik\u0117tus turtus, o kitas priver\u010diamas atsakyti u\u017e kadaise \u017emon\u0117ms padarytas skriaudas teisme; nenusp\u0117jami, visk\u0105 auk\u0161tyn kojomis ver\u010diantys lemties akibrok\u0161tai kazino lo\u0161imo sal\u0117se; priblo\u0161kiantis apsukraus slaugytojo, keliaujan\u010dio i\u0161 vienos seneli\u0173 prieglaudos \u012f kit\u0105, verslas; elegi\u0161ka AIDS sergan\u010dio vaikino gyvenimo istorija...","og_url":"https:\/\/skaitytaknyga.lt\/en\/produktas\/j-grisham-fordo-apygarda-2\/","og_site_name":"Skaitytaknyga","article_publisher":"https:\/\/www.facebook.com\/skaitytaknyga\/","article_modified_time":"2026-03-05T08:46:58+00:00","og_image":[{"width":280,"height":430,"url":"https:\/\/skaitytaknyga.lt\/wp-content\/uploads\/2024\/05\/1462873246_fordo-apygarda.jpg","type":"image\/jpeg"}],"twitter_card":"summary_large_image","twitter_misc":{"Estimated reading time":"1 minute"},"schema":{"@context":"https:\/\/schema.org","@graph":[{"@type":"WebPage","@id":"https:\/\/skaitytaknyga.lt\/produktas\/j-grisham-fordo-apygarda-2\/","url":"https:\/\/skaitytaknyga.lt\/produktas\/j-grisham-fordo-apygarda-2\/","name":"Fordo apygarda","isPartOf":{"@id":"https:\/\/skaitytaknyga.lt\/#website"},"primaryImageOfPage":{"@id":"https:\/\/skaitytaknyga.lt\/produktas\/j-grisham-fordo-apygarda-2\/#primaryimage"},"image":{"@id":"https:\/\/skaitytaknyga.lt\/produktas\/j-grisham-fordo-apygarda-2\/#primaryimage"},"thumbnailUrl":"https:\/\/skaitytaknyga.lt\/wp-content\/uploads\/2024\/05\/1462873246_fordo-apygarda.jpg","datePublished":"2024-05-04T15:01:49+00:00","dateModified":"2026-03-05T08:46:58+00:00","description":"Tragikomi\u0161ka, \u012fsp\u016bdinga nuotaik\u0173 gama vienu metu kelia ir juok\u0105, ir li\u016bdes\u012f, ir nuostab\u0105. Tai ne\u012fprasta knyga Johno Grishamo k\u016bryboje, bet \u0161is ra\u0161ytojas pana\u0161iais netik\u0117tumais savo skaitytojus retsykiais nustebina. Septyni\u0173 apsakym\u0173 rinkinyje papasakotos istorijos \u2013 nelyginant trumpi romanai: su ry\u0161kiais charakteriais, kulminacijos \u012ftampa ir netik\u0117tomis atomazgomis. Pasakojimus vienija ta pati vietov\u0117, Fordo apygarda, bet kiek juose \u012fvairov\u0117s, \u0161iuolaikinio gyvenimo spalv\u0173! Kupin\u0105 nuotyki\u0173 kraujo donor\u0173 trijul\u0117s i\u0161vyk\u0105 \u012f didmiest\u012f kei\u010dia makabri\u0161ka kitos trijul\u0117s kelion\u0117 \u012f myriop nuteisto savo \u0161eimos nario egzekucij\u0105; vienam advokatui likimas tarsi i\u0161 dangaus pa\u017eeria netik\u0117tus turtus, o kitas priver\u010diamas atsakyti u\u017e kadaise \u017emon\u0117ms padarytas skriaudas teisme; nenusp\u0117jami, visk\u0105 auk\u0161tyn kojomis ver\u010diantys lemties akibrok\u0161tai kazino lo\u0161imo sal\u0117se; priblo\u0161kiantis apsukraus slaugytojo, keliaujan\u010dio i\u0161 vienos seneli\u0173 prieglaudos \u012f kit\u0105, verslas; elegi\u0161ka AIDS sergan\u010dio vaikino gyvenimo istorija...","breadcrumb":{"@id":"https:\/\/skaitytaknyga.lt\/produktas\/j-grisham-fordo-apygarda-2\/#breadcrumb"},"inLanguage":"en-GB","potentialAction":[{"@type":"ReadAction","target":["https:\/\/skaitytaknyga.lt\/produktas\/j-grisham-fordo-apygarda-2\/"]}]},{"@type":"ImageObject","inLanguage":"en-GB","@id":"https:\/\/skaitytaknyga.lt\/produktas\/j-grisham-fordo-apygarda-2\/#primaryimage","url":"https:\/\/skaitytaknyga.lt\/wp-content\/uploads\/2024\/05\/1462873246_fordo-apygarda.jpg","contentUrl":"https:\/\/skaitytaknyga.lt\/wp-content\/uploads\/2024\/05\/1462873246_fordo-apygarda.jpg","width":280,"height":430},{"@type":"BreadcrumbList","@id":"https:\/\/skaitytaknyga.lt\/produktas\/j-grisham-fordo-apygarda-2\/#breadcrumb","itemListElement":[{"@type":"ListItem","position":1,"name":"Home","item":"https:\/\/skaitytaknyga.lt\/"},{"@type":"ListItem","position":2,"name":"Parduotuv\u0117","item":"https:\/\/skaitytaknyga.lt\/knygu-parduotuve\/"},{"@type":"ListItem","position":3,"name":"Fordo apygarda"}]},{"@type":"WebSite","@id":"https:\/\/skaitytaknyga.lt\/#website","url":"https:\/\/skaitytaknyga.lt\/","name":"skaitytaknyga.lt","description":"Skaitytaknyga.lt \u2013 tai ma\u017eas \u0161eimos verslas, kuris prasid\u0117jo nuo meil\u0117s knygoms ir siekio i\u0161gelb\u0117ti knygas nuo likimo prie konteinerio. Kas vienam nereikalingas daiktas \u2013 kitam lobis, o mes esame tarpininkai, kurie padeda abiems tapti laimingesniems ???? \u017dinome kaip nelengva i\u0161gyventi ma\u017eiems verslams, tad nuo \u0161iol, \u010dia rasite ir kit\u0173, ma\u017e\u0173 \u0161eim\u0173 versl\u0173, rank\u0173 darbo, dovan\u0173 sau ir artimiesiems.","publisher":{"@id":"https:\/\/skaitytaknyga.lt\/#organization"},"potentialAction":[{"@type":"SearchAction","target":{"@type":"EntryPoint","urlTemplate":"https:\/\/skaitytaknyga.lt\/?s={search_term_string}"},"query-input":{"@type":"PropertyValueSpecification","valueRequired":true,"valueName":"search_term_string"}}],"inLanguage":"en-GB"},{"@type":"Organization","@id":"https:\/\/skaitytaknyga.lt\/#organization","name":"skaitytaknyga.lt","url":"https:\/\/skaitytaknyga.lt\/","logo":{"@type":"ImageObject","inLanguage":"en-GB","@id":"https:\/\/skaitytaknyga.lt\/#\/schema\/logo\/image\/","url":"https:\/\/skaitytaknyga.lt\/wp-content\/uploads\/2024\/05\/cropped-cropped-cropped-02_00843_jt3bggkj1j3HLc7SyY6rEUpg.jpeg","contentUrl":"https:\/\/skaitytaknyga.lt\/wp-content\/uploads\/2024\/05\/cropped-cropped-cropped-02_00843_jt3bggkj1j3HLc7SyY6rEUpg.jpeg","width":1600,"height":1600,"caption":"skaitytaknyga.lt"},"image":{"@id":"https:\/\/skaitytaknyga.lt\/#\/schema\/logo\/image\/"},"sameAs":["https:\/\/www.facebook.com\/skaitytaknyga\/"]}]}},"_links":{"self":[{"href":"https:\/\/skaitytaknyga.lt\/en\/wp-json\/wp\/v2\/product\/9376","targetHints":{"allow":["GET"]}}],"collection":[{"href":"https:\/\/skaitytaknyga.lt\/en\/wp-json\/wp\/v2\/product"}],"about":[{"href":"https:\/\/skaitytaknyga.lt\/en\/wp-json\/wp\/v2\/types\/product"}],"replies":[{"embeddable":true,"href":"https:\/\/skaitytaknyga.lt\/en\/wp-json\/wp\/v2\/comments?post=9376"}],"wp:featuredmedia":[{"embeddable":true,"href":"https:\/\/skaitytaknyga.lt\/en\/wp-json\/wp\/v2\/media\/6706"}],"wp:attachment":[{"href":"https:\/\/skaitytaknyga.lt\/en\/wp-json\/wp\/v2\/media?parent=9376"}],"wp:term":[{"taxonomy":"product_brand","embeddable":true,"href":"https:\/\/skaitytaknyga.lt\/en\/wp-json\/wp\/v2\/product_brand?post=9376"},{"taxonomy":"product_cat","embeddable":true,"href":"https:\/\/skaitytaknyga.lt\/en\/wp-json\/wp\/v2\/product_cat?post=9376"},{"taxonomy":"product_tag","embeddable":true,"href":"https:\/\/skaitytaknyga.lt\/en\/wp-json\/wp\/v2\/product_tag?post=9376"}],"curies":[{"name":"wp","href":"https:\/\/api.w.org\/{rel}","templated":true}]}}