{"id":9373,"date":"2024-05-04T18:01:49","date_gmt":"2024-05-04T15:01:49","guid":{"rendered":"https:\/\/skaitytaknyga.lt\/?post_type=product&#038;p=9373"},"modified":"2026-03-10T18:30:44","modified_gmt":"2026-03-10T16:30:44","slug":"karmos-diagnostika-1-3-knygos-2","status":"publish","type":"product","link":"https:\/\/skaitytaknyga.lt\/en\/produktas\/karmos-diagnostika-1-3-knygos-2\/","title":{"rendered":"Karmos diagnostika. 1-3 knygos"},"content":{"rendered":"<div class=\"book-descript-wrapper\">\n<section class=\"product-descript more-content-wrapper\">\n<div class=\"\">\n<p>Knygoje \u201e<strong>Karmos diagnostika&#8221;<\/strong>\u00a0pasakojama, kaip suvokti \u017emog\u0173, s\u0105mon\u0119, pas\u0105mon\u0119, jos informacinius-energetinius klodus: kaip u\u017ekirsti keli\u0105 ligoms, ie\u0161kant j\u0173 atsiradimo prie\u017eas\u010di\u0173, kaip svarbu \u017emogui dvasi\u0161kai ir intelektualiai tobul\u0117ti.<\/p>\n<p>Prie\u0161 jus ne tik nauja knyga, nagrin\u0117janti tem\u0105, kuri \u0161iandien domina daugel\u012f; \u010dia ai\u0161kinama originali koncepcija, kaip pa\u017einti dvasinio pasaulio, kuriam pakl\u016bsta materialusis pasaulis, d\u0117snius, o taip pat analizuojamos galimyb\u0117s \u012feiti \u012f bioenergetikos pasaul\u012f.<\/p>\n<p><em>Svarbiausias knygos tikslas &#8211; prapl\u0117sti mus supan\u010dio pasaulio suvokim\u0105, atskleisti ir i\u0161nagrin\u0117ti j\u012f valdan\u010dius mechanizmus, ir pateikti taisykles, kaip \u012f\u017eengiama \u012f bioenergetik\u0105, nes \u017emogaus tobul\u0117jimas turi prasid\u0117ti nuo pasaulio suvokimo, jo d\u0117sni\u0173 supratimo ir sav\u0119s kaip vieningos Visatos sistemos dalel\u0117s \u012fsis\u0105moninimo. \u0160iuolaikin\u0117 \u017emonija labai nutolo nuo dvasini\u0173 i\u0161tak\u0173, tod\u0117l pana\u0161i \u012f prakiurus\u012f laiv\u0105, kurio variklis suged\u0119s, kapitono n\u0117ra, o komanda susivaidijusi. Kai kurie ekipa\u017eo nariai prad\u0117jo tai suvokti, pasigirsta kvietim\u0173 taikytis ir remontuoti laiv\u0105. Ta\u010diau did\u017eiausia b\u0117da, &#8211; ir jos niekas nenujau\u010dia, &#8211; kad laivas art\u0117ja prie rif\u0173 ir netgi variklio remontas negali i\u0161gelb\u0117ti laivo ir jo komandos, jei nebus pakeista plaukimo kryptis.<br \/>\n<\/em><\/p>\n<p><em>\u017dmonijai gresia kur kas didesnis ir rimtesnis pavojus negu branduolinis karas, tasai pavojus &#8211; dvasios pakrikimas. Baisiausi praradimai tie, kuri\u0173 mes nepastebime ir nejau\u010diame, nes mirtis prad\u017eioje atsiranda biolauko lygmenyje, o tik po to &#8211; k\u016bno lygmenyje. Dabar \u0161is procesas art\u0117ja prie kritinio ta\u0161ko, nes nuo m\u016bs\u0173 dvasingumo \u0161iandien priklausys m\u016bs\u0173 vaik\u0173 ir vaikai\u010di\u0173 rytdiena. Taigi, kuo skurdesnis m\u016bs\u0173 dvasingumas \u0161iandien, tuo skurdesn\u0117 bus m\u016bs\u0173 palikuoni\u0173 dvasin\u0117 ir fizin\u0117 sveikata.<\/em><\/p>\n<ul class=\"about-product d-none d-xl-block mt-4\">\n<li><strong>Originalus pavadinimas:<\/strong>\u00a0\u0414\u0438\u0430\u0433\u043d\u043e\u0441\u0442\u0438\u043a\u0430 \u043a\u0430\u0440\u043c\u044b<\/li>\n<li><strong>Autorius:<\/strong>\u00a0Sergejus Lazarevas<\/li>\n<li><strong>Leid\u0117jas:<\/strong>\u00a0Asveja<\/li>\n<li><strong>Metai:<\/strong>\u00a01996<\/li>\n<li><strong>Puslapiai:<\/strong>\u00a0560<\/li>\n<li><strong>ISBN-10:<\/strong>\u00a09986504422<\/li>\n<li><strong>ISBN-13:<\/strong>\u00a09789986504429<\/li>\n<li><strong>Prek\u0117s kodas:<\/strong>\u00a02200100722866<\/li>\n<li><strong>Versijos kodas:<\/strong>\u00a0PT.<\/li>\n<li><strong>Formatas:<\/strong>\u00a013 x 20,5 cm, kieti vir\u0161eliai<\/li>\n<li><strong>Kalba:<\/strong>\u00a0Lietuvi\u0173<\/li>\n<li><strong>Vert\u0117jas:<\/strong>\u00a0Bron\u0117 Lozovien\u0117<\/li>\n<\/ul>\n<\/div>\n<\/section>\n<\/div>\n","protected":false},"excerpt":{"rendered":"<p>Knygoje \u201eKarmos diagnostika&#8221;\u00a0pasakojama, kaip suvokti \u017emog\u0173, s\u0105mon\u0119, pas\u0105mon\u0119, jos informacinius-energetinius klodus: kaip u\u017ekirsti keli\u0105 ligoms, ie\u0161kant j\u0173 atsiradimo prie\u017eas\u010di\u0173, kaip svarbu \u017emogui dvasi\u0161kai ir intelektualiai tobul\u0117ti. Prie\u0161 jus ne tik nauja knyga, nagrin\u0117janti tem\u0105, kuri \u0161iandien domina daugel\u012f; \u010dia ai\u0161kinama originali koncepcija, kaip pa\u017einti dvasinio pasaulio, kuriam pakl\u016bsta materialusis pasaulis, d\u0117snius, o taip pat analizuojamos galimyb\u0117s \u012feiti \u012f bioenergetikos pasaul\u012f. Svarbiausias knygos tikslas &#8211; prapl\u0117sti mus supan\u010dio pasaulio suvokim\u0105, atskleisti ir i\u0161nagrin\u0117ti j\u012f valdan\u010dius mechanizmus, ir pateikti taisykles, kaip \u012f\u017eengiama \u012f bioenergetik\u0105, nes \u017emogaus tobul\u0117jimas turi prasid\u0117ti nuo pasaulio suvokimo, jo d\u0117sni\u0173 supratimo ir sav\u0119s kaip vieningos Visatos sistemos dalel\u0117s \u012fsis\u0105moninimo. \u0160iuolaikin\u0117 \u017emonija labai nutolo nuo dvasini\u0173 i\u0161tak\u0173, tod\u0117l pana\u0161i \u012f prakiurus\u012f laiv\u0105, kurio variklis suged\u0119s, kapitono n\u0117ra, o komanda susivaidijusi. Kai kurie ekipa\u017eo nariai prad\u0117jo tai suvokti, pasigirsta kvietim\u0173 taikytis ir remontuoti laiv\u0105. Ta\u010diau did\u017eiausia b\u0117da, &#8211; ir jos niekas nenujau\u010dia, &#8211; kad laivas art\u0117ja prie rif\u0173 ir netgi variklio remontas negali i\u0161gelb\u0117ti laivo ir jo komandos, jei nebus pakeista plaukimo kryptis. \u017dmonijai gresia kur kas didesnis ir rimtesnis pavojus negu branduolinis karas, tasai pavojus &#8211; dvasios pakrikimas. Baisiausi praradimai tie, kuri\u0173 mes nepastebime ir nejau\u010diame, nes mirtis prad\u017eioje atsiranda biolauko lygmenyje, o tik po to &#8211; k\u016bno lygmenyje. Dabar \u0161is procesas art\u0117ja prie kritinio ta\u0161ko, nes nuo m\u016bs\u0173 dvasingumo \u0161iandien priklausys m\u016bs\u0173 vaik\u0173 ir vaikai\u010di\u0173 rytdiena. Taigi, kuo skurdesnis m\u016bs\u0173 dvasingumas \u0161iandien, tuo skurdesn\u0117 bus m\u016bs\u0173 palikuoni\u0173 dvasin\u0117 ir fizin\u0117 sveikata. Originalus pavadinimas:\u00a0\u0414\u0438\u0430\u0433\u043d\u043e\u0441\u0442\u0438\u043a\u0430 \u043a\u0430\u0440\u043c\u044b Autorius:\u00a0Sergejus Lazarevas Leid\u0117jas:\u00a0Asveja Metai:\u00a01996 Puslapiai:\u00a0560 ISBN-10:\u00a09986504422 ISBN-13:\u00a09789986504429 Prek\u0117s kodas:\u00a02200100722866 Versijos kodas:\u00a0PT. Formatas:\u00a013 x 20,5 cm, kieti vir\u0161eliai Kalba:\u00a0Lietuvi\u0173 Vert\u0117jas:\u00a0Bron\u0117 Lozovien\u0117<\/p>\n","protected":false},"featured_media":6703,"comment_status":"closed","ping_status":"closed","template":"","meta":{"_acf_changed":false,"site-sidebar-layout":"default","site-content-layout":"","ast-site-content-layout":"default","site-content-style":"default","site-sidebar-style":"default","ast-global-header-display":"","ast-banner-title-visibility":"","ast-main-header-display":"","ast-hfb-above-header-display":"","ast-hfb-below-header-display":"","ast-hfb-mobile-header-display":"","site-post-title":"","ast-breadcrumbs-content":"","ast-featured-img":"","footer-sml-layout":"","ast-disable-related-posts":"","theme-transparent-header-meta":"default","adv-header-id-meta":"","stick-header-meta":"","header-above-stick-meta":"","header-main-stick-meta":"","header-below-stick-meta":"","astra-migrate-meta-layouts":"set","ast-page-background-enabled":"default","ast-page-background-meta":{"desktop":{"background-color":"","background-image":"","background-repeat":"repeat","background-position":"center center","background-size":"auto","background-attachment":"scroll","background-type":"","background-media":"","overlay-type":"","overlay-color":"","overlay-opacity":"","overlay-gradient":""},"tablet":{"background-color":"","background-image":"","background-repeat":"repeat","background-position":"center center","background-size":"auto","background-attachment":"scroll","background-type":"","background-media":"","overlay-type":"","overlay-color":"","overlay-opacity":"","overlay-gradient":""},"mobile":{"background-color":"","background-image":"","background-repeat":"repeat","background-position":"center center","background-size":"auto","background-attachment":"scroll","background-type":"","background-media":"","overlay-type":"","overlay-color":"","overlay-opacity":"","overlay-gradient":""}},"ast-content-background-meta":{"desktop":{"background-color":"var(--ast-global-color-4)","background-image":"","background-repeat":"repeat","background-position":"center center","background-size":"auto","background-attachment":"scroll","background-type":"","background-media":"","overlay-type":"","overlay-color":"","overlay-opacity":"","overlay-gradient":""},"tablet":{"background-color":"var(--ast-global-color-4)","background-image":"","background-repeat":"repeat","background-position":"center center","background-size":"auto","background-attachment":"scroll","background-type":"","background-media":"","overlay-type":"","overlay-color":"","overlay-opacity":"","overlay-gradient":""},"mobile":{"background-color":"var(--ast-global-color-4)","background-image":"","background-repeat":"repeat","background-position":"center center","background-size":"auto","background-attachment":"scroll","background-type":"","background-media":"","overlay-type":"","overlay-color":"","overlay-opacity":"","overlay-gradient":""}}},"product_brand":[],"product_cat":[165],"product_tag":[],"class_list":{"0":"post-9373","1":"product","2":"type-product","3":"status-publish","4":"has-post-thumbnail","6":"product_cat-religija-filosofija-ir-ezoterika","7":"desktop-align-left","8":"tablet-align-left","9":"mobile-align-left","11":"first","12":"instock","13":"shipping-taxable","14":"purchasable","15":"product-type-simple"},"acf":[],"yoast_head":"<!-- This site is optimized with the Yoast SEO plugin v27.4 - https:\/\/yoast.com\/product\/yoast-seo-wordpress\/ -->\n<title>Karmos diagnostika. 1-3 knygos<\/title>\n<meta name=\"description\" content=\"Knygoje \u201eKarmos diagnostika&quot;\u00a0pasakojama, kaip suvokti \u017emog\u0173, s\u0105mon\u0119, pas\u0105mon\u0119, jos informacinius-energetinius klodus: kaip u\u017ekirsti keli\u0105 ligoms, ie\u0161kant\" \/>\n<meta name=\"robots\" content=\"index, follow, max-snippet:-1, max-image-preview:large, max-video-preview:-1\" \/>\n<link rel=\"canonical\" href=\"https:\/\/skaitytaknyga.lt\/en\/produktas\/karmos-diagnostika-1-3-knygos-2\/\" \/>\n<meta property=\"og:locale\" content=\"en_GB\" \/>\n<meta property=\"og:locale:alternate\" content=\"lt_LT\" \/>\n<meta property=\"og:type\" content=\"article\" \/>\n<meta property=\"og:title\" content=\"Karmos diagnostika. 1-3 knygos\" \/>\n<meta property=\"og:description\" content=\"Knygoje \u201eKarmos diagnostika&quot;\u00a0pasakojama, kaip suvokti \u017emog\u0173, s\u0105mon\u0119, pas\u0105mon\u0119, jos informacinius-energetinius klodus: kaip u\u017ekirsti keli\u0105 ligoms, ie\u0161kant\" \/>\n<meta property=\"og:url\" content=\"https:\/\/skaitytaknyga.lt\/en\/produktas\/karmos-diagnostika-1-3-knygos-2\/\" \/>\n<meta property=\"og:site_name\" content=\"Skaitytaknyga\" \/>\n<meta property=\"article:publisher\" content=\"https:\/\/www.facebook.com\/skaitytaknyga\/\" \/>\n<meta property=\"article:modified_time\" content=\"2026-03-10T16:30:44+00:00\" \/>\n<meta property=\"og:image\" content=\"https:\/\/skaitytaknyga.lt\/wp-content\/uploads\/2024\/05\/1465563585_img0003.jpg\" \/>\n\t<meta property=\"og:image:width\" content=\"271\" \/>\n\t<meta property=\"og:image:height\" content=\"430\" \/>\n\t<meta property=\"og:image:type\" content=\"image\/jpeg\" \/>\n<meta name=\"twitter:card\" content=\"summary_large_image\" \/>\n<meta name=\"twitter:label1\" content=\"Estimated reading time\" \/>\n\t<meta name=\"twitter:data1\" content=\"2 minutes\" \/>\n<script type=\"application\/ld+json\" class=\"yoast-schema-graph\">{\"@context\":\"https:\\\/\\\/schema.org\",\"@graph\":[{\"@type\":\"WebPage\",\"@id\":\"https:\\\/\\\/skaitytaknyga.lt\\\/produktas\\\/karmos-diagnostika-1-3-knygos-2\\\/\",\"url\":\"https:\\\/\\\/skaitytaknyga.lt\\\/produktas\\\/karmos-diagnostika-1-3-knygos-2\\\/\",\"name\":\"Karmos diagnostika. 1-3 knygos\",\"isPartOf\":{\"@id\":\"https:\\\/\\\/skaitytaknyga.lt\\\/#website\"},\"primaryImageOfPage\":{\"@id\":\"https:\\\/\\\/skaitytaknyga.lt\\\/produktas\\\/karmos-diagnostika-1-3-knygos-2\\\/#primaryimage\"},\"image\":{\"@id\":\"https:\\\/\\\/skaitytaknyga.lt\\\/produktas\\\/karmos-diagnostika-1-3-knygos-2\\\/#primaryimage\"},\"thumbnailUrl\":\"https:\\\/\\\/skaitytaknyga.lt\\\/wp-content\\\/uploads\\\/2024\\\/05\\\/1465563585_img0003.jpg\",\"datePublished\":\"2024-05-04T15:01:49+00:00\",\"dateModified\":\"2026-03-10T16:30:44+00:00\",\"description\":\"Knygoje \u201eKarmos diagnostika\\\"\u00a0pasakojama, kaip suvokti \u017emog\u0173, s\u0105mon\u0119, pas\u0105mon\u0119, jos informacinius-energetinius klodus: kaip u\u017ekirsti keli\u0105 ligoms, ie\u0161kant\",\"breadcrumb\":{\"@id\":\"https:\\\/\\\/skaitytaknyga.lt\\\/produktas\\\/karmos-diagnostika-1-3-knygos-2\\\/#breadcrumb\"},\"inLanguage\":\"en-GB\",\"potentialAction\":[{\"@type\":\"ReadAction\",\"target\":[\"https:\\\/\\\/skaitytaknyga.lt\\\/produktas\\\/karmos-diagnostika-1-3-knygos-2\\\/\"]}]},{\"@type\":\"ImageObject\",\"inLanguage\":\"en-GB\",\"@id\":\"https:\\\/\\\/skaitytaknyga.lt\\\/produktas\\\/karmos-diagnostika-1-3-knygos-2\\\/#primaryimage\",\"url\":\"https:\\\/\\\/skaitytaknyga.lt\\\/wp-content\\\/uploads\\\/2024\\\/05\\\/1465563585_img0003.jpg\",\"contentUrl\":\"https:\\\/\\\/skaitytaknyga.lt\\\/wp-content\\\/uploads\\\/2024\\\/05\\\/1465563585_img0003.jpg\",\"width\":271,\"height\":430,\"caption\":\"Karmos diagnostika. 1-3 knygos\"},{\"@type\":\"BreadcrumbList\",\"@id\":\"https:\\\/\\\/skaitytaknyga.lt\\\/produktas\\\/karmos-diagnostika-1-3-knygos-2\\\/#breadcrumb\",\"itemListElement\":[{\"@type\":\"ListItem\",\"position\":1,\"name\":\"Home\",\"item\":\"https:\\\/\\\/skaitytaknyga.lt\\\/\"},{\"@type\":\"ListItem\",\"position\":2,\"name\":\"Parduotuv\u0117\",\"item\":\"https:\\\/\\\/skaitytaknyga.lt\\\/knygu-parduotuve\\\/\"},{\"@type\":\"ListItem\",\"position\":3,\"name\":\"Karmos diagnostika. 1-3 knygos\"}]},{\"@type\":\"WebSite\",\"@id\":\"https:\\\/\\\/skaitytaknyga.lt\\\/#website\",\"url\":\"https:\\\/\\\/skaitytaknyga.lt\\\/\",\"name\":\"skaitytaknyga.lt\",\"description\":\"Skaitytaknyga.lt \u2013 tai ma\u017eas \u0161eimos verslas, kuris prasid\u0117jo nuo meil\u0117s knygoms ir siekio i\u0161gelb\u0117ti knygas nuo likimo prie konteinerio. Kas vienam nereikalingas daiktas \u2013 kitam lobis, o mes esame tarpininkai, kurie padeda abiems tapti laimingesniems ???? \u017dinome kaip nelengva i\u0161gyventi ma\u017eiems verslams, tad nuo \u0161iol, \u010dia rasite ir kit\u0173, ma\u017e\u0173 \u0161eim\u0173 versl\u0173, rank\u0173 darbo, dovan\u0173 sau ir artimiesiems.\",\"publisher\":{\"@id\":\"https:\\\/\\\/skaitytaknyga.lt\\\/#organization\"},\"potentialAction\":[{\"@type\":\"SearchAction\",\"target\":{\"@type\":\"EntryPoint\",\"urlTemplate\":\"https:\\\/\\\/skaitytaknyga.lt\\\/?s={search_term_string}\"},\"query-input\":{\"@type\":\"PropertyValueSpecification\",\"valueRequired\":true,\"valueName\":\"search_term_string\"}}],\"inLanguage\":\"en-GB\"},{\"@type\":\"Organization\",\"@id\":\"https:\\\/\\\/skaitytaknyga.lt\\\/#organization\",\"name\":\"skaitytaknyga.lt\",\"url\":\"https:\\\/\\\/skaitytaknyga.lt\\\/\",\"logo\":{\"@type\":\"ImageObject\",\"inLanguage\":\"en-GB\",\"@id\":\"https:\\\/\\\/skaitytaknyga.lt\\\/#\\\/schema\\\/logo\\\/image\\\/\",\"url\":\"https:\\\/\\\/skaitytaknyga.lt\\\/wp-content\\\/uploads\\\/2024\\\/05\\\/cropped-cropped-cropped-02_00843_jt3bggkj1j3HLc7SyY6rEUpg.jpeg\",\"contentUrl\":\"https:\\\/\\\/skaitytaknyga.lt\\\/wp-content\\\/uploads\\\/2024\\\/05\\\/cropped-cropped-cropped-02_00843_jt3bggkj1j3HLc7SyY6rEUpg.jpeg\",\"width\":1600,\"height\":1600,\"caption\":\"skaitytaknyga.lt\"},\"image\":{\"@id\":\"https:\\\/\\\/skaitytaknyga.lt\\\/#\\\/schema\\\/logo\\\/image\\\/\"},\"sameAs\":[\"https:\\\/\\\/www.facebook.com\\\/skaitytaknyga\\\/\"]}]}<\/script>\n<!-- \/ Yoast SEO plugin. -->","yoast_head_json":{"title":"Karmos diagnostika. 1-3 knygos","description":"Knygoje \u201eKarmos diagnostika\"\u00a0pasakojama, kaip suvokti \u017emog\u0173, s\u0105mon\u0119, pas\u0105mon\u0119, jos informacinius-energetinius klodus: kaip u\u017ekirsti keli\u0105 ligoms, ie\u0161kant","robots":{"index":"index","follow":"follow","max-snippet":"max-snippet:-1","max-image-preview":"max-image-preview:large","max-video-preview":"max-video-preview:-1"},"canonical":"https:\/\/skaitytaknyga.lt\/en\/produktas\/karmos-diagnostika-1-3-knygos-2\/","og_locale":"en_GB","og_type":"article","og_title":"[:lt]Karmos diagnostika. 1-3 knygos[:] - Skaitytaknyga","og_description":"Knygoje \u201eKarmos diagnostika\"\u00a0pasakojama, kaip suvokti \u017emog\u0173, s\u0105mon\u0119, pas\u0105mon\u0119, jos informacinius-energetinius klodus: kaip u\u017ekirsti keli\u0105 ligoms, ie\u0161kant","og_url":"https:\/\/skaitytaknyga.lt\/en\/produktas\/karmos-diagnostika-1-3-knygos-2\/","og_site_name":"Skaitytaknyga","article_publisher":"https:\/\/www.facebook.com\/skaitytaknyga\/","article_modified_time":"2026-03-10T16:30:44+00:00","og_image":[{"width":271,"height":430,"url":"https:\/\/skaitytaknyga.lt\/wp-content\/uploads\/2024\/05\/1465563585_img0003.jpg","type":"image\/jpeg"}],"twitter_card":"summary_large_image","twitter_misc":{"Estimated reading time":"2 minutes"},"schema":{"@context":"https:\/\/schema.org","@graph":[{"@type":"WebPage","@id":"https:\/\/skaitytaknyga.lt\/produktas\/karmos-diagnostika-1-3-knygos-2\/","url":"https:\/\/skaitytaknyga.lt\/produktas\/karmos-diagnostika-1-3-knygos-2\/","name":"Karmos diagnostika. 1-3 knygos","isPartOf":{"@id":"https:\/\/skaitytaknyga.lt\/#website"},"primaryImageOfPage":{"@id":"https:\/\/skaitytaknyga.lt\/produktas\/karmos-diagnostika-1-3-knygos-2\/#primaryimage"},"image":{"@id":"https:\/\/skaitytaknyga.lt\/produktas\/karmos-diagnostika-1-3-knygos-2\/#primaryimage"},"thumbnailUrl":"https:\/\/skaitytaknyga.lt\/wp-content\/uploads\/2024\/05\/1465563585_img0003.jpg","datePublished":"2024-05-04T15:01:49+00:00","dateModified":"2026-03-10T16:30:44+00:00","description":"Knygoje \u201eKarmos diagnostika\"\u00a0pasakojama, kaip suvokti \u017emog\u0173, s\u0105mon\u0119, pas\u0105mon\u0119, jos informacinius-energetinius klodus: kaip u\u017ekirsti keli\u0105 ligoms, ie\u0161kant","breadcrumb":{"@id":"https:\/\/skaitytaknyga.lt\/produktas\/karmos-diagnostika-1-3-knygos-2\/#breadcrumb"},"inLanguage":"en-GB","potentialAction":[{"@type":"ReadAction","target":["https:\/\/skaitytaknyga.lt\/produktas\/karmos-diagnostika-1-3-knygos-2\/"]}]},{"@type":"ImageObject","inLanguage":"en-GB","@id":"https:\/\/skaitytaknyga.lt\/produktas\/karmos-diagnostika-1-3-knygos-2\/#primaryimage","url":"https:\/\/skaitytaknyga.lt\/wp-content\/uploads\/2024\/05\/1465563585_img0003.jpg","contentUrl":"https:\/\/skaitytaknyga.lt\/wp-content\/uploads\/2024\/05\/1465563585_img0003.jpg","width":271,"height":430,"caption":"Karmos diagnostika. 1-3 knygos"},{"@type":"BreadcrumbList","@id":"https:\/\/skaitytaknyga.lt\/produktas\/karmos-diagnostika-1-3-knygos-2\/#breadcrumb","itemListElement":[{"@type":"ListItem","position":1,"name":"Home","item":"https:\/\/skaitytaknyga.lt\/"},{"@type":"ListItem","position":2,"name":"Parduotuv\u0117","item":"https:\/\/skaitytaknyga.lt\/knygu-parduotuve\/"},{"@type":"ListItem","position":3,"name":"Karmos diagnostika. 1-3 knygos"}]},{"@type":"WebSite","@id":"https:\/\/skaitytaknyga.lt\/#website","url":"https:\/\/skaitytaknyga.lt\/","name":"skaitytaknyga.lt","description":"Skaitytaknyga.lt \u2013 tai ma\u017eas \u0161eimos verslas, kuris prasid\u0117jo nuo meil\u0117s knygoms ir siekio i\u0161gelb\u0117ti knygas nuo likimo prie konteinerio. Kas vienam nereikalingas daiktas \u2013 kitam lobis, o mes esame tarpininkai, kurie padeda abiems tapti laimingesniems ???? \u017dinome kaip nelengva i\u0161gyventi ma\u017eiems verslams, tad nuo \u0161iol, \u010dia rasite ir kit\u0173, ma\u017e\u0173 \u0161eim\u0173 versl\u0173, rank\u0173 darbo, dovan\u0173 sau ir artimiesiems.","publisher":{"@id":"https:\/\/skaitytaknyga.lt\/#organization"},"potentialAction":[{"@type":"SearchAction","target":{"@type":"EntryPoint","urlTemplate":"https:\/\/skaitytaknyga.lt\/?s={search_term_string}"},"query-input":{"@type":"PropertyValueSpecification","valueRequired":true,"valueName":"search_term_string"}}],"inLanguage":"en-GB"},{"@type":"Organization","@id":"https:\/\/skaitytaknyga.lt\/#organization","name":"skaitytaknyga.lt","url":"https:\/\/skaitytaknyga.lt\/","logo":{"@type":"ImageObject","inLanguage":"en-GB","@id":"https:\/\/skaitytaknyga.lt\/#\/schema\/logo\/image\/","url":"https:\/\/skaitytaknyga.lt\/wp-content\/uploads\/2024\/05\/cropped-cropped-cropped-02_00843_jt3bggkj1j3HLc7SyY6rEUpg.jpeg","contentUrl":"https:\/\/skaitytaknyga.lt\/wp-content\/uploads\/2024\/05\/cropped-cropped-cropped-02_00843_jt3bggkj1j3HLc7SyY6rEUpg.jpeg","width":1600,"height":1600,"caption":"skaitytaknyga.lt"},"image":{"@id":"https:\/\/skaitytaknyga.lt\/#\/schema\/logo\/image\/"},"sameAs":["https:\/\/www.facebook.com\/skaitytaknyga\/"]}]}},"_links":{"self":[{"href":"https:\/\/skaitytaknyga.lt\/en\/wp-json\/wp\/v2\/product\/9373","targetHints":{"allow":["GET"]}}],"collection":[{"href":"https:\/\/skaitytaknyga.lt\/en\/wp-json\/wp\/v2\/product"}],"about":[{"href":"https:\/\/skaitytaknyga.lt\/en\/wp-json\/wp\/v2\/types\/product"}],"replies":[{"embeddable":true,"href":"https:\/\/skaitytaknyga.lt\/en\/wp-json\/wp\/v2\/comments?post=9373"}],"wp:featuredmedia":[{"embeddable":true,"href":"https:\/\/skaitytaknyga.lt\/en\/wp-json\/wp\/v2\/media\/6703"}],"wp:attachment":[{"href":"https:\/\/skaitytaknyga.lt\/en\/wp-json\/wp\/v2\/media?parent=9373"}],"wp:term":[{"taxonomy":"product_brand","embeddable":true,"href":"https:\/\/skaitytaknyga.lt\/en\/wp-json\/wp\/v2\/product_brand?post=9373"},{"taxonomy":"product_cat","embeddable":true,"href":"https:\/\/skaitytaknyga.lt\/en\/wp-json\/wp\/v2\/product_cat?post=9373"},{"taxonomy":"product_tag","embeddable":true,"href":"https:\/\/skaitytaknyga.lt\/en\/wp-json\/wp\/v2\/product_tag?post=9373"}],"curies":[{"name":"wp","href":"https:\/\/api.w.org\/{rel}","templated":true}]}}