{"id":9371,"date":"2024-05-04T15:01:49","date_gmt":"2024-05-04T15:01:49","guid":{"rendered":"https:\/\/skaitytaknyga.lt\/?post_type=product&#038;p=9371"},"modified":"2026-05-07T19:18:23","modified_gmt":"2026-05-07T16:18:23","slug":"nicholas-sparks-is-pirmo-zvilgsnio-2","status":"publish","type":"product","link":"https:\/\/skaitytaknyga.lt\/en\/produktas\/nicholas-sparks-is-pirmo-zvilgsnio-2\/","title":{"rendered":"Nicholas Sparks \u201eI\u0161 pirmo \u017evilgsnio\u201c"},"content":{"rendered":"<div>Knygoje \u201eI\u0161 pirmo \u017evilgsnio\u201c v\u0117l sutinkame N. Sparkso knygos \u201eNuo\u0161ird\u017eiai \u012ftik\u0117j\u0119s\u201c veik\u0117jus \u2013 niujorkiet\u012f \u017eurnalist\u0105 D\u017eerem\u012f Mar\u0161\u0105 ir paslapting\u0105j\u0105 nedidelio miestelio bibliotekinink\u0119 Leks\u0119 Darnel.<\/div>\n<div><\/div>\n<div>D\u017eeremis galvojo, kad niekada gyvenime tikrai nedarys keli\u0173 dalyk\u0173: niekada nei\u0161vyks i\u0161 Niujorko, niekada nepamir\u0161 sunkiai i\u0161gyvent\u0173 skyryb\u0173 ir daugiau niekada nebe\u012fsimyl\u0117s, o svarbiausia \u2013 niekada netaps t\u0117vu. Ta\u010diau nepra\u0117jo n\u0117 metai, o D\u017eeremis jau gyvena ma\u017ey\u010diame B\u016bn Kryko miestelyje \u0160iaur\u0117s Karolinoje su savo gyvenimo moterimi \u2013 Lekse ir laukia gimstant j\u0173dviej\u0173 pirmojo k\u016bdikio.<\/div>\n<div>Ta\u010diau ramyb\u0119 netik\u0117tai sudrums\u010dia paslaptinga \u017einut\u0117 \u2013 prisistatyti nepanor\u0119s \u017emogus D\u017eeremiui papasakoja dalyk\u0173, kurie pa\u017eadina daug abejoni\u0173, atveria senas \u017eaizdas ir i\u0161judina \u012fvykius, kurie ima kelti rimt\u0105 gr\u0117sm\u0119 poros santykiams&#8230;<\/div>\n<div>Ar pavyks D\u017eeremiui ir Leksei i\u0161saugoti jausmus ir \u0161eim\u0105?<\/div>\n","protected":false},"excerpt":{"rendered":"<div>Knygoje \u201eI\u0161 pirmo \u017evilgsnio\u201c v\u0117l sutinkame N. Sparkso knygos \u201eNuo\u0161ird\u017eiai \u012ftik\u0117j\u0119s\u201c veik\u0117jus \u2013 niujorkiet\u012f \u017eurnalist\u0105 D\u017eerem\u012f Mar\u0161\u0105 ir paslapting\u0105j\u0105 nedidelio miestelio bibliotekinink\u0119 Leks\u0119 Darnel.<\/div>\n<div><\/div>\n<div>D\u017eeremis galvojo, kad niekada gyvenime tikrai nedarys keli\u0173 dalyk\u0173: niekada nei\u0161vyks i\u0161 Niujorko, niekada nepamir\u0161 sunkiai i\u0161gyvent\u0173 skyryb\u0173 ir daugiau niekada nebe\u012fsimyl\u0117s, o svarbiausia \u2013 niekada netaps t\u0117vu. Ta\u010diau nepra\u0117jo n\u0117 metai, o D\u017eeremis jau gyvena ma\u017ey\u010diame B\u016bn Kryko miestelyje \u0160iaur\u0117s Karolinoje su savo gyvenimo moterimi \u2013 Lekse ir laukia gimstant j\u0173dviej\u0173 pirmojo k\u016bdikio.<\/div>\n<div>Ta\u010diau ramyb\u0119 netik\u0117tai sudrums\u010dia paslaptinga \u017einut\u0117 \u2013 prisistatyti nepanor\u0119s \u017emogus D\u017eeremiui papasakoja dalyk\u0173, kurie pa\u017eadina daug abejoni\u0173, atveria senas \u017eaizdas ir i\u0161judina \u012fvykius, kurie ima kelti rimt\u0105 gr\u0117sm\u0119 poros santykiams&#8230;<\/div>\n<div>Ar pavyks D\u017eeremiui ir Leksei i\u0161saugoti jausmus ir \u0161eim\u0105?<\/div>\n","protected":false},"featured_media":6701,"comment_status":"closed","ping_status":"closed","template":"","meta":{"_acf_changed":false,"site-sidebar-layout":"default","site-content-layout":"","ast-site-content-layout":"default","site-content-style":"default","site-sidebar-style":"default","ast-global-header-display":"","ast-banner-title-visibility":"","ast-main-header-display":"","ast-hfb-above-header-display":"","ast-hfb-below-header-display":"","ast-hfb-mobile-header-display":"","site-post-title":"","ast-breadcrumbs-content":"","ast-featured-img":"","footer-sml-layout":"","ast-disable-related-posts":"","theme-transparent-header-meta":"","adv-header-id-meta":"","stick-header-meta":"","header-above-stick-meta":"","header-main-stick-meta":"","header-below-stick-meta":"","astra-migrate-meta-layouts":"default","ast-page-background-enabled":"default","ast-page-background-meta":{"desktop":{"background-color":"","background-image":"","background-repeat":"repeat","background-position":"center center","background-size":"auto","background-attachment":"scroll","background-type":"","background-media":"","overlay-type":"","overlay-color":"","overlay-opacity":"","overlay-gradient":""},"tablet":{"background-color":"","background-image":"","background-repeat":"repeat","background-position":"center center","background-size":"auto","background-attachment":"scroll","background-type":"","background-media":"","overlay-type":"","overlay-color":"","overlay-opacity":"","overlay-gradient":""},"mobile":{"background-color":"","background-image":"","background-repeat":"repeat","background-position":"center center","background-size":"auto","background-attachment":"scroll","background-type":"","background-media":"","overlay-type":"","overlay-color":"","overlay-opacity":"","overlay-gradient":""}},"ast-content-background-meta":{"desktop":{"background-color":"var(--ast-global-color-4)","background-image":"","background-repeat":"repeat","background-position":"center center","background-size":"auto","background-attachment":"scroll","background-type":"","background-media":"","overlay-type":"","overlay-color":"","overlay-opacity":"","overlay-gradient":""},"tablet":{"background-color":"var(--ast-global-color-4)","background-image":"","background-repeat":"repeat","background-position":"center center","background-size":"auto","background-attachment":"scroll","background-type":"","background-media":"","overlay-type":"","overlay-color":"","overlay-opacity":"","overlay-gradient":""},"mobile":{"background-color":"var(--ast-global-color-4)","background-image":"","background-repeat":"repeat","background-position":"center center","background-size":"auto","background-attachment":"scroll","background-type":"","background-media":"","overlay-type":"","overlay-color":"","overlay-opacity":"","overlay-gradient":""}}},"product_brand":[],"product_cat":[9734],"product_tag":[],"class_list":{"0":"post-9371","1":"product","2":"type-product","3":"status-publish","4":"has-post-thumbnail","6":"product_cat-romanai","7":"pa_leidimo-metai-645","8":"pa_virselis-kietas","9":"desktop-align-left","10":"tablet-align-left","11":"mobile-align-left","13":"first","14":"instock","15":"shipping-taxable","16":"purchasable","17":"product-type-simple"},"acf":[],"yoast_head":"<!-- This site is optimized with the Yoast SEO plugin v27.4 - https:\/\/yoast.com\/product\/yoast-seo-wordpress\/ -->\n<title>Nicholas Sparks \u201eI\u0161 pirmo \u017evilgsnio\u201c - Skaitytaknyga<\/title>\n<meta name=\"description\" content=\"Knygoje \u201eI\u0161 pirmo \u017evilgsnio\u201c v\u0117l sutinkame N. Sparkso knygos \u201eNuo\u0161ird\u017eiai \u012ftik\u0117j\u0119s\u201c veik\u0117jus \u2013 niujorkiet\u012f \u017eurnalist\u0105 D\u017eerem\u012f Mar\u0161\u0105 ir paslapting\u0105j\u0105 nedidelio miestelio bibliotekinink\u0119 Leks\u0119 Darnel.  D\u017eeremis galvojo, kad niekada gyvenime tikrai nedarys keli\u0173 dalyk\u0173: niekada nei\u0161vyks i\u0161 Niujorko, niekada nepamir\u0161 sunkiai i\u0161gyvent\u0173 skyryb\u0173 ir daugiau niekada nebe\u012fsimyl\u0117s, o svarbiausia \u2013 niekada netaps t\u0117vu. Ta\u010diau nepra\u0117jo n\u0117 metai, o D\u017eeremis jau gyvena ma\u017ey\u010diame B\u016bn Kryko miestelyje \u0160iaur\u0117s Karolinoje su savo gyvenimo moterimi \u2013 Lekse ir laukia gimstant j\u0173dviej\u0173 pirmojo k\u016bdikio. Ta\u010diau ramyb\u0119 netik\u0117tai sudrums\u010dia paslaptinga \u017einut\u0117 \u2013 prisistatyti nepanor\u0119s \u017emogus D\u017eeremiui papasakoja dalyk\u0173, kurie pa\u017eadina daug abejoni\u0173, atveria senas \u017eaizdas ir i\u0161judina \u012fvykius, kurie ima kelti rimt\u0105 gr\u0117sm\u0119 poros santykiams... Ar pavyks D\u017eeremiui ir Leksei i\u0161saugoti jausmus ir \u0161eim\u0105?\" \/>\n<meta name=\"robots\" content=\"index, follow, max-snippet:-1, max-image-preview:large, max-video-preview:-1\" \/>\n<link rel=\"canonical\" href=\"https:\/\/skaitytaknyga.lt\/en\/produktas\/nicholas-sparks-is-pirmo-zvilgsnio-2\/\" \/>\n<meta property=\"og:locale\" content=\"en_GB\" \/>\n<meta property=\"og:locale:alternate\" content=\"lt_LT\" \/>\n<meta property=\"og:type\" content=\"article\" \/>\n<meta property=\"og:title\" content=\"Nicholas Sparks \u201eI\u0161 pirmo \u017evilgsnio\u201c - Skaitytaknyga\" \/>\n<meta property=\"og:description\" content=\"Knygoje \u201eI\u0161 pirmo \u017evilgsnio\u201c v\u0117l sutinkame N. Sparkso knygos \u201eNuo\u0161ird\u017eiai \u012ftik\u0117j\u0119s\u201c veik\u0117jus \u2013 niujorkiet\u012f \u017eurnalist\u0105 D\u017eerem\u012f Mar\u0161\u0105 ir paslapting\u0105j\u0105 nedidelio miestelio bibliotekinink\u0119 Leks\u0119 Darnel.  D\u017eeremis galvojo, kad niekada gyvenime tikrai nedarys keli\u0173 dalyk\u0173: niekada nei\u0161vyks i\u0161 Niujorko, niekada nepamir\u0161 sunkiai i\u0161gyvent\u0173 skyryb\u0173 ir daugiau niekada nebe\u012fsimyl\u0117s, o svarbiausia \u2013 niekada netaps t\u0117vu. Ta\u010diau nepra\u0117jo n\u0117 metai, o D\u017eeremis jau gyvena ma\u017ey\u010diame B\u016bn Kryko miestelyje \u0160iaur\u0117s Karolinoje su savo gyvenimo moterimi \u2013 Lekse ir laukia gimstant j\u0173dviej\u0173 pirmojo k\u016bdikio. Ta\u010diau ramyb\u0119 netik\u0117tai sudrums\u010dia paslaptinga \u017einut\u0117 \u2013 prisistatyti nepanor\u0119s \u017emogus D\u017eeremiui papasakoja dalyk\u0173, kurie pa\u017eadina daug abejoni\u0173, atveria senas \u017eaizdas ir i\u0161judina \u012fvykius, kurie ima kelti rimt\u0105 gr\u0117sm\u0119 poros santykiams... Ar pavyks D\u017eeremiui ir Leksei i\u0161saugoti jausmus ir \u0161eim\u0105?\" \/>\n<meta property=\"og:url\" content=\"https:\/\/skaitytaknyga.lt\/en\/produktas\/nicholas-sparks-is-pirmo-zvilgsnio-2\/\" \/>\n<meta property=\"og:site_name\" content=\"Skaitytaknyga\" \/>\n<meta property=\"article:publisher\" content=\"https:\/\/www.facebook.com\/skaitytaknyga\/\" \/>\n<meta property=\"article:modified_time\" content=\"2026-05-07T16:18:23+00:00\" \/>\n<meta property=\"og:image\" content=\"https:\/\/skaitytaknyga.lt\/wp-content\/uploads\/2024\/05\/000000000001103762-59de7f0c7e390-asset-knyguklubas-cdb_kk_551aa89b2e6a36ef5d56c51cd522e7ad_p1.jpg\" \/>\n\t<meta property=\"og:image:width\" content=\"285\" \/>\n\t<meta property=\"og:image:height\" content=\"469\" \/>\n\t<meta property=\"og:image:type\" content=\"image\/jpeg\" \/>\n<meta name=\"twitter:card\" content=\"summary_large_image\" \/>\n<meta name=\"twitter:label1\" content=\"Estimated reading time\" \/>\n\t<meta name=\"twitter:data1\" content=\"1 minute\" \/>\n<script type=\"application\/ld+json\" class=\"yoast-schema-graph\">{\"@context\":\"https:\\\/\\\/schema.org\",\"@graph\":[{\"@type\":\"WebPage\",\"@id\":\"https:\\\/\\\/skaitytaknyga.lt\\\/en\\\/produktas\\\/nicholas-sparks-is-pirmo-zvilgsnio-2\\\/\",\"url\":\"https:\\\/\\\/skaitytaknyga.lt\\\/en\\\/produktas\\\/nicholas-sparks-is-pirmo-zvilgsnio-2\\\/\",\"name\":\"Nicholas Sparks \u201eI\u0161 pirmo \u017evilgsnio\u201c - Skaitytaknyga\",\"isPartOf\":{\"@id\":\"https:\\\/\\\/skaitytaknyga.lt\\\/#website\"},\"primaryImageOfPage\":{\"@id\":\"https:\\\/\\\/skaitytaknyga.lt\\\/en\\\/produktas\\\/nicholas-sparks-is-pirmo-zvilgsnio-2\\\/#primaryimage\"},\"image\":{\"@id\":\"https:\\\/\\\/skaitytaknyga.lt\\\/en\\\/produktas\\\/nicholas-sparks-is-pirmo-zvilgsnio-2\\\/#primaryimage\"},\"thumbnailUrl\":\"https:\\\/\\\/skaitytaknyga.lt\\\/wp-content\\\/uploads\\\/2024\\\/05\\\/000000000001103762-59de7f0c7e390-asset-knyguklubas-cdb_kk_551aa89b2e6a36ef5d56c51cd522e7ad_p1.jpg\",\"datePublished\":\"2024-05-04T15:01:49+00:00\",\"dateModified\":\"2026-05-07T16:18:23+00:00\",\"description\":\"Knygoje \u201eI\u0161 pirmo \u017evilgsnio\u201c v\u0117l sutinkame N. Sparkso knygos \u201eNuo\u0161ird\u017eiai \u012ftik\u0117j\u0119s\u201c veik\u0117jus \u2013 niujorkiet\u012f \u017eurnalist\u0105 D\u017eerem\u012f Mar\u0161\u0105 ir paslapting\u0105j\u0105 nedidelio miestelio bibliotekinink\u0119 Leks\u0119 Darnel. D\u017eeremis galvojo, kad niekada gyvenime tikrai nedarys keli\u0173 dalyk\u0173: niekada nei\u0161vyks i\u0161 Niujorko, niekada nepamir\u0161 sunkiai i\u0161gyvent\u0173 skyryb\u0173 ir daugiau niekada nebe\u012fsimyl\u0117s, o svarbiausia \u2013 niekada netaps t\u0117vu. Ta\u010diau nepra\u0117jo n\u0117 metai, o D\u017eeremis jau gyvena ma\u017ey\u010diame B\u016bn Kryko miestelyje \u0160iaur\u0117s Karolinoje su savo gyvenimo moterimi \u2013 Lekse ir laukia gimstant j\u0173dviej\u0173 pirmojo k\u016bdikio. Ta\u010diau ramyb\u0119 netik\u0117tai sudrums\u010dia paslaptinga \u017einut\u0117 \u2013 prisistatyti nepanor\u0119s \u017emogus D\u017eeremiui papasakoja dalyk\u0173, kurie pa\u017eadina daug abejoni\u0173, atveria senas \u017eaizdas ir i\u0161judina \u012fvykius, kurie ima kelti rimt\u0105 gr\u0117sm\u0119 poros santykiams... Ar pavyks D\u017eeremiui ir Leksei i\u0161saugoti jausmus ir \u0161eim\u0105?\",\"breadcrumb\":{\"@id\":\"https:\\\/\\\/skaitytaknyga.lt\\\/en\\\/produktas\\\/nicholas-sparks-is-pirmo-zvilgsnio-2\\\/#breadcrumb\"},\"inLanguage\":\"en-GB\",\"potentialAction\":[{\"@type\":\"ReadAction\",\"target\":[\"https:\\\/\\\/skaitytaknyga.lt\\\/en\\\/produktas\\\/nicholas-sparks-is-pirmo-zvilgsnio-2\\\/\"]}]},{\"@type\":\"ImageObject\",\"inLanguage\":\"en-GB\",\"@id\":\"https:\\\/\\\/skaitytaknyga.lt\\\/en\\\/produktas\\\/nicholas-sparks-is-pirmo-zvilgsnio-2\\\/#primaryimage\",\"url\":\"https:\\\/\\\/skaitytaknyga.lt\\\/wp-content\\\/uploads\\\/2024\\\/05\\\/000000000001103762-59de7f0c7e390-asset-knyguklubas-cdb_kk_551aa89b2e6a36ef5d56c51cd522e7ad_p1.jpg\",\"contentUrl\":\"https:\\\/\\\/skaitytaknyga.lt\\\/wp-content\\\/uploads\\\/2024\\\/05\\\/000000000001103762-59de7f0c7e390-asset-knyguklubas-cdb_kk_551aa89b2e6a36ef5d56c51cd522e7ad_p1.jpg\",\"width\":285,\"height\":469,\"caption\":\"Nicholas Sparks \u201eI\u0161 pirmo \u017evilgsnio\u201c\"},{\"@type\":\"BreadcrumbList\",\"@id\":\"https:\\\/\\\/skaitytaknyga.lt\\\/en\\\/produktas\\\/nicholas-sparks-is-pirmo-zvilgsnio-2\\\/#breadcrumb\",\"itemListElement\":[{\"@type\":\"ListItem\",\"position\":1,\"name\":\"Home\",\"item\":\"https:\\\/\\\/skaitytaknyga.lt\\\/\"},{\"@type\":\"ListItem\",\"position\":2,\"name\":\"Parduotuv\u0117\",\"item\":\"https:\\\/\\\/skaitytaknyga.lt\\\/knygu-parduotuve\\\/\"},{\"@type\":\"ListItem\",\"position\":3,\"name\":\"Nicholas Sparks \u201eI\u0161 pirmo \u017evilgsnio\u201c\"}]},{\"@type\":\"WebSite\",\"@id\":\"https:\\\/\\\/skaitytaknyga.lt\\\/#website\",\"url\":\"https:\\\/\\\/skaitytaknyga.lt\\\/\",\"name\":\"skaitytaknyga.lt\",\"description\":\"Skaitytaknyga.lt \u2013 tai ma\u017eas \u0161eimos verslas, kuris prasid\u0117jo nuo meil\u0117s knygoms ir siekio i\u0161gelb\u0117ti knygas nuo likimo prie konteinerio. Kas vienam nereikalingas daiktas \u2013 kitam lobis, o mes esame tarpininkai, kurie padeda abiems tapti laimingesniems ???? \u017dinome kaip nelengva i\u0161gyventi ma\u017eiems verslams, tad nuo \u0161iol, \u010dia rasite ir kit\u0173, ma\u017e\u0173 \u0161eim\u0173 versl\u0173, rank\u0173 darbo, dovan\u0173 sau ir artimiesiems.\",\"publisher\":{\"@id\":\"https:\\\/\\\/skaitytaknyga.lt\\\/#organization\"},\"potentialAction\":[{\"@type\":\"SearchAction\",\"target\":{\"@type\":\"EntryPoint\",\"urlTemplate\":\"https:\\\/\\\/skaitytaknyga.lt\\\/?s={search_term_string}\"},\"query-input\":{\"@type\":\"PropertyValueSpecification\",\"valueRequired\":true,\"valueName\":\"search_term_string\"}}],\"inLanguage\":\"en-GB\"},{\"@type\":\"Organization\",\"@id\":\"https:\\\/\\\/skaitytaknyga.lt\\\/#organization\",\"name\":\"skaitytaknyga.lt\",\"url\":\"https:\\\/\\\/skaitytaknyga.lt\\\/\",\"logo\":{\"@type\":\"ImageObject\",\"inLanguage\":\"en-GB\",\"@id\":\"https:\\\/\\\/skaitytaknyga.lt\\\/#\\\/schema\\\/logo\\\/image\\\/\",\"url\":\"https:\\\/\\\/skaitytaknyga.lt\\\/wp-content\\\/uploads\\\/2024\\\/05\\\/cropped-cropped-cropped-02_00843_jt3bggkj1j3HLc7SyY6rEUpg.jpeg\",\"contentUrl\":\"https:\\\/\\\/skaitytaknyga.lt\\\/wp-content\\\/uploads\\\/2024\\\/05\\\/cropped-cropped-cropped-02_00843_jt3bggkj1j3HLc7SyY6rEUpg.jpeg\",\"width\":1600,\"height\":1600,\"caption\":\"skaitytaknyga.lt\"},\"image\":{\"@id\":\"https:\\\/\\\/skaitytaknyga.lt\\\/#\\\/schema\\\/logo\\\/image\\\/\"},\"sameAs\":[\"https:\\\/\\\/www.facebook.com\\\/skaitytaknyga\\\/\"]}]}<\/script>\n<!-- \/ Yoast SEO plugin. -->","yoast_head_json":{"title":"Nicholas Sparks \u201eI\u0161 pirmo \u017evilgsnio\u201c - Skaitytaknyga","description":"Knygoje \u201eI\u0161 pirmo \u017evilgsnio\u201c v\u0117l sutinkame N. Sparkso knygos \u201eNuo\u0161ird\u017eiai \u012ftik\u0117j\u0119s\u201c veik\u0117jus \u2013 niujorkiet\u012f \u017eurnalist\u0105 D\u017eerem\u012f Mar\u0161\u0105 ir paslapting\u0105j\u0105 nedidelio miestelio bibliotekinink\u0119 Leks\u0119 Darnel.  D\u017eeremis galvojo, kad niekada gyvenime tikrai nedarys keli\u0173 dalyk\u0173: niekada nei\u0161vyks i\u0161 Niujorko, niekada nepamir\u0161 sunkiai i\u0161gyvent\u0173 skyryb\u0173 ir daugiau niekada nebe\u012fsimyl\u0117s, o svarbiausia \u2013 niekada netaps t\u0117vu. Ta\u010diau nepra\u0117jo n\u0117 metai, o D\u017eeremis jau gyvena ma\u017ey\u010diame B\u016bn Kryko miestelyje \u0160iaur\u0117s Karolinoje su savo gyvenimo moterimi \u2013 Lekse ir laukia gimstant j\u0173dviej\u0173 pirmojo k\u016bdikio. Ta\u010diau ramyb\u0119 netik\u0117tai sudrums\u010dia paslaptinga \u017einut\u0117 \u2013 prisistatyti nepanor\u0119s \u017emogus D\u017eeremiui papasakoja dalyk\u0173, kurie pa\u017eadina daug abejoni\u0173, atveria senas \u017eaizdas ir i\u0161judina \u012fvykius, kurie ima kelti rimt\u0105 gr\u0117sm\u0119 poros santykiams... Ar pavyks D\u017eeremiui ir Leksei i\u0161saugoti jausmus ir \u0161eim\u0105?","robots":{"index":"index","follow":"follow","max-snippet":"max-snippet:-1","max-image-preview":"max-image-preview:large","max-video-preview":"max-video-preview:-1"},"canonical":"https:\/\/skaitytaknyga.lt\/en\/produktas\/nicholas-sparks-is-pirmo-zvilgsnio-2\/","og_locale":"en_GB","og_type":"article","og_title":"Nicholas Sparks \u201eI\u0161 pirmo \u017evilgsnio\u201c - Skaitytaknyga","og_description":"Knygoje \u201eI\u0161 pirmo \u017evilgsnio\u201c v\u0117l sutinkame N. Sparkso knygos \u201eNuo\u0161ird\u017eiai \u012ftik\u0117j\u0119s\u201c veik\u0117jus \u2013 niujorkiet\u012f \u017eurnalist\u0105 D\u017eerem\u012f Mar\u0161\u0105 ir paslapting\u0105j\u0105 nedidelio miestelio bibliotekinink\u0119 Leks\u0119 Darnel.  D\u017eeremis galvojo, kad niekada gyvenime tikrai nedarys keli\u0173 dalyk\u0173: niekada nei\u0161vyks i\u0161 Niujorko, niekada nepamir\u0161 sunkiai i\u0161gyvent\u0173 skyryb\u0173 ir daugiau niekada nebe\u012fsimyl\u0117s, o svarbiausia \u2013 niekada netaps t\u0117vu. Ta\u010diau nepra\u0117jo n\u0117 metai, o D\u017eeremis jau gyvena ma\u017ey\u010diame B\u016bn Kryko miestelyje \u0160iaur\u0117s Karolinoje su savo gyvenimo moterimi \u2013 Lekse ir laukia gimstant j\u0173dviej\u0173 pirmojo k\u016bdikio. Ta\u010diau ramyb\u0119 netik\u0117tai sudrums\u010dia paslaptinga \u017einut\u0117 \u2013 prisistatyti nepanor\u0119s \u017emogus D\u017eeremiui papasakoja dalyk\u0173, kurie pa\u017eadina daug abejoni\u0173, atveria senas \u017eaizdas ir i\u0161judina \u012fvykius, kurie ima kelti rimt\u0105 gr\u0117sm\u0119 poros santykiams... Ar pavyks D\u017eeremiui ir Leksei i\u0161saugoti jausmus ir \u0161eim\u0105?","og_url":"https:\/\/skaitytaknyga.lt\/en\/produktas\/nicholas-sparks-is-pirmo-zvilgsnio-2\/","og_site_name":"Skaitytaknyga","article_publisher":"https:\/\/www.facebook.com\/skaitytaknyga\/","article_modified_time":"2026-05-07T16:18:23+00:00","og_image":[{"width":285,"height":469,"url":"https:\/\/skaitytaknyga.lt\/wp-content\/uploads\/2024\/05\/000000000001103762-59de7f0c7e390-asset-knyguklubas-cdb_kk_551aa89b2e6a36ef5d56c51cd522e7ad_p1.jpg","type":"image\/jpeg"}],"twitter_card":"summary_large_image","twitter_misc":{"Estimated reading time":"1 minute"},"schema":{"@context":"https:\/\/schema.org","@graph":[{"@type":"WebPage","@id":"https:\/\/skaitytaknyga.lt\/en\/produktas\/nicholas-sparks-is-pirmo-zvilgsnio-2\/","url":"https:\/\/skaitytaknyga.lt\/en\/produktas\/nicholas-sparks-is-pirmo-zvilgsnio-2\/","name":"Nicholas Sparks \u201eI\u0161 pirmo \u017evilgsnio\u201c - Skaitytaknyga","isPartOf":{"@id":"https:\/\/skaitytaknyga.lt\/#website"},"primaryImageOfPage":{"@id":"https:\/\/skaitytaknyga.lt\/en\/produktas\/nicholas-sparks-is-pirmo-zvilgsnio-2\/#primaryimage"},"image":{"@id":"https:\/\/skaitytaknyga.lt\/en\/produktas\/nicholas-sparks-is-pirmo-zvilgsnio-2\/#primaryimage"},"thumbnailUrl":"https:\/\/skaitytaknyga.lt\/wp-content\/uploads\/2024\/05\/000000000001103762-59de7f0c7e390-asset-knyguklubas-cdb_kk_551aa89b2e6a36ef5d56c51cd522e7ad_p1.jpg","datePublished":"2024-05-04T15:01:49+00:00","dateModified":"2026-05-07T16:18:23+00:00","description":"Knygoje \u201eI\u0161 pirmo \u017evilgsnio\u201c v\u0117l sutinkame N. Sparkso knygos \u201eNuo\u0161ird\u017eiai \u012ftik\u0117j\u0119s\u201c veik\u0117jus \u2013 niujorkiet\u012f \u017eurnalist\u0105 D\u017eerem\u012f Mar\u0161\u0105 ir paslapting\u0105j\u0105 nedidelio miestelio bibliotekinink\u0119 Leks\u0119 Darnel. D\u017eeremis galvojo, kad niekada gyvenime tikrai nedarys keli\u0173 dalyk\u0173: niekada nei\u0161vyks i\u0161 Niujorko, niekada nepamir\u0161 sunkiai i\u0161gyvent\u0173 skyryb\u0173 ir daugiau niekada nebe\u012fsimyl\u0117s, o svarbiausia \u2013 niekada netaps t\u0117vu. Ta\u010diau nepra\u0117jo n\u0117 metai, o D\u017eeremis jau gyvena ma\u017ey\u010diame B\u016bn Kryko miestelyje \u0160iaur\u0117s Karolinoje su savo gyvenimo moterimi \u2013 Lekse ir laukia gimstant j\u0173dviej\u0173 pirmojo k\u016bdikio. Ta\u010diau ramyb\u0119 netik\u0117tai sudrums\u010dia paslaptinga \u017einut\u0117 \u2013 prisistatyti nepanor\u0119s \u017emogus D\u017eeremiui papasakoja dalyk\u0173, kurie pa\u017eadina daug abejoni\u0173, atveria senas \u017eaizdas ir i\u0161judina \u012fvykius, kurie ima kelti rimt\u0105 gr\u0117sm\u0119 poros santykiams... Ar pavyks D\u017eeremiui ir Leksei i\u0161saugoti jausmus ir \u0161eim\u0105?","breadcrumb":{"@id":"https:\/\/skaitytaknyga.lt\/en\/produktas\/nicholas-sparks-is-pirmo-zvilgsnio-2\/#breadcrumb"},"inLanguage":"en-GB","potentialAction":[{"@type":"ReadAction","target":["https:\/\/skaitytaknyga.lt\/en\/produktas\/nicholas-sparks-is-pirmo-zvilgsnio-2\/"]}]},{"@type":"ImageObject","inLanguage":"en-GB","@id":"https:\/\/skaitytaknyga.lt\/en\/produktas\/nicholas-sparks-is-pirmo-zvilgsnio-2\/#primaryimage","url":"https:\/\/skaitytaknyga.lt\/wp-content\/uploads\/2024\/05\/000000000001103762-59de7f0c7e390-asset-knyguklubas-cdb_kk_551aa89b2e6a36ef5d56c51cd522e7ad_p1.jpg","contentUrl":"https:\/\/skaitytaknyga.lt\/wp-content\/uploads\/2024\/05\/000000000001103762-59de7f0c7e390-asset-knyguklubas-cdb_kk_551aa89b2e6a36ef5d56c51cd522e7ad_p1.jpg","width":285,"height":469,"caption":"Nicholas Sparks \u201eI\u0161 pirmo \u017evilgsnio\u201c"},{"@type":"BreadcrumbList","@id":"https:\/\/skaitytaknyga.lt\/en\/produktas\/nicholas-sparks-is-pirmo-zvilgsnio-2\/#breadcrumb","itemListElement":[{"@type":"ListItem","position":1,"name":"Home","item":"https:\/\/skaitytaknyga.lt\/"},{"@type":"ListItem","position":2,"name":"Parduotuv\u0117","item":"https:\/\/skaitytaknyga.lt\/knygu-parduotuve\/"},{"@type":"ListItem","position":3,"name":"Nicholas Sparks \u201eI\u0161 pirmo \u017evilgsnio\u201c"}]},{"@type":"WebSite","@id":"https:\/\/skaitytaknyga.lt\/#website","url":"https:\/\/skaitytaknyga.lt\/","name":"skaitytaknyga.lt","description":"Skaitytaknyga.lt \u2013 tai ma\u017eas \u0161eimos verslas, kuris prasid\u0117jo nuo meil\u0117s knygoms ir siekio i\u0161gelb\u0117ti knygas nuo likimo prie konteinerio. Kas vienam nereikalingas daiktas \u2013 kitam lobis, o mes esame tarpininkai, kurie padeda abiems tapti laimingesniems ???? \u017dinome kaip nelengva i\u0161gyventi ma\u017eiems verslams, tad nuo \u0161iol, \u010dia rasite ir kit\u0173, ma\u017e\u0173 \u0161eim\u0173 versl\u0173, rank\u0173 darbo, dovan\u0173 sau ir artimiesiems.","publisher":{"@id":"https:\/\/skaitytaknyga.lt\/#organization"},"potentialAction":[{"@type":"SearchAction","target":{"@type":"EntryPoint","urlTemplate":"https:\/\/skaitytaknyga.lt\/?s={search_term_string}"},"query-input":{"@type":"PropertyValueSpecification","valueRequired":true,"valueName":"search_term_string"}}],"inLanguage":"en-GB"},{"@type":"Organization","@id":"https:\/\/skaitytaknyga.lt\/#organization","name":"skaitytaknyga.lt","url":"https:\/\/skaitytaknyga.lt\/","logo":{"@type":"ImageObject","inLanguage":"en-GB","@id":"https:\/\/skaitytaknyga.lt\/#\/schema\/logo\/image\/","url":"https:\/\/skaitytaknyga.lt\/wp-content\/uploads\/2024\/05\/cropped-cropped-cropped-02_00843_jt3bggkj1j3HLc7SyY6rEUpg.jpeg","contentUrl":"https:\/\/skaitytaknyga.lt\/wp-content\/uploads\/2024\/05\/cropped-cropped-cropped-02_00843_jt3bggkj1j3HLc7SyY6rEUpg.jpeg","width":1600,"height":1600,"caption":"skaitytaknyga.lt"},"image":{"@id":"https:\/\/skaitytaknyga.lt\/#\/schema\/logo\/image\/"},"sameAs":["https:\/\/www.facebook.com\/skaitytaknyga\/"]}]}},"_links":{"self":[{"href":"https:\/\/skaitytaknyga.lt\/en\/wp-json\/wp\/v2\/product\/9371","targetHints":{"allow":["GET"]}}],"collection":[{"href":"https:\/\/skaitytaknyga.lt\/en\/wp-json\/wp\/v2\/product"}],"about":[{"href":"https:\/\/skaitytaknyga.lt\/en\/wp-json\/wp\/v2\/types\/product"}],"replies":[{"embeddable":true,"href":"https:\/\/skaitytaknyga.lt\/en\/wp-json\/wp\/v2\/comments?post=9371"}],"wp:featuredmedia":[{"embeddable":true,"href":"https:\/\/skaitytaknyga.lt\/en\/wp-json\/wp\/v2\/media\/6701"}],"wp:attachment":[{"href":"https:\/\/skaitytaknyga.lt\/en\/wp-json\/wp\/v2\/media?parent=9371"}],"wp:term":[{"taxonomy":"product_brand","embeddable":true,"href":"https:\/\/skaitytaknyga.lt\/en\/wp-json\/wp\/v2\/product_brand?post=9371"},{"taxonomy":"product_cat","embeddable":true,"href":"https:\/\/skaitytaknyga.lt\/en\/wp-json\/wp\/v2\/product_cat?post=9371"},{"taxonomy":"product_tag","embeddable":true,"href":"https:\/\/skaitytaknyga.lt\/en\/wp-json\/wp\/v2\/product_tag?post=9371"}],"curies":[{"name":"wp","href":"https:\/\/api.w.org\/{rel}","templated":true}]}}