{"id":9365,"date":"2024-05-04T15:01:49","date_gmt":"2024-05-04T15:01:49","guid":{"rendered":"https:\/\/skaitytaknyga.lt\/?post_type=product&#038;p=9365"},"modified":"2026-03-18T15:00:00","modified_gmt":"2026-03-18T13:00:00","slug":"1009-metai-sv-brunono-kverfurtiecio-misija-2","status":"publish","type":"product","link":"https:\/\/skaitytaknyga.lt\/en\/produktas\/1009-metai-sv-brunono-kverfurtiecio-misija-2\/","title":{"rendered":"1009 metai: \u0160v. Brunono Kverfurtie\u010dio misija"},"content":{"rendered":"<div class=\"book-descript-wrapper\">\n<section class=\"product-descript more-content-wrapper\">\n<div class=\"\">\n<p>1009 m., kai europie\u010diai pamat\u0117, jog sukakus t\u016bkstantme\u010diui pasaulio pabaiga neat\u0117jo, prasid\u0117jo naujas misij\u0173 pli\u016bpsnis. Vienuolis ir vyskupas Brunonas i\u0161 Kverfurto i\u0161keliavo \u012f Ryt\u0173 Europ\u0105 ir \u017euvo &#8211; ta proga viename vokie\u010di\u0173 metra\u0161\u010di\u0173 pirm\u0105kart pamin\u0117tas Lietuvos vardas&#8230;<\/p>\n<p>Pirm\u0105j\u012f Lietuvos pamin\u0117jim\u0105 iki \u0161iol gaubia paslaptys. Kur i\u0161 tikr\u0173j\u0173, \u012f Pr\u016bsij\u0105 ar Rusij\u0105, nukeliavo \u0161ventasis Brunonas? K\u0105 jis veik\u0117 pas pe\u010denegus? Kokia jo \u017e\u016bties prie\u017eastis? Ar jis \u017euvo tikrai Lietuvos pasienyje? Galiausiai, k\u0105 rei\u0161k\u0117 &#8220;Lietuva&#8221; naujo t\u016bkstantme\u010dio au\u0161roje?<\/p>\n<p>Pirmas toks i\u0161samus \u0161altini\u0173, lie\u010dian\u010di\u0173 Brunono misij\u0105, rinkinys paskatins ie\u0161koti nauj\u0173 atsakym\u0173 \u012f \u0161iuos klausimus arba vers tikrinti senus. Prof. Edvardo Gudavi\u010diaus \u012fvadin\u0117 studija puikiai pristato tai, k\u0105 \u017eino tyr\u0117jai \u0161iandien ir k\u0105 dar tur\u0117s i\u0161siai\u0161kinti&#8230;<\/p>\n<\/div>\n<\/section>\n<\/div>\n","protected":false},"excerpt":{"rendered":"<div class=\"book-descript-wrapper\">\n<section class=\"product-descript more-content-wrapper\">\n<div class=\"\">\n<p>1009 m., kai europie\u010diai pamat\u0117, jog sukakus t\u016bkstantme\u010diui pasaulio pabaiga neat\u0117jo, prasid\u0117jo naujas misij\u0173 pli\u016bpsnis. Vienuolis ir vyskupas Brunonas i\u0161 Kverfurto i\u0161keliavo \u012f Ryt\u0173 Europ\u0105 ir \u017euvo &#8211; ta proga viename vokie\u010di\u0173 metra\u0161\u010di\u0173 pirm\u0105kart pamin\u0117tas Lietuvos vardas&#8230;<\/p>\n<p>Pirm\u0105j\u012f Lietuvos pamin\u0117jim\u0105 iki \u0161iol gaubia paslaptys. Kur i\u0161 tikr\u0173j\u0173, \u012f Pr\u016bsij\u0105 ar Rusij\u0105, nukeliavo \u0161ventasis Brunonas? K\u0105 jis veik\u0117 pas pe\u010denegus? Kokia jo \u017e\u016bties prie\u017eastis? Ar jis \u017euvo tikrai Lietuvos pasienyje? Galiausiai, k\u0105 rei\u0161k\u0117 &#8220;Lietuva&#8221; naujo t\u016bkstantme\u010dio au\u0161roje?<\/p>\n<p>Pirmas toks i\u0161samus \u0161altini\u0173, lie\u010dian\u010di\u0173 Brunono misij\u0105, rinkinys paskatins ie\u0161koti nauj\u0173 atsakym\u0173 \u012f \u0161iuos klausimus arba vers tikrinti senus. Prof. Edvardo Gudavi\u010diaus \u012fvadin\u0117 studija puikiai pristato tai, k\u0105 \u017eino tyr\u0117jai \u0161iandien ir k\u0105 dar tur\u0117s i\u0161siai\u0161kinti&#8230;<\/p>\n<\/div>\n<\/section>\n<\/div>\n","protected":false},"featured_media":6688,"comment_status":"closed","ping_status":"closed","template":"","meta":{"_acf_changed":false,"site-sidebar-layout":"default","site-content-layout":"","ast-site-content-layout":"default","site-content-style":"default","site-sidebar-style":"default","ast-global-header-display":"","ast-banner-title-visibility":"","ast-main-header-display":"","ast-hfb-above-header-display":"","ast-hfb-below-header-display":"","ast-hfb-mobile-header-display":"","site-post-title":"","ast-breadcrumbs-content":"","ast-featured-img":"","footer-sml-layout":"","ast-disable-related-posts":"","theme-transparent-header-meta":"","adv-header-id-meta":"","stick-header-meta":"","header-above-stick-meta":"","header-main-stick-meta":"","header-below-stick-meta":"","astra-migrate-meta-layouts":"default","ast-page-background-enabled":"default","ast-page-background-meta":{"desktop":{"background-color":"","background-image":"","background-repeat":"repeat","background-position":"center center","background-size":"auto","background-attachment":"scroll","background-type":"","background-media":"","overlay-type":"","overlay-color":"","overlay-opacity":"","overlay-gradient":""},"tablet":{"background-color":"","background-image":"","background-repeat":"repeat","background-position":"center center","background-size":"auto","background-attachment":"scroll","background-type":"","background-media":"","overlay-type":"","overlay-color":"","overlay-opacity":"","overlay-gradient":""},"mobile":{"background-color":"","background-image":"","background-repeat":"repeat","background-position":"center center","background-size":"auto","background-attachment":"scroll","background-type":"","background-media":"","overlay-type":"","overlay-color":"","overlay-opacity":"","overlay-gradient":""}},"ast-content-background-meta":{"desktop":{"background-color":"var(--ast-global-color-4)","background-image":"","background-repeat":"repeat","background-position":"center center","background-size":"auto","background-attachment":"scroll","background-type":"","background-media":"","overlay-type":"","overlay-color":"","overlay-opacity":"","overlay-gradient":""},"tablet":{"background-color":"var(--ast-global-color-4)","background-image":"","background-repeat":"repeat","background-position":"center center","background-size":"auto","background-attachment":"scroll","background-type":"","background-media":"","overlay-type":"","overlay-color":"","overlay-opacity":"","overlay-gradient":""},"mobile":{"background-color":"var(--ast-global-color-4)","background-image":"","background-repeat":"repeat","background-position":"center center","background-size":"auto","background-attachment":"scroll","background-type":"","background-media":"","overlay-type":"","overlay-color":"","overlay-opacity":"","overlay-gradient":""}}},"product_brand":[],"product_cat":[33,174,9862,165],"product_tag":[],"class_list":{"0":"post-9365","1":"product","2":"type-product","3":"status-publish","4":"has-post-thumbnail","6":"product_cat-biografijos","7":"product_cat-istorija-ir-politologija","8":"product_cat-lietuvos-istorija","9":"product_cat-religija-filosofija-ir-ezoterika","10":"desktop-align-left","11":"tablet-align-left","12":"mobile-align-left","14":"first","15":"instock","16":"shipping-taxable","17":"purchasable","18":"product-type-simple"},"acf":[],"yoast_head":"<!-- This site is optimized with the Yoast SEO plugin v27.4 - https:\/\/yoast.com\/product\/yoast-seo-wordpress\/ -->\n<title>1009 metai: \u0160v. Brunono Kverfurtie\u010dio misija<\/title>\n<meta name=\"description\" content=\"1009 m., kai europie\u010diai pamat\u0117, jog sukakus t\u016bkstantme\u010diui pasaulio pabaiga neat\u0117jo, prasid\u0117jo naujas misij\u0173 pli\u016bpsnis. Vienuolis ir vyskupas Brunonas i\u0161 Kverfurto i\u0161keliavo \u012f Ryt\u0173 Europ\u0105 ir \u017euvo - ta proga viename vokie\u010di\u0173 metra\u0161\u010di\u0173 pirm\u0105kart pamin\u0117tas Lietuvos vardas...  Pirm\u0105j\u012f Lietuvos pamin\u0117jim\u0105 iki \u0161iol gaubia paslaptys. Kur i\u0161 tikr\u0173j\u0173, \u012f Pr\u016bsij\u0105 ar Rusij\u0105, nukeliavo \u0161ventasis Brunonas? K\u0105 jis veik\u0117 pas pe\u010denegus? Kokia jo \u017e\u016bties prie\u017eastis? Ar jis \u017euvo tikrai Lietuvos pasienyje? Galiausiai, k\u0105 rei\u0161k\u0117 &quot;Lietuva&quot; naujo t\u016bkstantme\u010dio au\u0161roje?  Pirmas toks i\u0161samus \u0161altini\u0173, lie\u010dian\u010di\u0173 Brunono misij\u0105, rinkinys paskatins ie\u0161koti nauj\u0173 atsakym\u0173 \u012f \u0161iuos klausimus arba vers tikrinti senus. Prof. Edvardo Gudavi\u010diaus \u012fvadin\u0117 studija puikiai pristato tai, k\u0105 \u017eino tyr\u0117jai \u0161iandien ir k\u0105 dar tur\u0117s i\u0161siai\u0161kinti...\" \/>\n<meta name=\"robots\" content=\"index, follow, max-snippet:-1, max-image-preview:large, max-video-preview:-1\" \/>\n<link rel=\"canonical\" href=\"https:\/\/skaitytaknyga.lt\/en\/produktas\/1009-metai-sv-brunono-kverfurtiecio-misija-2\/\" \/>\n<meta property=\"og:locale\" content=\"en_GB\" \/>\n<meta property=\"og:locale:alternate\" content=\"lt_LT\" \/>\n<meta property=\"og:type\" content=\"article\" \/>\n<meta property=\"og:title\" content=\"1009 metai: \u0160v. Brunono Kverfurtie\u010dio misija\" \/>\n<meta property=\"og:description\" content=\"1009 m., kai europie\u010diai pamat\u0117, jog sukakus t\u016bkstantme\u010diui pasaulio pabaiga neat\u0117jo, prasid\u0117jo naujas misij\u0173 pli\u016bpsnis. Vienuolis ir vyskupas Brunonas i\u0161 Kverfurto i\u0161keliavo \u012f Ryt\u0173 Europ\u0105 ir \u017euvo - ta proga viename vokie\u010di\u0173 metra\u0161\u010di\u0173 pirm\u0105kart pamin\u0117tas Lietuvos vardas...  Pirm\u0105j\u012f Lietuvos pamin\u0117jim\u0105 iki \u0161iol gaubia paslaptys. Kur i\u0161 tikr\u0173j\u0173, \u012f Pr\u016bsij\u0105 ar Rusij\u0105, nukeliavo \u0161ventasis Brunonas? K\u0105 jis veik\u0117 pas pe\u010denegus? Kokia jo \u017e\u016bties prie\u017eastis? Ar jis \u017euvo tikrai Lietuvos pasienyje? Galiausiai, k\u0105 rei\u0161k\u0117 &quot;Lietuva&quot; naujo t\u016bkstantme\u010dio au\u0161roje?  Pirmas toks i\u0161samus \u0161altini\u0173, lie\u010dian\u010di\u0173 Brunono misij\u0105, rinkinys paskatins ie\u0161koti nauj\u0173 atsakym\u0173 \u012f \u0161iuos klausimus arba vers tikrinti senus. Prof. Edvardo Gudavi\u010diaus \u012fvadin\u0117 studija puikiai pristato tai, k\u0105 \u017eino tyr\u0117jai \u0161iandien ir k\u0105 dar tur\u0117s i\u0161siai\u0161kinti...\" \/>\n<meta property=\"og:url\" content=\"https:\/\/skaitytaknyga.lt\/en\/produktas\/1009-metai-sv-brunono-kverfurtiecio-misija-2\/\" \/>\n<meta property=\"og:site_name\" content=\"Skaitytaknyga\" \/>\n<meta property=\"article:publisher\" content=\"https:\/\/www.facebook.com\/skaitytaknyga\/\" \/>\n<meta property=\"article:modified_time\" content=\"2026-03-18T13:00:00+00:00\" \/>\n<meta property=\"og:image\" content=\"https:\/\/skaitytaknyga.lt\/wp-content\/uploads\/2024\/05\/55596206.png\" \/>\n\t<meta property=\"og:image:width\" content=\"293\" \/>\n\t<meta property=\"og:image:height\" content=\"430\" \/>\n\t<meta property=\"og:image:type\" content=\"image\/png\" \/>\n<meta name=\"twitter:card\" content=\"summary_large_image\" \/>\n<meta name=\"twitter:label1\" content=\"Estimated reading time\" \/>\n\t<meta name=\"twitter:data1\" content=\"1 minute\" \/>\n<script type=\"application\/ld+json\" class=\"yoast-schema-graph\">{\"@context\":\"https:\\\/\\\/schema.org\",\"@graph\":[{\"@type\":\"WebPage\",\"@id\":\"https:\\\/\\\/skaitytaknyga.lt\\\/produktas\\\/1009-metai-sv-brunono-kverfurtiecio-misija-2\\\/\",\"url\":\"https:\\\/\\\/skaitytaknyga.lt\\\/produktas\\\/1009-metai-sv-brunono-kverfurtiecio-misija-2\\\/\",\"name\":\"1009 metai: \u0160v. Brunono Kverfurtie\u010dio misija\",\"isPartOf\":{\"@id\":\"https:\\\/\\\/skaitytaknyga.lt\\\/#website\"},\"primaryImageOfPage\":{\"@id\":\"https:\\\/\\\/skaitytaknyga.lt\\\/produktas\\\/1009-metai-sv-brunono-kverfurtiecio-misija-2\\\/#primaryimage\"},\"image\":{\"@id\":\"https:\\\/\\\/skaitytaknyga.lt\\\/produktas\\\/1009-metai-sv-brunono-kverfurtiecio-misija-2\\\/#primaryimage\"},\"thumbnailUrl\":\"https:\\\/\\\/skaitytaknyga.lt\\\/wp-content\\\/uploads\\\/2024\\\/05\\\/55596206.png\",\"datePublished\":\"2024-05-04T15:01:49+00:00\",\"dateModified\":\"2026-03-18T13:00:00+00:00\",\"description\":\"1009 m., kai europie\u010diai pamat\u0117, jog sukakus t\u016bkstantme\u010diui pasaulio pabaiga neat\u0117jo, prasid\u0117jo naujas misij\u0173 pli\u016bpsnis. Vienuolis ir vyskupas Brunonas i\u0161 Kverfurto i\u0161keliavo \u012f Ryt\u0173 Europ\u0105 ir \u017euvo - ta proga viename vokie\u010di\u0173 metra\u0161\u010di\u0173 pirm\u0105kart pamin\u0117tas Lietuvos vardas... Pirm\u0105j\u012f Lietuvos pamin\u0117jim\u0105 iki \u0161iol gaubia paslaptys. Kur i\u0161 tikr\u0173j\u0173, \u012f Pr\u016bsij\u0105 ar Rusij\u0105, nukeliavo \u0161ventasis Brunonas? K\u0105 jis veik\u0117 pas pe\u010denegus? Kokia jo \u017e\u016bties prie\u017eastis? Ar jis \u017euvo tikrai Lietuvos pasienyje? Galiausiai, k\u0105 rei\u0161k\u0117 \\\"Lietuva\\\" naujo t\u016bkstantme\u010dio au\u0161roje? Pirmas toks i\u0161samus \u0161altini\u0173, lie\u010dian\u010di\u0173 Brunono misij\u0105, rinkinys paskatins ie\u0161koti nauj\u0173 atsakym\u0173 \u012f \u0161iuos klausimus arba vers tikrinti senus. Prof. Edvardo Gudavi\u010diaus \u012fvadin\u0117 studija puikiai pristato tai, k\u0105 \u017eino tyr\u0117jai \u0161iandien ir k\u0105 dar tur\u0117s i\u0161siai\u0161kinti...\",\"breadcrumb\":{\"@id\":\"https:\\\/\\\/skaitytaknyga.lt\\\/produktas\\\/1009-metai-sv-brunono-kverfurtiecio-misija-2\\\/#breadcrumb\"},\"inLanguage\":\"en-GB\",\"potentialAction\":[{\"@type\":\"ReadAction\",\"target\":[\"https:\\\/\\\/skaitytaknyga.lt\\\/produktas\\\/1009-metai-sv-brunono-kverfurtiecio-misija-2\\\/\"]}]},{\"@type\":\"ImageObject\",\"inLanguage\":\"en-GB\",\"@id\":\"https:\\\/\\\/skaitytaknyga.lt\\\/produktas\\\/1009-metai-sv-brunono-kverfurtiecio-misija-2\\\/#primaryimage\",\"url\":\"https:\\\/\\\/skaitytaknyga.lt\\\/wp-content\\\/uploads\\\/2024\\\/05\\\/55596206.png\",\"contentUrl\":\"https:\\\/\\\/skaitytaknyga.lt\\\/wp-content\\\/uploads\\\/2024\\\/05\\\/55596206.png\",\"width\":293,\"height\":430},{\"@type\":\"BreadcrumbList\",\"@id\":\"https:\\\/\\\/skaitytaknyga.lt\\\/produktas\\\/1009-metai-sv-brunono-kverfurtiecio-misija-2\\\/#breadcrumb\",\"itemListElement\":[{\"@type\":\"ListItem\",\"position\":1,\"name\":\"Home\",\"item\":\"https:\\\/\\\/skaitytaknyga.lt\\\/\"},{\"@type\":\"ListItem\",\"position\":2,\"name\":\"Parduotuv\u0117\",\"item\":\"https:\\\/\\\/skaitytaknyga.lt\\\/knygu-parduotuve\\\/\"},{\"@type\":\"ListItem\",\"position\":3,\"name\":\"1009 metai: \u0160v. Brunono Kverfurtie\u010dio misija\"}]},{\"@type\":\"WebSite\",\"@id\":\"https:\\\/\\\/skaitytaknyga.lt\\\/#website\",\"url\":\"https:\\\/\\\/skaitytaknyga.lt\\\/\",\"name\":\"skaitytaknyga.lt\",\"description\":\"Skaitytaknyga.lt \u2013 tai ma\u017eas \u0161eimos verslas, kuris prasid\u0117jo nuo meil\u0117s knygoms ir siekio i\u0161gelb\u0117ti knygas nuo likimo prie konteinerio. Kas vienam nereikalingas daiktas \u2013 kitam lobis, o mes esame tarpininkai, kurie padeda abiems tapti laimingesniems ???? \u017dinome kaip nelengva i\u0161gyventi ma\u017eiems verslams, tad nuo \u0161iol, \u010dia rasite ir kit\u0173, ma\u017e\u0173 \u0161eim\u0173 versl\u0173, rank\u0173 darbo, dovan\u0173 sau ir artimiesiems.\",\"publisher\":{\"@id\":\"https:\\\/\\\/skaitytaknyga.lt\\\/#organization\"},\"potentialAction\":[{\"@type\":\"SearchAction\",\"target\":{\"@type\":\"EntryPoint\",\"urlTemplate\":\"https:\\\/\\\/skaitytaknyga.lt\\\/?s={search_term_string}\"},\"query-input\":{\"@type\":\"PropertyValueSpecification\",\"valueRequired\":true,\"valueName\":\"search_term_string\"}}],\"inLanguage\":\"en-GB\"},{\"@type\":\"Organization\",\"@id\":\"https:\\\/\\\/skaitytaknyga.lt\\\/#organization\",\"name\":\"skaitytaknyga.lt\",\"url\":\"https:\\\/\\\/skaitytaknyga.lt\\\/\",\"logo\":{\"@type\":\"ImageObject\",\"inLanguage\":\"en-GB\",\"@id\":\"https:\\\/\\\/skaitytaknyga.lt\\\/#\\\/schema\\\/logo\\\/image\\\/\",\"url\":\"https:\\\/\\\/skaitytaknyga.lt\\\/wp-content\\\/uploads\\\/2024\\\/05\\\/cropped-cropped-cropped-02_00843_jt3bggkj1j3HLc7SyY6rEUpg.jpeg\",\"contentUrl\":\"https:\\\/\\\/skaitytaknyga.lt\\\/wp-content\\\/uploads\\\/2024\\\/05\\\/cropped-cropped-cropped-02_00843_jt3bggkj1j3HLc7SyY6rEUpg.jpeg\",\"width\":1600,\"height\":1600,\"caption\":\"skaitytaknyga.lt\"},\"image\":{\"@id\":\"https:\\\/\\\/skaitytaknyga.lt\\\/#\\\/schema\\\/logo\\\/image\\\/\"},\"sameAs\":[\"https:\\\/\\\/www.facebook.com\\\/skaitytaknyga\\\/\"]}]}<\/script>\n<!-- \/ Yoast SEO plugin. -->","yoast_head_json":{"title":"1009 metai: \u0160v. Brunono Kverfurtie\u010dio misija","description":"1009 m., kai europie\u010diai pamat\u0117, jog sukakus t\u016bkstantme\u010diui pasaulio pabaiga neat\u0117jo, prasid\u0117jo naujas misij\u0173 pli\u016bpsnis. Vienuolis ir vyskupas Brunonas i\u0161 Kverfurto i\u0161keliavo \u012f Ryt\u0173 Europ\u0105 ir \u017euvo - ta proga viename vokie\u010di\u0173 metra\u0161\u010di\u0173 pirm\u0105kart pamin\u0117tas Lietuvos vardas...  Pirm\u0105j\u012f Lietuvos pamin\u0117jim\u0105 iki \u0161iol gaubia paslaptys. Kur i\u0161 tikr\u0173j\u0173, \u012f Pr\u016bsij\u0105 ar Rusij\u0105, nukeliavo \u0161ventasis Brunonas? K\u0105 jis veik\u0117 pas pe\u010denegus? Kokia jo \u017e\u016bties prie\u017eastis? Ar jis \u017euvo tikrai Lietuvos pasienyje? Galiausiai, k\u0105 rei\u0161k\u0117 \"Lietuva\" naujo t\u016bkstantme\u010dio au\u0161roje?  Pirmas toks i\u0161samus \u0161altini\u0173, lie\u010dian\u010di\u0173 Brunono misij\u0105, rinkinys paskatins ie\u0161koti nauj\u0173 atsakym\u0173 \u012f \u0161iuos klausimus arba vers tikrinti senus. Prof. Edvardo Gudavi\u010diaus \u012fvadin\u0117 studija puikiai pristato tai, k\u0105 \u017eino tyr\u0117jai \u0161iandien ir k\u0105 dar tur\u0117s i\u0161siai\u0161kinti...","robots":{"index":"index","follow":"follow","max-snippet":"max-snippet:-1","max-image-preview":"max-image-preview:large","max-video-preview":"max-video-preview:-1"},"canonical":"https:\/\/skaitytaknyga.lt\/en\/produktas\/1009-metai-sv-brunono-kverfurtiecio-misija-2\/","og_locale":"en_GB","og_type":"article","og_title":"[:lt]1009 metai: \u0160v. Brunono Kverfurtie\u010dio misija[:] - Skaitytaknyga","og_description":"1009 m., kai europie\u010diai pamat\u0117, jog sukakus t\u016bkstantme\u010diui pasaulio pabaiga neat\u0117jo, prasid\u0117jo naujas misij\u0173 pli\u016bpsnis. Vienuolis ir vyskupas Brunonas i\u0161 Kverfurto i\u0161keliavo \u012f Ryt\u0173 Europ\u0105 ir \u017euvo - ta proga viename vokie\u010di\u0173 metra\u0161\u010di\u0173 pirm\u0105kart pamin\u0117tas Lietuvos vardas...  Pirm\u0105j\u012f Lietuvos pamin\u0117jim\u0105 iki \u0161iol gaubia paslaptys. Kur i\u0161 tikr\u0173j\u0173, \u012f Pr\u016bsij\u0105 ar Rusij\u0105, nukeliavo \u0161ventasis Brunonas? K\u0105 jis veik\u0117 pas pe\u010denegus? Kokia jo \u017e\u016bties prie\u017eastis? Ar jis \u017euvo tikrai Lietuvos pasienyje? Galiausiai, k\u0105 rei\u0161k\u0117 \"Lietuva\" naujo t\u016bkstantme\u010dio au\u0161roje?  Pirmas toks i\u0161samus \u0161altini\u0173, lie\u010dian\u010di\u0173 Brunono misij\u0105, rinkinys paskatins ie\u0161koti nauj\u0173 atsakym\u0173 \u012f \u0161iuos klausimus arba vers tikrinti senus. Prof. Edvardo Gudavi\u010diaus \u012fvadin\u0117 studija puikiai pristato tai, k\u0105 \u017eino tyr\u0117jai \u0161iandien ir k\u0105 dar tur\u0117s i\u0161siai\u0161kinti...","og_url":"https:\/\/skaitytaknyga.lt\/en\/produktas\/1009-metai-sv-brunono-kverfurtiecio-misija-2\/","og_site_name":"Skaitytaknyga","article_publisher":"https:\/\/www.facebook.com\/skaitytaknyga\/","article_modified_time":"2026-03-18T13:00:00+00:00","og_image":[{"width":293,"height":430,"url":"https:\/\/skaitytaknyga.lt\/wp-content\/uploads\/2024\/05\/55596206.png","type":"image\/png"}],"twitter_card":"summary_large_image","twitter_misc":{"Estimated reading time":"1 minute"},"schema":{"@context":"https:\/\/schema.org","@graph":[{"@type":"WebPage","@id":"https:\/\/skaitytaknyga.lt\/produktas\/1009-metai-sv-brunono-kverfurtiecio-misija-2\/","url":"https:\/\/skaitytaknyga.lt\/produktas\/1009-metai-sv-brunono-kverfurtiecio-misija-2\/","name":"1009 metai: \u0160v. Brunono Kverfurtie\u010dio misija","isPartOf":{"@id":"https:\/\/skaitytaknyga.lt\/#website"},"primaryImageOfPage":{"@id":"https:\/\/skaitytaknyga.lt\/produktas\/1009-metai-sv-brunono-kverfurtiecio-misija-2\/#primaryimage"},"image":{"@id":"https:\/\/skaitytaknyga.lt\/produktas\/1009-metai-sv-brunono-kverfurtiecio-misija-2\/#primaryimage"},"thumbnailUrl":"https:\/\/skaitytaknyga.lt\/wp-content\/uploads\/2024\/05\/55596206.png","datePublished":"2024-05-04T15:01:49+00:00","dateModified":"2026-03-18T13:00:00+00:00","description":"1009 m., kai europie\u010diai pamat\u0117, jog sukakus t\u016bkstantme\u010diui pasaulio pabaiga neat\u0117jo, prasid\u0117jo naujas misij\u0173 pli\u016bpsnis. Vienuolis ir vyskupas Brunonas i\u0161 Kverfurto i\u0161keliavo \u012f Ryt\u0173 Europ\u0105 ir \u017euvo - ta proga viename vokie\u010di\u0173 metra\u0161\u010di\u0173 pirm\u0105kart pamin\u0117tas Lietuvos vardas... Pirm\u0105j\u012f Lietuvos pamin\u0117jim\u0105 iki \u0161iol gaubia paslaptys. Kur i\u0161 tikr\u0173j\u0173, \u012f Pr\u016bsij\u0105 ar Rusij\u0105, nukeliavo \u0161ventasis Brunonas? K\u0105 jis veik\u0117 pas pe\u010denegus? Kokia jo \u017e\u016bties prie\u017eastis? Ar jis \u017euvo tikrai Lietuvos pasienyje? Galiausiai, k\u0105 rei\u0161k\u0117 \"Lietuva\" naujo t\u016bkstantme\u010dio au\u0161roje? Pirmas toks i\u0161samus \u0161altini\u0173, lie\u010dian\u010di\u0173 Brunono misij\u0105, rinkinys paskatins ie\u0161koti nauj\u0173 atsakym\u0173 \u012f \u0161iuos klausimus arba vers tikrinti senus. Prof. Edvardo Gudavi\u010diaus \u012fvadin\u0117 studija puikiai pristato tai, k\u0105 \u017eino tyr\u0117jai \u0161iandien ir k\u0105 dar tur\u0117s i\u0161siai\u0161kinti...","breadcrumb":{"@id":"https:\/\/skaitytaknyga.lt\/produktas\/1009-metai-sv-brunono-kverfurtiecio-misija-2\/#breadcrumb"},"inLanguage":"en-GB","potentialAction":[{"@type":"ReadAction","target":["https:\/\/skaitytaknyga.lt\/produktas\/1009-metai-sv-brunono-kverfurtiecio-misija-2\/"]}]},{"@type":"ImageObject","inLanguage":"en-GB","@id":"https:\/\/skaitytaknyga.lt\/produktas\/1009-metai-sv-brunono-kverfurtiecio-misija-2\/#primaryimage","url":"https:\/\/skaitytaknyga.lt\/wp-content\/uploads\/2024\/05\/55596206.png","contentUrl":"https:\/\/skaitytaknyga.lt\/wp-content\/uploads\/2024\/05\/55596206.png","width":293,"height":430},{"@type":"BreadcrumbList","@id":"https:\/\/skaitytaknyga.lt\/produktas\/1009-metai-sv-brunono-kverfurtiecio-misija-2\/#breadcrumb","itemListElement":[{"@type":"ListItem","position":1,"name":"Home","item":"https:\/\/skaitytaknyga.lt\/"},{"@type":"ListItem","position":2,"name":"Parduotuv\u0117","item":"https:\/\/skaitytaknyga.lt\/knygu-parduotuve\/"},{"@type":"ListItem","position":3,"name":"1009 metai: \u0160v. Brunono Kverfurtie\u010dio misija"}]},{"@type":"WebSite","@id":"https:\/\/skaitytaknyga.lt\/#website","url":"https:\/\/skaitytaknyga.lt\/","name":"skaitytaknyga.lt","description":"Skaitytaknyga.lt \u2013 tai ma\u017eas \u0161eimos verslas, kuris prasid\u0117jo nuo meil\u0117s knygoms ir siekio i\u0161gelb\u0117ti knygas nuo likimo prie konteinerio. Kas vienam nereikalingas daiktas \u2013 kitam lobis, o mes esame tarpininkai, kurie padeda abiems tapti laimingesniems ???? \u017dinome kaip nelengva i\u0161gyventi ma\u017eiems verslams, tad nuo \u0161iol, \u010dia rasite ir kit\u0173, ma\u017e\u0173 \u0161eim\u0173 versl\u0173, rank\u0173 darbo, dovan\u0173 sau ir artimiesiems.","publisher":{"@id":"https:\/\/skaitytaknyga.lt\/#organization"},"potentialAction":[{"@type":"SearchAction","target":{"@type":"EntryPoint","urlTemplate":"https:\/\/skaitytaknyga.lt\/?s={search_term_string}"},"query-input":{"@type":"PropertyValueSpecification","valueRequired":true,"valueName":"search_term_string"}}],"inLanguage":"en-GB"},{"@type":"Organization","@id":"https:\/\/skaitytaknyga.lt\/#organization","name":"skaitytaknyga.lt","url":"https:\/\/skaitytaknyga.lt\/","logo":{"@type":"ImageObject","inLanguage":"en-GB","@id":"https:\/\/skaitytaknyga.lt\/#\/schema\/logo\/image\/","url":"https:\/\/skaitytaknyga.lt\/wp-content\/uploads\/2024\/05\/cropped-cropped-cropped-02_00843_jt3bggkj1j3HLc7SyY6rEUpg.jpeg","contentUrl":"https:\/\/skaitytaknyga.lt\/wp-content\/uploads\/2024\/05\/cropped-cropped-cropped-02_00843_jt3bggkj1j3HLc7SyY6rEUpg.jpeg","width":1600,"height":1600,"caption":"skaitytaknyga.lt"},"image":{"@id":"https:\/\/skaitytaknyga.lt\/#\/schema\/logo\/image\/"},"sameAs":["https:\/\/www.facebook.com\/skaitytaknyga\/"]}]}},"_links":{"self":[{"href":"https:\/\/skaitytaknyga.lt\/en\/wp-json\/wp\/v2\/product\/9365","targetHints":{"allow":["GET"]}}],"collection":[{"href":"https:\/\/skaitytaknyga.lt\/en\/wp-json\/wp\/v2\/product"}],"about":[{"href":"https:\/\/skaitytaknyga.lt\/en\/wp-json\/wp\/v2\/types\/product"}],"replies":[{"embeddable":true,"href":"https:\/\/skaitytaknyga.lt\/en\/wp-json\/wp\/v2\/comments?post=9365"}],"wp:featuredmedia":[{"embeddable":true,"href":"https:\/\/skaitytaknyga.lt\/en\/wp-json\/wp\/v2\/media\/6688"}],"wp:attachment":[{"href":"https:\/\/skaitytaknyga.lt\/en\/wp-json\/wp\/v2\/media?parent=9365"}],"wp:term":[{"taxonomy":"product_brand","embeddable":true,"href":"https:\/\/skaitytaknyga.lt\/en\/wp-json\/wp\/v2\/product_brand?post=9365"},{"taxonomy":"product_cat","embeddable":true,"href":"https:\/\/skaitytaknyga.lt\/en\/wp-json\/wp\/v2\/product_cat?post=9365"},{"taxonomy":"product_tag","embeddable":true,"href":"https:\/\/skaitytaknyga.lt\/en\/wp-json\/wp\/v2\/product_tag?post=9365"}],"curies":[{"name":"wp","href":"https:\/\/api.w.org\/{rel}","templated":true}]}}