{"id":9353,"date":"2024-05-04T15:01:30","date_gmt":"2024-05-04T15:01:30","guid":{"rendered":"https:\/\/skaitytaknyga.lt\/?post_type=product&#038;p=9353"},"modified":"2024-05-04T15:01:45","modified_gmt":"2024-05-04T15:01:45","slug":"vytautas-kavolis-asmuo-ir-idejos-2","status":"publish","type":"product","link":"https:\/\/skaitytaknyga.lt\/en\/produktas\/vytautas-kavolis-asmuo-ir-idejos-2\/","title":{"rendered":"Vytautas Kavolis. Asmuo ir id\u0117jos"},"content":{"rendered":"<p>Vytauto Kavolio asmuo, jo intelektualin\u0117 veikla siejo ir tebesieja \u012fvairi\u0173 kult\u016brini\u0173 patir\u010di\u0173, \u012fvairi\u0173 kart\u0173 mokslo bei kult\u016bros \u017emones. \u0160i knyga &#8211; toki\u0173 jung\u010di\u0173 liudytoja. (\u2026). Ji sud\u0117ta i\u0161 tekst\u0173, kuriuos, sudarytoj\u0173 paraginti, atsiunt\u0117 Vytauto Kavolio kolegos ir bi\u010diuliai. [&#8230;] Knygos pabaigoje &#8211; jo darb\u0173 bibliografija. Toks tekst\u0173 rinkinys &#8211; galimas \u012fvadas \u012f nuodugnesnes Kavolio studijas. &#8211; D.Kuolys &#8220;Vytautas Kavolis (1930-1996) &#8211; vienas did\u017eiausi\u0173 nepriklausom\u0173 lietuvi\u0173, nuosekliai k\u0117l\u0119s asmens priklausomyb\u0117s klausim\u0105 ir m\u0117gin\u0119s dabarties kalba \u012f j\u012f atsakyti. Pasak Tomo Venclovos, jis &#8220;kaip anuomet Simonas Daukantas ir Vincas Kudirka, apibr\u0117\u017eia i\u0161tis\u0105 laikotarp\u012f ir krypt\u012f lietuvi\u0173 kult\u016broje&#8221;.<\/p>\n","protected":false},"excerpt":{"rendered":"<p>Vytauto Kavolio asmuo, jo intelektualin\u0117 veikla siejo ir tebesieja \u012fvairi\u0173 kult\u016brini\u0173 patir\u010di\u0173, \u012fvairi\u0173 kart\u0173 mokslo bei kult\u016bros \u017emones. \u0160i knyga &#8211; toki\u0173 jung\u010di\u0173 liudytoja. (\u2026). Ji sud\u0117ta i\u0161 tekst\u0173, kuriuos, sudarytoj\u0173 paraginti, atsiunt\u0117 Vytauto Kavolio kolegos ir bi\u010diuliai. [&#8230;] Knygos pabaigoje &#8211; jo darb\u0173 bibliografija. Toks tekst\u0173 rinkinys &#8211; galimas \u012fvadas \u012f nuodugnesnes Kavolio studijas. &#8211; D.Kuolys &#8220;Vytautas Kavolis (1930-1996) &#8211; vienas did\u017eiausi\u0173 nepriklausom\u0173 lietuvi\u0173, nuosekliai k\u0117l\u0119s asmens priklausomyb\u0117s klausim\u0105 ir m\u0117gin\u0119s dabarties kalba \u012f j\u012f atsakyti. Pasak Tomo Venclovos, jis &#8220;kaip anuomet Simonas Daukantas ir Vincas Kudirka, apibr\u0117\u017eia i\u0161tis\u0105 laikotarp\u012f ir krypt\u012f lietuvi\u0173 kult\u016broje&#8221;.<\/p>\n","protected":false},"featured_media":6667,"comment_status":"closed","ping_status":"closed","template":"","meta":{"_acf_changed":false,"site-sidebar-layout":"default","site-content-layout":"","ast-site-content-layout":"default","site-content-style":"default","site-sidebar-style":"default","ast-global-header-display":"","ast-banner-title-visibility":"","ast-main-header-display":"","ast-hfb-above-header-display":"","ast-hfb-below-header-display":"","ast-hfb-mobile-header-display":"","site-post-title":"","ast-breadcrumbs-content":"","ast-featured-img":"","footer-sml-layout":"","ast-disable-related-posts":"","theme-transparent-header-meta":"","adv-header-id-meta":"","stick-header-meta":"","header-above-stick-meta":"","header-main-stick-meta":"","header-below-stick-meta":"","astra-migrate-meta-layouts":"default","ast-page-background-enabled":"default","ast-page-background-meta":{"desktop":{"background-color":"","background-image":"","background-repeat":"repeat","background-position":"center center","background-size":"auto","background-attachment":"scroll","background-type":"","background-media":"","overlay-type":"","overlay-color":"","overlay-opacity":"","overlay-gradient":""},"tablet":{"background-color":"","background-image":"","background-repeat":"repeat","background-position":"center center","background-size":"auto","background-attachment":"scroll","background-type":"","background-media":"","overlay-type":"","overlay-color":"","overlay-opacity":"","overlay-gradient":""},"mobile":{"background-color":"","background-image":"","background-repeat":"repeat","background-position":"center center","background-size":"auto","background-attachment":"scroll","background-type":"","background-media":"","overlay-type":"","overlay-color":"","overlay-opacity":"","overlay-gradient":""}},"ast-content-background-meta":{"desktop":{"background-color":"var(--ast-global-color-4)","background-image":"","background-repeat":"repeat","background-position":"center center","background-size":"auto","background-attachment":"scroll","background-type":"","background-media":"","overlay-type":"","overlay-color":"","overlay-opacity":"","overlay-gradient":""},"tablet":{"background-color":"var(--ast-global-color-4)","background-image":"","background-repeat":"repeat","background-position":"center center","background-size":"auto","background-attachment":"scroll","background-type":"","background-media":"","overlay-type":"","overlay-color":"","overlay-opacity":"","overlay-gradient":""},"mobile":{"background-color":"var(--ast-global-color-4)","background-image":"","background-repeat":"repeat","background-position":"center center","background-size":"auto","background-attachment":"scroll","background-type":"","background-media":"","overlay-type":"","overlay-color":"","overlay-opacity":"","overlay-gradient":""}}},"product_brand":[],"product_cat":[33],"product_tag":[],"class_list":{"0":"post-9353","1":"product","2":"type-product","3":"status-publish","4":"has-post-thumbnail","6":"product_cat-biografijos","7":"desktop-align-left","8":"tablet-align-left","9":"mobile-align-left","11":"first","12":"instock","13":"shipping-taxable","14":"purchasable","15":"product-type-simple"},"acf":[],"yoast_head":"<!-- This site is optimized with the Yoast SEO plugin v27.4 - https:\/\/yoast.com\/product\/yoast-seo-wordpress\/ -->\n<title>Vytautas Kavolis. Asmuo ir id\u0117jos - Skaitytaknyga<\/title>\n<meta name=\"description\" content=\"Vytauto Kavolio asmuo, jo intelektualin\u0117 veikla siejo ir tebesieja \u012fvairi\u0173 kult\u016brini\u0173 patir\u010di\u0173, \u012fvairi\u0173 kart\u0173 mokslo bei kult\u016bros \u017emones. \u0160i knyga - toki\u0173 jung\u010di\u0173 liudytoja. (\u2026). Ji sud\u0117ta i\u0161 tekst\u0173, kuriuos, sudarytoj\u0173 paraginti, atsiunt\u0117 Vytauto Kavolio kolegos ir bi\u010diuliai. Knygos pabaigoje - jo darb\u0173 bibliografija. Toks tekst\u0173 rinkinys - galimas \u012fvadas \u012f nuodugnesnes Kavolio studijas. - D.Kuolys &quot;Vytautas Kavolis (1930-1996) - vienas did\u017eiausi\u0173 nepriklausom\u0173 lietuvi\u0173, nuosekliai k\u0117l\u0119s asmens priklausomyb\u0117s klausim\u0105 ir m\u0117gin\u0119s dabarties kalba \u012f j\u012f atsakyti. Pasak Tomo Venclovos, jis &quot;kaip anuomet Simonas Daukantas ir Vincas Kudirka, apibr\u0117\u017eia i\u0161tis\u0105 laikotarp\u012f ir krypt\u012f lietuvi\u0173 kult\u016broje&quot;.\" \/>\n<meta name=\"robots\" content=\"index, follow, max-snippet:-1, max-image-preview:large, max-video-preview:-1\" \/>\n<link rel=\"canonical\" href=\"https:\/\/skaitytaknyga.lt\/en\/produktas\/vytautas-kavolis-asmuo-ir-idejos-2\/\" \/>\n<meta property=\"og:locale\" content=\"en_GB\" \/>\n<meta property=\"og:locale:alternate\" content=\"lt_LT\" \/>\n<meta property=\"og:type\" content=\"article\" \/>\n<meta property=\"og:title\" content=\"Vytautas Kavolis. Asmuo ir id\u0117jos - Skaitytaknyga\" \/>\n<meta property=\"og:description\" content=\"Vytauto Kavolio asmuo, jo intelektualin\u0117 veikla siejo ir tebesieja \u012fvairi\u0173 kult\u016brini\u0173 patir\u010di\u0173, \u012fvairi\u0173 kart\u0173 mokslo bei kult\u016bros \u017emones. \u0160i knyga - toki\u0173 jung\u010di\u0173 liudytoja. (\u2026). Ji sud\u0117ta i\u0161 tekst\u0173, kuriuos, sudarytoj\u0173 paraginti, atsiunt\u0117 Vytauto Kavolio kolegos ir bi\u010diuliai. Knygos pabaigoje - jo darb\u0173 bibliografija. Toks tekst\u0173 rinkinys - galimas \u012fvadas \u012f nuodugnesnes Kavolio studijas. - D.Kuolys &quot;Vytautas Kavolis (1930-1996) - vienas did\u017eiausi\u0173 nepriklausom\u0173 lietuvi\u0173, nuosekliai k\u0117l\u0119s asmens priklausomyb\u0117s klausim\u0105 ir m\u0117gin\u0119s dabarties kalba \u012f j\u012f atsakyti. Pasak Tomo Venclovos, jis &quot;kaip anuomet Simonas Daukantas ir Vincas Kudirka, apibr\u0117\u017eia i\u0161tis\u0105 laikotarp\u012f ir krypt\u012f lietuvi\u0173 kult\u016broje&quot;.\" \/>\n<meta property=\"og:url\" content=\"https:\/\/skaitytaknyga.lt\/en\/produktas\/vytautas-kavolis-asmuo-ir-idejos-2\/\" \/>\n<meta property=\"og:site_name\" content=\"Skaitytaknyga\" \/>\n<meta property=\"article:publisher\" content=\"https:\/\/www.facebook.com\/skaitytaknyga\/\" \/>\n<meta property=\"article:modified_time\" content=\"2024-05-04T15:01:45+00:00\" \/>\n<meta property=\"og:image\" content=\"https:\/\/skaitytaknyga.lt\/wp-content\/uploads\/2024\/05\/kavolis-asmuo-idejos.png\" \/>\n\t<meta property=\"og:image:width\" content=\"308\" \/>\n\t<meta property=\"og:image:height\" content=\"463\" \/>\n\t<meta property=\"og:image:type\" content=\"image\/png\" \/>\n<meta name=\"twitter:card\" content=\"summary_large_image\" \/>\n<meta name=\"twitter:label1\" content=\"Estimated reading time\" \/>\n\t<meta name=\"twitter:data1\" content=\"1 minute\" \/>\n<script type=\"application\/ld+json\" class=\"yoast-schema-graph\">{\"@context\":\"https:\\\/\\\/schema.org\",\"@graph\":[{\"@type\":\"WebPage\",\"@id\":\"https:\\\/\\\/skaitytaknyga.lt\\\/produktas\\\/vytautas-kavolis-asmuo-ir-idejos-2\\\/\",\"url\":\"https:\\\/\\\/skaitytaknyga.lt\\\/produktas\\\/vytautas-kavolis-asmuo-ir-idejos-2\\\/\",\"name\":\"Vytautas Kavolis. Asmuo ir id\u0117jos - Skaitytaknyga\",\"isPartOf\":{\"@id\":\"https:\\\/\\\/skaitytaknyga.lt\\\/#website\"},\"primaryImageOfPage\":{\"@id\":\"https:\\\/\\\/skaitytaknyga.lt\\\/produktas\\\/vytautas-kavolis-asmuo-ir-idejos-2\\\/#primaryimage\"},\"image\":{\"@id\":\"https:\\\/\\\/skaitytaknyga.lt\\\/produktas\\\/vytautas-kavolis-asmuo-ir-idejos-2\\\/#primaryimage\"},\"thumbnailUrl\":\"https:\\\/\\\/skaitytaknyga.lt\\\/wp-content\\\/uploads\\\/2024\\\/05\\\/kavolis-asmuo-idejos.png\",\"datePublished\":\"2024-05-04T15:01:30+00:00\",\"dateModified\":\"2024-05-04T15:01:45+00:00\",\"description\":\"Vytauto Kavolio asmuo, jo intelektualin\u0117 veikla siejo ir tebesieja \u012fvairi\u0173 kult\u016brini\u0173 patir\u010di\u0173, \u012fvairi\u0173 kart\u0173 mokslo bei kult\u016bros \u017emones. \u0160i knyga - toki\u0173 jung\u010di\u0173 liudytoja. (\u2026). Ji sud\u0117ta i\u0161 tekst\u0173, kuriuos, sudarytoj\u0173 paraginti, atsiunt\u0117 Vytauto Kavolio kolegos ir bi\u010diuliai. Knygos pabaigoje - jo darb\u0173 bibliografija. Toks tekst\u0173 rinkinys - galimas \u012fvadas \u012f nuodugnesnes Kavolio studijas. - D.Kuolys \\\"Vytautas Kavolis (1930-1996) - vienas did\u017eiausi\u0173 nepriklausom\u0173 lietuvi\u0173, nuosekliai k\u0117l\u0119s asmens priklausomyb\u0117s klausim\u0105 ir m\u0117gin\u0119s dabarties kalba \u012f j\u012f atsakyti. Pasak Tomo Venclovos, jis \\\"kaip anuomet Simonas Daukantas ir Vincas Kudirka, apibr\u0117\u017eia i\u0161tis\u0105 laikotarp\u012f ir krypt\u012f lietuvi\u0173 kult\u016broje\\\".\",\"breadcrumb\":{\"@id\":\"https:\\\/\\\/skaitytaknyga.lt\\\/produktas\\\/vytautas-kavolis-asmuo-ir-idejos-2\\\/#breadcrumb\"},\"inLanguage\":\"en-GB\",\"potentialAction\":[{\"@type\":\"ReadAction\",\"target\":[\"https:\\\/\\\/skaitytaknyga.lt\\\/produktas\\\/vytautas-kavolis-asmuo-ir-idejos-2\\\/\"]}]},{\"@type\":\"ImageObject\",\"inLanguage\":\"en-GB\",\"@id\":\"https:\\\/\\\/skaitytaknyga.lt\\\/produktas\\\/vytautas-kavolis-asmuo-ir-idejos-2\\\/#primaryimage\",\"url\":\"https:\\\/\\\/skaitytaknyga.lt\\\/wp-content\\\/uploads\\\/2024\\\/05\\\/kavolis-asmuo-idejos.png\",\"contentUrl\":\"https:\\\/\\\/skaitytaknyga.lt\\\/wp-content\\\/uploads\\\/2024\\\/05\\\/kavolis-asmuo-idejos.png\",\"width\":308,\"height\":463},{\"@type\":\"BreadcrumbList\",\"@id\":\"https:\\\/\\\/skaitytaknyga.lt\\\/produktas\\\/vytautas-kavolis-asmuo-ir-idejos-2\\\/#breadcrumb\",\"itemListElement\":[{\"@type\":\"ListItem\",\"position\":1,\"name\":\"Home\",\"item\":\"https:\\\/\\\/skaitytaknyga.lt\\\/\"},{\"@type\":\"ListItem\",\"position\":2,\"name\":\"Parduotuv\u0117\",\"item\":\"https:\\\/\\\/skaitytaknyga.lt\\\/knygu-parduotuve\\\/\"},{\"@type\":\"ListItem\",\"position\":3,\"name\":\"Vytautas Kavolis. Asmuo ir id\u0117jos\"}]},{\"@type\":\"WebSite\",\"@id\":\"https:\\\/\\\/skaitytaknyga.lt\\\/#website\",\"url\":\"https:\\\/\\\/skaitytaknyga.lt\\\/\",\"name\":\"skaitytaknyga.lt\",\"description\":\"Skaitytaknyga.lt \u2013 tai ma\u017eas \u0161eimos verslas, kuris prasid\u0117jo nuo meil\u0117s knygoms ir siekio i\u0161gelb\u0117ti knygas nuo likimo prie konteinerio. Kas vienam nereikalingas daiktas \u2013 kitam lobis, o mes esame tarpininkai, kurie padeda abiems tapti laimingesniems ???? \u017dinome kaip nelengva i\u0161gyventi ma\u017eiems verslams, tad nuo \u0161iol, \u010dia rasite ir kit\u0173, ma\u017e\u0173 \u0161eim\u0173 versl\u0173, rank\u0173 darbo, dovan\u0173 sau ir artimiesiems.\",\"publisher\":{\"@id\":\"https:\\\/\\\/skaitytaknyga.lt\\\/#organization\"},\"potentialAction\":[{\"@type\":\"SearchAction\",\"target\":{\"@type\":\"EntryPoint\",\"urlTemplate\":\"https:\\\/\\\/skaitytaknyga.lt\\\/?s={search_term_string}\"},\"query-input\":{\"@type\":\"PropertyValueSpecification\",\"valueRequired\":true,\"valueName\":\"search_term_string\"}}],\"inLanguage\":\"en-GB\"},{\"@type\":\"Organization\",\"@id\":\"https:\\\/\\\/skaitytaknyga.lt\\\/#organization\",\"name\":\"skaitytaknyga.lt\",\"url\":\"https:\\\/\\\/skaitytaknyga.lt\\\/\",\"logo\":{\"@type\":\"ImageObject\",\"inLanguage\":\"en-GB\",\"@id\":\"https:\\\/\\\/skaitytaknyga.lt\\\/#\\\/schema\\\/logo\\\/image\\\/\",\"url\":\"https:\\\/\\\/skaitytaknyga.lt\\\/wp-content\\\/uploads\\\/2024\\\/05\\\/cropped-cropped-cropped-02_00843_jt3bggkj1j3HLc7SyY6rEUpg.jpeg\",\"contentUrl\":\"https:\\\/\\\/skaitytaknyga.lt\\\/wp-content\\\/uploads\\\/2024\\\/05\\\/cropped-cropped-cropped-02_00843_jt3bggkj1j3HLc7SyY6rEUpg.jpeg\",\"width\":1600,\"height\":1600,\"caption\":\"skaitytaknyga.lt\"},\"image\":{\"@id\":\"https:\\\/\\\/skaitytaknyga.lt\\\/#\\\/schema\\\/logo\\\/image\\\/\"},\"sameAs\":[\"https:\\\/\\\/www.facebook.com\\\/skaitytaknyga\\\/\"]}]}<\/script>\n<!-- \/ Yoast SEO plugin. -->","yoast_head_json":{"title":"Vytautas Kavolis. Asmuo ir id\u0117jos - Skaitytaknyga","description":"Vytauto Kavolio asmuo, jo intelektualin\u0117 veikla siejo ir tebesieja \u012fvairi\u0173 kult\u016brini\u0173 patir\u010di\u0173, \u012fvairi\u0173 kart\u0173 mokslo bei kult\u016bros \u017emones. \u0160i knyga - toki\u0173 jung\u010di\u0173 liudytoja. (\u2026). Ji sud\u0117ta i\u0161 tekst\u0173, kuriuos, sudarytoj\u0173 paraginti, atsiunt\u0117 Vytauto Kavolio kolegos ir bi\u010diuliai. Knygos pabaigoje - jo darb\u0173 bibliografija. Toks tekst\u0173 rinkinys - galimas \u012fvadas \u012f nuodugnesnes Kavolio studijas. - D.Kuolys \"Vytautas Kavolis (1930-1996) - vienas did\u017eiausi\u0173 nepriklausom\u0173 lietuvi\u0173, nuosekliai k\u0117l\u0119s asmens priklausomyb\u0117s klausim\u0105 ir m\u0117gin\u0119s dabarties kalba \u012f j\u012f atsakyti. Pasak Tomo Venclovos, jis \"kaip anuomet Simonas Daukantas ir Vincas Kudirka, apibr\u0117\u017eia i\u0161tis\u0105 laikotarp\u012f ir krypt\u012f lietuvi\u0173 kult\u016broje\".","robots":{"index":"index","follow":"follow","max-snippet":"max-snippet:-1","max-image-preview":"max-image-preview:large","max-video-preview":"max-video-preview:-1"},"canonical":"https:\/\/skaitytaknyga.lt\/en\/produktas\/vytautas-kavolis-asmuo-ir-idejos-2\/","og_locale":"en_GB","og_type":"article","og_title":"Vytautas Kavolis. Asmuo ir id\u0117jos - Skaitytaknyga","og_description":"Vytauto Kavolio asmuo, jo intelektualin\u0117 veikla siejo ir tebesieja \u012fvairi\u0173 kult\u016brini\u0173 patir\u010di\u0173, \u012fvairi\u0173 kart\u0173 mokslo bei kult\u016bros \u017emones. \u0160i knyga - toki\u0173 jung\u010di\u0173 liudytoja. (\u2026). Ji sud\u0117ta i\u0161 tekst\u0173, kuriuos, sudarytoj\u0173 paraginti, atsiunt\u0117 Vytauto Kavolio kolegos ir bi\u010diuliai. Knygos pabaigoje - jo darb\u0173 bibliografija. Toks tekst\u0173 rinkinys - galimas \u012fvadas \u012f nuodugnesnes Kavolio studijas. - D.Kuolys \"Vytautas Kavolis (1930-1996) - vienas did\u017eiausi\u0173 nepriklausom\u0173 lietuvi\u0173, nuosekliai k\u0117l\u0119s asmens priklausomyb\u0117s klausim\u0105 ir m\u0117gin\u0119s dabarties kalba \u012f j\u012f atsakyti. Pasak Tomo Venclovos, jis \"kaip anuomet Simonas Daukantas ir Vincas Kudirka, apibr\u0117\u017eia i\u0161tis\u0105 laikotarp\u012f ir krypt\u012f lietuvi\u0173 kult\u016broje\".","og_url":"https:\/\/skaitytaknyga.lt\/en\/produktas\/vytautas-kavolis-asmuo-ir-idejos-2\/","og_site_name":"Skaitytaknyga","article_publisher":"https:\/\/www.facebook.com\/skaitytaknyga\/","article_modified_time":"2024-05-04T15:01:45+00:00","og_image":[{"width":308,"height":463,"url":"https:\/\/skaitytaknyga.lt\/wp-content\/uploads\/2024\/05\/kavolis-asmuo-idejos.png","type":"image\/png"}],"twitter_card":"summary_large_image","twitter_misc":{"Estimated reading time":"1 minute"},"schema":{"@context":"https:\/\/schema.org","@graph":[{"@type":"WebPage","@id":"https:\/\/skaitytaknyga.lt\/produktas\/vytautas-kavolis-asmuo-ir-idejos-2\/","url":"https:\/\/skaitytaknyga.lt\/produktas\/vytautas-kavolis-asmuo-ir-idejos-2\/","name":"Vytautas Kavolis. Asmuo ir id\u0117jos - Skaitytaknyga","isPartOf":{"@id":"https:\/\/skaitytaknyga.lt\/#website"},"primaryImageOfPage":{"@id":"https:\/\/skaitytaknyga.lt\/produktas\/vytautas-kavolis-asmuo-ir-idejos-2\/#primaryimage"},"image":{"@id":"https:\/\/skaitytaknyga.lt\/produktas\/vytautas-kavolis-asmuo-ir-idejos-2\/#primaryimage"},"thumbnailUrl":"https:\/\/skaitytaknyga.lt\/wp-content\/uploads\/2024\/05\/kavolis-asmuo-idejos.png","datePublished":"2024-05-04T15:01:30+00:00","dateModified":"2024-05-04T15:01:45+00:00","description":"Vytauto Kavolio asmuo, jo intelektualin\u0117 veikla siejo ir tebesieja \u012fvairi\u0173 kult\u016brini\u0173 patir\u010di\u0173, \u012fvairi\u0173 kart\u0173 mokslo bei kult\u016bros \u017emones. \u0160i knyga - toki\u0173 jung\u010di\u0173 liudytoja. (\u2026). Ji sud\u0117ta i\u0161 tekst\u0173, kuriuos, sudarytoj\u0173 paraginti, atsiunt\u0117 Vytauto Kavolio kolegos ir bi\u010diuliai. Knygos pabaigoje - jo darb\u0173 bibliografija. Toks tekst\u0173 rinkinys - galimas \u012fvadas \u012f nuodugnesnes Kavolio studijas. - D.Kuolys \"Vytautas Kavolis (1930-1996) - vienas did\u017eiausi\u0173 nepriklausom\u0173 lietuvi\u0173, nuosekliai k\u0117l\u0119s asmens priklausomyb\u0117s klausim\u0105 ir m\u0117gin\u0119s dabarties kalba \u012f j\u012f atsakyti. Pasak Tomo Venclovos, jis \"kaip anuomet Simonas Daukantas ir Vincas Kudirka, apibr\u0117\u017eia i\u0161tis\u0105 laikotarp\u012f ir krypt\u012f lietuvi\u0173 kult\u016broje\".","breadcrumb":{"@id":"https:\/\/skaitytaknyga.lt\/produktas\/vytautas-kavolis-asmuo-ir-idejos-2\/#breadcrumb"},"inLanguage":"en-GB","potentialAction":[{"@type":"ReadAction","target":["https:\/\/skaitytaknyga.lt\/produktas\/vytautas-kavolis-asmuo-ir-idejos-2\/"]}]},{"@type":"ImageObject","inLanguage":"en-GB","@id":"https:\/\/skaitytaknyga.lt\/produktas\/vytautas-kavolis-asmuo-ir-idejos-2\/#primaryimage","url":"https:\/\/skaitytaknyga.lt\/wp-content\/uploads\/2024\/05\/kavolis-asmuo-idejos.png","contentUrl":"https:\/\/skaitytaknyga.lt\/wp-content\/uploads\/2024\/05\/kavolis-asmuo-idejos.png","width":308,"height":463},{"@type":"BreadcrumbList","@id":"https:\/\/skaitytaknyga.lt\/produktas\/vytautas-kavolis-asmuo-ir-idejos-2\/#breadcrumb","itemListElement":[{"@type":"ListItem","position":1,"name":"Home","item":"https:\/\/skaitytaknyga.lt\/"},{"@type":"ListItem","position":2,"name":"Parduotuv\u0117","item":"https:\/\/skaitytaknyga.lt\/knygu-parduotuve\/"},{"@type":"ListItem","position":3,"name":"Vytautas Kavolis. Asmuo ir id\u0117jos"}]},{"@type":"WebSite","@id":"https:\/\/skaitytaknyga.lt\/#website","url":"https:\/\/skaitytaknyga.lt\/","name":"skaitytaknyga.lt","description":"Skaitytaknyga.lt \u2013 tai ma\u017eas \u0161eimos verslas, kuris prasid\u0117jo nuo meil\u0117s knygoms ir siekio i\u0161gelb\u0117ti knygas nuo likimo prie konteinerio. Kas vienam nereikalingas daiktas \u2013 kitam lobis, o mes esame tarpininkai, kurie padeda abiems tapti laimingesniems ???? \u017dinome kaip nelengva i\u0161gyventi ma\u017eiems verslams, tad nuo \u0161iol, \u010dia rasite ir kit\u0173, ma\u017e\u0173 \u0161eim\u0173 versl\u0173, rank\u0173 darbo, dovan\u0173 sau ir artimiesiems.","publisher":{"@id":"https:\/\/skaitytaknyga.lt\/#organization"},"potentialAction":[{"@type":"SearchAction","target":{"@type":"EntryPoint","urlTemplate":"https:\/\/skaitytaknyga.lt\/?s={search_term_string}"},"query-input":{"@type":"PropertyValueSpecification","valueRequired":true,"valueName":"search_term_string"}}],"inLanguage":"en-GB"},{"@type":"Organization","@id":"https:\/\/skaitytaknyga.lt\/#organization","name":"skaitytaknyga.lt","url":"https:\/\/skaitytaknyga.lt\/","logo":{"@type":"ImageObject","inLanguage":"en-GB","@id":"https:\/\/skaitytaknyga.lt\/#\/schema\/logo\/image\/","url":"https:\/\/skaitytaknyga.lt\/wp-content\/uploads\/2024\/05\/cropped-cropped-cropped-02_00843_jt3bggkj1j3HLc7SyY6rEUpg.jpeg","contentUrl":"https:\/\/skaitytaknyga.lt\/wp-content\/uploads\/2024\/05\/cropped-cropped-cropped-02_00843_jt3bggkj1j3HLc7SyY6rEUpg.jpeg","width":1600,"height":1600,"caption":"skaitytaknyga.lt"},"image":{"@id":"https:\/\/skaitytaknyga.lt\/#\/schema\/logo\/image\/"},"sameAs":["https:\/\/www.facebook.com\/skaitytaknyga\/"]}]}},"_links":{"self":[{"href":"https:\/\/skaitytaknyga.lt\/en\/wp-json\/wp\/v2\/product\/9353","targetHints":{"allow":["GET"]}}],"collection":[{"href":"https:\/\/skaitytaknyga.lt\/en\/wp-json\/wp\/v2\/product"}],"about":[{"href":"https:\/\/skaitytaknyga.lt\/en\/wp-json\/wp\/v2\/types\/product"}],"replies":[{"embeddable":true,"href":"https:\/\/skaitytaknyga.lt\/en\/wp-json\/wp\/v2\/comments?post=9353"}],"wp:featuredmedia":[{"embeddable":true,"href":"https:\/\/skaitytaknyga.lt\/en\/wp-json\/wp\/v2\/media\/6667"}],"wp:attachment":[{"href":"https:\/\/skaitytaknyga.lt\/en\/wp-json\/wp\/v2\/media?parent=9353"}],"wp:term":[{"taxonomy":"product_brand","embeddable":true,"href":"https:\/\/skaitytaknyga.lt\/en\/wp-json\/wp\/v2\/product_brand?post=9353"},{"taxonomy":"product_cat","embeddable":true,"href":"https:\/\/skaitytaknyga.lt\/en\/wp-json\/wp\/v2\/product_cat?post=9353"},{"taxonomy":"product_tag","embeddable":true,"href":"https:\/\/skaitytaknyga.lt\/en\/wp-json\/wp\/v2\/product_tag?post=9353"}],"curies":[{"name":"wp","href":"https:\/\/api.w.org\/{rel}","templated":true}]}}