{"id":9342,"date":"2024-05-04T15:01:30","date_gmt":"2024-05-04T15:01:30","guid":{"rendered":"https:\/\/skaitytaknyga.lt\/?post_type=product&#038;p=9342"},"modified":"2026-03-18T15:00:00","modified_gmt":"2026-03-18T13:00:00","slug":"lietuvos-didzioji-kunigaikstyste-istorijos-bruozai-2","status":"publish","type":"product","link":"https:\/\/skaitytaknyga.lt\/en\/produktas\/lietuvos-didzioji-kunigaikstyste-istorijos-bruozai-2\/","title":{"rendered":"Lietuvos Did\u017eioji Kunigaik\u0161tyst\u0117. Istorijos bruo\u017eai"},"content":{"rendered":"<div class=\"book-descript-wrapper\">\n<section class=\"product-descript more-content-wrapper\">\n<div class=\"\">\n<div>\n<p>Ilgame\u010dio Vilniaus universiteto Istorijos fakulteto profesoriaus, habilituoto humanitarini\u0173 moksl\u0173 daktaro Me\u010dislovo Ju\u010do studijoje\u00a0<strong>&#8220;Lietuvos Did\u017eioji Kunigaik\u0161tyst\u0117. Istorijos bruo\u017eai&#8221;<\/strong>\u00a0aptariami svarbiausi Lietuvos Did\u017eiosios Kunigaik\u0161tyst\u0117s istorijos bruo\u017eai. Lietuvos valstyb\u0117 gyn\u0117 taut\u0105 nuo u\u017esienio prie\u0161\u0173, formavo teisines ir administracines strukt\u016bras, saugojo daugumos i\u0161pa\u017eint\u0105 Romos katalik\u0173 tik\u0117jim\u0105, globojo \u016bk\u012f ir kult\u016br\u0105, buvo lietuvi\u0173 tautos namai. Svarbiausias \u0161ios knygos u\u017edavinys &#8211; parodyti, kaip atsirado senoji Lietuvos valstyb\u0117, kaip ji suklest\u0117jo, v\u0117liau menko, nyko ir svetim\u0173 j\u0117g\u0173 buvo naikinta.<\/p>\n<p>Knyga &#8220;Lietuvos Did\u017eioji Kunigaik\u0161tyst\u0117. Istorijos bruo\u017eai&#8221; parengta remiantis profesoriaus paskaitomis, skaitytomis Vilniaus universitete, atsi\u017evelgta \u012f pastar\u0173j\u0173 met\u0173 tyrin\u0117jimus, \u012f daugel\u012f klausim\u0173 m\u0117ginta pa\u017evelgti naujai, originaliai. Daugiausia d\u0117mesio skirta valstybingumo raidos aspektams.<\/p>\n<\/div>\n<\/div>\n<\/section>\n<\/div>\n","protected":false},"excerpt":{"rendered":"<div class=\"book-descript-wrapper\">\n<section class=\"product-descript more-content-wrapper\">\n<div class=\"\">\n<div>\n<p>Ilgame\u010dio Vilniaus universiteto Istorijos fakulteto profesoriaus, habilituoto humanitarini\u0173 moksl\u0173 daktaro Me\u010dislovo Ju\u010do studijoje\u00a0<strong>&#8220;Lietuvos Did\u017eioji Kunigaik\u0161tyst\u0117. Istorijos bruo\u017eai&#8221;<\/strong>\u00a0aptariami svarbiausi Lietuvos Did\u017eiosios Kunigaik\u0161tyst\u0117s istorijos bruo\u017eai. Lietuvos valstyb\u0117 gyn\u0117 taut\u0105 nuo u\u017esienio prie\u0161\u0173, formavo teisines ir administracines strukt\u016bras, saugojo daugumos i\u0161pa\u017eint\u0105 Romos katalik\u0173 tik\u0117jim\u0105, globojo \u016bk\u012f ir kult\u016br\u0105, buvo lietuvi\u0173 tautos namai. Svarbiausias \u0161ios knygos u\u017edavinys &#8211; parodyti, kaip atsirado senoji Lietuvos valstyb\u0117, kaip ji suklest\u0117jo, v\u0117liau menko, nyko ir svetim\u0173 j\u0117g\u0173 buvo naikinta.<\/p>\n<p>Knyga &#8220;Lietuvos Did\u017eioji Kunigaik\u0161tyst\u0117. Istorijos bruo\u017eai&#8221; parengta remiantis profesoriaus paskaitomis, skaitytomis Vilniaus universitete, atsi\u017evelgta \u012f pastar\u0173j\u0173 met\u0173 tyrin\u0117jimus, \u012f daugel\u012f klausim\u0173 m\u0117ginta pa\u017evelgti naujai, originaliai. Daugiausia d\u0117mesio skirta valstybingumo raidos aspektams.<\/p>\n<\/div>\n<\/div>\n<\/section>\n<\/div>\n","protected":false},"featured_media":6639,"comment_status":"closed","ping_status":"closed","template":"","meta":{"_acf_changed":false,"site-sidebar-layout":"default","site-content-layout":"","ast-site-content-layout":"default","site-content-style":"default","site-sidebar-style":"default","ast-global-header-display":"","ast-banner-title-visibility":"","ast-main-header-display":"","ast-hfb-above-header-display":"","ast-hfb-below-header-display":"","ast-hfb-mobile-header-display":"","site-post-title":"","ast-breadcrumbs-content":"","ast-featured-img":"","footer-sml-layout":"","ast-disable-related-posts":"","theme-transparent-header-meta":"","adv-header-id-meta":"","stick-header-meta":"","header-above-stick-meta":"","header-main-stick-meta":"","header-below-stick-meta":"","astra-migrate-meta-layouts":"default","ast-page-background-enabled":"default","ast-page-background-meta":{"desktop":{"background-color":"","background-image":"","background-repeat":"repeat","background-position":"center center","background-size":"auto","background-attachment":"scroll","background-type":"","background-media":"","overlay-type":"","overlay-color":"","overlay-opacity":"","overlay-gradient":""},"tablet":{"background-color":"","background-image":"","background-repeat":"repeat","background-position":"center center","background-size":"auto","background-attachment":"scroll","background-type":"","background-media":"","overlay-type":"","overlay-color":"","overlay-opacity":"","overlay-gradient":""},"mobile":{"background-color":"","background-image":"","background-repeat":"repeat","background-position":"center center","background-size":"auto","background-attachment":"scroll","background-type":"","background-media":"","overlay-type":"","overlay-color":"","overlay-opacity":"","overlay-gradient":""}},"ast-content-background-meta":{"desktop":{"background-color":"var(--ast-global-color-4)","background-image":"","background-repeat":"repeat","background-position":"center center","background-size":"auto","background-attachment":"scroll","background-type":"","background-media":"","overlay-type":"","overlay-color":"","overlay-opacity":"","overlay-gradient":""},"tablet":{"background-color":"var(--ast-global-color-4)","background-image":"","background-repeat":"repeat","background-position":"center center","background-size":"auto","background-attachment":"scroll","background-type":"","background-media":"","overlay-type":"","overlay-color":"","overlay-opacity":"","overlay-gradient":""},"mobile":{"background-color":"var(--ast-global-color-4)","background-image":"","background-repeat":"repeat","background-position":"center center","background-size":"auto","background-attachment":"scroll","background-type":"","background-media":"","overlay-type":"","overlay-color":"","overlay-opacity":"","overlay-gradient":""}}},"product_brand":[],"product_cat":[174,9862],"product_tag":[],"class_list":{"0":"post-9342","1":"product","2":"type-product","3":"status-publish","4":"has-post-thumbnail","6":"product_cat-istorija-ir-politologija","7":"product_cat-lietuvos-istorija","8":"desktop-align-left","9":"tablet-align-left","10":"mobile-align-left","12":"first","13":"outofstock","14":"shipping-taxable","15":"purchasable","16":"product-type-simple"},"acf":[],"yoast_head":"<!-- This site is optimized with the Yoast SEO plugin v27.4 - https:\/\/yoast.com\/product\/yoast-seo-wordpress\/ -->\n<title>Lietuvos Did\u017eioji Kunigaik\u0161tyst\u0117. Istorijos bruo\u017eai<\/title>\n<meta name=\"description\" content=\"Ilgame\u010dio Vilniaus universiteto Istorijos fakulteto profesoriaus, habilituoto humanitarini\u0173 moksl\u0173 daktaro Me\u010dislovo Ju\u010do studijoje\u00a0&quot;Lietuvos Did\u017eioji Kunigaik\u0161tyst\u0117. Istorijos bruo\u017eai&quot;\u00a0aptariami svarbiausi Lietuvos Did\u017eiosios Kunigaik\u0161tyst\u0117s istorijos bruo\u017eai. Lietuvos valstyb\u0117 gyn\u0117 taut\u0105 nuo u\u017esienio prie\u0161\u0173, formavo teisines ir administracines strukt\u016bras, saugojo daugumos i\u0161pa\u017eint\u0105 Romos katalik\u0173 tik\u0117jim\u0105, globojo \u016bk\u012f ir kult\u016br\u0105, buvo lietuvi\u0173 tautos namai. Svarbiausias \u0161ios knygos u\u017edavinys - parodyti, kaip atsirado senoji Lietuvos valstyb\u0117, kaip ji suklest\u0117jo, v\u0117liau menko, nyko ir svetim\u0173 j\u0117g\u0173 buvo naikinta.  Knyga &quot;Lietuvos Did\u017eioji Kunigaik\u0161tyst\u0117. Istorijos bruo\u017eai&quot; parengta remiantis profesoriaus paskaitomis, skaitytomis Vilniaus universitete, atsi\u017evelgta \u012f pastar\u0173j\u0173 met\u0173 tyrin\u0117jimus, \u012f daugel\u012f klausim\u0173 m\u0117ginta pa\u017evelgti naujai, originaliai. Daugiausia d\u0117mesio skirta valstybingumo raidos aspektams.\" \/>\n<meta name=\"robots\" content=\"index, follow, max-snippet:-1, max-image-preview:large, max-video-preview:-1\" \/>\n<link rel=\"canonical\" href=\"https:\/\/skaitytaknyga.lt\/en\/produktas\/lietuvos-didzioji-kunigaikstyste-istorijos-bruozai-2\/\" \/>\n<meta property=\"og:locale\" content=\"en_GB\" \/>\n<meta property=\"og:locale:alternate\" content=\"lt_LT\" \/>\n<meta property=\"og:type\" content=\"article\" \/>\n<meta property=\"og:title\" content=\"Lietuvos Did\u017eioji Kunigaik\u0161tyst\u0117. Istorijos bruo\u017eai\" \/>\n<meta property=\"og:description\" content=\"Ilgame\u010dio Vilniaus universiteto Istorijos fakulteto profesoriaus, habilituoto humanitarini\u0173 moksl\u0173 daktaro Me\u010dislovo Ju\u010do studijoje\u00a0&quot;Lietuvos Did\u017eioji Kunigaik\u0161tyst\u0117. Istorijos bruo\u017eai&quot;\u00a0aptariami svarbiausi Lietuvos Did\u017eiosios Kunigaik\u0161tyst\u0117s istorijos bruo\u017eai. Lietuvos valstyb\u0117 gyn\u0117 taut\u0105 nuo u\u017esienio prie\u0161\u0173, formavo teisines ir administracines strukt\u016bras, saugojo daugumos i\u0161pa\u017eint\u0105 Romos katalik\u0173 tik\u0117jim\u0105, globojo \u016bk\u012f ir kult\u016br\u0105, buvo lietuvi\u0173 tautos namai. Svarbiausias \u0161ios knygos u\u017edavinys - parodyti, kaip atsirado senoji Lietuvos valstyb\u0117, kaip ji suklest\u0117jo, v\u0117liau menko, nyko ir svetim\u0173 j\u0117g\u0173 buvo naikinta.  Knyga &quot;Lietuvos Did\u017eioji Kunigaik\u0161tyst\u0117. Istorijos bruo\u017eai&quot; parengta remiantis profesoriaus paskaitomis, skaitytomis Vilniaus universitete, atsi\u017evelgta \u012f pastar\u0173j\u0173 met\u0173 tyrin\u0117jimus, \u012f daugel\u012f klausim\u0173 m\u0117ginta pa\u017evelgti naujai, originaliai. Daugiausia d\u0117mesio skirta valstybingumo raidos aspektams.\" \/>\n<meta property=\"og:url\" content=\"https:\/\/skaitytaknyga.lt\/en\/produktas\/lietuvos-didzioji-kunigaikstyste-istorijos-bruozai-2\/\" \/>\n<meta property=\"og:site_name\" content=\"Skaitytaknyga\" \/>\n<meta property=\"article:publisher\" content=\"https:\/\/www.facebook.com\/skaitytaknyga\/\" \/>\n<meta property=\"article:modified_time\" content=\"2026-03-18T13:00:00+00:00\" \/>\n<meta property=\"og:image\" content=\"https:\/\/skaitytaknyga.lt\/wp-content\/uploads\/2024\/05\/mjucasldkvirselis.jpg\" \/>\n\t<meta property=\"og:image:width\" content=\"318\" \/>\n\t<meta property=\"og:image:height\" content=\"450\" \/>\n\t<meta property=\"og:image:type\" content=\"image\/jpeg\" \/>\n<meta name=\"twitter:card\" content=\"summary_large_image\" \/>\n<meta name=\"twitter:label1\" content=\"Estimated reading time\" \/>\n\t<meta name=\"twitter:data1\" content=\"1 minute\" \/>\n<script type=\"application\/ld+json\" class=\"yoast-schema-graph\">{\"@context\":\"https:\\\/\\\/schema.org\",\"@graph\":[{\"@type\":\"WebPage\",\"@id\":\"https:\\\/\\\/skaitytaknyga.lt\\\/produktas\\\/lietuvos-didzioji-kunigaikstyste-istorijos-bruozai-2\\\/\",\"url\":\"https:\\\/\\\/skaitytaknyga.lt\\\/produktas\\\/lietuvos-didzioji-kunigaikstyste-istorijos-bruozai-2\\\/\",\"name\":\"Lietuvos Did\u017eioji Kunigaik\u0161tyst\u0117. Istorijos bruo\u017eai\",\"isPartOf\":{\"@id\":\"https:\\\/\\\/skaitytaknyga.lt\\\/#website\"},\"primaryImageOfPage\":{\"@id\":\"https:\\\/\\\/skaitytaknyga.lt\\\/produktas\\\/lietuvos-didzioji-kunigaikstyste-istorijos-bruozai-2\\\/#primaryimage\"},\"image\":{\"@id\":\"https:\\\/\\\/skaitytaknyga.lt\\\/produktas\\\/lietuvos-didzioji-kunigaikstyste-istorijos-bruozai-2\\\/#primaryimage\"},\"thumbnailUrl\":\"https:\\\/\\\/skaitytaknyga.lt\\\/wp-content\\\/uploads\\\/2024\\\/05\\\/mjucasldkvirselis.jpg\",\"datePublished\":\"2024-05-04T15:01:30+00:00\",\"dateModified\":\"2026-03-18T13:00:00+00:00\",\"description\":\"Ilgame\u010dio Vilniaus universiteto Istorijos fakulteto profesoriaus, habilituoto humanitarini\u0173 moksl\u0173 daktaro Me\u010dislovo Ju\u010do studijoje\u00a0\\\"Lietuvos Did\u017eioji Kunigaik\u0161tyst\u0117. Istorijos bruo\u017eai\\\"\u00a0aptariami svarbiausi Lietuvos Did\u017eiosios Kunigaik\u0161tyst\u0117s istorijos bruo\u017eai. Lietuvos valstyb\u0117 gyn\u0117 taut\u0105 nuo u\u017esienio prie\u0161\u0173, formavo teisines ir administracines strukt\u016bras, saugojo daugumos i\u0161pa\u017eint\u0105 Romos katalik\u0173 tik\u0117jim\u0105, globojo \u016bk\u012f ir kult\u016br\u0105, buvo lietuvi\u0173 tautos namai. Svarbiausias \u0161ios knygos u\u017edavinys - parodyti, kaip atsirado senoji Lietuvos valstyb\u0117, kaip ji suklest\u0117jo, v\u0117liau menko, nyko ir svetim\u0173 j\u0117g\u0173 buvo naikinta. Knyga \\\"Lietuvos Did\u017eioji Kunigaik\u0161tyst\u0117. Istorijos bruo\u017eai\\\" parengta remiantis profesoriaus paskaitomis, skaitytomis Vilniaus universitete, atsi\u017evelgta \u012f pastar\u0173j\u0173 met\u0173 tyrin\u0117jimus, \u012f daugel\u012f klausim\u0173 m\u0117ginta pa\u017evelgti naujai, originaliai. Daugiausia d\u0117mesio skirta valstybingumo raidos aspektams.\",\"breadcrumb\":{\"@id\":\"https:\\\/\\\/skaitytaknyga.lt\\\/produktas\\\/lietuvos-didzioji-kunigaikstyste-istorijos-bruozai-2\\\/#breadcrumb\"},\"inLanguage\":\"en-GB\",\"potentialAction\":[{\"@type\":\"ReadAction\",\"target\":[\"https:\\\/\\\/skaitytaknyga.lt\\\/produktas\\\/lietuvos-didzioji-kunigaikstyste-istorijos-bruozai-2\\\/\"]}]},{\"@type\":\"ImageObject\",\"inLanguage\":\"en-GB\",\"@id\":\"https:\\\/\\\/skaitytaknyga.lt\\\/produktas\\\/lietuvos-didzioji-kunigaikstyste-istorijos-bruozai-2\\\/#primaryimage\",\"url\":\"https:\\\/\\\/skaitytaknyga.lt\\\/wp-content\\\/uploads\\\/2024\\\/05\\\/mjucasldkvirselis.jpg\",\"contentUrl\":\"https:\\\/\\\/skaitytaknyga.lt\\\/wp-content\\\/uploads\\\/2024\\\/05\\\/mjucasldkvirselis.jpg\",\"width\":318,\"height\":450},{\"@type\":\"BreadcrumbList\",\"@id\":\"https:\\\/\\\/skaitytaknyga.lt\\\/produktas\\\/lietuvos-didzioji-kunigaikstyste-istorijos-bruozai-2\\\/#breadcrumb\",\"itemListElement\":[{\"@type\":\"ListItem\",\"position\":1,\"name\":\"Home\",\"item\":\"https:\\\/\\\/skaitytaknyga.lt\\\/\"},{\"@type\":\"ListItem\",\"position\":2,\"name\":\"Parduotuv\u0117\",\"item\":\"https:\\\/\\\/skaitytaknyga.lt\\\/knygu-parduotuve\\\/\"},{\"@type\":\"ListItem\",\"position\":3,\"name\":\"Lietuvos Did\u017eioji Kunigaik\u0161tyst\u0117. Istorijos bruo\u017eai\"}]},{\"@type\":\"WebSite\",\"@id\":\"https:\\\/\\\/skaitytaknyga.lt\\\/#website\",\"url\":\"https:\\\/\\\/skaitytaknyga.lt\\\/\",\"name\":\"skaitytaknyga.lt\",\"description\":\"Skaitytaknyga.lt \u2013 tai ma\u017eas \u0161eimos verslas, kuris prasid\u0117jo nuo meil\u0117s knygoms ir siekio i\u0161gelb\u0117ti knygas nuo likimo prie konteinerio. Kas vienam nereikalingas daiktas \u2013 kitam lobis, o mes esame tarpininkai, kurie padeda abiems tapti laimingesniems ???? \u017dinome kaip nelengva i\u0161gyventi ma\u017eiems verslams, tad nuo \u0161iol, \u010dia rasite ir kit\u0173, ma\u017e\u0173 \u0161eim\u0173 versl\u0173, rank\u0173 darbo, dovan\u0173 sau ir artimiesiems.\",\"publisher\":{\"@id\":\"https:\\\/\\\/skaitytaknyga.lt\\\/#organization\"},\"potentialAction\":[{\"@type\":\"SearchAction\",\"target\":{\"@type\":\"EntryPoint\",\"urlTemplate\":\"https:\\\/\\\/skaitytaknyga.lt\\\/?s={search_term_string}\"},\"query-input\":{\"@type\":\"PropertyValueSpecification\",\"valueRequired\":true,\"valueName\":\"search_term_string\"}}],\"inLanguage\":\"en-GB\"},{\"@type\":\"Organization\",\"@id\":\"https:\\\/\\\/skaitytaknyga.lt\\\/#organization\",\"name\":\"skaitytaknyga.lt\",\"url\":\"https:\\\/\\\/skaitytaknyga.lt\\\/\",\"logo\":{\"@type\":\"ImageObject\",\"inLanguage\":\"en-GB\",\"@id\":\"https:\\\/\\\/skaitytaknyga.lt\\\/#\\\/schema\\\/logo\\\/image\\\/\",\"url\":\"https:\\\/\\\/skaitytaknyga.lt\\\/wp-content\\\/uploads\\\/2024\\\/05\\\/cropped-cropped-cropped-02_00843_jt3bggkj1j3HLc7SyY6rEUpg.jpeg\",\"contentUrl\":\"https:\\\/\\\/skaitytaknyga.lt\\\/wp-content\\\/uploads\\\/2024\\\/05\\\/cropped-cropped-cropped-02_00843_jt3bggkj1j3HLc7SyY6rEUpg.jpeg\",\"width\":1600,\"height\":1600,\"caption\":\"skaitytaknyga.lt\"},\"image\":{\"@id\":\"https:\\\/\\\/skaitytaknyga.lt\\\/#\\\/schema\\\/logo\\\/image\\\/\"},\"sameAs\":[\"https:\\\/\\\/www.facebook.com\\\/skaitytaknyga\\\/\"]}]}<\/script>\n<!-- \/ Yoast SEO plugin. -->","yoast_head_json":{"title":"Lietuvos Did\u017eioji Kunigaik\u0161tyst\u0117. Istorijos bruo\u017eai","description":"Ilgame\u010dio Vilniaus universiteto Istorijos fakulteto profesoriaus, habilituoto humanitarini\u0173 moksl\u0173 daktaro Me\u010dislovo Ju\u010do studijoje\u00a0\"Lietuvos Did\u017eioji Kunigaik\u0161tyst\u0117. Istorijos bruo\u017eai\"\u00a0aptariami svarbiausi Lietuvos Did\u017eiosios Kunigaik\u0161tyst\u0117s istorijos bruo\u017eai. Lietuvos valstyb\u0117 gyn\u0117 taut\u0105 nuo u\u017esienio prie\u0161\u0173, formavo teisines ir administracines strukt\u016bras, saugojo daugumos i\u0161pa\u017eint\u0105 Romos katalik\u0173 tik\u0117jim\u0105, globojo \u016bk\u012f ir kult\u016br\u0105, buvo lietuvi\u0173 tautos namai. Svarbiausias \u0161ios knygos u\u017edavinys - parodyti, kaip atsirado senoji Lietuvos valstyb\u0117, kaip ji suklest\u0117jo, v\u0117liau menko, nyko ir svetim\u0173 j\u0117g\u0173 buvo naikinta.  Knyga \"Lietuvos Did\u017eioji Kunigaik\u0161tyst\u0117. Istorijos bruo\u017eai\" parengta remiantis profesoriaus paskaitomis, skaitytomis Vilniaus universitete, atsi\u017evelgta \u012f pastar\u0173j\u0173 met\u0173 tyrin\u0117jimus, \u012f daugel\u012f klausim\u0173 m\u0117ginta pa\u017evelgti naujai, originaliai. Daugiausia d\u0117mesio skirta valstybingumo raidos aspektams.","robots":{"index":"index","follow":"follow","max-snippet":"max-snippet:-1","max-image-preview":"max-image-preview:large","max-video-preview":"max-video-preview:-1"},"canonical":"https:\/\/skaitytaknyga.lt\/en\/produktas\/lietuvos-didzioji-kunigaikstyste-istorijos-bruozai-2\/","og_locale":"en_GB","og_type":"article","og_title":"[:lt]Lietuvos Did\u017eioji Kunigaik\u0161tyst\u0117. Istorijos bruo\u017eai[:] - Skaitytaknyga","og_description":"Ilgame\u010dio Vilniaus universiteto Istorijos fakulteto profesoriaus, habilituoto humanitarini\u0173 moksl\u0173 daktaro Me\u010dislovo Ju\u010do studijoje\u00a0\"Lietuvos Did\u017eioji Kunigaik\u0161tyst\u0117. Istorijos bruo\u017eai\"\u00a0aptariami svarbiausi Lietuvos Did\u017eiosios Kunigaik\u0161tyst\u0117s istorijos bruo\u017eai. Lietuvos valstyb\u0117 gyn\u0117 taut\u0105 nuo u\u017esienio prie\u0161\u0173, formavo teisines ir administracines strukt\u016bras, saugojo daugumos i\u0161pa\u017eint\u0105 Romos katalik\u0173 tik\u0117jim\u0105, globojo \u016bk\u012f ir kult\u016br\u0105, buvo lietuvi\u0173 tautos namai. Svarbiausias \u0161ios knygos u\u017edavinys - parodyti, kaip atsirado senoji Lietuvos valstyb\u0117, kaip ji suklest\u0117jo, v\u0117liau menko, nyko ir svetim\u0173 j\u0117g\u0173 buvo naikinta.  Knyga \"Lietuvos Did\u017eioji Kunigaik\u0161tyst\u0117. Istorijos bruo\u017eai\" parengta remiantis profesoriaus paskaitomis, skaitytomis Vilniaus universitete, atsi\u017evelgta \u012f pastar\u0173j\u0173 met\u0173 tyrin\u0117jimus, \u012f daugel\u012f klausim\u0173 m\u0117ginta pa\u017evelgti naujai, originaliai. Daugiausia d\u0117mesio skirta valstybingumo raidos aspektams.","og_url":"https:\/\/skaitytaknyga.lt\/en\/produktas\/lietuvos-didzioji-kunigaikstyste-istorijos-bruozai-2\/","og_site_name":"Skaitytaknyga","article_publisher":"https:\/\/www.facebook.com\/skaitytaknyga\/","article_modified_time":"2026-03-18T13:00:00+00:00","og_image":[{"width":318,"height":450,"url":"https:\/\/skaitytaknyga.lt\/wp-content\/uploads\/2024\/05\/mjucasldkvirselis.jpg","type":"image\/jpeg"}],"twitter_card":"summary_large_image","twitter_misc":{"Estimated reading time":"1 minute"},"schema":{"@context":"https:\/\/schema.org","@graph":[{"@type":"WebPage","@id":"https:\/\/skaitytaknyga.lt\/produktas\/lietuvos-didzioji-kunigaikstyste-istorijos-bruozai-2\/","url":"https:\/\/skaitytaknyga.lt\/produktas\/lietuvos-didzioji-kunigaikstyste-istorijos-bruozai-2\/","name":"Lietuvos Did\u017eioji Kunigaik\u0161tyst\u0117. Istorijos bruo\u017eai","isPartOf":{"@id":"https:\/\/skaitytaknyga.lt\/#website"},"primaryImageOfPage":{"@id":"https:\/\/skaitytaknyga.lt\/produktas\/lietuvos-didzioji-kunigaikstyste-istorijos-bruozai-2\/#primaryimage"},"image":{"@id":"https:\/\/skaitytaknyga.lt\/produktas\/lietuvos-didzioji-kunigaikstyste-istorijos-bruozai-2\/#primaryimage"},"thumbnailUrl":"https:\/\/skaitytaknyga.lt\/wp-content\/uploads\/2024\/05\/mjucasldkvirselis.jpg","datePublished":"2024-05-04T15:01:30+00:00","dateModified":"2026-03-18T13:00:00+00:00","description":"Ilgame\u010dio Vilniaus universiteto Istorijos fakulteto profesoriaus, habilituoto humanitarini\u0173 moksl\u0173 daktaro Me\u010dislovo Ju\u010do studijoje\u00a0\"Lietuvos Did\u017eioji Kunigaik\u0161tyst\u0117. Istorijos bruo\u017eai\"\u00a0aptariami svarbiausi Lietuvos Did\u017eiosios Kunigaik\u0161tyst\u0117s istorijos bruo\u017eai. Lietuvos valstyb\u0117 gyn\u0117 taut\u0105 nuo u\u017esienio prie\u0161\u0173, formavo teisines ir administracines strukt\u016bras, saugojo daugumos i\u0161pa\u017eint\u0105 Romos katalik\u0173 tik\u0117jim\u0105, globojo \u016bk\u012f ir kult\u016br\u0105, buvo lietuvi\u0173 tautos namai. Svarbiausias \u0161ios knygos u\u017edavinys - parodyti, kaip atsirado senoji Lietuvos valstyb\u0117, kaip ji suklest\u0117jo, v\u0117liau menko, nyko ir svetim\u0173 j\u0117g\u0173 buvo naikinta. Knyga \"Lietuvos Did\u017eioji Kunigaik\u0161tyst\u0117. Istorijos bruo\u017eai\" parengta remiantis profesoriaus paskaitomis, skaitytomis Vilniaus universitete, atsi\u017evelgta \u012f pastar\u0173j\u0173 met\u0173 tyrin\u0117jimus, \u012f daugel\u012f klausim\u0173 m\u0117ginta pa\u017evelgti naujai, originaliai. Daugiausia d\u0117mesio skirta valstybingumo raidos aspektams.","breadcrumb":{"@id":"https:\/\/skaitytaknyga.lt\/produktas\/lietuvos-didzioji-kunigaikstyste-istorijos-bruozai-2\/#breadcrumb"},"inLanguage":"en-GB","potentialAction":[{"@type":"ReadAction","target":["https:\/\/skaitytaknyga.lt\/produktas\/lietuvos-didzioji-kunigaikstyste-istorijos-bruozai-2\/"]}]},{"@type":"ImageObject","inLanguage":"en-GB","@id":"https:\/\/skaitytaknyga.lt\/produktas\/lietuvos-didzioji-kunigaikstyste-istorijos-bruozai-2\/#primaryimage","url":"https:\/\/skaitytaknyga.lt\/wp-content\/uploads\/2024\/05\/mjucasldkvirselis.jpg","contentUrl":"https:\/\/skaitytaknyga.lt\/wp-content\/uploads\/2024\/05\/mjucasldkvirselis.jpg","width":318,"height":450},{"@type":"BreadcrumbList","@id":"https:\/\/skaitytaknyga.lt\/produktas\/lietuvos-didzioji-kunigaikstyste-istorijos-bruozai-2\/#breadcrumb","itemListElement":[{"@type":"ListItem","position":1,"name":"Home","item":"https:\/\/skaitytaknyga.lt\/"},{"@type":"ListItem","position":2,"name":"Parduotuv\u0117","item":"https:\/\/skaitytaknyga.lt\/knygu-parduotuve\/"},{"@type":"ListItem","position":3,"name":"Lietuvos Did\u017eioji Kunigaik\u0161tyst\u0117. Istorijos bruo\u017eai"}]},{"@type":"WebSite","@id":"https:\/\/skaitytaknyga.lt\/#website","url":"https:\/\/skaitytaknyga.lt\/","name":"skaitytaknyga.lt","description":"Skaitytaknyga.lt \u2013 tai ma\u017eas \u0161eimos verslas, kuris prasid\u0117jo nuo meil\u0117s knygoms ir siekio i\u0161gelb\u0117ti knygas nuo likimo prie konteinerio. Kas vienam nereikalingas daiktas \u2013 kitam lobis, o mes esame tarpininkai, kurie padeda abiems tapti laimingesniems ???? \u017dinome kaip nelengva i\u0161gyventi ma\u017eiems verslams, tad nuo \u0161iol, \u010dia rasite ir kit\u0173, ma\u017e\u0173 \u0161eim\u0173 versl\u0173, rank\u0173 darbo, dovan\u0173 sau ir artimiesiems.","publisher":{"@id":"https:\/\/skaitytaknyga.lt\/#organization"},"potentialAction":[{"@type":"SearchAction","target":{"@type":"EntryPoint","urlTemplate":"https:\/\/skaitytaknyga.lt\/?s={search_term_string}"},"query-input":{"@type":"PropertyValueSpecification","valueRequired":true,"valueName":"search_term_string"}}],"inLanguage":"en-GB"},{"@type":"Organization","@id":"https:\/\/skaitytaknyga.lt\/#organization","name":"skaitytaknyga.lt","url":"https:\/\/skaitytaknyga.lt\/","logo":{"@type":"ImageObject","inLanguage":"en-GB","@id":"https:\/\/skaitytaknyga.lt\/#\/schema\/logo\/image\/","url":"https:\/\/skaitytaknyga.lt\/wp-content\/uploads\/2024\/05\/cropped-cropped-cropped-02_00843_jt3bggkj1j3HLc7SyY6rEUpg.jpeg","contentUrl":"https:\/\/skaitytaknyga.lt\/wp-content\/uploads\/2024\/05\/cropped-cropped-cropped-02_00843_jt3bggkj1j3HLc7SyY6rEUpg.jpeg","width":1600,"height":1600,"caption":"skaitytaknyga.lt"},"image":{"@id":"https:\/\/skaitytaknyga.lt\/#\/schema\/logo\/image\/"},"sameAs":["https:\/\/www.facebook.com\/skaitytaknyga\/"]}]}},"_links":{"self":[{"href":"https:\/\/skaitytaknyga.lt\/en\/wp-json\/wp\/v2\/product\/9342","targetHints":{"allow":["GET"]}}],"collection":[{"href":"https:\/\/skaitytaknyga.lt\/en\/wp-json\/wp\/v2\/product"}],"about":[{"href":"https:\/\/skaitytaknyga.lt\/en\/wp-json\/wp\/v2\/types\/product"}],"replies":[{"embeddable":true,"href":"https:\/\/skaitytaknyga.lt\/en\/wp-json\/wp\/v2\/comments?post=9342"}],"wp:featuredmedia":[{"embeddable":true,"href":"https:\/\/skaitytaknyga.lt\/en\/wp-json\/wp\/v2\/media\/6639"}],"wp:attachment":[{"href":"https:\/\/skaitytaknyga.lt\/en\/wp-json\/wp\/v2\/media?parent=9342"}],"wp:term":[{"taxonomy":"product_brand","embeddable":true,"href":"https:\/\/skaitytaknyga.lt\/en\/wp-json\/wp\/v2\/product_brand?post=9342"},{"taxonomy":"product_cat","embeddable":true,"href":"https:\/\/skaitytaknyga.lt\/en\/wp-json\/wp\/v2\/product_cat?post=9342"},{"taxonomy":"product_tag","embeddable":true,"href":"https:\/\/skaitytaknyga.lt\/en\/wp-json\/wp\/v2\/product_tag?post=9342"}],"curies":[{"name":"wp","href":"https:\/\/api.w.org\/{rel}","templated":true}]}}