{"id":9332,"date":"2024-05-04T15:01:08","date_gmt":"2024-05-04T15:01:08","guid":{"rendered":"https:\/\/skaitytaknyga.lt\/?post_type=product&#038;p=9332"},"modified":"2026-03-17T12:00:39","modified_gmt":"2026-03-17T10:00:39","slug":"s-kubelka-siandien-madam-pareis-veliau-2","status":"publish","type":"product","link":"https:\/\/skaitytaknyga.lt\/en\/produktas\/s-kubelka-siandien-madam-pareis-veliau-2\/","title":{"rendered":"\u0160iandien madam pareis v\u0117liau"},"content":{"rendered":"<p>Talentinga architekt\u0117 Ticija i\u0161 apniukusio Londono atva\u017eiuoja \u012f savo svajoni\u0173 miest\u0105 Pary\u017ei\u0173. I\u0161tek\u0117jusi u\u017e gra\u017euolio Fausto patenka \u012f auk\u0161tuomen\u0119, praturt\u0117ja, bet&#8230; jos vyras turi meilu\u017e\u0119 ir du vaikus. Net tokia nemaloni \u017einia nepriblo\u0161kia Ticijos. Juk ji gyvena kupiname staigmen\u0173 Pary\u017eiuje&#8230;<\/p>\n<p>\u201e\u0160iandien madam pareis v\u0117liau\u201c puikiai prat\u0119sia erotin\u0119 tem\u0105, kuri\u0105 Susanna Kubelka paliet\u0117 romane \u201eOfelija mokosi plaukti\u201c.<\/p>\n<p><strong>Susanna Kubelka<\/strong>\u00a0nuo 1981-\u0173j\u0173 gyvena ir knygas ra\u0161o Pary\u017eiuje ir Vienoje. Ne vienas jos romanas sulauk\u0117 pasaulin\u0117s s\u0117km\u0117s, o knyga \u201e\u0160iandien madam pareis v\u0117liau\u201c pagr\u012fstai krik\u0161tijama \u201emoters biblija\u201c<\/p>\n","protected":false},"excerpt":{"rendered":"<p>Talentinga architekt\u0117 Ticija i\u0161 apniukusio Londono atva\u017eiuoja \u012f savo svajoni\u0173 miest\u0105 Pary\u017ei\u0173. I\u0161tek\u0117jusi u\u017e gra\u017euolio Fausto patenka \u012f auk\u0161tuomen\u0119, praturt\u0117ja, bet&#8230; jos vyras turi meilu\u017e\u0119 ir du vaikus. Net tokia nemaloni \u017einia nepriblo\u0161kia Ticijos. Juk ji gyvena kupiname staigmen\u0173 Pary\u017eiuje&#8230;<\/p>\n<p>\u201e\u0160iandien madam pareis v\u0117liau\u201c puikiai prat\u0119sia erotin\u0119 tem\u0105, kuri\u0105 Susanna Kubelka paliet\u0117 romane \u201eOfelija mokosi plaukti\u201c.<\/p>\n<p><strong>Susanna Kubelka<\/strong>\u00a0nuo 1981-\u0173j\u0173 gyvena ir knygas ra\u0161o Pary\u017eiuje ir Vienoje. Ne vienas jos romanas sulauk\u0117 pasaulin\u0117s s\u0117km\u0117s, o knyga \u201e\u0160iandien madam pareis v\u0117liau\u201c pagr\u012fstai krik\u0161tijama \u201emoters biblija\u201c<\/p>\n","protected":false},"featured_media":6619,"comment_status":"closed","ping_status":"closed","template":"","meta":{"_acf_changed":false,"site-sidebar-layout":"default","site-content-layout":"","ast-site-content-layout":"default","site-content-style":"default","site-sidebar-style":"default","ast-global-header-display":"","ast-banner-title-visibility":"","ast-main-header-display":"","ast-hfb-above-header-display":"","ast-hfb-below-header-display":"","ast-hfb-mobile-header-display":"","site-post-title":"","ast-breadcrumbs-content":"","ast-featured-img":"","footer-sml-layout":"","ast-disable-related-posts":"","theme-transparent-header-meta":"","adv-header-id-meta":"","stick-header-meta":"","header-above-stick-meta":"","header-main-stick-meta":"","header-below-stick-meta":"","astra-migrate-meta-layouts":"default","ast-page-background-enabled":"default","ast-page-background-meta":{"desktop":{"background-color":"","background-image":"","background-repeat":"repeat","background-position":"center center","background-size":"auto","background-attachment":"scroll","background-type":"","background-media":"","overlay-type":"","overlay-color":"","overlay-opacity":"","overlay-gradient":""},"tablet":{"background-color":"","background-image":"","background-repeat":"repeat","background-position":"center center","background-size":"auto","background-attachment":"scroll","background-type":"","background-media":"","overlay-type":"","overlay-color":"","overlay-opacity":"","overlay-gradient":""},"mobile":{"background-color":"","background-image":"","background-repeat":"repeat","background-position":"center center","background-size":"auto","background-attachment":"scroll","background-type":"","background-media":"","overlay-type":"","overlay-color":"","overlay-opacity":"","overlay-gradient":""}},"ast-content-background-meta":{"desktop":{"background-color":"var(--ast-global-color-4)","background-image":"","background-repeat":"repeat","background-position":"center center","background-size":"auto","background-attachment":"scroll","background-type":"","background-media":"","overlay-type":"","overlay-color":"","overlay-opacity":"","overlay-gradient":""},"tablet":{"background-color":"var(--ast-global-color-4)","background-image":"","background-repeat":"repeat","background-position":"center center","background-size":"auto","background-attachment":"scroll","background-type":"","background-media":"","overlay-type":"","overlay-color":"","overlay-opacity":"","overlay-gradient":""},"mobile":{"background-color":"var(--ast-global-color-4)","background-image":"","background-repeat":"repeat","background-position":"center center","background-size":"auto","background-attachment":"scroll","background-type":"","background-media":"","overlay-type":"","overlay-color":"","overlay-opacity":"","overlay-gradient":""}}},"product_brand":[],"product_cat":[9734],"product_tag":[],"class_list":{"0":"post-9332","1":"product","2":"type-product","3":"status-publish","4":"has-post-thumbnail","6":"product_cat-romanai","7":"desktop-align-left","8":"tablet-align-left","9":"mobile-align-left","11":"first","12":"instock","13":"shipping-taxable","14":"purchasable","15":"product-type-simple"},"acf":[],"yoast_head":"<!-- This site is optimized with the Yoast SEO plugin v27.0 - https:\/\/yoast.com\/product\/yoast-seo-wordpress\/ -->\n<title>\u0160iandien madam pareis v\u0117liau<\/title>\n<meta name=\"description\" content=\"Talentinga architekt\u0117 Ticija i\u0161 apniukusio Londono atva\u017eiuoja \u012f savo svajoni\u0173 miest\u0105 Pary\u017ei\u0173. I\u0161tek\u0117jusi u\u017e gra\u017euolio Fausto patenka \u012f auk\u0161tuomen\u0119, praturt\u0117ja, bet... jos vyras turi meilu\u017e\u0119 ir du vaikus. Net tokia nemaloni \u017einia nepriblo\u0161kia Ticijos. Juk ji gyvena kupiname staigmen\u0173 Pary\u017eiuje...  \u201e\u0160iandien madam pareis v\u0117liau\u201c puikiai prat\u0119sia erotin\u0119 tem\u0105, kuri\u0105 Susanna Kubelka paliet\u0117 romane \u201eOfelija mokosi plaukti\u201c.  Susanna Kubelka\u00a0nuo 1981-\u0173j\u0173 gyvena ir knygas ra\u0161o Pary\u017eiuje ir Vienoje. Ne vienas jos romanas sulauk\u0117 pasaulin\u0117s s\u0117km\u0117s, o knyga \u201e\u0160iandien madam pareis v\u0117liau\u201c pagr\u012fstai krik\u0161tijama \u201emoters biblija\u201c\" \/>\n<meta name=\"robots\" content=\"index, follow, max-snippet:-1, max-image-preview:large, max-video-preview:-1\" \/>\n<link rel=\"canonical\" href=\"https:\/\/skaitytaknyga.lt\/en\/produktas\/s-kubelka-siandien-madam-pareis-veliau-2\/\" \/>\n<meta property=\"og:locale\" content=\"en_GB\" \/>\n<meta property=\"og:locale:alternate\" content=\"lt_LT\" \/>\n<meta property=\"og:type\" content=\"article\" \/>\n<meta property=\"og:title\" content=\"\u0160iandien madam pareis v\u0117liau\" \/>\n<meta property=\"og:description\" content=\"Talentinga architekt\u0117 Ticija i\u0161 apniukusio Londono atva\u017eiuoja \u012f savo svajoni\u0173 miest\u0105 Pary\u017ei\u0173. I\u0161tek\u0117jusi u\u017e gra\u017euolio Fausto patenka \u012f auk\u0161tuomen\u0119, praturt\u0117ja, bet... jos vyras turi meilu\u017e\u0119 ir du vaikus. Net tokia nemaloni \u017einia nepriblo\u0161kia Ticijos. Juk ji gyvena kupiname staigmen\u0173 Pary\u017eiuje...  \u201e\u0160iandien madam pareis v\u0117liau\u201c puikiai prat\u0119sia erotin\u0119 tem\u0105, kuri\u0105 Susanna Kubelka paliet\u0117 romane \u201eOfelija mokosi plaukti\u201c.  Susanna Kubelka\u00a0nuo 1981-\u0173j\u0173 gyvena ir knygas ra\u0161o Pary\u017eiuje ir Vienoje. Ne vienas jos romanas sulauk\u0117 pasaulin\u0117s s\u0117km\u0117s, o knyga \u201e\u0160iandien madam pareis v\u0117liau\u201c pagr\u012fstai krik\u0161tijama \u201emoters biblija\u201c\" \/>\n<meta property=\"og:url\" content=\"https:\/\/skaitytaknyga.lt\/en\/produktas\/s-kubelka-siandien-madam-pareis-veliau-2\/\" \/>\n<meta property=\"og:site_name\" content=\"Skaitytaknyga\" \/>\n<meta property=\"article:publisher\" content=\"https:\/\/www.facebook.com\/skaitytaknyga\/\" \/>\n<meta property=\"article:modified_time\" content=\"2026-03-17T10:00:39+00:00\" \/>\n<meta property=\"og:image\" content=\"https:\/\/skaitytaknyga.lt\/wp-content\/uploads\/2024\/05\/1462878179_cdbsiandien-madam-pareis-veliauz1.jpg\" \/>\n\t<meta property=\"og:image:width\" content=\"263\" \/>\n\t<meta property=\"og:image:height\" content=\"430\" \/>\n\t<meta property=\"og:image:type\" content=\"image\/jpeg\" \/>\n<meta name=\"twitter:card\" content=\"summary_large_image\" \/>\n<meta name=\"twitter:label1\" content=\"Estimated reading time\" \/>\n\t<meta name=\"twitter:data1\" content=\"1 minute\" \/>\n<script type=\"application\/ld+json\" class=\"yoast-schema-graph\">{\"@context\":\"https:\/\/schema.org\",\"@graph\":[{\"@type\":\"WebPage\",\"@id\":\"https:\/\/skaitytaknyga.lt\/produktas\/s-kubelka-siandien-madam-pareis-veliau-2\/\",\"url\":\"https:\/\/skaitytaknyga.lt\/produktas\/s-kubelka-siandien-madam-pareis-veliau-2\/\",\"name\":\"\u0160iandien madam pareis v\u0117liau\",\"isPartOf\":{\"@id\":\"https:\/\/skaitytaknyga.lt\/#website\"},\"primaryImageOfPage\":{\"@id\":\"https:\/\/skaitytaknyga.lt\/produktas\/s-kubelka-siandien-madam-pareis-veliau-2\/#primaryimage\"},\"image\":{\"@id\":\"https:\/\/skaitytaknyga.lt\/produktas\/s-kubelka-siandien-madam-pareis-veliau-2\/#primaryimage\"},\"thumbnailUrl\":\"https:\/\/skaitytaknyga.lt\/wp-content\/uploads\/2024\/05\/1462878179_cdbsiandien-madam-pareis-veliauz1.jpg\",\"datePublished\":\"2024-05-04T15:01:08+00:00\",\"dateModified\":\"2026-03-17T10:00:39+00:00\",\"description\":\"Talentinga architekt\u0117 Ticija i\u0161 apniukusio Londono atva\u017eiuoja \u012f savo svajoni\u0173 miest\u0105 Pary\u017ei\u0173. I\u0161tek\u0117jusi u\u017e gra\u017euolio Fausto patenka \u012f auk\u0161tuomen\u0119, praturt\u0117ja, bet... jos vyras turi meilu\u017e\u0119 ir du vaikus. Net tokia nemaloni \u017einia nepriblo\u0161kia Ticijos. Juk ji gyvena kupiname staigmen\u0173 Pary\u017eiuje... \u201e\u0160iandien madam pareis v\u0117liau\u201c puikiai prat\u0119sia erotin\u0119 tem\u0105, kuri\u0105 Susanna Kubelka paliet\u0117 romane \u201eOfelija mokosi plaukti\u201c. Susanna Kubelka\u00a0nuo 1981-\u0173j\u0173 gyvena ir knygas ra\u0161o Pary\u017eiuje ir Vienoje. Ne vienas jos romanas sulauk\u0117 pasaulin\u0117s s\u0117km\u0117s, o knyga \u201e\u0160iandien madam pareis v\u0117liau\u201c pagr\u012fstai krik\u0161tijama \u201emoters biblija\u201c\",\"breadcrumb\":{\"@id\":\"https:\/\/skaitytaknyga.lt\/produktas\/s-kubelka-siandien-madam-pareis-veliau-2\/#breadcrumb\"},\"inLanguage\":\"en-GB\",\"potentialAction\":[{\"@type\":\"ReadAction\",\"target\":[\"https:\/\/skaitytaknyga.lt\/produktas\/s-kubelka-siandien-madam-pareis-veliau-2\/\"]}]},{\"@type\":\"ImageObject\",\"inLanguage\":\"en-GB\",\"@id\":\"https:\/\/skaitytaknyga.lt\/produktas\/s-kubelka-siandien-madam-pareis-veliau-2\/#primaryimage\",\"url\":\"https:\/\/skaitytaknyga.lt\/wp-content\/uploads\/2024\/05\/1462878179_cdbsiandien-madam-pareis-veliauz1.jpg\",\"contentUrl\":\"https:\/\/skaitytaknyga.lt\/wp-content\/uploads\/2024\/05\/1462878179_cdbsiandien-madam-pareis-veliauz1.jpg\",\"width\":263,\"height\":430,\"caption\":\"\u0160iandien madam pareis v\u0117liau\"},{\"@type\":\"BreadcrumbList\",\"@id\":\"https:\/\/skaitytaknyga.lt\/produktas\/s-kubelka-siandien-madam-pareis-veliau-2\/#breadcrumb\",\"itemListElement\":[{\"@type\":\"ListItem\",\"position\":1,\"name\":\"Home\",\"item\":\"https:\/\/skaitytaknyga.lt\/\"},{\"@type\":\"ListItem\",\"position\":2,\"name\":\"Parduotuv\u0117\",\"item\":\"https:\/\/skaitytaknyga.lt\/knygu-parduotuve\/\"},{\"@type\":\"ListItem\",\"position\":3,\"name\":\"\u0160iandien madam pareis v\u0117liau\"}]},{\"@type\":\"WebSite\",\"@id\":\"https:\/\/skaitytaknyga.lt\/#website\",\"url\":\"https:\/\/skaitytaknyga.lt\/\",\"name\":\"skaitytaknyga.lt\",\"description\":\"Skaitytaknyga.lt \u2013 tai ma\u017eas \u0161eimos verslas, kuris prasid\u0117jo nuo meil\u0117s knygoms ir siekio i\u0161gelb\u0117ti knygas nuo likimo prie konteinerio. Kas vienam nereikalingas daiktas \u2013 kitam lobis, o mes esame tarpininkai, kurie padeda abiems tapti laimingesniems ???? \u017dinome kaip nelengva i\u0161gyventi ma\u017eiems verslams, tad nuo \u0161iol, \u010dia rasite ir kit\u0173, ma\u017e\u0173 \u0161eim\u0173 versl\u0173, rank\u0173 darbo, dovan\u0173 sau ir artimiesiems.\",\"publisher\":{\"@id\":\"https:\/\/skaitytaknyga.lt\/#organization\"},\"potentialAction\":[{\"@type\":\"SearchAction\",\"target\":{\"@type\":\"EntryPoint\",\"urlTemplate\":\"https:\/\/skaitytaknyga.lt\/?s={search_term_string}\"},\"query-input\":{\"@type\":\"PropertyValueSpecification\",\"valueRequired\":true,\"valueName\":\"search_term_string\"}}],\"inLanguage\":\"en-GB\"},{\"@type\":\"Organization\",\"@id\":\"https:\/\/skaitytaknyga.lt\/#organization\",\"name\":\"skaitytaknyga.lt\",\"url\":\"https:\/\/skaitytaknyga.lt\/\",\"logo\":{\"@type\":\"ImageObject\",\"inLanguage\":\"en-GB\",\"@id\":\"https:\/\/skaitytaknyga.lt\/#\/schema\/logo\/image\/\",\"url\":\"https:\/\/skaitytaknyga.lt\/wp-content\/uploads\/2024\/05\/cropped-cropped-cropped-02_00843_jt3bggkj1j3HLc7SyY6rEUpg.jpeg\",\"contentUrl\":\"https:\/\/skaitytaknyga.lt\/wp-content\/uploads\/2024\/05\/cropped-cropped-cropped-02_00843_jt3bggkj1j3HLc7SyY6rEUpg.jpeg\",\"width\":1600,\"height\":1600,\"caption\":\"skaitytaknyga.lt\"},\"image\":{\"@id\":\"https:\/\/skaitytaknyga.lt\/#\/schema\/logo\/image\/\"},\"sameAs\":[\"https:\/\/www.facebook.com\/skaitytaknyga\/\"]}]}<\/script>\n<!-- \/ Yoast SEO plugin. -->","yoast_head_json":{"title":"\u0160iandien madam pareis v\u0117liau","description":"Talentinga architekt\u0117 Ticija i\u0161 apniukusio Londono atva\u017eiuoja \u012f savo svajoni\u0173 miest\u0105 Pary\u017ei\u0173. I\u0161tek\u0117jusi u\u017e gra\u017euolio Fausto patenka \u012f auk\u0161tuomen\u0119, praturt\u0117ja, bet... jos vyras turi meilu\u017e\u0119 ir du vaikus. Net tokia nemaloni \u017einia nepriblo\u0161kia Ticijos. Juk ji gyvena kupiname staigmen\u0173 Pary\u017eiuje...  \u201e\u0160iandien madam pareis v\u0117liau\u201c puikiai prat\u0119sia erotin\u0119 tem\u0105, kuri\u0105 Susanna Kubelka paliet\u0117 romane \u201eOfelija mokosi plaukti\u201c.  Susanna Kubelka\u00a0nuo 1981-\u0173j\u0173 gyvena ir knygas ra\u0161o Pary\u017eiuje ir Vienoje. Ne vienas jos romanas sulauk\u0117 pasaulin\u0117s s\u0117km\u0117s, o knyga \u201e\u0160iandien madam pareis v\u0117liau\u201c pagr\u012fstai krik\u0161tijama \u201emoters biblija\u201c","robots":{"index":"index","follow":"follow","max-snippet":"max-snippet:-1","max-image-preview":"max-image-preview:large","max-video-preview":"max-video-preview:-1"},"canonical":"https:\/\/skaitytaknyga.lt\/en\/produktas\/s-kubelka-siandien-madam-pareis-veliau-2\/","og_locale":"en_GB","og_type":"article","og_title":"[:lt]\u0160iandien madam pareis v\u0117liau[:] - Skaitytaknyga","og_description":"Talentinga architekt\u0117 Ticija i\u0161 apniukusio Londono atva\u017eiuoja \u012f savo svajoni\u0173 miest\u0105 Pary\u017ei\u0173. I\u0161tek\u0117jusi u\u017e gra\u017euolio Fausto patenka \u012f auk\u0161tuomen\u0119, praturt\u0117ja, bet... jos vyras turi meilu\u017e\u0119 ir du vaikus. Net tokia nemaloni \u017einia nepriblo\u0161kia Ticijos. Juk ji gyvena kupiname staigmen\u0173 Pary\u017eiuje...  \u201e\u0160iandien madam pareis v\u0117liau\u201c puikiai prat\u0119sia erotin\u0119 tem\u0105, kuri\u0105 Susanna Kubelka paliet\u0117 romane \u201eOfelija mokosi plaukti\u201c.  Susanna Kubelka\u00a0nuo 1981-\u0173j\u0173 gyvena ir knygas ra\u0161o Pary\u017eiuje ir Vienoje. Ne vienas jos romanas sulauk\u0117 pasaulin\u0117s s\u0117km\u0117s, o knyga \u201e\u0160iandien madam pareis v\u0117liau\u201c pagr\u012fstai krik\u0161tijama \u201emoters biblija\u201c","og_url":"https:\/\/skaitytaknyga.lt\/en\/produktas\/s-kubelka-siandien-madam-pareis-veliau-2\/","og_site_name":"Skaitytaknyga","article_publisher":"https:\/\/www.facebook.com\/skaitytaknyga\/","article_modified_time":"2026-03-17T10:00:39+00:00","og_image":[{"width":263,"height":430,"url":"https:\/\/skaitytaknyga.lt\/wp-content\/uploads\/2024\/05\/1462878179_cdbsiandien-madam-pareis-veliauz1.jpg","type":"image\/jpeg"}],"twitter_card":"summary_large_image","twitter_misc":{"Estimated reading time":"1 minute"},"schema":{"@context":"https:\/\/schema.org","@graph":[{"@type":"WebPage","@id":"https:\/\/skaitytaknyga.lt\/produktas\/s-kubelka-siandien-madam-pareis-veliau-2\/","url":"https:\/\/skaitytaknyga.lt\/produktas\/s-kubelka-siandien-madam-pareis-veliau-2\/","name":"\u0160iandien madam pareis v\u0117liau","isPartOf":{"@id":"https:\/\/skaitytaknyga.lt\/#website"},"primaryImageOfPage":{"@id":"https:\/\/skaitytaknyga.lt\/produktas\/s-kubelka-siandien-madam-pareis-veliau-2\/#primaryimage"},"image":{"@id":"https:\/\/skaitytaknyga.lt\/produktas\/s-kubelka-siandien-madam-pareis-veliau-2\/#primaryimage"},"thumbnailUrl":"https:\/\/skaitytaknyga.lt\/wp-content\/uploads\/2024\/05\/1462878179_cdbsiandien-madam-pareis-veliauz1.jpg","datePublished":"2024-05-04T15:01:08+00:00","dateModified":"2026-03-17T10:00:39+00:00","description":"Talentinga architekt\u0117 Ticija i\u0161 apniukusio Londono atva\u017eiuoja \u012f savo svajoni\u0173 miest\u0105 Pary\u017ei\u0173. I\u0161tek\u0117jusi u\u017e gra\u017euolio Fausto patenka \u012f auk\u0161tuomen\u0119, praturt\u0117ja, bet... jos vyras turi meilu\u017e\u0119 ir du vaikus. Net tokia nemaloni \u017einia nepriblo\u0161kia Ticijos. Juk ji gyvena kupiname staigmen\u0173 Pary\u017eiuje... \u201e\u0160iandien madam pareis v\u0117liau\u201c puikiai prat\u0119sia erotin\u0119 tem\u0105, kuri\u0105 Susanna Kubelka paliet\u0117 romane \u201eOfelija mokosi plaukti\u201c. Susanna Kubelka\u00a0nuo 1981-\u0173j\u0173 gyvena ir knygas ra\u0161o Pary\u017eiuje ir Vienoje. Ne vienas jos romanas sulauk\u0117 pasaulin\u0117s s\u0117km\u0117s, o knyga \u201e\u0160iandien madam pareis v\u0117liau\u201c pagr\u012fstai krik\u0161tijama \u201emoters biblija\u201c","breadcrumb":{"@id":"https:\/\/skaitytaknyga.lt\/produktas\/s-kubelka-siandien-madam-pareis-veliau-2\/#breadcrumb"},"inLanguage":"en-GB","potentialAction":[{"@type":"ReadAction","target":["https:\/\/skaitytaknyga.lt\/produktas\/s-kubelka-siandien-madam-pareis-veliau-2\/"]}]},{"@type":"ImageObject","inLanguage":"en-GB","@id":"https:\/\/skaitytaknyga.lt\/produktas\/s-kubelka-siandien-madam-pareis-veliau-2\/#primaryimage","url":"https:\/\/skaitytaknyga.lt\/wp-content\/uploads\/2024\/05\/1462878179_cdbsiandien-madam-pareis-veliauz1.jpg","contentUrl":"https:\/\/skaitytaknyga.lt\/wp-content\/uploads\/2024\/05\/1462878179_cdbsiandien-madam-pareis-veliauz1.jpg","width":263,"height":430,"caption":"\u0160iandien madam pareis v\u0117liau"},{"@type":"BreadcrumbList","@id":"https:\/\/skaitytaknyga.lt\/produktas\/s-kubelka-siandien-madam-pareis-veliau-2\/#breadcrumb","itemListElement":[{"@type":"ListItem","position":1,"name":"Home","item":"https:\/\/skaitytaknyga.lt\/"},{"@type":"ListItem","position":2,"name":"Parduotuv\u0117","item":"https:\/\/skaitytaknyga.lt\/knygu-parduotuve\/"},{"@type":"ListItem","position":3,"name":"\u0160iandien madam pareis v\u0117liau"}]},{"@type":"WebSite","@id":"https:\/\/skaitytaknyga.lt\/#website","url":"https:\/\/skaitytaknyga.lt\/","name":"skaitytaknyga.lt","description":"Skaitytaknyga.lt \u2013 tai ma\u017eas \u0161eimos verslas, kuris prasid\u0117jo nuo meil\u0117s knygoms ir siekio i\u0161gelb\u0117ti knygas nuo likimo prie konteinerio. Kas vienam nereikalingas daiktas \u2013 kitam lobis, o mes esame tarpininkai, kurie padeda abiems tapti laimingesniems ???? \u017dinome kaip nelengva i\u0161gyventi ma\u017eiems verslams, tad nuo \u0161iol, \u010dia rasite ir kit\u0173, ma\u017e\u0173 \u0161eim\u0173 versl\u0173, rank\u0173 darbo, dovan\u0173 sau ir artimiesiems.","publisher":{"@id":"https:\/\/skaitytaknyga.lt\/#organization"},"potentialAction":[{"@type":"SearchAction","target":{"@type":"EntryPoint","urlTemplate":"https:\/\/skaitytaknyga.lt\/?s={search_term_string}"},"query-input":{"@type":"PropertyValueSpecification","valueRequired":true,"valueName":"search_term_string"}}],"inLanguage":"en-GB"},{"@type":"Organization","@id":"https:\/\/skaitytaknyga.lt\/#organization","name":"skaitytaknyga.lt","url":"https:\/\/skaitytaknyga.lt\/","logo":{"@type":"ImageObject","inLanguage":"en-GB","@id":"https:\/\/skaitytaknyga.lt\/#\/schema\/logo\/image\/","url":"https:\/\/skaitytaknyga.lt\/wp-content\/uploads\/2024\/05\/cropped-cropped-cropped-02_00843_jt3bggkj1j3HLc7SyY6rEUpg.jpeg","contentUrl":"https:\/\/skaitytaknyga.lt\/wp-content\/uploads\/2024\/05\/cropped-cropped-cropped-02_00843_jt3bggkj1j3HLc7SyY6rEUpg.jpeg","width":1600,"height":1600,"caption":"skaitytaknyga.lt"},"image":{"@id":"https:\/\/skaitytaknyga.lt\/#\/schema\/logo\/image\/"},"sameAs":["https:\/\/www.facebook.com\/skaitytaknyga\/"]}]}},"_links":{"self":[{"href":"https:\/\/skaitytaknyga.lt\/en\/wp-json\/wp\/v2\/product\/9332","targetHints":{"allow":["GET"]}}],"collection":[{"href":"https:\/\/skaitytaknyga.lt\/en\/wp-json\/wp\/v2\/product"}],"about":[{"href":"https:\/\/skaitytaknyga.lt\/en\/wp-json\/wp\/v2\/types\/product"}],"replies":[{"embeddable":true,"href":"https:\/\/skaitytaknyga.lt\/en\/wp-json\/wp\/v2\/comments?post=9332"}],"wp:featuredmedia":[{"embeddable":true,"href":"https:\/\/skaitytaknyga.lt\/en\/wp-json\/wp\/v2\/media\/6619"}],"wp:attachment":[{"href":"https:\/\/skaitytaknyga.lt\/en\/wp-json\/wp\/v2\/media?parent=9332"}],"wp:term":[{"taxonomy":"product_brand","embeddable":true,"href":"https:\/\/skaitytaknyga.lt\/en\/wp-json\/wp\/v2\/product_brand?post=9332"},{"taxonomy":"product_cat","embeddable":true,"href":"https:\/\/skaitytaknyga.lt\/en\/wp-json\/wp\/v2\/product_cat?post=9332"},{"taxonomy":"product_tag","embeddable":true,"href":"https:\/\/skaitytaknyga.lt\/en\/wp-json\/wp\/v2\/product_tag?post=9332"}],"curies":[{"name":"wp","href":"https:\/\/api.w.org\/{rel}","templated":true}]}}