{"id":9328,"date":"2024-05-04T15:01:08","date_gmt":"2024-05-04T15:01:08","guid":{"rendered":"https:\/\/skaitytaknyga.lt\/?post_type=product&#038;p=9328"},"modified":"2025-07-23T08:41:57","modified_gmt":"2025-07-23T05:41:57","slug":"ruta-sepetys-druska-jurai","status":"publish","type":"product","link":"https:\/\/skaitytaknyga.lt\/en\/produktas\/ruta-sepetys-druska-jurai\/","title":{"rendered":"Druska j\u016brai"},"content":{"rendered":"<p><em>Mes toliau klumpinome siauru keliu. Penkiolika pab\u0117g\u0117li\u0173. Saul\u0117 pagaliau pasisl\u0117p\u0117, \u0117m\u0117 \u0161alti. Prie\u0161ais mane akla mergina, vardu Ingrida, \u0117jo virve prisiri\u0161usi prie ve\u017eimo. Mano akys buvo sveikos, bet mudvi jung\u0117 bendra b\u0117da: abi \u017eygiavome tamsiu m\u016b\u0161io koridoriumi nematydamos, kas laukia prie\u0161aky. Galb\u016bt tikra laim\u0117, kad ji prarado reg\u0117jim\u0105. Akla mergait\u0117 gird\u0117jo ir u\u017euod\u0117 dalykus, kuri\u0173 visi kiti nejutome.<\/em><br \/>\n<em>Ar ji gird\u0117jo paskutin\u012f senuko atod\u016bs\u012f, kai prie\u0161 kelis kilometrus jis susmuko po ve\u017eimo ratais? Ar \u017eengdama per \u0161vie\u017ei\u0105 krauj\u0105 ant sniego juto burnoje metalo skon\u012f?<\/em><br \/>\n<em>\u2013 Kaip gaila, jie j\u0105 ir pribaig\u0117, \u2013 u\u017e nugaros tar\u0117 senojo batsiuvio balsas. Stabtel\u0117jau palaukti. \u2013 T\u0105 su\u0161alusi\u0105 moter\u012f kelyje. Batai j\u0105 pribaig\u0117. Visiems kalbu, bet niekas neklauso. Prasti batai trina kojas, trukdo eiti. Tada \u017emogus sustoja. \u2013 Jis spustel\u0117jo man rank\u0105. Po skryb\u0117le pak\u0117l\u0117 \u012f mane rom\u0173 \u012fraudus\u012f veid\u0105. \u2013 Tada numir\u0161ta, \u2013 su\u0161nib\u017ed\u0117jo jis.<\/em><\/p>\n<p>Antrasis Pasaulinis karas eina \u012f pabaig\u0105. Ryt\u0173 Pr\u016bsijoje t\u016bkstan\u010diai pab\u0117g\u0117li\u0173 ie\u0161ko i\u0161sigelb\u0117jimo nuo soviet\u0173 kariuomen\u0117s. Prarad\u0119 gimtuosius namus, netek\u0119 artim\u0173 ir mylim\u0173 \u017emoni\u0173, baim\u0117s ir nevilties kaustomi pab\u0117g\u0117liai skuba \u012f Gotenhafeno ir Pilau uostus, kur laukia evakuacijai parengti laivai. Tarp j\u0173 yra lietuv\u0117 Joana, lenk\u0119 Emilij\u0105, Florian\u0105 i\u0161 Ryt\u0173 Pr\u016bsijos, keliaujantys \u012f laiv\u0105 \u201eWilhelm Gustloff&#8221;, turint\u012f juos i\u0161gelb\u0117ti nuo okupant\u0173. Aplinkybi\u0173 priversti susivienyti, jie atranda savyje dr\u0105sos ir ry\u017eo, o pasitik\u0117jimas vieni kitais yra i\u0161bandomas sulig kiekvienu \u017eingsniu art\u0117jant link tikslo.<\/p>\n<p>Kai atrodo, kad laisv\u0117 jau ranka pasiekiama \u2013 i\u0161tinka tragedija. Baltijos j\u016broje tyko pra\u017e\u016btis nuo rus\u0173 povandeninio laivo torped\u0173. Kuomet de\u0161imt t\u016bkstan\u010di\u0173 \u017emoni\u0173 \u2013 vaik\u0173 ir suaugusi\u0173j\u0173 \u2013 viename laive turi kautis d\u0117l i\u0161likimo, nebesvarbu tampa nei tautyb\u0117, nei kult\u016bra, nei statusas.<\/p>\n<p>Karo girnose negailestingai sumalti t\u016bkstan\u010di\u0173 paprast\u0173 \u017emoni\u0173, ypa\u010d vaik\u0173, likimai, daugiausiai gyvybi\u0173 laivybos istorijoje pasiglem\u017eusi katastrofa ir net pra\u017euv\u0119s Gintaro kambarys \u2013 visa tai R. Sepetys meistri\u0161kai \u012faud\u0117 \u012f sukre\u010diant\u012f ir realistin\u012f istorinio romano audin\u012f.<\/p>\n<ul class=\"about-product d-none d-xl-block mt-4\">\n<li><strong>Leid\u0117jas:<\/strong>\u00a0Alma littera<\/li>\n<li><strong>Metai:<\/strong>\u00a02021<\/li>\n<li><strong>Puslapiai:<\/strong>\u00a0320<\/li>\n<li class=\"toggleable type-new-formats \"><strong>ISBN:<\/strong>\u00a09786090125175<\/li>\n<li class=\"toggleable type-new-formats \"><strong>Formatas:<\/strong>\u00a015 x 24 x 2,5 cm, kieti vir\u0161eliai<\/li>\n<li><strong>Kalba:<\/strong>\u00a0Lietuvi\u0173<\/li>\n<li><strong>Vert\u0117jas:<\/strong>\u00a0Zita Marien\u0117<\/li>\n<\/ul>\n","protected":false},"excerpt":{"rendered":"<p>Mes toliau klumpinome siauru keliu. Penkiolika pab\u0117g\u0117li\u0173. Saul\u0117 pagaliau pasisl\u0117p\u0117, \u0117m\u0117 \u0161alti. Prie\u0161ais mane akla mergina, vardu Ingrida, \u0117jo virve prisiri\u0161usi prie ve\u017eimo. Mano akys buvo sveikos, bet mudvi jung\u0117 bendra b\u0117da: abi \u017eygiavome tamsiu m\u016b\u0161io koridoriumi nematydamos, kas laukia prie\u0161aky. Galb\u016bt tikra laim\u0117, kad ji prarado reg\u0117jim\u0105. Akla mergait\u0117 gird\u0117jo ir u\u017euod\u0117 dalykus, kuri\u0173 visi kiti nejutome. Ar ji gird\u0117jo paskutin\u012f senuko atod\u016bs\u012f, kai prie\u0161 kelis kilometrus jis susmuko po ve\u017eimo ratais? Ar \u017eengdama per \u0161vie\u017ei\u0105 krauj\u0105 ant sniego juto burnoje metalo skon\u012f? \u2013 Kaip gaila, jie j\u0105 ir pribaig\u0117, \u2013 u\u017e nugaros tar\u0117 senojo batsiuvio balsas. Stabtel\u0117jau palaukti. \u2013 T\u0105 su\u0161alusi\u0105 moter\u012f kelyje. Batai j\u0105 pribaig\u0117. Visiems kalbu, bet niekas neklauso. Prasti batai trina kojas, trukdo eiti. Tada \u017emogus sustoja. \u2013 Jis spustel\u0117jo man rank\u0105. Po skryb\u0117le pak\u0117l\u0117 \u012f mane rom\u0173 \u012fraudus\u012f veid\u0105. \u2013 Tada numir\u0161ta, \u2013 su\u0161nib\u017ed\u0117jo jis. Antrasis Pasaulinis karas eina \u012f pabaig\u0105. Ryt\u0173 Pr\u016bsijoje t\u016bkstan\u010diai pab\u0117g\u0117li\u0173 ie\u0161ko i\u0161sigelb\u0117jimo nuo soviet\u0173 kariuomen\u0117s. Prarad\u0119 gimtuosius namus, netek\u0119 artim\u0173 ir mylim\u0173 \u017emoni\u0173, baim\u0117s ir nevilties kaustomi pab\u0117g\u0117liai skuba \u012f Gotenhafeno ir Pilau uostus, kur laukia evakuacijai parengti laivai. Tarp j\u0173 yra lietuv\u0117 Joana, lenk\u0119 Emilij\u0105, Florian\u0105 i\u0161 Ryt\u0173 Pr\u016bsijos, keliaujantys \u012f laiv\u0105 \u201eWilhelm Gustloff&#8221;, turint\u012f juos i\u0161gelb\u0117ti nuo okupant\u0173. Aplinkybi\u0173 priversti susivienyti, jie atranda savyje dr\u0105sos ir ry\u017eo, o pasitik\u0117jimas vieni kitais yra i\u0161bandomas sulig kiekvienu \u017eingsniu art\u0117jant link tikslo. Kai atrodo, kad laisv\u0117 jau ranka pasiekiama \u2013 i\u0161tinka tragedija. Baltijos j\u016broje tyko pra\u017e\u016btis nuo rus\u0173 povandeninio laivo torped\u0173. Kuomet de\u0161imt t\u016bkstan\u010di\u0173 \u017emoni\u0173 \u2013 vaik\u0173 ir suaugusi\u0173j\u0173 \u2013 viename laive turi kautis d\u0117l i\u0161likimo, nebesvarbu tampa nei tautyb\u0117, nei kult\u016bra, nei statusas. Karo girnose negailestingai sumalti t\u016bkstan\u010di\u0173 paprast\u0173 \u017emoni\u0173, ypa\u010d vaik\u0173, likimai, daugiausiai gyvybi\u0173 laivybos istorijoje pasiglem\u017eusi katastrofa ir net pra\u017euv\u0119s Gintaro kambarys \u2013 visa tai R. Sepetys meistri\u0161kai \u012faud\u0117 \u012f sukre\u010diant\u012f ir realistin\u012f istorinio romano audin\u012f. Leid\u0117jas:\u00a0Alma littera Metai:\u00a02021 Puslapiai:\u00a0320 ISBN:\u00a09786090125175 Formatas:\u00a015 x 24 x 2,5 cm, kieti vir\u0161eliai Kalba:\u00a0Lietuvi\u0173 Vert\u0117jas:\u00a0Zita Marien\u0117<\/p>\n","protected":false},"featured_media":6615,"comment_status":"closed","ping_status":"closed","template":"","meta":{"_acf_changed":false,"site-sidebar-layout":"default","site-content-layout":"","ast-site-content-layout":"default","site-content-style":"default","site-sidebar-style":"default","ast-global-header-display":"","ast-banner-title-visibility":"","ast-main-header-display":"","ast-hfb-above-header-display":"","ast-hfb-below-header-display":"","ast-hfb-mobile-header-display":"","site-post-title":"","ast-breadcrumbs-content":"","ast-featured-img":"","footer-sml-layout":"","ast-disable-related-posts":"","theme-transparent-header-meta":"default","adv-header-id-meta":"","stick-header-meta":"","header-above-stick-meta":"","header-main-stick-meta":"","header-below-stick-meta":"","astra-migrate-meta-layouts":"set","ast-page-background-enabled":"default","ast-page-background-meta":{"desktop":{"background-color":"","background-image":"","background-repeat":"repeat","background-position":"center center","background-size":"auto","background-attachment":"scroll","background-type":"","background-media":"","overlay-type":"","overlay-color":"","overlay-opacity":"","overlay-gradient":""},"tablet":{"background-color":"","background-image":"","background-repeat":"repeat","background-position":"center center","background-size":"auto","background-attachment":"scroll","background-type":"","background-media":"","overlay-type":"","overlay-color":"","overlay-opacity":"","overlay-gradient":""},"mobile":{"background-color":"","background-image":"","background-repeat":"repeat","background-position":"center center","background-size":"auto","background-attachment":"scroll","background-type":"","background-media":"","overlay-type":"","overlay-color":"","overlay-opacity":"","overlay-gradient":""}},"ast-content-background-meta":{"desktop":{"background-color":"var(--ast-global-color-4)","background-image":"","background-repeat":"repeat","background-position":"center center","background-size":"auto","background-attachment":"scroll","background-type":"","background-media":"","overlay-type":"","overlay-color":"","overlay-opacity":"","overlay-gradient":""},"tablet":{"background-color":"var(--ast-global-color-4)","background-image":"","background-repeat":"repeat","background-position":"center center","background-size":"auto","background-attachment":"scroll","background-type":"","background-media":"","overlay-type":"","overlay-color":"","overlay-opacity":"","overlay-gradient":""},"mobile":{"background-color":"var(--ast-global-color-4)","background-image":"","background-repeat":"repeat","background-position":"center center","background-size":"auto","background-attachment":"scroll","background-type":"","background-media":"","overlay-type":"","overlay-color":"","overlay-opacity":"","overlay-gradient":""}}},"product_brand":[],"product_cat":[31],"product_tag":[],"class_list":{"0":"post-9328","1":"product","2":"type-product","3":"status-publish","4":"has-post-thumbnail","6":"product_cat-grozine-literatura","7":"pa_leidimo-metai-680","8":"pa_virselis-kietas","9":"desktop-align-left","10":"tablet-align-left","11":"mobile-align-left","13":"first","14":"instock","15":"shipping-taxable","16":"purchasable","17":"product-type-simple"},"acf":[],"yoast_head":"<!-- This site is optimized with the Yoast SEO plugin v27.4 - https:\/\/yoast.com\/product\/yoast-seo-wordpress\/ -->\n<title>Druska j\u016brai<\/title>\n<meta name=\"description\" content=\"Mes toliau klumpinome siauru keliu. Penkiolika pab\u0117g\u0117li\u0173. Saul\u0117 pagaliau pasisl\u0117p\u0117, \u0117m\u0117 \u0161alti. Prie\u0161ais mane akla mergina, vardu Ingrida, \u0117jo virve\" \/>\n<meta name=\"robots\" content=\"index, follow, max-snippet:-1, max-image-preview:large, max-video-preview:-1\" \/>\n<link rel=\"canonical\" href=\"https:\/\/skaitytaknyga.lt\/en\/produktas\/ruta-sepetys-druska-jurai\/\" \/>\n<meta property=\"og:locale\" content=\"en_GB\" \/>\n<meta property=\"og:locale:alternate\" content=\"lt_LT\" \/>\n<meta property=\"og:type\" content=\"article\" \/>\n<meta property=\"og:title\" content=\"Druska j\u016brai\" \/>\n<meta property=\"og:description\" content=\"Mes toliau klumpinome siauru keliu. Penkiolika pab\u0117g\u0117li\u0173. Saul\u0117 pagaliau pasisl\u0117p\u0117, \u0117m\u0117 \u0161alti. Prie\u0161ais mane akla mergina, vardu Ingrida, \u0117jo virve\" \/>\n<meta property=\"og:url\" content=\"https:\/\/skaitytaknyga.lt\/en\/produktas\/ruta-sepetys-druska-jurai\/\" \/>\n<meta property=\"og:site_name\" content=\"Skaitytaknyga\" \/>\n<meta property=\"article:publisher\" content=\"https:\/\/www.facebook.com\/skaitytaknyga\/\" \/>\n<meta property=\"article:modified_time\" content=\"2025-07-23T05:41:57+00:00\" \/>\n<meta property=\"og:image\" content=\"https:\/\/skaitytaknyga.lt\/wp-content\/uploads\/2024\/05\/1475657610_image.php_.png\" \/>\n\t<meta property=\"og:image:width\" content=\"243\" \/>\n\t<meta property=\"og:image:height\" content=\"398\" \/>\n\t<meta property=\"og:image:type\" content=\"image\/png\" \/>\n<meta name=\"twitter:card\" content=\"summary_large_image\" \/>\n<meta name=\"twitter:label1\" content=\"Estimated reading time\" \/>\n\t<meta name=\"twitter:data1\" content=\"2 minutes\" \/>\n<script type=\"application\/ld+json\" class=\"yoast-schema-graph\">{\"@context\":\"https:\\\/\\\/schema.org\",\"@graph\":[{\"@type\":\"WebPage\",\"@id\":\"https:\\\/\\\/skaitytaknyga.lt\\\/produktas\\\/ruta-sepetys-druska-jurai\\\/\",\"url\":\"https:\\\/\\\/skaitytaknyga.lt\\\/produktas\\\/ruta-sepetys-druska-jurai\\\/\",\"name\":\"Druska j\u016brai\",\"isPartOf\":{\"@id\":\"https:\\\/\\\/skaitytaknyga.lt\\\/#website\"},\"primaryImageOfPage\":{\"@id\":\"https:\\\/\\\/skaitytaknyga.lt\\\/produktas\\\/ruta-sepetys-druska-jurai\\\/#primaryimage\"},\"image\":{\"@id\":\"https:\\\/\\\/skaitytaknyga.lt\\\/produktas\\\/ruta-sepetys-druska-jurai\\\/#primaryimage\"},\"thumbnailUrl\":\"https:\\\/\\\/skaitytaknyga.lt\\\/wp-content\\\/uploads\\\/2024\\\/05\\\/1475657610_image.php_.png\",\"datePublished\":\"2024-05-04T15:01:08+00:00\",\"dateModified\":\"2025-07-23T05:41:57+00:00\",\"description\":\"Mes toliau klumpinome siauru keliu. Penkiolika pab\u0117g\u0117li\u0173. Saul\u0117 pagaliau pasisl\u0117p\u0117, \u0117m\u0117 \u0161alti. Prie\u0161ais mane akla mergina, vardu Ingrida, \u0117jo virve\",\"breadcrumb\":{\"@id\":\"https:\\\/\\\/skaitytaknyga.lt\\\/produktas\\\/ruta-sepetys-druska-jurai\\\/#breadcrumb\"},\"inLanguage\":\"en-GB\",\"potentialAction\":[{\"@type\":\"ReadAction\",\"target\":[\"https:\\\/\\\/skaitytaknyga.lt\\\/produktas\\\/ruta-sepetys-druska-jurai\\\/\"]}]},{\"@type\":\"ImageObject\",\"inLanguage\":\"en-GB\",\"@id\":\"https:\\\/\\\/skaitytaknyga.lt\\\/produktas\\\/ruta-sepetys-druska-jurai\\\/#primaryimage\",\"url\":\"https:\\\/\\\/skaitytaknyga.lt\\\/wp-content\\\/uploads\\\/2024\\\/05\\\/1475657610_image.php_.png\",\"contentUrl\":\"https:\\\/\\\/skaitytaknyga.lt\\\/wp-content\\\/uploads\\\/2024\\\/05\\\/1475657610_image.php_.png\",\"width\":243,\"height\":398,\"caption\":\"Ruta Sepetys \u201eDruska j\u016brai\\\"\"},{\"@type\":\"BreadcrumbList\",\"@id\":\"https:\\\/\\\/skaitytaknyga.lt\\\/produktas\\\/ruta-sepetys-druska-jurai\\\/#breadcrumb\",\"itemListElement\":[{\"@type\":\"ListItem\",\"position\":1,\"name\":\"Home\",\"item\":\"https:\\\/\\\/skaitytaknyga.lt\\\/\"},{\"@type\":\"ListItem\",\"position\":2,\"name\":\"Parduotuv\u0117\",\"item\":\"https:\\\/\\\/skaitytaknyga.lt\\\/knygu-parduotuve\\\/\"},{\"@type\":\"ListItem\",\"position\":3,\"name\":\"Druska j\u016brai\"}]},{\"@type\":\"WebSite\",\"@id\":\"https:\\\/\\\/skaitytaknyga.lt\\\/#website\",\"url\":\"https:\\\/\\\/skaitytaknyga.lt\\\/\",\"name\":\"skaitytaknyga.lt\",\"description\":\"Skaitytaknyga.lt \u2013 tai ma\u017eas \u0161eimos verslas, kuris prasid\u0117jo nuo meil\u0117s knygoms ir siekio i\u0161gelb\u0117ti knygas nuo likimo prie konteinerio. Kas vienam nereikalingas daiktas \u2013 kitam lobis, o mes esame tarpininkai, kurie padeda abiems tapti laimingesniems ???? \u017dinome kaip nelengva i\u0161gyventi ma\u017eiems verslams, tad nuo \u0161iol, \u010dia rasite ir kit\u0173, ma\u017e\u0173 \u0161eim\u0173 versl\u0173, rank\u0173 darbo, dovan\u0173 sau ir artimiesiems.\",\"publisher\":{\"@id\":\"https:\\\/\\\/skaitytaknyga.lt\\\/#organization\"},\"potentialAction\":[{\"@type\":\"SearchAction\",\"target\":{\"@type\":\"EntryPoint\",\"urlTemplate\":\"https:\\\/\\\/skaitytaknyga.lt\\\/?s={search_term_string}\"},\"query-input\":{\"@type\":\"PropertyValueSpecification\",\"valueRequired\":true,\"valueName\":\"search_term_string\"}}],\"inLanguage\":\"en-GB\"},{\"@type\":\"Organization\",\"@id\":\"https:\\\/\\\/skaitytaknyga.lt\\\/#organization\",\"name\":\"skaitytaknyga.lt\",\"url\":\"https:\\\/\\\/skaitytaknyga.lt\\\/\",\"logo\":{\"@type\":\"ImageObject\",\"inLanguage\":\"en-GB\",\"@id\":\"https:\\\/\\\/skaitytaknyga.lt\\\/#\\\/schema\\\/logo\\\/image\\\/\",\"url\":\"https:\\\/\\\/skaitytaknyga.lt\\\/wp-content\\\/uploads\\\/2024\\\/05\\\/cropped-cropped-cropped-02_00843_jt3bggkj1j3HLc7SyY6rEUpg.jpeg\",\"contentUrl\":\"https:\\\/\\\/skaitytaknyga.lt\\\/wp-content\\\/uploads\\\/2024\\\/05\\\/cropped-cropped-cropped-02_00843_jt3bggkj1j3HLc7SyY6rEUpg.jpeg\",\"width\":1600,\"height\":1600,\"caption\":\"skaitytaknyga.lt\"},\"image\":{\"@id\":\"https:\\\/\\\/skaitytaknyga.lt\\\/#\\\/schema\\\/logo\\\/image\\\/\"},\"sameAs\":[\"https:\\\/\\\/www.facebook.com\\\/skaitytaknyga\\\/\"]}]}<\/script>\n<!-- \/ Yoast SEO plugin. -->","yoast_head_json":{"title":"Druska j\u016brai","description":"Mes toliau klumpinome siauru keliu. Penkiolika pab\u0117g\u0117li\u0173. Saul\u0117 pagaliau pasisl\u0117p\u0117, \u0117m\u0117 \u0161alti. Prie\u0161ais mane akla mergina, vardu Ingrida, \u0117jo virve","robots":{"index":"index","follow":"follow","max-snippet":"max-snippet:-1","max-image-preview":"max-image-preview:large","max-video-preview":"max-video-preview:-1"},"canonical":"https:\/\/skaitytaknyga.lt\/en\/produktas\/ruta-sepetys-druska-jurai\/","og_locale":"en_GB","og_type":"article","og_title":"[:lt]Druska j\u016brai[:] - Skaitytaknyga","og_description":"Mes toliau klumpinome siauru keliu. Penkiolika pab\u0117g\u0117li\u0173. Saul\u0117 pagaliau pasisl\u0117p\u0117, \u0117m\u0117 \u0161alti. Prie\u0161ais mane akla mergina, vardu Ingrida, \u0117jo virve","og_url":"https:\/\/skaitytaknyga.lt\/en\/produktas\/ruta-sepetys-druska-jurai\/","og_site_name":"Skaitytaknyga","article_publisher":"https:\/\/www.facebook.com\/skaitytaknyga\/","article_modified_time":"2025-07-23T05:41:57+00:00","og_image":[{"width":243,"height":398,"url":"https:\/\/skaitytaknyga.lt\/wp-content\/uploads\/2024\/05\/1475657610_image.php_.png","type":"image\/png"}],"twitter_card":"summary_large_image","twitter_misc":{"Estimated reading time":"2 minutes"},"schema":{"@context":"https:\/\/schema.org","@graph":[{"@type":"WebPage","@id":"https:\/\/skaitytaknyga.lt\/produktas\/ruta-sepetys-druska-jurai\/","url":"https:\/\/skaitytaknyga.lt\/produktas\/ruta-sepetys-druska-jurai\/","name":"Druska j\u016brai","isPartOf":{"@id":"https:\/\/skaitytaknyga.lt\/#website"},"primaryImageOfPage":{"@id":"https:\/\/skaitytaknyga.lt\/produktas\/ruta-sepetys-druska-jurai\/#primaryimage"},"image":{"@id":"https:\/\/skaitytaknyga.lt\/produktas\/ruta-sepetys-druska-jurai\/#primaryimage"},"thumbnailUrl":"https:\/\/skaitytaknyga.lt\/wp-content\/uploads\/2024\/05\/1475657610_image.php_.png","datePublished":"2024-05-04T15:01:08+00:00","dateModified":"2025-07-23T05:41:57+00:00","description":"Mes toliau klumpinome siauru keliu. Penkiolika pab\u0117g\u0117li\u0173. Saul\u0117 pagaliau pasisl\u0117p\u0117, \u0117m\u0117 \u0161alti. Prie\u0161ais mane akla mergina, vardu Ingrida, \u0117jo virve","breadcrumb":{"@id":"https:\/\/skaitytaknyga.lt\/produktas\/ruta-sepetys-druska-jurai\/#breadcrumb"},"inLanguage":"en-GB","potentialAction":[{"@type":"ReadAction","target":["https:\/\/skaitytaknyga.lt\/produktas\/ruta-sepetys-druska-jurai\/"]}]},{"@type":"ImageObject","inLanguage":"en-GB","@id":"https:\/\/skaitytaknyga.lt\/produktas\/ruta-sepetys-druska-jurai\/#primaryimage","url":"https:\/\/skaitytaknyga.lt\/wp-content\/uploads\/2024\/05\/1475657610_image.php_.png","contentUrl":"https:\/\/skaitytaknyga.lt\/wp-content\/uploads\/2024\/05\/1475657610_image.php_.png","width":243,"height":398,"caption":"Ruta Sepetys \u201eDruska j\u016brai\""},{"@type":"BreadcrumbList","@id":"https:\/\/skaitytaknyga.lt\/produktas\/ruta-sepetys-druska-jurai\/#breadcrumb","itemListElement":[{"@type":"ListItem","position":1,"name":"Home","item":"https:\/\/skaitytaknyga.lt\/"},{"@type":"ListItem","position":2,"name":"Parduotuv\u0117","item":"https:\/\/skaitytaknyga.lt\/knygu-parduotuve\/"},{"@type":"ListItem","position":3,"name":"Druska j\u016brai"}]},{"@type":"WebSite","@id":"https:\/\/skaitytaknyga.lt\/#website","url":"https:\/\/skaitytaknyga.lt\/","name":"skaitytaknyga.lt","description":"Skaitytaknyga.lt \u2013 tai ma\u017eas \u0161eimos verslas, kuris prasid\u0117jo nuo meil\u0117s knygoms ir siekio i\u0161gelb\u0117ti knygas nuo likimo prie konteinerio. Kas vienam nereikalingas daiktas \u2013 kitam lobis, o mes esame tarpininkai, kurie padeda abiems tapti laimingesniems ???? \u017dinome kaip nelengva i\u0161gyventi ma\u017eiems verslams, tad nuo \u0161iol, \u010dia rasite ir kit\u0173, ma\u017e\u0173 \u0161eim\u0173 versl\u0173, rank\u0173 darbo, dovan\u0173 sau ir artimiesiems.","publisher":{"@id":"https:\/\/skaitytaknyga.lt\/#organization"},"potentialAction":[{"@type":"SearchAction","target":{"@type":"EntryPoint","urlTemplate":"https:\/\/skaitytaknyga.lt\/?s={search_term_string}"},"query-input":{"@type":"PropertyValueSpecification","valueRequired":true,"valueName":"search_term_string"}}],"inLanguage":"en-GB"},{"@type":"Organization","@id":"https:\/\/skaitytaknyga.lt\/#organization","name":"skaitytaknyga.lt","url":"https:\/\/skaitytaknyga.lt\/","logo":{"@type":"ImageObject","inLanguage":"en-GB","@id":"https:\/\/skaitytaknyga.lt\/#\/schema\/logo\/image\/","url":"https:\/\/skaitytaknyga.lt\/wp-content\/uploads\/2024\/05\/cropped-cropped-cropped-02_00843_jt3bggkj1j3HLc7SyY6rEUpg.jpeg","contentUrl":"https:\/\/skaitytaknyga.lt\/wp-content\/uploads\/2024\/05\/cropped-cropped-cropped-02_00843_jt3bggkj1j3HLc7SyY6rEUpg.jpeg","width":1600,"height":1600,"caption":"skaitytaknyga.lt"},"image":{"@id":"https:\/\/skaitytaknyga.lt\/#\/schema\/logo\/image\/"},"sameAs":["https:\/\/www.facebook.com\/skaitytaknyga\/"]}]}},"_links":{"self":[{"href":"https:\/\/skaitytaknyga.lt\/en\/wp-json\/wp\/v2\/product\/9328","targetHints":{"allow":["GET"]}}],"collection":[{"href":"https:\/\/skaitytaknyga.lt\/en\/wp-json\/wp\/v2\/product"}],"about":[{"href":"https:\/\/skaitytaknyga.lt\/en\/wp-json\/wp\/v2\/types\/product"}],"replies":[{"embeddable":true,"href":"https:\/\/skaitytaknyga.lt\/en\/wp-json\/wp\/v2\/comments?post=9328"}],"wp:featuredmedia":[{"embeddable":true,"href":"https:\/\/skaitytaknyga.lt\/en\/wp-json\/wp\/v2\/media\/6615"}],"wp:attachment":[{"href":"https:\/\/skaitytaknyga.lt\/en\/wp-json\/wp\/v2\/media?parent=9328"}],"wp:term":[{"taxonomy":"product_brand","embeddable":true,"href":"https:\/\/skaitytaknyga.lt\/en\/wp-json\/wp\/v2\/product_brand?post=9328"},{"taxonomy":"product_cat","embeddable":true,"href":"https:\/\/skaitytaknyga.lt\/en\/wp-json\/wp\/v2\/product_cat?post=9328"},{"taxonomy":"product_tag","embeddable":true,"href":"https:\/\/skaitytaknyga.lt\/en\/wp-json\/wp\/v2\/product_tag?post=9328"}],"curies":[{"name":"wp","href":"https:\/\/api.w.org\/{rel}","templated":true}]}}