{"id":9321,"date":"2024-05-04T15:01:07","date_gmt":"2024-05-04T15:01:07","guid":{"rendered":"https:\/\/skaitytaknyga.lt\/?post_type=product&#038;p=9321"},"modified":"2026-03-18T15:00:01","modified_gmt":"2026-03-18T13:00:01","slug":"uzsiziebkite-kvedlinburgo-analai-2","status":"publish","type":"product","link":"https:\/\/skaitytaknyga.lt\/en\/produktas\/uzsiziebkite-kvedlinburgo-analai-2\/","title":{"rendered":"U\u017esi\u017eiebkite, Kvedlinburgo analai"},"content":{"rendered":"<p>\u017dinomas \u017eurnalistas Leonas Stepanauskas, art\u0117jant Lietuvos vardo pamin\u0117jimo Kvedlinburgo analuose t\u016bkstantme\u010diui, s\u0117do \u012f automobil\u012f ir patrauk\u0117 i\u0161 Berlyno Kvedlinburgo link. \u0160iandieniai \u0161ios trasos vaizdai jo knygoje originaliai beletristi\u0161kai susipina su tokiais keliais, vaizdais, \u012fvykiais ir asmenyb\u0117mis, kokie jie buvo prie\u0161 de\u0161imt\u012f \u0161imtme\u010di\u0173. Lakoni\u0161kai, populiariai, patraukliai pavaizduojama visa, k\u0105 svarbu \u017einoti apie \u0161v. Brunon\u0105, apie Kvedlinburg\u0105 ir analus, apie ano ir \u0161io laiko s\u0105\u0161aukas. Trumpai pasakyta esm\u0117, ir pasakyta autenti\u0161kai, remiantis asmeni\u0161komis patirtimis. Voki\u0161koji pasakojimo versija sudomins Lietuvos sve\u010dius.<\/p>\n","protected":false},"excerpt":{"rendered":"<p>\u017dinomas \u017eurnalistas Leonas Stepanauskas, art\u0117jant Lietuvos vardo pamin\u0117jimo Kvedlinburgo analuose t\u016bkstantme\u010diui, s\u0117do \u012f automobil\u012f ir patrauk\u0117 i\u0161 Berlyno Kvedlinburgo link. \u0160iandieniai \u0161ios trasos vaizdai jo knygoje originaliai beletristi\u0161kai susipina su tokiais keliais, vaizdais, \u012fvykiais ir asmenyb\u0117mis, kokie jie buvo prie\u0161 de\u0161imt\u012f \u0161imtme\u010di\u0173. Lakoni\u0161kai, populiariai, patraukliai pavaizduojama visa, k\u0105 svarbu \u017einoti apie \u0161v. Brunon\u0105, apie Kvedlinburg\u0105 ir analus, apie ano ir \u0161io laiko s\u0105\u0161aukas. Trumpai pasakyta esm\u0117, ir pasakyta autenti\u0161kai, remiantis asmeni\u0161komis patirtimis. Voki\u0161koji pasakojimo versija sudomins Lietuvos sve\u010dius.<\/p>\n","protected":false},"featured_media":6601,"comment_status":"closed","ping_status":"closed","template":"","meta":{"_acf_changed":false,"site-sidebar-layout":"default","site-content-layout":"","ast-site-content-layout":"default","site-content-style":"default","site-sidebar-style":"default","ast-global-header-display":"","ast-banner-title-visibility":"","ast-main-header-display":"","ast-hfb-above-header-display":"","ast-hfb-below-header-display":"","ast-hfb-mobile-header-display":"","site-post-title":"","ast-breadcrumbs-content":"","ast-featured-img":"","footer-sml-layout":"","ast-disable-related-posts":"","theme-transparent-header-meta":"","adv-header-id-meta":"","stick-header-meta":"","header-above-stick-meta":"","header-main-stick-meta":"","header-below-stick-meta":"","astra-migrate-meta-layouts":"default","ast-page-background-enabled":"default","ast-page-background-meta":{"desktop":{"background-color":"","background-image":"","background-repeat":"repeat","background-position":"center center","background-size":"auto","background-attachment":"scroll","background-type":"","background-media":"","overlay-type":"","overlay-color":"","overlay-opacity":"","overlay-gradient":""},"tablet":{"background-color":"","background-image":"","background-repeat":"repeat","background-position":"center center","background-size":"auto","background-attachment":"scroll","background-type":"","background-media":"","overlay-type":"","overlay-color":"","overlay-opacity":"","overlay-gradient":""},"mobile":{"background-color":"","background-image":"","background-repeat":"repeat","background-position":"center center","background-size":"auto","background-attachment":"scroll","background-type":"","background-media":"","overlay-type":"","overlay-color":"","overlay-opacity":"","overlay-gradient":""}},"ast-content-background-meta":{"desktop":{"background-color":"var(--ast-global-color-4)","background-image":"","background-repeat":"repeat","background-position":"center center","background-size":"auto","background-attachment":"scroll","background-type":"","background-media":"","overlay-type":"","overlay-color":"","overlay-opacity":"","overlay-gradient":""},"tablet":{"background-color":"var(--ast-global-color-4)","background-image":"","background-repeat":"repeat","background-position":"center center","background-size":"auto","background-attachment":"scroll","background-type":"","background-media":"","overlay-type":"","overlay-color":"","overlay-opacity":"","overlay-gradient":""},"mobile":{"background-color":"var(--ast-global-color-4)","background-image":"","background-repeat":"repeat","background-position":"center center","background-size":"auto","background-attachment":"scroll","background-type":"","background-media":"","overlay-type":"","overlay-color":"","overlay-opacity":"","overlay-gradient":""}}},"product_brand":[],"product_cat":[174,9862],"product_tag":[],"class_list":{"0":"post-9321","1":"product","2":"type-product","3":"status-publish","4":"has-post-thumbnail","6":"product_cat-istorija-ir-politologija","7":"product_cat-lietuvos-istorija","8":"desktop-align-left","9":"tablet-align-left","10":"mobile-align-left","12":"first","13":"instock","14":"shipping-taxable","15":"purchasable","16":"product-type-simple"},"acf":[],"yoast_head":"<!-- This site is optimized with the Yoast SEO plugin v27.4 - https:\/\/yoast.com\/product\/yoast-seo-wordpress\/ -->\n<title>U\u017esi\u017eiebkite, Kvedlinburgo analai<\/title>\n<meta name=\"description\" content=\"\u017dinomas \u017eurnalistas Leonas Stepanauskas, art\u0117jant Lietuvos vardo pamin\u0117jimo Kvedlinburgo analuose t\u016bkstantme\u010diui, s\u0117do \u012f automobil\u012f ir patrauk\u0117 i\u0161 Berlyno Kvedlinburgo link. \u0160iandieniai \u0161ios trasos vaizdai jo knygoje originaliai beletristi\u0161kai susipina su tokiais keliais, vaizdais, \u012fvykiais ir asmenyb\u0117mis, kokie jie buvo prie\u0161 de\u0161imt\u012f \u0161imtme\u010di\u0173. Lakoni\u0161kai, populiariai, patraukliai pavaizduojama visa, k\u0105 svarbu \u017einoti apie \u0161v. Brunon\u0105, apie Kvedlinburg\u0105 ir analus, apie ano ir \u0161io laiko s\u0105\u0161aukas. Trumpai pasakyta esm\u0117, ir pasakyta autenti\u0161kai, remiantis asmeni\u0161komis patirtimis. Voki\u0161koji pasakojimo versija sudomins Lietuvos sve\u010dius.\" \/>\n<meta name=\"robots\" content=\"index, follow, max-snippet:-1, max-image-preview:large, max-video-preview:-1\" \/>\n<link rel=\"canonical\" href=\"https:\/\/skaitytaknyga.lt\/en\/produktas\/uzsiziebkite-kvedlinburgo-analai-2\/\" \/>\n<meta property=\"og:locale\" content=\"en_GB\" \/>\n<meta property=\"og:locale:alternate\" content=\"lt_LT\" \/>\n<meta property=\"og:type\" content=\"article\" \/>\n<meta property=\"og:title\" content=\"U\u017esi\u017eiebkite, Kvedlinburgo analai\" \/>\n<meta property=\"og:description\" content=\"\u017dinomas \u017eurnalistas Leonas Stepanauskas, art\u0117jant Lietuvos vardo pamin\u0117jimo Kvedlinburgo analuose t\u016bkstantme\u010diui, s\u0117do \u012f automobil\u012f ir patrauk\u0117 i\u0161 Berlyno Kvedlinburgo link. \u0160iandieniai \u0161ios trasos vaizdai jo knygoje originaliai beletristi\u0161kai susipina su tokiais keliais, vaizdais, \u012fvykiais ir asmenyb\u0117mis, kokie jie buvo prie\u0161 de\u0161imt\u012f \u0161imtme\u010di\u0173. Lakoni\u0161kai, populiariai, patraukliai pavaizduojama visa, k\u0105 svarbu \u017einoti apie \u0161v. Brunon\u0105, apie Kvedlinburg\u0105 ir analus, apie ano ir \u0161io laiko s\u0105\u0161aukas. Trumpai pasakyta esm\u0117, ir pasakyta autenti\u0161kai, remiantis asmeni\u0161komis patirtimis. Voki\u0161koji pasakojimo versija sudomins Lietuvos sve\u010dius.\" \/>\n<meta property=\"og:url\" content=\"https:\/\/skaitytaknyga.lt\/en\/produktas\/uzsiziebkite-kvedlinburgo-analai-2\/\" \/>\n<meta property=\"og:site_name\" content=\"Skaitytaknyga\" \/>\n<meta property=\"article:publisher\" content=\"https:\/\/www.facebook.com\/skaitytaknyga\/\" \/>\n<meta property=\"article:modified_time\" content=\"2026-03-18T13:00:01+00:00\" \/>\n<meta property=\"og:image\" content=\"https:\/\/skaitytaknyga.lt\/wp-content\/uploads\/2024\/05\/153947-uzsiziebkite-kvedlinburgo-analai.jpg\" \/>\n\t<meta property=\"og:image:width\" content=\"856\" \/>\n\t<meta property=\"og:image:height\" content=\"1270\" \/>\n\t<meta property=\"og:image:type\" content=\"image\/jpeg\" \/>\n<meta name=\"twitter:card\" content=\"summary_large_image\" \/>\n<script type=\"application\/ld+json\" class=\"yoast-schema-graph\">{\"@context\":\"https:\\\/\\\/schema.org\",\"@graph\":[{\"@type\":\"WebPage\",\"@id\":\"https:\\\/\\\/skaitytaknyga.lt\\\/produktas\\\/uzsiziebkite-kvedlinburgo-analai-2\\\/\",\"url\":\"https:\\\/\\\/skaitytaknyga.lt\\\/produktas\\\/uzsiziebkite-kvedlinburgo-analai-2\\\/\",\"name\":\"U\u017esi\u017eiebkite, Kvedlinburgo analai\",\"isPartOf\":{\"@id\":\"https:\\\/\\\/skaitytaknyga.lt\\\/#website\"},\"primaryImageOfPage\":{\"@id\":\"https:\\\/\\\/skaitytaknyga.lt\\\/produktas\\\/uzsiziebkite-kvedlinburgo-analai-2\\\/#primaryimage\"},\"image\":{\"@id\":\"https:\\\/\\\/skaitytaknyga.lt\\\/produktas\\\/uzsiziebkite-kvedlinburgo-analai-2\\\/#primaryimage\"},\"thumbnailUrl\":\"https:\\\/\\\/skaitytaknyga.lt\\\/wp-content\\\/uploads\\\/2024\\\/05\\\/153947-uzsiziebkite-kvedlinburgo-analai.jpg\",\"datePublished\":\"2024-05-04T15:01:07+00:00\",\"dateModified\":\"2026-03-18T13:00:01+00:00\",\"description\":\"\u017dinomas \u017eurnalistas Leonas Stepanauskas, art\u0117jant Lietuvos vardo pamin\u0117jimo Kvedlinburgo analuose t\u016bkstantme\u010diui, s\u0117do \u012f automobil\u012f ir patrauk\u0117 i\u0161 Berlyno Kvedlinburgo link. \u0160iandieniai \u0161ios trasos vaizdai jo knygoje originaliai beletristi\u0161kai susipina su tokiais keliais, vaizdais, \u012fvykiais ir asmenyb\u0117mis, kokie jie buvo prie\u0161 de\u0161imt\u012f \u0161imtme\u010di\u0173. Lakoni\u0161kai, populiariai, patraukliai pavaizduojama visa, k\u0105 svarbu \u017einoti apie \u0161v. Brunon\u0105, apie Kvedlinburg\u0105 ir analus, apie ano ir \u0161io laiko s\u0105\u0161aukas. Trumpai pasakyta esm\u0117, ir pasakyta autenti\u0161kai, remiantis asmeni\u0161komis patirtimis. Voki\u0161koji pasakojimo versija sudomins Lietuvos sve\u010dius.\",\"breadcrumb\":{\"@id\":\"https:\\\/\\\/skaitytaknyga.lt\\\/produktas\\\/uzsiziebkite-kvedlinburgo-analai-2\\\/#breadcrumb\"},\"inLanguage\":\"en-GB\",\"potentialAction\":[{\"@type\":\"ReadAction\",\"target\":[\"https:\\\/\\\/skaitytaknyga.lt\\\/produktas\\\/uzsiziebkite-kvedlinburgo-analai-2\\\/\"]}]},{\"@type\":\"ImageObject\",\"inLanguage\":\"en-GB\",\"@id\":\"https:\\\/\\\/skaitytaknyga.lt\\\/produktas\\\/uzsiziebkite-kvedlinburgo-analai-2\\\/#primaryimage\",\"url\":\"https:\\\/\\\/skaitytaknyga.lt\\\/wp-content\\\/uploads\\\/2024\\\/05\\\/153947-uzsiziebkite-kvedlinburgo-analai.jpg\",\"contentUrl\":\"https:\\\/\\\/skaitytaknyga.lt\\\/wp-content\\\/uploads\\\/2024\\\/05\\\/153947-uzsiziebkite-kvedlinburgo-analai.jpg\",\"width\":856,\"height\":1270},{\"@type\":\"BreadcrumbList\",\"@id\":\"https:\\\/\\\/skaitytaknyga.lt\\\/produktas\\\/uzsiziebkite-kvedlinburgo-analai-2\\\/#breadcrumb\",\"itemListElement\":[{\"@type\":\"ListItem\",\"position\":1,\"name\":\"Home\",\"item\":\"https:\\\/\\\/skaitytaknyga.lt\\\/\"},{\"@type\":\"ListItem\",\"position\":2,\"name\":\"Parduotuv\u0117\",\"item\":\"https:\\\/\\\/skaitytaknyga.lt\\\/knygu-parduotuve\\\/\"},{\"@type\":\"ListItem\",\"position\":3,\"name\":\"U\u017esi\u017eiebkite, Kvedlinburgo analai\"}]},{\"@type\":\"WebSite\",\"@id\":\"https:\\\/\\\/skaitytaknyga.lt\\\/#website\",\"url\":\"https:\\\/\\\/skaitytaknyga.lt\\\/\",\"name\":\"skaitytaknyga.lt\",\"description\":\"Skaitytaknyga.lt \u2013 tai ma\u017eas \u0161eimos verslas, kuris prasid\u0117jo nuo meil\u0117s knygoms ir siekio i\u0161gelb\u0117ti knygas nuo likimo prie konteinerio. Kas vienam nereikalingas daiktas \u2013 kitam lobis, o mes esame tarpininkai, kurie padeda abiems tapti laimingesniems ???? \u017dinome kaip nelengva i\u0161gyventi ma\u017eiems verslams, tad nuo \u0161iol, \u010dia rasite ir kit\u0173, ma\u017e\u0173 \u0161eim\u0173 versl\u0173, rank\u0173 darbo, dovan\u0173 sau ir artimiesiems.\",\"publisher\":{\"@id\":\"https:\\\/\\\/skaitytaknyga.lt\\\/#organization\"},\"potentialAction\":[{\"@type\":\"SearchAction\",\"target\":{\"@type\":\"EntryPoint\",\"urlTemplate\":\"https:\\\/\\\/skaitytaknyga.lt\\\/?s={search_term_string}\"},\"query-input\":{\"@type\":\"PropertyValueSpecification\",\"valueRequired\":true,\"valueName\":\"search_term_string\"}}],\"inLanguage\":\"en-GB\"},{\"@type\":\"Organization\",\"@id\":\"https:\\\/\\\/skaitytaknyga.lt\\\/#organization\",\"name\":\"skaitytaknyga.lt\",\"url\":\"https:\\\/\\\/skaitytaknyga.lt\\\/\",\"logo\":{\"@type\":\"ImageObject\",\"inLanguage\":\"en-GB\",\"@id\":\"https:\\\/\\\/skaitytaknyga.lt\\\/#\\\/schema\\\/logo\\\/image\\\/\",\"url\":\"https:\\\/\\\/skaitytaknyga.lt\\\/wp-content\\\/uploads\\\/2024\\\/05\\\/cropped-cropped-cropped-02_00843_jt3bggkj1j3HLc7SyY6rEUpg.jpeg\",\"contentUrl\":\"https:\\\/\\\/skaitytaknyga.lt\\\/wp-content\\\/uploads\\\/2024\\\/05\\\/cropped-cropped-cropped-02_00843_jt3bggkj1j3HLc7SyY6rEUpg.jpeg\",\"width\":1600,\"height\":1600,\"caption\":\"skaitytaknyga.lt\"},\"image\":{\"@id\":\"https:\\\/\\\/skaitytaknyga.lt\\\/#\\\/schema\\\/logo\\\/image\\\/\"},\"sameAs\":[\"https:\\\/\\\/www.facebook.com\\\/skaitytaknyga\\\/\"]}]}<\/script>\n<!-- \/ Yoast SEO plugin. -->","yoast_head_json":{"title":"U\u017esi\u017eiebkite, Kvedlinburgo analai","description":"\u017dinomas \u017eurnalistas Leonas Stepanauskas, art\u0117jant Lietuvos vardo pamin\u0117jimo Kvedlinburgo analuose t\u016bkstantme\u010diui, s\u0117do \u012f automobil\u012f ir patrauk\u0117 i\u0161 Berlyno Kvedlinburgo link. \u0160iandieniai \u0161ios trasos vaizdai jo knygoje originaliai beletristi\u0161kai susipina su tokiais keliais, vaizdais, \u012fvykiais ir asmenyb\u0117mis, kokie jie buvo prie\u0161 de\u0161imt\u012f \u0161imtme\u010di\u0173. Lakoni\u0161kai, populiariai, patraukliai pavaizduojama visa, k\u0105 svarbu \u017einoti apie \u0161v. Brunon\u0105, apie Kvedlinburg\u0105 ir analus, apie ano ir \u0161io laiko s\u0105\u0161aukas. Trumpai pasakyta esm\u0117, ir pasakyta autenti\u0161kai, remiantis asmeni\u0161komis patirtimis. Voki\u0161koji pasakojimo versija sudomins Lietuvos sve\u010dius.","robots":{"index":"index","follow":"follow","max-snippet":"max-snippet:-1","max-image-preview":"max-image-preview:large","max-video-preview":"max-video-preview:-1"},"canonical":"https:\/\/skaitytaknyga.lt\/en\/produktas\/uzsiziebkite-kvedlinburgo-analai-2\/","og_locale":"en_GB","og_type":"article","og_title":"[:lt]U\u017esi\u017eiebkite, Kvedlinburgo analai[:] - Skaitytaknyga","og_description":"\u017dinomas \u017eurnalistas Leonas Stepanauskas, art\u0117jant Lietuvos vardo pamin\u0117jimo Kvedlinburgo analuose t\u016bkstantme\u010diui, s\u0117do \u012f automobil\u012f ir patrauk\u0117 i\u0161 Berlyno Kvedlinburgo link. \u0160iandieniai \u0161ios trasos vaizdai jo knygoje originaliai beletristi\u0161kai susipina su tokiais keliais, vaizdais, \u012fvykiais ir asmenyb\u0117mis, kokie jie buvo prie\u0161 de\u0161imt\u012f \u0161imtme\u010di\u0173. Lakoni\u0161kai, populiariai, patraukliai pavaizduojama visa, k\u0105 svarbu \u017einoti apie \u0161v. Brunon\u0105, apie Kvedlinburg\u0105 ir analus, apie ano ir \u0161io laiko s\u0105\u0161aukas. Trumpai pasakyta esm\u0117, ir pasakyta autenti\u0161kai, remiantis asmeni\u0161komis patirtimis. Voki\u0161koji pasakojimo versija sudomins Lietuvos sve\u010dius.","og_url":"https:\/\/skaitytaknyga.lt\/en\/produktas\/uzsiziebkite-kvedlinburgo-analai-2\/","og_site_name":"Skaitytaknyga","article_publisher":"https:\/\/www.facebook.com\/skaitytaknyga\/","article_modified_time":"2026-03-18T13:00:01+00:00","og_image":[{"width":856,"height":1270,"url":"https:\/\/skaitytaknyga.lt\/wp-content\/uploads\/2024\/05\/153947-uzsiziebkite-kvedlinburgo-analai.jpg","type":"image\/jpeg"}],"twitter_card":"summary_large_image","schema":{"@context":"https:\/\/schema.org","@graph":[{"@type":"WebPage","@id":"https:\/\/skaitytaknyga.lt\/produktas\/uzsiziebkite-kvedlinburgo-analai-2\/","url":"https:\/\/skaitytaknyga.lt\/produktas\/uzsiziebkite-kvedlinburgo-analai-2\/","name":"U\u017esi\u017eiebkite, Kvedlinburgo analai","isPartOf":{"@id":"https:\/\/skaitytaknyga.lt\/#website"},"primaryImageOfPage":{"@id":"https:\/\/skaitytaknyga.lt\/produktas\/uzsiziebkite-kvedlinburgo-analai-2\/#primaryimage"},"image":{"@id":"https:\/\/skaitytaknyga.lt\/produktas\/uzsiziebkite-kvedlinburgo-analai-2\/#primaryimage"},"thumbnailUrl":"https:\/\/skaitytaknyga.lt\/wp-content\/uploads\/2024\/05\/153947-uzsiziebkite-kvedlinburgo-analai.jpg","datePublished":"2024-05-04T15:01:07+00:00","dateModified":"2026-03-18T13:00:01+00:00","description":"\u017dinomas \u017eurnalistas Leonas Stepanauskas, art\u0117jant Lietuvos vardo pamin\u0117jimo Kvedlinburgo analuose t\u016bkstantme\u010diui, s\u0117do \u012f automobil\u012f ir patrauk\u0117 i\u0161 Berlyno Kvedlinburgo link. \u0160iandieniai \u0161ios trasos vaizdai jo knygoje originaliai beletristi\u0161kai susipina su tokiais keliais, vaizdais, \u012fvykiais ir asmenyb\u0117mis, kokie jie buvo prie\u0161 de\u0161imt\u012f \u0161imtme\u010di\u0173. Lakoni\u0161kai, populiariai, patraukliai pavaizduojama visa, k\u0105 svarbu \u017einoti apie \u0161v. Brunon\u0105, apie Kvedlinburg\u0105 ir analus, apie ano ir \u0161io laiko s\u0105\u0161aukas. Trumpai pasakyta esm\u0117, ir pasakyta autenti\u0161kai, remiantis asmeni\u0161komis patirtimis. Voki\u0161koji pasakojimo versija sudomins Lietuvos sve\u010dius.","breadcrumb":{"@id":"https:\/\/skaitytaknyga.lt\/produktas\/uzsiziebkite-kvedlinburgo-analai-2\/#breadcrumb"},"inLanguage":"en-GB","potentialAction":[{"@type":"ReadAction","target":["https:\/\/skaitytaknyga.lt\/produktas\/uzsiziebkite-kvedlinburgo-analai-2\/"]}]},{"@type":"ImageObject","inLanguage":"en-GB","@id":"https:\/\/skaitytaknyga.lt\/produktas\/uzsiziebkite-kvedlinburgo-analai-2\/#primaryimage","url":"https:\/\/skaitytaknyga.lt\/wp-content\/uploads\/2024\/05\/153947-uzsiziebkite-kvedlinburgo-analai.jpg","contentUrl":"https:\/\/skaitytaknyga.lt\/wp-content\/uploads\/2024\/05\/153947-uzsiziebkite-kvedlinburgo-analai.jpg","width":856,"height":1270},{"@type":"BreadcrumbList","@id":"https:\/\/skaitytaknyga.lt\/produktas\/uzsiziebkite-kvedlinburgo-analai-2\/#breadcrumb","itemListElement":[{"@type":"ListItem","position":1,"name":"Home","item":"https:\/\/skaitytaknyga.lt\/"},{"@type":"ListItem","position":2,"name":"Parduotuv\u0117","item":"https:\/\/skaitytaknyga.lt\/knygu-parduotuve\/"},{"@type":"ListItem","position":3,"name":"U\u017esi\u017eiebkite, Kvedlinburgo analai"}]},{"@type":"WebSite","@id":"https:\/\/skaitytaknyga.lt\/#website","url":"https:\/\/skaitytaknyga.lt\/","name":"skaitytaknyga.lt","description":"Skaitytaknyga.lt \u2013 tai ma\u017eas \u0161eimos verslas, kuris prasid\u0117jo nuo meil\u0117s knygoms ir siekio i\u0161gelb\u0117ti knygas nuo likimo prie konteinerio. Kas vienam nereikalingas daiktas \u2013 kitam lobis, o mes esame tarpininkai, kurie padeda abiems tapti laimingesniems ???? \u017dinome kaip nelengva i\u0161gyventi ma\u017eiems verslams, tad nuo \u0161iol, \u010dia rasite ir kit\u0173, ma\u017e\u0173 \u0161eim\u0173 versl\u0173, rank\u0173 darbo, dovan\u0173 sau ir artimiesiems.","publisher":{"@id":"https:\/\/skaitytaknyga.lt\/#organization"},"potentialAction":[{"@type":"SearchAction","target":{"@type":"EntryPoint","urlTemplate":"https:\/\/skaitytaknyga.lt\/?s={search_term_string}"},"query-input":{"@type":"PropertyValueSpecification","valueRequired":true,"valueName":"search_term_string"}}],"inLanguage":"en-GB"},{"@type":"Organization","@id":"https:\/\/skaitytaknyga.lt\/#organization","name":"skaitytaknyga.lt","url":"https:\/\/skaitytaknyga.lt\/","logo":{"@type":"ImageObject","inLanguage":"en-GB","@id":"https:\/\/skaitytaknyga.lt\/#\/schema\/logo\/image\/","url":"https:\/\/skaitytaknyga.lt\/wp-content\/uploads\/2024\/05\/cropped-cropped-cropped-02_00843_jt3bggkj1j3HLc7SyY6rEUpg.jpeg","contentUrl":"https:\/\/skaitytaknyga.lt\/wp-content\/uploads\/2024\/05\/cropped-cropped-cropped-02_00843_jt3bggkj1j3HLc7SyY6rEUpg.jpeg","width":1600,"height":1600,"caption":"skaitytaknyga.lt"},"image":{"@id":"https:\/\/skaitytaknyga.lt\/#\/schema\/logo\/image\/"},"sameAs":["https:\/\/www.facebook.com\/skaitytaknyga\/"]}]}},"_links":{"self":[{"href":"https:\/\/skaitytaknyga.lt\/en\/wp-json\/wp\/v2\/product\/9321","targetHints":{"allow":["GET"]}}],"collection":[{"href":"https:\/\/skaitytaknyga.lt\/en\/wp-json\/wp\/v2\/product"}],"about":[{"href":"https:\/\/skaitytaknyga.lt\/en\/wp-json\/wp\/v2\/types\/product"}],"replies":[{"embeddable":true,"href":"https:\/\/skaitytaknyga.lt\/en\/wp-json\/wp\/v2\/comments?post=9321"}],"wp:featuredmedia":[{"embeddable":true,"href":"https:\/\/skaitytaknyga.lt\/en\/wp-json\/wp\/v2\/media\/6601"}],"wp:attachment":[{"href":"https:\/\/skaitytaknyga.lt\/en\/wp-json\/wp\/v2\/media?parent=9321"}],"wp:term":[{"taxonomy":"product_brand","embeddable":true,"href":"https:\/\/skaitytaknyga.lt\/en\/wp-json\/wp\/v2\/product_brand?post=9321"},{"taxonomy":"product_cat","embeddable":true,"href":"https:\/\/skaitytaknyga.lt\/en\/wp-json\/wp\/v2\/product_cat?post=9321"},{"taxonomy":"product_tag","embeddable":true,"href":"https:\/\/skaitytaknyga.lt\/en\/wp-json\/wp\/v2\/product_tag?post=9321"}],"curies":[{"name":"wp","href":"https:\/\/api.w.org\/{rel}","templated":true}]}}