{"id":9320,"date":"2024-05-04T15:01:07","date_gmt":"2024-05-04T15:01:07","guid":{"rendered":"https:\/\/skaitytaknyga.lt\/?post_type=product&#038;p=9320"},"modified":"2026-03-18T15:00:01","modified_gmt":"2026-03-18T13:00:01","slug":"vytautas-merkys-atminties-prosvaistes-2","status":"publish","type":"product","link":"https:\/\/skaitytaknyga.lt\/en\/produktas\/vytautas-merkys-atminties-prosvaistes-2\/","title":{"rendered":"Vytautas Merkys \u201eAtminties pro\u0161vaist\u0117s\u201c"},"content":{"rendered":"<p>\u0160ioje knygoje V. Merkys ry\u017eosi para\u0161yti viso gyvenimo atsiminimus (gal dar per anksti?), \u017evelgdamas nuo savo patyrimo \u201ekalnelio\u201c, i\u0161 savo pasaul\u0117\u017evalgos centro. Betgi autorius nekelia sau istoriografin\u0117s autoanaliz\u0117s tikslo, jam svarbiausia jo ir kit\u0173 m\u016bs\u0173 istorik\u0173 darbo aplinkyb\u0117s, determinuotos sovietme\u010dio ir m\u016bs\u0173 tautinio atgimimo. Net ir sunkiausiomis s\u0105lygomis jis ie\u0161kojo b\u016bd\u0173, kaip istorijos moksle eiti link Tiesos, ir siek\u0117 neprarasti tautinio ir moralinio orumo.<\/p>\n<p>Jo mokslin\u0117 potencija brand\u017eiausia forma prasiver\u017e\u0117 drauge su S\u0105j\u016bd\u017eiu ir Lietuvos Respublikos atk\u016brimu. Per vis\u0105 netrump\u0105 am\u017ei\u0173 autorius tur\u0117jo daug pa\u017e\u012fstam\u0173, draug\u0173, mokslo bi\u010diuli\u0173 ne tik Lietuvoje, bet ir kitose valstyb\u0117se. Apie juos ra\u0161o tai, k\u0105 pats mat\u0117, gird\u0117jo ir kas galb\u016bt ma\u017eai \u017einoma arba ne\u017einoma kitiems.<\/p>\n<p>Autoriui n\u0117ra visi\u0161kai neigiam\u0173 (i\u0161skyrus \u017eudikus) ir visi\u0161kai teigiam\u0173 persona\u017e\u0173, juose ie\u0161ko humanistini\u0173 vertybi\u0173.<\/p>\n","protected":false},"excerpt":{"rendered":"<p>\u0160ioje knygoje V. Merkys ry\u017eosi para\u0161yti viso gyvenimo atsiminimus (gal dar per anksti?), \u017evelgdamas nuo savo patyrimo \u201ekalnelio\u201c, i\u0161 savo pasaul\u0117\u017evalgos centro. Betgi autorius nekelia sau istoriografin\u0117s autoanaliz\u0117s tikslo, jam svarbiausia jo ir kit\u0173 m\u016bs\u0173 istorik\u0173 darbo aplinkyb\u0117s, determinuotos sovietme\u010dio ir m\u016bs\u0173 tautinio atgimimo. Net ir sunkiausiomis s\u0105lygomis jis ie\u0161kojo b\u016bd\u0173, kaip istorijos moksle eiti link Tiesos, ir siek\u0117 neprarasti tautinio ir moralinio orumo.<\/p>\n<p>Jo mokslin\u0117 potencija brand\u017eiausia forma prasiver\u017e\u0117 drauge su S\u0105j\u016bd\u017eiu ir Lietuvos Respublikos atk\u016brimu. Per vis\u0105 netrump\u0105 am\u017ei\u0173 autorius tur\u0117jo daug pa\u017e\u012fstam\u0173, draug\u0173, mokslo bi\u010diuli\u0173 ne tik Lietuvoje, bet ir kitose valstyb\u0117se. Apie juos ra\u0161o tai, k\u0105 pats mat\u0117, gird\u0117jo ir kas galb\u016bt ma\u017eai \u017einoma arba ne\u017einoma kitiems.<\/p>\n<p>Autoriui n\u0117ra visi\u0161kai neigiam\u0173 (i\u0161skyrus \u017eudikus) ir visi\u0161kai teigiam\u0173 persona\u017e\u0173, juose ie\u0161ko humanistini\u0173 vertybi\u0173.<\/p>\n","protected":false},"featured_media":6600,"comment_status":"closed","ping_status":"closed","template":"","meta":{"_acf_changed":false,"site-sidebar-layout":"default","site-content-layout":"","ast-site-content-layout":"default","site-content-style":"default","site-sidebar-style":"default","ast-global-header-display":"","ast-banner-title-visibility":"","ast-main-header-display":"","ast-hfb-above-header-display":"","ast-hfb-below-header-display":"","ast-hfb-mobile-header-display":"","site-post-title":"","ast-breadcrumbs-content":"","ast-featured-img":"","footer-sml-layout":"","ast-disable-related-posts":"","theme-transparent-header-meta":"","adv-header-id-meta":"","stick-header-meta":"","header-above-stick-meta":"","header-main-stick-meta":"","header-below-stick-meta":"","astra-migrate-meta-layouts":"default","ast-page-background-enabled":"default","ast-page-background-meta":{"desktop":{"background-color":"","background-image":"","background-repeat":"repeat","background-position":"center center","background-size":"auto","background-attachment":"scroll","background-type":"","background-media":"","overlay-type":"","overlay-color":"","overlay-opacity":"","overlay-gradient":""},"tablet":{"background-color":"","background-image":"","background-repeat":"repeat","background-position":"center center","background-size":"auto","background-attachment":"scroll","background-type":"","background-media":"","overlay-type":"","overlay-color":"","overlay-opacity":"","overlay-gradient":""},"mobile":{"background-color":"","background-image":"","background-repeat":"repeat","background-position":"center center","background-size":"auto","background-attachment":"scroll","background-type":"","background-media":"","overlay-type":"","overlay-color":"","overlay-opacity":"","overlay-gradient":""}},"ast-content-background-meta":{"desktop":{"background-color":"var(--ast-global-color-4)","background-image":"","background-repeat":"repeat","background-position":"center center","background-size":"auto","background-attachment":"scroll","background-type":"","background-media":"","overlay-type":"","overlay-color":"","overlay-opacity":"","overlay-gradient":""},"tablet":{"background-color":"var(--ast-global-color-4)","background-image":"","background-repeat":"repeat","background-position":"center center","background-size":"auto","background-attachment":"scroll","background-type":"","background-media":"","overlay-type":"","overlay-color":"","overlay-opacity":"","overlay-gradient":""},"mobile":{"background-color":"var(--ast-global-color-4)","background-image":"","background-repeat":"repeat","background-position":"center center","background-size":"auto","background-attachment":"scroll","background-type":"","background-media":"","overlay-type":"","overlay-color":"","overlay-opacity":"","overlay-gradient":""}}},"product_brand":[],"product_cat":[33,174,9862],"product_tag":[],"class_list":{"0":"post-9320","1":"product","2":"type-product","3":"status-publish","4":"has-post-thumbnail","6":"product_cat-biografijos","7":"product_cat-istorija-ir-politologija","8":"product_cat-lietuvos-istorija","9":"desktop-align-left","10":"tablet-align-left","11":"mobile-align-left","13":"first","14":"instock","15":"shipping-taxable","16":"purchasable","17":"product-type-simple"},"acf":[],"yoast_head":"<!-- This site is optimized with the Yoast SEO plugin v27.4 - https:\/\/yoast.com\/product\/yoast-seo-wordpress\/ -->\n<title>Vytautas Merkys \u201eAtminties pro\u0161vaist\u0117s\u201c<\/title>\n<meta name=\"description\" content=\"\u0160ioje knygoje V. Merkys ry\u017eosi para\u0161yti viso gyvenimo atsiminimus (gal dar per anksti?), \u017evelgdamas nuo savo patyrimo \u201ekalnelio\u201c, i\u0161 savo pasaul\u0117\u017evalgos centro. Betgi autorius nekelia sau istoriografin\u0117s autoanaliz\u0117s tikslo, jam svarbiausia jo ir kit\u0173 m\u016bs\u0173 istorik\u0173 darbo aplinkyb\u0117s, determinuotos sovietme\u010dio ir m\u016bs\u0173 tautinio atgimimo. Net ir sunkiausiomis s\u0105lygomis jis ie\u0161kojo b\u016bd\u0173, kaip istorijos moksle eiti link Tiesos, ir siek\u0117 neprarasti tautinio ir moralinio orumo.  Jo mokslin\u0117 potencija brand\u017eiausia forma prasiver\u017e\u0117 drauge su S\u0105j\u016bd\u017eiu ir Lietuvos Respublikos atk\u016brimu. Per vis\u0105 netrump\u0105 am\u017ei\u0173 autorius tur\u0117jo daug pa\u017e\u012fstam\u0173, draug\u0173, mokslo bi\u010diuli\u0173 ne tik Lietuvoje, bet ir kitose valstyb\u0117se. Apie juos ra\u0161o tai, k\u0105 pats mat\u0117, gird\u0117jo ir kas galb\u016bt ma\u017eai \u017einoma arba ne\u017einoma kitiems.  Autoriui n\u0117ra visi\u0161kai neigiam\u0173 (i\u0161skyrus \u017eudikus) ir visi\u0161kai teigiam\u0173 persona\u017e\u0173, juose ie\u0161ko humanistini\u0173 vertybi\u0173.\" \/>\n<meta name=\"robots\" content=\"index, follow, max-snippet:-1, max-image-preview:large, max-video-preview:-1\" \/>\n<link rel=\"canonical\" href=\"https:\/\/skaitytaknyga.lt\/en\/produktas\/vytautas-merkys-atminties-prosvaistes-2\/\" \/>\n<meta property=\"og:locale\" content=\"en_GB\" \/>\n<meta property=\"og:locale:alternate\" content=\"lt_LT\" \/>\n<meta property=\"og:type\" content=\"article\" \/>\n<meta property=\"og:title\" content=\"Vytautas Merkys \u201eAtminties pro\u0161vaist\u0117s\u201c\" \/>\n<meta property=\"og:description\" content=\"\u0160ioje knygoje V. Merkys ry\u017eosi para\u0161yti viso gyvenimo atsiminimus (gal dar per anksti?), \u017evelgdamas nuo savo patyrimo \u201ekalnelio\u201c, i\u0161 savo pasaul\u0117\u017evalgos centro. Betgi autorius nekelia sau istoriografin\u0117s autoanaliz\u0117s tikslo, jam svarbiausia jo ir kit\u0173 m\u016bs\u0173 istorik\u0173 darbo aplinkyb\u0117s, determinuotos sovietme\u010dio ir m\u016bs\u0173 tautinio atgimimo. Net ir sunkiausiomis s\u0105lygomis jis ie\u0161kojo b\u016bd\u0173, kaip istorijos moksle eiti link Tiesos, ir siek\u0117 neprarasti tautinio ir moralinio orumo.  Jo mokslin\u0117 potencija brand\u017eiausia forma prasiver\u017e\u0117 drauge su S\u0105j\u016bd\u017eiu ir Lietuvos Respublikos atk\u016brimu. Per vis\u0105 netrump\u0105 am\u017ei\u0173 autorius tur\u0117jo daug pa\u017e\u012fstam\u0173, draug\u0173, mokslo bi\u010diuli\u0173 ne tik Lietuvoje, bet ir kitose valstyb\u0117se. Apie juos ra\u0161o tai, k\u0105 pats mat\u0117, gird\u0117jo ir kas galb\u016bt ma\u017eai \u017einoma arba ne\u017einoma kitiems.  Autoriui n\u0117ra visi\u0161kai neigiam\u0173 (i\u0161skyrus \u017eudikus) ir visi\u0161kai teigiam\u0173 persona\u017e\u0173, juose ie\u0161ko humanistini\u0173 vertybi\u0173.\" \/>\n<meta property=\"og:url\" content=\"https:\/\/skaitytaknyga.lt\/en\/produktas\/vytautas-merkys-atminties-prosvaistes-2\/\" \/>\n<meta property=\"og:site_name\" content=\"Skaitytaknyga\" \/>\n<meta property=\"article:publisher\" content=\"https:\/\/www.facebook.com\/skaitytaknyga\/\" \/>\n<meta property=\"article:modified_time\" content=\"2026-03-18T13:00:01+00:00\" \/>\n<meta property=\"og:image\" content=\"https:\/\/skaitytaknyga.lt\/wp-content\/uploads\/2024\/05\/1462875676_atmi.jpg\" \/>\n\t<meta property=\"og:image:width\" content=\"283\" \/>\n\t<meta property=\"og:image:height\" content=\"430\" \/>\n\t<meta property=\"og:image:type\" content=\"image\/jpeg\" \/>\n<meta name=\"twitter:card\" content=\"summary_large_image\" \/>\n<meta name=\"twitter:label1\" content=\"Estimated reading time\" \/>\n\t<meta name=\"twitter:data1\" content=\"1 minute\" \/>\n<script type=\"application\/ld+json\" class=\"yoast-schema-graph\">{\"@context\":\"https:\\\/\\\/schema.org\",\"@graph\":[{\"@type\":\"WebPage\",\"@id\":\"https:\\\/\\\/skaitytaknyga.lt\\\/produktas\\\/vytautas-merkys-atminties-prosvaistes-2\\\/\",\"url\":\"https:\\\/\\\/skaitytaknyga.lt\\\/produktas\\\/vytautas-merkys-atminties-prosvaistes-2\\\/\",\"name\":\"Vytautas Merkys \u201eAtminties pro\u0161vaist\u0117s\u201c\",\"isPartOf\":{\"@id\":\"https:\\\/\\\/skaitytaknyga.lt\\\/#website\"},\"primaryImageOfPage\":{\"@id\":\"https:\\\/\\\/skaitytaknyga.lt\\\/produktas\\\/vytautas-merkys-atminties-prosvaistes-2\\\/#primaryimage\"},\"image\":{\"@id\":\"https:\\\/\\\/skaitytaknyga.lt\\\/produktas\\\/vytautas-merkys-atminties-prosvaistes-2\\\/#primaryimage\"},\"thumbnailUrl\":\"https:\\\/\\\/skaitytaknyga.lt\\\/wp-content\\\/uploads\\\/2024\\\/05\\\/1462875676_atmi.jpg\",\"datePublished\":\"2024-05-04T15:01:07+00:00\",\"dateModified\":\"2026-03-18T13:00:01+00:00\",\"description\":\"\u0160ioje knygoje V. Merkys ry\u017eosi para\u0161yti viso gyvenimo atsiminimus (gal dar per anksti?), \u017evelgdamas nuo savo patyrimo \u201ekalnelio\u201c, i\u0161 savo pasaul\u0117\u017evalgos centro. Betgi autorius nekelia sau istoriografin\u0117s autoanaliz\u0117s tikslo, jam svarbiausia jo ir kit\u0173 m\u016bs\u0173 istorik\u0173 darbo aplinkyb\u0117s, determinuotos sovietme\u010dio ir m\u016bs\u0173 tautinio atgimimo. Net ir sunkiausiomis s\u0105lygomis jis ie\u0161kojo b\u016bd\u0173, kaip istorijos moksle eiti link Tiesos, ir siek\u0117 neprarasti tautinio ir moralinio orumo. Jo mokslin\u0117 potencija brand\u017eiausia forma prasiver\u017e\u0117 drauge su S\u0105j\u016bd\u017eiu ir Lietuvos Respublikos atk\u016brimu. Per vis\u0105 netrump\u0105 am\u017ei\u0173 autorius tur\u0117jo daug pa\u017e\u012fstam\u0173, draug\u0173, mokslo bi\u010diuli\u0173 ne tik Lietuvoje, bet ir kitose valstyb\u0117se. Apie juos ra\u0161o tai, k\u0105 pats mat\u0117, gird\u0117jo ir kas galb\u016bt ma\u017eai \u017einoma arba ne\u017einoma kitiems. Autoriui n\u0117ra visi\u0161kai neigiam\u0173 (i\u0161skyrus \u017eudikus) ir visi\u0161kai teigiam\u0173 persona\u017e\u0173, juose ie\u0161ko humanistini\u0173 vertybi\u0173.\",\"breadcrumb\":{\"@id\":\"https:\\\/\\\/skaitytaknyga.lt\\\/produktas\\\/vytautas-merkys-atminties-prosvaistes-2\\\/#breadcrumb\"},\"inLanguage\":\"en-GB\",\"potentialAction\":[{\"@type\":\"ReadAction\",\"target\":[\"https:\\\/\\\/skaitytaknyga.lt\\\/produktas\\\/vytautas-merkys-atminties-prosvaistes-2\\\/\"]}]},{\"@type\":\"ImageObject\",\"inLanguage\":\"en-GB\",\"@id\":\"https:\\\/\\\/skaitytaknyga.lt\\\/produktas\\\/vytautas-merkys-atminties-prosvaistes-2\\\/#primaryimage\",\"url\":\"https:\\\/\\\/skaitytaknyga.lt\\\/wp-content\\\/uploads\\\/2024\\\/05\\\/1462875676_atmi.jpg\",\"contentUrl\":\"https:\\\/\\\/skaitytaknyga.lt\\\/wp-content\\\/uploads\\\/2024\\\/05\\\/1462875676_atmi.jpg\",\"width\":283,\"height\":430},{\"@type\":\"BreadcrumbList\",\"@id\":\"https:\\\/\\\/skaitytaknyga.lt\\\/produktas\\\/vytautas-merkys-atminties-prosvaistes-2\\\/#breadcrumb\",\"itemListElement\":[{\"@type\":\"ListItem\",\"position\":1,\"name\":\"Home\",\"item\":\"https:\\\/\\\/skaitytaknyga.lt\\\/\"},{\"@type\":\"ListItem\",\"position\":2,\"name\":\"Parduotuv\u0117\",\"item\":\"https:\\\/\\\/skaitytaknyga.lt\\\/knygu-parduotuve\\\/\"},{\"@type\":\"ListItem\",\"position\":3,\"name\":\"Vytautas Merkys \u201eAtminties pro\u0161vaist\u0117s\u201c\"}]},{\"@type\":\"WebSite\",\"@id\":\"https:\\\/\\\/skaitytaknyga.lt\\\/#website\",\"url\":\"https:\\\/\\\/skaitytaknyga.lt\\\/\",\"name\":\"skaitytaknyga.lt\",\"description\":\"Skaitytaknyga.lt \u2013 tai ma\u017eas \u0161eimos verslas, kuris prasid\u0117jo nuo meil\u0117s knygoms ir siekio i\u0161gelb\u0117ti knygas nuo likimo prie konteinerio. Kas vienam nereikalingas daiktas \u2013 kitam lobis, o mes esame tarpininkai, kurie padeda abiems tapti laimingesniems ???? \u017dinome kaip nelengva i\u0161gyventi ma\u017eiems verslams, tad nuo \u0161iol, \u010dia rasite ir kit\u0173, ma\u017e\u0173 \u0161eim\u0173 versl\u0173, rank\u0173 darbo, dovan\u0173 sau ir artimiesiems.\",\"publisher\":{\"@id\":\"https:\\\/\\\/skaitytaknyga.lt\\\/#organization\"},\"potentialAction\":[{\"@type\":\"SearchAction\",\"target\":{\"@type\":\"EntryPoint\",\"urlTemplate\":\"https:\\\/\\\/skaitytaknyga.lt\\\/?s={search_term_string}\"},\"query-input\":{\"@type\":\"PropertyValueSpecification\",\"valueRequired\":true,\"valueName\":\"search_term_string\"}}],\"inLanguage\":\"en-GB\"},{\"@type\":\"Organization\",\"@id\":\"https:\\\/\\\/skaitytaknyga.lt\\\/#organization\",\"name\":\"skaitytaknyga.lt\",\"url\":\"https:\\\/\\\/skaitytaknyga.lt\\\/\",\"logo\":{\"@type\":\"ImageObject\",\"inLanguage\":\"en-GB\",\"@id\":\"https:\\\/\\\/skaitytaknyga.lt\\\/#\\\/schema\\\/logo\\\/image\\\/\",\"url\":\"https:\\\/\\\/skaitytaknyga.lt\\\/wp-content\\\/uploads\\\/2024\\\/05\\\/cropped-cropped-cropped-02_00843_jt3bggkj1j3HLc7SyY6rEUpg.jpeg\",\"contentUrl\":\"https:\\\/\\\/skaitytaknyga.lt\\\/wp-content\\\/uploads\\\/2024\\\/05\\\/cropped-cropped-cropped-02_00843_jt3bggkj1j3HLc7SyY6rEUpg.jpeg\",\"width\":1600,\"height\":1600,\"caption\":\"skaitytaknyga.lt\"},\"image\":{\"@id\":\"https:\\\/\\\/skaitytaknyga.lt\\\/#\\\/schema\\\/logo\\\/image\\\/\"},\"sameAs\":[\"https:\\\/\\\/www.facebook.com\\\/skaitytaknyga\\\/\"]}]}<\/script>\n<!-- \/ Yoast SEO plugin. -->","yoast_head_json":{"title":"Vytautas Merkys \u201eAtminties pro\u0161vaist\u0117s\u201c","description":"\u0160ioje knygoje V. Merkys ry\u017eosi para\u0161yti viso gyvenimo atsiminimus (gal dar per anksti?), \u017evelgdamas nuo savo patyrimo \u201ekalnelio\u201c, i\u0161 savo pasaul\u0117\u017evalgos centro. Betgi autorius nekelia sau istoriografin\u0117s autoanaliz\u0117s tikslo, jam svarbiausia jo ir kit\u0173 m\u016bs\u0173 istorik\u0173 darbo aplinkyb\u0117s, determinuotos sovietme\u010dio ir m\u016bs\u0173 tautinio atgimimo. Net ir sunkiausiomis s\u0105lygomis jis ie\u0161kojo b\u016bd\u0173, kaip istorijos moksle eiti link Tiesos, ir siek\u0117 neprarasti tautinio ir moralinio orumo.  Jo mokslin\u0117 potencija brand\u017eiausia forma prasiver\u017e\u0117 drauge su S\u0105j\u016bd\u017eiu ir Lietuvos Respublikos atk\u016brimu. Per vis\u0105 netrump\u0105 am\u017ei\u0173 autorius tur\u0117jo daug pa\u017e\u012fstam\u0173, draug\u0173, mokslo bi\u010diuli\u0173 ne tik Lietuvoje, bet ir kitose valstyb\u0117se. Apie juos ra\u0161o tai, k\u0105 pats mat\u0117, gird\u0117jo ir kas galb\u016bt ma\u017eai \u017einoma arba ne\u017einoma kitiems.  Autoriui n\u0117ra visi\u0161kai neigiam\u0173 (i\u0161skyrus \u017eudikus) ir visi\u0161kai teigiam\u0173 persona\u017e\u0173, juose ie\u0161ko humanistini\u0173 vertybi\u0173.","robots":{"index":"index","follow":"follow","max-snippet":"max-snippet:-1","max-image-preview":"max-image-preview:large","max-video-preview":"max-video-preview:-1"},"canonical":"https:\/\/skaitytaknyga.lt\/en\/produktas\/vytautas-merkys-atminties-prosvaistes-2\/","og_locale":"en_GB","og_type":"article","og_title":"[:lt]Vytautas Merkys \u201eAtminties pro\u0161vaist\u0117s\u201c[:] - Skaitytaknyga","og_description":"\u0160ioje knygoje V. Merkys ry\u017eosi para\u0161yti viso gyvenimo atsiminimus (gal dar per anksti?), \u017evelgdamas nuo savo patyrimo \u201ekalnelio\u201c, i\u0161 savo pasaul\u0117\u017evalgos centro. Betgi autorius nekelia sau istoriografin\u0117s autoanaliz\u0117s tikslo, jam svarbiausia jo ir kit\u0173 m\u016bs\u0173 istorik\u0173 darbo aplinkyb\u0117s, determinuotos sovietme\u010dio ir m\u016bs\u0173 tautinio atgimimo. Net ir sunkiausiomis s\u0105lygomis jis ie\u0161kojo b\u016bd\u0173, kaip istorijos moksle eiti link Tiesos, ir siek\u0117 neprarasti tautinio ir moralinio orumo.  Jo mokslin\u0117 potencija brand\u017eiausia forma prasiver\u017e\u0117 drauge su S\u0105j\u016bd\u017eiu ir Lietuvos Respublikos atk\u016brimu. Per vis\u0105 netrump\u0105 am\u017ei\u0173 autorius tur\u0117jo daug pa\u017e\u012fstam\u0173, draug\u0173, mokslo bi\u010diuli\u0173 ne tik Lietuvoje, bet ir kitose valstyb\u0117se. Apie juos ra\u0161o tai, k\u0105 pats mat\u0117, gird\u0117jo ir kas galb\u016bt ma\u017eai \u017einoma arba ne\u017einoma kitiems.  Autoriui n\u0117ra visi\u0161kai neigiam\u0173 (i\u0161skyrus \u017eudikus) ir visi\u0161kai teigiam\u0173 persona\u017e\u0173, juose ie\u0161ko humanistini\u0173 vertybi\u0173.","og_url":"https:\/\/skaitytaknyga.lt\/en\/produktas\/vytautas-merkys-atminties-prosvaistes-2\/","og_site_name":"Skaitytaknyga","article_publisher":"https:\/\/www.facebook.com\/skaitytaknyga\/","article_modified_time":"2026-03-18T13:00:01+00:00","og_image":[{"width":283,"height":430,"url":"https:\/\/skaitytaknyga.lt\/wp-content\/uploads\/2024\/05\/1462875676_atmi.jpg","type":"image\/jpeg"}],"twitter_card":"summary_large_image","twitter_misc":{"Estimated reading time":"1 minute"},"schema":{"@context":"https:\/\/schema.org","@graph":[{"@type":"WebPage","@id":"https:\/\/skaitytaknyga.lt\/produktas\/vytautas-merkys-atminties-prosvaistes-2\/","url":"https:\/\/skaitytaknyga.lt\/produktas\/vytautas-merkys-atminties-prosvaistes-2\/","name":"Vytautas Merkys \u201eAtminties pro\u0161vaist\u0117s\u201c","isPartOf":{"@id":"https:\/\/skaitytaknyga.lt\/#website"},"primaryImageOfPage":{"@id":"https:\/\/skaitytaknyga.lt\/produktas\/vytautas-merkys-atminties-prosvaistes-2\/#primaryimage"},"image":{"@id":"https:\/\/skaitytaknyga.lt\/produktas\/vytautas-merkys-atminties-prosvaistes-2\/#primaryimage"},"thumbnailUrl":"https:\/\/skaitytaknyga.lt\/wp-content\/uploads\/2024\/05\/1462875676_atmi.jpg","datePublished":"2024-05-04T15:01:07+00:00","dateModified":"2026-03-18T13:00:01+00:00","description":"\u0160ioje knygoje V. Merkys ry\u017eosi para\u0161yti viso gyvenimo atsiminimus (gal dar per anksti?), \u017evelgdamas nuo savo patyrimo \u201ekalnelio\u201c, i\u0161 savo pasaul\u0117\u017evalgos centro. Betgi autorius nekelia sau istoriografin\u0117s autoanaliz\u0117s tikslo, jam svarbiausia jo ir kit\u0173 m\u016bs\u0173 istorik\u0173 darbo aplinkyb\u0117s, determinuotos sovietme\u010dio ir m\u016bs\u0173 tautinio atgimimo. Net ir sunkiausiomis s\u0105lygomis jis ie\u0161kojo b\u016bd\u0173, kaip istorijos moksle eiti link Tiesos, ir siek\u0117 neprarasti tautinio ir moralinio orumo. Jo mokslin\u0117 potencija brand\u017eiausia forma prasiver\u017e\u0117 drauge su S\u0105j\u016bd\u017eiu ir Lietuvos Respublikos atk\u016brimu. Per vis\u0105 netrump\u0105 am\u017ei\u0173 autorius tur\u0117jo daug pa\u017e\u012fstam\u0173, draug\u0173, mokslo bi\u010diuli\u0173 ne tik Lietuvoje, bet ir kitose valstyb\u0117se. Apie juos ra\u0161o tai, k\u0105 pats mat\u0117, gird\u0117jo ir kas galb\u016bt ma\u017eai \u017einoma arba ne\u017einoma kitiems. Autoriui n\u0117ra visi\u0161kai neigiam\u0173 (i\u0161skyrus \u017eudikus) ir visi\u0161kai teigiam\u0173 persona\u017e\u0173, juose ie\u0161ko humanistini\u0173 vertybi\u0173.","breadcrumb":{"@id":"https:\/\/skaitytaknyga.lt\/produktas\/vytautas-merkys-atminties-prosvaistes-2\/#breadcrumb"},"inLanguage":"en-GB","potentialAction":[{"@type":"ReadAction","target":["https:\/\/skaitytaknyga.lt\/produktas\/vytautas-merkys-atminties-prosvaistes-2\/"]}]},{"@type":"ImageObject","inLanguage":"en-GB","@id":"https:\/\/skaitytaknyga.lt\/produktas\/vytautas-merkys-atminties-prosvaistes-2\/#primaryimage","url":"https:\/\/skaitytaknyga.lt\/wp-content\/uploads\/2024\/05\/1462875676_atmi.jpg","contentUrl":"https:\/\/skaitytaknyga.lt\/wp-content\/uploads\/2024\/05\/1462875676_atmi.jpg","width":283,"height":430},{"@type":"BreadcrumbList","@id":"https:\/\/skaitytaknyga.lt\/produktas\/vytautas-merkys-atminties-prosvaistes-2\/#breadcrumb","itemListElement":[{"@type":"ListItem","position":1,"name":"Home","item":"https:\/\/skaitytaknyga.lt\/"},{"@type":"ListItem","position":2,"name":"Parduotuv\u0117","item":"https:\/\/skaitytaknyga.lt\/knygu-parduotuve\/"},{"@type":"ListItem","position":3,"name":"Vytautas Merkys \u201eAtminties pro\u0161vaist\u0117s\u201c"}]},{"@type":"WebSite","@id":"https:\/\/skaitytaknyga.lt\/#website","url":"https:\/\/skaitytaknyga.lt\/","name":"skaitytaknyga.lt","description":"Skaitytaknyga.lt \u2013 tai ma\u017eas \u0161eimos verslas, kuris prasid\u0117jo nuo meil\u0117s knygoms ir siekio i\u0161gelb\u0117ti knygas nuo likimo prie konteinerio. Kas vienam nereikalingas daiktas \u2013 kitam lobis, o mes esame tarpininkai, kurie padeda abiems tapti laimingesniems ???? \u017dinome kaip nelengva i\u0161gyventi ma\u017eiems verslams, tad nuo \u0161iol, \u010dia rasite ir kit\u0173, ma\u017e\u0173 \u0161eim\u0173 versl\u0173, rank\u0173 darbo, dovan\u0173 sau ir artimiesiems.","publisher":{"@id":"https:\/\/skaitytaknyga.lt\/#organization"},"potentialAction":[{"@type":"SearchAction","target":{"@type":"EntryPoint","urlTemplate":"https:\/\/skaitytaknyga.lt\/?s={search_term_string}"},"query-input":{"@type":"PropertyValueSpecification","valueRequired":true,"valueName":"search_term_string"}}],"inLanguage":"en-GB"},{"@type":"Organization","@id":"https:\/\/skaitytaknyga.lt\/#organization","name":"skaitytaknyga.lt","url":"https:\/\/skaitytaknyga.lt\/","logo":{"@type":"ImageObject","inLanguage":"en-GB","@id":"https:\/\/skaitytaknyga.lt\/#\/schema\/logo\/image\/","url":"https:\/\/skaitytaknyga.lt\/wp-content\/uploads\/2024\/05\/cropped-cropped-cropped-02_00843_jt3bggkj1j3HLc7SyY6rEUpg.jpeg","contentUrl":"https:\/\/skaitytaknyga.lt\/wp-content\/uploads\/2024\/05\/cropped-cropped-cropped-02_00843_jt3bggkj1j3HLc7SyY6rEUpg.jpeg","width":1600,"height":1600,"caption":"skaitytaknyga.lt"},"image":{"@id":"https:\/\/skaitytaknyga.lt\/#\/schema\/logo\/image\/"},"sameAs":["https:\/\/www.facebook.com\/skaitytaknyga\/"]}]}},"_links":{"self":[{"href":"https:\/\/skaitytaknyga.lt\/en\/wp-json\/wp\/v2\/product\/9320","targetHints":{"allow":["GET"]}}],"collection":[{"href":"https:\/\/skaitytaknyga.lt\/en\/wp-json\/wp\/v2\/product"}],"about":[{"href":"https:\/\/skaitytaknyga.lt\/en\/wp-json\/wp\/v2\/types\/product"}],"replies":[{"embeddable":true,"href":"https:\/\/skaitytaknyga.lt\/en\/wp-json\/wp\/v2\/comments?post=9320"}],"wp:featuredmedia":[{"embeddable":true,"href":"https:\/\/skaitytaknyga.lt\/en\/wp-json\/wp\/v2\/media\/6600"}],"wp:attachment":[{"href":"https:\/\/skaitytaknyga.lt\/en\/wp-json\/wp\/v2\/media?parent=9320"}],"wp:term":[{"taxonomy":"product_brand","embeddable":true,"href":"https:\/\/skaitytaknyga.lt\/en\/wp-json\/wp\/v2\/product_brand?post=9320"},{"taxonomy":"product_cat","embeddable":true,"href":"https:\/\/skaitytaknyga.lt\/en\/wp-json\/wp\/v2\/product_cat?post=9320"},{"taxonomy":"product_tag","embeddable":true,"href":"https:\/\/skaitytaknyga.lt\/en\/wp-json\/wp\/v2\/product_tag?post=9320"}],"curies":[{"name":"wp","href":"https:\/\/api.w.org\/{rel}","templated":true}]}}