{"id":9309,"date":"2024-05-04T15:00:45","date_gmt":"2024-05-04T15:00:45","guid":{"rendered":"https:\/\/skaitytaknyga.lt\/?post_type=product&#038;p=9309"},"modified":"2024-09-01T07:06:24","modified_gmt":"2024-09-01T04:06:24","slug":"laimonas-tapinas-laiskanesys-pasiklydes-dykumoje-2","status":"publish","type":"product","link":"https:\/\/skaitytaknyga.lt\/en\/produktas\/laimonas-tapinas-laiskanesys-pasiklydes-dykumoje-2\/","title":{"rendered":"Laimonas Tapinas \u201eLai\u0161kane\u0161ys, pasiklyd\u0119s dykumoje\u201c"},"content":{"rendered":"<div class=\"book-descript-wrapper\">\n<section class=\"product-descript more-content-wrapper\">\n<div class=\"\">\n<p>Naujoji L. Tapino knyga \u201eLai\u0161kane\u0161ys, pasiklyd\u0119s dykumoje\u201c apie i\u0161kili\u0105 kult\u016bros asmenyb\u0119 \u2013 lietuvi\u0173 kino k\u016br\u0117j\u0105, re\u017eisieri\u0173 ir scenarist\u0105 Vytaut\u0105 \u017dalakevi\u010di\u0173. Knygoje atskleid\u017eiamas nelengvas, prie\u0161taringas re\u017eisieriaus charakteris ir likimas, nagrin\u0117jamos da\u017enai dramati\u0161kos jo k\u016brybos peripetijos to laiko fone, be galo \u012fdomiai pasakojama apie vis\u0105 film\u0173 \u201evirtuv\u0119\u201c.<\/p>\n<p>Knyga svarbi dar ir tuo, kad nagrin\u0117jant V. \u017dalakevi\u010diaus k\u016bryb\u0105, jos santyk\u012f su kit\u0173 re\u017eisieri\u0173 darbais para\u0161yta savita, \u012fdomi ir labai patraukli skaityti lietuvi\u0173 kino istorija, paremta pokalbi\u0173 \u012fra\u0161ais, lai\u0161kais, dienora\u0161\u010diais, am\u017einink\u0173 atsiminimais, net film\u0173 svarstym\u0173 ir \u201epasmerkim\u0173\u201c protokolais.<\/p>\n<p>\u012ed\u0117mus, pastabus ir \u0161iltas pasakotojo \u017evilgsnis, subtilus humoras, ori ir bi\u010diuli\u0161ka laikysena \u2013 tai gra\u017eiausi L. Tapino k\u016brybos bruo\u017eai. Jie b\u016bdingi ir \u0161iai knygai, sutaurina j\u0105 ir su\u0161ildo.<\/p>\n<\/div>\n<\/section>\n<\/div>\n","protected":false},"excerpt":{"rendered":"<div class=\"book-descript-wrapper\">\n<section class=\"product-descript more-content-wrapper\">\n<div class=\"\">\n<p>Naujoji L. Tapino knyga \u201eLai\u0161kane\u0161ys, pasiklyd\u0119s dykumoje\u201c apie i\u0161kili\u0105 kult\u016bros asmenyb\u0119 \u2013 lietuvi\u0173 kino k\u016br\u0117j\u0105, re\u017eisieri\u0173 ir scenarist\u0105 Vytaut\u0105 \u017dalakevi\u010di\u0173. Knygoje atskleid\u017eiamas nelengvas, prie\u0161taringas re\u017eisieriaus charakteris ir likimas, nagrin\u0117jamos da\u017enai dramati\u0161kos jo k\u016brybos peripetijos to laiko fone, be galo \u012fdomiai pasakojama apie vis\u0105 film\u0173 \u201evirtuv\u0119\u201c.<\/p>\n<p>Knyga svarbi dar ir tuo, kad nagrin\u0117jant V. \u017dalakevi\u010diaus k\u016bryb\u0105, jos santyk\u012f su kit\u0173 re\u017eisieri\u0173 darbais para\u0161yta savita, \u012fdomi ir labai patraukli skaityti lietuvi\u0173 kino istorija, paremta pokalbi\u0173 \u012fra\u0161ais, lai\u0161kais, dienora\u0161\u010diais, am\u017einink\u0173 atsiminimais, net film\u0173 svarstym\u0173 ir \u201epasmerkim\u0173\u201c protokolais.<\/p>\n<p>\u012ed\u0117mus, pastabus ir \u0161iltas pasakotojo \u017evilgsnis, subtilus humoras, ori ir bi\u010diuli\u0161ka laikysena \u2013 tai gra\u017eiausi L. Tapino k\u016brybos bruo\u017eai. Jie b\u016bdingi ir \u0161iai knygai, sutaurina j\u0105 ir su\u0161ildo.<\/p>\n<\/div>\n<\/section>\n<\/div>\n","protected":false},"featured_media":6572,"comment_status":"closed","ping_status":"closed","template":"","meta":{"_acf_changed":false,"site-sidebar-layout":"default","site-content-layout":"","ast-site-content-layout":"default","site-content-style":"default","site-sidebar-style":"default","ast-global-header-display":"","ast-banner-title-visibility":"","ast-main-header-display":"","ast-hfb-above-header-display":"","ast-hfb-below-header-display":"","ast-hfb-mobile-header-display":"","site-post-title":"","ast-breadcrumbs-content":"","ast-featured-img":"","footer-sml-layout":"","ast-disable-related-posts":"","theme-transparent-header-meta":"","adv-header-id-meta":"","stick-header-meta":"","header-above-stick-meta":"","header-main-stick-meta":"","header-below-stick-meta":"","astra-migrate-meta-layouts":"default","ast-page-background-enabled":"default","ast-page-background-meta":{"desktop":{"background-color":"","background-image":"","background-repeat":"repeat","background-position":"center center","background-size":"auto","background-attachment":"scroll","background-type":"","background-media":"","overlay-type":"","overlay-color":"","overlay-opacity":"","overlay-gradient":""},"tablet":{"background-color":"","background-image":"","background-repeat":"repeat","background-position":"center center","background-size":"auto","background-attachment":"scroll","background-type":"","background-media":"","overlay-type":"","overlay-color":"","overlay-opacity":"","overlay-gradient":""},"mobile":{"background-color":"","background-image":"","background-repeat":"repeat","background-position":"center center","background-size":"auto","background-attachment":"scroll","background-type":"","background-media":"","overlay-type":"","overlay-color":"","overlay-opacity":"","overlay-gradient":""}},"ast-content-background-meta":{"desktop":{"background-color":"var(--ast-global-color-4)","background-image":"","background-repeat":"repeat","background-position":"center center","background-size":"auto","background-attachment":"scroll","background-type":"","background-media":"","overlay-type":"","overlay-color":"","overlay-opacity":"","overlay-gradient":""},"tablet":{"background-color":"var(--ast-global-color-4)","background-image":"","background-repeat":"repeat","background-position":"center center","background-size":"auto","background-attachment":"scroll","background-type":"","background-media":"","overlay-type":"","overlay-color":"","overlay-opacity":"","overlay-gradient":""},"mobile":{"background-color":"var(--ast-global-color-4)","background-image":"","background-repeat":"repeat","background-position":"center center","background-size":"auto","background-attachment":"scroll","background-type":"","background-media":"","overlay-type":"","overlay-color":"","overlay-opacity":"","overlay-gradient":""}}},"product_brand":[],"product_cat":[33,57],"product_tag":[],"class_list":{"0":"post-9309","1":"product","2":"type-product","3":"status-publish","4":"has-post-thumbnail","6":"product_cat-biografijos","7":"product_cat-menas-ir-albumai","8":"desktop-align-left","9":"tablet-align-left","10":"mobile-align-left","12":"first","13":"outofstock","14":"shipping-taxable","15":"purchasable","16":"product-type-simple"},"acf":[],"yoast_head":"<!-- This site is optimized with the Yoast SEO plugin v27.4 - https:\/\/yoast.com\/product\/yoast-seo-wordpress\/ -->\n<title>Laimonas Tapinas \u201eLai\u0161kane\u0161ys, pasiklyd\u0119s dykumoje\u201c - Skaitytaknyga<\/title>\n<meta name=\"description\" content=\"Naujoji L. Tapino knyga \u201eLai\u0161kane\u0161ys, pasiklyd\u0119s dykumoje\u201c apie i\u0161kili\u0105 kult\u016bros asmenyb\u0119 \u2013 lietuvi\u0173 kino k\u016br\u0117j\u0105, re\u017eisieri\u0173 ir scenarist\u0105 Vytaut\u0105 \u017dalakevi\u010di\u0173. Knygoje atskleid\u017eiamas nelengvas, prie\u0161taringas re\u017eisieriaus charakteris ir likimas, nagrin\u0117jamos da\u017enai dramati\u0161kos jo k\u016brybos peripetijos to laiko fone, be galo \u012fdomiai pasakojama apie vis\u0105 film\u0173 \u201evirtuv\u0119\u201c.  Knyga svarbi dar ir tuo, kad nagrin\u0117jant V. \u017dalakevi\u010diaus k\u016bryb\u0105, jos santyk\u012f su kit\u0173 re\u017eisieri\u0173 darbais para\u0161yta savita, \u012fdomi ir labai patraukli skaityti lietuvi\u0173 kino istorija, paremta pokalbi\u0173 \u012fra\u0161ais, lai\u0161kais, dienora\u0161\u010diais, am\u017einink\u0173 atsiminimais, net film\u0173 svarstym\u0173 ir \u201epasmerkim\u0173\u201c protokolais.  \u012ed\u0117mus, pastabus ir \u0161iltas pasakotojo \u017evilgsnis, subtilus humoras, ori ir bi\u010diuli\u0161ka laikysena \u2013 tai gra\u017eiausi L. Tapino k\u016brybos bruo\u017eai. Jie b\u016bdingi ir \u0161iai knygai, sutaurina j\u0105 ir su\u0161ildo.\" \/>\n<meta name=\"robots\" content=\"index, follow, max-snippet:-1, max-image-preview:large, max-video-preview:-1\" \/>\n<link rel=\"canonical\" href=\"https:\/\/skaitytaknyga.lt\/en\/produktas\/laimonas-tapinas-laiskanesys-pasiklydes-dykumoje-2\/\" \/>\n<meta property=\"og:locale\" content=\"en_GB\" \/>\n<meta property=\"og:locale:alternate\" content=\"lt_LT\" \/>\n<meta property=\"og:type\" content=\"article\" \/>\n<meta property=\"og:title\" content=\"Laimonas Tapinas \u201eLai\u0161kane\u0161ys, pasiklyd\u0119s dykumoje\u201c - Skaitytaknyga\" \/>\n<meta property=\"og:description\" content=\"Naujoji L. Tapino knyga \u201eLai\u0161kane\u0161ys, pasiklyd\u0119s dykumoje\u201c apie i\u0161kili\u0105 kult\u016bros asmenyb\u0119 \u2013 lietuvi\u0173 kino k\u016br\u0117j\u0105, re\u017eisieri\u0173 ir scenarist\u0105 Vytaut\u0105 \u017dalakevi\u010di\u0173. Knygoje atskleid\u017eiamas nelengvas, prie\u0161taringas re\u017eisieriaus charakteris ir likimas, nagrin\u0117jamos da\u017enai dramati\u0161kos jo k\u016brybos peripetijos to laiko fone, be galo \u012fdomiai pasakojama apie vis\u0105 film\u0173 \u201evirtuv\u0119\u201c.  Knyga svarbi dar ir tuo, kad nagrin\u0117jant V. \u017dalakevi\u010diaus k\u016bryb\u0105, jos santyk\u012f su kit\u0173 re\u017eisieri\u0173 darbais para\u0161yta savita, \u012fdomi ir labai patraukli skaityti lietuvi\u0173 kino istorija, paremta pokalbi\u0173 \u012fra\u0161ais, lai\u0161kais, dienora\u0161\u010diais, am\u017einink\u0173 atsiminimais, net film\u0173 svarstym\u0173 ir \u201epasmerkim\u0173\u201c protokolais.  \u012ed\u0117mus, pastabus ir \u0161iltas pasakotojo \u017evilgsnis, subtilus humoras, ori ir bi\u010diuli\u0161ka laikysena \u2013 tai gra\u017eiausi L. Tapino k\u016brybos bruo\u017eai. Jie b\u016bdingi ir \u0161iai knygai, sutaurina j\u0105 ir su\u0161ildo.\" \/>\n<meta property=\"og:url\" content=\"https:\/\/skaitytaknyga.lt\/en\/produktas\/laimonas-tapinas-laiskanesys-pasiklydes-dykumoje-2\/\" \/>\n<meta property=\"og:site_name\" content=\"Skaitytaknyga\" \/>\n<meta property=\"article:publisher\" content=\"https:\/\/www.facebook.com\/skaitytaknyga\/\" \/>\n<meta property=\"article:modified_time\" content=\"2024-09-01T04:06:24+00:00\" \/>\n<meta property=\"og:image\" content=\"https:\/\/skaitytaknyga.lt\/wp-content\/uploads\/2024\/05\/1462876482_laisk.jpg\" \/>\n\t<meta property=\"og:image:width\" content=\"293\" \/>\n\t<meta property=\"og:image:height\" content=\"430\" \/>\n\t<meta property=\"og:image:type\" content=\"image\/jpeg\" \/>\n<meta name=\"twitter:card\" content=\"summary_large_image\" \/>\n<meta name=\"twitter:label1\" content=\"Estimated reading time\" \/>\n\t<meta name=\"twitter:data1\" content=\"1 minute\" \/>\n<script type=\"application\/ld+json\" class=\"yoast-schema-graph\">{\"@context\":\"https:\\\/\\\/schema.org\",\"@graph\":[{\"@type\":\"WebPage\",\"@id\":\"https:\\\/\\\/skaitytaknyga.lt\\\/produktas\\\/laimonas-tapinas-laiskanesys-pasiklydes-dykumoje-2\\\/\",\"url\":\"https:\\\/\\\/skaitytaknyga.lt\\\/produktas\\\/laimonas-tapinas-laiskanesys-pasiklydes-dykumoje-2\\\/\",\"name\":\"Laimonas Tapinas \u201eLai\u0161kane\u0161ys, pasiklyd\u0119s dykumoje\u201c - Skaitytaknyga\",\"isPartOf\":{\"@id\":\"https:\\\/\\\/skaitytaknyga.lt\\\/#website\"},\"primaryImageOfPage\":{\"@id\":\"https:\\\/\\\/skaitytaknyga.lt\\\/produktas\\\/laimonas-tapinas-laiskanesys-pasiklydes-dykumoje-2\\\/#primaryimage\"},\"image\":{\"@id\":\"https:\\\/\\\/skaitytaknyga.lt\\\/produktas\\\/laimonas-tapinas-laiskanesys-pasiklydes-dykumoje-2\\\/#primaryimage\"},\"thumbnailUrl\":\"https:\\\/\\\/skaitytaknyga.lt\\\/wp-content\\\/uploads\\\/2024\\\/05\\\/1462876482_laisk.jpg\",\"datePublished\":\"2024-05-04T15:00:45+00:00\",\"dateModified\":\"2024-09-01T04:06:24+00:00\",\"description\":\"Naujoji L. Tapino knyga \u201eLai\u0161kane\u0161ys, pasiklyd\u0119s dykumoje\u201c apie i\u0161kili\u0105 kult\u016bros asmenyb\u0119 \u2013 lietuvi\u0173 kino k\u016br\u0117j\u0105, re\u017eisieri\u0173 ir scenarist\u0105 Vytaut\u0105 \u017dalakevi\u010di\u0173. Knygoje atskleid\u017eiamas nelengvas, prie\u0161taringas re\u017eisieriaus charakteris ir likimas, nagrin\u0117jamos da\u017enai dramati\u0161kos jo k\u016brybos peripetijos to laiko fone, be galo \u012fdomiai pasakojama apie vis\u0105 film\u0173 \u201evirtuv\u0119\u201c. Knyga svarbi dar ir tuo, kad nagrin\u0117jant V. \u017dalakevi\u010diaus k\u016bryb\u0105, jos santyk\u012f su kit\u0173 re\u017eisieri\u0173 darbais para\u0161yta savita, \u012fdomi ir labai patraukli skaityti lietuvi\u0173 kino istorija, paremta pokalbi\u0173 \u012fra\u0161ais, lai\u0161kais, dienora\u0161\u010diais, am\u017einink\u0173 atsiminimais, net film\u0173 svarstym\u0173 ir \u201epasmerkim\u0173\u201c protokolais. \u012ed\u0117mus, pastabus ir \u0161iltas pasakotojo \u017evilgsnis, subtilus humoras, ori ir bi\u010diuli\u0161ka laikysena \u2013 tai gra\u017eiausi L. Tapino k\u016brybos bruo\u017eai. Jie b\u016bdingi ir \u0161iai knygai, sutaurina j\u0105 ir su\u0161ildo.\",\"breadcrumb\":{\"@id\":\"https:\\\/\\\/skaitytaknyga.lt\\\/produktas\\\/laimonas-tapinas-laiskanesys-pasiklydes-dykumoje-2\\\/#breadcrumb\"},\"inLanguage\":\"en-GB\",\"potentialAction\":[{\"@type\":\"ReadAction\",\"target\":[\"https:\\\/\\\/skaitytaknyga.lt\\\/produktas\\\/laimonas-tapinas-laiskanesys-pasiklydes-dykumoje-2\\\/\"]}]},{\"@type\":\"ImageObject\",\"inLanguage\":\"en-GB\",\"@id\":\"https:\\\/\\\/skaitytaknyga.lt\\\/produktas\\\/laimonas-tapinas-laiskanesys-pasiklydes-dykumoje-2\\\/#primaryimage\",\"url\":\"https:\\\/\\\/skaitytaknyga.lt\\\/wp-content\\\/uploads\\\/2024\\\/05\\\/1462876482_laisk.jpg\",\"contentUrl\":\"https:\\\/\\\/skaitytaknyga.lt\\\/wp-content\\\/uploads\\\/2024\\\/05\\\/1462876482_laisk.jpg\",\"width\":293,\"height\":430},{\"@type\":\"BreadcrumbList\",\"@id\":\"https:\\\/\\\/skaitytaknyga.lt\\\/produktas\\\/laimonas-tapinas-laiskanesys-pasiklydes-dykumoje-2\\\/#breadcrumb\",\"itemListElement\":[{\"@type\":\"ListItem\",\"position\":1,\"name\":\"Home\",\"item\":\"https:\\\/\\\/skaitytaknyga.lt\\\/\"},{\"@type\":\"ListItem\",\"position\":2,\"name\":\"Parduotuv\u0117\",\"item\":\"https:\\\/\\\/skaitytaknyga.lt\\\/knygu-parduotuve\\\/\"},{\"@type\":\"ListItem\",\"position\":3,\"name\":\"Laimonas Tapinas \u201eLai\u0161kane\u0161ys, pasiklyd\u0119s dykumoje\u201c\"}]},{\"@type\":\"WebSite\",\"@id\":\"https:\\\/\\\/skaitytaknyga.lt\\\/#website\",\"url\":\"https:\\\/\\\/skaitytaknyga.lt\\\/\",\"name\":\"skaitytaknyga.lt\",\"description\":\"Skaitytaknyga.lt \u2013 tai ma\u017eas \u0161eimos verslas, kuris prasid\u0117jo nuo meil\u0117s knygoms ir siekio i\u0161gelb\u0117ti knygas nuo likimo prie konteinerio. Kas vienam nereikalingas daiktas \u2013 kitam lobis, o mes esame tarpininkai, kurie padeda abiems tapti laimingesniems ???? \u017dinome kaip nelengva i\u0161gyventi ma\u017eiems verslams, tad nuo \u0161iol, \u010dia rasite ir kit\u0173, ma\u017e\u0173 \u0161eim\u0173 versl\u0173, rank\u0173 darbo, dovan\u0173 sau ir artimiesiems.\",\"publisher\":{\"@id\":\"https:\\\/\\\/skaitytaknyga.lt\\\/#organization\"},\"potentialAction\":[{\"@type\":\"SearchAction\",\"target\":{\"@type\":\"EntryPoint\",\"urlTemplate\":\"https:\\\/\\\/skaitytaknyga.lt\\\/?s={search_term_string}\"},\"query-input\":{\"@type\":\"PropertyValueSpecification\",\"valueRequired\":true,\"valueName\":\"search_term_string\"}}],\"inLanguage\":\"en-GB\"},{\"@type\":\"Organization\",\"@id\":\"https:\\\/\\\/skaitytaknyga.lt\\\/#organization\",\"name\":\"skaitytaknyga.lt\",\"url\":\"https:\\\/\\\/skaitytaknyga.lt\\\/\",\"logo\":{\"@type\":\"ImageObject\",\"inLanguage\":\"en-GB\",\"@id\":\"https:\\\/\\\/skaitytaknyga.lt\\\/#\\\/schema\\\/logo\\\/image\\\/\",\"url\":\"https:\\\/\\\/skaitytaknyga.lt\\\/wp-content\\\/uploads\\\/2024\\\/05\\\/cropped-cropped-cropped-02_00843_jt3bggkj1j3HLc7SyY6rEUpg.jpeg\",\"contentUrl\":\"https:\\\/\\\/skaitytaknyga.lt\\\/wp-content\\\/uploads\\\/2024\\\/05\\\/cropped-cropped-cropped-02_00843_jt3bggkj1j3HLc7SyY6rEUpg.jpeg\",\"width\":1600,\"height\":1600,\"caption\":\"skaitytaknyga.lt\"},\"image\":{\"@id\":\"https:\\\/\\\/skaitytaknyga.lt\\\/#\\\/schema\\\/logo\\\/image\\\/\"},\"sameAs\":[\"https:\\\/\\\/www.facebook.com\\\/skaitytaknyga\\\/\"]}]}<\/script>\n<!-- \/ Yoast SEO plugin. -->","yoast_head_json":{"title":"Laimonas Tapinas \u201eLai\u0161kane\u0161ys, pasiklyd\u0119s dykumoje\u201c - Skaitytaknyga","description":"Naujoji L. Tapino knyga \u201eLai\u0161kane\u0161ys, pasiklyd\u0119s dykumoje\u201c apie i\u0161kili\u0105 kult\u016bros asmenyb\u0119 \u2013 lietuvi\u0173 kino k\u016br\u0117j\u0105, re\u017eisieri\u0173 ir scenarist\u0105 Vytaut\u0105 \u017dalakevi\u010di\u0173. Knygoje atskleid\u017eiamas nelengvas, prie\u0161taringas re\u017eisieriaus charakteris ir likimas, nagrin\u0117jamos da\u017enai dramati\u0161kos jo k\u016brybos peripetijos to laiko fone, be galo \u012fdomiai pasakojama apie vis\u0105 film\u0173 \u201evirtuv\u0119\u201c.  Knyga svarbi dar ir tuo, kad nagrin\u0117jant V. \u017dalakevi\u010diaus k\u016bryb\u0105, jos santyk\u012f su kit\u0173 re\u017eisieri\u0173 darbais para\u0161yta savita, \u012fdomi ir labai patraukli skaityti lietuvi\u0173 kino istorija, paremta pokalbi\u0173 \u012fra\u0161ais, lai\u0161kais, dienora\u0161\u010diais, am\u017einink\u0173 atsiminimais, net film\u0173 svarstym\u0173 ir \u201epasmerkim\u0173\u201c protokolais.  \u012ed\u0117mus, pastabus ir \u0161iltas pasakotojo \u017evilgsnis, subtilus humoras, ori ir bi\u010diuli\u0161ka laikysena \u2013 tai gra\u017eiausi L. Tapino k\u016brybos bruo\u017eai. Jie b\u016bdingi ir \u0161iai knygai, sutaurina j\u0105 ir su\u0161ildo.","robots":{"index":"index","follow":"follow","max-snippet":"max-snippet:-1","max-image-preview":"max-image-preview:large","max-video-preview":"max-video-preview:-1"},"canonical":"https:\/\/skaitytaknyga.lt\/en\/produktas\/laimonas-tapinas-laiskanesys-pasiklydes-dykumoje-2\/","og_locale":"en_GB","og_type":"article","og_title":"Laimonas Tapinas \u201eLai\u0161kane\u0161ys, pasiklyd\u0119s dykumoje\u201c - Skaitytaknyga","og_description":"Naujoji L. Tapino knyga \u201eLai\u0161kane\u0161ys, pasiklyd\u0119s dykumoje\u201c apie i\u0161kili\u0105 kult\u016bros asmenyb\u0119 \u2013 lietuvi\u0173 kino k\u016br\u0117j\u0105, re\u017eisieri\u0173 ir scenarist\u0105 Vytaut\u0105 \u017dalakevi\u010di\u0173. Knygoje atskleid\u017eiamas nelengvas, prie\u0161taringas re\u017eisieriaus charakteris ir likimas, nagrin\u0117jamos da\u017enai dramati\u0161kos jo k\u016brybos peripetijos to laiko fone, be galo \u012fdomiai pasakojama apie vis\u0105 film\u0173 \u201evirtuv\u0119\u201c.  Knyga svarbi dar ir tuo, kad nagrin\u0117jant V. \u017dalakevi\u010diaus k\u016bryb\u0105, jos santyk\u012f su kit\u0173 re\u017eisieri\u0173 darbais para\u0161yta savita, \u012fdomi ir labai patraukli skaityti lietuvi\u0173 kino istorija, paremta pokalbi\u0173 \u012fra\u0161ais, lai\u0161kais, dienora\u0161\u010diais, am\u017einink\u0173 atsiminimais, net film\u0173 svarstym\u0173 ir \u201epasmerkim\u0173\u201c protokolais.  \u012ed\u0117mus, pastabus ir \u0161iltas pasakotojo \u017evilgsnis, subtilus humoras, ori ir bi\u010diuli\u0161ka laikysena \u2013 tai gra\u017eiausi L. Tapino k\u016brybos bruo\u017eai. Jie b\u016bdingi ir \u0161iai knygai, sutaurina j\u0105 ir su\u0161ildo.","og_url":"https:\/\/skaitytaknyga.lt\/en\/produktas\/laimonas-tapinas-laiskanesys-pasiklydes-dykumoje-2\/","og_site_name":"Skaitytaknyga","article_publisher":"https:\/\/www.facebook.com\/skaitytaknyga\/","article_modified_time":"2024-09-01T04:06:24+00:00","og_image":[{"width":293,"height":430,"url":"https:\/\/skaitytaknyga.lt\/wp-content\/uploads\/2024\/05\/1462876482_laisk.jpg","type":"image\/jpeg"}],"twitter_card":"summary_large_image","twitter_misc":{"Estimated reading time":"1 minute"},"schema":{"@context":"https:\/\/schema.org","@graph":[{"@type":"WebPage","@id":"https:\/\/skaitytaknyga.lt\/produktas\/laimonas-tapinas-laiskanesys-pasiklydes-dykumoje-2\/","url":"https:\/\/skaitytaknyga.lt\/produktas\/laimonas-tapinas-laiskanesys-pasiklydes-dykumoje-2\/","name":"Laimonas Tapinas \u201eLai\u0161kane\u0161ys, pasiklyd\u0119s dykumoje\u201c - Skaitytaknyga","isPartOf":{"@id":"https:\/\/skaitytaknyga.lt\/#website"},"primaryImageOfPage":{"@id":"https:\/\/skaitytaknyga.lt\/produktas\/laimonas-tapinas-laiskanesys-pasiklydes-dykumoje-2\/#primaryimage"},"image":{"@id":"https:\/\/skaitytaknyga.lt\/produktas\/laimonas-tapinas-laiskanesys-pasiklydes-dykumoje-2\/#primaryimage"},"thumbnailUrl":"https:\/\/skaitytaknyga.lt\/wp-content\/uploads\/2024\/05\/1462876482_laisk.jpg","datePublished":"2024-05-04T15:00:45+00:00","dateModified":"2024-09-01T04:06:24+00:00","description":"Naujoji L. Tapino knyga \u201eLai\u0161kane\u0161ys, pasiklyd\u0119s dykumoje\u201c apie i\u0161kili\u0105 kult\u016bros asmenyb\u0119 \u2013 lietuvi\u0173 kino k\u016br\u0117j\u0105, re\u017eisieri\u0173 ir scenarist\u0105 Vytaut\u0105 \u017dalakevi\u010di\u0173. Knygoje atskleid\u017eiamas nelengvas, prie\u0161taringas re\u017eisieriaus charakteris ir likimas, nagrin\u0117jamos da\u017enai dramati\u0161kos jo k\u016brybos peripetijos to laiko fone, be galo \u012fdomiai pasakojama apie vis\u0105 film\u0173 \u201evirtuv\u0119\u201c. Knyga svarbi dar ir tuo, kad nagrin\u0117jant V. \u017dalakevi\u010diaus k\u016bryb\u0105, jos santyk\u012f su kit\u0173 re\u017eisieri\u0173 darbais para\u0161yta savita, \u012fdomi ir labai patraukli skaityti lietuvi\u0173 kino istorija, paremta pokalbi\u0173 \u012fra\u0161ais, lai\u0161kais, dienora\u0161\u010diais, am\u017einink\u0173 atsiminimais, net film\u0173 svarstym\u0173 ir \u201epasmerkim\u0173\u201c protokolais. \u012ed\u0117mus, pastabus ir \u0161iltas pasakotojo \u017evilgsnis, subtilus humoras, ori ir bi\u010diuli\u0161ka laikysena \u2013 tai gra\u017eiausi L. Tapino k\u016brybos bruo\u017eai. Jie b\u016bdingi ir \u0161iai knygai, sutaurina j\u0105 ir su\u0161ildo.","breadcrumb":{"@id":"https:\/\/skaitytaknyga.lt\/produktas\/laimonas-tapinas-laiskanesys-pasiklydes-dykumoje-2\/#breadcrumb"},"inLanguage":"en-GB","potentialAction":[{"@type":"ReadAction","target":["https:\/\/skaitytaknyga.lt\/produktas\/laimonas-tapinas-laiskanesys-pasiklydes-dykumoje-2\/"]}]},{"@type":"ImageObject","inLanguage":"en-GB","@id":"https:\/\/skaitytaknyga.lt\/produktas\/laimonas-tapinas-laiskanesys-pasiklydes-dykumoje-2\/#primaryimage","url":"https:\/\/skaitytaknyga.lt\/wp-content\/uploads\/2024\/05\/1462876482_laisk.jpg","contentUrl":"https:\/\/skaitytaknyga.lt\/wp-content\/uploads\/2024\/05\/1462876482_laisk.jpg","width":293,"height":430},{"@type":"BreadcrumbList","@id":"https:\/\/skaitytaknyga.lt\/produktas\/laimonas-tapinas-laiskanesys-pasiklydes-dykumoje-2\/#breadcrumb","itemListElement":[{"@type":"ListItem","position":1,"name":"Home","item":"https:\/\/skaitytaknyga.lt\/"},{"@type":"ListItem","position":2,"name":"Parduotuv\u0117","item":"https:\/\/skaitytaknyga.lt\/knygu-parduotuve\/"},{"@type":"ListItem","position":3,"name":"Laimonas Tapinas \u201eLai\u0161kane\u0161ys, pasiklyd\u0119s dykumoje\u201c"}]},{"@type":"WebSite","@id":"https:\/\/skaitytaknyga.lt\/#website","url":"https:\/\/skaitytaknyga.lt\/","name":"skaitytaknyga.lt","description":"Skaitytaknyga.lt \u2013 tai ma\u017eas \u0161eimos verslas, kuris prasid\u0117jo nuo meil\u0117s knygoms ir siekio i\u0161gelb\u0117ti knygas nuo likimo prie konteinerio. Kas vienam nereikalingas daiktas \u2013 kitam lobis, o mes esame tarpininkai, kurie padeda abiems tapti laimingesniems ???? \u017dinome kaip nelengva i\u0161gyventi ma\u017eiems verslams, tad nuo \u0161iol, \u010dia rasite ir kit\u0173, ma\u017e\u0173 \u0161eim\u0173 versl\u0173, rank\u0173 darbo, dovan\u0173 sau ir artimiesiems.","publisher":{"@id":"https:\/\/skaitytaknyga.lt\/#organization"},"potentialAction":[{"@type":"SearchAction","target":{"@type":"EntryPoint","urlTemplate":"https:\/\/skaitytaknyga.lt\/?s={search_term_string}"},"query-input":{"@type":"PropertyValueSpecification","valueRequired":true,"valueName":"search_term_string"}}],"inLanguage":"en-GB"},{"@type":"Organization","@id":"https:\/\/skaitytaknyga.lt\/#organization","name":"skaitytaknyga.lt","url":"https:\/\/skaitytaknyga.lt\/","logo":{"@type":"ImageObject","inLanguage":"en-GB","@id":"https:\/\/skaitytaknyga.lt\/#\/schema\/logo\/image\/","url":"https:\/\/skaitytaknyga.lt\/wp-content\/uploads\/2024\/05\/cropped-cropped-cropped-02_00843_jt3bggkj1j3HLc7SyY6rEUpg.jpeg","contentUrl":"https:\/\/skaitytaknyga.lt\/wp-content\/uploads\/2024\/05\/cropped-cropped-cropped-02_00843_jt3bggkj1j3HLc7SyY6rEUpg.jpeg","width":1600,"height":1600,"caption":"skaitytaknyga.lt"},"image":{"@id":"https:\/\/skaitytaknyga.lt\/#\/schema\/logo\/image\/"},"sameAs":["https:\/\/www.facebook.com\/skaitytaknyga\/"]}]}},"_links":{"self":[{"href":"https:\/\/skaitytaknyga.lt\/en\/wp-json\/wp\/v2\/product\/9309","targetHints":{"allow":["GET"]}}],"collection":[{"href":"https:\/\/skaitytaknyga.lt\/en\/wp-json\/wp\/v2\/product"}],"about":[{"href":"https:\/\/skaitytaknyga.lt\/en\/wp-json\/wp\/v2\/types\/product"}],"replies":[{"embeddable":true,"href":"https:\/\/skaitytaknyga.lt\/en\/wp-json\/wp\/v2\/comments?post=9309"}],"wp:featuredmedia":[{"embeddable":true,"href":"https:\/\/skaitytaknyga.lt\/en\/wp-json\/wp\/v2\/media\/6572"}],"wp:attachment":[{"href":"https:\/\/skaitytaknyga.lt\/en\/wp-json\/wp\/v2\/media?parent=9309"}],"wp:term":[{"taxonomy":"product_brand","embeddable":true,"href":"https:\/\/skaitytaknyga.lt\/en\/wp-json\/wp\/v2\/product_brand?post=9309"},{"taxonomy":"product_cat","embeddable":true,"href":"https:\/\/skaitytaknyga.lt\/en\/wp-json\/wp\/v2\/product_cat?post=9309"},{"taxonomy":"product_tag","embeddable":true,"href":"https:\/\/skaitytaknyga.lt\/en\/wp-json\/wp\/v2\/product_tag?post=9309"}],"curies":[{"name":"wp","href":"https:\/\/api.w.org\/{rel}","templated":true}]}}