{"id":9308,"date":"2024-05-04T15:00:45","date_gmt":"2024-05-04T15:00:45","guid":{"rendered":"https:\/\/skaitytaknyga.lt\/?post_type=product&#038;p=9308"},"modified":"2026-03-18T15:00:01","modified_gmt":"2026-03-18T13:00:01","slug":"antroji-vyriausybe-premjero-paslaptis-2","status":"publish","type":"product","link":"https:\/\/skaitytaknyga.lt\/en\/produktas\/antroji-vyriausybe-premjero-paslaptis-2\/","title":{"rendered":"Antroji vyriausyb\u0117: Premjero paslaptis"},"content":{"rendered":"<div class=\"book-descript-wrapper\">\n<section class=\"product-descript more-content-wrapper\">\n<div class=\"\">\n<p>Apie Lietuvos Respublikos Vyriausyb\u0119, dirbusi\u0105 1991 m. sausio 11-13 d. itin sud\u0117tingu Lietuvai metu, ir apie tai, kaip sausio 13-osios nakt\u012f paslaptingai dingo Ministras Pirmininkas A. \u0160im\u0117nas.<\/p>\n<p>Pasinaudojus Antrosios Vyriausyb\u0117s dokumentais, Auk\u0161\u010diausiosios Tarybos pos\u0117d\u017ei\u0173 stenogramomis, ministr\u0173 atsiminimais, 1991 m. sausio \u012fvyki\u0173 dalyvi\u0173 liudijimais, kitais dokumentais ir remiantis asmenine patirtimi apra\u0161omos Ministro Pirmininko ir Vyriausyb\u0117s skyrimo aplinkyb\u0117s, trumpa apra\u0161omos Vyriausyb\u0117s ir Ministro Pirmininko A. \u0160im\u0117no veikla.<\/p>\n<p>Autorius tikisi, kad \u0161i knyga skaitytojui pad\u0117s geriau suvokti lemting\u0105 1991 m. sausio prad\u017ei\u0105 ir pasidaryti savo i\u0161vadas.<\/p>\n<\/div>\n<\/section>\n<\/div>\n","protected":false},"excerpt":{"rendered":"<div class=\"book-descript-wrapper\">\n<section class=\"product-descript more-content-wrapper\">\n<div class=\"\">\n<p>Apie Lietuvos Respublikos Vyriausyb\u0119, dirbusi\u0105 1991 m. sausio 11-13 d. itin sud\u0117tingu Lietuvai metu, ir apie tai, kaip sausio 13-osios nakt\u012f paslaptingai dingo Ministras Pirmininkas A. \u0160im\u0117nas.<\/p>\n<p>Pasinaudojus Antrosios Vyriausyb\u0117s dokumentais, Auk\u0161\u010diausiosios Tarybos pos\u0117d\u017ei\u0173 stenogramomis, ministr\u0173 atsiminimais, 1991 m. sausio \u012fvyki\u0173 dalyvi\u0173 liudijimais, kitais dokumentais ir remiantis asmenine patirtimi apra\u0161omos Ministro Pirmininko ir Vyriausyb\u0117s skyrimo aplinkyb\u0117s, trumpa apra\u0161omos Vyriausyb\u0117s ir Ministro Pirmininko A. \u0160im\u0117no veikla.<\/p>\n<p>Autorius tikisi, kad \u0161i knyga skaitytojui pad\u0117s geriau suvokti lemting\u0105 1991 m. sausio prad\u017ei\u0105 ir pasidaryti savo i\u0161vadas.<\/p>\n<\/div>\n<\/section>\n<\/div>\n","protected":false},"featured_media":6571,"comment_status":"closed","ping_status":"closed","template":"","meta":{"_acf_changed":false,"site-sidebar-layout":"default","site-content-layout":"","ast-site-content-layout":"default","site-content-style":"default","site-sidebar-style":"default","ast-global-header-display":"","ast-banner-title-visibility":"","ast-main-header-display":"","ast-hfb-above-header-display":"","ast-hfb-below-header-display":"","ast-hfb-mobile-header-display":"","site-post-title":"","ast-breadcrumbs-content":"","ast-featured-img":"","footer-sml-layout":"","ast-disable-related-posts":"","theme-transparent-header-meta":"","adv-header-id-meta":"","stick-header-meta":"","header-above-stick-meta":"","header-main-stick-meta":"","header-below-stick-meta":"","astra-migrate-meta-layouts":"default","ast-page-background-enabled":"default","ast-page-background-meta":{"desktop":{"background-color":"","background-image":"","background-repeat":"repeat","background-position":"center center","background-size":"auto","background-attachment":"scroll","background-type":"","background-media":"","overlay-type":"","overlay-color":"","overlay-opacity":"","overlay-gradient":""},"tablet":{"background-color":"","background-image":"","background-repeat":"repeat","background-position":"center center","background-size":"auto","background-attachment":"scroll","background-type":"","background-media":"","overlay-type":"","overlay-color":"","overlay-opacity":"","overlay-gradient":""},"mobile":{"background-color":"","background-image":"","background-repeat":"repeat","background-position":"center center","background-size":"auto","background-attachment":"scroll","background-type":"","background-media":"","overlay-type":"","overlay-color":"","overlay-opacity":"","overlay-gradient":""}},"ast-content-background-meta":{"desktop":{"background-color":"var(--ast-global-color-4)","background-image":"","background-repeat":"repeat","background-position":"center center","background-size":"auto","background-attachment":"scroll","background-type":"","background-media":"","overlay-type":"","overlay-color":"","overlay-opacity":"","overlay-gradient":""},"tablet":{"background-color":"var(--ast-global-color-4)","background-image":"","background-repeat":"repeat","background-position":"center center","background-size":"auto","background-attachment":"scroll","background-type":"","background-media":"","overlay-type":"","overlay-color":"","overlay-opacity":"","overlay-gradient":""},"mobile":{"background-color":"var(--ast-global-color-4)","background-image":"","background-repeat":"repeat","background-position":"center center","background-size":"auto","background-attachment":"scroll","background-type":"","background-media":"","overlay-type":"","overlay-color":"","overlay-opacity":"","overlay-gradient":""}}},"product_brand":[],"product_cat":[174,9862],"product_tag":[],"class_list":{"0":"post-9308","1":"product","2":"type-product","3":"status-publish","4":"has-post-thumbnail","6":"product_cat-istorija-ir-politologija","7":"product_cat-lietuvos-istorija","8":"desktop-align-left","9":"tablet-align-left","10":"mobile-align-left","12":"first","13":"instock","14":"shipping-taxable","15":"purchasable","16":"product-type-simple"},"acf":[],"yoast_head":"<!-- This site is optimized with the Yoast SEO plugin v27.4 - https:\/\/yoast.com\/product\/yoast-seo-wordpress\/ -->\n<title>Antroji vyriausyb\u0117: Premjero paslaptis<\/title>\n<meta name=\"description\" content=\"Apie Lietuvos Respublikos Vyriausyb\u0119, dirbusi\u0105 1991 m. sausio 11-13 d. itin sud\u0117tingu Lietuvai metu, ir apie tai, kaip sausio 13-osios nakt\u012f paslaptingai dingo Ministras Pirmininkas A. \u0160im\u0117nas.  Pasinaudojus Antrosios Vyriausyb\u0117s dokumentais, Auk\u0161\u010diausiosios Tarybos pos\u0117d\u017ei\u0173 stenogramomis, ministr\u0173 atsiminimais, 1991 m. sausio \u012fvyki\u0173 dalyvi\u0173 liudijimais, kitais dokumentais ir remiantis asmenine patirtimi apra\u0161omos Ministro Pirmininko ir Vyriausyb\u0117s skyrimo aplinkyb\u0117s, trumpa apra\u0161omos Vyriausyb\u0117s ir Ministro Pirmininko A. \u0160im\u0117no veikla.  Autorius tikisi, kad \u0161i knyga skaitytojui pad\u0117s geriau suvokti lemting\u0105 1991 m. sausio prad\u017ei\u0105 ir pasidaryti savo i\u0161vadas.\" \/>\n<meta name=\"robots\" content=\"index, follow, max-snippet:-1, max-image-preview:large, max-video-preview:-1\" \/>\n<link rel=\"canonical\" href=\"https:\/\/skaitytaknyga.lt\/en\/produktas\/antroji-vyriausybe-premjero-paslaptis-2\/\" \/>\n<meta property=\"og:locale\" content=\"en_GB\" \/>\n<meta property=\"og:locale:alternate\" content=\"lt_LT\" \/>\n<meta property=\"og:type\" content=\"article\" \/>\n<meta property=\"og:title\" content=\"Antroji vyriausyb\u0117: Premjero paslaptis\" \/>\n<meta property=\"og:description\" content=\"Apie Lietuvos Respublikos Vyriausyb\u0119, dirbusi\u0105 1991 m. sausio 11-13 d. itin sud\u0117tingu Lietuvai metu, ir apie tai, kaip sausio 13-osios nakt\u012f paslaptingai dingo Ministras Pirmininkas A. \u0160im\u0117nas.  Pasinaudojus Antrosios Vyriausyb\u0117s dokumentais, Auk\u0161\u010diausiosios Tarybos pos\u0117d\u017ei\u0173 stenogramomis, ministr\u0173 atsiminimais, 1991 m. sausio \u012fvyki\u0173 dalyvi\u0173 liudijimais, kitais dokumentais ir remiantis asmenine patirtimi apra\u0161omos Ministro Pirmininko ir Vyriausyb\u0117s skyrimo aplinkyb\u0117s, trumpa apra\u0161omos Vyriausyb\u0117s ir Ministro Pirmininko A. \u0160im\u0117no veikla.  Autorius tikisi, kad \u0161i knyga skaitytojui pad\u0117s geriau suvokti lemting\u0105 1991 m. sausio prad\u017ei\u0105 ir pasidaryti savo i\u0161vadas.\" \/>\n<meta property=\"og:url\" content=\"https:\/\/skaitytaknyga.lt\/en\/produktas\/antroji-vyriausybe-premjero-paslaptis-2\/\" \/>\n<meta property=\"og:site_name\" content=\"Skaitytaknyga\" \/>\n<meta property=\"article:publisher\" content=\"https:\/\/www.facebook.com\/skaitytaknyga\/\" \/>\n<meta property=\"article:modified_time\" content=\"2026-03-18T13:00:01+00:00\" \/>\n<meta property=\"og:image\" content=\"https:\/\/skaitytaknyga.lt\/wp-content\/uploads\/2024\/05\/1462878287_img0003.jpg\" \/>\n\t<meta property=\"og:image:width\" content=\"283\" \/>\n\t<meta property=\"og:image:height\" content=\"430\" \/>\n\t<meta property=\"og:image:type\" content=\"image\/jpeg\" \/>\n<meta name=\"twitter:card\" content=\"summary_large_image\" \/>\n<script type=\"application\/ld+json\" class=\"yoast-schema-graph\">{\"@context\":\"https:\\\/\\\/schema.org\",\"@graph\":[{\"@type\":\"WebPage\",\"@id\":\"https:\\\/\\\/skaitytaknyga.lt\\\/produktas\\\/antroji-vyriausybe-premjero-paslaptis-2\\\/\",\"url\":\"https:\\\/\\\/skaitytaknyga.lt\\\/produktas\\\/antroji-vyriausybe-premjero-paslaptis-2\\\/\",\"name\":\"Antroji vyriausyb\u0117: Premjero paslaptis\",\"isPartOf\":{\"@id\":\"https:\\\/\\\/skaitytaknyga.lt\\\/#website\"},\"primaryImageOfPage\":{\"@id\":\"https:\\\/\\\/skaitytaknyga.lt\\\/produktas\\\/antroji-vyriausybe-premjero-paslaptis-2\\\/#primaryimage\"},\"image\":{\"@id\":\"https:\\\/\\\/skaitytaknyga.lt\\\/produktas\\\/antroji-vyriausybe-premjero-paslaptis-2\\\/#primaryimage\"},\"thumbnailUrl\":\"https:\\\/\\\/skaitytaknyga.lt\\\/wp-content\\\/uploads\\\/2024\\\/05\\\/1462878287_img0003.jpg\",\"datePublished\":\"2024-05-04T15:00:45+00:00\",\"dateModified\":\"2026-03-18T13:00:01+00:00\",\"description\":\"Apie Lietuvos Respublikos Vyriausyb\u0119, dirbusi\u0105 1991 m. sausio 11-13 d. itin sud\u0117tingu Lietuvai metu, ir apie tai, kaip sausio 13-osios nakt\u012f paslaptingai dingo Ministras Pirmininkas A. \u0160im\u0117nas. Pasinaudojus Antrosios Vyriausyb\u0117s dokumentais, Auk\u0161\u010diausiosios Tarybos pos\u0117d\u017ei\u0173 stenogramomis, ministr\u0173 atsiminimais, 1991 m. sausio \u012fvyki\u0173 dalyvi\u0173 liudijimais, kitais dokumentais ir remiantis asmenine patirtimi apra\u0161omos Ministro Pirmininko ir Vyriausyb\u0117s skyrimo aplinkyb\u0117s, trumpa apra\u0161omos Vyriausyb\u0117s ir Ministro Pirmininko A. \u0160im\u0117no veikla. Autorius tikisi, kad \u0161i knyga skaitytojui pad\u0117s geriau suvokti lemting\u0105 1991 m. sausio prad\u017ei\u0105 ir pasidaryti savo i\u0161vadas.\",\"breadcrumb\":{\"@id\":\"https:\\\/\\\/skaitytaknyga.lt\\\/produktas\\\/antroji-vyriausybe-premjero-paslaptis-2\\\/#breadcrumb\"},\"inLanguage\":\"en-GB\",\"potentialAction\":[{\"@type\":\"ReadAction\",\"target\":[\"https:\\\/\\\/skaitytaknyga.lt\\\/produktas\\\/antroji-vyriausybe-premjero-paslaptis-2\\\/\"]}]},{\"@type\":\"ImageObject\",\"inLanguage\":\"en-GB\",\"@id\":\"https:\\\/\\\/skaitytaknyga.lt\\\/produktas\\\/antroji-vyriausybe-premjero-paslaptis-2\\\/#primaryimage\",\"url\":\"https:\\\/\\\/skaitytaknyga.lt\\\/wp-content\\\/uploads\\\/2024\\\/05\\\/1462878287_img0003.jpg\",\"contentUrl\":\"https:\\\/\\\/skaitytaknyga.lt\\\/wp-content\\\/uploads\\\/2024\\\/05\\\/1462878287_img0003.jpg\",\"width\":283,\"height\":430},{\"@type\":\"BreadcrumbList\",\"@id\":\"https:\\\/\\\/skaitytaknyga.lt\\\/produktas\\\/antroji-vyriausybe-premjero-paslaptis-2\\\/#breadcrumb\",\"itemListElement\":[{\"@type\":\"ListItem\",\"position\":1,\"name\":\"Home\",\"item\":\"https:\\\/\\\/skaitytaknyga.lt\\\/\"},{\"@type\":\"ListItem\",\"position\":2,\"name\":\"Parduotuv\u0117\",\"item\":\"https:\\\/\\\/skaitytaknyga.lt\\\/knygu-parduotuve\\\/\"},{\"@type\":\"ListItem\",\"position\":3,\"name\":\"Antroji vyriausyb\u0117: Premjero paslaptis\"}]},{\"@type\":\"WebSite\",\"@id\":\"https:\\\/\\\/skaitytaknyga.lt\\\/#website\",\"url\":\"https:\\\/\\\/skaitytaknyga.lt\\\/\",\"name\":\"skaitytaknyga.lt\",\"description\":\"Skaitytaknyga.lt \u2013 tai ma\u017eas \u0161eimos verslas, kuris prasid\u0117jo nuo meil\u0117s knygoms ir siekio i\u0161gelb\u0117ti knygas nuo likimo prie konteinerio. Kas vienam nereikalingas daiktas \u2013 kitam lobis, o mes esame tarpininkai, kurie padeda abiems tapti laimingesniems ???? \u017dinome kaip nelengva i\u0161gyventi ma\u017eiems verslams, tad nuo \u0161iol, \u010dia rasite ir kit\u0173, ma\u017e\u0173 \u0161eim\u0173 versl\u0173, rank\u0173 darbo, dovan\u0173 sau ir artimiesiems.\",\"publisher\":{\"@id\":\"https:\\\/\\\/skaitytaknyga.lt\\\/#organization\"},\"potentialAction\":[{\"@type\":\"SearchAction\",\"target\":{\"@type\":\"EntryPoint\",\"urlTemplate\":\"https:\\\/\\\/skaitytaknyga.lt\\\/?s={search_term_string}\"},\"query-input\":{\"@type\":\"PropertyValueSpecification\",\"valueRequired\":true,\"valueName\":\"search_term_string\"}}],\"inLanguage\":\"en-GB\"},{\"@type\":\"Organization\",\"@id\":\"https:\\\/\\\/skaitytaknyga.lt\\\/#organization\",\"name\":\"skaitytaknyga.lt\",\"url\":\"https:\\\/\\\/skaitytaknyga.lt\\\/\",\"logo\":{\"@type\":\"ImageObject\",\"inLanguage\":\"en-GB\",\"@id\":\"https:\\\/\\\/skaitytaknyga.lt\\\/#\\\/schema\\\/logo\\\/image\\\/\",\"url\":\"https:\\\/\\\/skaitytaknyga.lt\\\/wp-content\\\/uploads\\\/2024\\\/05\\\/cropped-cropped-cropped-02_00843_jt3bggkj1j3HLc7SyY6rEUpg.jpeg\",\"contentUrl\":\"https:\\\/\\\/skaitytaknyga.lt\\\/wp-content\\\/uploads\\\/2024\\\/05\\\/cropped-cropped-cropped-02_00843_jt3bggkj1j3HLc7SyY6rEUpg.jpeg\",\"width\":1600,\"height\":1600,\"caption\":\"skaitytaknyga.lt\"},\"image\":{\"@id\":\"https:\\\/\\\/skaitytaknyga.lt\\\/#\\\/schema\\\/logo\\\/image\\\/\"},\"sameAs\":[\"https:\\\/\\\/www.facebook.com\\\/skaitytaknyga\\\/\"]}]}<\/script>\n<!-- \/ Yoast SEO plugin. -->","yoast_head_json":{"title":"Antroji vyriausyb\u0117: Premjero paslaptis","description":"Apie Lietuvos Respublikos Vyriausyb\u0119, dirbusi\u0105 1991 m. sausio 11-13 d. itin sud\u0117tingu Lietuvai metu, ir apie tai, kaip sausio 13-osios nakt\u012f paslaptingai dingo Ministras Pirmininkas A. \u0160im\u0117nas.  Pasinaudojus Antrosios Vyriausyb\u0117s dokumentais, Auk\u0161\u010diausiosios Tarybos pos\u0117d\u017ei\u0173 stenogramomis, ministr\u0173 atsiminimais, 1991 m. sausio \u012fvyki\u0173 dalyvi\u0173 liudijimais, kitais dokumentais ir remiantis asmenine patirtimi apra\u0161omos Ministro Pirmininko ir Vyriausyb\u0117s skyrimo aplinkyb\u0117s, trumpa apra\u0161omos Vyriausyb\u0117s ir Ministro Pirmininko A. \u0160im\u0117no veikla.  Autorius tikisi, kad \u0161i knyga skaitytojui pad\u0117s geriau suvokti lemting\u0105 1991 m. sausio prad\u017ei\u0105 ir pasidaryti savo i\u0161vadas.","robots":{"index":"index","follow":"follow","max-snippet":"max-snippet:-1","max-image-preview":"max-image-preview:large","max-video-preview":"max-video-preview:-1"},"canonical":"https:\/\/skaitytaknyga.lt\/en\/produktas\/antroji-vyriausybe-premjero-paslaptis-2\/","og_locale":"en_GB","og_type":"article","og_title":"[:lt]Antroji vyriausyb\u0117: Premjero paslaptis[:] - Skaitytaknyga","og_description":"Apie Lietuvos Respublikos Vyriausyb\u0119, dirbusi\u0105 1991 m. sausio 11-13 d. itin sud\u0117tingu Lietuvai metu, ir apie tai, kaip sausio 13-osios nakt\u012f paslaptingai dingo Ministras Pirmininkas A. \u0160im\u0117nas.  Pasinaudojus Antrosios Vyriausyb\u0117s dokumentais, Auk\u0161\u010diausiosios Tarybos pos\u0117d\u017ei\u0173 stenogramomis, ministr\u0173 atsiminimais, 1991 m. sausio \u012fvyki\u0173 dalyvi\u0173 liudijimais, kitais dokumentais ir remiantis asmenine patirtimi apra\u0161omos Ministro Pirmininko ir Vyriausyb\u0117s skyrimo aplinkyb\u0117s, trumpa apra\u0161omos Vyriausyb\u0117s ir Ministro Pirmininko A. \u0160im\u0117no veikla.  Autorius tikisi, kad \u0161i knyga skaitytojui pad\u0117s geriau suvokti lemting\u0105 1991 m. sausio prad\u017ei\u0105 ir pasidaryti savo i\u0161vadas.","og_url":"https:\/\/skaitytaknyga.lt\/en\/produktas\/antroji-vyriausybe-premjero-paslaptis-2\/","og_site_name":"Skaitytaknyga","article_publisher":"https:\/\/www.facebook.com\/skaitytaknyga\/","article_modified_time":"2026-03-18T13:00:01+00:00","og_image":[{"width":283,"height":430,"url":"https:\/\/skaitytaknyga.lt\/wp-content\/uploads\/2024\/05\/1462878287_img0003.jpg","type":"image\/jpeg"}],"twitter_card":"summary_large_image","schema":{"@context":"https:\/\/schema.org","@graph":[{"@type":"WebPage","@id":"https:\/\/skaitytaknyga.lt\/produktas\/antroji-vyriausybe-premjero-paslaptis-2\/","url":"https:\/\/skaitytaknyga.lt\/produktas\/antroji-vyriausybe-premjero-paslaptis-2\/","name":"Antroji vyriausyb\u0117: Premjero paslaptis","isPartOf":{"@id":"https:\/\/skaitytaknyga.lt\/#website"},"primaryImageOfPage":{"@id":"https:\/\/skaitytaknyga.lt\/produktas\/antroji-vyriausybe-premjero-paslaptis-2\/#primaryimage"},"image":{"@id":"https:\/\/skaitytaknyga.lt\/produktas\/antroji-vyriausybe-premjero-paslaptis-2\/#primaryimage"},"thumbnailUrl":"https:\/\/skaitytaknyga.lt\/wp-content\/uploads\/2024\/05\/1462878287_img0003.jpg","datePublished":"2024-05-04T15:00:45+00:00","dateModified":"2026-03-18T13:00:01+00:00","description":"Apie Lietuvos Respublikos Vyriausyb\u0119, dirbusi\u0105 1991 m. sausio 11-13 d. itin sud\u0117tingu Lietuvai metu, ir apie tai, kaip sausio 13-osios nakt\u012f paslaptingai dingo Ministras Pirmininkas A. \u0160im\u0117nas. Pasinaudojus Antrosios Vyriausyb\u0117s dokumentais, Auk\u0161\u010diausiosios Tarybos pos\u0117d\u017ei\u0173 stenogramomis, ministr\u0173 atsiminimais, 1991 m. sausio \u012fvyki\u0173 dalyvi\u0173 liudijimais, kitais dokumentais ir remiantis asmenine patirtimi apra\u0161omos Ministro Pirmininko ir Vyriausyb\u0117s skyrimo aplinkyb\u0117s, trumpa apra\u0161omos Vyriausyb\u0117s ir Ministro Pirmininko A. \u0160im\u0117no veikla. Autorius tikisi, kad \u0161i knyga skaitytojui pad\u0117s geriau suvokti lemting\u0105 1991 m. sausio prad\u017ei\u0105 ir pasidaryti savo i\u0161vadas.","breadcrumb":{"@id":"https:\/\/skaitytaknyga.lt\/produktas\/antroji-vyriausybe-premjero-paslaptis-2\/#breadcrumb"},"inLanguage":"en-GB","potentialAction":[{"@type":"ReadAction","target":["https:\/\/skaitytaknyga.lt\/produktas\/antroji-vyriausybe-premjero-paslaptis-2\/"]}]},{"@type":"ImageObject","inLanguage":"en-GB","@id":"https:\/\/skaitytaknyga.lt\/produktas\/antroji-vyriausybe-premjero-paslaptis-2\/#primaryimage","url":"https:\/\/skaitytaknyga.lt\/wp-content\/uploads\/2024\/05\/1462878287_img0003.jpg","contentUrl":"https:\/\/skaitytaknyga.lt\/wp-content\/uploads\/2024\/05\/1462878287_img0003.jpg","width":283,"height":430},{"@type":"BreadcrumbList","@id":"https:\/\/skaitytaknyga.lt\/produktas\/antroji-vyriausybe-premjero-paslaptis-2\/#breadcrumb","itemListElement":[{"@type":"ListItem","position":1,"name":"Home","item":"https:\/\/skaitytaknyga.lt\/"},{"@type":"ListItem","position":2,"name":"Parduotuv\u0117","item":"https:\/\/skaitytaknyga.lt\/knygu-parduotuve\/"},{"@type":"ListItem","position":3,"name":"Antroji vyriausyb\u0117: Premjero paslaptis"}]},{"@type":"WebSite","@id":"https:\/\/skaitytaknyga.lt\/#website","url":"https:\/\/skaitytaknyga.lt\/","name":"skaitytaknyga.lt","description":"Skaitytaknyga.lt \u2013 tai ma\u017eas \u0161eimos verslas, kuris prasid\u0117jo nuo meil\u0117s knygoms ir siekio i\u0161gelb\u0117ti knygas nuo likimo prie konteinerio. Kas vienam nereikalingas daiktas \u2013 kitam lobis, o mes esame tarpininkai, kurie padeda abiems tapti laimingesniems ???? \u017dinome kaip nelengva i\u0161gyventi ma\u017eiems verslams, tad nuo \u0161iol, \u010dia rasite ir kit\u0173, ma\u017e\u0173 \u0161eim\u0173 versl\u0173, rank\u0173 darbo, dovan\u0173 sau ir artimiesiems.","publisher":{"@id":"https:\/\/skaitytaknyga.lt\/#organization"},"potentialAction":[{"@type":"SearchAction","target":{"@type":"EntryPoint","urlTemplate":"https:\/\/skaitytaknyga.lt\/?s={search_term_string}"},"query-input":{"@type":"PropertyValueSpecification","valueRequired":true,"valueName":"search_term_string"}}],"inLanguage":"en-GB"},{"@type":"Organization","@id":"https:\/\/skaitytaknyga.lt\/#organization","name":"skaitytaknyga.lt","url":"https:\/\/skaitytaknyga.lt\/","logo":{"@type":"ImageObject","inLanguage":"en-GB","@id":"https:\/\/skaitytaknyga.lt\/#\/schema\/logo\/image\/","url":"https:\/\/skaitytaknyga.lt\/wp-content\/uploads\/2024\/05\/cropped-cropped-cropped-02_00843_jt3bggkj1j3HLc7SyY6rEUpg.jpeg","contentUrl":"https:\/\/skaitytaknyga.lt\/wp-content\/uploads\/2024\/05\/cropped-cropped-cropped-02_00843_jt3bggkj1j3HLc7SyY6rEUpg.jpeg","width":1600,"height":1600,"caption":"skaitytaknyga.lt"},"image":{"@id":"https:\/\/skaitytaknyga.lt\/#\/schema\/logo\/image\/"},"sameAs":["https:\/\/www.facebook.com\/skaitytaknyga\/"]}]}},"_links":{"self":[{"href":"https:\/\/skaitytaknyga.lt\/en\/wp-json\/wp\/v2\/product\/9308","targetHints":{"allow":["GET"]}}],"collection":[{"href":"https:\/\/skaitytaknyga.lt\/en\/wp-json\/wp\/v2\/product"}],"about":[{"href":"https:\/\/skaitytaknyga.lt\/en\/wp-json\/wp\/v2\/types\/product"}],"replies":[{"embeddable":true,"href":"https:\/\/skaitytaknyga.lt\/en\/wp-json\/wp\/v2\/comments?post=9308"}],"wp:featuredmedia":[{"embeddable":true,"href":"https:\/\/skaitytaknyga.lt\/en\/wp-json\/wp\/v2\/media\/6571"}],"wp:attachment":[{"href":"https:\/\/skaitytaknyga.lt\/en\/wp-json\/wp\/v2\/media?parent=9308"}],"wp:term":[{"taxonomy":"product_brand","embeddable":true,"href":"https:\/\/skaitytaknyga.lt\/en\/wp-json\/wp\/v2\/product_brand?post=9308"},{"taxonomy":"product_cat","embeddable":true,"href":"https:\/\/skaitytaknyga.lt\/en\/wp-json\/wp\/v2\/product_cat?post=9308"},{"taxonomy":"product_tag","embeddable":true,"href":"https:\/\/skaitytaknyga.lt\/en\/wp-json\/wp\/v2\/product_tag?post=9308"}],"curies":[{"name":"wp","href":"https:\/\/api.w.org\/{rel}","templated":true}]}}