{"id":9289,"date":"2024-05-04T15:00:23","date_gmt":"2024-05-04T15:00:23","guid":{"rendered":"https:\/\/skaitytaknyga.lt\/?post_type=product&#038;p=9289"},"modified":"2024-05-04T15:00:37","modified_gmt":"2024-05-04T15:00:37","slug":"arturo-perez-reverte-flamandu-meistro-paveikslas-2","status":"publish","type":"product","link":"https:\/\/skaitytaknyga.lt\/en\/produktas\/arturo-perez-reverte-flamandu-meistro-paveikslas-2\/","title":{"rendered":"Arturo P\u00e9rez-Reverte \u201eFlamand\u0173 meistro paveikslas\u201c"},"content":{"rendered":"<div class=\"book-descript-wrapper\">\n<section class=\"product-descript more-content-wrapper\">\n<div class=\"\">\n<p>Jauno ispan\u0173 ra\u0161ytojo pirmasis romanas, tap\u0119s pasauliniu bestseleriu, \u2013 intriguojantis daugiasluoksnis trileris, pa\u0161\u0117lusiai \u012ftemptas, \u0161maik\u0161tus ir pilnas \u017eavi\u0173 paradoks\u0173. Intrigos centre \u2013 XVa. flamand\u0173 \u0161edevras\u00a0 \u201e\u0160achmat\u0173 partija\u201c. J\u012f restauruojanti Chulija neatsispiria pagundai rasti atsakym\u0105 \u012f klausim\u0105, dailininko pasl\u0117pt\u0105 kamputyje: Quis necavit equitem?\u00a0\u2013 \u201eKas nu\u017eud\u0117 riter\u012f?\u201c (Arba \u2013 \u201eKas nukirto \u017eirg\u0105?\u201c).<\/p>\n<p>Jai ima talkinti puikus \u0161achmatininkas Munjosas: pasiry\u017eta atkurti paveiksle \u017eaid\u017eiam\u0105 partij\u0105. Taigi \u017eaidimas t\u0119siasi&#8230;Ta\u010diau ir XX\u00a0 a. kiekviena nukirsta fig\u016bra rei\u0161kia mirt\u012f. O koks vaidmuo \u0161ioje partijoje skirtas Chulijai?<\/p>\n<\/div>\n<\/section>\n<\/div>\n<div class=\"book-checkout-wrapper checkout-wrapper\">\n<div id=\"type-used-0-block\" class=\"\">\n<div class=\"checkout-block\"><\/div>\n<\/div>\n<\/div>\n","protected":false},"excerpt":{"rendered":"<div class=\"book-descript-wrapper\">\n<section class=\"product-descript more-content-wrapper\">\n<div class=\"\">\n<p>Jauno ispan\u0173 ra\u0161ytojo pirmasis romanas, tap\u0119s pasauliniu bestseleriu, \u2013 intriguojantis daugiasluoksnis trileris, pa\u0161\u0117lusiai \u012ftemptas, \u0161maik\u0161tus ir pilnas \u017eavi\u0173 paradoks\u0173. Intrigos centre \u2013 XVa. flamand\u0173 \u0161edevras\u00a0 \u201e\u0160achmat\u0173 partija\u201c. J\u012f restauruojanti Chulija neatsispiria pagundai rasti atsakym\u0105 \u012f klausim\u0105, dailininko pasl\u0117pt\u0105 kamputyje: Quis necavit equitem?\u00a0\u2013 \u201eKas nu\u017eud\u0117 riter\u012f?\u201c (Arba \u2013 \u201eKas nukirto \u017eirg\u0105?\u201c).<\/p>\n<p>Jai ima talkinti puikus \u0161achmatininkas Munjosas: pasiry\u017eta atkurti paveiksle \u017eaid\u017eiam\u0105 partij\u0105. Taigi \u017eaidimas t\u0119siasi&#8230;Ta\u010diau ir XX\u00a0 a. kiekviena nukirsta fig\u016bra rei\u0161kia mirt\u012f. O koks vaidmuo \u0161ioje partijoje skirtas Chulijai?<\/p>\n<\/div>\n<\/section>\n<\/div>\n<div class=\"book-checkout-wrapper checkout-wrapper\">\n<div id=\"type-used-0-block\" class=\"\">\n<div class=\"checkout-block\"><\/div>\n<\/div>\n<\/div>\n","protected":false},"featured_media":6532,"comment_status":"closed","ping_status":"closed","template":"","meta":{"_acf_changed":false,"site-sidebar-layout":"default","site-content-layout":"","ast-site-content-layout":"default","site-content-style":"default","site-sidebar-style":"default","ast-global-header-display":"","ast-banner-title-visibility":"","ast-main-header-display":"","ast-hfb-above-header-display":"","ast-hfb-below-header-display":"","ast-hfb-mobile-header-display":"","site-post-title":"","ast-breadcrumbs-content":"","ast-featured-img":"","footer-sml-layout":"","ast-disable-related-posts":"","theme-transparent-header-meta":"","adv-header-id-meta":"","stick-header-meta":"","header-above-stick-meta":"","header-main-stick-meta":"","header-below-stick-meta":"","astra-migrate-meta-layouts":"default","ast-page-background-enabled":"default","ast-page-background-meta":{"desktop":{"background-color":"","background-image":"","background-repeat":"repeat","background-position":"center center","background-size":"auto","background-attachment":"scroll","background-type":"","background-media":"","overlay-type":"","overlay-color":"","overlay-opacity":"","overlay-gradient":""},"tablet":{"background-color":"","background-image":"","background-repeat":"repeat","background-position":"center center","background-size":"auto","background-attachment":"scroll","background-type":"","background-media":"","overlay-type":"","overlay-color":"","overlay-opacity":"","overlay-gradient":""},"mobile":{"background-color":"","background-image":"","background-repeat":"repeat","background-position":"center center","background-size":"auto","background-attachment":"scroll","background-type":"","background-media":"","overlay-type":"","overlay-color":"","overlay-opacity":"","overlay-gradient":""}},"ast-content-background-meta":{"desktop":{"background-color":"var(--ast-global-color-4)","background-image":"","background-repeat":"repeat","background-position":"center center","background-size":"auto","background-attachment":"scroll","background-type":"","background-media":"","overlay-type":"","overlay-color":"","overlay-opacity":"","overlay-gradient":""},"tablet":{"background-color":"var(--ast-global-color-4)","background-image":"","background-repeat":"repeat","background-position":"center center","background-size":"auto","background-attachment":"scroll","background-type":"","background-media":"","overlay-type":"","overlay-color":"","overlay-opacity":"","overlay-gradient":""},"mobile":{"background-color":"var(--ast-global-color-4)","background-image":"","background-repeat":"repeat","background-position":"center center","background-size":"auto","background-attachment":"scroll","background-type":"","background-media":"","overlay-type":"","overlay-color":"","overlay-opacity":"","overlay-gradient":""}}},"product_brand":[],"product_cat":[31],"product_tag":[],"class_list":{"0":"post-9289","1":"product","2":"type-product","3":"status-publish","4":"has-post-thumbnail","6":"product_cat-grozine-literatura","7":"desktop-align-left","8":"tablet-align-left","9":"mobile-align-left","11":"first","12":"instock","13":"shipping-taxable","14":"purchasable","15":"product-type-simple"},"acf":[],"yoast_head":"<!-- This site is optimized with the Yoast SEO plugin v27.4 - https:\/\/yoast.com\/product\/yoast-seo-wordpress\/ -->\n<title>Arturo P\u00e9rez-Reverte \u201eFlamand\u0173 meistro paveikslas\u201c - Skaitytaknyga<\/title>\n<meta name=\"description\" content=\"Jauno ispan\u0173 ra\u0161ytojo pirmasis romanas, tap\u0119s pasauliniu bestseleriu, \u2013 intriguojantis daugiasluoksnis trileris, pa\u0161\u0117lusiai \u012ftemptas, \u0161maik\u0161tus ir pilnas \u017eavi\u0173 paradoks\u0173. Intrigos centre \u2013 XVa. flamand\u0173 \u0161edevras\u00a0 \u201e\u0160achmat\u0173 partija\u201c. J\u012f restauruojanti Chulija neatsispiria pagundai rasti atsakym\u0105 \u012f klausim\u0105, dailininko pasl\u0117pt\u0105 kamputyje: Quis necavit equitem?\u00a0\u2013 \u201eKas nu\u017eud\u0117 riter\u012f?\u201c (Arba \u2013 \u201eKas nukirto \u017eirg\u0105?\u201c).  Jai ima talkinti puikus \u0161achmatininkas Munjosas: pasiry\u017eta atkurti paveiksle \u017eaid\u017eiam\u0105 partij\u0105. Taigi \u017eaidimas t\u0119siasi...Ta\u010diau ir XX\u00a0 a. kiekviena nukirsta fig\u016bra rei\u0161kia mirt\u012f. O koks vaidmuo \u0161ioje partijoje skirtas Chulijai?\" \/>\n<meta name=\"robots\" content=\"index, follow, max-snippet:-1, max-image-preview:large, max-video-preview:-1\" \/>\n<link rel=\"canonical\" href=\"https:\/\/skaitytaknyga.lt\/en\/produktas\/arturo-perez-reverte-flamandu-meistro-paveikslas-2\/\" \/>\n<meta property=\"og:locale\" content=\"en_GB\" \/>\n<meta property=\"og:locale:alternate\" content=\"lt_LT\" \/>\n<meta property=\"og:type\" content=\"article\" \/>\n<meta property=\"og:title\" content=\"Arturo P\u00e9rez-Reverte \u201eFlamand\u0173 meistro paveikslas\u201c - Skaitytaknyga\" \/>\n<meta property=\"og:description\" content=\"Jauno ispan\u0173 ra\u0161ytojo pirmasis romanas, tap\u0119s pasauliniu bestseleriu, \u2013 intriguojantis daugiasluoksnis trileris, pa\u0161\u0117lusiai \u012ftemptas, \u0161maik\u0161tus ir pilnas \u017eavi\u0173 paradoks\u0173. Intrigos centre \u2013 XVa. flamand\u0173 \u0161edevras\u00a0 \u201e\u0160achmat\u0173 partija\u201c. J\u012f restauruojanti Chulija neatsispiria pagundai rasti atsakym\u0105 \u012f klausim\u0105, dailininko pasl\u0117pt\u0105 kamputyje: Quis necavit equitem?\u00a0\u2013 \u201eKas nu\u017eud\u0117 riter\u012f?\u201c (Arba \u2013 \u201eKas nukirto \u017eirg\u0105?\u201c).  Jai ima talkinti puikus \u0161achmatininkas Munjosas: pasiry\u017eta atkurti paveiksle \u017eaid\u017eiam\u0105 partij\u0105. Taigi \u017eaidimas t\u0119siasi...Ta\u010diau ir XX\u00a0 a. kiekviena nukirsta fig\u016bra rei\u0161kia mirt\u012f. O koks vaidmuo \u0161ioje partijoje skirtas Chulijai?\" \/>\n<meta property=\"og:url\" content=\"https:\/\/skaitytaknyga.lt\/en\/produktas\/arturo-perez-reverte-flamandu-meistro-paveikslas-2\/\" \/>\n<meta property=\"og:site_name\" content=\"Skaitytaknyga\" \/>\n<meta property=\"article:publisher\" content=\"https:\/\/www.facebook.com\/skaitytaknyga\/\" \/>\n<meta property=\"article:modified_time\" content=\"2024-05-04T15:00:37+00:00\" \/>\n<meta property=\"og:image\" content=\"https:\/\/skaitytaknyga.lt\/wp-content\/uploads\/2024\/05\/1462878801_46.jpg\" \/>\n\t<meta property=\"og:image:width\" content=\"255\" \/>\n\t<meta property=\"og:image:height\" content=\"430\" \/>\n\t<meta property=\"og:image:type\" content=\"image\/jpeg\" \/>\n<meta name=\"twitter:card\" content=\"summary_large_image\" \/>\n<script type=\"application\/ld+json\" class=\"yoast-schema-graph\">{\"@context\":\"https:\\\/\\\/schema.org\",\"@graph\":[{\"@type\":\"WebPage\",\"@id\":\"https:\\\/\\\/skaitytaknyga.lt\\\/produktas\\\/arturo-perez-reverte-flamandu-meistro-paveikslas-2\\\/\",\"url\":\"https:\\\/\\\/skaitytaknyga.lt\\\/produktas\\\/arturo-perez-reverte-flamandu-meistro-paveikslas-2\\\/\",\"name\":\"Arturo P\u00e9rez-Reverte \u201eFlamand\u0173 meistro paveikslas\u201c - Skaitytaknyga\",\"isPartOf\":{\"@id\":\"https:\\\/\\\/skaitytaknyga.lt\\\/#website\"},\"primaryImageOfPage\":{\"@id\":\"https:\\\/\\\/skaitytaknyga.lt\\\/produktas\\\/arturo-perez-reverte-flamandu-meistro-paveikslas-2\\\/#primaryimage\"},\"image\":{\"@id\":\"https:\\\/\\\/skaitytaknyga.lt\\\/produktas\\\/arturo-perez-reverte-flamandu-meistro-paveikslas-2\\\/#primaryimage\"},\"thumbnailUrl\":\"https:\\\/\\\/skaitytaknyga.lt\\\/wp-content\\\/uploads\\\/2024\\\/05\\\/1462878801_46.jpg\",\"datePublished\":\"2024-05-04T15:00:23+00:00\",\"dateModified\":\"2024-05-04T15:00:37+00:00\",\"description\":\"Jauno ispan\u0173 ra\u0161ytojo pirmasis romanas, tap\u0119s pasauliniu bestseleriu, \u2013 intriguojantis daugiasluoksnis trileris, pa\u0161\u0117lusiai \u012ftemptas, \u0161maik\u0161tus ir pilnas \u017eavi\u0173 paradoks\u0173. Intrigos centre \u2013 XVa. flamand\u0173 \u0161edevras\u00a0 \u201e\u0160achmat\u0173 partija\u201c. J\u012f restauruojanti Chulija neatsispiria pagundai rasti atsakym\u0105 \u012f klausim\u0105, dailininko pasl\u0117pt\u0105 kamputyje: Quis necavit equitem?\u00a0\u2013 \u201eKas nu\u017eud\u0117 riter\u012f?\u201c (Arba \u2013 \u201eKas nukirto \u017eirg\u0105?\u201c). Jai ima talkinti puikus \u0161achmatininkas Munjosas: pasiry\u017eta atkurti paveiksle \u017eaid\u017eiam\u0105 partij\u0105. Taigi \u017eaidimas t\u0119siasi...Ta\u010diau ir XX\u00a0 a. kiekviena nukirsta fig\u016bra rei\u0161kia mirt\u012f. O koks vaidmuo \u0161ioje partijoje skirtas Chulijai?\",\"breadcrumb\":{\"@id\":\"https:\\\/\\\/skaitytaknyga.lt\\\/produktas\\\/arturo-perez-reverte-flamandu-meistro-paveikslas-2\\\/#breadcrumb\"},\"inLanguage\":\"en-GB\",\"potentialAction\":[{\"@type\":\"ReadAction\",\"target\":[\"https:\\\/\\\/skaitytaknyga.lt\\\/produktas\\\/arturo-perez-reverte-flamandu-meistro-paveikslas-2\\\/\"]}]},{\"@type\":\"ImageObject\",\"inLanguage\":\"en-GB\",\"@id\":\"https:\\\/\\\/skaitytaknyga.lt\\\/produktas\\\/arturo-perez-reverte-flamandu-meistro-paveikslas-2\\\/#primaryimage\",\"url\":\"https:\\\/\\\/skaitytaknyga.lt\\\/wp-content\\\/uploads\\\/2024\\\/05\\\/1462878801_46.jpg\",\"contentUrl\":\"https:\\\/\\\/skaitytaknyga.lt\\\/wp-content\\\/uploads\\\/2024\\\/05\\\/1462878801_46.jpg\",\"width\":255,\"height\":430},{\"@type\":\"BreadcrumbList\",\"@id\":\"https:\\\/\\\/skaitytaknyga.lt\\\/produktas\\\/arturo-perez-reverte-flamandu-meistro-paveikslas-2\\\/#breadcrumb\",\"itemListElement\":[{\"@type\":\"ListItem\",\"position\":1,\"name\":\"Home\",\"item\":\"https:\\\/\\\/skaitytaknyga.lt\\\/\"},{\"@type\":\"ListItem\",\"position\":2,\"name\":\"Parduotuv\u0117\",\"item\":\"https:\\\/\\\/skaitytaknyga.lt\\\/knygu-parduotuve\\\/\"},{\"@type\":\"ListItem\",\"position\":3,\"name\":\"Arturo P\u00e9rez-Reverte \u201eFlamand\u0173 meistro paveikslas\u201c\"}]},{\"@type\":\"WebSite\",\"@id\":\"https:\\\/\\\/skaitytaknyga.lt\\\/#website\",\"url\":\"https:\\\/\\\/skaitytaknyga.lt\\\/\",\"name\":\"skaitytaknyga.lt\",\"description\":\"Skaitytaknyga.lt \u2013 tai ma\u017eas \u0161eimos verslas, kuris prasid\u0117jo nuo meil\u0117s knygoms ir siekio i\u0161gelb\u0117ti knygas nuo likimo prie konteinerio. Kas vienam nereikalingas daiktas \u2013 kitam lobis, o mes esame tarpininkai, kurie padeda abiems tapti laimingesniems ???? \u017dinome kaip nelengva i\u0161gyventi ma\u017eiems verslams, tad nuo \u0161iol, \u010dia rasite ir kit\u0173, ma\u017e\u0173 \u0161eim\u0173 versl\u0173, rank\u0173 darbo, dovan\u0173 sau ir artimiesiems.\",\"publisher\":{\"@id\":\"https:\\\/\\\/skaitytaknyga.lt\\\/#organization\"},\"potentialAction\":[{\"@type\":\"SearchAction\",\"target\":{\"@type\":\"EntryPoint\",\"urlTemplate\":\"https:\\\/\\\/skaitytaknyga.lt\\\/?s={search_term_string}\"},\"query-input\":{\"@type\":\"PropertyValueSpecification\",\"valueRequired\":true,\"valueName\":\"search_term_string\"}}],\"inLanguage\":\"en-GB\"},{\"@type\":\"Organization\",\"@id\":\"https:\\\/\\\/skaitytaknyga.lt\\\/#organization\",\"name\":\"skaitytaknyga.lt\",\"url\":\"https:\\\/\\\/skaitytaknyga.lt\\\/\",\"logo\":{\"@type\":\"ImageObject\",\"inLanguage\":\"en-GB\",\"@id\":\"https:\\\/\\\/skaitytaknyga.lt\\\/#\\\/schema\\\/logo\\\/image\\\/\",\"url\":\"https:\\\/\\\/skaitytaknyga.lt\\\/wp-content\\\/uploads\\\/2024\\\/05\\\/cropped-cropped-cropped-02_00843_jt3bggkj1j3HLc7SyY6rEUpg.jpeg\",\"contentUrl\":\"https:\\\/\\\/skaitytaknyga.lt\\\/wp-content\\\/uploads\\\/2024\\\/05\\\/cropped-cropped-cropped-02_00843_jt3bggkj1j3HLc7SyY6rEUpg.jpeg\",\"width\":1600,\"height\":1600,\"caption\":\"skaitytaknyga.lt\"},\"image\":{\"@id\":\"https:\\\/\\\/skaitytaknyga.lt\\\/#\\\/schema\\\/logo\\\/image\\\/\"},\"sameAs\":[\"https:\\\/\\\/www.facebook.com\\\/skaitytaknyga\\\/\"]}]}<\/script>\n<!-- \/ Yoast SEO plugin. -->","yoast_head_json":{"title":"Arturo P\u00e9rez-Reverte \u201eFlamand\u0173 meistro paveikslas\u201c - Skaitytaknyga","description":"Jauno ispan\u0173 ra\u0161ytojo pirmasis romanas, tap\u0119s pasauliniu bestseleriu, \u2013 intriguojantis daugiasluoksnis trileris, pa\u0161\u0117lusiai \u012ftemptas, \u0161maik\u0161tus ir pilnas \u017eavi\u0173 paradoks\u0173. Intrigos centre \u2013 XVa. flamand\u0173 \u0161edevras\u00a0 \u201e\u0160achmat\u0173 partija\u201c. J\u012f restauruojanti Chulija neatsispiria pagundai rasti atsakym\u0105 \u012f klausim\u0105, dailininko pasl\u0117pt\u0105 kamputyje: Quis necavit equitem?\u00a0\u2013 \u201eKas nu\u017eud\u0117 riter\u012f?\u201c (Arba \u2013 \u201eKas nukirto \u017eirg\u0105?\u201c).  Jai ima talkinti puikus \u0161achmatininkas Munjosas: pasiry\u017eta atkurti paveiksle \u017eaid\u017eiam\u0105 partij\u0105. Taigi \u017eaidimas t\u0119siasi...Ta\u010diau ir XX\u00a0 a. kiekviena nukirsta fig\u016bra rei\u0161kia mirt\u012f. O koks vaidmuo \u0161ioje partijoje skirtas Chulijai?","robots":{"index":"index","follow":"follow","max-snippet":"max-snippet:-1","max-image-preview":"max-image-preview:large","max-video-preview":"max-video-preview:-1"},"canonical":"https:\/\/skaitytaknyga.lt\/en\/produktas\/arturo-perez-reverte-flamandu-meistro-paveikslas-2\/","og_locale":"en_GB","og_type":"article","og_title":"Arturo P\u00e9rez-Reverte \u201eFlamand\u0173 meistro paveikslas\u201c - Skaitytaknyga","og_description":"Jauno ispan\u0173 ra\u0161ytojo pirmasis romanas, tap\u0119s pasauliniu bestseleriu, \u2013 intriguojantis daugiasluoksnis trileris, pa\u0161\u0117lusiai \u012ftemptas, \u0161maik\u0161tus ir pilnas \u017eavi\u0173 paradoks\u0173. Intrigos centre \u2013 XVa. flamand\u0173 \u0161edevras\u00a0 \u201e\u0160achmat\u0173 partija\u201c. J\u012f restauruojanti Chulija neatsispiria pagundai rasti atsakym\u0105 \u012f klausim\u0105, dailininko pasl\u0117pt\u0105 kamputyje: Quis necavit equitem?\u00a0\u2013 \u201eKas nu\u017eud\u0117 riter\u012f?\u201c (Arba \u2013 \u201eKas nukirto \u017eirg\u0105?\u201c).  Jai ima talkinti puikus \u0161achmatininkas Munjosas: pasiry\u017eta atkurti paveiksle \u017eaid\u017eiam\u0105 partij\u0105. Taigi \u017eaidimas t\u0119siasi...Ta\u010diau ir XX\u00a0 a. kiekviena nukirsta fig\u016bra rei\u0161kia mirt\u012f. O koks vaidmuo \u0161ioje partijoje skirtas Chulijai?","og_url":"https:\/\/skaitytaknyga.lt\/en\/produktas\/arturo-perez-reverte-flamandu-meistro-paveikslas-2\/","og_site_name":"Skaitytaknyga","article_publisher":"https:\/\/www.facebook.com\/skaitytaknyga\/","article_modified_time":"2024-05-04T15:00:37+00:00","og_image":[{"width":255,"height":430,"url":"https:\/\/skaitytaknyga.lt\/wp-content\/uploads\/2024\/05\/1462878801_46.jpg","type":"image\/jpeg"}],"twitter_card":"summary_large_image","schema":{"@context":"https:\/\/schema.org","@graph":[{"@type":"WebPage","@id":"https:\/\/skaitytaknyga.lt\/produktas\/arturo-perez-reverte-flamandu-meistro-paveikslas-2\/","url":"https:\/\/skaitytaknyga.lt\/produktas\/arturo-perez-reverte-flamandu-meistro-paveikslas-2\/","name":"Arturo P\u00e9rez-Reverte \u201eFlamand\u0173 meistro paveikslas\u201c - Skaitytaknyga","isPartOf":{"@id":"https:\/\/skaitytaknyga.lt\/#website"},"primaryImageOfPage":{"@id":"https:\/\/skaitytaknyga.lt\/produktas\/arturo-perez-reverte-flamandu-meistro-paveikslas-2\/#primaryimage"},"image":{"@id":"https:\/\/skaitytaknyga.lt\/produktas\/arturo-perez-reverte-flamandu-meistro-paveikslas-2\/#primaryimage"},"thumbnailUrl":"https:\/\/skaitytaknyga.lt\/wp-content\/uploads\/2024\/05\/1462878801_46.jpg","datePublished":"2024-05-04T15:00:23+00:00","dateModified":"2024-05-04T15:00:37+00:00","description":"Jauno ispan\u0173 ra\u0161ytojo pirmasis romanas, tap\u0119s pasauliniu bestseleriu, \u2013 intriguojantis daugiasluoksnis trileris, pa\u0161\u0117lusiai \u012ftemptas, \u0161maik\u0161tus ir pilnas \u017eavi\u0173 paradoks\u0173. Intrigos centre \u2013 XVa. flamand\u0173 \u0161edevras\u00a0 \u201e\u0160achmat\u0173 partija\u201c. J\u012f restauruojanti Chulija neatsispiria pagundai rasti atsakym\u0105 \u012f klausim\u0105, dailininko pasl\u0117pt\u0105 kamputyje: Quis necavit equitem?\u00a0\u2013 \u201eKas nu\u017eud\u0117 riter\u012f?\u201c (Arba \u2013 \u201eKas nukirto \u017eirg\u0105?\u201c). Jai ima talkinti puikus \u0161achmatininkas Munjosas: pasiry\u017eta atkurti paveiksle \u017eaid\u017eiam\u0105 partij\u0105. Taigi \u017eaidimas t\u0119siasi...Ta\u010diau ir XX\u00a0 a. kiekviena nukirsta fig\u016bra rei\u0161kia mirt\u012f. O koks vaidmuo \u0161ioje partijoje skirtas Chulijai?","breadcrumb":{"@id":"https:\/\/skaitytaknyga.lt\/produktas\/arturo-perez-reverte-flamandu-meistro-paveikslas-2\/#breadcrumb"},"inLanguage":"en-GB","potentialAction":[{"@type":"ReadAction","target":["https:\/\/skaitytaknyga.lt\/produktas\/arturo-perez-reverte-flamandu-meistro-paveikslas-2\/"]}]},{"@type":"ImageObject","inLanguage":"en-GB","@id":"https:\/\/skaitytaknyga.lt\/produktas\/arturo-perez-reverte-flamandu-meistro-paveikslas-2\/#primaryimage","url":"https:\/\/skaitytaknyga.lt\/wp-content\/uploads\/2024\/05\/1462878801_46.jpg","contentUrl":"https:\/\/skaitytaknyga.lt\/wp-content\/uploads\/2024\/05\/1462878801_46.jpg","width":255,"height":430},{"@type":"BreadcrumbList","@id":"https:\/\/skaitytaknyga.lt\/produktas\/arturo-perez-reverte-flamandu-meistro-paveikslas-2\/#breadcrumb","itemListElement":[{"@type":"ListItem","position":1,"name":"Home","item":"https:\/\/skaitytaknyga.lt\/"},{"@type":"ListItem","position":2,"name":"Parduotuv\u0117","item":"https:\/\/skaitytaknyga.lt\/knygu-parduotuve\/"},{"@type":"ListItem","position":3,"name":"Arturo P\u00e9rez-Reverte \u201eFlamand\u0173 meistro paveikslas\u201c"}]},{"@type":"WebSite","@id":"https:\/\/skaitytaknyga.lt\/#website","url":"https:\/\/skaitytaknyga.lt\/","name":"skaitytaknyga.lt","description":"Skaitytaknyga.lt \u2013 tai ma\u017eas \u0161eimos verslas, kuris prasid\u0117jo nuo meil\u0117s knygoms ir siekio i\u0161gelb\u0117ti knygas nuo likimo prie konteinerio. Kas vienam nereikalingas daiktas \u2013 kitam lobis, o mes esame tarpininkai, kurie padeda abiems tapti laimingesniems ???? \u017dinome kaip nelengva i\u0161gyventi ma\u017eiems verslams, tad nuo \u0161iol, \u010dia rasite ir kit\u0173, ma\u017e\u0173 \u0161eim\u0173 versl\u0173, rank\u0173 darbo, dovan\u0173 sau ir artimiesiems.","publisher":{"@id":"https:\/\/skaitytaknyga.lt\/#organization"},"potentialAction":[{"@type":"SearchAction","target":{"@type":"EntryPoint","urlTemplate":"https:\/\/skaitytaknyga.lt\/?s={search_term_string}"},"query-input":{"@type":"PropertyValueSpecification","valueRequired":true,"valueName":"search_term_string"}}],"inLanguage":"en-GB"},{"@type":"Organization","@id":"https:\/\/skaitytaknyga.lt\/#organization","name":"skaitytaknyga.lt","url":"https:\/\/skaitytaknyga.lt\/","logo":{"@type":"ImageObject","inLanguage":"en-GB","@id":"https:\/\/skaitytaknyga.lt\/#\/schema\/logo\/image\/","url":"https:\/\/skaitytaknyga.lt\/wp-content\/uploads\/2024\/05\/cropped-cropped-cropped-02_00843_jt3bggkj1j3HLc7SyY6rEUpg.jpeg","contentUrl":"https:\/\/skaitytaknyga.lt\/wp-content\/uploads\/2024\/05\/cropped-cropped-cropped-02_00843_jt3bggkj1j3HLc7SyY6rEUpg.jpeg","width":1600,"height":1600,"caption":"skaitytaknyga.lt"},"image":{"@id":"https:\/\/skaitytaknyga.lt\/#\/schema\/logo\/image\/"},"sameAs":["https:\/\/www.facebook.com\/skaitytaknyga\/"]}]}},"_links":{"self":[{"href":"https:\/\/skaitytaknyga.lt\/en\/wp-json\/wp\/v2\/product\/9289","targetHints":{"allow":["GET"]}}],"collection":[{"href":"https:\/\/skaitytaknyga.lt\/en\/wp-json\/wp\/v2\/product"}],"about":[{"href":"https:\/\/skaitytaknyga.lt\/en\/wp-json\/wp\/v2\/types\/product"}],"replies":[{"embeddable":true,"href":"https:\/\/skaitytaknyga.lt\/en\/wp-json\/wp\/v2\/comments?post=9289"}],"wp:featuredmedia":[{"embeddable":true,"href":"https:\/\/skaitytaknyga.lt\/en\/wp-json\/wp\/v2\/media\/6532"}],"wp:attachment":[{"href":"https:\/\/skaitytaknyga.lt\/en\/wp-json\/wp\/v2\/media?parent=9289"}],"wp:term":[{"taxonomy":"product_brand","embeddable":true,"href":"https:\/\/skaitytaknyga.lt\/en\/wp-json\/wp\/v2\/product_brand?post=9289"},{"taxonomy":"product_cat","embeddable":true,"href":"https:\/\/skaitytaknyga.lt\/en\/wp-json\/wp\/v2\/product_cat?post=9289"},{"taxonomy":"product_tag","embeddable":true,"href":"https:\/\/skaitytaknyga.lt\/en\/wp-json\/wp\/v2\/product_tag?post=9289"}],"curies":[{"name":"wp","href":"https:\/\/api.w.org\/{rel}","templated":true}]}}