{"id":9272,"date":"2024-05-04T15:00:00","date_gmt":"2024-05-04T15:00:00","guid":{"rendered":"https:\/\/skaitytaknyga.lt\/?post_type=product&#038;p=9272"},"modified":"2025-06-10T21:37:15","modified_gmt":"2025-06-10T18:37:15","slug":"marius-katiliskis-miskais-ateina-ruduo-2","status":"publish","type":"product","link":"https:\/\/skaitytaknyga.lt\/en\/produktas\/marius-katiliskis-miskais-ateina-ruduo-2\/","title":{"rendered":"Marius Katili\u0161kis \u201eMi\u0161kais ateina ruduo\u201c"},"content":{"rendered":"<p>\u201eMokinio skaitini\u0173\u201c\u00a0serij\u0105 sudaro vir\u0161 150-ies pavadinim\u0173 knyg\u0173, kurias rekomenduoja \u0161vietimo programa. Svarbiausias \u0161ios serijos privalumas &#8211; nedidel\u0117 kaina ir adaptuotas turinys.<\/p>\n<p>\u0160iame \u201eMokinio skaitini\u0173\u201c\u00a0leidinyje spausdinamas kiek sutrumpintas i\u0161eivijos ra\u0161ytojo M. Katili\u0161kio romanas \u201eMi\u0161kais ateina ruduo\u201c.<\/p>\n<p><strong>Marius Katili\u0161kis<\/strong>\u00a0(iki\u00a01949\u00a0m.\u00a0<strong>Albinas Marius Vaitkus<\/strong>;\u00a01914\u00a0m.\u00a0rugs\u0117jo 15\u00a0d.\u00a0Gruzd\u017eiuose,\u00a0Kauno gubernija\u00a0\u2013\u00a01980\u00a0m.\u00a0gruod\u017eio 17\u00a0d. Lemonte,\u010cikagos\u00a0priemiestis) \u2013\u00a0Lietuvos\u00a0i\u0161eivijos ra\u0161ytojas.<\/p>\n","protected":false},"excerpt":{"rendered":"<p>\u201eMokinio skaitini\u0173\u201c\u00a0serij\u0105 sudaro vir\u0161 150-ies pavadinim\u0173 knyg\u0173, kurias rekomenduoja \u0161vietimo programa. Svarbiausias \u0161ios serijos privalumas &#8211; nedidel\u0117 kaina ir adaptuotas turinys.<\/p>\n<p>\u0160iame \u201eMokinio skaitini\u0173\u201c\u00a0leidinyje spausdinamas kiek sutrumpintas i\u0161eivijos ra\u0161ytojo M. Katili\u0161kio romanas \u201eMi\u0161kais ateina ruduo\u201c.<\/p>\n<p><strong>Marius Katili\u0161kis<\/strong>\u00a0(iki\u00a01949\u00a0m.\u00a0<strong>Albinas Marius Vaitkus<\/strong>;\u00a01914\u00a0m.\u00a0rugs\u0117jo 15\u00a0d.\u00a0Gruzd\u017eiuose,\u00a0Kauno gubernija\u00a0\u2013\u00a01980\u00a0m.\u00a0gruod\u017eio 17\u00a0d. Lemonte,\u010cikagos\u00a0priemiestis) \u2013\u00a0Lietuvos\u00a0i\u0161eivijos ra\u0161ytojas.<\/p>\n","protected":false},"featured_media":6489,"comment_status":"closed","ping_status":"closed","template":"","meta":{"_acf_changed":false,"site-sidebar-layout":"default","site-content-layout":"","ast-site-content-layout":"default","site-content-style":"default","site-sidebar-style":"default","ast-global-header-display":"","ast-banner-title-visibility":"","ast-main-header-display":"","ast-hfb-above-header-display":"","ast-hfb-below-header-display":"","ast-hfb-mobile-header-display":"","site-post-title":"","ast-breadcrumbs-content":"","ast-featured-img":"","footer-sml-layout":"","ast-disable-related-posts":"","theme-transparent-header-meta":"default","adv-header-id-meta":"","stick-header-meta":"","header-above-stick-meta":"","header-main-stick-meta":"","header-below-stick-meta":"","astra-migrate-meta-layouts":"set","ast-page-background-enabled":"default","ast-page-background-meta":{"desktop":{"background-color":"","background-image":"","background-repeat":"repeat","background-position":"center center","background-size":"auto","background-attachment":"scroll","background-type":"","background-media":"","overlay-type":"","overlay-color":"","overlay-opacity":"","overlay-gradient":""},"tablet":{"background-color":"","background-image":"","background-repeat":"repeat","background-position":"center center","background-size":"auto","background-attachment":"scroll","background-type":"","background-media":"","overlay-type":"","overlay-color":"","overlay-opacity":"","overlay-gradient":""},"mobile":{"background-color":"","background-image":"","background-repeat":"repeat","background-position":"center center","background-size":"auto","background-attachment":"scroll","background-type":"","background-media":"","overlay-type":"","overlay-color":"","overlay-opacity":"","overlay-gradient":""}},"ast-content-background-meta":{"desktop":{"background-color":"var(--ast-global-color-4)","background-image":"","background-repeat":"repeat","background-position":"center center","background-size":"auto","background-attachment":"scroll","background-type":"","background-media":"","overlay-type":"","overlay-color":"","overlay-opacity":"","overlay-gradient":""},"tablet":{"background-color":"var(--ast-global-color-4)","background-image":"","background-repeat":"repeat","background-position":"center center","background-size":"auto","background-attachment":"scroll","background-type":"","background-media":"","overlay-type":"","overlay-color":"","overlay-opacity":"","overlay-gradient":""},"mobile":{"background-color":"var(--ast-global-color-4)","background-image":"","background-repeat":"repeat","background-position":"center center","background-size":"auto","background-attachment":"scroll","background-type":"","background-media":"","overlay-type":"","overlay-color":"","overlay-opacity":"","overlay-gradient":""}}},"product_brand":[],"product_cat":[31,331],"product_tag":[],"class_list":{"0":"post-9272","1":"product","2":"type-product","3":"status-publish","4":"has-post-thumbnail","6":"product_cat-grozine-literatura","7":"product_cat-programine-literatura","8":"desktop-align-left","9":"tablet-align-left","10":"mobile-align-left","12":"first","13":"instock","14":"shipping-taxable","15":"purchasable","16":"product-type-simple"},"acf":[],"yoast_head":"<!-- This site is optimized with the Yoast SEO plugin v27.4 - https:\/\/yoast.com\/product\/yoast-seo-wordpress\/ -->\n<title>Marius Katili\u0161kis \u201eMi\u0161kais ateina ruduo\u201c<\/title>\n<meta name=\"description\" content=\"\u201eMokinio skaitini\u0173\u201c\u00a0serij\u0105 sudaro vir\u0161 150-ies pavadinim\u0173 knyg\u0173, kurias rekomenduoja \u0161vietimo programa. Svarbiausias \u0161ios serijos privalumas - nedidel\u0117 kaina ir adaptuotas turinys.  \u0160iame \u201eMokinio skaitini\u0173\u201c\u00a0leidinyje spausdinamas kiek sutrumpintas i\u0161eivijos ra\u0161ytojo M. Katili\u0161kio romanas \u201eMi\u0161kais ateina ruduo\u201c.  Marius Katili\u0161kis\u00a0(iki\u00a01949\u00a0m.\u00a0Albinas Marius Vaitkus;\u00a01914\u00a0m.\u00a0rugs\u0117jo 15\u00a0d.\u00a0Gruzd\u017eiuose,\u00a0Kauno gubernija\u00a0\u2013\u00a01980\u00a0m.\u00a0gruod\u017eio 17\u00a0d. Lemonte,\u010cikagos\u00a0priemiestis) \u2013\u00a0Lietuvos\u00a0i\u0161eivijos ra\u0161ytojas.\" \/>\n<meta name=\"robots\" content=\"index, follow, max-snippet:-1, max-image-preview:large, max-video-preview:-1\" \/>\n<link rel=\"canonical\" href=\"https:\/\/skaitytaknyga.lt\/en\/produktas\/marius-katiliskis-miskais-ateina-ruduo-2\/\" \/>\n<meta property=\"og:locale\" content=\"en_GB\" \/>\n<meta property=\"og:locale:alternate\" content=\"lt_LT\" \/>\n<meta property=\"og:type\" content=\"article\" \/>\n<meta property=\"og:title\" content=\"Marius Katili\u0161kis \u201eMi\u0161kais ateina ruduo\u201c\" \/>\n<meta property=\"og:description\" content=\"\u201eMokinio skaitini\u0173\u201c\u00a0serij\u0105 sudaro vir\u0161 150-ies pavadinim\u0173 knyg\u0173, kurias rekomenduoja \u0161vietimo programa. Svarbiausias \u0161ios serijos privalumas - nedidel\u0117 kaina ir adaptuotas turinys.  \u0160iame \u201eMokinio skaitini\u0173\u201c\u00a0leidinyje spausdinamas kiek sutrumpintas i\u0161eivijos ra\u0161ytojo M. Katili\u0161kio romanas \u201eMi\u0161kais ateina ruduo\u201c.  Marius Katili\u0161kis\u00a0(iki\u00a01949\u00a0m.\u00a0Albinas Marius Vaitkus;\u00a01914\u00a0m.\u00a0rugs\u0117jo 15\u00a0d.\u00a0Gruzd\u017eiuose,\u00a0Kauno gubernija\u00a0\u2013\u00a01980\u00a0m.\u00a0gruod\u017eio 17\u00a0d. Lemonte,\u010cikagos\u00a0priemiestis) \u2013\u00a0Lietuvos\u00a0i\u0161eivijos ra\u0161ytojas.\" \/>\n<meta property=\"og:url\" content=\"https:\/\/skaitytaknyga.lt\/en\/produktas\/marius-katiliskis-miskais-ateina-ruduo-2\/\" \/>\n<meta property=\"og:site_name\" content=\"Skaitytaknyga\" \/>\n<meta property=\"article:publisher\" content=\"https:\/\/www.facebook.com\/skaitytaknyga\/\" \/>\n<meta property=\"article:modified_time\" content=\"2025-06-10T18:37:15+00:00\" \/>\n<meta property=\"og:image\" content=\"https:\/\/skaitytaknyga.lt\/wp-content\/uploads\/2024\/05\/25316778.jpg\" \/>\n\t<meta property=\"og:image:width\" content=\"306\" \/>\n\t<meta property=\"og:image:height\" content=\"475\" \/>\n\t<meta property=\"og:image:type\" content=\"image\/jpeg\" \/>\n<meta name=\"twitter:card\" content=\"summary_large_image\" \/>\n<meta name=\"twitter:label1\" content=\"Estimated reading time\" \/>\n\t<meta name=\"twitter:data1\" content=\"1 minute\" \/>\n<script type=\"application\/ld+json\" class=\"yoast-schema-graph\">{\"@context\":\"https:\\\/\\\/schema.org\",\"@graph\":[{\"@type\":\"WebPage\",\"@id\":\"https:\\\/\\\/skaitytaknyga.lt\\\/produktas\\\/marius-katiliskis-miskais-ateina-ruduo-2\\\/\",\"url\":\"https:\\\/\\\/skaitytaknyga.lt\\\/produktas\\\/marius-katiliskis-miskais-ateina-ruduo-2\\\/\",\"name\":\"Marius Katili\u0161kis \u201eMi\u0161kais ateina ruduo\u201c\",\"isPartOf\":{\"@id\":\"https:\\\/\\\/skaitytaknyga.lt\\\/#website\"},\"primaryImageOfPage\":{\"@id\":\"https:\\\/\\\/skaitytaknyga.lt\\\/produktas\\\/marius-katiliskis-miskais-ateina-ruduo-2\\\/#primaryimage\"},\"image\":{\"@id\":\"https:\\\/\\\/skaitytaknyga.lt\\\/produktas\\\/marius-katiliskis-miskais-ateina-ruduo-2\\\/#primaryimage\"},\"thumbnailUrl\":\"https:\\\/\\\/skaitytaknyga.lt\\\/wp-content\\\/uploads\\\/2024\\\/05\\\/25316778.jpg\",\"datePublished\":\"2024-05-04T15:00:00+00:00\",\"dateModified\":\"2025-06-10T18:37:15+00:00\",\"description\":\"\u201eMokinio skaitini\u0173\u201c\u00a0serij\u0105 sudaro vir\u0161 150-ies pavadinim\u0173 knyg\u0173, kurias rekomenduoja \u0161vietimo programa. Svarbiausias \u0161ios serijos privalumas - nedidel\u0117 kaina ir adaptuotas turinys. \u0160iame \u201eMokinio skaitini\u0173\u201c\u00a0leidinyje spausdinamas kiek sutrumpintas i\u0161eivijos ra\u0161ytojo M. Katili\u0161kio romanas \u201eMi\u0161kais ateina ruduo\u201c. Marius Katili\u0161kis\u00a0(iki\u00a01949\u00a0m.\u00a0Albinas Marius Vaitkus;\u00a01914\u00a0m.\u00a0rugs\u0117jo 15\u00a0d.\u00a0Gruzd\u017eiuose,\u00a0Kauno gubernija\u00a0\u2013\u00a01980\u00a0m.\u00a0gruod\u017eio 17\u00a0d. Lemonte,\u010cikagos\u00a0priemiestis) \u2013\u00a0Lietuvos\u00a0i\u0161eivijos ra\u0161ytojas.\",\"breadcrumb\":{\"@id\":\"https:\\\/\\\/skaitytaknyga.lt\\\/produktas\\\/marius-katiliskis-miskais-ateina-ruduo-2\\\/#breadcrumb\"},\"inLanguage\":\"en-GB\",\"potentialAction\":[{\"@type\":\"ReadAction\",\"target\":[\"https:\\\/\\\/skaitytaknyga.lt\\\/produktas\\\/marius-katiliskis-miskais-ateina-ruduo-2\\\/\"]}]},{\"@type\":\"ImageObject\",\"inLanguage\":\"en-GB\",\"@id\":\"https:\\\/\\\/skaitytaknyga.lt\\\/produktas\\\/marius-katiliskis-miskais-ateina-ruduo-2\\\/#primaryimage\",\"url\":\"https:\\\/\\\/skaitytaknyga.lt\\\/wp-content\\\/uploads\\\/2024\\\/05\\\/25316778.jpg\",\"contentUrl\":\"https:\\\/\\\/skaitytaknyga.lt\\\/wp-content\\\/uploads\\\/2024\\\/05\\\/25316778.jpg\",\"width\":306,\"height\":475,\"caption\":\"Mi\u0161kais ateina ruduo\"},{\"@type\":\"BreadcrumbList\",\"@id\":\"https:\\\/\\\/skaitytaknyga.lt\\\/produktas\\\/marius-katiliskis-miskais-ateina-ruduo-2\\\/#breadcrumb\",\"itemListElement\":[{\"@type\":\"ListItem\",\"position\":1,\"name\":\"Home\",\"item\":\"https:\\\/\\\/skaitytaknyga.lt\\\/\"},{\"@type\":\"ListItem\",\"position\":2,\"name\":\"Parduotuv\u0117\",\"item\":\"https:\\\/\\\/skaitytaknyga.lt\\\/knygu-parduotuve\\\/\"},{\"@type\":\"ListItem\",\"position\":3,\"name\":\"Marius Katili\u0161kis \u201eMi\u0161kais ateina ruduo\u201c\"}]},{\"@type\":\"WebSite\",\"@id\":\"https:\\\/\\\/skaitytaknyga.lt\\\/#website\",\"url\":\"https:\\\/\\\/skaitytaknyga.lt\\\/\",\"name\":\"skaitytaknyga.lt\",\"description\":\"Skaitytaknyga.lt \u2013 tai ma\u017eas \u0161eimos verslas, kuris prasid\u0117jo nuo meil\u0117s knygoms ir siekio i\u0161gelb\u0117ti knygas nuo likimo prie konteinerio. Kas vienam nereikalingas daiktas \u2013 kitam lobis, o mes esame tarpininkai, kurie padeda abiems tapti laimingesniems ???? \u017dinome kaip nelengva i\u0161gyventi ma\u017eiems verslams, tad nuo \u0161iol, \u010dia rasite ir kit\u0173, ma\u017e\u0173 \u0161eim\u0173 versl\u0173, rank\u0173 darbo, dovan\u0173 sau ir artimiesiems.\",\"publisher\":{\"@id\":\"https:\\\/\\\/skaitytaknyga.lt\\\/#organization\"},\"potentialAction\":[{\"@type\":\"SearchAction\",\"target\":{\"@type\":\"EntryPoint\",\"urlTemplate\":\"https:\\\/\\\/skaitytaknyga.lt\\\/?s={search_term_string}\"},\"query-input\":{\"@type\":\"PropertyValueSpecification\",\"valueRequired\":true,\"valueName\":\"search_term_string\"}}],\"inLanguage\":\"en-GB\"},{\"@type\":\"Organization\",\"@id\":\"https:\\\/\\\/skaitytaknyga.lt\\\/#organization\",\"name\":\"skaitytaknyga.lt\",\"url\":\"https:\\\/\\\/skaitytaknyga.lt\\\/\",\"logo\":{\"@type\":\"ImageObject\",\"inLanguage\":\"en-GB\",\"@id\":\"https:\\\/\\\/skaitytaknyga.lt\\\/#\\\/schema\\\/logo\\\/image\\\/\",\"url\":\"https:\\\/\\\/skaitytaknyga.lt\\\/wp-content\\\/uploads\\\/2024\\\/05\\\/cropped-cropped-cropped-02_00843_jt3bggkj1j3HLc7SyY6rEUpg.jpeg\",\"contentUrl\":\"https:\\\/\\\/skaitytaknyga.lt\\\/wp-content\\\/uploads\\\/2024\\\/05\\\/cropped-cropped-cropped-02_00843_jt3bggkj1j3HLc7SyY6rEUpg.jpeg\",\"width\":1600,\"height\":1600,\"caption\":\"skaitytaknyga.lt\"},\"image\":{\"@id\":\"https:\\\/\\\/skaitytaknyga.lt\\\/#\\\/schema\\\/logo\\\/image\\\/\"},\"sameAs\":[\"https:\\\/\\\/www.facebook.com\\\/skaitytaknyga\\\/\"]}]}<\/script>\n<!-- \/ Yoast SEO plugin. -->","yoast_head_json":{"title":"Marius Katili\u0161kis \u201eMi\u0161kais ateina ruduo\u201c","description":"\u201eMokinio skaitini\u0173\u201c\u00a0serij\u0105 sudaro vir\u0161 150-ies pavadinim\u0173 knyg\u0173, kurias rekomenduoja \u0161vietimo programa. Svarbiausias \u0161ios serijos privalumas - nedidel\u0117 kaina ir adaptuotas turinys.  \u0160iame \u201eMokinio skaitini\u0173\u201c\u00a0leidinyje spausdinamas kiek sutrumpintas i\u0161eivijos ra\u0161ytojo M. Katili\u0161kio romanas \u201eMi\u0161kais ateina ruduo\u201c.  Marius Katili\u0161kis\u00a0(iki\u00a01949\u00a0m.\u00a0Albinas Marius Vaitkus;\u00a01914\u00a0m.\u00a0rugs\u0117jo 15\u00a0d.\u00a0Gruzd\u017eiuose,\u00a0Kauno gubernija\u00a0\u2013\u00a01980\u00a0m.\u00a0gruod\u017eio 17\u00a0d. Lemonte,\u010cikagos\u00a0priemiestis) \u2013\u00a0Lietuvos\u00a0i\u0161eivijos ra\u0161ytojas.","robots":{"index":"index","follow":"follow","max-snippet":"max-snippet:-1","max-image-preview":"max-image-preview:large","max-video-preview":"max-video-preview:-1"},"canonical":"https:\/\/skaitytaknyga.lt\/en\/produktas\/marius-katiliskis-miskais-ateina-ruduo-2\/","og_locale":"en_GB","og_type":"article","og_title":"[:lt]Marius Katili\u0161kis \u201eMi\u0161kais ateina ruduo\u201c[:] - Skaitytaknyga","og_description":"\u201eMokinio skaitini\u0173\u201c\u00a0serij\u0105 sudaro vir\u0161 150-ies pavadinim\u0173 knyg\u0173, kurias rekomenduoja \u0161vietimo programa. Svarbiausias \u0161ios serijos privalumas - nedidel\u0117 kaina ir adaptuotas turinys.  \u0160iame \u201eMokinio skaitini\u0173\u201c\u00a0leidinyje spausdinamas kiek sutrumpintas i\u0161eivijos ra\u0161ytojo M. Katili\u0161kio romanas \u201eMi\u0161kais ateina ruduo\u201c.  Marius Katili\u0161kis\u00a0(iki\u00a01949\u00a0m.\u00a0Albinas Marius Vaitkus;\u00a01914\u00a0m.\u00a0rugs\u0117jo 15\u00a0d.\u00a0Gruzd\u017eiuose,\u00a0Kauno gubernija\u00a0\u2013\u00a01980\u00a0m.\u00a0gruod\u017eio 17\u00a0d. Lemonte,\u010cikagos\u00a0priemiestis) \u2013\u00a0Lietuvos\u00a0i\u0161eivijos ra\u0161ytojas.","og_url":"https:\/\/skaitytaknyga.lt\/en\/produktas\/marius-katiliskis-miskais-ateina-ruduo-2\/","og_site_name":"Skaitytaknyga","article_publisher":"https:\/\/www.facebook.com\/skaitytaknyga\/","article_modified_time":"2025-06-10T18:37:15+00:00","og_image":[{"width":306,"height":475,"url":"https:\/\/skaitytaknyga.lt\/wp-content\/uploads\/2024\/05\/25316778.jpg","type":"image\/jpeg"}],"twitter_card":"summary_large_image","twitter_misc":{"Estimated reading time":"1 minute"},"schema":{"@context":"https:\/\/schema.org","@graph":[{"@type":"WebPage","@id":"https:\/\/skaitytaknyga.lt\/produktas\/marius-katiliskis-miskais-ateina-ruduo-2\/","url":"https:\/\/skaitytaknyga.lt\/produktas\/marius-katiliskis-miskais-ateina-ruduo-2\/","name":"Marius Katili\u0161kis \u201eMi\u0161kais ateina ruduo\u201c","isPartOf":{"@id":"https:\/\/skaitytaknyga.lt\/#website"},"primaryImageOfPage":{"@id":"https:\/\/skaitytaknyga.lt\/produktas\/marius-katiliskis-miskais-ateina-ruduo-2\/#primaryimage"},"image":{"@id":"https:\/\/skaitytaknyga.lt\/produktas\/marius-katiliskis-miskais-ateina-ruduo-2\/#primaryimage"},"thumbnailUrl":"https:\/\/skaitytaknyga.lt\/wp-content\/uploads\/2024\/05\/25316778.jpg","datePublished":"2024-05-04T15:00:00+00:00","dateModified":"2025-06-10T18:37:15+00:00","description":"\u201eMokinio skaitini\u0173\u201c\u00a0serij\u0105 sudaro vir\u0161 150-ies pavadinim\u0173 knyg\u0173, kurias rekomenduoja \u0161vietimo programa. Svarbiausias \u0161ios serijos privalumas - nedidel\u0117 kaina ir adaptuotas turinys. \u0160iame \u201eMokinio skaitini\u0173\u201c\u00a0leidinyje spausdinamas kiek sutrumpintas i\u0161eivijos ra\u0161ytojo M. Katili\u0161kio romanas \u201eMi\u0161kais ateina ruduo\u201c. Marius Katili\u0161kis\u00a0(iki\u00a01949\u00a0m.\u00a0Albinas Marius Vaitkus;\u00a01914\u00a0m.\u00a0rugs\u0117jo 15\u00a0d.\u00a0Gruzd\u017eiuose,\u00a0Kauno gubernija\u00a0\u2013\u00a01980\u00a0m.\u00a0gruod\u017eio 17\u00a0d. Lemonte,\u010cikagos\u00a0priemiestis) \u2013\u00a0Lietuvos\u00a0i\u0161eivijos ra\u0161ytojas.","breadcrumb":{"@id":"https:\/\/skaitytaknyga.lt\/produktas\/marius-katiliskis-miskais-ateina-ruduo-2\/#breadcrumb"},"inLanguage":"en-GB","potentialAction":[{"@type":"ReadAction","target":["https:\/\/skaitytaknyga.lt\/produktas\/marius-katiliskis-miskais-ateina-ruduo-2\/"]}]},{"@type":"ImageObject","inLanguage":"en-GB","@id":"https:\/\/skaitytaknyga.lt\/produktas\/marius-katiliskis-miskais-ateina-ruduo-2\/#primaryimage","url":"https:\/\/skaitytaknyga.lt\/wp-content\/uploads\/2024\/05\/25316778.jpg","contentUrl":"https:\/\/skaitytaknyga.lt\/wp-content\/uploads\/2024\/05\/25316778.jpg","width":306,"height":475,"caption":"Mi\u0161kais ateina ruduo"},{"@type":"BreadcrumbList","@id":"https:\/\/skaitytaknyga.lt\/produktas\/marius-katiliskis-miskais-ateina-ruduo-2\/#breadcrumb","itemListElement":[{"@type":"ListItem","position":1,"name":"Home","item":"https:\/\/skaitytaknyga.lt\/"},{"@type":"ListItem","position":2,"name":"Parduotuv\u0117","item":"https:\/\/skaitytaknyga.lt\/knygu-parduotuve\/"},{"@type":"ListItem","position":3,"name":"Marius Katili\u0161kis \u201eMi\u0161kais ateina ruduo\u201c"}]},{"@type":"WebSite","@id":"https:\/\/skaitytaknyga.lt\/#website","url":"https:\/\/skaitytaknyga.lt\/","name":"skaitytaknyga.lt","description":"Skaitytaknyga.lt \u2013 tai ma\u017eas \u0161eimos verslas, kuris prasid\u0117jo nuo meil\u0117s knygoms ir siekio i\u0161gelb\u0117ti knygas nuo likimo prie konteinerio. Kas vienam nereikalingas daiktas \u2013 kitam lobis, o mes esame tarpininkai, kurie padeda abiems tapti laimingesniems ???? \u017dinome kaip nelengva i\u0161gyventi ma\u017eiems verslams, tad nuo \u0161iol, \u010dia rasite ir kit\u0173, ma\u017e\u0173 \u0161eim\u0173 versl\u0173, rank\u0173 darbo, dovan\u0173 sau ir artimiesiems.","publisher":{"@id":"https:\/\/skaitytaknyga.lt\/#organization"},"potentialAction":[{"@type":"SearchAction","target":{"@type":"EntryPoint","urlTemplate":"https:\/\/skaitytaknyga.lt\/?s={search_term_string}"},"query-input":{"@type":"PropertyValueSpecification","valueRequired":true,"valueName":"search_term_string"}}],"inLanguage":"en-GB"},{"@type":"Organization","@id":"https:\/\/skaitytaknyga.lt\/#organization","name":"skaitytaknyga.lt","url":"https:\/\/skaitytaknyga.lt\/","logo":{"@type":"ImageObject","inLanguage":"en-GB","@id":"https:\/\/skaitytaknyga.lt\/#\/schema\/logo\/image\/","url":"https:\/\/skaitytaknyga.lt\/wp-content\/uploads\/2024\/05\/cropped-cropped-cropped-02_00843_jt3bggkj1j3HLc7SyY6rEUpg.jpeg","contentUrl":"https:\/\/skaitytaknyga.lt\/wp-content\/uploads\/2024\/05\/cropped-cropped-cropped-02_00843_jt3bggkj1j3HLc7SyY6rEUpg.jpeg","width":1600,"height":1600,"caption":"skaitytaknyga.lt"},"image":{"@id":"https:\/\/skaitytaknyga.lt\/#\/schema\/logo\/image\/"},"sameAs":["https:\/\/www.facebook.com\/skaitytaknyga\/"]}]}},"_links":{"self":[{"href":"https:\/\/skaitytaknyga.lt\/en\/wp-json\/wp\/v2\/product\/9272","targetHints":{"allow":["GET"]}}],"collection":[{"href":"https:\/\/skaitytaknyga.lt\/en\/wp-json\/wp\/v2\/product"}],"about":[{"href":"https:\/\/skaitytaknyga.lt\/en\/wp-json\/wp\/v2\/types\/product"}],"replies":[{"embeddable":true,"href":"https:\/\/skaitytaknyga.lt\/en\/wp-json\/wp\/v2\/comments?post=9272"}],"wp:featuredmedia":[{"embeddable":true,"href":"https:\/\/skaitytaknyga.lt\/en\/wp-json\/wp\/v2\/media\/6489"}],"wp:attachment":[{"href":"https:\/\/skaitytaknyga.lt\/en\/wp-json\/wp\/v2\/media?parent=9272"}],"wp:term":[{"taxonomy":"product_brand","embeddable":true,"href":"https:\/\/skaitytaknyga.lt\/en\/wp-json\/wp\/v2\/product_brand?post=9272"},{"taxonomy":"product_cat","embeddable":true,"href":"https:\/\/skaitytaknyga.lt\/en\/wp-json\/wp\/v2\/product_cat?post=9272"},{"taxonomy":"product_tag","embeddable":true,"href":"https:\/\/skaitytaknyga.lt\/en\/wp-json\/wp\/v2\/product_tag?post=9272"}],"curies":[{"name":"wp","href":"https:\/\/api.w.org\/{rel}","templated":true}]}}