{"id":9249,"date":"2024-05-04T14:59:37","date_gmt":"2024-05-04T14:59:37","guid":{"rendered":"https:\/\/skaitytaknyga.lt\/?post_type=product&#038;p=9249"},"modified":"2026-03-05T16:14:48","modified_gmt":"2026-03-05T14:14:48","slug":"prietrankos-dienorastis-3-ne-itin-talentingos-popzvaigzdes-istorija-2","status":"publish","type":"product","link":"https:\/\/skaitytaknyga.lt\/en\/produktas\/prietrankos-dienorastis-3-ne-itin-talentingos-popzvaigzdes-istorija-2\/","title":{"rendered":"Prietrankos dienora\u0161tis 3. Ne itin talentingos pop\u017evaig\u017ed\u0117s istorija."},"content":{"rendered":"<p>Nik\u0117s mokykloje rengiamas talent\u0173 \u0161ou. Nik\u0117, \u017einoma, nori b\u016btinai jame dalyvauti!<\/p>\n<p>Pirmiausia ji nutaria suburti muzikos grup\u0119, kuri\u0105 sudaro Nik\u0117, Chloja, Zoj\u0117, Brendonas, Violeta, Teodoras ir Markas. Grup\u0117 tur\u0117t\u0173 b\u016bti tiesiog pasaka, o ji kaip daininink\u0117 \u2013 visus nustebinti. Bet kelyje \u012f \u017evaig\u017edes kartais atsiranda kli\u016b\u010di\u0173&#8230; \u0160iek tiek graud\u017ei\u0173 ir nepaprastai juoking\u0173!<\/p>\n<p>Knygos autor\u0117 Rachel Ren\u00e9e Russell linki nebijoti paleisti ir jumyse gl\u016bdin\u010di\u0105 Prietrank\u0105&#8230;<\/p>\n<p>D\u0117l \u0161maik\u0161taus pasakojimo, moksleivi\u0161ko humoro, mielos autoironijos ir heroj\u0117s savikritikos amerikie\u010di\u0173 ra\u0161ytojos Rachel Renee Russell knyg\u0173 serija \u201ePrietrankos dienora\u0161tis\u201c sulauk\u0117 did\u017eiulio pasisekimo tarp paaugli\u0173 visame pasaulyje ir tapo \u201eNew York Times\u201c bestseleriu. Ji jau i\u0161versta \u012f 17 kalb\u0173 ir lyginama su \u201eNevyk\u0117lio dienora\u0161\u010diu\u201c ir \u201ePrinces\u0117s dienora\u0161\u010diu\u201c.<\/p>\n<p>Serijos knygos \u017eaismingai ir smagiai iliustruotos dailininki\u0173 Nikki Russel ir Leisl Adams karikat\u016bromis.<\/p>\n<div><\/div>\n","protected":false},"excerpt":{"rendered":"<p>Nik\u0117s mokykloje rengiamas talent\u0173 \u0161ou. Nik\u0117, \u017einoma, nori b\u016btinai jame dalyvauti!<\/p>\n<p>Pirmiausia ji nutaria suburti muzikos grup\u0119, kuri\u0105 sudaro Nik\u0117, Chloja, Zoj\u0117, Brendonas, Violeta, Teodoras ir Markas. Grup\u0117 tur\u0117t\u0173 b\u016bti tiesiog pasaka, o ji kaip daininink\u0117 \u2013 visus nustebinti. Bet kelyje \u012f \u017evaig\u017edes kartais atsiranda kli\u016b\u010di\u0173&#8230; \u0160iek tiek graud\u017ei\u0173 ir nepaprastai juoking\u0173!<\/p>\n<p>Knygos autor\u0117 Rachel Ren\u00e9e Russell linki nebijoti paleisti ir jumyse gl\u016bdin\u010di\u0105 Prietrank\u0105&#8230;<\/p>\n<p>D\u0117l \u0161maik\u0161taus pasakojimo, moksleivi\u0161ko humoro, mielos autoironijos ir heroj\u0117s savikritikos amerikie\u010di\u0173 ra\u0161ytojos Rachel Renee Russell knyg\u0173 serija \u201ePrietrankos dienora\u0161tis\u201c sulauk\u0117 did\u017eiulio pasisekimo tarp paaugli\u0173 visame pasaulyje ir tapo \u201eNew York Times\u201c bestseleriu. Ji jau i\u0161versta \u012f 17 kalb\u0173 ir lyginama su \u201eNevyk\u0117lio dienora\u0161\u010diu\u201c ir \u201ePrinces\u0117s dienora\u0161\u010diu\u201c.<\/p>\n<p>Serijos knygos \u017eaismingai ir smagiai iliustruotos dailininki\u0173 Nikki Russel ir Leisl Adams karikat\u016bromis.<\/p>\n<div><\/div>\n","protected":false},"featured_media":6452,"comment_status":"closed","ping_status":"closed","template":"","meta":{"_acf_changed":false,"site-sidebar-layout":"default","site-content-layout":"","ast-site-content-layout":"default","site-content-style":"default","site-sidebar-style":"default","ast-global-header-display":"","ast-banner-title-visibility":"","ast-main-header-display":"","ast-hfb-above-header-display":"","ast-hfb-below-header-display":"","ast-hfb-mobile-header-display":"","site-post-title":"","ast-breadcrumbs-content":"","ast-featured-img":"","footer-sml-layout":"","ast-disable-related-posts":"","theme-transparent-header-meta":"","adv-header-id-meta":"","stick-header-meta":"","header-above-stick-meta":"","header-main-stick-meta":"","header-below-stick-meta":"","astra-migrate-meta-layouts":"default","ast-page-background-enabled":"default","ast-page-background-meta":{"desktop":{"background-color":"","background-image":"","background-repeat":"repeat","background-position":"center center","background-size":"auto","background-attachment":"scroll","background-type":"","background-media":"","overlay-type":"","overlay-color":"","overlay-opacity":"","overlay-gradient":""},"tablet":{"background-color":"","background-image":"","background-repeat":"repeat","background-position":"center center","background-size":"auto","background-attachment":"scroll","background-type":"","background-media":"","overlay-type":"","overlay-color":"","overlay-opacity":"","overlay-gradient":""},"mobile":{"background-color":"","background-image":"","background-repeat":"repeat","background-position":"center center","background-size":"auto","background-attachment":"scroll","background-type":"","background-media":"","overlay-type":"","overlay-color":"","overlay-opacity":"","overlay-gradient":""}},"ast-content-background-meta":{"desktop":{"background-color":"var(--ast-global-color-4)","background-image":"","background-repeat":"repeat","background-position":"center center","background-size":"auto","background-attachment":"scroll","background-type":"","background-media":"","overlay-type":"","overlay-color":"","overlay-opacity":"","overlay-gradient":""},"tablet":{"background-color":"var(--ast-global-color-4)","background-image":"","background-repeat":"repeat","background-position":"center center","background-size":"auto","background-attachment":"scroll","background-type":"","background-media":"","overlay-type":"","overlay-color":"","overlay-opacity":"","overlay-gradient":""},"mobile":{"background-color":"var(--ast-global-color-4)","background-image":"","background-repeat":"repeat","background-position":"center center","background-size":"auto","background-attachment":"scroll","background-type":"","background-media":"","overlay-type":"","overlay-color":"","overlay-opacity":"","overlay-gradient":""}}},"product_brand":[],"product_cat":[9674],"product_tag":[3043,4047,2287,4046,4045],"class_list":{"0":"post-9249","1":"product","2":"type-product","3":"status-publish","4":"has-post-thumbnail","6":"product_cat-pradinukams","7":"product_tag-humoro-knyga","8":"product_tag-mergaitems","9":"product_tag-mokykla","10":"product_tag-paaugliams","11":"product_tag-rachel-renee-russell","12":"desktop-align-left","13":"tablet-align-left","14":"mobile-align-left","16":"first","17":"outofstock","18":"featured","19":"shipping-taxable","20":"purchasable","21":"product-type-simple"},"acf":[],"yoast_head":"<!-- This site is optimized with the Yoast SEO plugin v27.4 - https:\/\/yoast.com\/product\/yoast-seo-wordpress\/ -->\n<title>Prietrankos dienora\u0161tis 3. Ne itin talentingos pop\u017evaig\u017ed\u0117s istorija. - Skaitytaknyga<\/title>\n<meta name=\"description\" content=\"Nik\u0117s mokykloje rengiamas talent\u0173 \u0161ou. Nik\u0117, \u017einoma, nori b\u016btinai jame dalyvauti!  Pirmiausia ji nutaria suburti muzikos grup\u0119, kuri\u0105 sudaro Nik\u0117, Chloja, Zoj\u0117, Brendonas, Violeta, Teodoras ir Markas. Grup\u0117 tur\u0117t\u0173 b\u016bti tiesiog pasaka, o ji kaip daininink\u0117 \u2013 visus nustebinti. Bet kelyje \u012f \u017evaig\u017edes kartais atsiranda kli\u016b\u010di\u0173... \u0160iek tiek graud\u017ei\u0173 ir nepaprastai juoking\u0173!  Knygos autor\u0117 Rachel Ren\u00e9e Russell linki nebijoti paleisti ir jumyse gl\u016bdin\u010di\u0105 Prietrank\u0105...  D\u0117l \u0161maik\u0161taus pasakojimo, moksleivi\u0161ko humoro, mielos autoironijos ir heroj\u0117s savikritikos amerikie\u010di\u0173 ra\u0161ytojos Rachel Renee Russell knyg\u0173 serija \u201ePrietrankos dienora\u0161tis\u201c sulauk\u0117 did\u017eiulio pasisekimo tarp paaugli\u0173 visame pasaulyje ir tapo \u201eNew York Times\u201c bestseleriu. Ji jau i\u0161versta \u012f 17 kalb\u0173 ir lyginama su \u201eNevyk\u0117lio dienora\u0161\u010diu\u201c ir \u201ePrinces\u0117s dienora\u0161\u010diu\u201c.  Serijos knygos \u017eaismingai ir smagiai iliustruotos dailininki\u0173 Nikki Russel ir Leisl Adams karikat\u016bromis.\" \/>\n<meta name=\"robots\" content=\"index, follow, max-snippet:-1, max-image-preview:large, max-video-preview:-1\" \/>\n<link rel=\"canonical\" href=\"https:\/\/skaitytaknyga.lt\/en\/produktas\/prietrankos-dienorastis-3-ne-itin-talentingos-popzvaigzdes-istorija-2\/\" \/>\n<meta property=\"og:locale\" content=\"en_GB\" \/>\n<meta property=\"og:locale:alternate\" content=\"lt_LT\" \/>\n<meta property=\"og:type\" content=\"article\" \/>\n<meta property=\"og:title\" content=\"Prietrankos dienora\u0161tis 3. Ne itin talentingos pop\u017evaig\u017ed\u0117s istorija. - Skaitytaknyga\" \/>\n<meta property=\"og:description\" content=\"Nik\u0117s mokykloje rengiamas talent\u0173 \u0161ou. Nik\u0117, \u017einoma, nori b\u016btinai jame dalyvauti!  Pirmiausia ji nutaria suburti muzikos grup\u0119, kuri\u0105 sudaro Nik\u0117, Chloja, Zoj\u0117, Brendonas, Violeta, Teodoras ir Markas. Grup\u0117 tur\u0117t\u0173 b\u016bti tiesiog pasaka, o ji kaip daininink\u0117 \u2013 visus nustebinti. Bet kelyje \u012f \u017evaig\u017edes kartais atsiranda kli\u016b\u010di\u0173... \u0160iek tiek graud\u017ei\u0173 ir nepaprastai juoking\u0173!  Knygos autor\u0117 Rachel Ren\u00e9e Russell linki nebijoti paleisti ir jumyse gl\u016bdin\u010di\u0105 Prietrank\u0105...  D\u0117l \u0161maik\u0161taus pasakojimo, moksleivi\u0161ko humoro, mielos autoironijos ir heroj\u0117s savikritikos amerikie\u010di\u0173 ra\u0161ytojos Rachel Renee Russell knyg\u0173 serija \u201ePrietrankos dienora\u0161tis\u201c sulauk\u0117 did\u017eiulio pasisekimo tarp paaugli\u0173 visame pasaulyje ir tapo \u201eNew York Times\u201c bestseleriu. Ji jau i\u0161versta \u012f 17 kalb\u0173 ir lyginama su \u201eNevyk\u0117lio dienora\u0161\u010diu\u201c ir \u201ePrinces\u0117s dienora\u0161\u010diu\u201c.  Serijos knygos \u017eaismingai ir smagiai iliustruotos dailininki\u0173 Nikki Russel ir Leisl Adams karikat\u016bromis.\" \/>\n<meta property=\"og:url\" content=\"https:\/\/skaitytaknyga.lt\/en\/produktas\/prietrankos-dienorastis-3-ne-itin-talentingos-popzvaigzdes-istorija-2\/\" \/>\n<meta property=\"og:site_name\" content=\"Skaitytaknyga\" \/>\n<meta property=\"article:publisher\" content=\"https:\/\/www.facebook.com\/skaitytaknyga\/\" \/>\n<meta property=\"article:modified_time\" content=\"2026-03-05T14:14:48+00:00\" \/>\n<meta property=\"og:image\" content=\"https:\/\/skaitytaknyga.lt\/wp-content\/uploads\/2024\/05\/000000000001109141-9b6f5e4cf629c10282bcb39071dba6a4-asset-knyguklubas-prietrankos-dienorastis_3.jpg\" \/>\n\t<meta property=\"og:image:width\" content=\"499\" \/>\n\t<meta property=\"og:image:height\" content=\"700\" \/>\n\t<meta property=\"og:image:type\" content=\"image\/jpeg\" \/>\n<meta name=\"twitter:card\" content=\"summary_large_image\" \/>\n<meta name=\"twitter:label1\" content=\"Estimated reading time\" \/>\n\t<meta name=\"twitter:data1\" content=\"1 minute\" \/>\n<script type=\"application\/ld+json\" class=\"yoast-schema-graph\">{\"@context\":\"https:\\\/\\\/schema.org\",\"@graph\":[{\"@type\":\"WebPage\",\"@id\":\"https:\\\/\\\/skaitytaknyga.lt\\\/produktas\\\/prietrankos-dienorastis-3-ne-itin-talentingos-popzvaigzdes-istorija-2\\\/\",\"url\":\"https:\\\/\\\/skaitytaknyga.lt\\\/produktas\\\/prietrankos-dienorastis-3-ne-itin-talentingos-popzvaigzdes-istorija-2\\\/\",\"name\":\"Prietrankos dienora\u0161tis 3. Ne itin talentingos pop\u017evaig\u017ed\u0117s istorija. - Skaitytaknyga\",\"isPartOf\":{\"@id\":\"https:\\\/\\\/skaitytaknyga.lt\\\/#website\"},\"primaryImageOfPage\":{\"@id\":\"https:\\\/\\\/skaitytaknyga.lt\\\/produktas\\\/prietrankos-dienorastis-3-ne-itin-talentingos-popzvaigzdes-istorija-2\\\/#primaryimage\"},\"image\":{\"@id\":\"https:\\\/\\\/skaitytaknyga.lt\\\/produktas\\\/prietrankos-dienorastis-3-ne-itin-talentingos-popzvaigzdes-istorija-2\\\/#primaryimage\"},\"thumbnailUrl\":\"https:\\\/\\\/skaitytaknyga.lt\\\/wp-content\\\/uploads\\\/2024\\\/05\\\/000000000001109141-9b6f5e4cf629c10282bcb39071dba6a4-asset-knyguklubas-prietrankos-dienorastis_3.jpg\",\"datePublished\":\"2024-05-04T14:59:37+00:00\",\"dateModified\":\"2026-03-05T14:14:48+00:00\",\"description\":\"Nik\u0117s mokykloje rengiamas talent\u0173 \u0161ou. Nik\u0117, \u017einoma, nori b\u016btinai jame dalyvauti! Pirmiausia ji nutaria suburti muzikos grup\u0119, kuri\u0105 sudaro Nik\u0117, Chloja, Zoj\u0117, Brendonas, Violeta, Teodoras ir Markas. Grup\u0117 tur\u0117t\u0173 b\u016bti tiesiog pasaka, o ji kaip daininink\u0117 \u2013 visus nustebinti. Bet kelyje \u012f \u017evaig\u017edes kartais atsiranda kli\u016b\u010di\u0173... \u0160iek tiek graud\u017ei\u0173 ir nepaprastai juoking\u0173! Knygos autor\u0117 Rachel Ren\u00e9e Russell linki nebijoti paleisti ir jumyse gl\u016bdin\u010di\u0105 Prietrank\u0105... D\u0117l \u0161maik\u0161taus pasakojimo, moksleivi\u0161ko humoro, mielos autoironijos ir heroj\u0117s savikritikos amerikie\u010di\u0173 ra\u0161ytojos Rachel Renee Russell knyg\u0173 serija \u201ePrietrankos dienora\u0161tis\u201c sulauk\u0117 did\u017eiulio pasisekimo tarp paaugli\u0173 visame pasaulyje ir tapo \u201eNew York Times\u201c bestseleriu. Ji jau i\u0161versta \u012f 17 kalb\u0173 ir lyginama su \u201eNevyk\u0117lio dienora\u0161\u010diu\u201c ir \u201ePrinces\u0117s dienora\u0161\u010diu\u201c. Serijos knygos \u017eaismingai ir smagiai iliustruotos dailininki\u0173 Nikki Russel ir Leisl Adams karikat\u016bromis.\",\"breadcrumb\":{\"@id\":\"https:\\\/\\\/skaitytaknyga.lt\\\/produktas\\\/prietrankos-dienorastis-3-ne-itin-talentingos-popzvaigzdes-istorija-2\\\/#breadcrumb\"},\"inLanguage\":\"en-GB\",\"potentialAction\":[{\"@type\":\"ReadAction\",\"target\":[\"https:\\\/\\\/skaitytaknyga.lt\\\/produktas\\\/prietrankos-dienorastis-3-ne-itin-talentingos-popzvaigzdes-istorija-2\\\/\"]}]},{\"@type\":\"ImageObject\",\"inLanguage\":\"en-GB\",\"@id\":\"https:\\\/\\\/skaitytaknyga.lt\\\/produktas\\\/prietrankos-dienorastis-3-ne-itin-talentingos-popzvaigzdes-istorija-2\\\/#primaryimage\",\"url\":\"https:\\\/\\\/skaitytaknyga.lt\\\/wp-content\\\/uploads\\\/2024\\\/05\\\/000000000001109141-9b6f5e4cf629c10282bcb39071dba6a4-asset-knyguklubas-prietrankos-dienorastis_3.jpg\",\"contentUrl\":\"https:\\\/\\\/skaitytaknyga.lt\\\/wp-content\\\/uploads\\\/2024\\\/05\\\/000000000001109141-9b6f5e4cf629c10282bcb39071dba6a4-asset-knyguklubas-prietrankos-dienorastis_3.jpg\",\"width\":499,\"height\":700,\"caption\":\"Prietrankos dienora\u0161tis\"},{\"@type\":\"BreadcrumbList\",\"@id\":\"https:\\\/\\\/skaitytaknyga.lt\\\/produktas\\\/prietrankos-dienorastis-3-ne-itin-talentingos-popzvaigzdes-istorija-2\\\/#breadcrumb\",\"itemListElement\":[{\"@type\":\"ListItem\",\"position\":1,\"name\":\"Home\",\"item\":\"https:\\\/\\\/skaitytaknyga.lt\\\/\"},{\"@type\":\"ListItem\",\"position\":2,\"name\":\"Parduotuv\u0117\",\"item\":\"https:\\\/\\\/skaitytaknyga.lt\\\/knygu-parduotuve\\\/\"},{\"@type\":\"ListItem\",\"position\":3,\"name\":\"Prietrankos dienora\u0161tis 3. Ne itin talentingos pop\u017evaig\u017ed\u0117s istorija.\"}]},{\"@type\":\"WebSite\",\"@id\":\"https:\\\/\\\/skaitytaknyga.lt\\\/#website\",\"url\":\"https:\\\/\\\/skaitytaknyga.lt\\\/\",\"name\":\"skaitytaknyga.lt\",\"description\":\"Skaitytaknyga.lt \u2013 tai ma\u017eas \u0161eimos verslas, kuris prasid\u0117jo nuo meil\u0117s knygoms ir siekio i\u0161gelb\u0117ti knygas nuo likimo prie konteinerio. Kas vienam nereikalingas daiktas \u2013 kitam lobis, o mes esame tarpininkai, kurie padeda abiems tapti laimingesniems ???? \u017dinome kaip nelengva i\u0161gyventi ma\u017eiems verslams, tad nuo \u0161iol, \u010dia rasite ir kit\u0173, ma\u017e\u0173 \u0161eim\u0173 versl\u0173, rank\u0173 darbo, dovan\u0173 sau ir artimiesiems.\",\"publisher\":{\"@id\":\"https:\\\/\\\/skaitytaknyga.lt\\\/#organization\"},\"potentialAction\":[{\"@type\":\"SearchAction\",\"target\":{\"@type\":\"EntryPoint\",\"urlTemplate\":\"https:\\\/\\\/skaitytaknyga.lt\\\/?s={search_term_string}\"},\"query-input\":{\"@type\":\"PropertyValueSpecification\",\"valueRequired\":true,\"valueName\":\"search_term_string\"}}],\"inLanguage\":\"en-GB\"},{\"@type\":\"Organization\",\"@id\":\"https:\\\/\\\/skaitytaknyga.lt\\\/#organization\",\"name\":\"skaitytaknyga.lt\",\"url\":\"https:\\\/\\\/skaitytaknyga.lt\\\/\",\"logo\":{\"@type\":\"ImageObject\",\"inLanguage\":\"en-GB\",\"@id\":\"https:\\\/\\\/skaitytaknyga.lt\\\/#\\\/schema\\\/logo\\\/image\\\/\",\"url\":\"https:\\\/\\\/skaitytaknyga.lt\\\/wp-content\\\/uploads\\\/2024\\\/05\\\/cropped-cropped-cropped-02_00843_jt3bggkj1j3HLc7SyY6rEUpg.jpeg\",\"contentUrl\":\"https:\\\/\\\/skaitytaknyga.lt\\\/wp-content\\\/uploads\\\/2024\\\/05\\\/cropped-cropped-cropped-02_00843_jt3bggkj1j3HLc7SyY6rEUpg.jpeg\",\"width\":1600,\"height\":1600,\"caption\":\"skaitytaknyga.lt\"},\"image\":{\"@id\":\"https:\\\/\\\/skaitytaknyga.lt\\\/#\\\/schema\\\/logo\\\/image\\\/\"},\"sameAs\":[\"https:\\\/\\\/www.facebook.com\\\/skaitytaknyga\\\/\"]}]}<\/script>\n<!-- \/ Yoast SEO plugin. -->","yoast_head_json":{"title":"Prietrankos dienora\u0161tis 3. Ne itin talentingos pop\u017evaig\u017ed\u0117s istorija. - Skaitytaknyga","description":"Nik\u0117s mokykloje rengiamas talent\u0173 \u0161ou. Nik\u0117, \u017einoma, nori b\u016btinai jame dalyvauti!  Pirmiausia ji nutaria suburti muzikos grup\u0119, kuri\u0105 sudaro Nik\u0117, Chloja, Zoj\u0117, Brendonas, Violeta, Teodoras ir Markas. Grup\u0117 tur\u0117t\u0173 b\u016bti tiesiog pasaka, o ji kaip daininink\u0117 \u2013 visus nustebinti. Bet kelyje \u012f \u017evaig\u017edes kartais atsiranda kli\u016b\u010di\u0173... \u0160iek tiek graud\u017ei\u0173 ir nepaprastai juoking\u0173!  Knygos autor\u0117 Rachel Ren\u00e9e Russell linki nebijoti paleisti ir jumyse gl\u016bdin\u010di\u0105 Prietrank\u0105...  D\u0117l \u0161maik\u0161taus pasakojimo, moksleivi\u0161ko humoro, mielos autoironijos ir heroj\u0117s savikritikos amerikie\u010di\u0173 ra\u0161ytojos Rachel Renee Russell knyg\u0173 serija \u201ePrietrankos dienora\u0161tis\u201c sulauk\u0117 did\u017eiulio pasisekimo tarp paaugli\u0173 visame pasaulyje ir tapo \u201eNew York Times\u201c bestseleriu. Ji jau i\u0161versta \u012f 17 kalb\u0173 ir lyginama su \u201eNevyk\u0117lio dienora\u0161\u010diu\u201c ir \u201ePrinces\u0117s dienora\u0161\u010diu\u201c.  Serijos knygos \u017eaismingai ir smagiai iliustruotos dailininki\u0173 Nikki Russel ir Leisl Adams karikat\u016bromis.","robots":{"index":"index","follow":"follow","max-snippet":"max-snippet:-1","max-image-preview":"max-image-preview:large","max-video-preview":"max-video-preview:-1"},"canonical":"https:\/\/skaitytaknyga.lt\/en\/produktas\/prietrankos-dienorastis-3-ne-itin-talentingos-popzvaigzdes-istorija-2\/","og_locale":"en_GB","og_type":"article","og_title":"Prietrankos dienora\u0161tis 3. Ne itin talentingos pop\u017evaig\u017ed\u0117s istorija. - Skaitytaknyga","og_description":"Nik\u0117s mokykloje rengiamas talent\u0173 \u0161ou. Nik\u0117, \u017einoma, nori b\u016btinai jame dalyvauti!  Pirmiausia ji nutaria suburti muzikos grup\u0119, kuri\u0105 sudaro Nik\u0117, Chloja, Zoj\u0117, Brendonas, Violeta, Teodoras ir Markas. Grup\u0117 tur\u0117t\u0173 b\u016bti tiesiog pasaka, o ji kaip daininink\u0117 \u2013 visus nustebinti. Bet kelyje \u012f \u017evaig\u017edes kartais atsiranda kli\u016b\u010di\u0173... \u0160iek tiek graud\u017ei\u0173 ir nepaprastai juoking\u0173!  Knygos autor\u0117 Rachel Ren\u00e9e Russell linki nebijoti paleisti ir jumyse gl\u016bdin\u010di\u0105 Prietrank\u0105...  D\u0117l \u0161maik\u0161taus pasakojimo, moksleivi\u0161ko humoro, mielos autoironijos ir heroj\u0117s savikritikos amerikie\u010di\u0173 ra\u0161ytojos Rachel Renee Russell knyg\u0173 serija \u201ePrietrankos dienora\u0161tis\u201c sulauk\u0117 did\u017eiulio pasisekimo tarp paaugli\u0173 visame pasaulyje ir tapo \u201eNew York Times\u201c bestseleriu. Ji jau i\u0161versta \u012f 17 kalb\u0173 ir lyginama su \u201eNevyk\u0117lio dienora\u0161\u010diu\u201c ir \u201ePrinces\u0117s dienora\u0161\u010diu\u201c.  Serijos knygos \u017eaismingai ir smagiai iliustruotos dailininki\u0173 Nikki Russel ir Leisl Adams karikat\u016bromis.","og_url":"https:\/\/skaitytaknyga.lt\/en\/produktas\/prietrankos-dienorastis-3-ne-itin-talentingos-popzvaigzdes-istorija-2\/","og_site_name":"Skaitytaknyga","article_publisher":"https:\/\/www.facebook.com\/skaitytaknyga\/","article_modified_time":"2026-03-05T14:14:48+00:00","og_image":[{"width":499,"height":700,"url":"https:\/\/skaitytaknyga.lt\/wp-content\/uploads\/2024\/05\/000000000001109141-9b6f5e4cf629c10282bcb39071dba6a4-asset-knyguklubas-prietrankos-dienorastis_3.jpg","type":"image\/jpeg"}],"twitter_card":"summary_large_image","twitter_misc":{"Estimated reading time":"1 minute"},"schema":{"@context":"https:\/\/schema.org","@graph":[{"@type":"WebPage","@id":"https:\/\/skaitytaknyga.lt\/produktas\/prietrankos-dienorastis-3-ne-itin-talentingos-popzvaigzdes-istorija-2\/","url":"https:\/\/skaitytaknyga.lt\/produktas\/prietrankos-dienorastis-3-ne-itin-talentingos-popzvaigzdes-istorija-2\/","name":"Prietrankos dienora\u0161tis 3. Ne itin talentingos pop\u017evaig\u017ed\u0117s istorija. - Skaitytaknyga","isPartOf":{"@id":"https:\/\/skaitytaknyga.lt\/#website"},"primaryImageOfPage":{"@id":"https:\/\/skaitytaknyga.lt\/produktas\/prietrankos-dienorastis-3-ne-itin-talentingos-popzvaigzdes-istorija-2\/#primaryimage"},"image":{"@id":"https:\/\/skaitytaknyga.lt\/produktas\/prietrankos-dienorastis-3-ne-itin-talentingos-popzvaigzdes-istorija-2\/#primaryimage"},"thumbnailUrl":"https:\/\/skaitytaknyga.lt\/wp-content\/uploads\/2024\/05\/000000000001109141-9b6f5e4cf629c10282bcb39071dba6a4-asset-knyguklubas-prietrankos-dienorastis_3.jpg","datePublished":"2024-05-04T14:59:37+00:00","dateModified":"2026-03-05T14:14:48+00:00","description":"Nik\u0117s mokykloje rengiamas talent\u0173 \u0161ou. Nik\u0117, \u017einoma, nori b\u016btinai jame dalyvauti! Pirmiausia ji nutaria suburti muzikos grup\u0119, kuri\u0105 sudaro Nik\u0117, Chloja, Zoj\u0117, Brendonas, Violeta, Teodoras ir Markas. Grup\u0117 tur\u0117t\u0173 b\u016bti tiesiog pasaka, o ji kaip daininink\u0117 \u2013 visus nustebinti. Bet kelyje \u012f \u017evaig\u017edes kartais atsiranda kli\u016b\u010di\u0173... \u0160iek tiek graud\u017ei\u0173 ir nepaprastai juoking\u0173! Knygos autor\u0117 Rachel Ren\u00e9e Russell linki nebijoti paleisti ir jumyse gl\u016bdin\u010di\u0105 Prietrank\u0105... D\u0117l \u0161maik\u0161taus pasakojimo, moksleivi\u0161ko humoro, mielos autoironijos ir heroj\u0117s savikritikos amerikie\u010di\u0173 ra\u0161ytojos Rachel Renee Russell knyg\u0173 serija \u201ePrietrankos dienora\u0161tis\u201c sulauk\u0117 did\u017eiulio pasisekimo tarp paaugli\u0173 visame pasaulyje ir tapo \u201eNew York Times\u201c bestseleriu. Ji jau i\u0161versta \u012f 17 kalb\u0173 ir lyginama su \u201eNevyk\u0117lio dienora\u0161\u010diu\u201c ir \u201ePrinces\u0117s dienora\u0161\u010diu\u201c. Serijos knygos \u017eaismingai ir smagiai iliustruotos dailininki\u0173 Nikki Russel ir Leisl Adams karikat\u016bromis.","breadcrumb":{"@id":"https:\/\/skaitytaknyga.lt\/produktas\/prietrankos-dienorastis-3-ne-itin-talentingos-popzvaigzdes-istorija-2\/#breadcrumb"},"inLanguage":"en-GB","potentialAction":[{"@type":"ReadAction","target":["https:\/\/skaitytaknyga.lt\/produktas\/prietrankos-dienorastis-3-ne-itin-talentingos-popzvaigzdes-istorija-2\/"]}]},{"@type":"ImageObject","inLanguage":"en-GB","@id":"https:\/\/skaitytaknyga.lt\/produktas\/prietrankos-dienorastis-3-ne-itin-talentingos-popzvaigzdes-istorija-2\/#primaryimage","url":"https:\/\/skaitytaknyga.lt\/wp-content\/uploads\/2024\/05\/000000000001109141-9b6f5e4cf629c10282bcb39071dba6a4-asset-knyguklubas-prietrankos-dienorastis_3.jpg","contentUrl":"https:\/\/skaitytaknyga.lt\/wp-content\/uploads\/2024\/05\/000000000001109141-9b6f5e4cf629c10282bcb39071dba6a4-asset-knyguklubas-prietrankos-dienorastis_3.jpg","width":499,"height":700,"caption":"Prietrankos dienora\u0161tis"},{"@type":"BreadcrumbList","@id":"https:\/\/skaitytaknyga.lt\/produktas\/prietrankos-dienorastis-3-ne-itin-talentingos-popzvaigzdes-istorija-2\/#breadcrumb","itemListElement":[{"@type":"ListItem","position":1,"name":"Home","item":"https:\/\/skaitytaknyga.lt\/"},{"@type":"ListItem","position":2,"name":"Parduotuv\u0117","item":"https:\/\/skaitytaknyga.lt\/knygu-parduotuve\/"},{"@type":"ListItem","position":3,"name":"Prietrankos dienora\u0161tis 3. Ne itin talentingos pop\u017evaig\u017ed\u0117s istorija."}]},{"@type":"WebSite","@id":"https:\/\/skaitytaknyga.lt\/#website","url":"https:\/\/skaitytaknyga.lt\/","name":"skaitytaknyga.lt","description":"Skaitytaknyga.lt \u2013 tai ma\u017eas \u0161eimos verslas, kuris prasid\u0117jo nuo meil\u0117s knygoms ir siekio i\u0161gelb\u0117ti knygas nuo likimo prie konteinerio. Kas vienam nereikalingas daiktas \u2013 kitam lobis, o mes esame tarpininkai, kurie padeda abiems tapti laimingesniems ???? \u017dinome kaip nelengva i\u0161gyventi ma\u017eiems verslams, tad nuo \u0161iol, \u010dia rasite ir kit\u0173, ma\u017e\u0173 \u0161eim\u0173 versl\u0173, rank\u0173 darbo, dovan\u0173 sau ir artimiesiems.","publisher":{"@id":"https:\/\/skaitytaknyga.lt\/#organization"},"potentialAction":[{"@type":"SearchAction","target":{"@type":"EntryPoint","urlTemplate":"https:\/\/skaitytaknyga.lt\/?s={search_term_string}"},"query-input":{"@type":"PropertyValueSpecification","valueRequired":true,"valueName":"search_term_string"}}],"inLanguage":"en-GB"},{"@type":"Organization","@id":"https:\/\/skaitytaknyga.lt\/#organization","name":"skaitytaknyga.lt","url":"https:\/\/skaitytaknyga.lt\/","logo":{"@type":"ImageObject","inLanguage":"en-GB","@id":"https:\/\/skaitytaknyga.lt\/#\/schema\/logo\/image\/","url":"https:\/\/skaitytaknyga.lt\/wp-content\/uploads\/2024\/05\/cropped-cropped-cropped-02_00843_jt3bggkj1j3HLc7SyY6rEUpg.jpeg","contentUrl":"https:\/\/skaitytaknyga.lt\/wp-content\/uploads\/2024\/05\/cropped-cropped-cropped-02_00843_jt3bggkj1j3HLc7SyY6rEUpg.jpeg","width":1600,"height":1600,"caption":"skaitytaknyga.lt"},"image":{"@id":"https:\/\/skaitytaknyga.lt\/#\/schema\/logo\/image\/"},"sameAs":["https:\/\/www.facebook.com\/skaitytaknyga\/"]}]}},"_links":{"self":[{"href":"https:\/\/skaitytaknyga.lt\/en\/wp-json\/wp\/v2\/product\/9249","targetHints":{"allow":["GET"]}}],"collection":[{"href":"https:\/\/skaitytaknyga.lt\/en\/wp-json\/wp\/v2\/product"}],"about":[{"href":"https:\/\/skaitytaknyga.lt\/en\/wp-json\/wp\/v2\/types\/product"}],"replies":[{"embeddable":true,"href":"https:\/\/skaitytaknyga.lt\/en\/wp-json\/wp\/v2\/comments?post=9249"}],"wp:featuredmedia":[{"embeddable":true,"href":"https:\/\/skaitytaknyga.lt\/en\/wp-json\/wp\/v2\/media\/6452"}],"wp:attachment":[{"href":"https:\/\/skaitytaknyga.lt\/en\/wp-json\/wp\/v2\/media?parent=9249"}],"wp:term":[{"taxonomy":"product_brand","embeddable":true,"href":"https:\/\/skaitytaknyga.lt\/en\/wp-json\/wp\/v2\/product_brand?post=9249"},{"taxonomy":"product_cat","embeddable":true,"href":"https:\/\/skaitytaknyga.lt\/en\/wp-json\/wp\/v2\/product_cat?post=9249"},{"taxonomy":"product_tag","embeddable":true,"href":"https:\/\/skaitytaknyga.lt\/en\/wp-json\/wp\/v2\/product_tag?post=9249"}],"curies":[{"name":"wp","href":"https:\/\/api.w.org\/{rel}","templated":true}]}}