{"id":9248,"date":"2024-05-04T14:59:36","date_gmt":"2024-05-04T14:59:36","guid":{"rendered":"https:\/\/skaitytaknyga.lt\/?post_type=product&#038;p=9248"},"modified":"2026-03-18T19:36:47","modified_gmt":"2026-03-18T17:36:47","slug":"prietrankos-dienorastis-2-ne-itin-saunios-vakareliu-liutes-istorija-2","status":"publish","type":"product","link":"https:\/\/skaitytaknyga.lt\/en\/produktas\/prietrankos-dienorastis-2-ne-itin-saunios-vakareliu-liutes-istorija-2\/","title":{"rendered":"Prietrankos dienora\u0161tis 2: ne itin \u0161aunios vakar\u0117li\u0173 li\u016bt\u0117s istorija"},"content":{"rendered":"<p>Kokios s\u0105lygos b\u016btinos, kad vakar\u0117lis garantuotai virst\u0173 katastrofa?<\/p>\n<p>Pirma, i\u0161venk pakvietimo \u012f \u0161imtme\u010dio vakar\u0117l\u012f.<\/p>\n<p>Antra, surenk vakar\u0117l\u012f pati, kartu su did\u017eiausiomis mokyklos prietrankomis.<\/p>\n<p>Ir tre\u010dia, jei atrodo, kad vakar\u0117lis nety\u010dia gali nusisekti, pasikviesk \u012f j\u012f: a) savo geriausi\u0173 draugi\u0173 ir b) savo did\u017eiausi\u0105 meil\u0119, tada c) elkis kaip did\u017eiul\u0117 \u017eiurk\u0117 per tavo sesers gimk\u0119, visk\u0105 gerai suplak ir lauk stebuklo.<\/p>\n<p>D\u0117l \u0161maik\u0161taus pasakojimo, moksleivi\u0161ko humoro, mielos autoironijos ir heroj\u0117s savikritikos amerikie\u010di\u0173 ra\u0161ytojos Rachel Renee Russell knyg\u0173 serija \u201ePrietrankos dienora\u0161tis\u201c sulauk\u0117 did\u017eiulio pasisekimo tarp paaugli\u0173 visame pasaulyje ir tapo \u201eNew York Times\u201c bestseleriu. Ji jau i\u0161versta \u012f 17 kalb\u0173 ir lyginama su \u201eNevyk\u0117lio dienora\u0161\u010diu\u201c ir \u201ePrinces\u0117s dienora\u0161\u010diu\u201c.<\/p>\n<p>Serijos knygos \u017eaismingai ir smagiai iliustruotos dailininki\u0173 Nikki Russel ir Leisl Adams karikat\u016bromis.<\/p>\n<div><\/div>\n","protected":false},"excerpt":{"rendered":"<p>Kokios s\u0105lygos b\u016btinos, kad vakar\u0117lis garantuotai virst\u0173 katastrofa?<\/p>\n<p>Pirma, i\u0161venk pakvietimo \u012f \u0161imtme\u010dio vakar\u0117l\u012f.<\/p>\n<p>Antra, surenk vakar\u0117l\u012f pati, kartu su did\u017eiausiomis mokyklos prietrankomis.<\/p>\n<p>Ir tre\u010dia, jei atrodo, kad vakar\u0117lis nety\u010dia gali nusisekti, pasikviesk \u012f j\u012f: a) savo geriausi\u0173 draugi\u0173 ir b) savo did\u017eiausi\u0105 meil\u0119, tada c) elkis kaip did\u017eiul\u0117 \u017eiurk\u0117 per tavo sesers gimk\u0119, visk\u0105 gerai suplak ir lauk stebuklo.<\/p>\n<p>D\u0117l \u0161maik\u0161taus pasakojimo, moksleivi\u0161ko humoro, mielos autoironijos ir heroj\u0117s savikritikos amerikie\u010di\u0173 ra\u0161ytojos Rachel Renee Russell knyg\u0173 serija \u201ePrietrankos dienora\u0161tis\u201c sulauk\u0117 did\u017eiulio pasisekimo tarp paaugli\u0173 visame pasaulyje ir tapo \u201eNew York Times\u201c bestseleriu. Ji jau i\u0161versta \u012f 17 kalb\u0173 ir lyginama su \u201eNevyk\u0117lio dienora\u0161\u010diu\u201c ir \u201ePrinces\u0117s dienora\u0161\u010diu\u201c.<\/p>\n<p>Serijos knygos \u017eaismingai ir smagiai iliustruotos dailininki\u0173 Nikki Russel ir Leisl Adams karikat\u016bromis.<\/p>\n<div><\/div>\n","protected":false},"featured_media":6451,"comment_status":"closed","ping_status":"closed","template":"","meta":{"_acf_changed":false,"site-sidebar-layout":"default","site-content-layout":"","ast-site-content-layout":"default","site-content-style":"default","site-sidebar-style":"default","ast-global-header-display":"","ast-banner-title-visibility":"","ast-main-header-display":"","ast-hfb-above-header-display":"","ast-hfb-below-header-display":"","ast-hfb-mobile-header-display":"","site-post-title":"","ast-breadcrumbs-content":"","ast-featured-img":"","footer-sml-layout":"","ast-disable-related-posts":"","theme-transparent-header-meta":"","adv-header-id-meta":"","stick-header-meta":"","header-above-stick-meta":"","header-main-stick-meta":"","header-below-stick-meta":"","astra-migrate-meta-layouts":"default","ast-page-background-enabled":"default","ast-page-background-meta":{"desktop":{"background-color":"","background-image":"","background-repeat":"repeat","background-position":"center center","background-size":"auto","background-attachment":"scroll","background-type":"","background-media":"","overlay-type":"","overlay-color":"","overlay-opacity":"","overlay-gradient":""},"tablet":{"background-color":"","background-image":"","background-repeat":"repeat","background-position":"center center","background-size":"auto","background-attachment":"scroll","background-type":"","background-media":"","overlay-type":"","overlay-color":"","overlay-opacity":"","overlay-gradient":""},"mobile":{"background-color":"","background-image":"","background-repeat":"repeat","background-position":"center center","background-size":"auto","background-attachment":"scroll","background-type":"","background-media":"","overlay-type":"","overlay-color":"","overlay-opacity":"","overlay-gradient":""}},"ast-content-background-meta":{"desktop":{"background-color":"var(--ast-global-color-4)","background-image":"","background-repeat":"repeat","background-position":"center center","background-size":"auto","background-attachment":"scroll","background-type":"","background-media":"","overlay-type":"","overlay-color":"","overlay-opacity":"","overlay-gradient":""},"tablet":{"background-color":"var(--ast-global-color-4)","background-image":"","background-repeat":"repeat","background-position":"center center","background-size":"auto","background-attachment":"scroll","background-type":"","background-media":"","overlay-type":"","overlay-color":"","overlay-opacity":"","overlay-gradient":""},"mobile":{"background-color":"var(--ast-global-color-4)","background-image":"","background-repeat":"repeat","background-position":"center center","background-size":"auto","background-attachment":"scroll","background-type":"","background-media":"","overlay-type":"","overlay-color":"","overlay-opacity":"","overlay-gradient":""}}},"product_brand":[],"product_cat":[9674],"product_tag":[],"class_list":{"0":"post-9248","1":"product","2":"type-product","3":"status-publish","4":"has-post-thumbnail","6":"product_cat-pradinukams","7":"desktop-align-left","8":"tablet-align-left","9":"mobile-align-left","11":"first","12":"outofstock","13":"featured","14":"shipping-taxable","15":"purchasable","16":"product-type-simple"},"acf":[],"yoast_head":"<!-- This site is optimized with the Yoast SEO plugin v27.4 - https:\/\/yoast.com\/product\/yoast-seo-wordpress\/ -->\n<title>Prietrankos dienora\u0161tis 2: ne itin \u0161aunios vakar\u0117li\u0173 li\u016bt\u0117s istorija<\/title>\n<meta name=\"description\" content=\"Kokios s\u0105lygos b\u016btinos, kad vakar\u0117lis garantuotai virst\u0173 katastrofa?  Pirma, i\u0161venk pakvietimo \u012f \u0161imtme\u010dio vakar\u0117l\u012f.  Antra, surenk vakar\u0117l\u012f pati, kartu su did\u017eiausiomis mokyklos prietrankomis.  Ir tre\u010dia, jei atrodo, kad vakar\u0117lis nety\u010dia gali nusisekti, pasikviesk \u012f j\u012f: a) savo geriausi\u0173 draugi\u0173 ir b) savo did\u017eiausi\u0105 meil\u0119, tada c) elkis kaip did\u017eiul\u0117 \u017eiurk\u0117 per tavo sesers gimk\u0119, visk\u0105 gerai suplak ir lauk stebuklo.  D\u0117l \u0161maik\u0161taus pasakojimo, moksleivi\u0161ko humoro, mielos autoironijos ir heroj\u0117s savikritikos amerikie\u010di\u0173 ra\u0161ytojos Rachel Renee Russell knyg\u0173 serija \u201ePrietrankos dienora\u0161tis\u201c sulauk\u0117 did\u017eiulio pasisekimo tarp paaugli\u0173 visame pasaulyje ir tapo \u201eNew York Times\u201c bestseleriu. Ji jau i\u0161versta \u012f 17 kalb\u0173 ir lyginama su \u201eNevyk\u0117lio dienora\u0161\u010diu\u201c ir \u201ePrinces\u0117s dienora\u0161\u010diu\u201c.  Serijos knygos \u017eaismingai ir smagiai iliustruotos dailininki\u0173 Nikki Russel ir Leisl Adams karikat\u016bromis.\" \/>\n<meta name=\"robots\" content=\"index, follow, max-snippet:-1, max-image-preview:large, max-video-preview:-1\" \/>\n<link rel=\"canonical\" href=\"https:\/\/skaitytaknyga.lt\/en\/produktas\/prietrankos-dienorastis-2-ne-itin-saunios-vakareliu-liutes-istorija-2\/\" \/>\n<meta property=\"og:locale\" content=\"en_GB\" \/>\n<meta property=\"og:locale:alternate\" content=\"lt_LT\" \/>\n<meta property=\"og:type\" content=\"article\" \/>\n<meta property=\"og:title\" content=\"Prietrankos dienora\u0161tis 2: ne itin \u0161aunios vakar\u0117li\u0173 li\u016bt\u0117s istorija\" \/>\n<meta property=\"og:description\" content=\"Kokios s\u0105lygos b\u016btinos, kad vakar\u0117lis garantuotai virst\u0173 katastrofa?  Pirma, i\u0161venk pakvietimo \u012f \u0161imtme\u010dio vakar\u0117l\u012f.  Antra, surenk vakar\u0117l\u012f pati, kartu su did\u017eiausiomis mokyklos prietrankomis.  Ir tre\u010dia, jei atrodo, kad vakar\u0117lis nety\u010dia gali nusisekti, pasikviesk \u012f j\u012f: a) savo geriausi\u0173 draugi\u0173 ir b) savo did\u017eiausi\u0105 meil\u0119, tada c) elkis kaip did\u017eiul\u0117 \u017eiurk\u0117 per tavo sesers gimk\u0119, visk\u0105 gerai suplak ir lauk stebuklo.  D\u0117l \u0161maik\u0161taus pasakojimo, moksleivi\u0161ko humoro, mielos autoironijos ir heroj\u0117s savikritikos amerikie\u010di\u0173 ra\u0161ytojos Rachel Renee Russell knyg\u0173 serija \u201ePrietrankos dienora\u0161tis\u201c sulauk\u0117 did\u017eiulio pasisekimo tarp paaugli\u0173 visame pasaulyje ir tapo \u201eNew York Times\u201c bestseleriu. Ji jau i\u0161versta \u012f 17 kalb\u0173 ir lyginama su \u201eNevyk\u0117lio dienora\u0161\u010diu\u201c ir \u201ePrinces\u0117s dienora\u0161\u010diu\u201c.  Serijos knygos \u017eaismingai ir smagiai iliustruotos dailininki\u0173 Nikki Russel ir Leisl Adams karikat\u016bromis.\" \/>\n<meta property=\"og:url\" content=\"https:\/\/skaitytaknyga.lt\/en\/produktas\/prietrankos-dienorastis-2-ne-itin-saunios-vakareliu-liutes-istorija-2\/\" \/>\n<meta property=\"og:site_name\" content=\"Skaitytaknyga\" \/>\n<meta property=\"article:publisher\" content=\"https:\/\/www.facebook.com\/skaitytaknyga\/\" \/>\n<meta property=\"article:modified_time\" content=\"2026-03-18T17:36:47+00:00\" \/>\n<meta property=\"og:image\" content=\"https:\/\/skaitytaknyga.lt\/wp-content\/uploads\/2024\/05\/000000000001109047-3e785bc8e6a91d64d4ca649d8081eb10-asset-knyguklubas-prietrankos-dienorastis_23.jpg\" \/>\n\t<meta property=\"og:image:width\" content=\"499\" \/>\n\t<meta property=\"og:image:height\" content=\"700\" \/>\n\t<meta property=\"og:image:type\" content=\"image\/jpeg\" \/>\n<meta name=\"twitter:card\" content=\"summary_large_image\" \/>\n<meta name=\"twitter:label1\" content=\"Estimated reading time\" \/>\n\t<meta name=\"twitter:data1\" content=\"1 minute\" \/>\n<script type=\"application\/ld+json\" class=\"yoast-schema-graph\">{\"@context\":\"https:\\\/\\\/schema.org\",\"@graph\":[{\"@type\":\"WebPage\",\"@id\":\"https:\\\/\\\/skaitytaknyga.lt\\\/produktas\\\/prietrankos-dienorastis-2-ne-itin-saunios-vakareliu-liutes-istorija-2\\\/\",\"url\":\"https:\\\/\\\/skaitytaknyga.lt\\\/produktas\\\/prietrankos-dienorastis-2-ne-itin-saunios-vakareliu-liutes-istorija-2\\\/\",\"name\":\"Prietrankos dienora\u0161tis 2: ne itin \u0161aunios vakar\u0117li\u0173 li\u016bt\u0117s istorija\",\"isPartOf\":{\"@id\":\"https:\\\/\\\/skaitytaknyga.lt\\\/#website\"},\"primaryImageOfPage\":{\"@id\":\"https:\\\/\\\/skaitytaknyga.lt\\\/produktas\\\/prietrankos-dienorastis-2-ne-itin-saunios-vakareliu-liutes-istorija-2\\\/#primaryimage\"},\"image\":{\"@id\":\"https:\\\/\\\/skaitytaknyga.lt\\\/produktas\\\/prietrankos-dienorastis-2-ne-itin-saunios-vakareliu-liutes-istorija-2\\\/#primaryimage\"},\"thumbnailUrl\":\"https:\\\/\\\/skaitytaknyga.lt\\\/wp-content\\\/uploads\\\/2024\\\/05\\\/000000000001109047-3e785bc8e6a91d64d4ca649d8081eb10-asset-knyguklubas-prietrankos-dienorastis_23.jpg\",\"datePublished\":\"2024-05-04T14:59:36+00:00\",\"dateModified\":\"2026-03-18T17:36:47+00:00\",\"description\":\"Kokios s\u0105lygos b\u016btinos, kad vakar\u0117lis garantuotai virst\u0173 katastrofa? Pirma, i\u0161venk pakvietimo \u012f \u0161imtme\u010dio vakar\u0117l\u012f. Antra, surenk vakar\u0117l\u012f pati, kartu su did\u017eiausiomis mokyklos prietrankomis. Ir tre\u010dia, jei atrodo, kad vakar\u0117lis nety\u010dia gali nusisekti, pasikviesk \u012f j\u012f: a) savo geriausi\u0173 draugi\u0173 ir b) savo did\u017eiausi\u0105 meil\u0119, tada c) elkis kaip did\u017eiul\u0117 \u017eiurk\u0117 per tavo sesers gimk\u0119, visk\u0105 gerai suplak ir lauk stebuklo. D\u0117l \u0161maik\u0161taus pasakojimo, moksleivi\u0161ko humoro, mielos autoironijos ir heroj\u0117s savikritikos amerikie\u010di\u0173 ra\u0161ytojos Rachel Renee Russell knyg\u0173 serija \u201ePrietrankos dienora\u0161tis\u201c sulauk\u0117 did\u017eiulio pasisekimo tarp paaugli\u0173 visame pasaulyje ir tapo \u201eNew York Times\u201c bestseleriu. Ji jau i\u0161versta \u012f 17 kalb\u0173 ir lyginama su \u201eNevyk\u0117lio dienora\u0161\u010diu\u201c ir \u201ePrinces\u0117s dienora\u0161\u010diu\u201c. Serijos knygos \u017eaismingai ir smagiai iliustruotos dailininki\u0173 Nikki Russel ir Leisl Adams karikat\u016bromis.\",\"breadcrumb\":{\"@id\":\"https:\\\/\\\/skaitytaknyga.lt\\\/produktas\\\/prietrankos-dienorastis-2-ne-itin-saunios-vakareliu-liutes-istorija-2\\\/#breadcrumb\"},\"inLanguage\":\"en-GB\",\"potentialAction\":[{\"@type\":\"ReadAction\",\"target\":[\"https:\\\/\\\/skaitytaknyga.lt\\\/produktas\\\/prietrankos-dienorastis-2-ne-itin-saunios-vakareliu-liutes-istorija-2\\\/\"]}]},{\"@type\":\"ImageObject\",\"inLanguage\":\"en-GB\",\"@id\":\"https:\\\/\\\/skaitytaknyga.lt\\\/produktas\\\/prietrankos-dienorastis-2-ne-itin-saunios-vakareliu-liutes-istorija-2\\\/#primaryimage\",\"url\":\"https:\\\/\\\/skaitytaknyga.lt\\\/wp-content\\\/uploads\\\/2024\\\/05\\\/000000000001109047-3e785bc8e6a91d64d4ca649d8081eb10-asset-knyguklubas-prietrankos-dienorastis_23.jpg\",\"contentUrl\":\"https:\\\/\\\/skaitytaknyga.lt\\\/wp-content\\\/uploads\\\/2024\\\/05\\\/000000000001109047-3e785bc8e6a91d64d4ca649d8081eb10-asset-knyguklubas-prietrankos-dienorastis_23.jpg\",\"width\":499,\"height\":700,\"caption\":\"Prietrankos dienora\u0161tis\"},{\"@type\":\"BreadcrumbList\",\"@id\":\"https:\\\/\\\/skaitytaknyga.lt\\\/produktas\\\/prietrankos-dienorastis-2-ne-itin-saunios-vakareliu-liutes-istorija-2\\\/#breadcrumb\",\"itemListElement\":[{\"@type\":\"ListItem\",\"position\":1,\"name\":\"Home\",\"item\":\"https:\\\/\\\/skaitytaknyga.lt\\\/\"},{\"@type\":\"ListItem\",\"position\":2,\"name\":\"Parduotuv\u0117\",\"item\":\"https:\\\/\\\/skaitytaknyga.lt\\\/knygu-parduotuve\\\/\"},{\"@type\":\"ListItem\",\"position\":3,\"name\":\"Prietrankos dienora\u0161tis 2: ne itin \u0161aunios vakar\u0117li\u0173 li\u016bt\u0117s istorija\"}]},{\"@type\":\"WebSite\",\"@id\":\"https:\\\/\\\/skaitytaknyga.lt\\\/#website\",\"url\":\"https:\\\/\\\/skaitytaknyga.lt\\\/\",\"name\":\"skaitytaknyga.lt\",\"description\":\"Skaitytaknyga.lt \u2013 tai ma\u017eas \u0161eimos verslas, kuris prasid\u0117jo nuo meil\u0117s knygoms ir siekio i\u0161gelb\u0117ti knygas nuo likimo prie konteinerio. Kas vienam nereikalingas daiktas \u2013 kitam lobis, o mes esame tarpininkai, kurie padeda abiems tapti laimingesniems ???? \u017dinome kaip nelengva i\u0161gyventi ma\u017eiems verslams, tad nuo \u0161iol, \u010dia rasite ir kit\u0173, ma\u017e\u0173 \u0161eim\u0173 versl\u0173, rank\u0173 darbo, dovan\u0173 sau ir artimiesiems.\",\"publisher\":{\"@id\":\"https:\\\/\\\/skaitytaknyga.lt\\\/#organization\"},\"potentialAction\":[{\"@type\":\"SearchAction\",\"target\":{\"@type\":\"EntryPoint\",\"urlTemplate\":\"https:\\\/\\\/skaitytaknyga.lt\\\/?s={search_term_string}\"},\"query-input\":{\"@type\":\"PropertyValueSpecification\",\"valueRequired\":true,\"valueName\":\"search_term_string\"}}],\"inLanguage\":\"en-GB\"},{\"@type\":\"Organization\",\"@id\":\"https:\\\/\\\/skaitytaknyga.lt\\\/#organization\",\"name\":\"skaitytaknyga.lt\",\"url\":\"https:\\\/\\\/skaitytaknyga.lt\\\/\",\"logo\":{\"@type\":\"ImageObject\",\"inLanguage\":\"en-GB\",\"@id\":\"https:\\\/\\\/skaitytaknyga.lt\\\/#\\\/schema\\\/logo\\\/image\\\/\",\"url\":\"https:\\\/\\\/skaitytaknyga.lt\\\/wp-content\\\/uploads\\\/2024\\\/05\\\/cropped-cropped-cropped-02_00843_jt3bggkj1j3HLc7SyY6rEUpg.jpeg\",\"contentUrl\":\"https:\\\/\\\/skaitytaknyga.lt\\\/wp-content\\\/uploads\\\/2024\\\/05\\\/cropped-cropped-cropped-02_00843_jt3bggkj1j3HLc7SyY6rEUpg.jpeg\",\"width\":1600,\"height\":1600,\"caption\":\"skaitytaknyga.lt\"},\"image\":{\"@id\":\"https:\\\/\\\/skaitytaknyga.lt\\\/#\\\/schema\\\/logo\\\/image\\\/\"},\"sameAs\":[\"https:\\\/\\\/www.facebook.com\\\/skaitytaknyga\\\/\"]}]}<\/script>\n<!-- \/ Yoast SEO plugin. -->","yoast_head_json":{"title":"Prietrankos dienora\u0161tis 2: ne itin \u0161aunios vakar\u0117li\u0173 li\u016bt\u0117s istorija","description":"Kokios s\u0105lygos b\u016btinos, kad vakar\u0117lis garantuotai virst\u0173 katastrofa?  Pirma, i\u0161venk pakvietimo \u012f \u0161imtme\u010dio vakar\u0117l\u012f.  Antra, surenk vakar\u0117l\u012f pati, kartu su did\u017eiausiomis mokyklos prietrankomis.  Ir tre\u010dia, jei atrodo, kad vakar\u0117lis nety\u010dia gali nusisekti, pasikviesk \u012f j\u012f: a) savo geriausi\u0173 draugi\u0173 ir b) savo did\u017eiausi\u0105 meil\u0119, tada c) elkis kaip did\u017eiul\u0117 \u017eiurk\u0117 per tavo sesers gimk\u0119, visk\u0105 gerai suplak ir lauk stebuklo.  D\u0117l \u0161maik\u0161taus pasakojimo, moksleivi\u0161ko humoro, mielos autoironijos ir heroj\u0117s savikritikos amerikie\u010di\u0173 ra\u0161ytojos Rachel Renee Russell knyg\u0173 serija \u201ePrietrankos dienora\u0161tis\u201c sulauk\u0117 did\u017eiulio pasisekimo tarp paaugli\u0173 visame pasaulyje ir tapo \u201eNew York Times\u201c bestseleriu. Ji jau i\u0161versta \u012f 17 kalb\u0173 ir lyginama su \u201eNevyk\u0117lio dienora\u0161\u010diu\u201c ir \u201ePrinces\u0117s dienora\u0161\u010diu\u201c.  Serijos knygos \u017eaismingai ir smagiai iliustruotos dailininki\u0173 Nikki Russel ir Leisl Adams karikat\u016bromis.","robots":{"index":"index","follow":"follow","max-snippet":"max-snippet:-1","max-image-preview":"max-image-preview:large","max-video-preview":"max-video-preview:-1"},"canonical":"https:\/\/skaitytaknyga.lt\/en\/produktas\/prietrankos-dienorastis-2-ne-itin-saunios-vakareliu-liutes-istorija-2\/","og_locale":"en_GB","og_type":"article","og_title":"[:lt]Prietrankos dienora\u0161tis 2: ne itin \u0161aunios vakar\u0117li\u0173 li\u016bt\u0117s istorija[:] - Skaitytaknyga","og_description":"Kokios s\u0105lygos b\u016btinos, kad vakar\u0117lis garantuotai virst\u0173 katastrofa?  Pirma, i\u0161venk pakvietimo \u012f \u0161imtme\u010dio vakar\u0117l\u012f.  Antra, surenk vakar\u0117l\u012f pati, kartu su did\u017eiausiomis mokyklos prietrankomis.  Ir tre\u010dia, jei atrodo, kad vakar\u0117lis nety\u010dia gali nusisekti, pasikviesk \u012f j\u012f: a) savo geriausi\u0173 draugi\u0173 ir b) savo did\u017eiausi\u0105 meil\u0119, tada c) elkis kaip did\u017eiul\u0117 \u017eiurk\u0117 per tavo sesers gimk\u0119, visk\u0105 gerai suplak ir lauk stebuklo.  D\u0117l \u0161maik\u0161taus pasakojimo, moksleivi\u0161ko humoro, mielos autoironijos ir heroj\u0117s savikritikos amerikie\u010di\u0173 ra\u0161ytojos Rachel Renee Russell knyg\u0173 serija \u201ePrietrankos dienora\u0161tis\u201c sulauk\u0117 did\u017eiulio pasisekimo tarp paaugli\u0173 visame pasaulyje ir tapo \u201eNew York Times\u201c bestseleriu. Ji jau i\u0161versta \u012f 17 kalb\u0173 ir lyginama su \u201eNevyk\u0117lio dienora\u0161\u010diu\u201c ir \u201ePrinces\u0117s dienora\u0161\u010diu\u201c.  Serijos knygos \u017eaismingai ir smagiai iliustruotos dailininki\u0173 Nikki Russel ir Leisl Adams karikat\u016bromis.","og_url":"https:\/\/skaitytaknyga.lt\/en\/produktas\/prietrankos-dienorastis-2-ne-itin-saunios-vakareliu-liutes-istorija-2\/","og_site_name":"Skaitytaknyga","article_publisher":"https:\/\/www.facebook.com\/skaitytaknyga\/","article_modified_time":"2026-03-18T17:36:47+00:00","og_image":[{"width":499,"height":700,"url":"https:\/\/skaitytaknyga.lt\/wp-content\/uploads\/2024\/05\/000000000001109047-3e785bc8e6a91d64d4ca649d8081eb10-asset-knyguklubas-prietrankos-dienorastis_23.jpg","type":"image\/jpeg"}],"twitter_card":"summary_large_image","twitter_misc":{"Estimated reading time":"1 minute"},"schema":{"@context":"https:\/\/schema.org","@graph":[{"@type":"WebPage","@id":"https:\/\/skaitytaknyga.lt\/produktas\/prietrankos-dienorastis-2-ne-itin-saunios-vakareliu-liutes-istorija-2\/","url":"https:\/\/skaitytaknyga.lt\/produktas\/prietrankos-dienorastis-2-ne-itin-saunios-vakareliu-liutes-istorija-2\/","name":"Prietrankos dienora\u0161tis 2: ne itin \u0161aunios vakar\u0117li\u0173 li\u016bt\u0117s istorija","isPartOf":{"@id":"https:\/\/skaitytaknyga.lt\/#website"},"primaryImageOfPage":{"@id":"https:\/\/skaitytaknyga.lt\/produktas\/prietrankos-dienorastis-2-ne-itin-saunios-vakareliu-liutes-istorija-2\/#primaryimage"},"image":{"@id":"https:\/\/skaitytaknyga.lt\/produktas\/prietrankos-dienorastis-2-ne-itin-saunios-vakareliu-liutes-istorija-2\/#primaryimage"},"thumbnailUrl":"https:\/\/skaitytaknyga.lt\/wp-content\/uploads\/2024\/05\/000000000001109047-3e785bc8e6a91d64d4ca649d8081eb10-asset-knyguklubas-prietrankos-dienorastis_23.jpg","datePublished":"2024-05-04T14:59:36+00:00","dateModified":"2026-03-18T17:36:47+00:00","description":"Kokios s\u0105lygos b\u016btinos, kad vakar\u0117lis garantuotai virst\u0173 katastrofa? Pirma, i\u0161venk pakvietimo \u012f \u0161imtme\u010dio vakar\u0117l\u012f. Antra, surenk vakar\u0117l\u012f pati, kartu su did\u017eiausiomis mokyklos prietrankomis. Ir tre\u010dia, jei atrodo, kad vakar\u0117lis nety\u010dia gali nusisekti, pasikviesk \u012f j\u012f: a) savo geriausi\u0173 draugi\u0173 ir b) savo did\u017eiausi\u0105 meil\u0119, tada c) elkis kaip did\u017eiul\u0117 \u017eiurk\u0117 per tavo sesers gimk\u0119, visk\u0105 gerai suplak ir lauk stebuklo. D\u0117l \u0161maik\u0161taus pasakojimo, moksleivi\u0161ko humoro, mielos autoironijos ir heroj\u0117s savikritikos amerikie\u010di\u0173 ra\u0161ytojos Rachel Renee Russell knyg\u0173 serija \u201ePrietrankos dienora\u0161tis\u201c sulauk\u0117 did\u017eiulio pasisekimo tarp paaugli\u0173 visame pasaulyje ir tapo \u201eNew York Times\u201c bestseleriu. Ji jau i\u0161versta \u012f 17 kalb\u0173 ir lyginama su \u201eNevyk\u0117lio dienora\u0161\u010diu\u201c ir \u201ePrinces\u0117s dienora\u0161\u010diu\u201c. Serijos knygos \u017eaismingai ir smagiai iliustruotos dailininki\u0173 Nikki Russel ir Leisl Adams karikat\u016bromis.","breadcrumb":{"@id":"https:\/\/skaitytaknyga.lt\/produktas\/prietrankos-dienorastis-2-ne-itin-saunios-vakareliu-liutes-istorija-2\/#breadcrumb"},"inLanguage":"en-GB","potentialAction":[{"@type":"ReadAction","target":["https:\/\/skaitytaknyga.lt\/produktas\/prietrankos-dienorastis-2-ne-itin-saunios-vakareliu-liutes-istorija-2\/"]}]},{"@type":"ImageObject","inLanguage":"en-GB","@id":"https:\/\/skaitytaknyga.lt\/produktas\/prietrankos-dienorastis-2-ne-itin-saunios-vakareliu-liutes-istorija-2\/#primaryimage","url":"https:\/\/skaitytaknyga.lt\/wp-content\/uploads\/2024\/05\/000000000001109047-3e785bc8e6a91d64d4ca649d8081eb10-asset-knyguklubas-prietrankos-dienorastis_23.jpg","contentUrl":"https:\/\/skaitytaknyga.lt\/wp-content\/uploads\/2024\/05\/000000000001109047-3e785bc8e6a91d64d4ca649d8081eb10-asset-knyguklubas-prietrankos-dienorastis_23.jpg","width":499,"height":700,"caption":"Prietrankos dienora\u0161tis"},{"@type":"BreadcrumbList","@id":"https:\/\/skaitytaknyga.lt\/produktas\/prietrankos-dienorastis-2-ne-itin-saunios-vakareliu-liutes-istorija-2\/#breadcrumb","itemListElement":[{"@type":"ListItem","position":1,"name":"Home","item":"https:\/\/skaitytaknyga.lt\/"},{"@type":"ListItem","position":2,"name":"Parduotuv\u0117","item":"https:\/\/skaitytaknyga.lt\/knygu-parduotuve\/"},{"@type":"ListItem","position":3,"name":"Prietrankos dienora\u0161tis 2: ne itin \u0161aunios vakar\u0117li\u0173 li\u016bt\u0117s istorija"}]},{"@type":"WebSite","@id":"https:\/\/skaitytaknyga.lt\/#website","url":"https:\/\/skaitytaknyga.lt\/","name":"skaitytaknyga.lt","description":"Skaitytaknyga.lt \u2013 tai ma\u017eas \u0161eimos verslas, kuris prasid\u0117jo nuo meil\u0117s knygoms ir siekio i\u0161gelb\u0117ti knygas nuo likimo prie konteinerio. Kas vienam nereikalingas daiktas \u2013 kitam lobis, o mes esame tarpininkai, kurie padeda abiems tapti laimingesniems ???? \u017dinome kaip nelengva i\u0161gyventi ma\u017eiems verslams, tad nuo \u0161iol, \u010dia rasite ir kit\u0173, ma\u017e\u0173 \u0161eim\u0173 versl\u0173, rank\u0173 darbo, dovan\u0173 sau ir artimiesiems.","publisher":{"@id":"https:\/\/skaitytaknyga.lt\/#organization"},"potentialAction":[{"@type":"SearchAction","target":{"@type":"EntryPoint","urlTemplate":"https:\/\/skaitytaknyga.lt\/?s={search_term_string}"},"query-input":{"@type":"PropertyValueSpecification","valueRequired":true,"valueName":"search_term_string"}}],"inLanguage":"en-GB"},{"@type":"Organization","@id":"https:\/\/skaitytaknyga.lt\/#organization","name":"skaitytaknyga.lt","url":"https:\/\/skaitytaknyga.lt\/","logo":{"@type":"ImageObject","inLanguage":"en-GB","@id":"https:\/\/skaitytaknyga.lt\/#\/schema\/logo\/image\/","url":"https:\/\/skaitytaknyga.lt\/wp-content\/uploads\/2024\/05\/cropped-cropped-cropped-02_00843_jt3bggkj1j3HLc7SyY6rEUpg.jpeg","contentUrl":"https:\/\/skaitytaknyga.lt\/wp-content\/uploads\/2024\/05\/cropped-cropped-cropped-02_00843_jt3bggkj1j3HLc7SyY6rEUpg.jpeg","width":1600,"height":1600,"caption":"skaitytaknyga.lt"},"image":{"@id":"https:\/\/skaitytaknyga.lt\/#\/schema\/logo\/image\/"},"sameAs":["https:\/\/www.facebook.com\/skaitytaknyga\/"]}]}},"_links":{"self":[{"href":"https:\/\/skaitytaknyga.lt\/en\/wp-json\/wp\/v2\/product\/9248","targetHints":{"allow":["GET"]}}],"collection":[{"href":"https:\/\/skaitytaknyga.lt\/en\/wp-json\/wp\/v2\/product"}],"about":[{"href":"https:\/\/skaitytaknyga.lt\/en\/wp-json\/wp\/v2\/types\/product"}],"replies":[{"embeddable":true,"href":"https:\/\/skaitytaknyga.lt\/en\/wp-json\/wp\/v2\/comments?post=9248"}],"wp:featuredmedia":[{"embeddable":true,"href":"https:\/\/skaitytaknyga.lt\/en\/wp-json\/wp\/v2\/media\/6451"}],"wp:attachment":[{"href":"https:\/\/skaitytaknyga.lt\/en\/wp-json\/wp\/v2\/media?parent=9248"}],"wp:term":[{"taxonomy":"product_brand","embeddable":true,"href":"https:\/\/skaitytaknyga.lt\/en\/wp-json\/wp\/v2\/product_brand?post=9248"},{"taxonomy":"product_cat","embeddable":true,"href":"https:\/\/skaitytaknyga.lt\/en\/wp-json\/wp\/v2\/product_cat?post=9248"},{"taxonomy":"product_tag","embeddable":true,"href":"https:\/\/skaitytaknyga.lt\/en\/wp-json\/wp\/v2\/product_tag?post=9248"}],"curies":[{"name":"wp","href":"https:\/\/api.w.org\/{rel}","templated":true}]}}