{"id":9243,"date":"2024-05-04T14:59:36","date_gmt":"2024-05-04T14:59:36","guid":{"rendered":"https:\/\/skaitytaknyga.lt\/?post_type=product&#038;p=9243"},"modified":"2026-03-18T19:36:47","modified_gmt":"2026-03-18T17:36:47","slug":"prietrankos-dienorastis-9-ne-itin-trenktos-pamaivos-istorija-2","status":"publish","type":"product","link":"https:\/\/skaitytaknyga.lt\/en\/produktas\/prietrankos-dienorastis-9-ne-itin-trenktos-pamaivos-istorija-2\/","title":{"rendered":"Prietrankos dienora\u0161tis 9. Ne itin trenktos pamaivos istorija"},"content":{"rendered":"<p>\u201ePrietrankos dienora\u0161\u010di\u0173\u201c\u00a0serija sulauk\u0117 did\u017eiulio pasisekimo tarp paaugli\u0173 visame pasaulyje. Ji jau i\u0161versta \u012f keliasde\u0161imt kalb\u0173 ir lyginama su\u00a0\u201eNevyk\u0117lio dienora\u0161\u010diu\u201c\u00a0ir\u00a0\u201ePrinces\u0117s dienora\u0161\u010diu\u201c.<\/p>\n<p>Makenz\u0117s \u0161unyb\u0117s nesibaigia \u2013 ji \u017e\u016btb\u016bt stengiasi i\u0161ardyti Nik\u0117s draugyst\u0119 su Brendonu. Nugvelbusi Nik\u0117s dienora\u0161t\u012f, pati ima \u012f j\u012f ra\u0161yti, ty\u010diotis i\u0161 \u201eapgail\u0117tino\u201c mokslo draug\u0173 gyvenimo, o \u012fsilau\u017eusi \u012f panel\u0117s Visa\u017ein\u0117s skilt\u012f kompiuteryje, tvarkom\u0105 Nik\u0117s, prikuria klaus\u0117jams bjauri\u0173, \u012f\u017eeid\u017eian\u010di\u0173 lai\u0161k\u0173.<\/p>\n<p>Ar Nikei pavyks atgauti dienora\u0161t\u012f? Ir k\u0105 ji supras pama\u010diusi Makenz\u0117s \u201edarbelius\u201c?<\/p>\n","protected":false},"excerpt":{"rendered":"<p>\u201ePrietrankos dienora\u0161\u010di\u0173\u201c\u00a0serija sulauk\u0117 did\u017eiulio pasisekimo tarp paaugli\u0173 visame pasaulyje. Ji jau i\u0161versta \u012f keliasde\u0161imt kalb\u0173 ir lyginama su\u00a0\u201eNevyk\u0117lio dienora\u0161\u010diu\u201c\u00a0ir\u00a0\u201ePrinces\u0117s dienora\u0161\u010diu\u201c.<\/p>\n<p>Makenz\u0117s \u0161unyb\u0117s nesibaigia \u2013 ji \u017e\u016btb\u016bt stengiasi i\u0161ardyti Nik\u0117s draugyst\u0119 su Brendonu. Nugvelbusi Nik\u0117s dienora\u0161t\u012f, pati ima \u012f j\u012f ra\u0161yti, ty\u010diotis i\u0161 \u201eapgail\u0117tino\u201c mokslo draug\u0173 gyvenimo, o \u012fsilau\u017eusi \u012f panel\u0117s Visa\u017ein\u0117s skilt\u012f kompiuteryje, tvarkom\u0105 Nik\u0117s, prikuria klaus\u0117jams bjauri\u0173, \u012f\u017eeid\u017eian\u010di\u0173 lai\u0161k\u0173.<\/p>\n<p>Ar Nikei pavyks atgauti dienora\u0161t\u012f? Ir k\u0105 ji supras pama\u010diusi Makenz\u0117s \u201edarbelius\u201c?<\/p>\n","protected":false},"featured_media":6444,"comment_status":"closed","ping_status":"closed","template":"","meta":{"_acf_changed":false,"site-sidebar-layout":"default","site-content-layout":"","ast-site-content-layout":"default","site-content-style":"default","site-sidebar-style":"default","ast-global-header-display":"","ast-banner-title-visibility":"","ast-main-header-display":"","ast-hfb-above-header-display":"","ast-hfb-below-header-display":"","ast-hfb-mobile-header-display":"","site-post-title":"","ast-breadcrumbs-content":"","ast-featured-img":"","footer-sml-layout":"","ast-disable-related-posts":"","theme-transparent-header-meta":"","adv-header-id-meta":"","stick-header-meta":"","header-above-stick-meta":"","header-main-stick-meta":"","header-below-stick-meta":"","astra-migrate-meta-layouts":"default","ast-page-background-enabled":"default","ast-page-background-meta":{"desktop":{"background-color":"","background-image":"","background-repeat":"repeat","background-position":"center center","background-size":"auto","background-attachment":"scroll","background-type":"","background-media":"","overlay-type":"","overlay-color":"","overlay-opacity":"","overlay-gradient":""},"tablet":{"background-color":"","background-image":"","background-repeat":"repeat","background-position":"center center","background-size":"auto","background-attachment":"scroll","background-type":"","background-media":"","overlay-type":"","overlay-color":"","overlay-opacity":"","overlay-gradient":""},"mobile":{"background-color":"","background-image":"","background-repeat":"repeat","background-position":"center center","background-size":"auto","background-attachment":"scroll","background-type":"","background-media":"","overlay-type":"","overlay-color":"","overlay-opacity":"","overlay-gradient":""}},"ast-content-background-meta":{"desktop":{"background-color":"var(--ast-global-color-4)","background-image":"","background-repeat":"repeat","background-position":"center center","background-size":"auto","background-attachment":"scroll","background-type":"","background-media":"","overlay-type":"","overlay-color":"","overlay-opacity":"","overlay-gradient":""},"tablet":{"background-color":"var(--ast-global-color-4)","background-image":"","background-repeat":"repeat","background-position":"center center","background-size":"auto","background-attachment":"scroll","background-type":"","background-media":"","overlay-type":"","overlay-color":"","overlay-opacity":"","overlay-gradient":""},"mobile":{"background-color":"var(--ast-global-color-4)","background-image":"","background-repeat":"repeat","background-position":"center center","background-size":"auto","background-attachment":"scroll","background-type":"","background-media":"","overlay-type":"","overlay-color":"","overlay-opacity":"","overlay-gradient":""}}},"product_brand":[],"product_cat":[9674],"product_tag":[],"class_list":{"0":"post-9243","1":"product","2":"type-product","3":"status-publish","4":"has-post-thumbnail","6":"product_cat-pradinukams","7":"desktop-align-left","8":"tablet-align-left","9":"mobile-align-left","11":"first","12":"outofstock","13":"featured","14":"shipping-taxable","15":"purchasable","16":"product-type-simple"},"acf":[],"yoast_head":"<!-- This site is optimized with the Yoast SEO plugin v27.4 - https:\/\/yoast.com\/product\/yoast-seo-wordpress\/ -->\n<title>Prietrankos dienora\u0161tis 9. Ne itin trenktos pamaivos istorija - Skaitytaknyga<\/title>\n<meta name=\"description\" content=\"\u201ePrietrankos dienora\u0161\u010di\u0173\u201c\u00a0serija sulauk\u0117 did\u017eiulio pasisekimo tarp paaugli\u0173 visame pasaulyje. Ji jau i\u0161versta \u012f keliasde\u0161imt kalb\u0173 ir lyginama su\u00a0\u201eNevyk\u0117lio dienora\u0161\u010diu\u201c\u00a0ir\u00a0\u201ePrinces\u0117s dienora\u0161\u010diu\u201c.  Makenz\u0117s \u0161unyb\u0117s nesibaigia \u2013 ji \u017e\u016btb\u016bt stengiasi i\u0161ardyti Nik\u0117s draugyst\u0119 su Brendonu. Nugvelbusi Nik\u0117s dienora\u0161t\u012f, pati ima \u012f j\u012f ra\u0161yti, ty\u010diotis i\u0161 \u201eapgail\u0117tino\u201c mokslo draug\u0173 gyvenimo, o \u012fsilau\u017eusi \u012f panel\u0117s Visa\u017ein\u0117s skilt\u012f kompiuteryje, tvarkom\u0105 Nik\u0117s, prikuria klaus\u0117jams bjauri\u0173, \u012f\u017eeid\u017eian\u010di\u0173 lai\u0161k\u0173.  Ar Nikei pavyks atgauti dienora\u0161t\u012f? Ir k\u0105 ji supras pama\u010diusi Makenz\u0117s \u201edarbelius\u201c?\" \/>\n<meta name=\"robots\" content=\"index, follow, max-snippet:-1, max-image-preview:large, max-video-preview:-1\" \/>\n<link rel=\"canonical\" href=\"https:\/\/skaitytaknyga.lt\/en\/produktas\/prietrankos-dienorastis-9-ne-itin-trenktos-pamaivos-istorija-2\/\" \/>\n<meta property=\"og:locale\" content=\"en_GB\" \/>\n<meta property=\"og:locale:alternate\" content=\"lt_LT\" \/>\n<meta property=\"og:type\" content=\"article\" \/>\n<meta property=\"og:title\" content=\"Prietrankos dienora\u0161tis 9. Ne itin trenktos pamaivos istorija - Skaitytaknyga\" \/>\n<meta property=\"og:description\" content=\"\u201ePrietrankos dienora\u0161\u010di\u0173\u201c\u00a0serija sulauk\u0117 did\u017eiulio pasisekimo tarp paaugli\u0173 visame pasaulyje. Ji jau i\u0161versta \u012f keliasde\u0161imt kalb\u0173 ir lyginama su\u00a0\u201eNevyk\u0117lio dienora\u0161\u010diu\u201c\u00a0ir\u00a0\u201ePrinces\u0117s dienora\u0161\u010diu\u201c.  Makenz\u0117s \u0161unyb\u0117s nesibaigia \u2013 ji \u017e\u016btb\u016bt stengiasi i\u0161ardyti Nik\u0117s draugyst\u0119 su Brendonu. Nugvelbusi Nik\u0117s dienora\u0161t\u012f, pati ima \u012f j\u012f ra\u0161yti, ty\u010diotis i\u0161 \u201eapgail\u0117tino\u201c mokslo draug\u0173 gyvenimo, o \u012fsilau\u017eusi \u012f panel\u0117s Visa\u017ein\u0117s skilt\u012f kompiuteryje, tvarkom\u0105 Nik\u0117s, prikuria klaus\u0117jams bjauri\u0173, \u012f\u017eeid\u017eian\u010di\u0173 lai\u0161k\u0173.  Ar Nikei pavyks atgauti dienora\u0161t\u012f? Ir k\u0105 ji supras pama\u010diusi Makenz\u0117s \u201edarbelius\u201c?\" \/>\n<meta property=\"og:url\" content=\"https:\/\/skaitytaknyga.lt\/en\/produktas\/prietrankos-dienorastis-9-ne-itin-trenktos-pamaivos-istorija-2\/\" \/>\n<meta property=\"og:site_name\" content=\"Skaitytaknyga\" \/>\n<meta property=\"article:publisher\" content=\"https:\/\/www.facebook.com\/skaitytaknyga\/\" \/>\n<meta property=\"article:modified_time\" content=\"2026-03-18T17:36:47+00:00\" \/>\n<meta property=\"og:image\" content=\"https:\/\/skaitytaknyga.lt\/wp-content\/uploads\/2024\/05\/1462888572_cdbprietrankos-dienorastis9z1.png\" \/>\n\t<meta property=\"og:image:width\" content=\"432\" \/>\n\t<meta property=\"og:image:height\" content=\"600\" \/>\n\t<meta property=\"og:image:type\" content=\"image\/png\" \/>\n<meta name=\"twitter:card\" content=\"summary_large_image\" \/>\n<meta name=\"twitter:label1\" content=\"Estimated reading time\" \/>\n\t<meta name=\"twitter:data1\" content=\"1 minute\" \/>\n<script type=\"application\/ld+json\" class=\"yoast-schema-graph\">{\"@context\":\"https:\\\/\\\/schema.org\",\"@graph\":[{\"@type\":\"WebPage\",\"@id\":\"https:\\\/\\\/skaitytaknyga.lt\\\/produktas\\\/prietrankos-dienorastis-9-ne-itin-trenktos-pamaivos-istorija-2\\\/\",\"url\":\"https:\\\/\\\/skaitytaknyga.lt\\\/produktas\\\/prietrankos-dienorastis-9-ne-itin-trenktos-pamaivos-istorija-2\\\/\",\"name\":\"Prietrankos dienora\u0161tis 9. Ne itin trenktos pamaivos istorija - Skaitytaknyga\",\"isPartOf\":{\"@id\":\"https:\\\/\\\/skaitytaknyga.lt\\\/#website\"},\"primaryImageOfPage\":{\"@id\":\"https:\\\/\\\/skaitytaknyga.lt\\\/produktas\\\/prietrankos-dienorastis-9-ne-itin-trenktos-pamaivos-istorija-2\\\/#primaryimage\"},\"image\":{\"@id\":\"https:\\\/\\\/skaitytaknyga.lt\\\/produktas\\\/prietrankos-dienorastis-9-ne-itin-trenktos-pamaivos-istorija-2\\\/#primaryimage\"},\"thumbnailUrl\":\"https:\\\/\\\/skaitytaknyga.lt\\\/wp-content\\\/uploads\\\/2024\\\/05\\\/1462888572_cdbprietrankos-dienorastis9z1.png\",\"datePublished\":\"2024-05-04T14:59:36+00:00\",\"dateModified\":\"2026-03-18T17:36:47+00:00\",\"description\":\"\u201ePrietrankos dienora\u0161\u010di\u0173\u201c\u00a0serija sulauk\u0117 did\u017eiulio pasisekimo tarp paaugli\u0173 visame pasaulyje. Ji jau i\u0161versta \u012f keliasde\u0161imt kalb\u0173 ir lyginama su\u00a0\u201eNevyk\u0117lio dienora\u0161\u010diu\u201c\u00a0ir\u00a0\u201ePrinces\u0117s dienora\u0161\u010diu\u201c. Makenz\u0117s \u0161unyb\u0117s nesibaigia \u2013 ji \u017e\u016btb\u016bt stengiasi i\u0161ardyti Nik\u0117s draugyst\u0119 su Brendonu. Nugvelbusi Nik\u0117s dienora\u0161t\u012f, pati ima \u012f j\u012f ra\u0161yti, ty\u010diotis i\u0161 \u201eapgail\u0117tino\u201c mokslo draug\u0173 gyvenimo, o \u012fsilau\u017eusi \u012f panel\u0117s Visa\u017ein\u0117s skilt\u012f kompiuteryje, tvarkom\u0105 Nik\u0117s, prikuria klaus\u0117jams bjauri\u0173, \u012f\u017eeid\u017eian\u010di\u0173 lai\u0161k\u0173. Ar Nikei pavyks atgauti dienora\u0161t\u012f? Ir k\u0105 ji supras pama\u010diusi Makenz\u0117s \u201edarbelius\u201c?\",\"breadcrumb\":{\"@id\":\"https:\\\/\\\/skaitytaknyga.lt\\\/produktas\\\/prietrankos-dienorastis-9-ne-itin-trenktos-pamaivos-istorija-2\\\/#breadcrumb\"},\"inLanguage\":\"en-GB\",\"potentialAction\":[{\"@type\":\"ReadAction\",\"target\":[\"https:\\\/\\\/skaitytaknyga.lt\\\/produktas\\\/prietrankos-dienorastis-9-ne-itin-trenktos-pamaivos-istorija-2\\\/\"]}]},{\"@type\":\"ImageObject\",\"inLanguage\":\"en-GB\",\"@id\":\"https:\\\/\\\/skaitytaknyga.lt\\\/produktas\\\/prietrankos-dienorastis-9-ne-itin-trenktos-pamaivos-istorija-2\\\/#primaryimage\",\"url\":\"https:\\\/\\\/skaitytaknyga.lt\\\/wp-content\\\/uploads\\\/2024\\\/05\\\/1462888572_cdbprietrankos-dienorastis9z1.png\",\"contentUrl\":\"https:\\\/\\\/skaitytaknyga.lt\\\/wp-content\\\/uploads\\\/2024\\\/05\\\/1462888572_cdbprietrankos-dienorastis9z1.png\",\"width\":432,\"height\":600},{\"@type\":\"BreadcrumbList\",\"@id\":\"https:\\\/\\\/skaitytaknyga.lt\\\/produktas\\\/prietrankos-dienorastis-9-ne-itin-trenktos-pamaivos-istorija-2\\\/#breadcrumb\",\"itemListElement\":[{\"@type\":\"ListItem\",\"position\":1,\"name\":\"Home\",\"item\":\"https:\\\/\\\/skaitytaknyga.lt\\\/\"},{\"@type\":\"ListItem\",\"position\":2,\"name\":\"Parduotuv\u0117\",\"item\":\"https:\\\/\\\/skaitytaknyga.lt\\\/knygu-parduotuve\\\/\"},{\"@type\":\"ListItem\",\"position\":3,\"name\":\"Prietrankos dienora\u0161tis 9. Ne itin trenktos pamaivos istorija\"}]},{\"@type\":\"WebSite\",\"@id\":\"https:\\\/\\\/skaitytaknyga.lt\\\/#website\",\"url\":\"https:\\\/\\\/skaitytaknyga.lt\\\/\",\"name\":\"skaitytaknyga.lt\",\"description\":\"Skaitytaknyga.lt \u2013 tai ma\u017eas \u0161eimos verslas, kuris prasid\u0117jo nuo meil\u0117s knygoms ir siekio i\u0161gelb\u0117ti knygas nuo likimo prie konteinerio. Kas vienam nereikalingas daiktas \u2013 kitam lobis, o mes esame tarpininkai, kurie padeda abiems tapti laimingesniems ???? \u017dinome kaip nelengva i\u0161gyventi ma\u017eiems verslams, tad nuo \u0161iol, \u010dia rasite ir kit\u0173, ma\u017e\u0173 \u0161eim\u0173 versl\u0173, rank\u0173 darbo, dovan\u0173 sau ir artimiesiems.\",\"publisher\":{\"@id\":\"https:\\\/\\\/skaitytaknyga.lt\\\/#organization\"},\"potentialAction\":[{\"@type\":\"SearchAction\",\"target\":{\"@type\":\"EntryPoint\",\"urlTemplate\":\"https:\\\/\\\/skaitytaknyga.lt\\\/?s={search_term_string}\"},\"query-input\":{\"@type\":\"PropertyValueSpecification\",\"valueRequired\":true,\"valueName\":\"search_term_string\"}}],\"inLanguage\":\"en-GB\"},{\"@type\":\"Organization\",\"@id\":\"https:\\\/\\\/skaitytaknyga.lt\\\/#organization\",\"name\":\"skaitytaknyga.lt\",\"url\":\"https:\\\/\\\/skaitytaknyga.lt\\\/\",\"logo\":{\"@type\":\"ImageObject\",\"inLanguage\":\"en-GB\",\"@id\":\"https:\\\/\\\/skaitytaknyga.lt\\\/#\\\/schema\\\/logo\\\/image\\\/\",\"url\":\"https:\\\/\\\/skaitytaknyga.lt\\\/wp-content\\\/uploads\\\/2024\\\/05\\\/cropped-cropped-cropped-02_00843_jt3bggkj1j3HLc7SyY6rEUpg.jpeg\",\"contentUrl\":\"https:\\\/\\\/skaitytaknyga.lt\\\/wp-content\\\/uploads\\\/2024\\\/05\\\/cropped-cropped-cropped-02_00843_jt3bggkj1j3HLc7SyY6rEUpg.jpeg\",\"width\":1600,\"height\":1600,\"caption\":\"skaitytaknyga.lt\"},\"image\":{\"@id\":\"https:\\\/\\\/skaitytaknyga.lt\\\/#\\\/schema\\\/logo\\\/image\\\/\"},\"sameAs\":[\"https:\\\/\\\/www.facebook.com\\\/skaitytaknyga\\\/\"]}]}<\/script>\n<!-- \/ Yoast SEO plugin. -->","yoast_head_json":{"title":"Prietrankos dienora\u0161tis 9. Ne itin trenktos pamaivos istorija - Skaitytaknyga","description":"\u201ePrietrankos dienora\u0161\u010di\u0173\u201c\u00a0serija sulauk\u0117 did\u017eiulio pasisekimo tarp paaugli\u0173 visame pasaulyje. Ji jau i\u0161versta \u012f keliasde\u0161imt kalb\u0173 ir lyginama su\u00a0\u201eNevyk\u0117lio dienora\u0161\u010diu\u201c\u00a0ir\u00a0\u201ePrinces\u0117s dienora\u0161\u010diu\u201c.  Makenz\u0117s \u0161unyb\u0117s nesibaigia \u2013 ji \u017e\u016btb\u016bt stengiasi i\u0161ardyti Nik\u0117s draugyst\u0119 su Brendonu. Nugvelbusi Nik\u0117s dienora\u0161t\u012f, pati ima \u012f j\u012f ra\u0161yti, ty\u010diotis i\u0161 \u201eapgail\u0117tino\u201c mokslo draug\u0173 gyvenimo, o \u012fsilau\u017eusi \u012f panel\u0117s Visa\u017ein\u0117s skilt\u012f kompiuteryje, tvarkom\u0105 Nik\u0117s, prikuria klaus\u0117jams bjauri\u0173, \u012f\u017eeid\u017eian\u010di\u0173 lai\u0161k\u0173.  Ar Nikei pavyks atgauti dienora\u0161t\u012f? Ir k\u0105 ji supras pama\u010diusi Makenz\u0117s \u201edarbelius\u201c?","robots":{"index":"index","follow":"follow","max-snippet":"max-snippet:-1","max-image-preview":"max-image-preview:large","max-video-preview":"max-video-preview:-1"},"canonical":"https:\/\/skaitytaknyga.lt\/en\/produktas\/prietrankos-dienorastis-9-ne-itin-trenktos-pamaivos-istorija-2\/","og_locale":"en_GB","og_type":"article","og_title":"Prietrankos dienora\u0161tis 9. Ne itin trenktos pamaivos istorija - Skaitytaknyga","og_description":"\u201ePrietrankos dienora\u0161\u010di\u0173\u201c\u00a0serija sulauk\u0117 did\u017eiulio pasisekimo tarp paaugli\u0173 visame pasaulyje. Ji jau i\u0161versta \u012f keliasde\u0161imt kalb\u0173 ir lyginama su\u00a0\u201eNevyk\u0117lio dienora\u0161\u010diu\u201c\u00a0ir\u00a0\u201ePrinces\u0117s dienora\u0161\u010diu\u201c.  Makenz\u0117s \u0161unyb\u0117s nesibaigia \u2013 ji \u017e\u016btb\u016bt stengiasi i\u0161ardyti Nik\u0117s draugyst\u0119 su Brendonu. Nugvelbusi Nik\u0117s dienora\u0161t\u012f, pati ima \u012f j\u012f ra\u0161yti, ty\u010diotis i\u0161 \u201eapgail\u0117tino\u201c mokslo draug\u0173 gyvenimo, o \u012fsilau\u017eusi \u012f panel\u0117s Visa\u017ein\u0117s skilt\u012f kompiuteryje, tvarkom\u0105 Nik\u0117s, prikuria klaus\u0117jams bjauri\u0173, \u012f\u017eeid\u017eian\u010di\u0173 lai\u0161k\u0173.  Ar Nikei pavyks atgauti dienora\u0161t\u012f? Ir k\u0105 ji supras pama\u010diusi Makenz\u0117s \u201edarbelius\u201c?","og_url":"https:\/\/skaitytaknyga.lt\/en\/produktas\/prietrankos-dienorastis-9-ne-itin-trenktos-pamaivos-istorija-2\/","og_site_name":"Skaitytaknyga","article_publisher":"https:\/\/www.facebook.com\/skaitytaknyga\/","article_modified_time":"2026-03-18T17:36:47+00:00","og_image":[{"width":432,"height":600,"url":"https:\/\/skaitytaknyga.lt\/wp-content\/uploads\/2024\/05\/1462888572_cdbprietrankos-dienorastis9z1.png","type":"image\/png"}],"twitter_card":"summary_large_image","twitter_misc":{"Estimated reading time":"1 minute"},"schema":{"@context":"https:\/\/schema.org","@graph":[{"@type":"WebPage","@id":"https:\/\/skaitytaknyga.lt\/produktas\/prietrankos-dienorastis-9-ne-itin-trenktos-pamaivos-istorija-2\/","url":"https:\/\/skaitytaknyga.lt\/produktas\/prietrankos-dienorastis-9-ne-itin-trenktos-pamaivos-istorija-2\/","name":"Prietrankos dienora\u0161tis 9. Ne itin trenktos pamaivos istorija - Skaitytaknyga","isPartOf":{"@id":"https:\/\/skaitytaknyga.lt\/#website"},"primaryImageOfPage":{"@id":"https:\/\/skaitytaknyga.lt\/produktas\/prietrankos-dienorastis-9-ne-itin-trenktos-pamaivos-istorija-2\/#primaryimage"},"image":{"@id":"https:\/\/skaitytaknyga.lt\/produktas\/prietrankos-dienorastis-9-ne-itin-trenktos-pamaivos-istorija-2\/#primaryimage"},"thumbnailUrl":"https:\/\/skaitytaknyga.lt\/wp-content\/uploads\/2024\/05\/1462888572_cdbprietrankos-dienorastis9z1.png","datePublished":"2024-05-04T14:59:36+00:00","dateModified":"2026-03-18T17:36:47+00:00","description":"\u201ePrietrankos dienora\u0161\u010di\u0173\u201c\u00a0serija sulauk\u0117 did\u017eiulio pasisekimo tarp paaugli\u0173 visame pasaulyje. Ji jau i\u0161versta \u012f keliasde\u0161imt kalb\u0173 ir lyginama su\u00a0\u201eNevyk\u0117lio dienora\u0161\u010diu\u201c\u00a0ir\u00a0\u201ePrinces\u0117s dienora\u0161\u010diu\u201c. Makenz\u0117s \u0161unyb\u0117s nesibaigia \u2013 ji \u017e\u016btb\u016bt stengiasi i\u0161ardyti Nik\u0117s draugyst\u0119 su Brendonu. Nugvelbusi Nik\u0117s dienora\u0161t\u012f, pati ima \u012f j\u012f ra\u0161yti, ty\u010diotis i\u0161 \u201eapgail\u0117tino\u201c mokslo draug\u0173 gyvenimo, o \u012fsilau\u017eusi \u012f panel\u0117s Visa\u017ein\u0117s skilt\u012f kompiuteryje, tvarkom\u0105 Nik\u0117s, prikuria klaus\u0117jams bjauri\u0173, \u012f\u017eeid\u017eian\u010di\u0173 lai\u0161k\u0173. Ar Nikei pavyks atgauti dienora\u0161t\u012f? Ir k\u0105 ji supras pama\u010diusi Makenz\u0117s \u201edarbelius\u201c?","breadcrumb":{"@id":"https:\/\/skaitytaknyga.lt\/produktas\/prietrankos-dienorastis-9-ne-itin-trenktos-pamaivos-istorija-2\/#breadcrumb"},"inLanguage":"en-GB","potentialAction":[{"@type":"ReadAction","target":["https:\/\/skaitytaknyga.lt\/produktas\/prietrankos-dienorastis-9-ne-itin-trenktos-pamaivos-istorija-2\/"]}]},{"@type":"ImageObject","inLanguage":"en-GB","@id":"https:\/\/skaitytaknyga.lt\/produktas\/prietrankos-dienorastis-9-ne-itin-trenktos-pamaivos-istorija-2\/#primaryimage","url":"https:\/\/skaitytaknyga.lt\/wp-content\/uploads\/2024\/05\/1462888572_cdbprietrankos-dienorastis9z1.png","contentUrl":"https:\/\/skaitytaknyga.lt\/wp-content\/uploads\/2024\/05\/1462888572_cdbprietrankos-dienorastis9z1.png","width":432,"height":600},{"@type":"BreadcrumbList","@id":"https:\/\/skaitytaknyga.lt\/produktas\/prietrankos-dienorastis-9-ne-itin-trenktos-pamaivos-istorija-2\/#breadcrumb","itemListElement":[{"@type":"ListItem","position":1,"name":"Home","item":"https:\/\/skaitytaknyga.lt\/"},{"@type":"ListItem","position":2,"name":"Parduotuv\u0117","item":"https:\/\/skaitytaknyga.lt\/knygu-parduotuve\/"},{"@type":"ListItem","position":3,"name":"Prietrankos dienora\u0161tis 9. Ne itin trenktos pamaivos istorija"}]},{"@type":"WebSite","@id":"https:\/\/skaitytaknyga.lt\/#website","url":"https:\/\/skaitytaknyga.lt\/","name":"skaitytaknyga.lt","description":"Skaitytaknyga.lt \u2013 tai ma\u017eas \u0161eimos verslas, kuris prasid\u0117jo nuo meil\u0117s knygoms ir siekio i\u0161gelb\u0117ti knygas nuo likimo prie konteinerio. Kas vienam nereikalingas daiktas \u2013 kitam lobis, o mes esame tarpininkai, kurie padeda abiems tapti laimingesniems ???? \u017dinome kaip nelengva i\u0161gyventi ma\u017eiems verslams, tad nuo \u0161iol, \u010dia rasite ir kit\u0173, ma\u017e\u0173 \u0161eim\u0173 versl\u0173, rank\u0173 darbo, dovan\u0173 sau ir artimiesiems.","publisher":{"@id":"https:\/\/skaitytaknyga.lt\/#organization"},"potentialAction":[{"@type":"SearchAction","target":{"@type":"EntryPoint","urlTemplate":"https:\/\/skaitytaknyga.lt\/?s={search_term_string}"},"query-input":{"@type":"PropertyValueSpecification","valueRequired":true,"valueName":"search_term_string"}}],"inLanguage":"en-GB"},{"@type":"Organization","@id":"https:\/\/skaitytaknyga.lt\/#organization","name":"skaitytaknyga.lt","url":"https:\/\/skaitytaknyga.lt\/","logo":{"@type":"ImageObject","inLanguage":"en-GB","@id":"https:\/\/skaitytaknyga.lt\/#\/schema\/logo\/image\/","url":"https:\/\/skaitytaknyga.lt\/wp-content\/uploads\/2024\/05\/cropped-cropped-cropped-02_00843_jt3bggkj1j3HLc7SyY6rEUpg.jpeg","contentUrl":"https:\/\/skaitytaknyga.lt\/wp-content\/uploads\/2024\/05\/cropped-cropped-cropped-02_00843_jt3bggkj1j3HLc7SyY6rEUpg.jpeg","width":1600,"height":1600,"caption":"skaitytaknyga.lt"},"image":{"@id":"https:\/\/skaitytaknyga.lt\/#\/schema\/logo\/image\/"},"sameAs":["https:\/\/www.facebook.com\/skaitytaknyga\/"]}]}},"_links":{"self":[{"href":"https:\/\/skaitytaknyga.lt\/en\/wp-json\/wp\/v2\/product\/9243","targetHints":{"allow":["GET"]}}],"collection":[{"href":"https:\/\/skaitytaknyga.lt\/en\/wp-json\/wp\/v2\/product"}],"about":[{"href":"https:\/\/skaitytaknyga.lt\/en\/wp-json\/wp\/v2\/types\/product"}],"replies":[{"embeddable":true,"href":"https:\/\/skaitytaknyga.lt\/en\/wp-json\/wp\/v2\/comments?post=9243"}],"wp:featuredmedia":[{"embeddable":true,"href":"https:\/\/skaitytaknyga.lt\/en\/wp-json\/wp\/v2\/media\/6444"}],"wp:attachment":[{"href":"https:\/\/skaitytaknyga.lt\/en\/wp-json\/wp\/v2\/media?parent=9243"}],"wp:term":[{"taxonomy":"product_brand","embeddable":true,"href":"https:\/\/skaitytaknyga.lt\/en\/wp-json\/wp\/v2\/product_brand?post=9243"},{"taxonomy":"product_cat","embeddable":true,"href":"https:\/\/skaitytaknyga.lt\/en\/wp-json\/wp\/v2\/product_cat?post=9243"},{"taxonomy":"product_tag","embeddable":true,"href":"https:\/\/skaitytaknyga.lt\/en\/wp-json\/wp\/v2\/product_tag?post=9243"}],"curies":[{"name":"wp","href":"https:\/\/api.w.org\/{rel}","templated":true}]}}