{"id":9239,"date":"2024-05-04T14:59:36","date_gmt":"2024-05-04T14:59:36","guid":{"rendered":"https:\/\/skaitytaknyga.lt\/?post_type=product&#038;p=9239"},"modified":"2024-05-04T14:59:44","modified_gmt":"2024-05-04T14:59:44","slug":"haruki-murakami-norvegu-giria-2","status":"publish","type":"product","link":"https:\/\/skaitytaknyga.lt\/en\/produktas\/haruki-murakami-norvegu-giria-2\/","title":{"rendered":"Haruki Murakami \u201eNorveg\u0173 giria\u201c"},"content":{"rendered":"<p><strong>\u201eNorveg\u0173 giria\u201c \u2013\u00a0<\/strong>tai i\u0161moningas, \u0161velniai pa\u0161aipus, kartu melancholi\u0161kas pasakojimas apie draugyst\u0119, meil\u0119, gyvenim\u0105 ir mirt\u012f.<\/p>\n<p>\u201eThe Beatles\u201c dainos \u201eNorwegian Wood\u201c (\u201eNorveg\u0173 giria\u201c) garsai Toru Vatanab\u0119 u\u017elieja prisiminimais apie jo pirm\u0105j\u0105 meil\u0119 Naoko, geriausio draugo Kidzukio mergin\u0105. Mintimis jis gr\u012f\u017eta \u012f studenti\u0161kas dienas Tokijuje, \u012f pasaul\u012f, kupin\u0105 vienatv\u0117s, atsitiktinio sekso, aistros, tro\u0161kim\u0173 ir praradim\u0173, mirties \u0161e\u0161\u0117li\u0173.<\/p>\n<p>Vatanab\u0117 tarsi i\u0161 naujo i\u0161gyvena tuos laikus, kai Naoko buvo svarbiausias \u017emogus jo gyvenime, \u012f kur\u012f ver\u017ete \u012fsiver\u017e\u0117 kar\u0161takrauj\u0117 mergina Midori, privertusi j\u012f rinktis tarp praeities ir ateities.<\/p>\n","protected":false},"excerpt":{"rendered":"<p><strong>\u201eNorveg\u0173 giria\u201c \u2013\u00a0<\/strong>tai i\u0161moningas, \u0161velniai pa\u0161aipus, kartu melancholi\u0161kas pasakojimas apie draugyst\u0119, meil\u0119, gyvenim\u0105 ir mirt\u012f.<\/p>\n<p>\u201eThe Beatles\u201c dainos \u201eNorwegian Wood\u201c (\u201eNorveg\u0173 giria\u201c) garsai Toru Vatanab\u0119 u\u017elieja prisiminimais apie jo pirm\u0105j\u0105 meil\u0119 Naoko, geriausio draugo Kidzukio mergin\u0105. Mintimis jis gr\u012f\u017eta \u012f studenti\u0161kas dienas Tokijuje, \u012f pasaul\u012f, kupin\u0105 vienatv\u0117s, atsitiktinio sekso, aistros, tro\u0161kim\u0173 ir praradim\u0173, mirties \u0161e\u0161\u0117li\u0173.<\/p>\n<p>Vatanab\u0117 tarsi i\u0161 naujo i\u0161gyvena tuos laikus, kai Naoko buvo svarbiausias \u017emogus jo gyvenime, \u012f kur\u012f ver\u017ete \u012fsiver\u017e\u0117 kar\u0161takrauj\u0117 mergina Midori, privertusi j\u012f rinktis tarp praeities ir ateities.<\/p>\n","protected":false},"featured_media":6432,"comment_status":"closed","ping_status":"closed","template":"","meta":{"_acf_changed":false,"site-sidebar-layout":"default","site-content-layout":"","ast-site-content-layout":"default","site-content-style":"default","site-sidebar-style":"default","ast-global-header-display":"","ast-banner-title-visibility":"","ast-main-header-display":"","ast-hfb-above-header-display":"","ast-hfb-below-header-display":"","ast-hfb-mobile-header-display":"","site-post-title":"","ast-breadcrumbs-content":"","ast-featured-img":"","footer-sml-layout":"","ast-disable-related-posts":"","theme-transparent-header-meta":"","adv-header-id-meta":"","stick-header-meta":"","header-above-stick-meta":"","header-main-stick-meta":"","header-below-stick-meta":"","astra-migrate-meta-layouts":"default","ast-page-background-enabled":"default","ast-page-background-meta":{"desktop":{"background-color":"","background-image":"","background-repeat":"repeat","background-position":"center center","background-size":"auto","background-attachment":"scroll","background-type":"","background-media":"","overlay-type":"","overlay-color":"","overlay-opacity":"","overlay-gradient":""},"tablet":{"background-color":"","background-image":"","background-repeat":"repeat","background-position":"center center","background-size":"auto","background-attachment":"scroll","background-type":"","background-media":"","overlay-type":"","overlay-color":"","overlay-opacity":"","overlay-gradient":""},"mobile":{"background-color":"","background-image":"","background-repeat":"repeat","background-position":"center center","background-size":"auto","background-attachment":"scroll","background-type":"","background-media":"","overlay-type":"","overlay-color":"","overlay-opacity":"","overlay-gradient":""}},"ast-content-background-meta":{"desktop":{"background-color":"var(--ast-global-color-4)","background-image":"","background-repeat":"repeat","background-position":"center center","background-size":"auto","background-attachment":"scroll","background-type":"","background-media":"","overlay-type":"","overlay-color":"","overlay-opacity":"","overlay-gradient":""},"tablet":{"background-color":"var(--ast-global-color-4)","background-image":"","background-repeat":"repeat","background-position":"center center","background-size":"auto","background-attachment":"scroll","background-type":"","background-media":"","overlay-type":"","overlay-color":"","overlay-opacity":"","overlay-gradient":""},"mobile":{"background-color":"var(--ast-global-color-4)","background-image":"","background-repeat":"repeat","background-position":"center center","background-size":"auto","background-attachment":"scroll","background-type":"","background-media":"","overlay-type":"","overlay-color":"","overlay-opacity":"","overlay-gradient":""}}},"product_brand":[],"product_cat":[31],"product_tag":[],"class_list":{"0":"post-9239","1":"product","2":"type-product","3":"status-publish","4":"has-post-thumbnail","6":"product_cat-grozine-literatura","7":"desktop-align-left","8":"tablet-align-left","9":"mobile-align-left","11":"first","12":"outofstock","13":"shipping-taxable","14":"purchasable","15":"product-type-simple"},"acf":[],"yoast_head":"<!-- This site is optimized with the Yoast SEO plugin v27.4 - https:\/\/yoast.com\/product\/yoast-seo-wordpress\/ -->\n<title>Haruki Murakami \u201eNorveg\u0173 giria\u201c - Skaitytaknyga<\/title>\n<meta name=\"description\" content=\"\u201eNorveg\u0173 giria\u201c \u2013\u00a0tai i\u0161moningas, \u0161velniai pa\u0161aipus, kartu melancholi\u0161kas pasakojimas apie draugyst\u0119, meil\u0119, gyvenim\u0105 ir mirt\u012f.  \u201eThe Beatles\u201c dainos \u201eNorwegian Wood\u201c (\u201eNorveg\u0173 giria\u201c) garsai Toru Vatanab\u0119 u\u017elieja prisiminimais apie jo pirm\u0105j\u0105 meil\u0119 Naoko, geriausio draugo Kidzukio mergin\u0105. Mintimis jis gr\u012f\u017eta \u012f studenti\u0161kas dienas Tokijuje, \u012f pasaul\u012f, kupin\u0105 vienatv\u0117s, atsitiktinio sekso, aistros, tro\u0161kim\u0173 ir praradim\u0173, mirties \u0161e\u0161\u0117li\u0173.  Vatanab\u0117 tarsi i\u0161 naujo i\u0161gyvena tuos laikus, kai Naoko buvo svarbiausias \u017emogus jo gyvenime, \u012f kur\u012f ver\u017ete \u012fsiver\u017e\u0117 kar\u0161takrauj\u0117 mergina Midori, privertusi j\u012f rinktis tarp praeities ir ateities.\" \/>\n<meta name=\"robots\" content=\"index, follow, max-snippet:-1, max-image-preview:large, max-video-preview:-1\" \/>\n<link rel=\"canonical\" href=\"https:\/\/skaitytaknyga.lt\/en\/produktas\/haruki-murakami-norvegu-giria-2\/\" \/>\n<meta property=\"og:locale\" content=\"en_GB\" \/>\n<meta property=\"og:locale:alternate\" content=\"lt_LT\" \/>\n<meta property=\"og:type\" content=\"article\" \/>\n<meta property=\"og:title\" content=\"Haruki Murakami \u201eNorveg\u0173 giria\u201c - Skaitytaknyga\" \/>\n<meta property=\"og:description\" content=\"\u201eNorveg\u0173 giria\u201c \u2013\u00a0tai i\u0161moningas, \u0161velniai pa\u0161aipus, kartu melancholi\u0161kas pasakojimas apie draugyst\u0119, meil\u0119, gyvenim\u0105 ir mirt\u012f.  \u201eThe Beatles\u201c dainos \u201eNorwegian Wood\u201c (\u201eNorveg\u0173 giria\u201c) garsai Toru Vatanab\u0119 u\u017elieja prisiminimais apie jo pirm\u0105j\u0105 meil\u0119 Naoko, geriausio draugo Kidzukio mergin\u0105. Mintimis jis gr\u012f\u017eta \u012f studenti\u0161kas dienas Tokijuje, \u012f pasaul\u012f, kupin\u0105 vienatv\u0117s, atsitiktinio sekso, aistros, tro\u0161kim\u0173 ir praradim\u0173, mirties \u0161e\u0161\u0117li\u0173.  Vatanab\u0117 tarsi i\u0161 naujo i\u0161gyvena tuos laikus, kai Naoko buvo svarbiausias \u017emogus jo gyvenime, \u012f kur\u012f ver\u017ete \u012fsiver\u017e\u0117 kar\u0161takrauj\u0117 mergina Midori, privertusi j\u012f rinktis tarp praeities ir ateities.\" \/>\n<meta property=\"og:url\" content=\"https:\/\/skaitytaknyga.lt\/en\/produktas\/haruki-murakami-norvegu-giria-2\/\" \/>\n<meta property=\"og:site_name\" content=\"Skaitytaknyga\" \/>\n<meta property=\"article:publisher\" content=\"https:\/\/www.facebook.com\/skaitytaknyga\/\" \/>\n<meta property=\"article:modified_time\" content=\"2024-05-04T14:59:44+00:00\" \/>\n<meta property=\"og:image\" content=\"https:\/\/skaitytaknyga.lt\/wp-content\/uploads\/2024\/05\/1462873392_norvegu-giria.jpg\" \/>\n\t<meta property=\"og:image:width\" content=\"286\" \/>\n\t<meta property=\"og:image:height\" content=\"430\" \/>\n\t<meta property=\"og:image:type\" content=\"image\/jpeg\" \/>\n<meta name=\"twitter:card\" content=\"summary_large_image\" \/>\n<script type=\"application\/ld+json\" class=\"yoast-schema-graph\">{\"@context\":\"https:\\\/\\\/schema.org\",\"@graph\":[{\"@type\":\"WebPage\",\"@id\":\"https:\\\/\\\/skaitytaknyga.lt\\\/produktas\\\/haruki-murakami-norvegu-giria-2\\\/\",\"url\":\"https:\\\/\\\/skaitytaknyga.lt\\\/produktas\\\/haruki-murakami-norvegu-giria-2\\\/\",\"name\":\"Haruki Murakami \u201eNorveg\u0173 giria\u201c - Skaitytaknyga\",\"isPartOf\":{\"@id\":\"https:\\\/\\\/skaitytaknyga.lt\\\/#website\"},\"primaryImageOfPage\":{\"@id\":\"https:\\\/\\\/skaitytaknyga.lt\\\/produktas\\\/haruki-murakami-norvegu-giria-2\\\/#primaryimage\"},\"image\":{\"@id\":\"https:\\\/\\\/skaitytaknyga.lt\\\/produktas\\\/haruki-murakami-norvegu-giria-2\\\/#primaryimage\"},\"thumbnailUrl\":\"https:\\\/\\\/skaitytaknyga.lt\\\/wp-content\\\/uploads\\\/2024\\\/05\\\/1462873392_norvegu-giria.jpg\",\"datePublished\":\"2024-05-04T14:59:36+00:00\",\"dateModified\":\"2024-05-04T14:59:44+00:00\",\"description\":\"\u201eNorveg\u0173 giria\u201c \u2013\u00a0tai i\u0161moningas, \u0161velniai pa\u0161aipus, kartu melancholi\u0161kas pasakojimas apie draugyst\u0119, meil\u0119, gyvenim\u0105 ir mirt\u012f. \u201eThe Beatles\u201c dainos \u201eNorwegian Wood\u201c (\u201eNorveg\u0173 giria\u201c) garsai Toru Vatanab\u0119 u\u017elieja prisiminimais apie jo pirm\u0105j\u0105 meil\u0119 Naoko, geriausio draugo Kidzukio mergin\u0105. Mintimis jis gr\u012f\u017eta \u012f studenti\u0161kas dienas Tokijuje, \u012f pasaul\u012f, kupin\u0105 vienatv\u0117s, atsitiktinio sekso, aistros, tro\u0161kim\u0173 ir praradim\u0173, mirties \u0161e\u0161\u0117li\u0173. Vatanab\u0117 tarsi i\u0161 naujo i\u0161gyvena tuos laikus, kai Naoko buvo svarbiausias \u017emogus jo gyvenime, \u012f kur\u012f ver\u017ete \u012fsiver\u017e\u0117 kar\u0161takrauj\u0117 mergina Midori, privertusi j\u012f rinktis tarp praeities ir ateities.\",\"breadcrumb\":{\"@id\":\"https:\\\/\\\/skaitytaknyga.lt\\\/produktas\\\/haruki-murakami-norvegu-giria-2\\\/#breadcrumb\"},\"inLanguage\":\"en-GB\",\"potentialAction\":[{\"@type\":\"ReadAction\",\"target\":[\"https:\\\/\\\/skaitytaknyga.lt\\\/produktas\\\/haruki-murakami-norvegu-giria-2\\\/\"]}]},{\"@type\":\"ImageObject\",\"inLanguage\":\"en-GB\",\"@id\":\"https:\\\/\\\/skaitytaknyga.lt\\\/produktas\\\/haruki-murakami-norvegu-giria-2\\\/#primaryimage\",\"url\":\"https:\\\/\\\/skaitytaknyga.lt\\\/wp-content\\\/uploads\\\/2024\\\/05\\\/1462873392_norvegu-giria.jpg\",\"contentUrl\":\"https:\\\/\\\/skaitytaknyga.lt\\\/wp-content\\\/uploads\\\/2024\\\/05\\\/1462873392_norvegu-giria.jpg\",\"width\":286,\"height\":430},{\"@type\":\"BreadcrumbList\",\"@id\":\"https:\\\/\\\/skaitytaknyga.lt\\\/produktas\\\/haruki-murakami-norvegu-giria-2\\\/#breadcrumb\",\"itemListElement\":[{\"@type\":\"ListItem\",\"position\":1,\"name\":\"Home\",\"item\":\"https:\\\/\\\/skaitytaknyga.lt\\\/\"},{\"@type\":\"ListItem\",\"position\":2,\"name\":\"Parduotuv\u0117\",\"item\":\"https:\\\/\\\/skaitytaknyga.lt\\\/knygu-parduotuve\\\/\"},{\"@type\":\"ListItem\",\"position\":3,\"name\":\"Haruki Murakami \u201eNorveg\u0173 giria\u201c\"}]},{\"@type\":\"WebSite\",\"@id\":\"https:\\\/\\\/skaitytaknyga.lt\\\/#website\",\"url\":\"https:\\\/\\\/skaitytaknyga.lt\\\/\",\"name\":\"skaitytaknyga.lt\",\"description\":\"Skaitytaknyga.lt \u2013 tai ma\u017eas \u0161eimos verslas, kuris prasid\u0117jo nuo meil\u0117s knygoms ir siekio i\u0161gelb\u0117ti knygas nuo likimo prie konteinerio. Kas vienam nereikalingas daiktas \u2013 kitam lobis, o mes esame tarpininkai, kurie padeda abiems tapti laimingesniems ???? \u017dinome kaip nelengva i\u0161gyventi ma\u017eiems verslams, tad nuo \u0161iol, \u010dia rasite ir kit\u0173, ma\u017e\u0173 \u0161eim\u0173 versl\u0173, rank\u0173 darbo, dovan\u0173 sau ir artimiesiems.\",\"publisher\":{\"@id\":\"https:\\\/\\\/skaitytaknyga.lt\\\/#organization\"},\"potentialAction\":[{\"@type\":\"SearchAction\",\"target\":{\"@type\":\"EntryPoint\",\"urlTemplate\":\"https:\\\/\\\/skaitytaknyga.lt\\\/?s={search_term_string}\"},\"query-input\":{\"@type\":\"PropertyValueSpecification\",\"valueRequired\":true,\"valueName\":\"search_term_string\"}}],\"inLanguage\":\"en-GB\"},{\"@type\":\"Organization\",\"@id\":\"https:\\\/\\\/skaitytaknyga.lt\\\/#organization\",\"name\":\"skaitytaknyga.lt\",\"url\":\"https:\\\/\\\/skaitytaknyga.lt\\\/\",\"logo\":{\"@type\":\"ImageObject\",\"inLanguage\":\"en-GB\",\"@id\":\"https:\\\/\\\/skaitytaknyga.lt\\\/#\\\/schema\\\/logo\\\/image\\\/\",\"url\":\"https:\\\/\\\/skaitytaknyga.lt\\\/wp-content\\\/uploads\\\/2024\\\/05\\\/cropped-cropped-cropped-02_00843_jt3bggkj1j3HLc7SyY6rEUpg.jpeg\",\"contentUrl\":\"https:\\\/\\\/skaitytaknyga.lt\\\/wp-content\\\/uploads\\\/2024\\\/05\\\/cropped-cropped-cropped-02_00843_jt3bggkj1j3HLc7SyY6rEUpg.jpeg\",\"width\":1600,\"height\":1600,\"caption\":\"skaitytaknyga.lt\"},\"image\":{\"@id\":\"https:\\\/\\\/skaitytaknyga.lt\\\/#\\\/schema\\\/logo\\\/image\\\/\"},\"sameAs\":[\"https:\\\/\\\/www.facebook.com\\\/skaitytaknyga\\\/\"]}]}<\/script>\n<!-- \/ Yoast SEO plugin. -->","yoast_head_json":{"title":"Haruki Murakami \u201eNorveg\u0173 giria\u201c - Skaitytaknyga","description":"\u201eNorveg\u0173 giria\u201c \u2013\u00a0tai i\u0161moningas, \u0161velniai pa\u0161aipus, kartu melancholi\u0161kas pasakojimas apie draugyst\u0119, meil\u0119, gyvenim\u0105 ir mirt\u012f.  \u201eThe Beatles\u201c dainos \u201eNorwegian Wood\u201c (\u201eNorveg\u0173 giria\u201c) garsai Toru Vatanab\u0119 u\u017elieja prisiminimais apie jo pirm\u0105j\u0105 meil\u0119 Naoko, geriausio draugo Kidzukio mergin\u0105. Mintimis jis gr\u012f\u017eta \u012f studenti\u0161kas dienas Tokijuje, \u012f pasaul\u012f, kupin\u0105 vienatv\u0117s, atsitiktinio sekso, aistros, tro\u0161kim\u0173 ir praradim\u0173, mirties \u0161e\u0161\u0117li\u0173.  Vatanab\u0117 tarsi i\u0161 naujo i\u0161gyvena tuos laikus, kai Naoko buvo svarbiausias \u017emogus jo gyvenime, \u012f kur\u012f ver\u017ete \u012fsiver\u017e\u0117 kar\u0161takrauj\u0117 mergina Midori, privertusi j\u012f rinktis tarp praeities ir ateities.","robots":{"index":"index","follow":"follow","max-snippet":"max-snippet:-1","max-image-preview":"max-image-preview:large","max-video-preview":"max-video-preview:-1"},"canonical":"https:\/\/skaitytaknyga.lt\/en\/produktas\/haruki-murakami-norvegu-giria-2\/","og_locale":"en_GB","og_type":"article","og_title":"Haruki Murakami \u201eNorveg\u0173 giria\u201c - Skaitytaknyga","og_description":"\u201eNorveg\u0173 giria\u201c \u2013\u00a0tai i\u0161moningas, \u0161velniai pa\u0161aipus, kartu melancholi\u0161kas pasakojimas apie draugyst\u0119, meil\u0119, gyvenim\u0105 ir mirt\u012f.  \u201eThe Beatles\u201c dainos \u201eNorwegian Wood\u201c (\u201eNorveg\u0173 giria\u201c) garsai Toru Vatanab\u0119 u\u017elieja prisiminimais apie jo pirm\u0105j\u0105 meil\u0119 Naoko, geriausio draugo Kidzukio mergin\u0105. Mintimis jis gr\u012f\u017eta \u012f studenti\u0161kas dienas Tokijuje, \u012f pasaul\u012f, kupin\u0105 vienatv\u0117s, atsitiktinio sekso, aistros, tro\u0161kim\u0173 ir praradim\u0173, mirties \u0161e\u0161\u0117li\u0173.  Vatanab\u0117 tarsi i\u0161 naujo i\u0161gyvena tuos laikus, kai Naoko buvo svarbiausias \u017emogus jo gyvenime, \u012f kur\u012f ver\u017ete \u012fsiver\u017e\u0117 kar\u0161takrauj\u0117 mergina Midori, privertusi j\u012f rinktis tarp praeities ir ateities.","og_url":"https:\/\/skaitytaknyga.lt\/en\/produktas\/haruki-murakami-norvegu-giria-2\/","og_site_name":"Skaitytaknyga","article_publisher":"https:\/\/www.facebook.com\/skaitytaknyga\/","article_modified_time":"2024-05-04T14:59:44+00:00","og_image":[{"width":286,"height":430,"url":"https:\/\/skaitytaknyga.lt\/wp-content\/uploads\/2024\/05\/1462873392_norvegu-giria.jpg","type":"image\/jpeg"}],"twitter_card":"summary_large_image","schema":{"@context":"https:\/\/schema.org","@graph":[{"@type":"WebPage","@id":"https:\/\/skaitytaknyga.lt\/produktas\/haruki-murakami-norvegu-giria-2\/","url":"https:\/\/skaitytaknyga.lt\/produktas\/haruki-murakami-norvegu-giria-2\/","name":"Haruki Murakami \u201eNorveg\u0173 giria\u201c - Skaitytaknyga","isPartOf":{"@id":"https:\/\/skaitytaknyga.lt\/#website"},"primaryImageOfPage":{"@id":"https:\/\/skaitytaknyga.lt\/produktas\/haruki-murakami-norvegu-giria-2\/#primaryimage"},"image":{"@id":"https:\/\/skaitytaknyga.lt\/produktas\/haruki-murakami-norvegu-giria-2\/#primaryimage"},"thumbnailUrl":"https:\/\/skaitytaknyga.lt\/wp-content\/uploads\/2024\/05\/1462873392_norvegu-giria.jpg","datePublished":"2024-05-04T14:59:36+00:00","dateModified":"2024-05-04T14:59:44+00:00","description":"\u201eNorveg\u0173 giria\u201c \u2013\u00a0tai i\u0161moningas, \u0161velniai pa\u0161aipus, kartu melancholi\u0161kas pasakojimas apie draugyst\u0119, meil\u0119, gyvenim\u0105 ir mirt\u012f. \u201eThe Beatles\u201c dainos \u201eNorwegian Wood\u201c (\u201eNorveg\u0173 giria\u201c) garsai Toru Vatanab\u0119 u\u017elieja prisiminimais apie jo pirm\u0105j\u0105 meil\u0119 Naoko, geriausio draugo Kidzukio mergin\u0105. Mintimis jis gr\u012f\u017eta \u012f studenti\u0161kas dienas Tokijuje, \u012f pasaul\u012f, kupin\u0105 vienatv\u0117s, atsitiktinio sekso, aistros, tro\u0161kim\u0173 ir praradim\u0173, mirties \u0161e\u0161\u0117li\u0173. Vatanab\u0117 tarsi i\u0161 naujo i\u0161gyvena tuos laikus, kai Naoko buvo svarbiausias \u017emogus jo gyvenime, \u012f kur\u012f ver\u017ete \u012fsiver\u017e\u0117 kar\u0161takrauj\u0117 mergina Midori, privertusi j\u012f rinktis tarp praeities ir ateities.","breadcrumb":{"@id":"https:\/\/skaitytaknyga.lt\/produktas\/haruki-murakami-norvegu-giria-2\/#breadcrumb"},"inLanguage":"en-GB","potentialAction":[{"@type":"ReadAction","target":["https:\/\/skaitytaknyga.lt\/produktas\/haruki-murakami-norvegu-giria-2\/"]}]},{"@type":"ImageObject","inLanguage":"en-GB","@id":"https:\/\/skaitytaknyga.lt\/produktas\/haruki-murakami-norvegu-giria-2\/#primaryimage","url":"https:\/\/skaitytaknyga.lt\/wp-content\/uploads\/2024\/05\/1462873392_norvegu-giria.jpg","contentUrl":"https:\/\/skaitytaknyga.lt\/wp-content\/uploads\/2024\/05\/1462873392_norvegu-giria.jpg","width":286,"height":430},{"@type":"BreadcrumbList","@id":"https:\/\/skaitytaknyga.lt\/produktas\/haruki-murakami-norvegu-giria-2\/#breadcrumb","itemListElement":[{"@type":"ListItem","position":1,"name":"Home","item":"https:\/\/skaitytaknyga.lt\/"},{"@type":"ListItem","position":2,"name":"Parduotuv\u0117","item":"https:\/\/skaitytaknyga.lt\/knygu-parduotuve\/"},{"@type":"ListItem","position":3,"name":"Haruki Murakami \u201eNorveg\u0173 giria\u201c"}]},{"@type":"WebSite","@id":"https:\/\/skaitytaknyga.lt\/#website","url":"https:\/\/skaitytaknyga.lt\/","name":"skaitytaknyga.lt","description":"Skaitytaknyga.lt \u2013 tai ma\u017eas \u0161eimos verslas, kuris prasid\u0117jo nuo meil\u0117s knygoms ir siekio i\u0161gelb\u0117ti knygas nuo likimo prie konteinerio. Kas vienam nereikalingas daiktas \u2013 kitam lobis, o mes esame tarpininkai, kurie padeda abiems tapti laimingesniems ???? \u017dinome kaip nelengva i\u0161gyventi ma\u017eiems verslams, tad nuo \u0161iol, \u010dia rasite ir kit\u0173, ma\u017e\u0173 \u0161eim\u0173 versl\u0173, rank\u0173 darbo, dovan\u0173 sau ir artimiesiems.","publisher":{"@id":"https:\/\/skaitytaknyga.lt\/#organization"},"potentialAction":[{"@type":"SearchAction","target":{"@type":"EntryPoint","urlTemplate":"https:\/\/skaitytaknyga.lt\/?s={search_term_string}"},"query-input":{"@type":"PropertyValueSpecification","valueRequired":true,"valueName":"search_term_string"}}],"inLanguage":"en-GB"},{"@type":"Organization","@id":"https:\/\/skaitytaknyga.lt\/#organization","name":"skaitytaknyga.lt","url":"https:\/\/skaitytaknyga.lt\/","logo":{"@type":"ImageObject","inLanguage":"en-GB","@id":"https:\/\/skaitytaknyga.lt\/#\/schema\/logo\/image\/","url":"https:\/\/skaitytaknyga.lt\/wp-content\/uploads\/2024\/05\/cropped-cropped-cropped-02_00843_jt3bggkj1j3HLc7SyY6rEUpg.jpeg","contentUrl":"https:\/\/skaitytaknyga.lt\/wp-content\/uploads\/2024\/05\/cropped-cropped-cropped-02_00843_jt3bggkj1j3HLc7SyY6rEUpg.jpeg","width":1600,"height":1600,"caption":"skaitytaknyga.lt"},"image":{"@id":"https:\/\/skaitytaknyga.lt\/#\/schema\/logo\/image\/"},"sameAs":["https:\/\/www.facebook.com\/skaitytaknyga\/"]}]}},"_links":{"self":[{"href":"https:\/\/skaitytaknyga.lt\/en\/wp-json\/wp\/v2\/product\/9239","targetHints":{"allow":["GET"]}}],"collection":[{"href":"https:\/\/skaitytaknyga.lt\/en\/wp-json\/wp\/v2\/product"}],"about":[{"href":"https:\/\/skaitytaknyga.lt\/en\/wp-json\/wp\/v2\/types\/product"}],"replies":[{"embeddable":true,"href":"https:\/\/skaitytaknyga.lt\/en\/wp-json\/wp\/v2\/comments?post=9239"}],"wp:featuredmedia":[{"embeddable":true,"href":"https:\/\/skaitytaknyga.lt\/en\/wp-json\/wp\/v2\/media\/6432"}],"wp:attachment":[{"href":"https:\/\/skaitytaknyga.lt\/en\/wp-json\/wp\/v2\/media?parent=9239"}],"wp:term":[{"taxonomy":"product_brand","embeddable":true,"href":"https:\/\/skaitytaknyga.lt\/en\/wp-json\/wp\/v2\/product_brand?post=9239"},{"taxonomy":"product_cat","embeddable":true,"href":"https:\/\/skaitytaknyga.lt\/en\/wp-json\/wp\/v2\/product_cat?post=9239"},{"taxonomy":"product_tag","embeddable":true,"href":"https:\/\/skaitytaknyga.lt\/en\/wp-json\/wp\/v2\/product_tag?post=9239"}],"curies":[{"name":"wp","href":"https:\/\/api.w.org\/{rel}","templated":true}]}}