{"id":9224,"date":"2024-05-04T14:59:15","date_gmt":"2024-05-04T14:59:15","guid":{"rendered":"https:\/\/skaitytaknyga.lt\/?post_type=product&#038;p=9224"},"modified":"2025-05-13T14:54:26","modified_gmt":"2025-05-13T11:54:26","slug":"civiline-teise-prievoliu-teise-2","status":"publish","type":"product","link":"https:\/\/skaitytaknyga.lt\/en\/produktas\/civiline-teise-prievoliu-teise-2\/","title":{"rendered":"Civilin\u0117 teis\u0117. Prievoli\u0173 teis\u0117"},"content":{"rendered":"<p>Vadov\u0117lyje i\u0161d\u0117stytos civilin\u0117s teis\u0117s po\u0161akio\u00a0<em>Prievoli\u0173 teis\u0117<\/em>\u00a0bendrosios nuostatos, sutar\u010di\u0173 teis\u0117s bendrosios nuostatos, aptartos atskiros sutar\u010di\u0173 r\u016b\u0161ys, sutartin\u0117 bei deliktin\u0117 atsakomyb\u0117, taip pat kitais (ne sutar\u010di\u0173 ir ne delikto) pagrindais atsirandan\u010dios prievol\u0117s. Lyginamuoju teis\u0117tyros metodu nagrin\u0117jami u\u017esienio valstybi\u0173 civilin\u0117s teis\u0117s institutai ir teis\u0117s teorijos. Teoriniai teiginiai iliustruojami pavyzd\u017eiais bei Lietuvos teism\u0173 praktika.<\/p>\n<p>Vadov\u0117lis skirtas auk\u0161t\u0173j\u0173 mokykl\u0173 studentams, studijuojantiems teis\u0119, bet jis gali b\u016bti naudingas ir kitas universitetini\u0173 studij\u0173 programas, pavyzd\u017eiui, versl\u0105, vadyb\u0105, finansus pasirinkusiems studentams, teisininkams praktikams bei visiems kitiems, besidomintiems teise.<\/p>\n","protected":false},"excerpt":{"rendered":"<p>Vadov\u0117lyje i\u0161d\u0117stytos civilin\u0117s teis\u0117s po\u0161akio\u00a0<em>Prievoli\u0173 teis\u0117<\/em>\u00a0bendrosios nuostatos, sutar\u010di\u0173 teis\u0117s bendrosios nuostatos, aptartos atskiros sutar\u010di\u0173 r\u016b\u0161ys, sutartin\u0117 bei deliktin\u0117 atsakomyb\u0117, taip pat kitais (ne sutar\u010di\u0173 ir ne delikto) pagrindais atsirandan\u010dios prievol\u0117s. Lyginamuoju teis\u0117tyros metodu nagrin\u0117jami u\u017esienio valstybi\u0173 civilin\u0117s teis\u0117s institutai ir teis\u0117s teorijos. Teoriniai teiginiai iliustruojami pavyzd\u017eiais bei Lietuvos teism\u0173 praktika.<\/p>\n<p>Vadov\u0117lis skirtas auk\u0161t\u0173j\u0173 mokykl\u0173 studentams, studijuojantiems teis\u0119, bet jis gali b\u016bti naudingas ir kitas universitetini\u0173 studij\u0173 programas, pavyzd\u017eiui, versl\u0105, vadyb\u0105, finansus pasirinkusiems studentams, teisininkams praktikams bei visiems kitiems, besidomintiems teise.<\/p>\n","protected":false},"featured_media":6397,"comment_status":"closed","ping_status":"closed","template":"","meta":{"_acf_changed":false,"site-sidebar-layout":"default","site-content-layout":"","ast-site-content-layout":"default","site-content-style":"default","site-sidebar-style":"default","ast-global-header-display":"","ast-banner-title-visibility":"","ast-main-header-display":"","ast-hfb-above-header-display":"","ast-hfb-below-header-display":"","ast-hfb-mobile-header-display":"","site-post-title":"","ast-breadcrumbs-content":"","ast-featured-img":"","footer-sml-layout":"","ast-disable-related-posts":"","theme-transparent-header-meta":"","adv-header-id-meta":"","stick-header-meta":"","header-above-stick-meta":"","header-main-stick-meta":"","header-below-stick-meta":"","astra-migrate-meta-layouts":"default","ast-page-background-enabled":"default","ast-page-background-meta":{"desktop":{"background-color":"","background-image":"","background-repeat":"repeat","background-position":"center center","background-size":"auto","background-attachment":"scroll","background-type":"","background-media":"","overlay-type":"","overlay-color":"","overlay-opacity":"","overlay-gradient":""},"tablet":{"background-color":"","background-image":"","background-repeat":"repeat","background-position":"center center","background-size":"auto","background-attachment":"scroll","background-type":"","background-media":"","overlay-type":"","overlay-color":"","overlay-opacity":"","overlay-gradient":""},"mobile":{"background-color":"","background-image":"","background-repeat":"repeat","background-position":"center center","background-size":"auto","background-attachment":"scroll","background-type":"","background-media":"","overlay-type":"","overlay-color":"","overlay-opacity":"","overlay-gradient":""}},"ast-content-background-meta":{"desktop":{"background-color":"var(--ast-global-color-4)","background-image":"","background-repeat":"repeat","background-position":"center center","background-size":"auto","background-attachment":"scroll","background-type":"","background-media":"","overlay-type":"","overlay-color":"","overlay-opacity":"","overlay-gradient":""},"tablet":{"background-color":"var(--ast-global-color-4)","background-image":"","background-repeat":"repeat","background-position":"center center","background-size":"auto","background-attachment":"scroll","background-type":"","background-media":"","overlay-type":"","overlay-color":"","overlay-opacity":"","overlay-gradient":""},"mobile":{"background-color":"var(--ast-global-color-4)","background-image":"","background-repeat":"repeat","background-position":"center center","background-size":"auto","background-attachment":"scroll","background-type":"","background-media":"","overlay-type":"","overlay-color":"","overlay-opacity":"","overlay-gradient":""}}},"product_brand":[],"product_cat":[436],"product_tag":[2367,2370,2368,2371,2369],"class_list":{"0":"post-9224","1":"product","2":"type-product","3":"status-publish","4":"has-post-thumbnail","6":"product_cat-teise","7":"product_tag-civiline-teise","8":"product_tag-lietuvos-teise","9":"product_tag-prievoliu-teise","10":"product_tag-teises-pagrindai","11":"product_tag-teises-studijos","12":"desktop-align-left","13":"tablet-align-left","14":"mobile-align-left","16":"first","17":"outofstock","18":"shipping-taxable","19":"purchasable","20":"product-type-simple"},"acf":[],"yoast_head":"<!-- This site is optimized with the Yoast SEO plugin v27.0 - https:\/\/yoast.com\/product\/yoast-seo-wordpress\/ -->\n<title>Civilin\u0117 teis\u0117. Prievoli\u0173 teis\u0117 - Skaitytaknyga<\/title>\n<meta name=\"description\" content=\"Vadov\u0117lyje i\u0161d\u0117stytos civilin\u0117s teis\u0117s po\u0161akio\u00a0Prievoli\u0173 teis\u0117\u00a0bendrosios nuostatos, sutar\u010di\u0173 teis\u0117s bendrosios nuostatos, aptartos atskiros sutar\u010di\u0173 r\u016b\u0161ys, sutartin\u0117 bei deliktin\u0117 atsakomyb\u0117, taip pat kitais (ne sutar\u010di\u0173 ir ne delikto) pagrindais atsirandan\u010dios prievol\u0117s. Lyginamuoju teis\u0117tyros metodu nagrin\u0117jami u\u017esienio valstybi\u0173 civilin\u0117s teis\u0117s institutai ir teis\u0117s teorijos. Teoriniai teiginiai iliustruojami pavyzd\u017eiais bei Lietuvos teism\u0173 praktika.  Vadov\u0117lis skirtas auk\u0161t\u0173j\u0173 mokykl\u0173 studentams, studijuojantiems teis\u0119, bet jis gali b\u016bti naudingas ir kitas universitetini\u0173 studij\u0173 programas, pavyzd\u017eiui, versl\u0105, vadyb\u0105, finansus pasirinkusiems studentams, teisininkams praktikams bei visiems kitiems, besidomintiems teise.\" \/>\n<meta name=\"robots\" content=\"index, follow, max-snippet:-1, max-image-preview:large, max-video-preview:-1\" \/>\n<link rel=\"canonical\" href=\"https:\/\/skaitytaknyga.lt\/en\/produktas\/civiline-teise-prievoliu-teise-2\/\" \/>\n<meta property=\"og:locale\" content=\"en_GB\" \/>\n<meta property=\"og:locale:alternate\" content=\"lt_LT\" \/>\n<meta property=\"og:type\" content=\"article\" \/>\n<meta property=\"og:title\" content=\"Civilin\u0117 teis\u0117. Prievoli\u0173 teis\u0117 - Skaitytaknyga\" \/>\n<meta property=\"og:description\" content=\"Vadov\u0117lyje i\u0161d\u0117stytos civilin\u0117s teis\u0117s po\u0161akio\u00a0Prievoli\u0173 teis\u0117\u00a0bendrosios nuostatos, sutar\u010di\u0173 teis\u0117s bendrosios nuostatos, aptartos atskiros sutar\u010di\u0173 r\u016b\u0161ys, sutartin\u0117 bei deliktin\u0117 atsakomyb\u0117, taip pat kitais (ne sutar\u010di\u0173 ir ne delikto) pagrindais atsirandan\u010dios prievol\u0117s. Lyginamuoju teis\u0117tyros metodu nagrin\u0117jami u\u017esienio valstybi\u0173 civilin\u0117s teis\u0117s institutai ir teis\u0117s teorijos. Teoriniai teiginiai iliustruojami pavyzd\u017eiais bei Lietuvos teism\u0173 praktika.  Vadov\u0117lis skirtas auk\u0161t\u0173j\u0173 mokykl\u0173 studentams, studijuojantiems teis\u0119, bet jis gali b\u016bti naudingas ir kitas universitetini\u0173 studij\u0173 programas, pavyzd\u017eiui, versl\u0105, vadyb\u0105, finansus pasirinkusiems studentams, teisininkams praktikams bei visiems kitiems, besidomintiems teise.\" \/>\n<meta property=\"og:url\" content=\"https:\/\/skaitytaknyga.lt\/en\/produktas\/civiline-teise-prievoliu-teise-2\/\" \/>\n<meta property=\"og:site_name\" content=\"Skaitytaknyga\" \/>\n<meta property=\"article:publisher\" content=\"https:\/\/www.facebook.com\/skaitytaknyga\/\" \/>\n<meta property=\"article:modified_time\" content=\"2025-05-13T11:54:26+00:00\" \/>\n<meta property=\"og:image\" content=\"https:\/\/skaitytaknyga.lt\/wp-content\/uploads\/2024\/05\/img-2.jpg\" \/>\n\t<meta property=\"og:image:width\" content=\"277\" \/>\n\t<meta property=\"og:image:height\" content=\"430\" \/>\n\t<meta property=\"og:image:type\" content=\"image\/jpeg\" \/>\n<meta name=\"twitter:card\" content=\"summary_large_image\" \/>\n<meta name=\"twitter:label1\" content=\"Estimated reading time\" \/>\n\t<meta name=\"twitter:data1\" content=\"1 minute\" \/>\n<script type=\"application\/ld+json\" class=\"yoast-schema-graph\">{\"@context\":\"https:\/\/schema.org\",\"@graph\":[{\"@type\":\"WebPage\",\"@id\":\"https:\/\/skaitytaknyga.lt\/produktas\/civiline-teise-prievoliu-teise-2\/\",\"url\":\"https:\/\/skaitytaknyga.lt\/produktas\/civiline-teise-prievoliu-teise-2\/\",\"name\":\"Civilin\u0117 teis\u0117. Prievoli\u0173 teis\u0117 - Skaitytaknyga\",\"isPartOf\":{\"@id\":\"https:\/\/skaitytaknyga.lt\/#website\"},\"primaryImageOfPage\":{\"@id\":\"https:\/\/skaitytaknyga.lt\/produktas\/civiline-teise-prievoliu-teise-2\/#primaryimage\"},\"image\":{\"@id\":\"https:\/\/skaitytaknyga.lt\/produktas\/civiline-teise-prievoliu-teise-2\/#primaryimage\"},\"thumbnailUrl\":\"https:\/\/skaitytaknyga.lt\/wp-content\/uploads\/2024\/05\/img-2.jpg\",\"datePublished\":\"2024-05-04T14:59:15+00:00\",\"dateModified\":\"2025-05-13T11:54:26+00:00\",\"description\":\"Vadov\u0117lyje i\u0161d\u0117stytos civilin\u0117s teis\u0117s po\u0161akio\u00a0Prievoli\u0173 teis\u0117\u00a0bendrosios nuostatos, sutar\u010di\u0173 teis\u0117s bendrosios nuostatos, aptartos atskiros sutar\u010di\u0173 r\u016b\u0161ys, sutartin\u0117 bei deliktin\u0117 atsakomyb\u0117, taip pat kitais (ne sutar\u010di\u0173 ir ne delikto) pagrindais atsirandan\u010dios prievol\u0117s. Lyginamuoju teis\u0117tyros metodu nagrin\u0117jami u\u017esienio valstybi\u0173 civilin\u0117s teis\u0117s institutai ir teis\u0117s teorijos. Teoriniai teiginiai iliustruojami pavyzd\u017eiais bei Lietuvos teism\u0173 praktika. Vadov\u0117lis skirtas auk\u0161t\u0173j\u0173 mokykl\u0173 studentams, studijuojantiems teis\u0119, bet jis gali b\u016bti naudingas ir kitas universitetini\u0173 studij\u0173 programas, pavyzd\u017eiui, versl\u0105, vadyb\u0105, finansus pasirinkusiems studentams, teisininkams praktikams bei visiems kitiems, besidomintiems teise.\",\"breadcrumb\":{\"@id\":\"https:\/\/skaitytaknyga.lt\/produktas\/civiline-teise-prievoliu-teise-2\/#breadcrumb\"},\"inLanguage\":\"en-GB\",\"potentialAction\":[{\"@type\":\"ReadAction\",\"target\":[\"https:\/\/skaitytaknyga.lt\/produktas\/civiline-teise-prievoliu-teise-2\/\"]}]},{\"@type\":\"ImageObject\",\"inLanguage\":\"en-GB\",\"@id\":\"https:\/\/skaitytaknyga.lt\/produktas\/civiline-teise-prievoliu-teise-2\/#primaryimage\",\"url\":\"https:\/\/skaitytaknyga.lt\/wp-content\/uploads\/2024\/05\/img-2.jpg\",\"contentUrl\":\"https:\/\/skaitytaknyga.lt\/wp-content\/uploads\/2024\/05\/img-2.jpg\",\"width\":277,\"height\":430},{\"@type\":\"BreadcrumbList\",\"@id\":\"https:\/\/skaitytaknyga.lt\/produktas\/civiline-teise-prievoliu-teise-2\/#breadcrumb\",\"itemListElement\":[{\"@type\":\"ListItem\",\"position\":1,\"name\":\"Home\",\"item\":\"https:\/\/skaitytaknyga.lt\/\"},{\"@type\":\"ListItem\",\"position\":2,\"name\":\"Parduotuv\u0117\",\"item\":\"https:\/\/skaitytaknyga.lt\/knygu-parduotuve\/\"},{\"@type\":\"ListItem\",\"position\":3,\"name\":\"Civilin\u0117 teis\u0117. Prievoli\u0173 teis\u0117\"}]},{\"@type\":\"WebSite\",\"@id\":\"https:\/\/skaitytaknyga.lt\/#website\",\"url\":\"https:\/\/skaitytaknyga.lt\/\",\"name\":\"skaitytaknyga.lt\",\"description\":\"Skaitytaknyga.lt \u2013 tai ma\u017eas \u0161eimos verslas, kuris prasid\u0117jo nuo meil\u0117s knygoms ir siekio i\u0161gelb\u0117ti knygas nuo likimo prie konteinerio. Kas vienam nereikalingas daiktas \u2013 kitam lobis, o mes esame tarpininkai, kurie padeda abiems tapti laimingesniems ???? \u017dinome kaip nelengva i\u0161gyventi ma\u017eiems verslams, tad nuo \u0161iol, \u010dia rasite ir kit\u0173, ma\u017e\u0173 \u0161eim\u0173 versl\u0173, rank\u0173 darbo, dovan\u0173 sau ir artimiesiems.\",\"publisher\":{\"@id\":\"https:\/\/skaitytaknyga.lt\/#organization\"},\"potentialAction\":[{\"@type\":\"SearchAction\",\"target\":{\"@type\":\"EntryPoint\",\"urlTemplate\":\"https:\/\/skaitytaknyga.lt\/?s={search_term_string}\"},\"query-input\":{\"@type\":\"PropertyValueSpecification\",\"valueRequired\":true,\"valueName\":\"search_term_string\"}}],\"inLanguage\":\"en-GB\"},{\"@type\":\"Organization\",\"@id\":\"https:\/\/skaitytaknyga.lt\/#organization\",\"name\":\"skaitytaknyga.lt\",\"url\":\"https:\/\/skaitytaknyga.lt\/\",\"logo\":{\"@type\":\"ImageObject\",\"inLanguage\":\"en-GB\",\"@id\":\"https:\/\/skaitytaknyga.lt\/#\/schema\/logo\/image\/\",\"url\":\"https:\/\/skaitytaknyga.lt\/wp-content\/uploads\/2024\/05\/cropped-cropped-cropped-02_00843_jt3bggkj1j3HLc7SyY6rEUpg.jpeg\",\"contentUrl\":\"https:\/\/skaitytaknyga.lt\/wp-content\/uploads\/2024\/05\/cropped-cropped-cropped-02_00843_jt3bggkj1j3HLc7SyY6rEUpg.jpeg\",\"width\":1600,\"height\":1600,\"caption\":\"skaitytaknyga.lt\"},\"image\":{\"@id\":\"https:\/\/skaitytaknyga.lt\/#\/schema\/logo\/image\/\"},\"sameAs\":[\"https:\/\/www.facebook.com\/skaitytaknyga\/\"]}]}<\/script>\n<!-- \/ Yoast SEO plugin. -->","yoast_head_json":{"title":"Civilin\u0117 teis\u0117. Prievoli\u0173 teis\u0117 - Skaitytaknyga","description":"Vadov\u0117lyje i\u0161d\u0117stytos civilin\u0117s teis\u0117s po\u0161akio\u00a0Prievoli\u0173 teis\u0117\u00a0bendrosios nuostatos, sutar\u010di\u0173 teis\u0117s bendrosios nuostatos, aptartos atskiros sutar\u010di\u0173 r\u016b\u0161ys, sutartin\u0117 bei deliktin\u0117 atsakomyb\u0117, taip pat kitais (ne sutar\u010di\u0173 ir ne delikto) pagrindais atsirandan\u010dios prievol\u0117s. Lyginamuoju teis\u0117tyros metodu nagrin\u0117jami u\u017esienio valstybi\u0173 civilin\u0117s teis\u0117s institutai ir teis\u0117s teorijos. Teoriniai teiginiai iliustruojami pavyzd\u017eiais bei Lietuvos teism\u0173 praktika.  Vadov\u0117lis skirtas auk\u0161t\u0173j\u0173 mokykl\u0173 studentams, studijuojantiems teis\u0119, bet jis gali b\u016bti naudingas ir kitas universitetini\u0173 studij\u0173 programas, pavyzd\u017eiui, versl\u0105, vadyb\u0105, finansus pasirinkusiems studentams, teisininkams praktikams bei visiems kitiems, besidomintiems teise.","robots":{"index":"index","follow":"follow","max-snippet":"max-snippet:-1","max-image-preview":"max-image-preview:large","max-video-preview":"max-video-preview:-1"},"canonical":"https:\/\/skaitytaknyga.lt\/en\/produktas\/civiline-teise-prievoliu-teise-2\/","og_locale":"en_GB","og_type":"article","og_title":"Civilin\u0117 teis\u0117. Prievoli\u0173 teis\u0117 - Skaitytaknyga","og_description":"Vadov\u0117lyje i\u0161d\u0117stytos civilin\u0117s teis\u0117s po\u0161akio\u00a0Prievoli\u0173 teis\u0117\u00a0bendrosios nuostatos, sutar\u010di\u0173 teis\u0117s bendrosios nuostatos, aptartos atskiros sutar\u010di\u0173 r\u016b\u0161ys, sutartin\u0117 bei deliktin\u0117 atsakomyb\u0117, taip pat kitais (ne sutar\u010di\u0173 ir ne delikto) pagrindais atsirandan\u010dios prievol\u0117s. Lyginamuoju teis\u0117tyros metodu nagrin\u0117jami u\u017esienio valstybi\u0173 civilin\u0117s teis\u0117s institutai ir teis\u0117s teorijos. Teoriniai teiginiai iliustruojami pavyzd\u017eiais bei Lietuvos teism\u0173 praktika.  Vadov\u0117lis skirtas auk\u0161t\u0173j\u0173 mokykl\u0173 studentams, studijuojantiems teis\u0119, bet jis gali b\u016bti naudingas ir kitas universitetini\u0173 studij\u0173 programas, pavyzd\u017eiui, versl\u0105, vadyb\u0105, finansus pasirinkusiems studentams, teisininkams praktikams bei visiems kitiems, besidomintiems teise.","og_url":"https:\/\/skaitytaknyga.lt\/en\/produktas\/civiline-teise-prievoliu-teise-2\/","og_site_name":"Skaitytaknyga","article_publisher":"https:\/\/www.facebook.com\/skaitytaknyga\/","article_modified_time":"2025-05-13T11:54:26+00:00","og_image":[{"width":277,"height":430,"url":"https:\/\/skaitytaknyga.lt\/wp-content\/uploads\/2024\/05\/img-2.jpg","type":"image\/jpeg"}],"twitter_card":"summary_large_image","twitter_misc":{"Estimated reading time":"1 minute"},"schema":{"@context":"https:\/\/schema.org","@graph":[{"@type":"WebPage","@id":"https:\/\/skaitytaknyga.lt\/produktas\/civiline-teise-prievoliu-teise-2\/","url":"https:\/\/skaitytaknyga.lt\/produktas\/civiline-teise-prievoliu-teise-2\/","name":"Civilin\u0117 teis\u0117. Prievoli\u0173 teis\u0117 - Skaitytaknyga","isPartOf":{"@id":"https:\/\/skaitytaknyga.lt\/#website"},"primaryImageOfPage":{"@id":"https:\/\/skaitytaknyga.lt\/produktas\/civiline-teise-prievoliu-teise-2\/#primaryimage"},"image":{"@id":"https:\/\/skaitytaknyga.lt\/produktas\/civiline-teise-prievoliu-teise-2\/#primaryimage"},"thumbnailUrl":"https:\/\/skaitytaknyga.lt\/wp-content\/uploads\/2024\/05\/img-2.jpg","datePublished":"2024-05-04T14:59:15+00:00","dateModified":"2025-05-13T11:54:26+00:00","description":"Vadov\u0117lyje i\u0161d\u0117stytos civilin\u0117s teis\u0117s po\u0161akio\u00a0Prievoli\u0173 teis\u0117\u00a0bendrosios nuostatos, sutar\u010di\u0173 teis\u0117s bendrosios nuostatos, aptartos atskiros sutar\u010di\u0173 r\u016b\u0161ys, sutartin\u0117 bei deliktin\u0117 atsakomyb\u0117, taip pat kitais (ne sutar\u010di\u0173 ir ne delikto) pagrindais atsirandan\u010dios prievol\u0117s. Lyginamuoju teis\u0117tyros metodu nagrin\u0117jami u\u017esienio valstybi\u0173 civilin\u0117s teis\u0117s institutai ir teis\u0117s teorijos. Teoriniai teiginiai iliustruojami pavyzd\u017eiais bei Lietuvos teism\u0173 praktika. Vadov\u0117lis skirtas auk\u0161t\u0173j\u0173 mokykl\u0173 studentams, studijuojantiems teis\u0119, bet jis gali b\u016bti naudingas ir kitas universitetini\u0173 studij\u0173 programas, pavyzd\u017eiui, versl\u0105, vadyb\u0105, finansus pasirinkusiems studentams, teisininkams praktikams bei visiems kitiems, besidomintiems teise.","breadcrumb":{"@id":"https:\/\/skaitytaknyga.lt\/produktas\/civiline-teise-prievoliu-teise-2\/#breadcrumb"},"inLanguage":"en-GB","potentialAction":[{"@type":"ReadAction","target":["https:\/\/skaitytaknyga.lt\/produktas\/civiline-teise-prievoliu-teise-2\/"]}]},{"@type":"ImageObject","inLanguage":"en-GB","@id":"https:\/\/skaitytaknyga.lt\/produktas\/civiline-teise-prievoliu-teise-2\/#primaryimage","url":"https:\/\/skaitytaknyga.lt\/wp-content\/uploads\/2024\/05\/img-2.jpg","contentUrl":"https:\/\/skaitytaknyga.lt\/wp-content\/uploads\/2024\/05\/img-2.jpg","width":277,"height":430},{"@type":"BreadcrumbList","@id":"https:\/\/skaitytaknyga.lt\/produktas\/civiline-teise-prievoliu-teise-2\/#breadcrumb","itemListElement":[{"@type":"ListItem","position":1,"name":"Home","item":"https:\/\/skaitytaknyga.lt\/"},{"@type":"ListItem","position":2,"name":"Parduotuv\u0117","item":"https:\/\/skaitytaknyga.lt\/knygu-parduotuve\/"},{"@type":"ListItem","position":3,"name":"Civilin\u0117 teis\u0117. Prievoli\u0173 teis\u0117"}]},{"@type":"WebSite","@id":"https:\/\/skaitytaknyga.lt\/#website","url":"https:\/\/skaitytaknyga.lt\/","name":"skaitytaknyga.lt","description":"Skaitytaknyga.lt \u2013 tai ma\u017eas \u0161eimos verslas, kuris prasid\u0117jo nuo meil\u0117s knygoms ir siekio i\u0161gelb\u0117ti knygas nuo likimo prie konteinerio. Kas vienam nereikalingas daiktas \u2013 kitam lobis, o mes esame tarpininkai, kurie padeda abiems tapti laimingesniems ???? \u017dinome kaip nelengva i\u0161gyventi ma\u017eiems verslams, tad nuo \u0161iol, \u010dia rasite ir kit\u0173, ma\u017e\u0173 \u0161eim\u0173 versl\u0173, rank\u0173 darbo, dovan\u0173 sau ir artimiesiems.","publisher":{"@id":"https:\/\/skaitytaknyga.lt\/#organization"},"potentialAction":[{"@type":"SearchAction","target":{"@type":"EntryPoint","urlTemplate":"https:\/\/skaitytaknyga.lt\/?s={search_term_string}"},"query-input":{"@type":"PropertyValueSpecification","valueRequired":true,"valueName":"search_term_string"}}],"inLanguage":"en-GB"},{"@type":"Organization","@id":"https:\/\/skaitytaknyga.lt\/#organization","name":"skaitytaknyga.lt","url":"https:\/\/skaitytaknyga.lt\/","logo":{"@type":"ImageObject","inLanguage":"en-GB","@id":"https:\/\/skaitytaknyga.lt\/#\/schema\/logo\/image\/","url":"https:\/\/skaitytaknyga.lt\/wp-content\/uploads\/2024\/05\/cropped-cropped-cropped-02_00843_jt3bggkj1j3HLc7SyY6rEUpg.jpeg","contentUrl":"https:\/\/skaitytaknyga.lt\/wp-content\/uploads\/2024\/05\/cropped-cropped-cropped-02_00843_jt3bggkj1j3HLc7SyY6rEUpg.jpeg","width":1600,"height":1600,"caption":"skaitytaknyga.lt"},"image":{"@id":"https:\/\/skaitytaknyga.lt\/#\/schema\/logo\/image\/"},"sameAs":["https:\/\/www.facebook.com\/skaitytaknyga\/"]}]}},"_links":{"self":[{"href":"https:\/\/skaitytaknyga.lt\/en\/wp-json\/wp\/v2\/product\/9224","targetHints":{"allow":["GET"]}}],"collection":[{"href":"https:\/\/skaitytaknyga.lt\/en\/wp-json\/wp\/v2\/product"}],"about":[{"href":"https:\/\/skaitytaknyga.lt\/en\/wp-json\/wp\/v2\/types\/product"}],"replies":[{"embeddable":true,"href":"https:\/\/skaitytaknyga.lt\/en\/wp-json\/wp\/v2\/comments?post=9224"}],"wp:featuredmedia":[{"embeddable":true,"href":"https:\/\/skaitytaknyga.lt\/en\/wp-json\/wp\/v2\/media\/6397"}],"wp:attachment":[{"href":"https:\/\/skaitytaknyga.lt\/en\/wp-json\/wp\/v2\/media?parent=9224"}],"wp:term":[{"taxonomy":"product_brand","embeddable":true,"href":"https:\/\/skaitytaknyga.lt\/en\/wp-json\/wp\/v2\/product_brand?post=9224"},{"taxonomy":"product_cat","embeddable":true,"href":"https:\/\/skaitytaknyga.lt\/en\/wp-json\/wp\/v2\/product_cat?post=9224"},{"taxonomy":"product_tag","embeddable":true,"href":"https:\/\/skaitytaknyga.lt\/en\/wp-json\/wp\/v2\/product_tag?post=9224"}],"curies":[{"name":"wp","href":"https:\/\/api.w.org\/{rel}","templated":true}]}}