{"id":9222,"date":"2024-05-04T14:59:15","date_gmt":"2024-05-04T14:59:15","guid":{"rendered":"https:\/\/skaitytaknyga.lt\/?post_type=product&#038;p=9222"},"modified":"2025-05-19T15:36:42","modified_gmt":"2025-05-19T12:36:42","slug":"sarlis-de-kosteras-legenda-apie-ulenspygeli-ir-lame-gudzakapasaulines-literaturos-biblioteka-43-2","status":"publish","type":"product","link":"https:\/\/skaitytaknyga.lt\/en\/produktas\/sarlis-de-kosteras-legenda-apie-ulenspygeli-ir-lame-gudzakapasaulines-literaturos-biblioteka-43-2\/","title":{"rendered":"Legenda apie Ulen\u0161pygel\u012f ir Lam\u0119 Gudzak\u0105"},"content":{"rendered":"<p>XIX a. Belg\u0173 ra\u0161ytojas \u0160. De Kosteras (1827 &#8211; 1879) savo reik\u0161mingiausiame k\u016brinyje &#8211; poetin\u0117s prozos knygoje &#8211; nupie\u0161ia Nyderland\u0173 kovas d\u0117l i\u0161sivadavimo i\u0161 Ispanijos priespaudos, suk\u016br\u0117 spalving\u0105 liaudies herojaus paveiksl\u0105, panaudodamas XVI a. legendinio juokdario Ulen\u0161pygelio bruo\u017eus.<\/p>\n<ul class=\"about-product d-none d-xl-block mt-4\">\n<li><strong>Autorius:<\/strong>\u00a0\u0160arlis de Kosteras<\/li>\n<li><strong>Leid\u0117jas:<\/strong>\u00a0Vaga<\/li>\n<li><strong>Metai:<\/strong>\u00a01989<\/li>\n<li><strong>Puslapiai:<\/strong>\u00a0479<\/li>\n<li><strong>ISBN-10:<\/strong>\u00a05415002332<\/li>\n<li><strong>ISBN-13:<\/strong>\u00a09785415002337<\/li>\n<li><strong>Formatas:<\/strong>\u00a014,5 x 22 cm, kieti vir\u0161eliai<\/li>\n<li><strong>Kalba:<\/strong>\u00a0Lietuvi\u0173<\/li>\n<li><strong>Vert\u0117jas:<\/strong>\u00a0Ro\u017e\u0117 Jankevi\u010di\u016bt\u0117<\/li>\n<li><strong>Knyg\u0173 serija:<\/strong>\u00a0<a href=\"https:\/\/skaitytaknyga.lt\/produkto-kategorija\/grozine-literatura\/pasaulines-literaturos-biblioteka\/\">Pasaulin\u0117s literat\u016bros biblioteka<\/a><\/li>\n<\/ul>\n","protected":false},"excerpt":{"rendered":"<p>XIX a. Belg\u0173 ra\u0161ytojas \u0160. De Kosteras (1827 &#8211; 1879) savo reik\u0161mingiausiame k\u016brinyje &#8211; poetin\u0117s prozos knygoje &#8211; nupie\u0161ia Nyderland\u0173 kovas d\u0117l i\u0161sivadavimo i\u0161 Ispanijos priespaudos, suk\u016br\u0117 spalving\u0105 liaudies herojaus paveiksl\u0105, panaudodamas XVI a. legendinio juokdario Ulen\u0161pygelio bruo\u017eus. Autorius:\u00a0\u0160arlis de Kosteras Leid\u0117jas:\u00a0Vaga Metai:\u00a01989 Puslapiai:\u00a0479 ISBN-10:\u00a05415002332 ISBN-13:\u00a09785415002337 Formatas:\u00a014,5 x 22 cm, kieti vir\u0161eliai Kalba:\u00a0Lietuvi\u0173 Vert\u0117jas:\u00a0Ro\u017e\u0117 Jankevi\u010di\u016bt\u0117 Knyg\u0173 serija:\u00a0Pasaulin\u0117s literat\u016bros biblioteka<\/p>\n","protected":false},"featured_media":4194,"comment_status":"closed","ping_status":"closed","template":"","meta":{"_acf_changed":false,"site-sidebar-layout":"default","site-content-layout":"","ast-site-content-layout":"default","site-content-style":"default","site-sidebar-style":"default","ast-global-header-display":"","ast-banner-title-visibility":"","ast-main-header-display":"","ast-hfb-above-header-display":"","ast-hfb-below-header-display":"","ast-hfb-mobile-header-display":"","site-post-title":"","ast-breadcrumbs-content":"","ast-featured-img":"","footer-sml-layout":"","ast-disable-related-posts":"","theme-transparent-header-meta":"default","adv-header-id-meta":"","stick-header-meta":"","header-above-stick-meta":"","header-main-stick-meta":"","header-below-stick-meta":"","astra-migrate-meta-layouts":"set","ast-page-background-enabled":"default","ast-page-background-meta":{"desktop":{"background-color":"","background-image":"","background-repeat":"repeat","background-position":"center center","background-size":"auto","background-attachment":"scroll","background-type":"","background-media":"","overlay-type":"","overlay-color":"","overlay-opacity":"","overlay-gradient":""},"tablet":{"background-color":"","background-image":"","background-repeat":"repeat","background-position":"center center","background-size":"auto","background-attachment":"scroll","background-type":"","background-media":"","overlay-type":"","overlay-color":"","overlay-opacity":"","overlay-gradient":""},"mobile":{"background-color":"","background-image":"","background-repeat":"repeat","background-position":"center center","background-size":"auto","background-attachment":"scroll","background-type":"","background-media":"","overlay-type":"","overlay-color":"","overlay-opacity":"","overlay-gradient":""}},"ast-content-background-meta":{"desktop":{"background-color":"var(--ast-global-color-4)","background-image":"","background-repeat":"repeat","background-position":"center center","background-size":"auto","background-attachment":"scroll","background-type":"","background-media":"","overlay-type":"","overlay-color":"","overlay-opacity":"","overlay-gradient":""},"tablet":{"background-color":"var(--ast-global-color-4)","background-image":"","background-repeat":"repeat","background-position":"center center","background-size":"auto","background-attachment":"scroll","background-type":"","background-media":"","overlay-type":"","overlay-color":"","overlay-opacity":"","overlay-gradient":""},"mobile":{"background-color":"var(--ast-global-color-4)","background-image":"","background-repeat":"repeat","background-position":"center center","background-size":"auto","background-attachment":"scroll","background-type":"","background-media":"","overlay-type":"","overlay-color":"","overlay-opacity":"","overlay-gradient":""}}},"product_brand":[],"product_cat":[31,558],"product_tag":[4169,3037,4170,4162,4168],"class_list":{"0":"post-9222","1":"product","2":"type-product","3":"status-publish","4":"has-post-thumbnail","6":"product_cat-grozine-literatura","7":"product_cat-pasaulines-literaturos-biblioteka","8":"product_tag-belgijos-literatura","9":"product_tag-istorine-proza","10":"product_tag-liaudies-herojai","11":"product_tag-pasauline-literatura","12":"product_tag-sarlis-de-kosteras","13":"desktop-align-left","14":"tablet-align-left","15":"mobile-align-left","17":"first","18":"instock","19":"sale","20":"shipping-taxable","21":"purchasable","22":"product-type-simple"},"acf":[],"yoast_head":"<!-- This site is optimized with the Yoast SEO plugin v27.0 - https:\/\/yoast.com\/product\/yoast-seo-wordpress\/ -->\n<title>Legenda apie Ulen\u0161pygel\u012f ir Lam\u0119 Gudzak\u0105 - skaitytaknyga.lt<\/title>\n<meta name=\"description\" content=\"XIX a. Belg\u0173 ra\u0161ytojas \u0160. De Kosteras (1827 - 1879) savo reik\u0161mingiausiame k\u016brinyje - nupie\u0161ia Nyderland\u0173 kovas d\u0117l i\u0161sivadavimo i\u0161 Ispanijos priespaudos\" \/>\n<meta name=\"robots\" content=\"index, follow, max-snippet:-1, max-image-preview:large, max-video-preview:-1\" \/>\n<link rel=\"canonical\" href=\"https:\/\/skaitytaknyga.lt\/en\/produktas\/sarlis-de-kosteras-legenda-apie-ulenspygeli-ir-lame-gudzakapasaulines-literaturos-biblioteka-43-2\/\" \/>\n<meta property=\"og:locale\" content=\"en_GB\" \/>\n<meta property=\"og:locale:alternate\" content=\"lt_LT\" \/>\n<meta property=\"og:type\" content=\"article\" \/>\n<meta property=\"og:title\" content=\"Legenda apie Ulen\u0161pygel\u012f ir Lam\u0119 Gudzak\u0105 - skaitytaknyga.lt\" \/>\n<meta property=\"og:description\" content=\"XIX a. Belg\u0173 ra\u0161ytojas \u0160. De Kosteras (1827 - 1879) savo reik\u0161mingiausiame k\u016brinyje - nupie\u0161ia Nyderland\u0173 kovas d\u0117l i\u0161sivadavimo i\u0161 Ispanijos priespaudos\" \/>\n<meta property=\"og:url\" content=\"https:\/\/skaitytaknyga.lt\/en\/produktas\/sarlis-de-kosteras-legenda-apie-ulenspygeli-ir-lame-gudzakapasaulines-literaturos-biblioteka-43-2\/\" \/>\n<meta property=\"og:site_name\" content=\"Skaitytaknyga\" \/>\n<meta property=\"article:publisher\" content=\"https:\/\/www.facebook.com\/skaitytaknyga\/\" \/>\n<meta property=\"article:modified_time\" content=\"2025-05-19T12:36:42+00:00\" \/>\n<meta property=\"og:image\" content=\"https:\/\/skaitytaknyga.lt\/wp-content\/uploads\/2024\/04\/klasika.png\" \/>\n\t<meta property=\"og:image:width\" content=\"271\" \/>\n\t<meta property=\"og:image:height\" content=\"411\" \/>\n\t<meta property=\"og:image:type\" content=\"image\/png\" \/>\n<meta name=\"twitter:card\" content=\"summary_large_image\" \/>\n<meta name=\"twitter:label1\" content=\"Estimated reading time\" \/>\n\t<meta name=\"twitter:data1\" content=\"1 minute\" \/>\n<script type=\"application\/ld+json\" class=\"yoast-schema-graph\">{\"@context\":\"https:\/\/schema.org\",\"@graph\":[{\"@type\":\"WebPage\",\"@id\":\"https:\/\/skaitytaknyga.lt\/produktas\/sarlis-de-kosteras-legenda-apie-ulenspygeli-ir-lame-gudzakapasaulines-literaturos-biblioteka-43-2\/\",\"url\":\"https:\/\/skaitytaknyga.lt\/produktas\/sarlis-de-kosteras-legenda-apie-ulenspygeli-ir-lame-gudzakapasaulines-literaturos-biblioteka-43-2\/\",\"name\":\"Legenda apie Ulen\u0161pygel\u012f ir Lam\u0119 Gudzak\u0105 - skaitytaknyga.lt\",\"isPartOf\":{\"@id\":\"https:\/\/skaitytaknyga.lt\/#website\"},\"primaryImageOfPage\":{\"@id\":\"https:\/\/skaitytaknyga.lt\/produktas\/sarlis-de-kosteras-legenda-apie-ulenspygeli-ir-lame-gudzakapasaulines-literaturos-biblioteka-43-2\/#primaryimage\"},\"image\":{\"@id\":\"https:\/\/skaitytaknyga.lt\/produktas\/sarlis-de-kosteras-legenda-apie-ulenspygeli-ir-lame-gudzakapasaulines-literaturos-biblioteka-43-2\/#primaryimage\"},\"thumbnailUrl\":\"https:\/\/skaitytaknyga.lt\/wp-content\/uploads\/2024\/04\/klasika.png\",\"datePublished\":\"2024-05-04T14:59:15+00:00\",\"dateModified\":\"2025-05-19T12:36:42+00:00\",\"description\":\"XIX a. Belg\u0173 ra\u0161ytojas \u0160. De Kosteras (1827 - 1879) savo reik\u0161mingiausiame k\u016brinyje - nupie\u0161ia Nyderland\u0173 kovas d\u0117l i\u0161sivadavimo i\u0161 Ispanijos priespaudos\",\"breadcrumb\":{\"@id\":\"https:\/\/skaitytaknyga.lt\/produktas\/sarlis-de-kosteras-legenda-apie-ulenspygeli-ir-lame-gudzakapasaulines-literaturos-biblioteka-43-2\/#breadcrumb\"},\"inLanguage\":\"en-GB\",\"potentialAction\":[{\"@type\":\"ReadAction\",\"target\":[\"https:\/\/skaitytaknyga.lt\/produktas\/sarlis-de-kosteras-legenda-apie-ulenspygeli-ir-lame-gudzakapasaulines-literaturos-biblioteka-43-2\/\"]}]},{\"@type\":\"ImageObject\",\"inLanguage\":\"en-GB\",\"@id\":\"https:\/\/skaitytaknyga.lt\/produktas\/sarlis-de-kosteras-legenda-apie-ulenspygeli-ir-lame-gudzakapasaulines-literaturos-biblioteka-43-2\/#primaryimage\",\"url\":\"https:\/\/skaitytaknyga.lt\/wp-content\/uploads\/2024\/04\/klasika.png\",\"contentUrl\":\"https:\/\/skaitytaknyga.lt\/wp-content\/uploads\/2024\/04\/klasika.png\",\"width\":271,\"height\":411,\"caption\":\"klasika\"},{\"@type\":\"BreadcrumbList\",\"@id\":\"https:\/\/skaitytaknyga.lt\/produktas\/sarlis-de-kosteras-legenda-apie-ulenspygeli-ir-lame-gudzakapasaulines-literaturos-biblioteka-43-2\/#breadcrumb\",\"itemListElement\":[{\"@type\":\"ListItem\",\"position\":1,\"name\":\"Home\",\"item\":\"https:\/\/skaitytaknyga.lt\/\"},{\"@type\":\"ListItem\",\"position\":2,\"name\":\"Parduotuv\u0117\",\"item\":\"https:\/\/skaitytaknyga.lt\/knygu-parduotuve\/\"},{\"@type\":\"ListItem\",\"position\":3,\"name\":\"Legenda apie Ulen\u0161pygel\u012f ir Lam\u0119 Gudzak\u0105\"}]},{\"@type\":\"WebSite\",\"@id\":\"https:\/\/skaitytaknyga.lt\/#website\",\"url\":\"https:\/\/skaitytaknyga.lt\/\",\"name\":\"skaitytaknyga.lt\",\"description\":\"Skaitytaknyga.lt \u2013 tai ma\u017eas \u0161eimos verslas, kuris prasid\u0117jo nuo meil\u0117s knygoms ir siekio i\u0161gelb\u0117ti knygas nuo likimo prie konteinerio. Kas vienam nereikalingas daiktas \u2013 kitam lobis, o mes esame tarpininkai, kurie padeda abiems tapti laimingesniems ???? \u017dinome kaip nelengva i\u0161gyventi ma\u017eiems verslams, tad nuo \u0161iol, \u010dia rasite ir kit\u0173, ma\u017e\u0173 \u0161eim\u0173 versl\u0173, rank\u0173 darbo, dovan\u0173 sau ir artimiesiems.\",\"publisher\":{\"@id\":\"https:\/\/skaitytaknyga.lt\/#organization\"},\"potentialAction\":[{\"@type\":\"SearchAction\",\"target\":{\"@type\":\"EntryPoint\",\"urlTemplate\":\"https:\/\/skaitytaknyga.lt\/?s={search_term_string}\"},\"query-input\":{\"@type\":\"PropertyValueSpecification\",\"valueRequired\":true,\"valueName\":\"search_term_string\"}}],\"inLanguage\":\"en-GB\"},{\"@type\":\"Organization\",\"@id\":\"https:\/\/skaitytaknyga.lt\/#organization\",\"name\":\"skaitytaknyga.lt\",\"url\":\"https:\/\/skaitytaknyga.lt\/\",\"logo\":{\"@type\":\"ImageObject\",\"inLanguage\":\"en-GB\",\"@id\":\"https:\/\/skaitytaknyga.lt\/#\/schema\/logo\/image\/\",\"url\":\"https:\/\/skaitytaknyga.lt\/wp-content\/uploads\/2024\/05\/cropped-cropped-cropped-02_00843_jt3bggkj1j3HLc7SyY6rEUpg.jpeg\",\"contentUrl\":\"https:\/\/skaitytaknyga.lt\/wp-content\/uploads\/2024\/05\/cropped-cropped-cropped-02_00843_jt3bggkj1j3HLc7SyY6rEUpg.jpeg\",\"width\":1600,\"height\":1600,\"caption\":\"skaitytaknyga.lt\"},\"image\":{\"@id\":\"https:\/\/skaitytaknyga.lt\/#\/schema\/logo\/image\/\"},\"sameAs\":[\"https:\/\/www.facebook.com\/skaitytaknyga\/\"]}]}<\/script>\n<!-- \/ Yoast SEO plugin. -->","yoast_head_json":{"title":"Legenda apie Ulen\u0161pygel\u012f ir Lam\u0119 Gudzak\u0105 - skaitytaknyga.lt","description":"XIX a. Belg\u0173 ra\u0161ytojas \u0160. De Kosteras (1827 - 1879) savo reik\u0161mingiausiame k\u016brinyje - nupie\u0161ia Nyderland\u0173 kovas d\u0117l i\u0161sivadavimo i\u0161 Ispanijos priespaudos","robots":{"index":"index","follow":"follow","max-snippet":"max-snippet:-1","max-image-preview":"max-image-preview:large","max-video-preview":"max-video-preview:-1"},"canonical":"https:\/\/skaitytaknyga.lt\/en\/produktas\/sarlis-de-kosteras-legenda-apie-ulenspygeli-ir-lame-gudzakapasaulines-literaturos-biblioteka-43-2\/","og_locale":"en_GB","og_type":"article","og_title":"Legenda apie Ulen\u0161pygel\u012f ir Lam\u0119 Gudzak\u0105 - skaitytaknyga.lt","og_description":"XIX a. Belg\u0173 ra\u0161ytojas \u0160. De Kosteras (1827 - 1879) savo reik\u0161mingiausiame k\u016brinyje - nupie\u0161ia Nyderland\u0173 kovas d\u0117l i\u0161sivadavimo i\u0161 Ispanijos priespaudos","og_url":"https:\/\/skaitytaknyga.lt\/en\/produktas\/sarlis-de-kosteras-legenda-apie-ulenspygeli-ir-lame-gudzakapasaulines-literaturos-biblioteka-43-2\/","og_site_name":"Skaitytaknyga","article_publisher":"https:\/\/www.facebook.com\/skaitytaknyga\/","article_modified_time":"2025-05-19T12:36:42+00:00","og_image":[{"width":271,"height":411,"url":"https:\/\/skaitytaknyga.lt\/wp-content\/uploads\/2024\/04\/klasika.png","type":"image\/png"}],"twitter_card":"summary_large_image","twitter_misc":{"Estimated reading time":"1 minute"},"schema":{"@context":"https:\/\/schema.org","@graph":[{"@type":"WebPage","@id":"https:\/\/skaitytaknyga.lt\/produktas\/sarlis-de-kosteras-legenda-apie-ulenspygeli-ir-lame-gudzakapasaulines-literaturos-biblioteka-43-2\/","url":"https:\/\/skaitytaknyga.lt\/produktas\/sarlis-de-kosteras-legenda-apie-ulenspygeli-ir-lame-gudzakapasaulines-literaturos-biblioteka-43-2\/","name":"Legenda apie Ulen\u0161pygel\u012f ir Lam\u0119 Gudzak\u0105 - skaitytaknyga.lt","isPartOf":{"@id":"https:\/\/skaitytaknyga.lt\/#website"},"primaryImageOfPage":{"@id":"https:\/\/skaitytaknyga.lt\/produktas\/sarlis-de-kosteras-legenda-apie-ulenspygeli-ir-lame-gudzakapasaulines-literaturos-biblioteka-43-2\/#primaryimage"},"image":{"@id":"https:\/\/skaitytaknyga.lt\/produktas\/sarlis-de-kosteras-legenda-apie-ulenspygeli-ir-lame-gudzakapasaulines-literaturos-biblioteka-43-2\/#primaryimage"},"thumbnailUrl":"https:\/\/skaitytaknyga.lt\/wp-content\/uploads\/2024\/04\/klasika.png","datePublished":"2024-05-04T14:59:15+00:00","dateModified":"2025-05-19T12:36:42+00:00","description":"XIX a. Belg\u0173 ra\u0161ytojas \u0160. De Kosteras (1827 - 1879) savo reik\u0161mingiausiame k\u016brinyje - nupie\u0161ia Nyderland\u0173 kovas d\u0117l i\u0161sivadavimo i\u0161 Ispanijos priespaudos","breadcrumb":{"@id":"https:\/\/skaitytaknyga.lt\/produktas\/sarlis-de-kosteras-legenda-apie-ulenspygeli-ir-lame-gudzakapasaulines-literaturos-biblioteka-43-2\/#breadcrumb"},"inLanguage":"en-GB","potentialAction":[{"@type":"ReadAction","target":["https:\/\/skaitytaknyga.lt\/produktas\/sarlis-de-kosteras-legenda-apie-ulenspygeli-ir-lame-gudzakapasaulines-literaturos-biblioteka-43-2\/"]}]},{"@type":"ImageObject","inLanguage":"en-GB","@id":"https:\/\/skaitytaknyga.lt\/produktas\/sarlis-de-kosteras-legenda-apie-ulenspygeli-ir-lame-gudzakapasaulines-literaturos-biblioteka-43-2\/#primaryimage","url":"https:\/\/skaitytaknyga.lt\/wp-content\/uploads\/2024\/04\/klasika.png","contentUrl":"https:\/\/skaitytaknyga.lt\/wp-content\/uploads\/2024\/04\/klasika.png","width":271,"height":411,"caption":"klasika"},{"@type":"BreadcrumbList","@id":"https:\/\/skaitytaknyga.lt\/produktas\/sarlis-de-kosteras-legenda-apie-ulenspygeli-ir-lame-gudzakapasaulines-literaturos-biblioteka-43-2\/#breadcrumb","itemListElement":[{"@type":"ListItem","position":1,"name":"Home","item":"https:\/\/skaitytaknyga.lt\/"},{"@type":"ListItem","position":2,"name":"Parduotuv\u0117","item":"https:\/\/skaitytaknyga.lt\/knygu-parduotuve\/"},{"@type":"ListItem","position":3,"name":"Legenda apie Ulen\u0161pygel\u012f ir Lam\u0119 Gudzak\u0105"}]},{"@type":"WebSite","@id":"https:\/\/skaitytaknyga.lt\/#website","url":"https:\/\/skaitytaknyga.lt\/","name":"skaitytaknyga.lt","description":"Skaitytaknyga.lt \u2013 tai ma\u017eas \u0161eimos verslas, kuris prasid\u0117jo nuo meil\u0117s knygoms ir siekio i\u0161gelb\u0117ti knygas nuo likimo prie konteinerio. Kas vienam nereikalingas daiktas \u2013 kitam lobis, o mes esame tarpininkai, kurie padeda abiems tapti laimingesniems ???? \u017dinome kaip nelengva i\u0161gyventi ma\u017eiems verslams, tad nuo \u0161iol, \u010dia rasite ir kit\u0173, ma\u017e\u0173 \u0161eim\u0173 versl\u0173, rank\u0173 darbo, dovan\u0173 sau ir artimiesiems.","publisher":{"@id":"https:\/\/skaitytaknyga.lt\/#organization"},"potentialAction":[{"@type":"SearchAction","target":{"@type":"EntryPoint","urlTemplate":"https:\/\/skaitytaknyga.lt\/?s={search_term_string}"},"query-input":{"@type":"PropertyValueSpecification","valueRequired":true,"valueName":"search_term_string"}}],"inLanguage":"en-GB"},{"@type":"Organization","@id":"https:\/\/skaitytaknyga.lt\/#organization","name":"skaitytaknyga.lt","url":"https:\/\/skaitytaknyga.lt\/","logo":{"@type":"ImageObject","inLanguage":"en-GB","@id":"https:\/\/skaitytaknyga.lt\/#\/schema\/logo\/image\/","url":"https:\/\/skaitytaknyga.lt\/wp-content\/uploads\/2024\/05\/cropped-cropped-cropped-02_00843_jt3bggkj1j3HLc7SyY6rEUpg.jpeg","contentUrl":"https:\/\/skaitytaknyga.lt\/wp-content\/uploads\/2024\/05\/cropped-cropped-cropped-02_00843_jt3bggkj1j3HLc7SyY6rEUpg.jpeg","width":1600,"height":1600,"caption":"skaitytaknyga.lt"},"image":{"@id":"https:\/\/skaitytaknyga.lt\/#\/schema\/logo\/image\/"},"sameAs":["https:\/\/www.facebook.com\/skaitytaknyga\/"]}]}},"_links":{"self":[{"href":"https:\/\/skaitytaknyga.lt\/en\/wp-json\/wp\/v2\/product\/9222","targetHints":{"allow":["GET"]}}],"collection":[{"href":"https:\/\/skaitytaknyga.lt\/en\/wp-json\/wp\/v2\/product"}],"about":[{"href":"https:\/\/skaitytaknyga.lt\/en\/wp-json\/wp\/v2\/types\/product"}],"replies":[{"embeddable":true,"href":"https:\/\/skaitytaknyga.lt\/en\/wp-json\/wp\/v2\/comments?post=9222"}],"wp:featuredmedia":[{"embeddable":true,"href":"https:\/\/skaitytaknyga.lt\/en\/wp-json\/wp\/v2\/media\/4194"}],"wp:attachment":[{"href":"https:\/\/skaitytaknyga.lt\/en\/wp-json\/wp\/v2\/media?parent=9222"}],"wp:term":[{"taxonomy":"product_brand","embeddable":true,"href":"https:\/\/skaitytaknyga.lt\/en\/wp-json\/wp\/v2\/product_brand?post=9222"},{"taxonomy":"product_cat","embeddable":true,"href":"https:\/\/skaitytaknyga.lt\/en\/wp-json\/wp\/v2\/product_cat?post=9222"},{"taxonomy":"product_tag","embeddable":true,"href":"https:\/\/skaitytaknyga.lt\/en\/wp-json\/wp\/v2\/product_tag?post=9222"}],"curies":[{"name":"wp","href":"https:\/\/api.w.org\/{rel}","templated":true}]}}