{"id":9217,"date":"2024-05-04T14:59:14","date_gmt":"2024-05-04T14:59:14","guid":{"rendered":"https:\/\/skaitytaknyga.lt\/?post_type=product&#038;p=9217"},"modified":"2025-11-18T20:50:13","modified_gmt":"2025-11-18T18:50:13","slug":"m-newton-sielu-keliones-2","status":"publish","type":"product","link":"https:\/\/skaitytaknyga.lt\/en\/produktas\/m-newton-sielu-keliones-2\/","title":{"rendered":"M. Newton \u201eSiel\u0173 kelion\u0117s\u201c"},"content":{"rendered":"<p>Kiekvienas i\u0161 m\u016bs\u0173 giliai \u0161irdyje i\u0161kelia sau klausimus: \u201eKas a\u0161?\u201c, \u201eKod\u0117l a\u0161 gimiau?\u201c, \u201eKur a\u0161 nueisiu po mirties?\u201c. Ne\u017einodami, kas i\u0161 ties\u0173 atsitiks su mumis po mirties, negalime suvokti tikros gyvenimo paskirties.<\/p>\n<p>\u017dinomo hipnotizuotojo ir terapeuto\u00a0Maiklo Niutono\u00a0knyga\u00a0\u201eSiel\u0173 lemtis\u201c\u00a0yra sensacing\u0173 gyvenimo po mirties tyrin\u0117jim\u0173, i\u0161spausdint\u0173 pasauliniu bestseleriu tapusioje knygoje\u00a0\u201eSiel\u0173 kelion\u0117s\u201c, t\u0119sinys. Kaip ir ankstesnioji knyga\u00a0\u201eSiel\u0173 kelion\u0117s\u201c,\u00a0ji paremta ne tik teoriniais sumanymais bei senov\u0117s legendomis, bet realia moksline praktine patirtimi.<\/p>\n<p>\u0160i knyga pad\u0117s kiekvienam i\u0161 m\u016bs\u0173 surasti savo viet\u0105 \u0161iame gyvenime su maksimalia nauda sielai, suvokti savo tikr\u0105j\u0105 paskirt\u012f ne tik trumpame gyvenimu vadinamame laiko tarpe, bet ir begalin\u0117je am\u017einyb\u0117je.<\/p>\n","protected":false},"excerpt":{"rendered":"<p>Kiekvienas i\u0161 m\u016bs\u0173 giliai \u0161irdyje i\u0161kelia sau klausimus: \u201eKas a\u0161?\u201c, \u201eKod\u0117l a\u0161 gimiau?\u201c, \u201eKur a\u0161 nueisiu po mirties?\u201c. Ne\u017einodami, kas i\u0161 ties\u0173 atsitiks su mumis po mirties, negalime suvokti tikros gyvenimo paskirties.<\/p>\n<p>\u017dinomo hipnotizuotojo ir terapeuto\u00a0Maiklo Niutono\u00a0knyga\u00a0\u201eSiel\u0173 lemtis\u201c\u00a0yra sensacing\u0173 gyvenimo po mirties tyrin\u0117jim\u0173, i\u0161spausdint\u0173 pasauliniu bestseleriu tapusioje knygoje\u00a0\u201eSiel\u0173 kelion\u0117s\u201c, t\u0119sinys. Kaip ir ankstesnioji knyga\u00a0\u201eSiel\u0173 kelion\u0117s\u201c,\u00a0ji paremta ne tik teoriniais sumanymais bei senov\u0117s legendomis, bet realia moksline praktine patirtimi.<\/p>\n<p>\u0160i knyga pad\u0117s kiekvienam i\u0161 m\u016bs\u0173 surasti savo viet\u0105 \u0161iame gyvenime su maksimalia nauda sielai, suvokti savo tikr\u0105j\u0105 paskirt\u012f ne tik trumpame gyvenimu vadinamame laiko tarpe, bet ir begalin\u0117je am\u017einyb\u0117je.<\/p>\n","protected":false},"featured_media":6392,"comment_status":"closed","ping_status":"closed","template":"","meta":{"_acf_changed":false,"site-sidebar-layout":"default","site-content-layout":"","ast-site-content-layout":"default","site-content-style":"default","site-sidebar-style":"default","ast-global-header-display":"","ast-banner-title-visibility":"","ast-main-header-display":"","ast-hfb-above-header-display":"","ast-hfb-below-header-display":"","ast-hfb-mobile-header-display":"","site-post-title":"","ast-breadcrumbs-content":"","ast-featured-img":"","footer-sml-layout":"","ast-disable-related-posts":"","theme-transparent-header-meta":"","adv-header-id-meta":"","stick-header-meta":"","header-above-stick-meta":"","header-main-stick-meta":"","header-below-stick-meta":"","astra-migrate-meta-layouts":"default","ast-page-background-enabled":"default","ast-page-background-meta":{"desktop":{"background-color":"","background-image":"","background-repeat":"repeat","background-position":"center center","background-size":"auto","background-attachment":"scroll","background-type":"","background-media":"","overlay-type":"","overlay-color":"","overlay-opacity":"","overlay-gradient":""},"tablet":{"background-color":"","background-image":"","background-repeat":"repeat","background-position":"center center","background-size":"auto","background-attachment":"scroll","background-type":"","background-media":"","overlay-type":"","overlay-color":"","overlay-opacity":"","overlay-gradient":""},"mobile":{"background-color":"","background-image":"","background-repeat":"repeat","background-position":"center center","background-size":"auto","background-attachment":"scroll","background-type":"","background-media":"","overlay-type":"","overlay-color":"","overlay-opacity":"","overlay-gradient":""}},"ast-content-background-meta":{"desktop":{"background-color":"var(--ast-global-color-4)","background-image":"","background-repeat":"repeat","background-position":"center center","background-size":"auto","background-attachment":"scroll","background-type":"","background-media":"","overlay-type":"","overlay-color":"","overlay-opacity":"","overlay-gradient":""},"tablet":{"background-color":"var(--ast-global-color-4)","background-image":"","background-repeat":"repeat","background-position":"center center","background-size":"auto","background-attachment":"scroll","background-type":"","background-media":"","overlay-type":"","overlay-color":"","overlay-opacity":"","overlay-gradient":""},"mobile":{"background-color":"var(--ast-global-color-4)","background-image":"","background-repeat":"repeat","background-position":"center center","background-size":"auto","background-attachment":"scroll","background-type":"","background-media":"","overlay-type":"","overlay-color":"","overlay-opacity":"","overlay-gradient":""}}},"product_brand":[],"product_cat":[165],"product_tag":[],"class_list":{"0":"post-9217","1":"product","2":"type-product","3":"status-publish","4":"has-post-thumbnail","6":"product_cat-religija-filosofija-ir-ezoterika","7":"desktop-align-left","8":"tablet-align-left","9":"mobile-align-left","11":"first","12":"outofstock","13":"shipping-taxable","14":"purchasable","15":"product-type-simple"},"acf":[],"yoast_head":"<!-- This site is optimized with the Yoast SEO plugin v27.0 - https:\/\/yoast.com\/product\/yoast-seo-wordpress\/ -->\n<title>M. Newton \u201eSiel\u0173 kelion\u0117s\u201c - Skaitytaknyga<\/title>\n<meta name=\"description\" content=\"Kiekvienas i\u0161 m\u016bs\u0173 giliai \u0161irdyje i\u0161kelia sau klausimus: \u201eKas a\u0161?\u201c, \u201eKod\u0117l a\u0161 gimiau?\u201c, \u201eKur a\u0161 nueisiu po mirties?\u201c. Ne\u017einodami, kas i\u0161 ties\u0173 atsitiks su mumis po mirties, negalime suvokti tikros gyvenimo paskirties.  \u017dinomo hipnotizuotojo ir terapeuto\u00a0Maiklo Niutono\u00a0knyga\u00a0\u201eSiel\u0173 lemtis\u201c\u00a0yra sensacing\u0173 gyvenimo po mirties tyrin\u0117jim\u0173, i\u0161spausdint\u0173 pasauliniu bestseleriu tapusioje knygoje\u00a0\u201eSiel\u0173 kelion\u0117s\u201c, t\u0119sinys. Kaip ir ankstesnioji knyga\u00a0\u201eSiel\u0173 kelion\u0117s\u201c,\u00a0ji paremta ne tik teoriniais sumanymais bei senov\u0117s legendomis, bet realia moksline praktine patirtimi.  \u0160i knyga pad\u0117s kiekvienam i\u0161 m\u016bs\u0173 surasti savo viet\u0105 \u0161iame gyvenime su maksimalia nauda sielai, suvokti savo tikr\u0105j\u0105 paskirt\u012f ne tik trumpame gyvenimu vadinamame laiko tarpe, bet ir begalin\u0117je am\u017einyb\u0117je.\" \/>\n<meta name=\"robots\" content=\"index, follow, max-snippet:-1, max-image-preview:large, max-video-preview:-1\" \/>\n<link rel=\"canonical\" href=\"https:\/\/skaitytaknyga.lt\/en\/produktas\/m-newton-sielu-keliones-2\/\" \/>\n<meta property=\"og:locale\" content=\"en_GB\" \/>\n<meta property=\"og:locale:alternate\" content=\"lt_LT\" \/>\n<meta property=\"og:type\" content=\"article\" \/>\n<meta property=\"og:title\" content=\"M. Newton \u201eSiel\u0173 kelion\u0117s\u201c - Skaitytaknyga\" \/>\n<meta property=\"og:description\" content=\"Kiekvienas i\u0161 m\u016bs\u0173 giliai \u0161irdyje i\u0161kelia sau klausimus: \u201eKas a\u0161?\u201c, \u201eKod\u0117l a\u0161 gimiau?\u201c, \u201eKur a\u0161 nueisiu po mirties?\u201c. Ne\u017einodami, kas i\u0161 ties\u0173 atsitiks su mumis po mirties, negalime suvokti tikros gyvenimo paskirties.  \u017dinomo hipnotizuotojo ir terapeuto\u00a0Maiklo Niutono\u00a0knyga\u00a0\u201eSiel\u0173 lemtis\u201c\u00a0yra sensacing\u0173 gyvenimo po mirties tyrin\u0117jim\u0173, i\u0161spausdint\u0173 pasauliniu bestseleriu tapusioje knygoje\u00a0\u201eSiel\u0173 kelion\u0117s\u201c, t\u0119sinys. Kaip ir ankstesnioji knyga\u00a0\u201eSiel\u0173 kelion\u0117s\u201c,\u00a0ji paremta ne tik teoriniais sumanymais bei senov\u0117s legendomis, bet realia moksline praktine patirtimi.  \u0160i knyga pad\u0117s kiekvienam i\u0161 m\u016bs\u0173 surasti savo viet\u0105 \u0161iame gyvenime su maksimalia nauda sielai, suvokti savo tikr\u0105j\u0105 paskirt\u012f ne tik trumpame gyvenimu vadinamame laiko tarpe, bet ir begalin\u0117je am\u017einyb\u0117je.\" \/>\n<meta property=\"og:url\" content=\"https:\/\/skaitytaknyga.lt\/en\/produktas\/m-newton-sielu-keliones-2\/\" \/>\n<meta property=\"og:site_name\" content=\"Skaitytaknyga\" \/>\n<meta property=\"article:publisher\" content=\"https:\/\/www.facebook.com\/skaitytaknyga\/\" \/>\n<meta property=\"article:modified_time\" content=\"2025-11-18T18:50:13+00:00\" \/>\n<meta property=\"og:image\" content=\"https:\/\/skaitytaknyga.lt\/wp-content\/uploads\/2024\/05\/sielu-keliones93_1.jpg\" \/>\n\t<meta property=\"og:image:width\" content=\"297\" \/>\n\t<meta property=\"og:image:height\" content=\"430\" \/>\n\t<meta property=\"og:image:type\" content=\"image\/jpeg\" \/>\n<meta name=\"twitter:card\" content=\"summary_large_image\" \/>\n<meta name=\"twitter:label1\" content=\"Estimated reading time\" \/>\n\t<meta name=\"twitter:data1\" content=\"1 minute\" \/>\n<script type=\"application\/ld+json\" class=\"yoast-schema-graph\">{\"@context\":\"https:\/\/schema.org\",\"@graph\":[{\"@type\":\"WebPage\",\"@id\":\"https:\/\/skaitytaknyga.lt\/produktas\/m-newton-sielu-keliones-2\/\",\"url\":\"https:\/\/skaitytaknyga.lt\/produktas\/m-newton-sielu-keliones-2\/\",\"name\":\"M. Newton \u201eSiel\u0173 kelion\u0117s\u201c - Skaitytaknyga\",\"isPartOf\":{\"@id\":\"https:\/\/skaitytaknyga.lt\/#website\"},\"primaryImageOfPage\":{\"@id\":\"https:\/\/skaitytaknyga.lt\/produktas\/m-newton-sielu-keliones-2\/#primaryimage\"},\"image\":{\"@id\":\"https:\/\/skaitytaknyga.lt\/produktas\/m-newton-sielu-keliones-2\/#primaryimage\"},\"thumbnailUrl\":\"https:\/\/skaitytaknyga.lt\/wp-content\/uploads\/2024\/05\/sielu-keliones93_1.jpg\",\"datePublished\":\"2024-05-04T14:59:14+00:00\",\"dateModified\":\"2025-11-18T18:50:13+00:00\",\"description\":\"Kiekvienas i\u0161 m\u016bs\u0173 giliai \u0161irdyje i\u0161kelia sau klausimus: \u201eKas a\u0161?\u201c, \u201eKod\u0117l a\u0161 gimiau?\u201c, \u201eKur a\u0161 nueisiu po mirties?\u201c. Ne\u017einodami, kas i\u0161 ties\u0173 atsitiks su mumis po mirties, negalime suvokti tikros gyvenimo paskirties. \u017dinomo hipnotizuotojo ir terapeuto\u00a0Maiklo Niutono\u00a0knyga\u00a0\u201eSiel\u0173 lemtis\u201c\u00a0yra sensacing\u0173 gyvenimo po mirties tyrin\u0117jim\u0173, i\u0161spausdint\u0173 pasauliniu bestseleriu tapusioje knygoje\u00a0\u201eSiel\u0173 kelion\u0117s\u201c, t\u0119sinys. Kaip ir ankstesnioji knyga\u00a0\u201eSiel\u0173 kelion\u0117s\u201c,\u00a0ji paremta ne tik teoriniais sumanymais bei senov\u0117s legendomis, bet realia moksline praktine patirtimi. \u0160i knyga pad\u0117s kiekvienam i\u0161 m\u016bs\u0173 surasti savo viet\u0105 \u0161iame gyvenime su maksimalia nauda sielai, suvokti savo tikr\u0105j\u0105 paskirt\u012f ne tik trumpame gyvenimu vadinamame laiko tarpe, bet ir begalin\u0117je am\u017einyb\u0117je.\",\"breadcrumb\":{\"@id\":\"https:\/\/skaitytaknyga.lt\/produktas\/m-newton-sielu-keliones-2\/#breadcrumb\"},\"inLanguage\":\"en-GB\",\"potentialAction\":[{\"@type\":\"ReadAction\",\"target\":[\"https:\/\/skaitytaknyga.lt\/produktas\/m-newton-sielu-keliones-2\/\"]}]},{\"@type\":\"ImageObject\",\"inLanguage\":\"en-GB\",\"@id\":\"https:\/\/skaitytaknyga.lt\/produktas\/m-newton-sielu-keliones-2\/#primaryimage\",\"url\":\"https:\/\/skaitytaknyga.lt\/wp-content\/uploads\/2024\/05\/sielu-keliones93_1.jpg\",\"contentUrl\":\"https:\/\/skaitytaknyga.lt\/wp-content\/uploads\/2024\/05\/sielu-keliones93_1.jpg\",\"width\":297,\"height\":430},{\"@type\":\"BreadcrumbList\",\"@id\":\"https:\/\/skaitytaknyga.lt\/produktas\/m-newton-sielu-keliones-2\/#breadcrumb\",\"itemListElement\":[{\"@type\":\"ListItem\",\"position\":1,\"name\":\"Home\",\"item\":\"https:\/\/skaitytaknyga.lt\/\"},{\"@type\":\"ListItem\",\"position\":2,\"name\":\"Parduotuv\u0117\",\"item\":\"https:\/\/skaitytaknyga.lt\/knygu-parduotuve\/\"},{\"@type\":\"ListItem\",\"position\":3,\"name\":\"M. Newton \u201eSiel\u0173 kelion\u0117s\u201c\"}]},{\"@type\":\"WebSite\",\"@id\":\"https:\/\/skaitytaknyga.lt\/#website\",\"url\":\"https:\/\/skaitytaknyga.lt\/\",\"name\":\"skaitytaknyga.lt\",\"description\":\"Skaitytaknyga.lt \u2013 tai ma\u017eas \u0161eimos verslas, kuris prasid\u0117jo nuo meil\u0117s knygoms ir siekio i\u0161gelb\u0117ti knygas nuo likimo prie konteinerio. Kas vienam nereikalingas daiktas \u2013 kitam lobis, o mes esame tarpininkai, kurie padeda abiems tapti laimingesniems ???? \u017dinome kaip nelengva i\u0161gyventi ma\u017eiems verslams, tad nuo \u0161iol, \u010dia rasite ir kit\u0173, ma\u017e\u0173 \u0161eim\u0173 versl\u0173, rank\u0173 darbo, dovan\u0173 sau ir artimiesiems.\",\"publisher\":{\"@id\":\"https:\/\/skaitytaknyga.lt\/#organization\"},\"potentialAction\":[{\"@type\":\"SearchAction\",\"target\":{\"@type\":\"EntryPoint\",\"urlTemplate\":\"https:\/\/skaitytaknyga.lt\/?s={search_term_string}\"},\"query-input\":{\"@type\":\"PropertyValueSpecification\",\"valueRequired\":true,\"valueName\":\"search_term_string\"}}],\"inLanguage\":\"en-GB\"},{\"@type\":\"Organization\",\"@id\":\"https:\/\/skaitytaknyga.lt\/#organization\",\"name\":\"skaitytaknyga.lt\",\"url\":\"https:\/\/skaitytaknyga.lt\/\",\"logo\":{\"@type\":\"ImageObject\",\"inLanguage\":\"en-GB\",\"@id\":\"https:\/\/skaitytaknyga.lt\/#\/schema\/logo\/image\/\",\"url\":\"https:\/\/skaitytaknyga.lt\/wp-content\/uploads\/2024\/05\/cropped-cropped-cropped-02_00843_jt3bggkj1j3HLc7SyY6rEUpg.jpeg\",\"contentUrl\":\"https:\/\/skaitytaknyga.lt\/wp-content\/uploads\/2024\/05\/cropped-cropped-cropped-02_00843_jt3bggkj1j3HLc7SyY6rEUpg.jpeg\",\"width\":1600,\"height\":1600,\"caption\":\"skaitytaknyga.lt\"},\"image\":{\"@id\":\"https:\/\/skaitytaknyga.lt\/#\/schema\/logo\/image\/\"},\"sameAs\":[\"https:\/\/www.facebook.com\/skaitytaknyga\/\"]}]}<\/script>\n<!-- \/ Yoast SEO plugin. -->","yoast_head_json":{"title":"M. Newton \u201eSiel\u0173 kelion\u0117s\u201c - Skaitytaknyga","description":"Kiekvienas i\u0161 m\u016bs\u0173 giliai \u0161irdyje i\u0161kelia sau klausimus: \u201eKas a\u0161?\u201c, \u201eKod\u0117l a\u0161 gimiau?\u201c, \u201eKur a\u0161 nueisiu po mirties?\u201c. Ne\u017einodami, kas i\u0161 ties\u0173 atsitiks su mumis po mirties, negalime suvokti tikros gyvenimo paskirties.  \u017dinomo hipnotizuotojo ir terapeuto\u00a0Maiklo Niutono\u00a0knyga\u00a0\u201eSiel\u0173 lemtis\u201c\u00a0yra sensacing\u0173 gyvenimo po mirties tyrin\u0117jim\u0173, i\u0161spausdint\u0173 pasauliniu bestseleriu tapusioje knygoje\u00a0\u201eSiel\u0173 kelion\u0117s\u201c, t\u0119sinys. Kaip ir ankstesnioji knyga\u00a0\u201eSiel\u0173 kelion\u0117s\u201c,\u00a0ji paremta ne tik teoriniais sumanymais bei senov\u0117s legendomis, bet realia moksline praktine patirtimi.  \u0160i knyga pad\u0117s kiekvienam i\u0161 m\u016bs\u0173 surasti savo viet\u0105 \u0161iame gyvenime su maksimalia nauda sielai, suvokti savo tikr\u0105j\u0105 paskirt\u012f ne tik trumpame gyvenimu vadinamame laiko tarpe, bet ir begalin\u0117je am\u017einyb\u0117je.","robots":{"index":"index","follow":"follow","max-snippet":"max-snippet:-1","max-image-preview":"max-image-preview:large","max-video-preview":"max-video-preview:-1"},"canonical":"https:\/\/skaitytaknyga.lt\/en\/produktas\/m-newton-sielu-keliones-2\/","og_locale":"en_GB","og_type":"article","og_title":"M. Newton \u201eSiel\u0173 kelion\u0117s\u201c - Skaitytaknyga","og_description":"Kiekvienas i\u0161 m\u016bs\u0173 giliai \u0161irdyje i\u0161kelia sau klausimus: \u201eKas a\u0161?\u201c, \u201eKod\u0117l a\u0161 gimiau?\u201c, \u201eKur a\u0161 nueisiu po mirties?\u201c. Ne\u017einodami, kas i\u0161 ties\u0173 atsitiks su mumis po mirties, negalime suvokti tikros gyvenimo paskirties.  \u017dinomo hipnotizuotojo ir terapeuto\u00a0Maiklo Niutono\u00a0knyga\u00a0\u201eSiel\u0173 lemtis\u201c\u00a0yra sensacing\u0173 gyvenimo po mirties tyrin\u0117jim\u0173, i\u0161spausdint\u0173 pasauliniu bestseleriu tapusioje knygoje\u00a0\u201eSiel\u0173 kelion\u0117s\u201c, t\u0119sinys. Kaip ir ankstesnioji knyga\u00a0\u201eSiel\u0173 kelion\u0117s\u201c,\u00a0ji paremta ne tik teoriniais sumanymais bei senov\u0117s legendomis, bet realia moksline praktine patirtimi.  \u0160i knyga pad\u0117s kiekvienam i\u0161 m\u016bs\u0173 surasti savo viet\u0105 \u0161iame gyvenime su maksimalia nauda sielai, suvokti savo tikr\u0105j\u0105 paskirt\u012f ne tik trumpame gyvenimu vadinamame laiko tarpe, bet ir begalin\u0117je am\u017einyb\u0117je.","og_url":"https:\/\/skaitytaknyga.lt\/en\/produktas\/m-newton-sielu-keliones-2\/","og_site_name":"Skaitytaknyga","article_publisher":"https:\/\/www.facebook.com\/skaitytaknyga\/","article_modified_time":"2025-11-18T18:50:13+00:00","og_image":[{"width":297,"height":430,"url":"https:\/\/skaitytaknyga.lt\/wp-content\/uploads\/2024\/05\/sielu-keliones93_1.jpg","type":"image\/jpeg"}],"twitter_card":"summary_large_image","twitter_misc":{"Estimated reading time":"1 minute"},"schema":{"@context":"https:\/\/schema.org","@graph":[{"@type":"WebPage","@id":"https:\/\/skaitytaknyga.lt\/produktas\/m-newton-sielu-keliones-2\/","url":"https:\/\/skaitytaknyga.lt\/produktas\/m-newton-sielu-keliones-2\/","name":"M. Newton \u201eSiel\u0173 kelion\u0117s\u201c - Skaitytaknyga","isPartOf":{"@id":"https:\/\/skaitytaknyga.lt\/#website"},"primaryImageOfPage":{"@id":"https:\/\/skaitytaknyga.lt\/produktas\/m-newton-sielu-keliones-2\/#primaryimage"},"image":{"@id":"https:\/\/skaitytaknyga.lt\/produktas\/m-newton-sielu-keliones-2\/#primaryimage"},"thumbnailUrl":"https:\/\/skaitytaknyga.lt\/wp-content\/uploads\/2024\/05\/sielu-keliones93_1.jpg","datePublished":"2024-05-04T14:59:14+00:00","dateModified":"2025-11-18T18:50:13+00:00","description":"Kiekvienas i\u0161 m\u016bs\u0173 giliai \u0161irdyje i\u0161kelia sau klausimus: \u201eKas a\u0161?\u201c, \u201eKod\u0117l a\u0161 gimiau?\u201c, \u201eKur a\u0161 nueisiu po mirties?\u201c. Ne\u017einodami, kas i\u0161 ties\u0173 atsitiks su mumis po mirties, negalime suvokti tikros gyvenimo paskirties. \u017dinomo hipnotizuotojo ir terapeuto\u00a0Maiklo Niutono\u00a0knyga\u00a0\u201eSiel\u0173 lemtis\u201c\u00a0yra sensacing\u0173 gyvenimo po mirties tyrin\u0117jim\u0173, i\u0161spausdint\u0173 pasauliniu bestseleriu tapusioje knygoje\u00a0\u201eSiel\u0173 kelion\u0117s\u201c, t\u0119sinys. Kaip ir ankstesnioji knyga\u00a0\u201eSiel\u0173 kelion\u0117s\u201c,\u00a0ji paremta ne tik teoriniais sumanymais bei senov\u0117s legendomis, bet realia moksline praktine patirtimi. \u0160i knyga pad\u0117s kiekvienam i\u0161 m\u016bs\u0173 surasti savo viet\u0105 \u0161iame gyvenime su maksimalia nauda sielai, suvokti savo tikr\u0105j\u0105 paskirt\u012f ne tik trumpame gyvenimu vadinamame laiko tarpe, bet ir begalin\u0117je am\u017einyb\u0117je.","breadcrumb":{"@id":"https:\/\/skaitytaknyga.lt\/produktas\/m-newton-sielu-keliones-2\/#breadcrumb"},"inLanguage":"en-GB","potentialAction":[{"@type":"ReadAction","target":["https:\/\/skaitytaknyga.lt\/produktas\/m-newton-sielu-keliones-2\/"]}]},{"@type":"ImageObject","inLanguage":"en-GB","@id":"https:\/\/skaitytaknyga.lt\/produktas\/m-newton-sielu-keliones-2\/#primaryimage","url":"https:\/\/skaitytaknyga.lt\/wp-content\/uploads\/2024\/05\/sielu-keliones93_1.jpg","contentUrl":"https:\/\/skaitytaknyga.lt\/wp-content\/uploads\/2024\/05\/sielu-keliones93_1.jpg","width":297,"height":430},{"@type":"BreadcrumbList","@id":"https:\/\/skaitytaknyga.lt\/produktas\/m-newton-sielu-keliones-2\/#breadcrumb","itemListElement":[{"@type":"ListItem","position":1,"name":"Home","item":"https:\/\/skaitytaknyga.lt\/"},{"@type":"ListItem","position":2,"name":"Parduotuv\u0117","item":"https:\/\/skaitytaknyga.lt\/knygu-parduotuve\/"},{"@type":"ListItem","position":3,"name":"M. Newton \u201eSiel\u0173 kelion\u0117s\u201c"}]},{"@type":"WebSite","@id":"https:\/\/skaitytaknyga.lt\/#website","url":"https:\/\/skaitytaknyga.lt\/","name":"skaitytaknyga.lt","description":"Skaitytaknyga.lt \u2013 tai ma\u017eas \u0161eimos verslas, kuris prasid\u0117jo nuo meil\u0117s knygoms ir siekio i\u0161gelb\u0117ti knygas nuo likimo prie konteinerio. Kas vienam nereikalingas daiktas \u2013 kitam lobis, o mes esame tarpininkai, kurie padeda abiems tapti laimingesniems ???? \u017dinome kaip nelengva i\u0161gyventi ma\u017eiems verslams, tad nuo \u0161iol, \u010dia rasite ir kit\u0173, ma\u017e\u0173 \u0161eim\u0173 versl\u0173, rank\u0173 darbo, dovan\u0173 sau ir artimiesiems.","publisher":{"@id":"https:\/\/skaitytaknyga.lt\/#organization"},"potentialAction":[{"@type":"SearchAction","target":{"@type":"EntryPoint","urlTemplate":"https:\/\/skaitytaknyga.lt\/?s={search_term_string}"},"query-input":{"@type":"PropertyValueSpecification","valueRequired":true,"valueName":"search_term_string"}}],"inLanguage":"en-GB"},{"@type":"Organization","@id":"https:\/\/skaitytaknyga.lt\/#organization","name":"skaitytaknyga.lt","url":"https:\/\/skaitytaknyga.lt\/","logo":{"@type":"ImageObject","inLanguage":"en-GB","@id":"https:\/\/skaitytaknyga.lt\/#\/schema\/logo\/image\/","url":"https:\/\/skaitytaknyga.lt\/wp-content\/uploads\/2024\/05\/cropped-cropped-cropped-02_00843_jt3bggkj1j3HLc7SyY6rEUpg.jpeg","contentUrl":"https:\/\/skaitytaknyga.lt\/wp-content\/uploads\/2024\/05\/cropped-cropped-cropped-02_00843_jt3bggkj1j3HLc7SyY6rEUpg.jpeg","width":1600,"height":1600,"caption":"skaitytaknyga.lt"},"image":{"@id":"https:\/\/skaitytaknyga.lt\/#\/schema\/logo\/image\/"},"sameAs":["https:\/\/www.facebook.com\/skaitytaknyga\/"]}]}},"_links":{"self":[{"href":"https:\/\/skaitytaknyga.lt\/en\/wp-json\/wp\/v2\/product\/9217","targetHints":{"allow":["GET"]}}],"collection":[{"href":"https:\/\/skaitytaknyga.lt\/en\/wp-json\/wp\/v2\/product"}],"about":[{"href":"https:\/\/skaitytaknyga.lt\/en\/wp-json\/wp\/v2\/types\/product"}],"replies":[{"embeddable":true,"href":"https:\/\/skaitytaknyga.lt\/en\/wp-json\/wp\/v2\/comments?post=9217"}],"wp:featuredmedia":[{"embeddable":true,"href":"https:\/\/skaitytaknyga.lt\/en\/wp-json\/wp\/v2\/media\/6392"}],"wp:attachment":[{"href":"https:\/\/skaitytaknyga.lt\/en\/wp-json\/wp\/v2\/media?parent=9217"}],"wp:term":[{"taxonomy":"product_brand","embeddable":true,"href":"https:\/\/skaitytaknyga.lt\/en\/wp-json\/wp\/v2\/product_brand?post=9217"},{"taxonomy":"product_cat","embeddable":true,"href":"https:\/\/skaitytaknyga.lt\/en\/wp-json\/wp\/v2\/product_cat?post=9217"},{"taxonomy":"product_tag","embeddable":true,"href":"https:\/\/skaitytaknyga.lt\/en\/wp-json\/wp\/v2\/product_tag?post=9217"}],"curies":[{"name":"wp","href":"https:\/\/api.w.org\/{rel}","templated":true}]}}