{"id":9215,"date":"2024-05-04T14:59:14","date_gmt":"2024-05-04T14:59:14","guid":{"rendered":"https:\/\/skaitytaknyga.lt\/?post_type=product&#038;p=9215"},"modified":"2025-12-18T20:19:20","modified_gmt":"2025-12-18T18:19:20","slug":"vilkolakiukas-dolfas-gimtadienio-staigmena-2","status":"publish","type":"product","link":"https:\/\/skaitytaknyga.lt\/en\/produktas\/vilkolakiukas-dolfas-gimtadienio-staigmena-2\/","title":{"rendered":"Vilkolakiukas Dolfas. Gimtadienio staigmena"},"content":{"rendered":"<p lang=\"en-US\">Dolfas \u2013 paprastas berniukas, gyvenantis geriausio draugo Timio \u0161eimoje. Savo t\u0117v\u0173 jis nepamena, bet \u010dia jau\u010diasi laimingas ir mylimas. Vien\u0105 dien\u0105 jam sueina septyneri&#8230; ir viskas pasikei\u010dia.<\/p>\n<p lang=\"en-US\">Kaip nusl\u0117pti, kad per m\u0117nulio pilnat\u012f virsti vilku? Kad tau u\u017eauga kailis ir atsiranda nasrai? Kaip susivaldyti nekrimstel\u0117jus geriausio draugo mamai? Kas suvalg\u0117 kaimyn\u0119 ir k\u0105 jos vaiduoklis veikia prie dur\u0173? Kas atsiunt\u0117 atviruk\u0105 su vilku? Kas tas keistas nepa\u017e\u012fstamasis parke, kuris, atrodo, visk\u0105 \u017eino? Jei tiesa i\u0161ai\u0161k\u0117t\u0173&#8230; Dolfas tikriausiai netekt\u0173 \u0161eimos ir geriausio draugo.<\/p>\n<p lang=\"en-GB\">\u012eveik\u0119s daugyb\u0119 sunkum\u0173, berniukas netik\u0117tai suvokia, kad b\u016bti vilkolakiu gal n\u0117ra taip ir blogai&#8230;<\/p>\n","protected":false},"excerpt":{"rendered":"<p lang=\"en-US\">Dolfas \u2013 paprastas berniukas, gyvenantis geriausio draugo Timio \u0161eimoje. Savo t\u0117v\u0173 jis nepamena, bet \u010dia jau\u010diasi laimingas ir mylimas. Vien\u0105 dien\u0105 jam sueina septyneri&#8230; ir viskas pasikei\u010dia.<\/p>\n<p lang=\"en-US\">Kaip nusl\u0117pti, kad per m\u0117nulio pilnat\u012f virsti vilku? Kad tau u\u017eauga kailis ir atsiranda nasrai? Kaip susivaldyti nekrimstel\u0117jus geriausio draugo mamai? Kas suvalg\u0117 kaimyn\u0119 ir k\u0105 jos vaiduoklis veikia prie dur\u0173? Kas atsiunt\u0117 atviruk\u0105 su vilku? Kas tas keistas nepa\u017e\u012fstamasis parke, kuris, atrodo, visk\u0105 \u017eino? Jei tiesa i\u0161ai\u0161k\u0117t\u0173&#8230; Dolfas tikriausiai netekt\u0173 \u0161eimos ir geriausio draugo.<\/p>\n<p lang=\"en-GB\">\u012eveik\u0119s daugyb\u0119 sunkum\u0173, berniukas netik\u0117tai suvokia, kad b\u016bti vilkolakiu gal n\u0117ra taip ir blogai&#8230;<\/p>\n","protected":false},"featured_media":6390,"comment_status":"closed","ping_status":"closed","template":"","meta":{"_acf_changed":false,"site-sidebar-layout":"default","site-content-layout":"","ast-site-content-layout":"default","site-content-style":"default","site-sidebar-style":"default","ast-global-header-display":"","ast-banner-title-visibility":"","ast-main-header-display":"","ast-hfb-above-header-display":"","ast-hfb-below-header-display":"","ast-hfb-mobile-header-display":"","site-post-title":"","ast-breadcrumbs-content":"","ast-featured-img":"","footer-sml-layout":"","ast-disable-related-posts":"","theme-transparent-header-meta":"","adv-header-id-meta":"","stick-header-meta":"","header-above-stick-meta":"","header-main-stick-meta":"","header-below-stick-meta":"","astra-migrate-meta-layouts":"default","ast-page-background-enabled":"default","ast-page-background-meta":{"desktop":{"background-color":"","background-image":"","background-repeat":"repeat","background-position":"center center","background-size":"auto","background-attachment":"scroll","background-type":"","background-media":"","overlay-type":"","overlay-color":"","overlay-opacity":"","overlay-gradient":""},"tablet":{"background-color":"","background-image":"","background-repeat":"repeat","background-position":"center center","background-size":"auto","background-attachment":"scroll","background-type":"","background-media":"","overlay-type":"","overlay-color":"","overlay-opacity":"","overlay-gradient":""},"mobile":{"background-color":"","background-image":"","background-repeat":"repeat","background-position":"center center","background-size":"auto","background-attachment":"scroll","background-type":"","background-media":"","overlay-type":"","overlay-color":"","overlay-opacity":"","overlay-gradient":""}},"ast-content-background-meta":{"desktop":{"background-color":"var(--ast-global-color-4)","background-image":"","background-repeat":"repeat","background-position":"center center","background-size":"auto","background-attachment":"scroll","background-type":"","background-media":"","overlay-type":"","overlay-color":"","overlay-opacity":"","overlay-gradient":""},"tablet":{"background-color":"var(--ast-global-color-4)","background-image":"","background-repeat":"repeat","background-position":"center center","background-size":"auto","background-attachment":"scroll","background-type":"","background-media":"","overlay-type":"","overlay-color":"","overlay-opacity":"","overlay-gradient":""},"mobile":{"background-color":"var(--ast-global-color-4)","background-image":"","background-repeat":"repeat","background-position":"center center","background-size":"auto","background-attachment":"scroll","background-type":"","background-media":"","overlay-type":"","overlay-color":"","overlay-opacity":"","overlay-gradient":""}}},"product_brand":[],"product_cat":[35],"product_tag":[],"class_list":{"0":"post-9215","1":"product","2":"type-product","3":"status-publish","4":"has-post-thumbnail","6":"product_cat-vaikams-ir-paaugliams","7":"desktop-align-left","8":"tablet-align-left","9":"mobile-align-left","11":"first","12":"instock","13":"shipping-taxable","14":"purchasable","15":"product-type-simple"},"acf":[],"yoast_head":"<!-- This site is optimized with the Yoast SEO plugin v27.4 - https:\/\/yoast.com\/product\/yoast-seo-wordpress\/ -->\n<title>Vilkolakiukas Dolfas. Gimtadienio staigmena - Skaitytaknyga<\/title>\n<meta name=\"description\" content=\"Dolfas \u2013 paprastas berniukas, gyvenantis geriausio draugo Timio \u0161eimoje. Savo t\u0117v\u0173 jis nepamena, bet \u010dia jau\u010diasi laimingas ir mylimas. Vien\u0105 dien\u0105 jam sueina septyneri... ir viskas pasikei\u010dia. Kaip nusl\u0117pti, kad per m\u0117nulio pilnat\u012f virsti vilku? Kad tau u\u017eauga kailis ir atsiranda nasrai? Kaip susivaldyti nekrimstel\u0117jus geriausio draugo mamai? Kas suvalg\u0117 kaimyn\u0119 ir k\u0105 jos vaiduoklis veikia prie dur\u0173? Kas atsiunt\u0117 atviruk\u0105 su vilku? Kas tas keistas nepa\u017e\u012fstamasis parke, kuris, atrodo, visk\u0105 \u017eino? Jei tiesa i\u0161ai\u0161k\u0117t\u0173... Dolfas tikriausiai netekt\u0173 \u0161eimos ir geriausio draugo. \u012eveik\u0119s daugyb\u0119 sunkum\u0173, berniukas netik\u0117tai suvokia, kad b\u016bti vilkolakiu gal n\u0117ra taip ir blogai...\" \/>\n<meta name=\"robots\" content=\"index, follow, max-snippet:-1, max-image-preview:large, max-video-preview:-1\" \/>\n<link rel=\"canonical\" href=\"https:\/\/skaitytaknyga.lt\/en\/produktas\/vilkolakiukas-dolfas-gimtadienio-staigmena-2\/\" \/>\n<meta property=\"og:locale\" content=\"en_GB\" \/>\n<meta property=\"og:locale:alternate\" content=\"lt_LT\" \/>\n<meta property=\"og:type\" content=\"article\" \/>\n<meta property=\"og:title\" content=\"Vilkolakiukas Dolfas. Gimtadienio staigmena - Skaitytaknyga\" \/>\n<meta property=\"og:description\" content=\"Dolfas \u2013 paprastas berniukas, gyvenantis geriausio draugo Timio \u0161eimoje. Savo t\u0117v\u0173 jis nepamena, bet \u010dia jau\u010diasi laimingas ir mylimas. Vien\u0105 dien\u0105 jam sueina septyneri... ir viskas pasikei\u010dia. Kaip nusl\u0117pti, kad per m\u0117nulio pilnat\u012f virsti vilku? Kad tau u\u017eauga kailis ir atsiranda nasrai? Kaip susivaldyti nekrimstel\u0117jus geriausio draugo mamai? Kas suvalg\u0117 kaimyn\u0119 ir k\u0105 jos vaiduoklis veikia prie dur\u0173? Kas atsiunt\u0117 atviruk\u0105 su vilku? Kas tas keistas nepa\u017e\u012fstamasis parke, kuris, atrodo, visk\u0105 \u017eino? Jei tiesa i\u0161ai\u0161k\u0117t\u0173... Dolfas tikriausiai netekt\u0173 \u0161eimos ir geriausio draugo. \u012eveik\u0119s daugyb\u0119 sunkum\u0173, berniukas netik\u0117tai suvokia, kad b\u016bti vilkolakiu gal n\u0117ra taip ir blogai...\" \/>\n<meta property=\"og:url\" content=\"https:\/\/skaitytaknyga.lt\/en\/produktas\/vilkolakiukas-dolfas-gimtadienio-staigmena-2\/\" \/>\n<meta property=\"og:site_name\" content=\"Skaitytaknyga\" \/>\n<meta property=\"article:publisher\" content=\"https:\/\/www.facebook.com\/skaitytaknyga\/\" \/>\n<meta property=\"article:modified_time\" content=\"2025-12-18T18:19:20+00:00\" \/>\n<meta property=\"og:image\" content=\"https:\/\/skaitytaknyga.lt\/wp-content\/uploads\/2024\/05\/1462884297_dsc0955.jpg\" \/>\n\t<meta property=\"og:image:width\" content=\"320\" \/>\n\t<meta property=\"og:image:height\" content=\"402\" \/>\n\t<meta property=\"og:image:type\" content=\"image\/jpeg\" \/>\n<meta name=\"twitter:card\" content=\"summary_large_image\" \/>\n<meta name=\"twitter:label1\" content=\"Estimated reading time\" \/>\n\t<meta name=\"twitter:data1\" content=\"1 minute\" \/>\n<script type=\"application\/ld+json\" class=\"yoast-schema-graph\">{\"@context\":\"https:\\\/\\\/schema.org\",\"@graph\":[{\"@type\":\"WebPage\",\"@id\":\"https:\\\/\\\/skaitytaknyga.lt\\\/en\\\/produktas\\\/vilkolakiukas-dolfas-gimtadienio-staigmena-2\\\/\",\"url\":\"https:\\\/\\\/skaitytaknyga.lt\\\/en\\\/produktas\\\/vilkolakiukas-dolfas-gimtadienio-staigmena-2\\\/\",\"name\":\"Vilkolakiukas Dolfas. Gimtadienio staigmena - Skaitytaknyga\",\"isPartOf\":{\"@id\":\"https:\\\/\\\/skaitytaknyga.lt\\\/#website\"},\"primaryImageOfPage\":{\"@id\":\"https:\\\/\\\/skaitytaknyga.lt\\\/en\\\/produktas\\\/vilkolakiukas-dolfas-gimtadienio-staigmena-2\\\/#primaryimage\"},\"image\":{\"@id\":\"https:\\\/\\\/skaitytaknyga.lt\\\/en\\\/produktas\\\/vilkolakiukas-dolfas-gimtadienio-staigmena-2\\\/#primaryimage\"},\"thumbnailUrl\":\"https:\\\/\\\/skaitytaknyga.lt\\\/wp-content\\\/uploads\\\/2024\\\/05\\\/1462884297_dsc0955.jpg\",\"datePublished\":\"2024-05-04T14:59:14+00:00\",\"dateModified\":\"2025-12-18T18:19:20+00:00\",\"description\":\"Dolfas \u2013 paprastas berniukas, gyvenantis geriausio draugo Timio \u0161eimoje. Savo t\u0117v\u0173 jis nepamena, bet \u010dia jau\u010diasi laimingas ir mylimas. Vien\u0105 dien\u0105 jam sueina septyneri... ir viskas pasikei\u010dia. Kaip nusl\u0117pti, kad per m\u0117nulio pilnat\u012f virsti vilku? Kad tau u\u017eauga kailis ir atsiranda nasrai? Kaip susivaldyti nekrimstel\u0117jus geriausio draugo mamai? Kas suvalg\u0117 kaimyn\u0119 ir k\u0105 jos vaiduoklis veikia prie dur\u0173? Kas atsiunt\u0117 atviruk\u0105 su vilku? Kas tas keistas nepa\u017e\u012fstamasis parke, kuris, atrodo, visk\u0105 \u017eino? Jei tiesa i\u0161ai\u0161k\u0117t\u0173... Dolfas tikriausiai netekt\u0173 \u0161eimos ir geriausio draugo. \u012eveik\u0119s daugyb\u0119 sunkum\u0173, berniukas netik\u0117tai suvokia, kad b\u016bti vilkolakiu gal n\u0117ra taip ir blogai...\",\"breadcrumb\":{\"@id\":\"https:\\\/\\\/skaitytaknyga.lt\\\/en\\\/produktas\\\/vilkolakiukas-dolfas-gimtadienio-staigmena-2\\\/#breadcrumb\"},\"inLanguage\":\"en-GB\",\"potentialAction\":[{\"@type\":\"ReadAction\",\"target\":[\"https:\\\/\\\/skaitytaknyga.lt\\\/en\\\/produktas\\\/vilkolakiukas-dolfas-gimtadienio-staigmena-2\\\/\"]}]},{\"@type\":\"ImageObject\",\"inLanguage\":\"en-GB\",\"@id\":\"https:\\\/\\\/skaitytaknyga.lt\\\/en\\\/produktas\\\/vilkolakiukas-dolfas-gimtadienio-staigmena-2\\\/#primaryimage\",\"url\":\"https:\\\/\\\/skaitytaknyga.lt\\\/wp-content\\\/uploads\\\/2024\\\/05\\\/1462884297_dsc0955.jpg\",\"contentUrl\":\"https:\\\/\\\/skaitytaknyga.lt\\\/wp-content\\\/uploads\\\/2024\\\/05\\\/1462884297_dsc0955.jpg\",\"width\":320,\"height\":402},{\"@type\":\"BreadcrumbList\",\"@id\":\"https:\\\/\\\/skaitytaknyga.lt\\\/en\\\/produktas\\\/vilkolakiukas-dolfas-gimtadienio-staigmena-2\\\/#breadcrumb\",\"itemListElement\":[{\"@type\":\"ListItem\",\"position\":1,\"name\":\"Home\",\"item\":\"https:\\\/\\\/skaitytaknyga.lt\\\/\"},{\"@type\":\"ListItem\",\"position\":2,\"name\":\"Parduotuv\u0117\",\"item\":\"https:\\\/\\\/skaitytaknyga.lt\\\/knygu-parduotuve\\\/\"},{\"@type\":\"ListItem\",\"position\":3,\"name\":\"Vilkolakiukas Dolfas. Gimtadienio staigmena\"}]},{\"@type\":\"WebSite\",\"@id\":\"https:\\\/\\\/skaitytaknyga.lt\\\/#website\",\"url\":\"https:\\\/\\\/skaitytaknyga.lt\\\/\",\"name\":\"skaitytaknyga.lt\",\"description\":\"Skaitytaknyga.lt \u2013 tai ma\u017eas \u0161eimos verslas, kuris prasid\u0117jo nuo meil\u0117s knygoms ir siekio i\u0161gelb\u0117ti knygas nuo likimo prie konteinerio. Kas vienam nereikalingas daiktas \u2013 kitam lobis, o mes esame tarpininkai, kurie padeda abiems tapti laimingesniems ???? \u017dinome kaip nelengva i\u0161gyventi ma\u017eiems verslams, tad nuo \u0161iol, \u010dia rasite ir kit\u0173, ma\u017e\u0173 \u0161eim\u0173 versl\u0173, rank\u0173 darbo, dovan\u0173 sau ir artimiesiems.\",\"publisher\":{\"@id\":\"https:\\\/\\\/skaitytaknyga.lt\\\/#organization\"},\"potentialAction\":[{\"@type\":\"SearchAction\",\"target\":{\"@type\":\"EntryPoint\",\"urlTemplate\":\"https:\\\/\\\/skaitytaknyga.lt\\\/?s={search_term_string}\"},\"query-input\":{\"@type\":\"PropertyValueSpecification\",\"valueRequired\":true,\"valueName\":\"search_term_string\"}}],\"inLanguage\":\"en-GB\"},{\"@type\":\"Organization\",\"@id\":\"https:\\\/\\\/skaitytaknyga.lt\\\/#organization\",\"name\":\"skaitytaknyga.lt\",\"url\":\"https:\\\/\\\/skaitytaknyga.lt\\\/\",\"logo\":{\"@type\":\"ImageObject\",\"inLanguage\":\"en-GB\",\"@id\":\"https:\\\/\\\/skaitytaknyga.lt\\\/#\\\/schema\\\/logo\\\/image\\\/\",\"url\":\"https:\\\/\\\/skaitytaknyga.lt\\\/wp-content\\\/uploads\\\/2024\\\/05\\\/cropped-cropped-cropped-02_00843_jt3bggkj1j3HLc7SyY6rEUpg.jpeg\",\"contentUrl\":\"https:\\\/\\\/skaitytaknyga.lt\\\/wp-content\\\/uploads\\\/2024\\\/05\\\/cropped-cropped-cropped-02_00843_jt3bggkj1j3HLc7SyY6rEUpg.jpeg\",\"width\":1600,\"height\":1600,\"caption\":\"skaitytaknyga.lt\"},\"image\":{\"@id\":\"https:\\\/\\\/skaitytaknyga.lt\\\/#\\\/schema\\\/logo\\\/image\\\/\"},\"sameAs\":[\"https:\\\/\\\/www.facebook.com\\\/skaitytaknyga\\\/\"]}]}<\/script>\n<!-- \/ Yoast SEO plugin. -->","yoast_head_json":{"title":"Vilkolakiukas Dolfas. Gimtadienio staigmena - Skaitytaknyga","description":"Dolfas \u2013 paprastas berniukas, gyvenantis geriausio draugo Timio \u0161eimoje. Savo t\u0117v\u0173 jis nepamena, bet \u010dia jau\u010diasi laimingas ir mylimas. Vien\u0105 dien\u0105 jam sueina septyneri... ir viskas pasikei\u010dia. Kaip nusl\u0117pti, kad per m\u0117nulio pilnat\u012f virsti vilku? Kad tau u\u017eauga kailis ir atsiranda nasrai? Kaip susivaldyti nekrimstel\u0117jus geriausio draugo mamai? Kas suvalg\u0117 kaimyn\u0119 ir k\u0105 jos vaiduoklis veikia prie dur\u0173? Kas atsiunt\u0117 atviruk\u0105 su vilku? Kas tas keistas nepa\u017e\u012fstamasis parke, kuris, atrodo, visk\u0105 \u017eino? Jei tiesa i\u0161ai\u0161k\u0117t\u0173... Dolfas tikriausiai netekt\u0173 \u0161eimos ir geriausio draugo. \u012eveik\u0119s daugyb\u0119 sunkum\u0173, berniukas netik\u0117tai suvokia, kad b\u016bti vilkolakiu gal n\u0117ra taip ir blogai...","robots":{"index":"index","follow":"follow","max-snippet":"max-snippet:-1","max-image-preview":"max-image-preview:large","max-video-preview":"max-video-preview:-1"},"canonical":"https:\/\/skaitytaknyga.lt\/en\/produktas\/vilkolakiukas-dolfas-gimtadienio-staigmena-2\/","og_locale":"en_GB","og_type":"article","og_title":"Vilkolakiukas Dolfas. Gimtadienio staigmena - Skaitytaknyga","og_description":"Dolfas \u2013 paprastas berniukas, gyvenantis geriausio draugo Timio \u0161eimoje. Savo t\u0117v\u0173 jis nepamena, bet \u010dia jau\u010diasi laimingas ir mylimas. Vien\u0105 dien\u0105 jam sueina septyneri... ir viskas pasikei\u010dia. Kaip nusl\u0117pti, kad per m\u0117nulio pilnat\u012f virsti vilku? Kad tau u\u017eauga kailis ir atsiranda nasrai? Kaip susivaldyti nekrimstel\u0117jus geriausio draugo mamai? Kas suvalg\u0117 kaimyn\u0119 ir k\u0105 jos vaiduoklis veikia prie dur\u0173? Kas atsiunt\u0117 atviruk\u0105 su vilku? Kas tas keistas nepa\u017e\u012fstamasis parke, kuris, atrodo, visk\u0105 \u017eino? Jei tiesa i\u0161ai\u0161k\u0117t\u0173... Dolfas tikriausiai netekt\u0173 \u0161eimos ir geriausio draugo. \u012eveik\u0119s daugyb\u0119 sunkum\u0173, berniukas netik\u0117tai suvokia, kad b\u016bti vilkolakiu gal n\u0117ra taip ir blogai...","og_url":"https:\/\/skaitytaknyga.lt\/en\/produktas\/vilkolakiukas-dolfas-gimtadienio-staigmena-2\/","og_site_name":"Skaitytaknyga","article_publisher":"https:\/\/www.facebook.com\/skaitytaknyga\/","article_modified_time":"2025-12-18T18:19:20+00:00","og_image":[{"width":320,"height":402,"url":"https:\/\/skaitytaknyga.lt\/wp-content\/uploads\/2024\/05\/1462884297_dsc0955.jpg","type":"image\/jpeg"}],"twitter_card":"summary_large_image","twitter_misc":{"Estimated reading time":"1 minute"},"schema":{"@context":"https:\/\/schema.org","@graph":[{"@type":"WebPage","@id":"https:\/\/skaitytaknyga.lt\/en\/produktas\/vilkolakiukas-dolfas-gimtadienio-staigmena-2\/","url":"https:\/\/skaitytaknyga.lt\/en\/produktas\/vilkolakiukas-dolfas-gimtadienio-staigmena-2\/","name":"Vilkolakiukas Dolfas. Gimtadienio staigmena - Skaitytaknyga","isPartOf":{"@id":"https:\/\/skaitytaknyga.lt\/#website"},"primaryImageOfPage":{"@id":"https:\/\/skaitytaknyga.lt\/en\/produktas\/vilkolakiukas-dolfas-gimtadienio-staigmena-2\/#primaryimage"},"image":{"@id":"https:\/\/skaitytaknyga.lt\/en\/produktas\/vilkolakiukas-dolfas-gimtadienio-staigmena-2\/#primaryimage"},"thumbnailUrl":"https:\/\/skaitytaknyga.lt\/wp-content\/uploads\/2024\/05\/1462884297_dsc0955.jpg","datePublished":"2024-05-04T14:59:14+00:00","dateModified":"2025-12-18T18:19:20+00:00","description":"Dolfas \u2013 paprastas berniukas, gyvenantis geriausio draugo Timio \u0161eimoje. Savo t\u0117v\u0173 jis nepamena, bet \u010dia jau\u010diasi laimingas ir mylimas. Vien\u0105 dien\u0105 jam sueina septyneri... ir viskas pasikei\u010dia. Kaip nusl\u0117pti, kad per m\u0117nulio pilnat\u012f virsti vilku? Kad tau u\u017eauga kailis ir atsiranda nasrai? Kaip susivaldyti nekrimstel\u0117jus geriausio draugo mamai? Kas suvalg\u0117 kaimyn\u0119 ir k\u0105 jos vaiduoklis veikia prie dur\u0173? Kas atsiunt\u0117 atviruk\u0105 su vilku? Kas tas keistas nepa\u017e\u012fstamasis parke, kuris, atrodo, visk\u0105 \u017eino? Jei tiesa i\u0161ai\u0161k\u0117t\u0173... Dolfas tikriausiai netekt\u0173 \u0161eimos ir geriausio draugo. \u012eveik\u0119s daugyb\u0119 sunkum\u0173, berniukas netik\u0117tai suvokia, kad b\u016bti vilkolakiu gal n\u0117ra taip ir blogai...","breadcrumb":{"@id":"https:\/\/skaitytaknyga.lt\/en\/produktas\/vilkolakiukas-dolfas-gimtadienio-staigmena-2\/#breadcrumb"},"inLanguage":"en-GB","potentialAction":[{"@type":"ReadAction","target":["https:\/\/skaitytaknyga.lt\/en\/produktas\/vilkolakiukas-dolfas-gimtadienio-staigmena-2\/"]}]},{"@type":"ImageObject","inLanguage":"en-GB","@id":"https:\/\/skaitytaknyga.lt\/en\/produktas\/vilkolakiukas-dolfas-gimtadienio-staigmena-2\/#primaryimage","url":"https:\/\/skaitytaknyga.lt\/wp-content\/uploads\/2024\/05\/1462884297_dsc0955.jpg","contentUrl":"https:\/\/skaitytaknyga.lt\/wp-content\/uploads\/2024\/05\/1462884297_dsc0955.jpg","width":320,"height":402},{"@type":"BreadcrumbList","@id":"https:\/\/skaitytaknyga.lt\/en\/produktas\/vilkolakiukas-dolfas-gimtadienio-staigmena-2\/#breadcrumb","itemListElement":[{"@type":"ListItem","position":1,"name":"Home","item":"https:\/\/skaitytaknyga.lt\/"},{"@type":"ListItem","position":2,"name":"Parduotuv\u0117","item":"https:\/\/skaitytaknyga.lt\/knygu-parduotuve\/"},{"@type":"ListItem","position":3,"name":"Vilkolakiukas Dolfas. Gimtadienio staigmena"}]},{"@type":"WebSite","@id":"https:\/\/skaitytaknyga.lt\/#website","url":"https:\/\/skaitytaknyga.lt\/","name":"skaitytaknyga.lt","description":"Skaitytaknyga.lt \u2013 tai ma\u017eas \u0161eimos verslas, kuris prasid\u0117jo nuo meil\u0117s knygoms ir siekio i\u0161gelb\u0117ti knygas nuo likimo prie konteinerio. Kas vienam nereikalingas daiktas \u2013 kitam lobis, o mes esame tarpininkai, kurie padeda abiems tapti laimingesniems ???? \u017dinome kaip nelengva i\u0161gyventi ma\u017eiems verslams, tad nuo \u0161iol, \u010dia rasite ir kit\u0173, ma\u017e\u0173 \u0161eim\u0173 versl\u0173, rank\u0173 darbo, dovan\u0173 sau ir artimiesiems.","publisher":{"@id":"https:\/\/skaitytaknyga.lt\/#organization"},"potentialAction":[{"@type":"SearchAction","target":{"@type":"EntryPoint","urlTemplate":"https:\/\/skaitytaknyga.lt\/?s={search_term_string}"},"query-input":{"@type":"PropertyValueSpecification","valueRequired":true,"valueName":"search_term_string"}}],"inLanguage":"en-GB"},{"@type":"Organization","@id":"https:\/\/skaitytaknyga.lt\/#organization","name":"skaitytaknyga.lt","url":"https:\/\/skaitytaknyga.lt\/","logo":{"@type":"ImageObject","inLanguage":"en-GB","@id":"https:\/\/skaitytaknyga.lt\/#\/schema\/logo\/image\/","url":"https:\/\/skaitytaknyga.lt\/wp-content\/uploads\/2024\/05\/cropped-cropped-cropped-02_00843_jt3bggkj1j3HLc7SyY6rEUpg.jpeg","contentUrl":"https:\/\/skaitytaknyga.lt\/wp-content\/uploads\/2024\/05\/cropped-cropped-cropped-02_00843_jt3bggkj1j3HLc7SyY6rEUpg.jpeg","width":1600,"height":1600,"caption":"skaitytaknyga.lt"},"image":{"@id":"https:\/\/skaitytaknyga.lt\/#\/schema\/logo\/image\/"},"sameAs":["https:\/\/www.facebook.com\/skaitytaknyga\/"]}]}},"_links":{"self":[{"href":"https:\/\/skaitytaknyga.lt\/en\/wp-json\/wp\/v2\/product\/9215","targetHints":{"allow":["GET"]}}],"collection":[{"href":"https:\/\/skaitytaknyga.lt\/en\/wp-json\/wp\/v2\/product"}],"about":[{"href":"https:\/\/skaitytaknyga.lt\/en\/wp-json\/wp\/v2\/types\/product"}],"replies":[{"embeddable":true,"href":"https:\/\/skaitytaknyga.lt\/en\/wp-json\/wp\/v2\/comments?post=9215"}],"wp:featuredmedia":[{"embeddable":true,"href":"https:\/\/skaitytaknyga.lt\/en\/wp-json\/wp\/v2\/media\/6390"}],"wp:attachment":[{"href":"https:\/\/skaitytaknyga.lt\/en\/wp-json\/wp\/v2\/media?parent=9215"}],"wp:term":[{"taxonomy":"product_brand","embeddable":true,"href":"https:\/\/skaitytaknyga.lt\/en\/wp-json\/wp\/v2\/product_brand?post=9215"},{"taxonomy":"product_cat","embeddable":true,"href":"https:\/\/skaitytaknyga.lt\/en\/wp-json\/wp\/v2\/product_cat?post=9215"},{"taxonomy":"product_tag","embeddable":true,"href":"https:\/\/skaitytaknyga.lt\/en\/wp-json\/wp\/v2\/product_tag?post=9215"}],"curies":[{"name":"wp","href":"https:\/\/api.w.org\/{rel}","templated":true}]}}