{"id":9199,"date":"2024-05-04T14:58:53","date_gmt":"2024-05-04T14:58:53","guid":{"rendered":"https:\/\/skaitytaknyga.lt\/?post_type=product&#038;p=9199"},"modified":"2025-05-14T11:22:01","modified_gmt":"2025-05-14T08:22:01","slug":"loreta-jastramskiene-juokingos-moters-agape-2","status":"publish","type":"product","link":"https:\/\/skaitytaknyga.lt\/en\/produktas\/loreta-jastramskiene-juokingos-moters-agape-2\/","title":{"rendered":"Juokingos moters agap\u0117"},"content":{"rendered":"<p><strong>Loreta Jastramskien\u0117<\/strong>\u00a0&#8211; ra\u0161ytoja ir \u017eurnalist\u0117, literat\u016brini\u0173 ir \u017eurnalistini\u0173 konkurs\u0173 laureat\u0117 bei prizinink\u0117.<\/p>\n<p>Knyga\u00a0<strong>\u201eJuokingos moters agap\u0117&#8221;<\/strong>\u00a0&#8211; antras autor\u0117s, ra\u0161an\u010dios neretu\u0161uotos socialin\u0117s tikrov\u0117s temomis, romanas.<\/p>\n<p>Paul\u0117 ir Edgaras Glenai nori myl\u0117ti vienas kit\u0105, i\u0161mokslinti dukr\u0105 Teodor\u0105, r\u016bpintis atstumtaisiais. Ar visada nor\u0117ti yra gal\u0117ti, kaip dar vaikyst\u0117je i\u0161mokusi frankofon\u0117 Paul\u0117? Jos \u017eurnalistin\u0117s klajon\u0117s, nuo\u0161irdi u\u017euojauta ken\u010diantiems prisipildo pasaulio pa\u017einimo, kur\u012f mielai padovanot\u0173 savo prie\u0161ui. Karalien\u0117s El\u017ebietos II vizitas \u012f Lietuv\u0105, popie\u017eiaus Jono Pauliaus II i\u0161\u0117jimas, ra\u0161ytojo Remarko k\u016bryba sieja heroj\u0173 likimus. Rimtai juokingas Glen\u0173 gyvenimas atsiveria jausm\u0173 pieva su \u017eydin\u010diomis mimozomis ir pradingusiu m\u0117nuliu.<\/p>\n<p>Knyga apie moteris, vyrus, vaikus ir \u0161efus, gyvenan\u010dius Lietuvoje nuo kriz\u0117s iki kriz\u0117s (1999-2009 m.).<\/p>\n<p>\u201eJai atrod\u0117, kad iki \u0161ios nakties nebuvo band\u017eiusi pasiekti moters ir vyro jausm\u0173 vir\u0161\u016bn\u0117s, tik steb\u0117jo i\u0161 patogaus sl\u0117nio abejodama, ar verta kopti sta\u010diu \u0161laitu, kilti ten, kur nieko \u012fdomaus gali nerasti, tik pavojus.&#8221;<\/p>\n","protected":false},"excerpt":{"rendered":"<p><strong>Loreta Jastramskien\u0117<\/strong>\u00a0&#8211; ra\u0161ytoja ir \u017eurnalist\u0117, literat\u016brini\u0173 ir \u017eurnalistini\u0173 konkurs\u0173 laureat\u0117 bei prizinink\u0117.<\/p>\n<p>Knyga\u00a0<strong>\u201eJuokingos moters agap\u0117&#8221;<\/strong>\u00a0&#8211; antras autor\u0117s, ra\u0161an\u010dios neretu\u0161uotos socialin\u0117s tikrov\u0117s temomis, romanas.<\/p>\n<p>Paul\u0117 ir Edgaras Glenai nori myl\u0117ti vienas kit\u0105, i\u0161mokslinti dukr\u0105 Teodor\u0105, r\u016bpintis atstumtaisiais. Ar visada nor\u0117ti yra gal\u0117ti, kaip dar vaikyst\u0117je i\u0161mokusi frankofon\u0117 Paul\u0117? Jos \u017eurnalistin\u0117s klajon\u0117s, nuo\u0161irdi u\u017euojauta ken\u010diantiems prisipildo pasaulio pa\u017einimo, kur\u012f mielai padovanot\u0173 savo prie\u0161ui. Karalien\u0117s El\u017ebietos II vizitas \u012f Lietuv\u0105, popie\u017eiaus Jono Pauliaus II i\u0161\u0117jimas, ra\u0161ytojo Remarko k\u016bryba sieja heroj\u0173 likimus. Rimtai juokingas Glen\u0173 gyvenimas atsiveria jausm\u0173 pieva su \u017eydin\u010diomis mimozomis ir pradingusiu m\u0117nuliu.<\/p>\n<p>Knyga apie moteris, vyrus, vaikus ir \u0161efus, gyvenan\u010dius Lietuvoje nuo kriz\u0117s iki kriz\u0117s (1999-2009 m.).<\/p>\n<p>\u201eJai atrod\u0117, kad iki \u0161ios nakties nebuvo band\u017eiusi pasiekti moters ir vyro jausm\u0173 vir\u0161\u016bn\u0117s, tik steb\u0117jo i\u0161 patogaus sl\u0117nio abejodama, ar verta kopti sta\u010diu \u0161laitu, kilti ten, kur nieko \u012fdomaus gali nerasti, tik pavojus.&#8221;<\/p>\n","protected":false},"featured_media":6356,"comment_status":"closed","ping_status":"closed","template":"","meta":{"_acf_changed":false,"site-sidebar-layout":"default","site-content-layout":"","ast-site-content-layout":"default","site-content-style":"default","site-sidebar-style":"default","ast-global-header-display":"","ast-banner-title-visibility":"","ast-main-header-display":"","ast-hfb-above-header-display":"","ast-hfb-below-header-display":"","ast-hfb-mobile-header-display":"","site-post-title":"","ast-breadcrumbs-content":"","ast-featured-img":"","footer-sml-layout":"","ast-disable-related-posts":"","theme-transparent-header-meta":"","adv-header-id-meta":"","stick-header-meta":"","header-above-stick-meta":"","header-main-stick-meta":"","header-below-stick-meta":"","astra-migrate-meta-layouts":"default","ast-page-background-enabled":"default","ast-page-background-meta":{"desktop":{"background-color":"","background-image":"","background-repeat":"repeat","background-position":"center center","background-size":"auto","background-attachment":"scroll","background-type":"","background-media":"","overlay-type":"","overlay-color":"","overlay-opacity":"","overlay-gradient":""},"tablet":{"background-color":"","background-image":"","background-repeat":"repeat","background-position":"center center","background-size":"auto","background-attachment":"scroll","background-type":"","background-media":"","overlay-type":"","overlay-color":"","overlay-opacity":"","overlay-gradient":""},"mobile":{"background-color":"","background-image":"","background-repeat":"repeat","background-position":"center center","background-size":"auto","background-attachment":"scroll","background-type":"","background-media":"","overlay-type":"","overlay-color":"","overlay-opacity":"","overlay-gradient":""}},"ast-content-background-meta":{"desktop":{"background-color":"var(--ast-global-color-4)","background-image":"","background-repeat":"repeat","background-position":"center center","background-size":"auto","background-attachment":"scroll","background-type":"","background-media":"","overlay-type":"","overlay-color":"","overlay-opacity":"","overlay-gradient":""},"tablet":{"background-color":"var(--ast-global-color-4)","background-image":"","background-repeat":"repeat","background-position":"center center","background-size":"auto","background-attachment":"scroll","background-type":"","background-media":"","overlay-type":"","overlay-color":"","overlay-opacity":"","overlay-gradient":""},"mobile":{"background-color":"var(--ast-global-color-4)","background-image":"","background-repeat":"repeat","background-position":"center center","background-size":"auto","background-attachment":"scroll","background-type":"","background-media":"","overlay-type":"","overlay-color":"","overlay-opacity":"","overlay-gradient":""}}},"product_brand":[],"product_cat":[31],"product_tag":[2003,1980,1796,1703],"class_list":{"0":"post-9199","1":"product","2":"type-product","3":"status-publish","4":"has-post-thumbnail","6":"product_cat-grozine-literatura","7":"product_tag-gyvenimo-dziaugsmas","8":"product_tag-humoras","9":"product_tag-meile","10":"product_tag-moteru-literatura","11":"desktop-align-left","12":"tablet-align-left","13":"mobile-align-left","15":"first","16":"instock","17":"shipping-taxable","18":"purchasable","19":"product-type-simple"},"acf":[],"yoast_head":"<!-- This site is optimized with the Yoast SEO plugin v27.0 - https:\/\/yoast.com\/product\/yoast-seo-wordpress\/ -->\n<title>Juokingos moters agap\u0117<\/title>\n<meta name=\"description\" content=\"Loreta Jastramskien\u0117\u00a0- ra\u0161ytoja ir \u017eurnalist\u0117, literat\u016brini\u0173 ir \u017eurnalistini\u0173 konkurs\u0173 laureat\u0117 bei prizinink\u0117.  Knyga\u00a0\u201eJuokingos moters agap\u0117&quot;\u00a0- antras autor\u0117s, ra\u0161an\u010dios neretu\u0161uotos socialin\u0117s tikrov\u0117s temomis, romanas.  Paul\u0117 ir Edgaras Glenai nori myl\u0117ti vienas kit\u0105, i\u0161mokslinti dukr\u0105 Teodor\u0105, r\u016bpintis atstumtaisiais. Ar visada nor\u0117ti yra gal\u0117ti, kaip dar vaikyst\u0117je i\u0161mokusi frankofon\u0117 Paul\u0117? Jos \u017eurnalistin\u0117s klajon\u0117s, nuo\u0161irdi u\u017euojauta ken\u010diantiems prisipildo pasaulio pa\u017einimo, kur\u012f mielai padovanot\u0173 savo prie\u0161ui. Karalien\u0117s El\u017ebietos II vizitas \u012f Lietuv\u0105, popie\u017eiaus Jono Pauliaus II i\u0161\u0117jimas, ra\u0161ytojo Remarko k\u016bryba sieja heroj\u0173 likimus. Rimtai juokingas Glen\u0173 gyvenimas atsiveria jausm\u0173 pieva su \u017eydin\u010diomis mimozomis ir pradingusiu m\u0117nuliu.  Knyga apie moteris, vyrus, vaikus ir \u0161efus, gyvenan\u010dius Lietuvoje nuo kriz\u0117s iki kriz\u0117s (1999-2009 m.).  \u201eJai atrod\u0117, kad iki \u0161ios nakties nebuvo band\u017eiusi pasiekti moters ir vyro jausm\u0173 vir\u0161\u016bn\u0117s, tik steb\u0117jo i\u0161 patogaus sl\u0117nio abejodama, ar verta kopti sta\u010diu \u0161laitu, kilti ten, kur nieko \u012fdomaus gali nerasti, tik pavojus.&quot;\" \/>\n<meta name=\"robots\" content=\"index, follow, max-snippet:-1, max-image-preview:large, max-video-preview:-1\" \/>\n<link rel=\"canonical\" href=\"https:\/\/skaitytaknyga.lt\/en\/produktas\/loreta-jastramskiene-juokingos-moters-agape-2\/\" \/>\n<meta property=\"og:locale\" content=\"en_GB\" \/>\n<meta property=\"og:locale:alternate\" content=\"lt_LT\" \/>\n<meta property=\"og:type\" content=\"article\" \/>\n<meta property=\"og:title\" content=\"Juokingos moters agap\u0117\" \/>\n<meta property=\"og:description\" content=\"Loreta Jastramskien\u0117\u00a0- ra\u0161ytoja ir \u017eurnalist\u0117, literat\u016brini\u0173 ir \u017eurnalistini\u0173 konkurs\u0173 laureat\u0117 bei prizinink\u0117.  Knyga\u00a0\u201eJuokingos moters agap\u0117&quot;\u00a0- antras autor\u0117s, ra\u0161an\u010dios neretu\u0161uotos socialin\u0117s tikrov\u0117s temomis, romanas.  Paul\u0117 ir Edgaras Glenai nori myl\u0117ti vienas kit\u0105, i\u0161mokslinti dukr\u0105 Teodor\u0105, r\u016bpintis atstumtaisiais. Ar visada nor\u0117ti yra gal\u0117ti, kaip dar vaikyst\u0117je i\u0161mokusi frankofon\u0117 Paul\u0117? Jos \u017eurnalistin\u0117s klajon\u0117s, nuo\u0161irdi u\u017euojauta ken\u010diantiems prisipildo pasaulio pa\u017einimo, kur\u012f mielai padovanot\u0173 savo prie\u0161ui. Karalien\u0117s El\u017ebietos II vizitas \u012f Lietuv\u0105, popie\u017eiaus Jono Pauliaus II i\u0161\u0117jimas, ra\u0161ytojo Remarko k\u016bryba sieja heroj\u0173 likimus. Rimtai juokingas Glen\u0173 gyvenimas atsiveria jausm\u0173 pieva su \u017eydin\u010diomis mimozomis ir pradingusiu m\u0117nuliu.  Knyga apie moteris, vyrus, vaikus ir \u0161efus, gyvenan\u010dius Lietuvoje nuo kriz\u0117s iki kriz\u0117s (1999-2009 m.).  \u201eJai atrod\u0117, kad iki \u0161ios nakties nebuvo band\u017eiusi pasiekti moters ir vyro jausm\u0173 vir\u0161\u016bn\u0117s, tik steb\u0117jo i\u0161 patogaus sl\u0117nio abejodama, ar verta kopti sta\u010diu \u0161laitu, kilti ten, kur nieko \u012fdomaus gali nerasti, tik pavojus.&quot;\" \/>\n<meta property=\"og:url\" content=\"https:\/\/skaitytaknyga.lt\/en\/produktas\/loreta-jastramskiene-juokingos-moters-agape-2\/\" \/>\n<meta property=\"og:site_name\" content=\"Skaitytaknyga\" \/>\n<meta property=\"article:publisher\" content=\"https:\/\/www.facebook.com\/skaitytaknyga\/\" \/>\n<meta property=\"article:modified_time\" content=\"2025-05-14T08:22:01+00:00\" \/>\n<meta property=\"og:image\" content=\"https:\/\/skaitytaknyga.lt\/wp-content\/uploads\/2024\/05\/1519030449_juokingos_moters_agape027_z1.jpg\" \/>\n\t<meta property=\"og:image:width\" content=\"254\" \/>\n\t<meta property=\"og:image:height\" content=\"430\" \/>\n\t<meta property=\"og:image:type\" content=\"image\/jpeg\" \/>\n<meta name=\"twitter:card\" content=\"summary_large_image\" \/>\n<meta name=\"twitter:label1\" content=\"Estimated reading time\" \/>\n\t<meta name=\"twitter:data1\" content=\"1 minute\" \/>\n<script type=\"application\/ld+json\" class=\"yoast-schema-graph\">{\"@context\":\"https:\/\/schema.org\",\"@graph\":[{\"@type\":\"WebPage\",\"@id\":\"https:\/\/skaitytaknyga.lt\/produktas\/loreta-jastramskiene-juokingos-moters-agape-2\/\",\"url\":\"https:\/\/skaitytaknyga.lt\/produktas\/loreta-jastramskiene-juokingos-moters-agape-2\/\",\"name\":\"Juokingos moters agap\u0117\",\"isPartOf\":{\"@id\":\"https:\/\/skaitytaknyga.lt\/#website\"},\"primaryImageOfPage\":{\"@id\":\"https:\/\/skaitytaknyga.lt\/produktas\/loreta-jastramskiene-juokingos-moters-agape-2\/#primaryimage\"},\"image\":{\"@id\":\"https:\/\/skaitytaknyga.lt\/produktas\/loreta-jastramskiene-juokingos-moters-agape-2\/#primaryimage\"},\"thumbnailUrl\":\"https:\/\/skaitytaknyga.lt\/wp-content\/uploads\/2024\/05\/1519030449_juokingos_moters_agape027_z1.jpg\",\"datePublished\":\"2024-05-04T14:58:53+00:00\",\"dateModified\":\"2025-05-14T08:22:01+00:00\",\"description\":\"Loreta Jastramskien\u0117\u00a0- ra\u0161ytoja ir \u017eurnalist\u0117, literat\u016brini\u0173 ir \u017eurnalistini\u0173 konkurs\u0173 laureat\u0117 bei prizinink\u0117. Knyga\u00a0\u201eJuokingos moters agap\u0117\\\"\u00a0- antras autor\u0117s, ra\u0161an\u010dios neretu\u0161uotos socialin\u0117s tikrov\u0117s temomis, romanas. Paul\u0117 ir Edgaras Glenai nori myl\u0117ti vienas kit\u0105, i\u0161mokslinti dukr\u0105 Teodor\u0105, r\u016bpintis atstumtaisiais. Ar visada nor\u0117ti yra gal\u0117ti, kaip dar vaikyst\u0117je i\u0161mokusi frankofon\u0117 Paul\u0117? Jos \u017eurnalistin\u0117s klajon\u0117s, nuo\u0161irdi u\u017euojauta ken\u010diantiems prisipildo pasaulio pa\u017einimo, kur\u012f mielai padovanot\u0173 savo prie\u0161ui. Karalien\u0117s El\u017ebietos II vizitas \u012f Lietuv\u0105, popie\u017eiaus Jono Pauliaus II i\u0161\u0117jimas, ra\u0161ytojo Remarko k\u016bryba sieja heroj\u0173 likimus. Rimtai juokingas Glen\u0173 gyvenimas atsiveria jausm\u0173 pieva su \u017eydin\u010diomis mimozomis ir pradingusiu m\u0117nuliu. Knyga apie moteris, vyrus, vaikus ir \u0161efus, gyvenan\u010dius Lietuvoje nuo kriz\u0117s iki kriz\u0117s (1999-2009 m.). \u201eJai atrod\u0117, kad iki \u0161ios nakties nebuvo band\u017eiusi pasiekti moters ir vyro jausm\u0173 vir\u0161\u016bn\u0117s, tik steb\u0117jo i\u0161 patogaus sl\u0117nio abejodama, ar verta kopti sta\u010diu \u0161laitu, kilti ten, kur nieko \u012fdomaus gali nerasti, tik pavojus.\\\"\",\"breadcrumb\":{\"@id\":\"https:\/\/skaitytaknyga.lt\/produktas\/loreta-jastramskiene-juokingos-moters-agape-2\/#breadcrumb\"},\"inLanguage\":\"en-GB\",\"potentialAction\":[{\"@type\":\"ReadAction\",\"target\":[\"https:\/\/skaitytaknyga.lt\/produktas\/loreta-jastramskiene-juokingos-moters-agape-2\/\"]}]},{\"@type\":\"ImageObject\",\"inLanguage\":\"en-GB\",\"@id\":\"https:\/\/skaitytaknyga.lt\/produktas\/loreta-jastramskiene-juokingos-moters-agape-2\/#primaryimage\",\"url\":\"https:\/\/skaitytaknyga.lt\/wp-content\/uploads\/2024\/05\/1519030449_juokingos_moters_agape027_z1.jpg\",\"contentUrl\":\"https:\/\/skaitytaknyga.lt\/wp-content\/uploads\/2024\/05\/1519030449_juokingos_moters_agape027_z1.jpg\",\"width\":254,\"height\":430},{\"@type\":\"BreadcrumbList\",\"@id\":\"https:\/\/skaitytaknyga.lt\/produktas\/loreta-jastramskiene-juokingos-moters-agape-2\/#breadcrumb\",\"itemListElement\":[{\"@type\":\"ListItem\",\"position\":1,\"name\":\"Home\",\"item\":\"https:\/\/skaitytaknyga.lt\/\"},{\"@type\":\"ListItem\",\"position\":2,\"name\":\"Parduotuv\u0117\",\"item\":\"https:\/\/skaitytaknyga.lt\/knygu-parduotuve\/\"},{\"@type\":\"ListItem\",\"position\":3,\"name\":\"Juokingos moters agap\u0117\"}]},{\"@type\":\"WebSite\",\"@id\":\"https:\/\/skaitytaknyga.lt\/#website\",\"url\":\"https:\/\/skaitytaknyga.lt\/\",\"name\":\"skaitytaknyga.lt\",\"description\":\"Skaitytaknyga.lt \u2013 tai ma\u017eas \u0161eimos verslas, kuris prasid\u0117jo nuo meil\u0117s knygoms ir siekio i\u0161gelb\u0117ti knygas nuo likimo prie konteinerio. Kas vienam nereikalingas daiktas \u2013 kitam lobis, o mes esame tarpininkai, kurie padeda abiems tapti laimingesniems ???? \u017dinome kaip nelengva i\u0161gyventi ma\u017eiems verslams, tad nuo \u0161iol, \u010dia rasite ir kit\u0173, ma\u017e\u0173 \u0161eim\u0173 versl\u0173, rank\u0173 darbo, dovan\u0173 sau ir artimiesiems.\",\"publisher\":{\"@id\":\"https:\/\/skaitytaknyga.lt\/#organization\"},\"potentialAction\":[{\"@type\":\"SearchAction\",\"target\":{\"@type\":\"EntryPoint\",\"urlTemplate\":\"https:\/\/skaitytaknyga.lt\/?s={search_term_string}\"},\"query-input\":{\"@type\":\"PropertyValueSpecification\",\"valueRequired\":true,\"valueName\":\"search_term_string\"}}],\"inLanguage\":\"en-GB\"},{\"@type\":\"Organization\",\"@id\":\"https:\/\/skaitytaknyga.lt\/#organization\",\"name\":\"skaitytaknyga.lt\",\"url\":\"https:\/\/skaitytaknyga.lt\/\",\"logo\":{\"@type\":\"ImageObject\",\"inLanguage\":\"en-GB\",\"@id\":\"https:\/\/skaitytaknyga.lt\/#\/schema\/logo\/image\/\",\"url\":\"https:\/\/skaitytaknyga.lt\/wp-content\/uploads\/2024\/05\/cropped-cropped-cropped-02_00843_jt3bggkj1j3HLc7SyY6rEUpg.jpeg\",\"contentUrl\":\"https:\/\/skaitytaknyga.lt\/wp-content\/uploads\/2024\/05\/cropped-cropped-cropped-02_00843_jt3bggkj1j3HLc7SyY6rEUpg.jpeg\",\"width\":1600,\"height\":1600,\"caption\":\"skaitytaknyga.lt\"},\"image\":{\"@id\":\"https:\/\/skaitytaknyga.lt\/#\/schema\/logo\/image\/\"},\"sameAs\":[\"https:\/\/www.facebook.com\/skaitytaknyga\/\"]}]}<\/script>\n<!-- \/ Yoast SEO plugin. -->","yoast_head_json":{"title":"Juokingos moters agap\u0117","description":"Loreta Jastramskien\u0117\u00a0- ra\u0161ytoja ir \u017eurnalist\u0117, literat\u016brini\u0173 ir \u017eurnalistini\u0173 konkurs\u0173 laureat\u0117 bei prizinink\u0117.  Knyga\u00a0\u201eJuokingos moters agap\u0117\"\u00a0- antras autor\u0117s, ra\u0161an\u010dios neretu\u0161uotos socialin\u0117s tikrov\u0117s temomis, romanas.  Paul\u0117 ir Edgaras Glenai nori myl\u0117ti vienas kit\u0105, i\u0161mokslinti dukr\u0105 Teodor\u0105, r\u016bpintis atstumtaisiais. Ar visada nor\u0117ti yra gal\u0117ti, kaip dar vaikyst\u0117je i\u0161mokusi frankofon\u0117 Paul\u0117? Jos \u017eurnalistin\u0117s klajon\u0117s, nuo\u0161irdi u\u017euojauta ken\u010diantiems prisipildo pasaulio pa\u017einimo, kur\u012f mielai padovanot\u0173 savo prie\u0161ui. Karalien\u0117s El\u017ebietos II vizitas \u012f Lietuv\u0105, popie\u017eiaus Jono Pauliaus II i\u0161\u0117jimas, ra\u0161ytojo Remarko k\u016bryba sieja heroj\u0173 likimus. Rimtai juokingas Glen\u0173 gyvenimas atsiveria jausm\u0173 pieva su \u017eydin\u010diomis mimozomis ir pradingusiu m\u0117nuliu.  Knyga apie moteris, vyrus, vaikus ir \u0161efus, gyvenan\u010dius Lietuvoje nuo kriz\u0117s iki kriz\u0117s (1999-2009 m.).  \u201eJai atrod\u0117, kad iki \u0161ios nakties nebuvo band\u017eiusi pasiekti moters ir vyro jausm\u0173 vir\u0161\u016bn\u0117s, tik steb\u0117jo i\u0161 patogaus sl\u0117nio abejodama, ar verta kopti sta\u010diu \u0161laitu, kilti ten, kur nieko \u012fdomaus gali nerasti, tik pavojus.\"","robots":{"index":"index","follow":"follow","max-snippet":"max-snippet:-1","max-image-preview":"max-image-preview:large","max-video-preview":"max-video-preview:-1"},"canonical":"https:\/\/skaitytaknyga.lt\/en\/produktas\/loreta-jastramskiene-juokingos-moters-agape-2\/","og_locale":"en_GB","og_type":"article","og_title":"[:lt]Juokingos moters agap\u0117[:] - Skaitytaknyga","og_description":"Loreta Jastramskien\u0117\u00a0- ra\u0161ytoja ir \u017eurnalist\u0117, literat\u016brini\u0173 ir \u017eurnalistini\u0173 konkurs\u0173 laureat\u0117 bei prizinink\u0117.  Knyga\u00a0\u201eJuokingos moters agap\u0117\"\u00a0- antras autor\u0117s, ra\u0161an\u010dios neretu\u0161uotos socialin\u0117s tikrov\u0117s temomis, romanas.  Paul\u0117 ir Edgaras Glenai nori myl\u0117ti vienas kit\u0105, i\u0161mokslinti dukr\u0105 Teodor\u0105, r\u016bpintis atstumtaisiais. Ar visada nor\u0117ti yra gal\u0117ti, kaip dar vaikyst\u0117je i\u0161mokusi frankofon\u0117 Paul\u0117? Jos \u017eurnalistin\u0117s klajon\u0117s, nuo\u0161irdi u\u017euojauta ken\u010diantiems prisipildo pasaulio pa\u017einimo, kur\u012f mielai padovanot\u0173 savo prie\u0161ui. Karalien\u0117s El\u017ebietos II vizitas \u012f Lietuv\u0105, popie\u017eiaus Jono Pauliaus II i\u0161\u0117jimas, ra\u0161ytojo Remarko k\u016bryba sieja heroj\u0173 likimus. Rimtai juokingas Glen\u0173 gyvenimas atsiveria jausm\u0173 pieva su \u017eydin\u010diomis mimozomis ir pradingusiu m\u0117nuliu.  Knyga apie moteris, vyrus, vaikus ir \u0161efus, gyvenan\u010dius Lietuvoje nuo kriz\u0117s iki kriz\u0117s (1999-2009 m.).  \u201eJai atrod\u0117, kad iki \u0161ios nakties nebuvo band\u017eiusi pasiekti moters ir vyro jausm\u0173 vir\u0161\u016bn\u0117s, tik steb\u0117jo i\u0161 patogaus sl\u0117nio abejodama, ar verta kopti sta\u010diu \u0161laitu, kilti ten, kur nieko \u012fdomaus gali nerasti, tik pavojus.\"","og_url":"https:\/\/skaitytaknyga.lt\/en\/produktas\/loreta-jastramskiene-juokingos-moters-agape-2\/","og_site_name":"Skaitytaknyga","article_publisher":"https:\/\/www.facebook.com\/skaitytaknyga\/","article_modified_time":"2025-05-14T08:22:01+00:00","og_image":[{"width":254,"height":430,"url":"https:\/\/skaitytaknyga.lt\/wp-content\/uploads\/2024\/05\/1519030449_juokingos_moters_agape027_z1.jpg","type":"image\/jpeg"}],"twitter_card":"summary_large_image","twitter_misc":{"Estimated reading time":"1 minute"},"schema":{"@context":"https:\/\/schema.org","@graph":[{"@type":"WebPage","@id":"https:\/\/skaitytaknyga.lt\/produktas\/loreta-jastramskiene-juokingos-moters-agape-2\/","url":"https:\/\/skaitytaknyga.lt\/produktas\/loreta-jastramskiene-juokingos-moters-agape-2\/","name":"Juokingos moters agap\u0117","isPartOf":{"@id":"https:\/\/skaitytaknyga.lt\/#website"},"primaryImageOfPage":{"@id":"https:\/\/skaitytaknyga.lt\/produktas\/loreta-jastramskiene-juokingos-moters-agape-2\/#primaryimage"},"image":{"@id":"https:\/\/skaitytaknyga.lt\/produktas\/loreta-jastramskiene-juokingos-moters-agape-2\/#primaryimage"},"thumbnailUrl":"https:\/\/skaitytaknyga.lt\/wp-content\/uploads\/2024\/05\/1519030449_juokingos_moters_agape027_z1.jpg","datePublished":"2024-05-04T14:58:53+00:00","dateModified":"2025-05-14T08:22:01+00:00","description":"Loreta Jastramskien\u0117\u00a0- ra\u0161ytoja ir \u017eurnalist\u0117, literat\u016brini\u0173 ir \u017eurnalistini\u0173 konkurs\u0173 laureat\u0117 bei prizinink\u0117. Knyga\u00a0\u201eJuokingos moters agap\u0117\"\u00a0- antras autor\u0117s, ra\u0161an\u010dios neretu\u0161uotos socialin\u0117s tikrov\u0117s temomis, romanas. Paul\u0117 ir Edgaras Glenai nori myl\u0117ti vienas kit\u0105, i\u0161mokslinti dukr\u0105 Teodor\u0105, r\u016bpintis atstumtaisiais. Ar visada nor\u0117ti yra gal\u0117ti, kaip dar vaikyst\u0117je i\u0161mokusi frankofon\u0117 Paul\u0117? Jos \u017eurnalistin\u0117s klajon\u0117s, nuo\u0161irdi u\u017euojauta ken\u010diantiems prisipildo pasaulio pa\u017einimo, kur\u012f mielai padovanot\u0173 savo prie\u0161ui. Karalien\u0117s El\u017ebietos II vizitas \u012f Lietuv\u0105, popie\u017eiaus Jono Pauliaus II i\u0161\u0117jimas, ra\u0161ytojo Remarko k\u016bryba sieja heroj\u0173 likimus. Rimtai juokingas Glen\u0173 gyvenimas atsiveria jausm\u0173 pieva su \u017eydin\u010diomis mimozomis ir pradingusiu m\u0117nuliu. Knyga apie moteris, vyrus, vaikus ir \u0161efus, gyvenan\u010dius Lietuvoje nuo kriz\u0117s iki kriz\u0117s (1999-2009 m.). \u201eJai atrod\u0117, kad iki \u0161ios nakties nebuvo band\u017eiusi pasiekti moters ir vyro jausm\u0173 vir\u0161\u016bn\u0117s, tik steb\u0117jo i\u0161 patogaus sl\u0117nio abejodama, ar verta kopti sta\u010diu \u0161laitu, kilti ten, kur nieko \u012fdomaus gali nerasti, tik pavojus.\"","breadcrumb":{"@id":"https:\/\/skaitytaknyga.lt\/produktas\/loreta-jastramskiene-juokingos-moters-agape-2\/#breadcrumb"},"inLanguage":"en-GB","potentialAction":[{"@type":"ReadAction","target":["https:\/\/skaitytaknyga.lt\/produktas\/loreta-jastramskiene-juokingos-moters-agape-2\/"]}]},{"@type":"ImageObject","inLanguage":"en-GB","@id":"https:\/\/skaitytaknyga.lt\/produktas\/loreta-jastramskiene-juokingos-moters-agape-2\/#primaryimage","url":"https:\/\/skaitytaknyga.lt\/wp-content\/uploads\/2024\/05\/1519030449_juokingos_moters_agape027_z1.jpg","contentUrl":"https:\/\/skaitytaknyga.lt\/wp-content\/uploads\/2024\/05\/1519030449_juokingos_moters_agape027_z1.jpg","width":254,"height":430},{"@type":"BreadcrumbList","@id":"https:\/\/skaitytaknyga.lt\/produktas\/loreta-jastramskiene-juokingos-moters-agape-2\/#breadcrumb","itemListElement":[{"@type":"ListItem","position":1,"name":"Home","item":"https:\/\/skaitytaknyga.lt\/"},{"@type":"ListItem","position":2,"name":"Parduotuv\u0117","item":"https:\/\/skaitytaknyga.lt\/knygu-parduotuve\/"},{"@type":"ListItem","position":3,"name":"Juokingos moters agap\u0117"}]},{"@type":"WebSite","@id":"https:\/\/skaitytaknyga.lt\/#website","url":"https:\/\/skaitytaknyga.lt\/","name":"skaitytaknyga.lt","description":"Skaitytaknyga.lt \u2013 tai ma\u017eas \u0161eimos verslas, kuris prasid\u0117jo nuo meil\u0117s knygoms ir siekio i\u0161gelb\u0117ti knygas nuo likimo prie konteinerio. Kas vienam nereikalingas daiktas \u2013 kitam lobis, o mes esame tarpininkai, kurie padeda abiems tapti laimingesniems ???? \u017dinome kaip nelengva i\u0161gyventi ma\u017eiems verslams, tad nuo \u0161iol, \u010dia rasite ir kit\u0173, ma\u017e\u0173 \u0161eim\u0173 versl\u0173, rank\u0173 darbo, dovan\u0173 sau ir artimiesiems.","publisher":{"@id":"https:\/\/skaitytaknyga.lt\/#organization"},"potentialAction":[{"@type":"SearchAction","target":{"@type":"EntryPoint","urlTemplate":"https:\/\/skaitytaknyga.lt\/?s={search_term_string}"},"query-input":{"@type":"PropertyValueSpecification","valueRequired":true,"valueName":"search_term_string"}}],"inLanguage":"en-GB"},{"@type":"Organization","@id":"https:\/\/skaitytaknyga.lt\/#organization","name":"skaitytaknyga.lt","url":"https:\/\/skaitytaknyga.lt\/","logo":{"@type":"ImageObject","inLanguage":"en-GB","@id":"https:\/\/skaitytaknyga.lt\/#\/schema\/logo\/image\/","url":"https:\/\/skaitytaknyga.lt\/wp-content\/uploads\/2024\/05\/cropped-cropped-cropped-02_00843_jt3bggkj1j3HLc7SyY6rEUpg.jpeg","contentUrl":"https:\/\/skaitytaknyga.lt\/wp-content\/uploads\/2024\/05\/cropped-cropped-cropped-02_00843_jt3bggkj1j3HLc7SyY6rEUpg.jpeg","width":1600,"height":1600,"caption":"skaitytaknyga.lt"},"image":{"@id":"https:\/\/skaitytaknyga.lt\/#\/schema\/logo\/image\/"},"sameAs":["https:\/\/www.facebook.com\/skaitytaknyga\/"]}]}},"_links":{"self":[{"href":"https:\/\/skaitytaknyga.lt\/en\/wp-json\/wp\/v2\/product\/9199","targetHints":{"allow":["GET"]}}],"collection":[{"href":"https:\/\/skaitytaknyga.lt\/en\/wp-json\/wp\/v2\/product"}],"about":[{"href":"https:\/\/skaitytaknyga.lt\/en\/wp-json\/wp\/v2\/types\/product"}],"replies":[{"embeddable":true,"href":"https:\/\/skaitytaknyga.lt\/en\/wp-json\/wp\/v2\/comments?post=9199"}],"wp:featuredmedia":[{"embeddable":true,"href":"https:\/\/skaitytaknyga.lt\/en\/wp-json\/wp\/v2\/media\/6356"}],"wp:attachment":[{"href":"https:\/\/skaitytaknyga.lt\/en\/wp-json\/wp\/v2\/media?parent=9199"}],"wp:term":[{"taxonomy":"product_brand","embeddable":true,"href":"https:\/\/skaitytaknyga.lt\/en\/wp-json\/wp\/v2\/product_brand?post=9199"},{"taxonomy":"product_cat","embeddable":true,"href":"https:\/\/skaitytaknyga.lt\/en\/wp-json\/wp\/v2\/product_cat?post=9199"},{"taxonomy":"product_tag","embeddable":true,"href":"https:\/\/skaitytaknyga.lt\/en\/wp-json\/wp\/v2\/product_tag?post=9199"}],"curies":[{"name":"wp","href":"https:\/\/api.w.org\/{rel}","templated":true}]}}