{"id":9198,"date":"2024-05-04T14:58:52","date_gmt":"2024-05-04T14:58:52","guid":{"rendered":"https:\/\/skaitytaknyga.lt\/?post_type=product&#038;p=9198"},"modified":"2026-04-01T10:45:37","modified_gmt":"2026-04-01T07:45:37","slug":"sigitas-parulskis-miegas-ir-kitos-moterys2","status":"publish","type":"product","link":"https:\/\/skaitytaknyga.lt\/en\/produktas\/sigitas-parulskis-miegas-ir-kitos-moterys2\/","title":{"rendered":"Sigitas Parulskis \u201eMiegas ir kitos moterys\u201c"},"content":{"rendered":"<p>Miegas ir kitos moterys &#8211; antras populiaraus lietuvi\u0173 ra\u0161ytojo Sigito Parulskio es\u0117 rinkinys. Knyg\u0105 sudaro 2001 -2005 metais spaudoje publikuotos es\u0117. Tekstuose &#8211; kai kuriuos i\u0161 j\u0173 galima pavadinti novel\u0117mis &#8211; praskleisdamas asmenin\u0119 patirt\u012f Parulskis i\u0161kelia aktualius \u0161iuolaikiniam \u017emogui vertybi\u0173 klausimus, dekonstruoja m\u016bs\u0173 kasdienio gyvenimo stereotipus, demaskuoja prigijusias kli\u0161es.<\/p>\n<p>I\u0161laikydamas jam b\u016bding\u0105 (auto)ironij\u0105, grotesk\u0105 ir \u0161ar\u017e\u0105, jis paradoksaliai atskleid\u017eia apra\u0161om\u0173 dalyk\u0173 esm\u0119. Es\u0117 knygoje Parulskis tampa gyvenimo m\u0105stytoju, meno ir literat\u016bros vertintoju.<\/p>\n","protected":false},"excerpt":{"rendered":"<p>Miegas ir kitos moterys &#8211; antras populiaraus lietuvi\u0173 ra\u0161ytojo Sigito Parulskio es\u0117 rinkinys. Knyg\u0105 sudaro 2001 -2005 metais spaudoje publikuotos es\u0117. Tekstuose &#8211; kai kuriuos i\u0161 j\u0173 galima pavadinti novel\u0117mis &#8211; praskleisdamas asmenin\u0119 patirt\u012f Parulskis i\u0161kelia aktualius \u0161iuolaikiniam \u017emogui vertybi\u0173 klausimus, dekonstruoja m\u016bs\u0173 kasdienio gyvenimo stereotipus, demaskuoja prigijusias kli\u0161es.<\/p>\n<p>I\u0161laikydamas jam b\u016bding\u0105 (auto)ironij\u0105, grotesk\u0105 ir \u0161ar\u017e\u0105, jis paradoksaliai atskleid\u017eia apra\u0161om\u0173 dalyk\u0173 esm\u0119. Es\u0117 knygoje Parulskis tampa gyvenimo m\u0105stytoju, meno ir literat\u016bros vertintoju.<\/p>\n","protected":false},"featured_media":6355,"comment_status":"closed","ping_status":"closed","template":"","meta":{"_acf_changed":false,"site-sidebar-layout":"default","site-content-layout":"","ast-site-content-layout":"default","site-content-style":"default","site-sidebar-style":"default","ast-global-header-display":"","ast-banner-title-visibility":"","ast-main-header-display":"","ast-hfb-above-header-display":"","ast-hfb-below-header-display":"","ast-hfb-mobile-header-display":"","site-post-title":"","ast-breadcrumbs-content":"","ast-featured-img":"","footer-sml-layout":"","ast-disable-related-posts":"","theme-transparent-header-meta":"","adv-header-id-meta":"","stick-header-meta":"","header-above-stick-meta":"","header-main-stick-meta":"","header-below-stick-meta":"","astra-migrate-meta-layouts":"default","ast-page-background-enabled":"default","ast-page-background-meta":{"desktop":{"background-color":"","background-image":"","background-repeat":"repeat","background-position":"center center","background-size":"auto","background-attachment":"scroll","background-type":"","background-media":"","overlay-type":"","overlay-color":"","overlay-opacity":"","overlay-gradient":""},"tablet":{"background-color":"","background-image":"","background-repeat":"repeat","background-position":"center center","background-size":"auto","background-attachment":"scroll","background-type":"","background-media":"","overlay-type":"","overlay-color":"","overlay-opacity":"","overlay-gradient":""},"mobile":{"background-color":"","background-image":"","background-repeat":"repeat","background-position":"center center","background-size":"auto","background-attachment":"scroll","background-type":"","background-media":"","overlay-type":"","overlay-color":"","overlay-opacity":"","overlay-gradient":""}},"ast-content-background-meta":{"desktop":{"background-color":"var(--ast-global-color-4)","background-image":"","background-repeat":"repeat","background-position":"center center","background-size":"auto","background-attachment":"scroll","background-type":"","background-media":"","overlay-type":"","overlay-color":"","overlay-opacity":"","overlay-gradient":""},"tablet":{"background-color":"var(--ast-global-color-4)","background-image":"","background-repeat":"repeat","background-position":"center center","background-size":"auto","background-attachment":"scroll","background-type":"","background-media":"","overlay-type":"","overlay-color":"","overlay-opacity":"","overlay-gradient":""},"mobile":{"background-color":"var(--ast-global-color-4)","background-image":"","background-repeat":"repeat","background-position":"center center","background-size":"auto","background-attachment":"scroll","background-type":"","background-media":"","overlay-type":"","overlay-color":"","overlay-opacity":"","overlay-gradient":""}}},"product_brand":[],"product_cat":[31,9590],"product_tag":[],"class_list":{"0":"post-9198","1":"product","2":"type-product","3":"status-publish","4":"has-post-thumbnail","6":"product_cat-grozine-literatura","7":"product_cat-lietuviu-literatura","8":"desktop-align-left","9":"tablet-align-left","10":"mobile-align-left","12":"first","13":"instock","14":"shipping-taxable","15":"purchasable","16":"product-type-simple"},"acf":[],"yoast_head":"<!-- This site is optimized with the Yoast SEO plugin v27.4 - https:\/\/yoast.com\/product\/yoast-seo-wordpress\/ -->\n<title>Sigitas Parulskis \u201eMiegas ir kitos moterys\u201c<\/title>\n<meta name=\"description\" content=\"Miegas ir kitos moterys - antras populiaraus lietuvi\u0173 ra\u0161ytojo Sigito Parulskio es\u0117 rinkinys. Knyg\u0105 sudaro 2001 -2005 metais spaudoje publikuotos es\u0117. Tekstuose - kai kuriuos i\u0161 j\u0173 galima pavadinti novel\u0117mis - praskleisdamas asmenin\u0119 patirt\u012f Parulskis i\u0161kelia aktualius \u0161iuolaikiniam \u017emogui vertybi\u0173 klausimus, dekonstruoja m\u016bs\u0173 kasdienio gyvenimo stereotipus, demaskuoja prigijusias kli\u0161es.  I\u0161laikydamas jam b\u016bding\u0105 (auto)ironij\u0105, grotesk\u0105 ir \u0161ar\u017e\u0105, jis paradoksaliai atskleid\u017eia apra\u0161om\u0173 dalyk\u0173 esm\u0119. Es\u0117 knygoje Parulskis tampa gyvenimo m\u0105stytoju, meno ir literat\u016bros vertintoju.\" \/>\n<meta name=\"robots\" content=\"index, follow, max-snippet:-1, max-image-preview:large, max-video-preview:-1\" \/>\n<link rel=\"canonical\" href=\"https:\/\/skaitytaknyga.lt\/en\/produktas\/sigitas-parulskis-miegas-ir-kitos-moterys2\/\" \/>\n<meta property=\"og:locale\" content=\"en_GB\" \/>\n<meta property=\"og:locale:alternate\" content=\"lt_LT\" \/>\n<meta property=\"og:type\" content=\"article\" \/>\n<meta property=\"og:title\" content=\"Sigitas Parulskis \u201eMiegas ir kitos moterys\u201c\" \/>\n<meta property=\"og:description\" content=\"Miegas ir kitos moterys - antras populiaraus lietuvi\u0173 ra\u0161ytojo Sigito Parulskio es\u0117 rinkinys. Knyg\u0105 sudaro 2001 -2005 metais spaudoje publikuotos es\u0117. Tekstuose - kai kuriuos i\u0161 j\u0173 galima pavadinti novel\u0117mis - praskleisdamas asmenin\u0119 patirt\u012f Parulskis i\u0161kelia aktualius \u0161iuolaikiniam \u017emogui vertybi\u0173 klausimus, dekonstruoja m\u016bs\u0173 kasdienio gyvenimo stereotipus, demaskuoja prigijusias kli\u0161es.  I\u0161laikydamas jam b\u016bding\u0105 (auto)ironij\u0105, grotesk\u0105 ir \u0161ar\u017e\u0105, jis paradoksaliai atskleid\u017eia apra\u0161om\u0173 dalyk\u0173 esm\u0119. Es\u0117 knygoje Parulskis tampa gyvenimo m\u0105stytoju, meno ir literat\u016bros vertintoju.\" \/>\n<meta property=\"og:url\" content=\"https:\/\/skaitytaknyga.lt\/en\/produktas\/sigitas-parulskis-miegas-ir-kitos-moterys2\/\" \/>\n<meta property=\"og:site_name\" content=\"Skaitytaknyga\" \/>\n<meta property=\"article:publisher\" content=\"https:\/\/www.facebook.com\/skaitytaknyga\/\" \/>\n<meta property=\"article:modified_time\" content=\"2026-04-01T07:45:37+00:00\" \/>\n<meta property=\"og:image\" content=\"https:\/\/skaitytaknyga.lt\/wp-content\/uploads\/2024\/05\/1462878025_miegasirkitosmoterys.jpg\" \/>\n\t<meta property=\"og:image:width\" content=\"287\" \/>\n\t<meta property=\"og:image:height\" content=\"430\" \/>\n\t<meta property=\"og:image:type\" content=\"image\/jpeg\" \/>\n<meta name=\"twitter:card\" content=\"summary_large_image\" \/>\n<script type=\"application\/ld+json\" class=\"yoast-schema-graph\">{\"@context\":\"https:\\\/\\\/schema.org\",\"@graph\":[{\"@type\":\"WebPage\",\"@id\":\"https:\\\/\\\/skaitytaknyga.lt\\\/produktas\\\/sigitas-parulskis-miegas-ir-kitos-moterys2\\\/\",\"url\":\"https:\\\/\\\/skaitytaknyga.lt\\\/produktas\\\/sigitas-parulskis-miegas-ir-kitos-moterys2\\\/\",\"name\":\"Sigitas Parulskis \u201eMiegas ir kitos moterys\u201c\",\"isPartOf\":{\"@id\":\"https:\\\/\\\/skaitytaknyga.lt\\\/#website\"},\"primaryImageOfPage\":{\"@id\":\"https:\\\/\\\/skaitytaknyga.lt\\\/produktas\\\/sigitas-parulskis-miegas-ir-kitos-moterys2\\\/#primaryimage\"},\"image\":{\"@id\":\"https:\\\/\\\/skaitytaknyga.lt\\\/produktas\\\/sigitas-parulskis-miegas-ir-kitos-moterys2\\\/#primaryimage\"},\"thumbnailUrl\":\"https:\\\/\\\/skaitytaknyga.lt\\\/wp-content\\\/uploads\\\/2024\\\/05\\\/1462878025_miegasirkitosmoterys.jpg\",\"datePublished\":\"2024-05-04T14:58:52+00:00\",\"dateModified\":\"2026-04-01T07:45:37+00:00\",\"description\":\"Miegas ir kitos moterys - antras populiaraus lietuvi\u0173 ra\u0161ytojo Sigito Parulskio es\u0117 rinkinys. Knyg\u0105 sudaro 2001 -2005 metais spaudoje publikuotos es\u0117. Tekstuose - kai kuriuos i\u0161 j\u0173 galima pavadinti novel\u0117mis - praskleisdamas asmenin\u0119 patirt\u012f Parulskis i\u0161kelia aktualius \u0161iuolaikiniam \u017emogui vertybi\u0173 klausimus, dekonstruoja m\u016bs\u0173 kasdienio gyvenimo stereotipus, demaskuoja prigijusias kli\u0161es. I\u0161laikydamas jam b\u016bding\u0105 (auto)ironij\u0105, grotesk\u0105 ir \u0161ar\u017e\u0105, jis paradoksaliai atskleid\u017eia apra\u0161om\u0173 dalyk\u0173 esm\u0119. Es\u0117 knygoje Parulskis tampa gyvenimo m\u0105stytoju, meno ir literat\u016bros vertintoju.\",\"breadcrumb\":{\"@id\":\"https:\\\/\\\/skaitytaknyga.lt\\\/produktas\\\/sigitas-parulskis-miegas-ir-kitos-moterys2\\\/#breadcrumb\"},\"inLanguage\":\"en-GB\",\"potentialAction\":[{\"@type\":\"ReadAction\",\"target\":[\"https:\\\/\\\/skaitytaknyga.lt\\\/produktas\\\/sigitas-parulskis-miegas-ir-kitos-moterys2\\\/\"]}]},{\"@type\":\"ImageObject\",\"inLanguage\":\"en-GB\",\"@id\":\"https:\\\/\\\/skaitytaknyga.lt\\\/produktas\\\/sigitas-parulskis-miegas-ir-kitos-moterys2\\\/#primaryimage\",\"url\":\"https:\\\/\\\/skaitytaknyga.lt\\\/wp-content\\\/uploads\\\/2024\\\/05\\\/1462878025_miegasirkitosmoterys.jpg\",\"contentUrl\":\"https:\\\/\\\/skaitytaknyga.lt\\\/wp-content\\\/uploads\\\/2024\\\/05\\\/1462878025_miegasirkitosmoterys.jpg\",\"width\":287,\"height\":430},{\"@type\":\"BreadcrumbList\",\"@id\":\"https:\\\/\\\/skaitytaknyga.lt\\\/produktas\\\/sigitas-parulskis-miegas-ir-kitos-moterys2\\\/#breadcrumb\",\"itemListElement\":[{\"@type\":\"ListItem\",\"position\":1,\"name\":\"Home\",\"item\":\"https:\\\/\\\/skaitytaknyga.lt\\\/\"},{\"@type\":\"ListItem\",\"position\":2,\"name\":\"Parduotuv\u0117\",\"item\":\"https:\\\/\\\/skaitytaknyga.lt\\\/knygu-parduotuve\\\/\"},{\"@type\":\"ListItem\",\"position\":3,\"name\":\"Sigitas Parulskis \u201eMiegas ir kitos moterys\u201c\"}]},{\"@type\":\"WebSite\",\"@id\":\"https:\\\/\\\/skaitytaknyga.lt\\\/#website\",\"url\":\"https:\\\/\\\/skaitytaknyga.lt\\\/\",\"name\":\"skaitytaknyga.lt\",\"description\":\"Skaitytaknyga.lt \u2013 tai ma\u017eas \u0161eimos verslas, kuris prasid\u0117jo nuo meil\u0117s knygoms ir siekio i\u0161gelb\u0117ti knygas nuo likimo prie konteinerio. Kas vienam nereikalingas daiktas \u2013 kitam lobis, o mes esame tarpininkai, kurie padeda abiems tapti laimingesniems ???? \u017dinome kaip nelengva i\u0161gyventi ma\u017eiems verslams, tad nuo \u0161iol, \u010dia rasite ir kit\u0173, ma\u017e\u0173 \u0161eim\u0173 versl\u0173, rank\u0173 darbo, dovan\u0173 sau ir artimiesiems.\",\"publisher\":{\"@id\":\"https:\\\/\\\/skaitytaknyga.lt\\\/#organization\"},\"potentialAction\":[{\"@type\":\"SearchAction\",\"target\":{\"@type\":\"EntryPoint\",\"urlTemplate\":\"https:\\\/\\\/skaitytaknyga.lt\\\/?s={search_term_string}\"},\"query-input\":{\"@type\":\"PropertyValueSpecification\",\"valueRequired\":true,\"valueName\":\"search_term_string\"}}],\"inLanguage\":\"en-GB\"},{\"@type\":\"Organization\",\"@id\":\"https:\\\/\\\/skaitytaknyga.lt\\\/#organization\",\"name\":\"skaitytaknyga.lt\",\"url\":\"https:\\\/\\\/skaitytaknyga.lt\\\/\",\"logo\":{\"@type\":\"ImageObject\",\"inLanguage\":\"en-GB\",\"@id\":\"https:\\\/\\\/skaitytaknyga.lt\\\/#\\\/schema\\\/logo\\\/image\\\/\",\"url\":\"https:\\\/\\\/skaitytaknyga.lt\\\/wp-content\\\/uploads\\\/2024\\\/05\\\/cropped-cropped-cropped-02_00843_jt3bggkj1j3HLc7SyY6rEUpg.jpeg\",\"contentUrl\":\"https:\\\/\\\/skaitytaknyga.lt\\\/wp-content\\\/uploads\\\/2024\\\/05\\\/cropped-cropped-cropped-02_00843_jt3bggkj1j3HLc7SyY6rEUpg.jpeg\",\"width\":1600,\"height\":1600,\"caption\":\"skaitytaknyga.lt\"},\"image\":{\"@id\":\"https:\\\/\\\/skaitytaknyga.lt\\\/#\\\/schema\\\/logo\\\/image\\\/\"},\"sameAs\":[\"https:\\\/\\\/www.facebook.com\\\/skaitytaknyga\\\/\"]}]}<\/script>\n<!-- \/ Yoast SEO plugin. -->","yoast_head_json":{"title":"Sigitas Parulskis \u201eMiegas ir kitos moterys\u201c","description":"Miegas ir kitos moterys - antras populiaraus lietuvi\u0173 ra\u0161ytojo Sigito Parulskio es\u0117 rinkinys. Knyg\u0105 sudaro 2001 -2005 metais spaudoje publikuotos es\u0117. Tekstuose - kai kuriuos i\u0161 j\u0173 galima pavadinti novel\u0117mis - praskleisdamas asmenin\u0119 patirt\u012f Parulskis i\u0161kelia aktualius \u0161iuolaikiniam \u017emogui vertybi\u0173 klausimus, dekonstruoja m\u016bs\u0173 kasdienio gyvenimo stereotipus, demaskuoja prigijusias kli\u0161es.  I\u0161laikydamas jam b\u016bding\u0105 (auto)ironij\u0105, grotesk\u0105 ir \u0161ar\u017e\u0105, jis paradoksaliai atskleid\u017eia apra\u0161om\u0173 dalyk\u0173 esm\u0119. Es\u0117 knygoje Parulskis tampa gyvenimo m\u0105stytoju, meno ir literat\u016bros vertintoju.","robots":{"index":"index","follow":"follow","max-snippet":"max-snippet:-1","max-image-preview":"max-image-preview:large","max-video-preview":"max-video-preview:-1"},"canonical":"https:\/\/skaitytaknyga.lt\/en\/produktas\/sigitas-parulskis-miegas-ir-kitos-moterys2\/","og_locale":"en_GB","og_type":"article","og_title":"[:lt]Sigitas Parulskis \u201eMiegas ir kitos moterys\u201c[:] - Skaitytaknyga","og_description":"Miegas ir kitos moterys - antras populiaraus lietuvi\u0173 ra\u0161ytojo Sigito Parulskio es\u0117 rinkinys. Knyg\u0105 sudaro 2001 -2005 metais spaudoje publikuotos es\u0117. Tekstuose - kai kuriuos i\u0161 j\u0173 galima pavadinti novel\u0117mis - praskleisdamas asmenin\u0119 patirt\u012f Parulskis i\u0161kelia aktualius \u0161iuolaikiniam \u017emogui vertybi\u0173 klausimus, dekonstruoja m\u016bs\u0173 kasdienio gyvenimo stereotipus, demaskuoja prigijusias kli\u0161es.  I\u0161laikydamas jam b\u016bding\u0105 (auto)ironij\u0105, grotesk\u0105 ir \u0161ar\u017e\u0105, jis paradoksaliai atskleid\u017eia apra\u0161om\u0173 dalyk\u0173 esm\u0119. Es\u0117 knygoje Parulskis tampa gyvenimo m\u0105stytoju, meno ir literat\u016bros vertintoju.","og_url":"https:\/\/skaitytaknyga.lt\/en\/produktas\/sigitas-parulskis-miegas-ir-kitos-moterys2\/","og_site_name":"Skaitytaknyga","article_publisher":"https:\/\/www.facebook.com\/skaitytaknyga\/","article_modified_time":"2026-04-01T07:45:37+00:00","og_image":[{"width":287,"height":430,"url":"https:\/\/skaitytaknyga.lt\/wp-content\/uploads\/2024\/05\/1462878025_miegasirkitosmoterys.jpg","type":"image\/jpeg"}],"twitter_card":"summary_large_image","schema":{"@context":"https:\/\/schema.org","@graph":[{"@type":"WebPage","@id":"https:\/\/skaitytaknyga.lt\/produktas\/sigitas-parulskis-miegas-ir-kitos-moterys2\/","url":"https:\/\/skaitytaknyga.lt\/produktas\/sigitas-parulskis-miegas-ir-kitos-moterys2\/","name":"Sigitas Parulskis \u201eMiegas ir kitos moterys\u201c","isPartOf":{"@id":"https:\/\/skaitytaknyga.lt\/#website"},"primaryImageOfPage":{"@id":"https:\/\/skaitytaknyga.lt\/produktas\/sigitas-parulskis-miegas-ir-kitos-moterys2\/#primaryimage"},"image":{"@id":"https:\/\/skaitytaknyga.lt\/produktas\/sigitas-parulskis-miegas-ir-kitos-moterys2\/#primaryimage"},"thumbnailUrl":"https:\/\/skaitytaknyga.lt\/wp-content\/uploads\/2024\/05\/1462878025_miegasirkitosmoterys.jpg","datePublished":"2024-05-04T14:58:52+00:00","dateModified":"2026-04-01T07:45:37+00:00","description":"Miegas ir kitos moterys - antras populiaraus lietuvi\u0173 ra\u0161ytojo Sigito Parulskio es\u0117 rinkinys. Knyg\u0105 sudaro 2001 -2005 metais spaudoje publikuotos es\u0117. Tekstuose - kai kuriuos i\u0161 j\u0173 galima pavadinti novel\u0117mis - praskleisdamas asmenin\u0119 patirt\u012f Parulskis i\u0161kelia aktualius \u0161iuolaikiniam \u017emogui vertybi\u0173 klausimus, dekonstruoja m\u016bs\u0173 kasdienio gyvenimo stereotipus, demaskuoja prigijusias kli\u0161es. I\u0161laikydamas jam b\u016bding\u0105 (auto)ironij\u0105, grotesk\u0105 ir \u0161ar\u017e\u0105, jis paradoksaliai atskleid\u017eia apra\u0161om\u0173 dalyk\u0173 esm\u0119. Es\u0117 knygoje Parulskis tampa gyvenimo m\u0105stytoju, meno ir literat\u016bros vertintoju.","breadcrumb":{"@id":"https:\/\/skaitytaknyga.lt\/produktas\/sigitas-parulskis-miegas-ir-kitos-moterys2\/#breadcrumb"},"inLanguage":"en-GB","potentialAction":[{"@type":"ReadAction","target":["https:\/\/skaitytaknyga.lt\/produktas\/sigitas-parulskis-miegas-ir-kitos-moterys2\/"]}]},{"@type":"ImageObject","inLanguage":"en-GB","@id":"https:\/\/skaitytaknyga.lt\/produktas\/sigitas-parulskis-miegas-ir-kitos-moterys2\/#primaryimage","url":"https:\/\/skaitytaknyga.lt\/wp-content\/uploads\/2024\/05\/1462878025_miegasirkitosmoterys.jpg","contentUrl":"https:\/\/skaitytaknyga.lt\/wp-content\/uploads\/2024\/05\/1462878025_miegasirkitosmoterys.jpg","width":287,"height":430},{"@type":"BreadcrumbList","@id":"https:\/\/skaitytaknyga.lt\/produktas\/sigitas-parulskis-miegas-ir-kitos-moterys2\/#breadcrumb","itemListElement":[{"@type":"ListItem","position":1,"name":"Home","item":"https:\/\/skaitytaknyga.lt\/"},{"@type":"ListItem","position":2,"name":"Parduotuv\u0117","item":"https:\/\/skaitytaknyga.lt\/knygu-parduotuve\/"},{"@type":"ListItem","position":3,"name":"Sigitas Parulskis \u201eMiegas ir kitos moterys\u201c"}]},{"@type":"WebSite","@id":"https:\/\/skaitytaknyga.lt\/#website","url":"https:\/\/skaitytaknyga.lt\/","name":"skaitytaknyga.lt","description":"Skaitytaknyga.lt \u2013 tai ma\u017eas \u0161eimos verslas, kuris prasid\u0117jo nuo meil\u0117s knygoms ir siekio i\u0161gelb\u0117ti knygas nuo likimo prie konteinerio. Kas vienam nereikalingas daiktas \u2013 kitam lobis, o mes esame tarpininkai, kurie padeda abiems tapti laimingesniems ???? \u017dinome kaip nelengva i\u0161gyventi ma\u017eiems verslams, tad nuo \u0161iol, \u010dia rasite ir kit\u0173, ma\u017e\u0173 \u0161eim\u0173 versl\u0173, rank\u0173 darbo, dovan\u0173 sau ir artimiesiems.","publisher":{"@id":"https:\/\/skaitytaknyga.lt\/#organization"},"potentialAction":[{"@type":"SearchAction","target":{"@type":"EntryPoint","urlTemplate":"https:\/\/skaitytaknyga.lt\/?s={search_term_string}"},"query-input":{"@type":"PropertyValueSpecification","valueRequired":true,"valueName":"search_term_string"}}],"inLanguage":"en-GB"},{"@type":"Organization","@id":"https:\/\/skaitytaknyga.lt\/#organization","name":"skaitytaknyga.lt","url":"https:\/\/skaitytaknyga.lt\/","logo":{"@type":"ImageObject","inLanguage":"en-GB","@id":"https:\/\/skaitytaknyga.lt\/#\/schema\/logo\/image\/","url":"https:\/\/skaitytaknyga.lt\/wp-content\/uploads\/2024\/05\/cropped-cropped-cropped-02_00843_jt3bggkj1j3HLc7SyY6rEUpg.jpeg","contentUrl":"https:\/\/skaitytaknyga.lt\/wp-content\/uploads\/2024\/05\/cropped-cropped-cropped-02_00843_jt3bggkj1j3HLc7SyY6rEUpg.jpeg","width":1600,"height":1600,"caption":"skaitytaknyga.lt"},"image":{"@id":"https:\/\/skaitytaknyga.lt\/#\/schema\/logo\/image\/"},"sameAs":["https:\/\/www.facebook.com\/skaitytaknyga\/"]}]}},"_links":{"self":[{"href":"https:\/\/skaitytaknyga.lt\/en\/wp-json\/wp\/v2\/product\/9198","targetHints":{"allow":["GET"]}}],"collection":[{"href":"https:\/\/skaitytaknyga.lt\/en\/wp-json\/wp\/v2\/product"}],"about":[{"href":"https:\/\/skaitytaknyga.lt\/en\/wp-json\/wp\/v2\/types\/product"}],"replies":[{"embeddable":true,"href":"https:\/\/skaitytaknyga.lt\/en\/wp-json\/wp\/v2\/comments?post=9198"}],"wp:featuredmedia":[{"embeddable":true,"href":"https:\/\/skaitytaknyga.lt\/en\/wp-json\/wp\/v2\/media\/6355"}],"wp:attachment":[{"href":"https:\/\/skaitytaknyga.lt\/en\/wp-json\/wp\/v2\/media?parent=9198"}],"wp:term":[{"taxonomy":"product_brand","embeddable":true,"href":"https:\/\/skaitytaknyga.lt\/en\/wp-json\/wp\/v2\/product_brand?post=9198"},{"taxonomy":"product_cat","embeddable":true,"href":"https:\/\/skaitytaknyga.lt\/en\/wp-json\/wp\/v2\/product_cat?post=9198"},{"taxonomy":"product_tag","embeddable":true,"href":"https:\/\/skaitytaknyga.lt\/en\/wp-json\/wp\/v2\/product_tag?post=9198"}],"curies":[{"name":"wp","href":"https:\/\/api.w.org\/{rel}","templated":true}]}}