{"id":9193,"date":"2024-05-04T14:58:52","date_gmt":"2024-05-04T14:58:52","guid":{"rendered":"https:\/\/skaitytaknyga.lt\/?post_type=product&#038;p=9193"},"modified":"2025-04-29T10:08:30","modified_gmt":"2025-04-29T07:08:30","slug":"undine-radzeviciute-zuvys-ir-drakonai-2","status":"publish","type":"product","link":"https:\/\/skaitytaknyga.lt\/en\/produktas\/undine-radzeviciute-zuvys-ir-drakonai-2\/","title":{"rendered":"\u017duvys ir drakonai"},"content":{"rendered":"<div>Undin\u0117s Radzevi\u010di\u016bt\u0117s romanas \u201e\u017duvys ir drakonai\u201c 2015 m. buvo \u012fvertintas Europos s\u0105jungos literat\u016bros premija ir Lietuvi\u0173 PEN centro i\u0161rinktas viena geriausi\u0173 de\u0161imtme\u010dio knyg\u0173.<\/div>\n<div><\/div>\n<div>K\u016brinys i\u0161verstas ar \u0161iuo metu ver\u010diamas \u012f vokie\u010di\u0173, angl\u0173, ital\u0173, ispan\u0173, vengr\u0173, bulgar\u0173, lenk\u0173, est\u0173, latvi\u0173 kalbas. Pristatytas Kinijos, Vokietijos, Austrijos ir Latvijos skaitytojams.<\/div>\n<div><\/div>\n<div>Bavarijos kult\u016bros ministerija autorei skyr\u0117 special\u0173 apdovanojim\u0105 \u2013 ilgalaik\u012f kvietim\u0105 2018\u20132019 metams \u012f\u00a0 Tarptautinius meninink\u0173 namus Bamberge Internationales K\u00fcnstlerhause Villa Concordia.<\/div>\n<div><\/div>\n<div>\u0160i knyga \u2013 apie daugel\u012f dalyk\u0173. Apie XVIII am\u017eiaus europie\u010dio svajon\u0119 pakeisti \u201etvark\u0105\u201c visame pasaulyje, net ir Kinijoje. Apie XVIII am\u017eiaus pranc\u016bz\u0173 meil\u0119 kini\u0161kiems dalykams ir viso \u201eSenojo pasaulio\u201c neapykant\u0105 pranc\u016bzams. Apie did\u0117jan\u010di\u0105 Ryt\u0173 ir Vakar\u0173 \u201edifuzij\u0105\u201c. Apie \u0161iuolaikin\u012f \u017emog\u0173, norint\u012f pab\u0117gti \u012f nebeegzistuojan\u010di\u0105 Kinij\u0105. Ir apie Rytus, kurie visada su mumis, nesvarbu, \u012f kuri\u0105 pus\u0119 \u017ei\u016br\u0117tume.<\/div>\n<div><\/div>\n<div>Naujas, autor\u0117s per\u017ei\u016br\u0117tas leidimas.<\/div>\n","protected":false},"excerpt":{"rendered":"<div>Undin\u0117s Radzevi\u010di\u016bt\u0117s romanas \u201e\u017duvys ir drakonai\u201c 2015 m. buvo \u012fvertintas Europos s\u0105jungos literat\u016bros premija ir Lietuvi\u0173 PEN centro i\u0161rinktas viena geriausi\u0173 de\u0161imtme\u010dio knyg\u0173.<\/div>\n<div><\/div>\n<div>K\u016brinys i\u0161verstas ar \u0161iuo metu ver\u010diamas \u012f vokie\u010di\u0173, angl\u0173, ital\u0173, ispan\u0173, vengr\u0173, bulgar\u0173, lenk\u0173, est\u0173, latvi\u0173 kalbas. Pristatytas Kinijos, Vokietijos, Austrijos ir Latvijos skaitytojams.<\/div>\n<div><\/div>\n<div>Bavarijos kult\u016bros ministerija autorei skyr\u0117 special\u0173 apdovanojim\u0105 \u2013 ilgalaik\u012f kvietim\u0105 2018\u20132019 metams \u012f\u00a0 Tarptautinius meninink\u0173 namus Bamberge Internationales K\u00fcnstlerhause Villa Concordia.<\/div>\n<div><\/div>\n<div>\u0160i knyga \u2013 apie daugel\u012f dalyk\u0173. Apie XVIII am\u017eiaus europie\u010dio svajon\u0119 pakeisti \u201etvark\u0105\u201c visame pasaulyje, net ir Kinijoje. Apie XVIII am\u017eiaus pranc\u016bz\u0173 meil\u0119 kini\u0161kiems dalykams ir viso \u201eSenojo pasaulio\u201c neapykant\u0105 pranc\u016bzams. Apie did\u0117jan\u010di\u0105 Ryt\u0173 ir Vakar\u0173 \u201edifuzij\u0105\u201c. Apie \u0161iuolaikin\u012f \u017emog\u0173, norint\u012f pab\u0117gti \u012f nebeegzistuojan\u010di\u0105 Kinij\u0105. Ir apie Rytus, kurie visada su mumis, nesvarbu, \u012f kuri\u0105 pus\u0119 \u017ei\u016br\u0117tume.<\/div>\n<div><\/div>\n<div>Naujas, autor\u0117s per\u017ei\u016br\u0117tas leidimas.<\/div>\n","protected":false},"featured_media":6340,"comment_status":"closed","ping_status":"closed","template":"","meta":{"_acf_changed":false,"site-sidebar-layout":"default","site-content-layout":"","ast-site-content-layout":"default","site-content-style":"default","site-sidebar-style":"default","ast-global-header-display":"","ast-banner-title-visibility":"","ast-main-header-display":"","ast-hfb-above-header-display":"","ast-hfb-below-header-display":"","ast-hfb-mobile-header-display":"","site-post-title":"","ast-breadcrumbs-content":"","ast-featured-img":"","footer-sml-layout":"","ast-disable-related-posts":"","theme-transparent-header-meta":"","adv-header-id-meta":"","stick-header-meta":"","header-above-stick-meta":"","header-main-stick-meta":"","header-below-stick-meta":"","astra-migrate-meta-layouts":"default","ast-page-background-enabled":"default","ast-page-background-meta":{"desktop":{"background-color":"","background-image":"","background-repeat":"repeat","background-position":"center center","background-size":"auto","background-attachment":"scroll","background-type":"","background-media":"","overlay-type":"","overlay-color":"","overlay-opacity":"","overlay-gradient":""},"tablet":{"background-color":"","background-image":"","background-repeat":"repeat","background-position":"center center","background-size":"auto","background-attachment":"scroll","background-type":"","background-media":"","overlay-type":"","overlay-color":"","overlay-opacity":"","overlay-gradient":""},"mobile":{"background-color":"","background-image":"","background-repeat":"repeat","background-position":"center center","background-size":"auto","background-attachment":"scroll","background-type":"","background-media":"","overlay-type":"","overlay-color":"","overlay-opacity":"","overlay-gradient":""}},"ast-content-background-meta":{"desktop":{"background-color":"var(--ast-global-color-4)","background-image":"","background-repeat":"repeat","background-position":"center center","background-size":"auto","background-attachment":"scroll","background-type":"","background-media":"","overlay-type":"","overlay-color":"","overlay-opacity":"","overlay-gradient":""},"tablet":{"background-color":"var(--ast-global-color-4)","background-image":"","background-repeat":"repeat","background-position":"center center","background-size":"auto","background-attachment":"scroll","background-type":"","background-media":"","overlay-type":"","overlay-color":"","overlay-opacity":"","overlay-gradient":""},"mobile":{"background-color":"var(--ast-global-color-4)","background-image":"","background-repeat":"repeat","background-position":"center center","background-size":"auto","background-attachment":"scroll","background-type":"","background-media":"","overlay-type":"","overlay-color":"","overlay-opacity":"","overlay-gradient":""}}},"product_brand":[],"product_cat":[31],"product_tag":[],"class_list":{"0":"post-9193","1":"product","2":"type-product","3":"status-publish","4":"has-post-thumbnail","6":"product_cat-grozine-literatura","7":"desktop-align-left","8":"tablet-align-left","9":"mobile-align-left","11":"first","12":"outofstock","13":"shipping-taxable","14":"purchasable","15":"product-type-simple"},"acf":[],"yoast_head":"<!-- This site is optimized with the Yoast SEO plugin v27.4 - https:\/\/yoast.com\/product\/yoast-seo-wordpress\/ -->\n<title>\u017duvys ir drakonai<\/title>\n<meta name=\"description\" content=\"Undin\u0117s Radzevi\u010di\u016bt\u0117s romanas \u201e\u017duvys ir drakonai\u201c 2015 m. buvo \u012fvertintas Europos s\u0105jungos literat\u016bros premija ir Lietuvi\u0173 PEN centro i\u0161rinktas viena geriausi\u0173 de\u0161imtme\u010dio knyg\u0173.  K\u016brinys i\u0161verstas ar \u0161iuo metu ver\u010diamas \u012f vokie\u010di\u0173, angl\u0173, ital\u0173, ispan\u0173, vengr\u0173, bulgar\u0173, lenk\u0173, est\u0173, latvi\u0173 kalbas. Pristatytas Kinijos, Vokietijos, Austrijos ir Latvijos skaitytojams.  Bavarijos kult\u016bros ministerija autorei skyr\u0117 special\u0173 apdovanojim\u0105 \u2013 ilgalaik\u012f kvietim\u0105 2018\u20132019 metams \u012f\u00a0 Tarptautinius meninink\u0173 namus Bamberge Internationales K\u00fcnstlerhause Villa Concordia.  \u0160i knyga \u2013 apie daugel\u012f dalyk\u0173. Apie XVIII am\u017eiaus europie\u010dio svajon\u0119 pakeisti \u201etvark\u0105\u201c visame pasaulyje, net ir Kinijoje. Apie XVIII am\u017eiaus pranc\u016bz\u0173 meil\u0119 kini\u0161kiems dalykams ir viso \u201eSenojo pasaulio\u201c neapykant\u0105 pranc\u016bzams. Apie did\u0117jan\u010di\u0105 Ryt\u0173 ir Vakar\u0173 \u201edifuzij\u0105\u201c. Apie \u0161iuolaikin\u012f \u017emog\u0173, norint\u012f pab\u0117gti \u012f nebeegzistuojan\u010di\u0105 Kinij\u0105. Ir apie Rytus, kurie visada su mumis, nesvarbu, \u012f kuri\u0105 pus\u0119 \u017ei\u016br\u0117tume.  Naujas, autor\u0117s per\u017ei\u016br\u0117tas leidimas.\" \/>\n<meta name=\"robots\" content=\"index, follow, max-snippet:-1, max-image-preview:large, max-video-preview:-1\" \/>\n<link rel=\"canonical\" href=\"https:\/\/skaitytaknyga.lt\/en\/produktas\/undine-radzeviciute-zuvys-ir-drakonai-2\/\" \/>\n<meta property=\"og:locale\" content=\"en_GB\" \/>\n<meta property=\"og:locale:alternate\" content=\"lt_LT\" \/>\n<meta property=\"og:type\" content=\"article\" \/>\n<meta property=\"og:title\" content=\"\u017duvys ir drakonai\" \/>\n<meta property=\"og:description\" content=\"Undin\u0117s Radzevi\u010di\u016bt\u0117s romanas \u201e\u017duvys ir drakonai\u201c 2015 m. buvo \u012fvertintas Europos s\u0105jungos literat\u016bros premija ir Lietuvi\u0173 PEN centro i\u0161rinktas viena geriausi\u0173 de\u0161imtme\u010dio knyg\u0173.  K\u016brinys i\u0161verstas ar \u0161iuo metu ver\u010diamas \u012f vokie\u010di\u0173, angl\u0173, ital\u0173, ispan\u0173, vengr\u0173, bulgar\u0173, lenk\u0173, est\u0173, latvi\u0173 kalbas. Pristatytas Kinijos, Vokietijos, Austrijos ir Latvijos skaitytojams.  Bavarijos kult\u016bros ministerija autorei skyr\u0117 special\u0173 apdovanojim\u0105 \u2013 ilgalaik\u012f kvietim\u0105 2018\u20132019 metams \u012f\u00a0 Tarptautinius meninink\u0173 namus Bamberge Internationales K\u00fcnstlerhause Villa Concordia.  \u0160i knyga \u2013 apie daugel\u012f dalyk\u0173. Apie XVIII am\u017eiaus europie\u010dio svajon\u0119 pakeisti \u201etvark\u0105\u201c visame pasaulyje, net ir Kinijoje. Apie XVIII am\u017eiaus pranc\u016bz\u0173 meil\u0119 kini\u0161kiems dalykams ir viso \u201eSenojo pasaulio\u201c neapykant\u0105 pranc\u016bzams. Apie did\u0117jan\u010di\u0105 Ryt\u0173 ir Vakar\u0173 \u201edifuzij\u0105\u201c. Apie \u0161iuolaikin\u012f \u017emog\u0173, norint\u012f pab\u0117gti \u012f nebeegzistuojan\u010di\u0105 Kinij\u0105. Ir apie Rytus, kurie visada su mumis, nesvarbu, \u012f kuri\u0105 pus\u0119 \u017ei\u016br\u0117tume.  Naujas, autor\u0117s per\u017ei\u016br\u0117tas leidimas.\" \/>\n<meta property=\"og:url\" content=\"https:\/\/skaitytaknyga.lt\/en\/produktas\/undine-radzeviciute-zuvys-ir-drakonai-2\/\" \/>\n<meta property=\"og:site_name\" content=\"Skaitytaknyga\" \/>\n<meta property=\"article:publisher\" content=\"https:\/\/www.facebook.com\/skaitytaknyga\/\" \/>\n<meta property=\"article:modified_time\" content=\"2025-04-29T07:08:30+00:00\" \/>\n<meta property=\"og:image\" content=\"https:\/\/skaitytaknyga.lt\/wp-content\/uploads\/2024\/05\/000000000002175662-5a9ec8b1aed03-asset-knyguklubas-9786094800061-zuvys-ir-drakonai.jpg\" \/>\n\t<meta property=\"og:image:width\" content=\"470\" \/>\n\t<meta property=\"og:image:height\" content=\"700\" \/>\n\t<meta property=\"og:image:type\" content=\"image\/jpeg\" \/>\n<meta name=\"twitter:card\" content=\"summary_large_image\" \/>\n<meta name=\"twitter:label1\" content=\"Estimated reading time\" \/>\n\t<meta name=\"twitter:data1\" content=\"1 minute\" \/>\n<script type=\"application\/ld+json\" class=\"yoast-schema-graph\">{\"@context\":\"https:\\\/\\\/schema.org\",\"@graph\":[{\"@type\":\"WebPage\",\"@id\":\"https:\\\/\\\/skaitytaknyga.lt\\\/produktas\\\/undine-radzeviciute-zuvys-ir-drakonai-2\\\/\",\"url\":\"https:\\\/\\\/skaitytaknyga.lt\\\/produktas\\\/undine-radzeviciute-zuvys-ir-drakonai-2\\\/\",\"name\":\"\u017duvys ir drakonai\",\"isPartOf\":{\"@id\":\"https:\\\/\\\/skaitytaknyga.lt\\\/#website\"},\"primaryImageOfPage\":{\"@id\":\"https:\\\/\\\/skaitytaknyga.lt\\\/produktas\\\/undine-radzeviciute-zuvys-ir-drakonai-2\\\/#primaryimage\"},\"image\":{\"@id\":\"https:\\\/\\\/skaitytaknyga.lt\\\/produktas\\\/undine-radzeviciute-zuvys-ir-drakonai-2\\\/#primaryimage\"},\"thumbnailUrl\":\"https:\\\/\\\/skaitytaknyga.lt\\\/wp-content\\\/uploads\\\/2024\\\/05\\\/000000000002175662-5a9ec8b1aed03-asset-knyguklubas-9786094800061-zuvys-ir-drakonai.jpg\",\"datePublished\":\"2024-05-04T14:58:52+00:00\",\"dateModified\":\"2025-04-29T07:08:30+00:00\",\"description\":\"Undin\u0117s Radzevi\u010di\u016bt\u0117s romanas \u201e\u017duvys ir drakonai\u201c 2015 m. buvo \u012fvertintas Europos s\u0105jungos literat\u016bros premija ir Lietuvi\u0173 PEN centro i\u0161rinktas viena geriausi\u0173 de\u0161imtme\u010dio knyg\u0173. K\u016brinys i\u0161verstas ar \u0161iuo metu ver\u010diamas \u012f vokie\u010di\u0173, angl\u0173, ital\u0173, ispan\u0173, vengr\u0173, bulgar\u0173, lenk\u0173, est\u0173, latvi\u0173 kalbas. Pristatytas Kinijos, Vokietijos, Austrijos ir Latvijos skaitytojams. Bavarijos kult\u016bros ministerija autorei skyr\u0117 special\u0173 apdovanojim\u0105 \u2013 ilgalaik\u012f kvietim\u0105 2018\u20132019 metams \u012f\u00a0 Tarptautinius meninink\u0173 namus Bamberge Internationales K\u00fcnstlerhause Villa Concordia. \u0160i knyga \u2013 apie daugel\u012f dalyk\u0173. Apie XVIII am\u017eiaus europie\u010dio svajon\u0119 pakeisti \u201etvark\u0105\u201c visame pasaulyje, net ir Kinijoje. Apie XVIII am\u017eiaus pranc\u016bz\u0173 meil\u0119 kini\u0161kiems dalykams ir viso \u201eSenojo pasaulio\u201c neapykant\u0105 pranc\u016bzams. Apie did\u0117jan\u010di\u0105 Ryt\u0173 ir Vakar\u0173 \u201edifuzij\u0105\u201c. Apie \u0161iuolaikin\u012f \u017emog\u0173, norint\u012f pab\u0117gti \u012f nebeegzistuojan\u010di\u0105 Kinij\u0105. Ir apie Rytus, kurie visada su mumis, nesvarbu, \u012f kuri\u0105 pus\u0119 \u017ei\u016br\u0117tume. Naujas, autor\u0117s per\u017ei\u016br\u0117tas leidimas.\",\"breadcrumb\":{\"@id\":\"https:\\\/\\\/skaitytaknyga.lt\\\/produktas\\\/undine-radzeviciute-zuvys-ir-drakonai-2\\\/#breadcrumb\"},\"inLanguage\":\"en-GB\",\"potentialAction\":[{\"@type\":\"ReadAction\",\"target\":[\"https:\\\/\\\/skaitytaknyga.lt\\\/produktas\\\/undine-radzeviciute-zuvys-ir-drakonai-2\\\/\"]}]},{\"@type\":\"ImageObject\",\"inLanguage\":\"en-GB\",\"@id\":\"https:\\\/\\\/skaitytaknyga.lt\\\/produktas\\\/undine-radzeviciute-zuvys-ir-drakonai-2\\\/#primaryimage\",\"url\":\"https:\\\/\\\/skaitytaknyga.lt\\\/wp-content\\\/uploads\\\/2024\\\/05\\\/000000000002175662-5a9ec8b1aed03-asset-knyguklubas-9786094800061-zuvys-ir-drakonai.jpg\",\"contentUrl\":\"https:\\\/\\\/skaitytaknyga.lt\\\/wp-content\\\/uploads\\\/2024\\\/05\\\/000000000002175662-5a9ec8b1aed03-asset-knyguklubas-9786094800061-zuvys-ir-drakonai.jpg\",\"width\":470,\"height\":700,\"caption\":\"\u017duvys ir drakonai\"},{\"@type\":\"BreadcrumbList\",\"@id\":\"https:\\\/\\\/skaitytaknyga.lt\\\/produktas\\\/undine-radzeviciute-zuvys-ir-drakonai-2\\\/#breadcrumb\",\"itemListElement\":[{\"@type\":\"ListItem\",\"position\":1,\"name\":\"Home\",\"item\":\"https:\\\/\\\/skaitytaknyga.lt\\\/\"},{\"@type\":\"ListItem\",\"position\":2,\"name\":\"Parduotuv\u0117\",\"item\":\"https:\\\/\\\/skaitytaknyga.lt\\\/knygu-parduotuve\\\/\"},{\"@type\":\"ListItem\",\"position\":3,\"name\":\"\u017duvys ir drakonai\"}]},{\"@type\":\"WebSite\",\"@id\":\"https:\\\/\\\/skaitytaknyga.lt\\\/#website\",\"url\":\"https:\\\/\\\/skaitytaknyga.lt\\\/\",\"name\":\"skaitytaknyga.lt\",\"description\":\"Skaitytaknyga.lt \u2013 tai ma\u017eas \u0161eimos verslas, kuris prasid\u0117jo nuo meil\u0117s knygoms ir siekio i\u0161gelb\u0117ti knygas nuo likimo prie konteinerio. Kas vienam nereikalingas daiktas \u2013 kitam lobis, o mes esame tarpininkai, kurie padeda abiems tapti laimingesniems ???? \u017dinome kaip nelengva i\u0161gyventi ma\u017eiems verslams, tad nuo \u0161iol, \u010dia rasite ir kit\u0173, ma\u017e\u0173 \u0161eim\u0173 versl\u0173, rank\u0173 darbo, dovan\u0173 sau ir artimiesiems.\",\"publisher\":{\"@id\":\"https:\\\/\\\/skaitytaknyga.lt\\\/#organization\"},\"potentialAction\":[{\"@type\":\"SearchAction\",\"target\":{\"@type\":\"EntryPoint\",\"urlTemplate\":\"https:\\\/\\\/skaitytaknyga.lt\\\/?s={search_term_string}\"},\"query-input\":{\"@type\":\"PropertyValueSpecification\",\"valueRequired\":true,\"valueName\":\"search_term_string\"}}],\"inLanguage\":\"en-GB\"},{\"@type\":\"Organization\",\"@id\":\"https:\\\/\\\/skaitytaknyga.lt\\\/#organization\",\"name\":\"skaitytaknyga.lt\",\"url\":\"https:\\\/\\\/skaitytaknyga.lt\\\/\",\"logo\":{\"@type\":\"ImageObject\",\"inLanguage\":\"en-GB\",\"@id\":\"https:\\\/\\\/skaitytaknyga.lt\\\/#\\\/schema\\\/logo\\\/image\\\/\",\"url\":\"https:\\\/\\\/skaitytaknyga.lt\\\/wp-content\\\/uploads\\\/2024\\\/05\\\/cropped-cropped-cropped-02_00843_jt3bggkj1j3HLc7SyY6rEUpg.jpeg\",\"contentUrl\":\"https:\\\/\\\/skaitytaknyga.lt\\\/wp-content\\\/uploads\\\/2024\\\/05\\\/cropped-cropped-cropped-02_00843_jt3bggkj1j3HLc7SyY6rEUpg.jpeg\",\"width\":1600,\"height\":1600,\"caption\":\"skaitytaknyga.lt\"},\"image\":{\"@id\":\"https:\\\/\\\/skaitytaknyga.lt\\\/#\\\/schema\\\/logo\\\/image\\\/\"},\"sameAs\":[\"https:\\\/\\\/www.facebook.com\\\/skaitytaknyga\\\/\"]}]}<\/script>\n<!-- \/ Yoast SEO plugin. -->","yoast_head_json":{"title":"\u017duvys ir drakonai","description":"Undin\u0117s Radzevi\u010di\u016bt\u0117s romanas \u201e\u017duvys ir drakonai\u201c 2015 m. buvo \u012fvertintas Europos s\u0105jungos literat\u016bros premija ir Lietuvi\u0173 PEN centro i\u0161rinktas viena geriausi\u0173 de\u0161imtme\u010dio knyg\u0173.  K\u016brinys i\u0161verstas ar \u0161iuo metu ver\u010diamas \u012f vokie\u010di\u0173, angl\u0173, ital\u0173, ispan\u0173, vengr\u0173, bulgar\u0173, lenk\u0173, est\u0173, latvi\u0173 kalbas. Pristatytas Kinijos, Vokietijos, Austrijos ir Latvijos skaitytojams.  Bavarijos kult\u016bros ministerija autorei skyr\u0117 special\u0173 apdovanojim\u0105 \u2013 ilgalaik\u012f kvietim\u0105 2018\u20132019 metams \u012f\u00a0 Tarptautinius meninink\u0173 namus Bamberge Internationales K\u00fcnstlerhause Villa Concordia.  \u0160i knyga \u2013 apie daugel\u012f dalyk\u0173. Apie XVIII am\u017eiaus europie\u010dio svajon\u0119 pakeisti \u201etvark\u0105\u201c visame pasaulyje, net ir Kinijoje. Apie XVIII am\u017eiaus pranc\u016bz\u0173 meil\u0119 kini\u0161kiems dalykams ir viso \u201eSenojo pasaulio\u201c neapykant\u0105 pranc\u016bzams. Apie did\u0117jan\u010di\u0105 Ryt\u0173 ir Vakar\u0173 \u201edifuzij\u0105\u201c. Apie \u0161iuolaikin\u012f \u017emog\u0173, norint\u012f pab\u0117gti \u012f nebeegzistuojan\u010di\u0105 Kinij\u0105. Ir apie Rytus, kurie visada su mumis, nesvarbu, \u012f kuri\u0105 pus\u0119 \u017ei\u016br\u0117tume.  Naujas, autor\u0117s per\u017ei\u016br\u0117tas leidimas.","robots":{"index":"index","follow":"follow","max-snippet":"max-snippet:-1","max-image-preview":"max-image-preview:large","max-video-preview":"max-video-preview:-1"},"canonical":"https:\/\/skaitytaknyga.lt\/en\/produktas\/undine-radzeviciute-zuvys-ir-drakonai-2\/","og_locale":"en_GB","og_type":"article","og_title":"[:lt]\u017duvys ir drakonai[:] - Skaitytaknyga","og_description":"Undin\u0117s Radzevi\u010di\u016bt\u0117s romanas \u201e\u017duvys ir drakonai\u201c 2015 m. buvo \u012fvertintas Europos s\u0105jungos literat\u016bros premija ir Lietuvi\u0173 PEN centro i\u0161rinktas viena geriausi\u0173 de\u0161imtme\u010dio knyg\u0173.  K\u016brinys i\u0161verstas ar \u0161iuo metu ver\u010diamas \u012f vokie\u010di\u0173, angl\u0173, ital\u0173, ispan\u0173, vengr\u0173, bulgar\u0173, lenk\u0173, est\u0173, latvi\u0173 kalbas. Pristatytas Kinijos, Vokietijos, Austrijos ir Latvijos skaitytojams.  Bavarijos kult\u016bros ministerija autorei skyr\u0117 special\u0173 apdovanojim\u0105 \u2013 ilgalaik\u012f kvietim\u0105 2018\u20132019 metams \u012f\u00a0 Tarptautinius meninink\u0173 namus Bamberge Internationales K\u00fcnstlerhause Villa Concordia.  \u0160i knyga \u2013 apie daugel\u012f dalyk\u0173. Apie XVIII am\u017eiaus europie\u010dio svajon\u0119 pakeisti \u201etvark\u0105\u201c visame pasaulyje, net ir Kinijoje. Apie XVIII am\u017eiaus pranc\u016bz\u0173 meil\u0119 kini\u0161kiems dalykams ir viso \u201eSenojo pasaulio\u201c neapykant\u0105 pranc\u016bzams. Apie did\u0117jan\u010di\u0105 Ryt\u0173 ir Vakar\u0173 \u201edifuzij\u0105\u201c. Apie \u0161iuolaikin\u012f \u017emog\u0173, norint\u012f pab\u0117gti \u012f nebeegzistuojan\u010di\u0105 Kinij\u0105. Ir apie Rytus, kurie visada su mumis, nesvarbu, \u012f kuri\u0105 pus\u0119 \u017ei\u016br\u0117tume.  Naujas, autor\u0117s per\u017ei\u016br\u0117tas leidimas.","og_url":"https:\/\/skaitytaknyga.lt\/en\/produktas\/undine-radzeviciute-zuvys-ir-drakonai-2\/","og_site_name":"Skaitytaknyga","article_publisher":"https:\/\/www.facebook.com\/skaitytaknyga\/","article_modified_time":"2025-04-29T07:08:30+00:00","og_image":[{"width":470,"height":700,"url":"https:\/\/skaitytaknyga.lt\/wp-content\/uploads\/2024\/05\/000000000002175662-5a9ec8b1aed03-asset-knyguklubas-9786094800061-zuvys-ir-drakonai.jpg","type":"image\/jpeg"}],"twitter_card":"summary_large_image","twitter_misc":{"Estimated reading time":"1 minute"},"schema":{"@context":"https:\/\/schema.org","@graph":[{"@type":"WebPage","@id":"https:\/\/skaitytaknyga.lt\/produktas\/undine-radzeviciute-zuvys-ir-drakonai-2\/","url":"https:\/\/skaitytaknyga.lt\/produktas\/undine-radzeviciute-zuvys-ir-drakonai-2\/","name":"\u017duvys ir drakonai","isPartOf":{"@id":"https:\/\/skaitytaknyga.lt\/#website"},"primaryImageOfPage":{"@id":"https:\/\/skaitytaknyga.lt\/produktas\/undine-radzeviciute-zuvys-ir-drakonai-2\/#primaryimage"},"image":{"@id":"https:\/\/skaitytaknyga.lt\/produktas\/undine-radzeviciute-zuvys-ir-drakonai-2\/#primaryimage"},"thumbnailUrl":"https:\/\/skaitytaknyga.lt\/wp-content\/uploads\/2024\/05\/000000000002175662-5a9ec8b1aed03-asset-knyguklubas-9786094800061-zuvys-ir-drakonai.jpg","datePublished":"2024-05-04T14:58:52+00:00","dateModified":"2025-04-29T07:08:30+00:00","description":"Undin\u0117s Radzevi\u010di\u016bt\u0117s romanas \u201e\u017duvys ir drakonai\u201c 2015 m. buvo \u012fvertintas Europos s\u0105jungos literat\u016bros premija ir Lietuvi\u0173 PEN centro i\u0161rinktas viena geriausi\u0173 de\u0161imtme\u010dio knyg\u0173. K\u016brinys i\u0161verstas ar \u0161iuo metu ver\u010diamas \u012f vokie\u010di\u0173, angl\u0173, ital\u0173, ispan\u0173, vengr\u0173, bulgar\u0173, lenk\u0173, est\u0173, latvi\u0173 kalbas. Pristatytas Kinijos, Vokietijos, Austrijos ir Latvijos skaitytojams. Bavarijos kult\u016bros ministerija autorei skyr\u0117 special\u0173 apdovanojim\u0105 \u2013 ilgalaik\u012f kvietim\u0105 2018\u20132019 metams \u012f\u00a0 Tarptautinius meninink\u0173 namus Bamberge Internationales K\u00fcnstlerhause Villa Concordia. \u0160i knyga \u2013 apie daugel\u012f dalyk\u0173. Apie XVIII am\u017eiaus europie\u010dio svajon\u0119 pakeisti \u201etvark\u0105\u201c visame pasaulyje, net ir Kinijoje. Apie XVIII am\u017eiaus pranc\u016bz\u0173 meil\u0119 kini\u0161kiems dalykams ir viso \u201eSenojo pasaulio\u201c neapykant\u0105 pranc\u016bzams. Apie did\u0117jan\u010di\u0105 Ryt\u0173 ir Vakar\u0173 \u201edifuzij\u0105\u201c. Apie \u0161iuolaikin\u012f \u017emog\u0173, norint\u012f pab\u0117gti \u012f nebeegzistuojan\u010di\u0105 Kinij\u0105. Ir apie Rytus, kurie visada su mumis, nesvarbu, \u012f kuri\u0105 pus\u0119 \u017ei\u016br\u0117tume. Naujas, autor\u0117s per\u017ei\u016br\u0117tas leidimas.","breadcrumb":{"@id":"https:\/\/skaitytaknyga.lt\/produktas\/undine-radzeviciute-zuvys-ir-drakonai-2\/#breadcrumb"},"inLanguage":"en-GB","potentialAction":[{"@type":"ReadAction","target":["https:\/\/skaitytaknyga.lt\/produktas\/undine-radzeviciute-zuvys-ir-drakonai-2\/"]}]},{"@type":"ImageObject","inLanguage":"en-GB","@id":"https:\/\/skaitytaknyga.lt\/produktas\/undine-radzeviciute-zuvys-ir-drakonai-2\/#primaryimage","url":"https:\/\/skaitytaknyga.lt\/wp-content\/uploads\/2024\/05\/000000000002175662-5a9ec8b1aed03-asset-knyguklubas-9786094800061-zuvys-ir-drakonai.jpg","contentUrl":"https:\/\/skaitytaknyga.lt\/wp-content\/uploads\/2024\/05\/000000000002175662-5a9ec8b1aed03-asset-knyguklubas-9786094800061-zuvys-ir-drakonai.jpg","width":470,"height":700,"caption":"\u017duvys ir drakonai"},{"@type":"BreadcrumbList","@id":"https:\/\/skaitytaknyga.lt\/produktas\/undine-radzeviciute-zuvys-ir-drakonai-2\/#breadcrumb","itemListElement":[{"@type":"ListItem","position":1,"name":"Home","item":"https:\/\/skaitytaknyga.lt\/"},{"@type":"ListItem","position":2,"name":"Parduotuv\u0117","item":"https:\/\/skaitytaknyga.lt\/knygu-parduotuve\/"},{"@type":"ListItem","position":3,"name":"\u017duvys ir drakonai"}]},{"@type":"WebSite","@id":"https:\/\/skaitytaknyga.lt\/#website","url":"https:\/\/skaitytaknyga.lt\/","name":"skaitytaknyga.lt","description":"Skaitytaknyga.lt \u2013 tai ma\u017eas \u0161eimos verslas, kuris prasid\u0117jo nuo meil\u0117s knygoms ir siekio i\u0161gelb\u0117ti knygas nuo likimo prie konteinerio. Kas vienam nereikalingas daiktas \u2013 kitam lobis, o mes esame tarpininkai, kurie padeda abiems tapti laimingesniems ???? \u017dinome kaip nelengva i\u0161gyventi ma\u017eiems verslams, tad nuo \u0161iol, \u010dia rasite ir kit\u0173, ma\u017e\u0173 \u0161eim\u0173 versl\u0173, rank\u0173 darbo, dovan\u0173 sau ir artimiesiems.","publisher":{"@id":"https:\/\/skaitytaknyga.lt\/#organization"},"potentialAction":[{"@type":"SearchAction","target":{"@type":"EntryPoint","urlTemplate":"https:\/\/skaitytaknyga.lt\/?s={search_term_string}"},"query-input":{"@type":"PropertyValueSpecification","valueRequired":true,"valueName":"search_term_string"}}],"inLanguage":"en-GB"},{"@type":"Organization","@id":"https:\/\/skaitytaknyga.lt\/#organization","name":"skaitytaknyga.lt","url":"https:\/\/skaitytaknyga.lt\/","logo":{"@type":"ImageObject","inLanguage":"en-GB","@id":"https:\/\/skaitytaknyga.lt\/#\/schema\/logo\/image\/","url":"https:\/\/skaitytaknyga.lt\/wp-content\/uploads\/2024\/05\/cropped-cropped-cropped-02_00843_jt3bggkj1j3HLc7SyY6rEUpg.jpeg","contentUrl":"https:\/\/skaitytaknyga.lt\/wp-content\/uploads\/2024\/05\/cropped-cropped-cropped-02_00843_jt3bggkj1j3HLc7SyY6rEUpg.jpeg","width":1600,"height":1600,"caption":"skaitytaknyga.lt"},"image":{"@id":"https:\/\/skaitytaknyga.lt\/#\/schema\/logo\/image\/"},"sameAs":["https:\/\/www.facebook.com\/skaitytaknyga\/"]}]}},"_links":{"self":[{"href":"https:\/\/skaitytaknyga.lt\/en\/wp-json\/wp\/v2\/product\/9193","targetHints":{"allow":["GET"]}}],"collection":[{"href":"https:\/\/skaitytaknyga.lt\/en\/wp-json\/wp\/v2\/product"}],"about":[{"href":"https:\/\/skaitytaknyga.lt\/en\/wp-json\/wp\/v2\/types\/product"}],"replies":[{"embeddable":true,"href":"https:\/\/skaitytaknyga.lt\/en\/wp-json\/wp\/v2\/comments?post=9193"}],"wp:featuredmedia":[{"embeddable":true,"href":"https:\/\/skaitytaknyga.lt\/en\/wp-json\/wp\/v2\/media\/6340"}],"wp:attachment":[{"href":"https:\/\/skaitytaknyga.lt\/en\/wp-json\/wp\/v2\/media?parent=9193"}],"wp:term":[{"taxonomy":"product_brand","embeddable":true,"href":"https:\/\/skaitytaknyga.lt\/en\/wp-json\/wp\/v2\/product_brand?post=9193"},{"taxonomy":"product_cat","embeddable":true,"href":"https:\/\/skaitytaknyga.lt\/en\/wp-json\/wp\/v2\/product_cat?post=9193"},{"taxonomy":"product_tag","embeddable":true,"href":"https:\/\/skaitytaknyga.lt\/en\/wp-json\/wp\/v2\/product_tag?post=9193"}],"curies":[{"name":"wp","href":"https:\/\/api.w.org\/{rel}","templated":true}]}}