{"id":9184,"date":"2024-05-04T14:58:28","date_gmt":"2024-05-04T14:58:28","guid":{"rendered":"https:\/\/skaitytaknyga.lt\/?post_type=product&#038;p=9184"},"modified":"2024-11-01T10:00:10","modified_gmt":"2024-11-01T08:00:10","slug":"365-pasakojimai-vaikams-2","status":"publish","type":"product","link":"https:\/\/skaitytaknyga.lt\/en\/produktas\/365-pasakojimai-vaikams-2\/","title":{"rendered":"365 pasakojimai vaikams"},"content":{"rendered":"<p>\u201e365 pasakojimai vaikams\u201c \u2013 tai smagi\u0173 istorij\u0173 rinkinys, skirtas visiems metams \u2013 365 dienoms! Atsivert\u0119 \u0161i\u0105 knyg\u0105 kiekvien\u0105 vakar\u0105 vaikai gal\u0117s rinktis vis kit\u0105 pasakait\u0119 \u2013 pagal met\u0173 dien\u0105, sp\u0117dami pasakos numer\u012f arba skaitydami\u00a0m\u0117gstamiausi\u0105 istorij\u0105 diena i\u0161 dienos. Ir taip \u2013 visus metus! \u012e \u0161i\u0105 rinktin\u0119 sud\u0117tos linksmos, juokingos, pamokan\u010dios, \u0161iuolaikin\u0117s ir laiko patikrintos pasakos, kurios leis patik\u0117ti, kad mus supantis pasaulis \u2013 gra\u017eus, spalvotas ir pilnas stebukl\u0173.<\/p>\n","protected":false},"excerpt":{"rendered":"<p>\u201e365 pasakojimai vaikams\u201c \u2013 tai smagi\u0173 istorij\u0173 rinkinys, skirtas visiems metams \u2013 365 dienoms! Atsivert\u0119 \u0161i\u0105 knyg\u0105 kiekvien\u0105 vakar\u0105 vaikai gal\u0117s rinktis vis kit\u0105 pasakait\u0119 \u2013 pagal met\u0173 dien\u0105, sp\u0117dami pasakos numer\u012f arba skaitydami\u00a0m\u0117gstamiausi\u0105 istorij\u0105 diena i\u0161 dienos. Ir taip \u2013 visus metus! \u012e \u0161i\u0105 rinktin\u0119 sud\u0117tos linksmos, juokingos, pamokan\u010dios, \u0161iuolaikin\u0117s ir laiko patikrintos pasakos, kurios leis patik\u0117ti, kad mus supantis pasaulis \u2013 gra\u017eus, spalvotas ir pilnas stebukl\u0173.<\/p>\n","protected":false},"featured_media":6322,"comment_status":"closed","ping_status":"closed","template":"","meta":{"_acf_changed":false,"site-sidebar-layout":"default","site-content-layout":"","ast-site-content-layout":"default","site-content-style":"default","site-sidebar-style":"default","ast-global-header-display":"","ast-banner-title-visibility":"","ast-main-header-display":"","ast-hfb-above-header-display":"","ast-hfb-below-header-display":"","ast-hfb-mobile-header-display":"","site-post-title":"","ast-breadcrumbs-content":"","ast-featured-img":"","footer-sml-layout":"","ast-disable-related-posts":"","theme-transparent-header-meta":"","adv-header-id-meta":"","stick-header-meta":"","header-above-stick-meta":"","header-main-stick-meta":"","header-below-stick-meta":"","astra-migrate-meta-layouts":"default","ast-page-background-enabled":"default","ast-page-background-meta":{"desktop":{"background-color":"","background-image":"","background-repeat":"repeat","background-position":"center center","background-size":"auto","background-attachment":"scroll","background-type":"","background-media":"","overlay-type":"","overlay-color":"","overlay-opacity":"","overlay-gradient":""},"tablet":{"background-color":"","background-image":"","background-repeat":"repeat","background-position":"center center","background-size":"auto","background-attachment":"scroll","background-type":"","background-media":"","overlay-type":"","overlay-color":"","overlay-opacity":"","overlay-gradient":""},"mobile":{"background-color":"","background-image":"","background-repeat":"repeat","background-position":"center center","background-size":"auto","background-attachment":"scroll","background-type":"","background-media":"","overlay-type":"","overlay-color":"","overlay-opacity":"","overlay-gradient":""}},"ast-content-background-meta":{"desktop":{"background-color":"var(--ast-global-color-4)","background-image":"","background-repeat":"repeat","background-position":"center center","background-size":"auto","background-attachment":"scroll","background-type":"","background-media":"","overlay-type":"","overlay-color":"","overlay-opacity":"","overlay-gradient":""},"tablet":{"background-color":"var(--ast-global-color-4)","background-image":"","background-repeat":"repeat","background-position":"center center","background-size":"auto","background-attachment":"scroll","background-type":"","background-media":"","overlay-type":"","overlay-color":"","overlay-opacity":"","overlay-gradient":""},"mobile":{"background-color":"var(--ast-global-color-4)","background-image":"","background-repeat":"repeat","background-position":"center center","background-size":"auto","background-attachment":"scroll","background-type":"","background-media":"","overlay-type":"","overlay-color":"","overlay-opacity":"","overlay-gradient":""}}},"product_brand":[],"product_cat":[35],"product_tag":[],"class_list":{"0":"post-9184","1":"product","2":"type-product","3":"status-publish","4":"has-post-thumbnail","6":"product_cat-vaikams-ir-paaugliams","7":"desktop-align-left","8":"tablet-align-left","9":"mobile-align-left","11":"first","12":"instock","13":"shipping-taxable","14":"purchasable","15":"product-type-simple"},"acf":[],"yoast_head":"<!-- This site is optimized with the Yoast SEO plugin v27.4 - https:\/\/yoast.com\/product\/yoast-seo-wordpress\/ -->\n<title>365 pasakojimai vaikams - Skaitytaknyga<\/title>\n<meta name=\"description\" content=\"\u201e365 pasakojimai vaikams\u201c \u2013 tai smagi\u0173 istorij\u0173 rinkinys, skirtas visiems metams \u2013 365 dienoms! Atsivert\u0119 \u0161i\u0105 knyg\u0105 kiekvien\u0105 vakar\u0105 vaikai gal\u0117s rinktis vis kit\u0105 pasakait\u0119 \u2013 pagal met\u0173 dien\u0105, sp\u0117dami pasakos numer\u012f arba skaitydami\u00a0m\u0117gstamiausi\u0105 istorij\u0105 diena i\u0161 dienos. Ir taip \u2013 visus metus! \u012e \u0161i\u0105 rinktin\u0119 sud\u0117tos linksmos, juokingos, pamokan\u010dios, \u0161iuolaikin\u0117s ir laiko patikrintos pasakos, kurios leis patik\u0117ti, kad mus supantis pasaulis \u2013 gra\u017eus, spalvotas ir pilnas stebukl\u0173.\" \/>\n<meta name=\"robots\" content=\"index, follow, max-snippet:-1, max-image-preview:large, max-video-preview:-1\" \/>\n<link rel=\"canonical\" href=\"https:\/\/skaitytaknyga.lt\/en\/produktas\/365-pasakojimai-vaikams-2\/\" \/>\n<meta property=\"og:locale\" content=\"en_GB\" \/>\n<meta property=\"og:locale:alternate\" content=\"lt_LT\" \/>\n<meta property=\"og:type\" content=\"article\" \/>\n<meta property=\"og:title\" content=\"365 pasakojimai vaikams - Skaitytaknyga\" \/>\n<meta property=\"og:description\" content=\"\u201e365 pasakojimai vaikams\u201c \u2013 tai smagi\u0173 istorij\u0173 rinkinys, skirtas visiems metams \u2013 365 dienoms! Atsivert\u0119 \u0161i\u0105 knyg\u0105 kiekvien\u0105 vakar\u0105 vaikai gal\u0117s rinktis vis kit\u0105 pasakait\u0119 \u2013 pagal met\u0173 dien\u0105, sp\u0117dami pasakos numer\u012f arba skaitydami\u00a0m\u0117gstamiausi\u0105 istorij\u0105 diena i\u0161 dienos. Ir taip \u2013 visus metus! \u012e \u0161i\u0105 rinktin\u0119 sud\u0117tos linksmos, juokingos, pamokan\u010dios, \u0161iuolaikin\u0117s ir laiko patikrintos pasakos, kurios leis patik\u0117ti, kad mus supantis pasaulis \u2013 gra\u017eus, spalvotas ir pilnas stebukl\u0173.\" \/>\n<meta property=\"og:url\" content=\"https:\/\/skaitytaknyga.lt\/en\/produktas\/365-pasakojimai-vaikams-2\/\" \/>\n<meta property=\"og:site_name\" content=\"Skaitytaknyga\" \/>\n<meta property=\"article:publisher\" content=\"https:\/\/www.facebook.com\/skaitytaknyga\/\" \/>\n<meta property=\"article:modified_time\" content=\"2024-11-01T08:00:10+00:00\" \/>\n<meta property=\"og:image\" content=\"https:\/\/skaitytaknyga.lt\/wp-content\/uploads\/2024\/05\/365-pasakos_virselis-150RGB-e1497944147897.jpg\" \/>\n\t<meta property=\"og:image:width\" content=\"400\" \/>\n\t<meta property=\"og:image:height\" content=\"520\" \/>\n\t<meta property=\"og:image:type\" content=\"image\/jpeg\" \/>\n<meta name=\"twitter:card\" content=\"summary_large_image\" \/>\n<script type=\"application\/ld+json\" class=\"yoast-schema-graph\">{\"@context\":\"https:\\\/\\\/schema.org\",\"@graph\":[{\"@type\":\"WebPage\",\"@id\":\"https:\\\/\\\/skaitytaknyga.lt\\\/produktas\\\/365-pasakojimai-vaikams-2\\\/\",\"url\":\"https:\\\/\\\/skaitytaknyga.lt\\\/produktas\\\/365-pasakojimai-vaikams-2\\\/\",\"name\":\"365 pasakojimai vaikams - Skaitytaknyga\",\"isPartOf\":{\"@id\":\"https:\\\/\\\/skaitytaknyga.lt\\\/#website\"},\"primaryImageOfPage\":{\"@id\":\"https:\\\/\\\/skaitytaknyga.lt\\\/produktas\\\/365-pasakojimai-vaikams-2\\\/#primaryimage\"},\"image\":{\"@id\":\"https:\\\/\\\/skaitytaknyga.lt\\\/produktas\\\/365-pasakojimai-vaikams-2\\\/#primaryimage\"},\"thumbnailUrl\":\"https:\\\/\\\/skaitytaknyga.lt\\\/wp-content\\\/uploads\\\/2024\\\/05\\\/365-pasakos_virselis-150RGB-e1497944147897.jpg\",\"datePublished\":\"2024-05-04T14:58:28+00:00\",\"dateModified\":\"2024-11-01T08:00:10+00:00\",\"description\":\"\u201e365 pasakojimai vaikams\u201c \u2013 tai smagi\u0173 istorij\u0173 rinkinys, skirtas visiems metams \u2013 365 dienoms! Atsivert\u0119 \u0161i\u0105 knyg\u0105 kiekvien\u0105 vakar\u0105 vaikai gal\u0117s rinktis vis kit\u0105 pasakait\u0119 \u2013 pagal met\u0173 dien\u0105, sp\u0117dami pasakos numer\u012f arba skaitydami\u00a0m\u0117gstamiausi\u0105 istorij\u0105 diena i\u0161 dienos. Ir taip \u2013 visus metus! \u012e \u0161i\u0105 rinktin\u0119 sud\u0117tos linksmos, juokingos, pamokan\u010dios, \u0161iuolaikin\u0117s ir laiko patikrintos pasakos, kurios leis patik\u0117ti, kad mus supantis pasaulis \u2013 gra\u017eus, spalvotas ir pilnas stebukl\u0173.\",\"breadcrumb\":{\"@id\":\"https:\\\/\\\/skaitytaknyga.lt\\\/produktas\\\/365-pasakojimai-vaikams-2\\\/#breadcrumb\"},\"inLanguage\":\"en-GB\",\"potentialAction\":[{\"@type\":\"ReadAction\",\"target\":[\"https:\\\/\\\/skaitytaknyga.lt\\\/produktas\\\/365-pasakojimai-vaikams-2\\\/\"]}]},{\"@type\":\"ImageObject\",\"inLanguage\":\"en-GB\",\"@id\":\"https:\\\/\\\/skaitytaknyga.lt\\\/produktas\\\/365-pasakojimai-vaikams-2\\\/#primaryimage\",\"url\":\"https:\\\/\\\/skaitytaknyga.lt\\\/wp-content\\\/uploads\\\/2024\\\/05\\\/365-pasakos_virselis-150RGB-e1497944147897.jpg\",\"contentUrl\":\"https:\\\/\\\/skaitytaknyga.lt\\\/wp-content\\\/uploads\\\/2024\\\/05\\\/365-pasakos_virselis-150RGB-e1497944147897.jpg\",\"width\":400,\"height\":520},{\"@type\":\"BreadcrumbList\",\"@id\":\"https:\\\/\\\/skaitytaknyga.lt\\\/produktas\\\/365-pasakojimai-vaikams-2\\\/#breadcrumb\",\"itemListElement\":[{\"@type\":\"ListItem\",\"position\":1,\"name\":\"Home\",\"item\":\"https:\\\/\\\/skaitytaknyga.lt\\\/\"},{\"@type\":\"ListItem\",\"position\":2,\"name\":\"Parduotuv\u0117\",\"item\":\"https:\\\/\\\/skaitytaknyga.lt\\\/knygu-parduotuve\\\/\"},{\"@type\":\"ListItem\",\"position\":3,\"name\":\"365 pasakojimai vaikams\"}]},{\"@type\":\"WebSite\",\"@id\":\"https:\\\/\\\/skaitytaknyga.lt\\\/#website\",\"url\":\"https:\\\/\\\/skaitytaknyga.lt\\\/\",\"name\":\"skaitytaknyga.lt\",\"description\":\"Skaitytaknyga.lt \u2013 tai ma\u017eas \u0161eimos verslas, kuris prasid\u0117jo nuo meil\u0117s knygoms ir siekio i\u0161gelb\u0117ti knygas nuo likimo prie konteinerio. Kas vienam nereikalingas daiktas \u2013 kitam lobis, o mes esame tarpininkai, kurie padeda abiems tapti laimingesniems ???? \u017dinome kaip nelengva i\u0161gyventi ma\u017eiems verslams, tad nuo \u0161iol, \u010dia rasite ir kit\u0173, ma\u017e\u0173 \u0161eim\u0173 versl\u0173, rank\u0173 darbo, dovan\u0173 sau ir artimiesiems.\",\"publisher\":{\"@id\":\"https:\\\/\\\/skaitytaknyga.lt\\\/#organization\"},\"potentialAction\":[{\"@type\":\"SearchAction\",\"target\":{\"@type\":\"EntryPoint\",\"urlTemplate\":\"https:\\\/\\\/skaitytaknyga.lt\\\/?s={search_term_string}\"},\"query-input\":{\"@type\":\"PropertyValueSpecification\",\"valueRequired\":true,\"valueName\":\"search_term_string\"}}],\"inLanguage\":\"en-GB\"},{\"@type\":\"Organization\",\"@id\":\"https:\\\/\\\/skaitytaknyga.lt\\\/#organization\",\"name\":\"skaitytaknyga.lt\",\"url\":\"https:\\\/\\\/skaitytaknyga.lt\\\/\",\"logo\":{\"@type\":\"ImageObject\",\"inLanguage\":\"en-GB\",\"@id\":\"https:\\\/\\\/skaitytaknyga.lt\\\/#\\\/schema\\\/logo\\\/image\\\/\",\"url\":\"https:\\\/\\\/skaitytaknyga.lt\\\/wp-content\\\/uploads\\\/2024\\\/05\\\/cropped-cropped-cropped-02_00843_jt3bggkj1j3HLc7SyY6rEUpg.jpeg\",\"contentUrl\":\"https:\\\/\\\/skaitytaknyga.lt\\\/wp-content\\\/uploads\\\/2024\\\/05\\\/cropped-cropped-cropped-02_00843_jt3bggkj1j3HLc7SyY6rEUpg.jpeg\",\"width\":1600,\"height\":1600,\"caption\":\"skaitytaknyga.lt\"},\"image\":{\"@id\":\"https:\\\/\\\/skaitytaknyga.lt\\\/#\\\/schema\\\/logo\\\/image\\\/\"},\"sameAs\":[\"https:\\\/\\\/www.facebook.com\\\/skaitytaknyga\\\/\"]}]}<\/script>\n<!-- \/ Yoast SEO plugin. -->","yoast_head_json":{"title":"365 pasakojimai vaikams - Skaitytaknyga","description":"\u201e365 pasakojimai vaikams\u201c \u2013 tai smagi\u0173 istorij\u0173 rinkinys, skirtas visiems metams \u2013 365 dienoms! Atsivert\u0119 \u0161i\u0105 knyg\u0105 kiekvien\u0105 vakar\u0105 vaikai gal\u0117s rinktis vis kit\u0105 pasakait\u0119 \u2013 pagal met\u0173 dien\u0105, sp\u0117dami pasakos numer\u012f arba skaitydami\u00a0m\u0117gstamiausi\u0105 istorij\u0105 diena i\u0161 dienos. Ir taip \u2013 visus metus! \u012e \u0161i\u0105 rinktin\u0119 sud\u0117tos linksmos, juokingos, pamokan\u010dios, \u0161iuolaikin\u0117s ir laiko patikrintos pasakos, kurios leis patik\u0117ti, kad mus supantis pasaulis \u2013 gra\u017eus, spalvotas ir pilnas stebukl\u0173.","robots":{"index":"index","follow":"follow","max-snippet":"max-snippet:-1","max-image-preview":"max-image-preview:large","max-video-preview":"max-video-preview:-1"},"canonical":"https:\/\/skaitytaknyga.lt\/en\/produktas\/365-pasakojimai-vaikams-2\/","og_locale":"en_GB","og_type":"article","og_title":"365 pasakojimai vaikams - Skaitytaknyga","og_description":"\u201e365 pasakojimai vaikams\u201c \u2013 tai smagi\u0173 istorij\u0173 rinkinys, skirtas visiems metams \u2013 365 dienoms! Atsivert\u0119 \u0161i\u0105 knyg\u0105 kiekvien\u0105 vakar\u0105 vaikai gal\u0117s rinktis vis kit\u0105 pasakait\u0119 \u2013 pagal met\u0173 dien\u0105, sp\u0117dami pasakos numer\u012f arba skaitydami\u00a0m\u0117gstamiausi\u0105 istorij\u0105 diena i\u0161 dienos. Ir taip \u2013 visus metus! \u012e \u0161i\u0105 rinktin\u0119 sud\u0117tos linksmos, juokingos, pamokan\u010dios, \u0161iuolaikin\u0117s ir laiko patikrintos pasakos, kurios leis patik\u0117ti, kad mus supantis pasaulis \u2013 gra\u017eus, spalvotas ir pilnas stebukl\u0173.","og_url":"https:\/\/skaitytaknyga.lt\/en\/produktas\/365-pasakojimai-vaikams-2\/","og_site_name":"Skaitytaknyga","article_publisher":"https:\/\/www.facebook.com\/skaitytaknyga\/","article_modified_time":"2024-11-01T08:00:10+00:00","og_image":[{"width":400,"height":520,"url":"https:\/\/skaitytaknyga.lt\/wp-content\/uploads\/2024\/05\/365-pasakos_virselis-150RGB-e1497944147897.jpg","type":"image\/jpeg"}],"twitter_card":"summary_large_image","schema":{"@context":"https:\/\/schema.org","@graph":[{"@type":"WebPage","@id":"https:\/\/skaitytaknyga.lt\/produktas\/365-pasakojimai-vaikams-2\/","url":"https:\/\/skaitytaknyga.lt\/produktas\/365-pasakojimai-vaikams-2\/","name":"365 pasakojimai vaikams - Skaitytaknyga","isPartOf":{"@id":"https:\/\/skaitytaknyga.lt\/#website"},"primaryImageOfPage":{"@id":"https:\/\/skaitytaknyga.lt\/produktas\/365-pasakojimai-vaikams-2\/#primaryimage"},"image":{"@id":"https:\/\/skaitytaknyga.lt\/produktas\/365-pasakojimai-vaikams-2\/#primaryimage"},"thumbnailUrl":"https:\/\/skaitytaknyga.lt\/wp-content\/uploads\/2024\/05\/365-pasakos_virselis-150RGB-e1497944147897.jpg","datePublished":"2024-05-04T14:58:28+00:00","dateModified":"2024-11-01T08:00:10+00:00","description":"\u201e365 pasakojimai vaikams\u201c \u2013 tai smagi\u0173 istorij\u0173 rinkinys, skirtas visiems metams \u2013 365 dienoms! Atsivert\u0119 \u0161i\u0105 knyg\u0105 kiekvien\u0105 vakar\u0105 vaikai gal\u0117s rinktis vis kit\u0105 pasakait\u0119 \u2013 pagal met\u0173 dien\u0105, sp\u0117dami pasakos numer\u012f arba skaitydami\u00a0m\u0117gstamiausi\u0105 istorij\u0105 diena i\u0161 dienos. Ir taip \u2013 visus metus! \u012e \u0161i\u0105 rinktin\u0119 sud\u0117tos linksmos, juokingos, pamokan\u010dios, \u0161iuolaikin\u0117s ir laiko patikrintos pasakos, kurios leis patik\u0117ti, kad mus supantis pasaulis \u2013 gra\u017eus, spalvotas ir pilnas stebukl\u0173.","breadcrumb":{"@id":"https:\/\/skaitytaknyga.lt\/produktas\/365-pasakojimai-vaikams-2\/#breadcrumb"},"inLanguage":"en-GB","potentialAction":[{"@type":"ReadAction","target":["https:\/\/skaitytaknyga.lt\/produktas\/365-pasakojimai-vaikams-2\/"]}]},{"@type":"ImageObject","inLanguage":"en-GB","@id":"https:\/\/skaitytaknyga.lt\/produktas\/365-pasakojimai-vaikams-2\/#primaryimage","url":"https:\/\/skaitytaknyga.lt\/wp-content\/uploads\/2024\/05\/365-pasakos_virselis-150RGB-e1497944147897.jpg","contentUrl":"https:\/\/skaitytaknyga.lt\/wp-content\/uploads\/2024\/05\/365-pasakos_virselis-150RGB-e1497944147897.jpg","width":400,"height":520},{"@type":"BreadcrumbList","@id":"https:\/\/skaitytaknyga.lt\/produktas\/365-pasakojimai-vaikams-2\/#breadcrumb","itemListElement":[{"@type":"ListItem","position":1,"name":"Home","item":"https:\/\/skaitytaknyga.lt\/"},{"@type":"ListItem","position":2,"name":"Parduotuv\u0117","item":"https:\/\/skaitytaknyga.lt\/knygu-parduotuve\/"},{"@type":"ListItem","position":3,"name":"365 pasakojimai vaikams"}]},{"@type":"WebSite","@id":"https:\/\/skaitytaknyga.lt\/#website","url":"https:\/\/skaitytaknyga.lt\/","name":"skaitytaknyga.lt","description":"Skaitytaknyga.lt \u2013 tai ma\u017eas \u0161eimos verslas, kuris prasid\u0117jo nuo meil\u0117s knygoms ir siekio i\u0161gelb\u0117ti knygas nuo likimo prie konteinerio. Kas vienam nereikalingas daiktas \u2013 kitam lobis, o mes esame tarpininkai, kurie padeda abiems tapti laimingesniems ???? \u017dinome kaip nelengva i\u0161gyventi ma\u017eiems verslams, tad nuo \u0161iol, \u010dia rasite ir kit\u0173, ma\u017e\u0173 \u0161eim\u0173 versl\u0173, rank\u0173 darbo, dovan\u0173 sau ir artimiesiems.","publisher":{"@id":"https:\/\/skaitytaknyga.lt\/#organization"},"potentialAction":[{"@type":"SearchAction","target":{"@type":"EntryPoint","urlTemplate":"https:\/\/skaitytaknyga.lt\/?s={search_term_string}"},"query-input":{"@type":"PropertyValueSpecification","valueRequired":true,"valueName":"search_term_string"}}],"inLanguage":"en-GB"},{"@type":"Organization","@id":"https:\/\/skaitytaknyga.lt\/#organization","name":"skaitytaknyga.lt","url":"https:\/\/skaitytaknyga.lt\/","logo":{"@type":"ImageObject","inLanguage":"en-GB","@id":"https:\/\/skaitytaknyga.lt\/#\/schema\/logo\/image\/","url":"https:\/\/skaitytaknyga.lt\/wp-content\/uploads\/2024\/05\/cropped-cropped-cropped-02_00843_jt3bggkj1j3HLc7SyY6rEUpg.jpeg","contentUrl":"https:\/\/skaitytaknyga.lt\/wp-content\/uploads\/2024\/05\/cropped-cropped-cropped-02_00843_jt3bggkj1j3HLc7SyY6rEUpg.jpeg","width":1600,"height":1600,"caption":"skaitytaknyga.lt"},"image":{"@id":"https:\/\/skaitytaknyga.lt\/#\/schema\/logo\/image\/"},"sameAs":["https:\/\/www.facebook.com\/skaitytaknyga\/"]}]}},"_links":{"self":[{"href":"https:\/\/skaitytaknyga.lt\/en\/wp-json\/wp\/v2\/product\/9184","targetHints":{"allow":["GET"]}}],"collection":[{"href":"https:\/\/skaitytaknyga.lt\/en\/wp-json\/wp\/v2\/product"}],"about":[{"href":"https:\/\/skaitytaknyga.lt\/en\/wp-json\/wp\/v2\/types\/product"}],"replies":[{"embeddable":true,"href":"https:\/\/skaitytaknyga.lt\/en\/wp-json\/wp\/v2\/comments?post=9184"}],"wp:featuredmedia":[{"embeddable":true,"href":"https:\/\/skaitytaknyga.lt\/en\/wp-json\/wp\/v2\/media\/6322"}],"wp:attachment":[{"href":"https:\/\/skaitytaknyga.lt\/en\/wp-json\/wp\/v2\/media?parent=9184"}],"wp:term":[{"taxonomy":"product_brand","embeddable":true,"href":"https:\/\/skaitytaknyga.lt\/en\/wp-json\/wp\/v2\/product_brand?post=9184"},{"taxonomy":"product_cat","embeddable":true,"href":"https:\/\/skaitytaknyga.lt\/en\/wp-json\/wp\/v2\/product_cat?post=9184"},{"taxonomy":"product_tag","embeddable":true,"href":"https:\/\/skaitytaknyga.lt\/en\/wp-json\/wp\/v2\/product_tag?post=9184"}],"curies":[{"name":"wp","href":"https:\/\/api.w.org\/{rel}","templated":true}]}}