{"id":9183,"date":"2024-05-04T14:58:28","date_gmt":"2024-05-04T14:58:28","guid":{"rendered":"https:\/\/skaitytaknyga.lt\/?post_type=product&#038;p=9183"},"modified":"2025-05-19T09:47:09","modified_gmt":"2025-05-19T06:47:09","slug":"mark-solonin-birzelio-25-oji-kvailyste-ar-agresija-pries-suomija-2","status":"publish","type":"product","link":"https:\/\/skaitytaknyga.lt\/en\/produktas\/mark-solonin-birzelio-25-oji-kvailyste-ar-agresija-pries-suomija-2\/","title":{"rendered":"Bir\u017eelio 25-oji: kvailyst\u0117 ar agresija prie\u0161 Suomij\u0105"},"content":{"rendered":"<p>Mark Solonin pareng\u0117 \u012fdomi\u0105 ir tikrai nauding\u0105 knyg\u0105 Bir\u017eelio 25-oji: kvailyst\u0117 ar agresija prie\u0161 Suomij\u0105, kuri\u0105 \u012fsigyti internetu greita ir paprasta. Vos keli mygtuko spustel\u0117jimai, operatyvus pristatymas ir, grei\u010diausiai, jau kit\u0105 dien\u0105 gal\u0117site m\u0117gautis motyvuojan\u010diu k\u016briniu.<\/p>\n<p>\u0160iuolaikiniame pasaulyje knygas pirkti itin lengva. Online knygyne pirk\u0117j\u0173 visada laukia i\u0161sami ledinio informacijos santrauka, kurioje pateikiame knygos Bir\u017eelio 25-oji: kvailyst\u0117 ar agresija prie\u0161 Suomij\u0105 apra\u0161ym\u0105, nurodome autori\u0173, k\u016brinio vert\u0117j\u0105, puslapi\u0173 skai\u010di\u0173 ar literat\u016brin\u012f \u017eanr\u0105. Viena ko negalime \u2013 atskleisti vis\u0173 turinio detali\u0173 ar perskaityti knygos Bir\u017eelio 25-oji: kvailyst\u0117 ar agresija prie\u0161 Suomij\u0105 u\u017e jus. Ta\u010diau visada pasi\u016blysime geras knyg\u0173 kainas, kar\u0161tas leidykl\u0173 akcijas ir nuolaidas, kuri\u0173 d\u0117ka naudingus k\u016brinius \u012fsigysite pigiau.<\/p>\n<p>Perskait\u0117te knyg\u0105 Bir\u017eelio 25-oji: kvailyst\u0117 ar agresija prie\u0161 Suomij\u0105? Kvie\u010diame interneto knygyne palikti savo nuomon\u0119, Mark Solonin tikrai to vertas. Skaitytoj\u0173 atsiliepimai, kuriuos rasite \u0161alia daugelio knyg\u0173 apra\u0161ym\u0173, padeda rinktis ir apsispr\u0119sti kitiems pirk\u0117jams.<\/p>\n","protected":false},"excerpt":{"rendered":"<p>Mark Solonin pareng\u0117 \u012fdomi\u0105 ir tikrai nauding\u0105 knyg\u0105 Bir\u017eelio 25-oji: kvailyst\u0117 ar agresija prie\u0161 Suomij\u0105, kuri\u0105 \u012fsigyti internetu greita ir paprasta. Vos keli mygtuko spustel\u0117jimai, operatyvus pristatymas ir, grei\u010diausiai, jau kit\u0105 dien\u0105 gal\u0117site m\u0117gautis motyvuojan\u010diu k\u016briniu.<\/p>\n<p>\u0160iuolaikiniame pasaulyje knygas pirkti itin lengva. Online knygyne pirk\u0117j\u0173 visada laukia i\u0161sami ledinio informacijos santrauka, kurioje pateikiame knygos Bir\u017eelio 25-oji: kvailyst\u0117 ar agresija prie\u0161 Suomij\u0105 apra\u0161ym\u0105, nurodome autori\u0173, k\u016brinio vert\u0117j\u0105, puslapi\u0173 skai\u010di\u0173 ar literat\u016brin\u012f \u017eanr\u0105. Viena ko negalime \u2013 atskleisti vis\u0173 turinio detali\u0173 ar perskaityti knygos Bir\u017eelio 25-oji: kvailyst\u0117 ar agresija prie\u0161 Suomij\u0105 u\u017e jus. Ta\u010diau visada pasi\u016blysime geras knyg\u0173 kainas, kar\u0161tas leidykl\u0173 akcijas ir nuolaidas, kuri\u0173 d\u0117ka naudingus k\u016brinius \u012fsigysite pigiau.<\/p>\n<p>Perskait\u0117te knyg\u0105 Bir\u017eelio 25-oji: kvailyst\u0117 ar agresija prie\u0161 Suomij\u0105? Kvie\u010diame interneto knygyne palikti savo nuomon\u0119, Mark Solonin tikrai to vertas. Skaitytoj\u0173 atsiliepimai, kuriuos rasite \u0161alia daugelio knyg\u0173 apra\u0161ym\u0173, padeda rinktis ir apsispr\u0119sti kitiems pirk\u0117jams.<\/p>\n","protected":false},"featured_media":6321,"comment_status":"closed","ping_status":"closed","template":"","meta":{"_acf_changed":false,"site-sidebar-layout":"default","site-content-layout":"","ast-site-content-layout":"default","site-content-style":"default","site-sidebar-style":"default","ast-global-header-display":"","ast-banner-title-visibility":"","ast-main-header-display":"","ast-hfb-above-header-display":"","ast-hfb-below-header-display":"","ast-hfb-mobile-header-display":"","site-post-title":"","ast-breadcrumbs-content":"","ast-featured-img":"","footer-sml-layout":"","ast-disable-related-posts":"","theme-transparent-header-meta":"","adv-header-id-meta":"","stick-header-meta":"","header-above-stick-meta":"","header-main-stick-meta":"","header-below-stick-meta":"","astra-migrate-meta-layouts":"default","ast-page-background-enabled":"default","ast-page-background-meta":{"desktop":{"background-color":"","background-image":"","background-repeat":"repeat","background-position":"center center","background-size":"auto","background-attachment":"scroll","background-type":"","background-media":"","overlay-type":"","overlay-color":"","overlay-opacity":"","overlay-gradient":""},"tablet":{"background-color":"","background-image":"","background-repeat":"repeat","background-position":"center center","background-size":"auto","background-attachment":"scroll","background-type":"","background-media":"","overlay-type":"","overlay-color":"","overlay-opacity":"","overlay-gradient":""},"mobile":{"background-color":"","background-image":"","background-repeat":"repeat","background-position":"center center","background-size":"auto","background-attachment":"scroll","background-type":"","background-media":"","overlay-type":"","overlay-color":"","overlay-opacity":"","overlay-gradient":""}},"ast-content-background-meta":{"desktop":{"background-color":"var(--ast-global-color-4)","background-image":"","background-repeat":"repeat","background-position":"center center","background-size":"auto","background-attachment":"scroll","background-type":"","background-media":"","overlay-type":"","overlay-color":"","overlay-opacity":"","overlay-gradient":""},"tablet":{"background-color":"var(--ast-global-color-4)","background-image":"","background-repeat":"repeat","background-position":"center center","background-size":"auto","background-attachment":"scroll","background-type":"","background-media":"","overlay-type":"","overlay-color":"","overlay-opacity":"","overlay-gradient":""},"mobile":{"background-color":"var(--ast-global-color-4)","background-image":"","background-repeat":"repeat","background-position":"center center","background-size":"auto","background-attachment":"scroll","background-type":"","background-media":"","overlay-type":"","overlay-color":"","overlay-opacity":"","overlay-gradient":""}}},"product_brand":[],"product_cat":[174],"product_tag":[],"class_list":{"0":"post-9183","1":"product","2":"type-product","3":"status-publish","4":"has-post-thumbnail","6":"product_cat-istorija-ir-politologija","7":"desktop-align-left","8":"tablet-align-left","9":"mobile-align-left","11":"first","12":"instock","13":"shipping-taxable","14":"purchasable","15":"product-type-simple"},"acf":[],"yoast_head":"<!-- This site is optimized with the Yoast SEO plugin v27.4 - https:\/\/yoast.com\/product\/yoast-seo-wordpress\/ -->\n<title>Bir\u017eelio 25-oji: kvailyst\u0117 ar agresija prie\u0161 Suomij\u0105<\/title>\n<meta name=\"description\" content=\"Mark Solonin pareng\u0117 \u012fdomi\u0105 ir tikrai nauding\u0105 knyg\u0105 Bir\u017eelio 25-oji: kvailyst\u0117 ar agresija prie\u0161 Suomij\u0105, kuri\u0105 \u012fsigyti internetu greita ir paprasta. Vos keli mygtuko spustel\u0117jimai, operatyvus pristatymas ir, grei\u010diausiai, jau kit\u0105 dien\u0105 gal\u0117site m\u0117gautis motyvuojan\u010diu k\u016briniu.  \u0160iuolaikiniame pasaulyje knygas pirkti itin lengva. Online knygyne pirk\u0117j\u0173 visada laukia i\u0161sami ledinio informacijos santrauka, kurioje pateikiame knygos Bir\u017eelio 25-oji: kvailyst\u0117 ar agresija prie\u0161 Suomij\u0105 apra\u0161ym\u0105, nurodome autori\u0173, k\u016brinio vert\u0117j\u0105, puslapi\u0173 skai\u010di\u0173 ar literat\u016brin\u012f \u017eanr\u0105. Viena ko negalime \u2013 atskleisti vis\u0173 turinio detali\u0173 ar perskaityti knygos Bir\u017eelio 25-oji: kvailyst\u0117 ar agresija prie\u0161 Suomij\u0105 u\u017e jus. Ta\u010diau visada pasi\u016blysime geras knyg\u0173 kainas, kar\u0161tas leidykl\u0173 akcijas ir nuolaidas, kuri\u0173 d\u0117ka naudingus k\u016brinius \u012fsigysite pigiau.  Perskait\u0117te knyg\u0105 Bir\u017eelio 25-oji: kvailyst\u0117 ar agresija prie\u0161 Suomij\u0105? Kvie\u010diame interneto knygyne palikti savo nuomon\u0119, Mark Solonin tikrai to vertas. Skaitytoj\u0173 atsiliepimai, kuriuos rasite \u0161alia daugelio knyg\u0173 apra\u0161ym\u0173, padeda rinktis ir apsispr\u0119sti kitiems pirk\u0117jams.\" \/>\n<meta name=\"robots\" content=\"index, follow, max-snippet:-1, max-image-preview:large, max-video-preview:-1\" \/>\n<link rel=\"canonical\" href=\"https:\/\/skaitytaknyga.lt\/en\/produktas\/mark-solonin-birzelio-25-oji-kvailyste-ar-agresija-pries-suomija-2\/\" \/>\n<meta property=\"og:locale\" content=\"en_GB\" \/>\n<meta property=\"og:locale:alternate\" content=\"lt_LT\" \/>\n<meta property=\"og:type\" content=\"article\" \/>\n<meta property=\"og:title\" content=\"Bir\u017eelio 25-oji: kvailyst\u0117 ar agresija prie\u0161 Suomij\u0105\" \/>\n<meta property=\"og:description\" content=\"Mark Solonin pareng\u0117 \u012fdomi\u0105 ir tikrai nauding\u0105 knyg\u0105 Bir\u017eelio 25-oji: kvailyst\u0117 ar agresija prie\u0161 Suomij\u0105, kuri\u0105 \u012fsigyti internetu greita ir paprasta. Vos keli mygtuko spustel\u0117jimai, operatyvus pristatymas ir, grei\u010diausiai, jau kit\u0105 dien\u0105 gal\u0117site m\u0117gautis motyvuojan\u010diu k\u016briniu.  \u0160iuolaikiniame pasaulyje knygas pirkti itin lengva. Online knygyne pirk\u0117j\u0173 visada laukia i\u0161sami ledinio informacijos santrauka, kurioje pateikiame knygos Bir\u017eelio 25-oji: kvailyst\u0117 ar agresija prie\u0161 Suomij\u0105 apra\u0161ym\u0105, nurodome autori\u0173, k\u016brinio vert\u0117j\u0105, puslapi\u0173 skai\u010di\u0173 ar literat\u016brin\u012f \u017eanr\u0105. Viena ko negalime \u2013 atskleisti vis\u0173 turinio detali\u0173 ar perskaityti knygos Bir\u017eelio 25-oji: kvailyst\u0117 ar agresija prie\u0161 Suomij\u0105 u\u017e jus. Ta\u010diau visada pasi\u016blysime geras knyg\u0173 kainas, kar\u0161tas leidykl\u0173 akcijas ir nuolaidas, kuri\u0173 d\u0117ka naudingus k\u016brinius \u012fsigysite pigiau.  Perskait\u0117te knyg\u0105 Bir\u017eelio 25-oji: kvailyst\u0117 ar agresija prie\u0161 Suomij\u0105? Kvie\u010diame interneto knygyne palikti savo nuomon\u0119, Mark Solonin tikrai to vertas. Skaitytoj\u0173 atsiliepimai, kuriuos rasite \u0161alia daugelio knyg\u0173 apra\u0161ym\u0173, padeda rinktis ir apsispr\u0119sti kitiems pirk\u0117jams.\" \/>\n<meta property=\"og:url\" content=\"https:\/\/skaitytaknyga.lt\/en\/produktas\/mark-solonin-birzelio-25-oji-kvailyste-ar-agresija-pries-suomija-2\/\" \/>\n<meta property=\"og:site_name\" content=\"Skaitytaknyga\" \/>\n<meta property=\"article:publisher\" content=\"https:\/\/www.facebook.com\/skaitytaknyga\/\" \/>\n<meta property=\"article:modified_time\" content=\"2025-05-19T06:47:09+00:00\" \/>\n<meta property=\"og:image\" content=\"https:\/\/skaitytaknyga.lt\/wp-content\/uploads\/2024\/05\/birzelio-25_co_m.png\" \/>\n\t<meta property=\"og:image:width\" content=\"300\" \/>\n\t<meta property=\"og:image:height\" content=\"425\" \/>\n\t<meta property=\"og:image:type\" content=\"image\/png\" \/>\n<meta name=\"twitter:card\" content=\"summary_large_image\" \/>\n<meta name=\"twitter:label1\" content=\"Estimated reading time\" \/>\n\t<meta name=\"twitter:data1\" content=\"1 minute\" \/>\n<script type=\"application\/ld+json\" class=\"yoast-schema-graph\">{\"@context\":\"https:\\\/\\\/schema.org\",\"@graph\":[{\"@type\":\"WebPage\",\"@id\":\"https:\\\/\\\/skaitytaknyga.lt\\\/produktas\\\/mark-solonin-birzelio-25-oji-kvailyste-ar-agresija-pries-suomija-2\\\/\",\"url\":\"https:\\\/\\\/skaitytaknyga.lt\\\/produktas\\\/mark-solonin-birzelio-25-oji-kvailyste-ar-agresija-pries-suomija-2\\\/\",\"name\":\"Bir\u017eelio 25-oji: kvailyst\u0117 ar agresija prie\u0161 Suomij\u0105\",\"isPartOf\":{\"@id\":\"https:\\\/\\\/skaitytaknyga.lt\\\/#website\"},\"primaryImageOfPage\":{\"@id\":\"https:\\\/\\\/skaitytaknyga.lt\\\/produktas\\\/mark-solonin-birzelio-25-oji-kvailyste-ar-agresija-pries-suomija-2\\\/#primaryimage\"},\"image\":{\"@id\":\"https:\\\/\\\/skaitytaknyga.lt\\\/produktas\\\/mark-solonin-birzelio-25-oji-kvailyste-ar-agresija-pries-suomija-2\\\/#primaryimage\"},\"thumbnailUrl\":\"https:\\\/\\\/skaitytaknyga.lt\\\/wp-content\\\/uploads\\\/2024\\\/05\\\/birzelio-25_co_m.png\",\"datePublished\":\"2024-05-04T14:58:28+00:00\",\"dateModified\":\"2025-05-19T06:47:09+00:00\",\"description\":\"Mark Solonin pareng\u0117 \u012fdomi\u0105 ir tikrai nauding\u0105 knyg\u0105 Bir\u017eelio 25-oji: kvailyst\u0117 ar agresija prie\u0161 Suomij\u0105, kuri\u0105 \u012fsigyti internetu greita ir paprasta. Vos keli mygtuko spustel\u0117jimai, operatyvus pristatymas ir, grei\u010diausiai, jau kit\u0105 dien\u0105 gal\u0117site m\u0117gautis motyvuojan\u010diu k\u016briniu. \u0160iuolaikiniame pasaulyje knygas pirkti itin lengva. Online knygyne pirk\u0117j\u0173 visada laukia i\u0161sami ledinio informacijos santrauka, kurioje pateikiame knygos Bir\u017eelio 25-oji: kvailyst\u0117 ar agresija prie\u0161 Suomij\u0105 apra\u0161ym\u0105, nurodome autori\u0173, k\u016brinio vert\u0117j\u0105, puslapi\u0173 skai\u010di\u0173 ar literat\u016brin\u012f \u017eanr\u0105. Viena ko negalime \u2013 atskleisti vis\u0173 turinio detali\u0173 ar perskaityti knygos Bir\u017eelio 25-oji: kvailyst\u0117 ar agresija prie\u0161 Suomij\u0105 u\u017e jus. Ta\u010diau visada pasi\u016blysime geras knyg\u0173 kainas, kar\u0161tas leidykl\u0173 akcijas ir nuolaidas, kuri\u0173 d\u0117ka naudingus k\u016brinius \u012fsigysite pigiau. Perskait\u0117te knyg\u0105 Bir\u017eelio 25-oji: kvailyst\u0117 ar agresija prie\u0161 Suomij\u0105? Kvie\u010diame interneto knygyne palikti savo nuomon\u0119, Mark Solonin tikrai to vertas. Skaitytoj\u0173 atsiliepimai, kuriuos rasite \u0161alia daugelio knyg\u0173 apra\u0161ym\u0173, padeda rinktis ir apsispr\u0119sti kitiems pirk\u0117jams.\",\"breadcrumb\":{\"@id\":\"https:\\\/\\\/skaitytaknyga.lt\\\/produktas\\\/mark-solonin-birzelio-25-oji-kvailyste-ar-agresija-pries-suomija-2\\\/#breadcrumb\"},\"inLanguage\":\"en-GB\",\"potentialAction\":[{\"@type\":\"ReadAction\",\"target\":[\"https:\\\/\\\/skaitytaknyga.lt\\\/produktas\\\/mark-solonin-birzelio-25-oji-kvailyste-ar-agresija-pries-suomija-2\\\/\"]}]},{\"@type\":\"ImageObject\",\"inLanguage\":\"en-GB\",\"@id\":\"https:\\\/\\\/skaitytaknyga.lt\\\/produktas\\\/mark-solonin-birzelio-25-oji-kvailyste-ar-agresija-pries-suomija-2\\\/#primaryimage\",\"url\":\"https:\\\/\\\/skaitytaknyga.lt\\\/wp-content\\\/uploads\\\/2024\\\/05\\\/birzelio-25_co_m.png\",\"contentUrl\":\"https:\\\/\\\/skaitytaknyga.lt\\\/wp-content\\\/uploads\\\/2024\\\/05\\\/birzelio-25_co_m.png\",\"width\":300,\"height\":425},{\"@type\":\"BreadcrumbList\",\"@id\":\"https:\\\/\\\/skaitytaknyga.lt\\\/produktas\\\/mark-solonin-birzelio-25-oji-kvailyste-ar-agresija-pries-suomija-2\\\/#breadcrumb\",\"itemListElement\":[{\"@type\":\"ListItem\",\"position\":1,\"name\":\"Home\",\"item\":\"https:\\\/\\\/skaitytaknyga.lt\\\/\"},{\"@type\":\"ListItem\",\"position\":2,\"name\":\"Parduotuv\u0117\",\"item\":\"https:\\\/\\\/skaitytaknyga.lt\\\/knygu-parduotuve\\\/\"},{\"@type\":\"ListItem\",\"position\":3,\"name\":\"Bir\u017eelio 25-oji: kvailyst\u0117 ar agresija prie\u0161 Suomij\u0105\"}]},{\"@type\":\"WebSite\",\"@id\":\"https:\\\/\\\/skaitytaknyga.lt\\\/#website\",\"url\":\"https:\\\/\\\/skaitytaknyga.lt\\\/\",\"name\":\"skaitytaknyga.lt\",\"description\":\"Skaitytaknyga.lt \u2013 tai ma\u017eas \u0161eimos verslas, kuris prasid\u0117jo nuo meil\u0117s knygoms ir siekio i\u0161gelb\u0117ti knygas nuo likimo prie konteinerio. Kas vienam nereikalingas daiktas \u2013 kitam lobis, o mes esame tarpininkai, kurie padeda abiems tapti laimingesniems ???? \u017dinome kaip nelengva i\u0161gyventi ma\u017eiems verslams, tad nuo \u0161iol, \u010dia rasite ir kit\u0173, ma\u017e\u0173 \u0161eim\u0173 versl\u0173, rank\u0173 darbo, dovan\u0173 sau ir artimiesiems.\",\"publisher\":{\"@id\":\"https:\\\/\\\/skaitytaknyga.lt\\\/#organization\"},\"potentialAction\":[{\"@type\":\"SearchAction\",\"target\":{\"@type\":\"EntryPoint\",\"urlTemplate\":\"https:\\\/\\\/skaitytaknyga.lt\\\/?s={search_term_string}\"},\"query-input\":{\"@type\":\"PropertyValueSpecification\",\"valueRequired\":true,\"valueName\":\"search_term_string\"}}],\"inLanguage\":\"en-GB\"},{\"@type\":\"Organization\",\"@id\":\"https:\\\/\\\/skaitytaknyga.lt\\\/#organization\",\"name\":\"skaitytaknyga.lt\",\"url\":\"https:\\\/\\\/skaitytaknyga.lt\\\/\",\"logo\":{\"@type\":\"ImageObject\",\"inLanguage\":\"en-GB\",\"@id\":\"https:\\\/\\\/skaitytaknyga.lt\\\/#\\\/schema\\\/logo\\\/image\\\/\",\"url\":\"https:\\\/\\\/skaitytaknyga.lt\\\/wp-content\\\/uploads\\\/2024\\\/05\\\/cropped-cropped-cropped-02_00843_jt3bggkj1j3HLc7SyY6rEUpg.jpeg\",\"contentUrl\":\"https:\\\/\\\/skaitytaknyga.lt\\\/wp-content\\\/uploads\\\/2024\\\/05\\\/cropped-cropped-cropped-02_00843_jt3bggkj1j3HLc7SyY6rEUpg.jpeg\",\"width\":1600,\"height\":1600,\"caption\":\"skaitytaknyga.lt\"},\"image\":{\"@id\":\"https:\\\/\\\/skaitytaknyga.lt\\\/#\\\/schema\\\/logo\\\/image\\\/\"},\"sameAs\":[\"https:\\\/\\\/www.facebook.com\\\/skaitytaknyga\\\/\"]}]}<\/script>\n<!-- \/ Yoast SEO plugin. -->","yoast_head_json":{"title":"Bir\u017eelio 25-oji: kvailyst\u0117 ar agresija prie\u0161 Suomij\u0105","description":"Mark Solonin pareng\u0117 \u012fdomi\u0105 ir tikrai nauding\u0105 knyg\u0105 Bir\u017eelio 25-oji: kvailyst\u0117 ar agresija prie\u0161 Suomij\u0105, kuri\u0105 \u012fsigyti internetu greita ir paprasta. Vos keli mygtuko spustel\u0117jimai, operatyvus pristatymas ir, grei\u010diausiai, jau kit\u0105 dien\u0105 gal\u0117site m\u0117gautis motyvuojan\u010diu k\u016briniu.  \u0160iuolaikiniame pasaulyje knygas pirkti itin lengva. Online knygyne pirk\u0117j\u0173 visada laukia i\u0161sami ledinio informacijos santrauka, kurioje pateikiame knygos Bir\u017eelio 25-oji: kvailyst\u0117 ar agresija prie\u0161 Suomij\u0105 apra\u0161ym\u0105, nurodome autori\u0173, k\u016brinio vert\u0117j\u0105, puslapi\u0173 skai\u010di\u0173 ar literat\u016brin\u012f \u017eanr\u0105. Viena ko negalime \u2013 atskleisti vis\u0173 turinio detali\u0173 ar perskaityti knygos Bir\u017eelio 25-oji: kvailyst\u0117 ar agresija prie\u0161 Suomij\u0105 u\u017e jus. Ta\u010diau visada pasi\u016blysime geras knyg\u0173 kainas, kar\u0161tas leidykl\u0173 akcijas ir nuolaidas, kuri\u0173 d\u0117ka naudingus k\u016brinius \u012fsigysite pigiau.  Perskait\u0117te knyg\u0105 Bir\u017eelio 25-oji: kvailyst\u0117 ar agresija prie\u0161 Suomij\u0105? Kvie\u010diame interneto knygyne palikti savo nuomon\u0119, Mark Solonin tikrai to vertas. Skaitytoj\u0173 atsiliepimai, kuriuos rasite \u0161alia daugelio knyg\u0173 apra\u0161ym\u0173, padeda rinktis ir apsispr\u0119sti kitiems pirk\u0117jams.","robots":{"index":"index","follow":"follow","max-snippet":"max-snippet:-1","max-image-preview":"max-image-preview:large","max-video-preview":"max-video-preview:-1"},"canonical":"https:\/\/skaitytaknyga.lt\/en\/produktas\/mark-solonin-birzelio-25-oji-kvailyste-ar-agresija-pries-suomija-2\/","og_locale":"en_GB","og_type":"article","og_title":"[:lt]Bir\u017eelio 25-oji: kvailyst\u0117 ar agresija prie\u0161 Suomij\u0105[:] - Skaitytaknyga","og_description":"Mark Solonin pareng\u0117 \u012fdomi\u0105 ir tikrai nauding\u0105 knyg\u0105 Bir\u017eelio 25-oji: kvailyst\u0117 ar agresija prie\u0161 Suomij\u0105, kuri\u0105 \u012fsigyti internetu greita ir paprasta. Vos keli mygtuko spustel\u0117jimai, operatyvus pristatymas ir, grei\u010diausiai, jau kit\u0105 dien\u0105 gal\u0117site m\u0117gautis motyvuojan\u010diu k\u016briniu.  \u0160iuolaikiniame pasaulyje knygas pirkti itin lengva. Online knygyne pirk\u0117j\u0173 visada laukia i\u0161sami ledinio informacijos santrauka, kurioje pateikiame knygos Bir\u017eelio 25-oji: kvailyst\u0117 ar agresija prie\u0161 Suomij\u0105 apra\u0161ym\u0105, nurodome autori\u0173, k\u016brinio vert\u0117j\u0105, puslapi\u0173 skai\u010di\u0173 ar literat\u016brin\u012f \u017eanr\u0105. Viena ko negalime \u2013 atskleisti vis\u0173 turinio detali\u0173 ar perskaityti knygos Bir\u017eelio 25-oji: kvailyst\u0117 ar agresija prie\u0161 Suomij\u0105 u\u017e jus. Ta\u010diau visada pasi\u016blysime geras knyg\u0173 kainas, kar\u0161tas leidykl\u0173 akcijas ir nuolaidas, kuri\u0173 d\u0117ka naudingus k\u016brinius \u012fsigysite pigiau.  Perskait\u0117te knyg\u0105 Bir\u017eelio 25-oji: kvailyst\u0117 ar agresija prie\u0161 Suomij\u0105? Kvie\u010diame interneto knygyne palikti savo nuomon\u0119, Mark Solonin tikrai to vertas. Skaitytoj\u0173 atsiliepimai, kuriuos rasite \u0161alia daugelio knyg\u0173 apra\u0161ym\u0173, padeda rinktis ir apsispr\u0119sti kitiems pirk\u0117jams.","og_url":"https:\/\/skaitytaknyga.lt\/en\/produktas\/mark-solonin-birzelio-25-oji-kvailyste-ar-agresija-pries-suomija-2\/","og_site_name":"Skaitytaknyga","article_publisher":"https:\/\/www.facebook.com\/skaitytaknyga\/","article_modified_time":"2025-05-19T06:47:09+00:00","og_image":[{"width":300,"height":425,"url":"https:\/\/skaitytaknyga.lt\/wp-content\/uploads\/2024\/05\/birzelio-25_co_m.png","type":"image\/png"}],"twitter_card":"summary_large_image","twitter_misc":{"Estimated reading time":"1 minute"},"schema":{"@context":"https:\/\/schema.org","@graph":[{"@type":"WebPage","@id":"https:\/\/skaitytaknyga.lt\/produktas\/mark-solonin-birzelio-25-oji-kvailyste-ar-agresija-pries-suomija-2\/","url":"https:\/\/skaitytaknyga.lt\/produktas\/mark-solonin-birzelio-25-oji-kvailyste-ar-agresija-pries-suomija-2\/","name":"Bir\u017eelio 25-oji: kvailyst\u0117 ar agresija prie\u0161 Suomij\u0105","isPartOf":{"@id":"https:\/\/skaitytaknyga.lt\/#website"},"primaryImageOfPage":{"@id":"https:\/\/skaitytaknyga.lt\/produktas\/mark-solonin-birzelio-25-oji-kvailyste-ar-agresija-pries-suomija-2\/#primaryimage"},"image":{"@id":"https:\/\/skaitytaknyga.lt\/produktas\/mark-solonin-birzelio-25-oji-kvailyste-ar-agresija-pries-suomija-2\/#primaryimage"},"thumbnailUrl":"https:\/\/skaitytaknyga.lt\/wp-content\/uploads\/2024\/05\/birzelio-25_co_m.png","datePublished":"2024-05-04T14:58:28+00:00","dateModified":"2025-05-19T06:47:09+00:00","description":"Mark Solonin pareng\u0117 \u012fdomi\u0105 ir tikrai nauding\u0105 knyg\u0105 Bir\u017eelio 25-oji: kvailyst\u0117 ar agresija prie\u0161 Suomij\u0105, kuri\u0105 \u012fsigyti internetu greita ir paprasta. Vos keli mygtuko spustel\u0117jimai, operatyvus pristatymas ir, grei\u010diausiai, jau kit\u0105 dien\u0105 gal\u0117site m\u0117gautis motyvuojan\u010diu k\u016briniu. \u0160iuolaikiniame pasaulyje knygas pirkti itin lengva. Online knygyne pirk\u0117j\u0173 visada laukia i\u0161sami ledinio informacijos santrauka, kurioje pateikiame knygos Bir\u017eelio 25-oji: kvailyst\u0117 ar agresija prie\u0161 Suomij\u0105 apra\u0161ym\u0105, nurodome autori\u0173, k\u016brinio vert\u0117j\u0105, puslapi\u0173 skai\u010di\u0173 ar literat\u016brin\u012f \u017eanr\u0105. Viena ko negalime \u2013 atskleisti vis\u0173 turinio detali\u0173 ar perskaityti knygos Bir\u017eelio 25-oji: kvailyst\u0117 ar agresija prie\u0161 Suomij\u0105 u\u017e jus. Ta\u010diau visada pasi\u016blysime geras knyg\u0173 kainas, kar\u0161tas leidykl\u0173 akcijas ir nuolaidas, kuri\u0173 d\u0117ka naudingus k\u016brinius \u012fsigysite pigiau. Perskait\u0117te knyg\u0105 Bir\u017eelio 25-oji: kvailyst\u0117 ar agresija prie\u0161 Suomij\u0105? Kvie\u010diame interneto knygyne palikti savo nuomon\u0119, Mark Solonin tikrai to vertas. Skaitytoj\u0173 atsiliepimai, kuriuos rasite \u0161alia daugelio knyg\u0173 apra\u0161ym\u0173, padeda rinktis ir apsispr\u0119sti kitiems pirk\u0117jams.","breadcrumb":{"@id":"https:\/\/skaitytaknyga.lt\/produktas\/mark-solonin-birzelio-25-oji-kvailyste-ar-agresija-pries-suomija-2\/#breadcrumb"},"inLanguage":"en-GB","potentialAction":[{"@type":"ReadAction","target":["https:\/\/skaitytaknyga.lt\/produktas\/mark-solonin-birzelio-25-oji-kvailyste-ar-agresija-pries-suomija-2\/"]}]},{"@type":"ImageObject","inLanguage":"en-GB","@id":"https:\/\/skaitytaknyga.lt\/produktas\/mark-solonin-birzelio-25-oji-kvailyste-ar-agresija-pries-suomija-2\/#primaryimage","url":"https:\/\/skaitytaknyga.lt\/wp-content\/uploads\/2024\/05\/birzelio-25_co_m.png","contentUrl":"https:\/\/skaitytaknyga.lt\/wp-content\/uploads\/2024\/05\/birzelio-25_co_m.png","width":300,"height":425},{"@type":"BreadcrumbList","@id":"https:\/\/skaitytaknyga.lt\/produktas\/mark-solonin-birzelio-25-oji-kvailyste-ar-agresija-pries-suomija-2\/#breadcrumb","itemListElement":[{"@type":"ListItem","position":1,"name":"Home","item":"https:\/\/skaitytaknyga.lt\/"},{"@type":"ListItem","position":2,"name":"Parduotuv\u0117","item":"https:\/\/skaitytaknyga.lt\/knygu-parduotuve\/"},{"@type":"ListItem","position":3,"name":"Bir\u017eelio 25-oji: kvailyst\u0117 ar agresija prie\u0161 Suomij\u0105"}]},{"@type":"WebSite","@id":"https:\/\/skaitytaknyga.lt\/#website","url":"https:\/\/skaitytaknyga.lt\/","name":"skaitytaknyga.lt","description":"Skaitytaknyga.lt \u2013 tai ma\u017eas \u0161eimos verslas, kuris prasid\u0117jo nuo meil\u0117s knygoms ir siekio i\u0161gelb\u0117ti knygas nuo likimo prie konteinerio. Kas vienam nereikalingas daiktas \u2013 kitam lobis, o mes esame tarpininkai, kurie padeda abiems tapti laimingesniems ???? \u017dinome kaip nelengva i\u0161gyventi ma\u017eiems verslams, tad nuo \u0161iol, \u010dia rasite ir kit\u0173, ma\u017e\u0173 \u0161eim\u0173 versl\u0173, rank\u0173 darbo, dovan\u0173 sau ir artimiesiems.","publisher":{"@id":"https:\/\/skaitytaknyga.lt\/#organization"},"potentialAction":[{"@type":"SearchAction","target":{"@type":"EntryPoint","urlTemplate":"https:\/\/skaitytaknyga.lt\/?s={search_term_string}"},"query-input":{"@type":"PropertyValueSpecification","valueRequired":true,"valueName":"search_term_string"}}],"inLanguage":"en-GB"},{"@type":"Organization","@id":"https:\/\/skaitytaknyga.lt\/#organization","name":"skaitytaknyga.lt","url":"https:\/\/skaitytaknyga.lt\/","logo":{"@type":"ImageObject","inLanguage":"en-GB","@id":"https:\/\/skaitytaknyga.lt\/#\/schema\/logo\/image\/","url":"https:\/\/skaitytaknyga.lt\/wp-content\/uploads\/2024\/05\/cropped-cropped-cropped-02_00843_jt3bggkj1j3HLc7SyY6rEUpg.jpeg","contentUrl":"https:\/\/skaitytaknyga.lt\/wp-content\/uploads\/2024\/05\/cropped-cropped-cropped-02_00843_jt3bggkj1j3HLc7SyY6rEUpg.jpeg","width":1600,"height":1600,"caption":"skaitytaknyga.lt"},"image":{"@id":"https:\/\/skaitytaknyga.lt\/#\/schema\/logo\/image\/"},"sameAs":["https:\/\/www.facebook.com\/skaitytaknyga\/"]}]}},"_links":{"self":[{"href":"https:\/\/skaitytaknyga.lt\/en\/wp-json\/wp\/v2\/product\/9183","targetHints":{"allow":["GET"]}}],"collection":[{"href":"https:\/\/skaitytaknyga.lt\/en\/wp-json\/wp\/v2\/product"}],"about":[{"href":"https:\/\/skaitytaknyga.lt\/en\/wp-json\/wp\/v2\/types\/product"}],"replies":[{"embeddable":true,"href":"https:\/\/skaitytaknyga.lt\/en\/wp-json\/wp\/v2\/comments?post=9183"}],"wp:featuredmedia":[{"embeddable":true,"href":"https:\/\/skaitytaknyga.lt\/en\/wp-json\/wp\/v2\/media\/6321"}],"wp:attachment":[{"href":"https:\/\/skaitytaknyga.lt\/en\/wp-json\/wp\/v2\/media?parent=9183"}],"wp:term":[{"taxonomy":"product_brand","embeddable":true,"href":"https:\/\/skaitytaknyga.lt\/en\/wp-json\/wp\/v2\/product_brand?post=9183"},{"taxonomy":"product_cat","embeddable":true,"href":"https:\/\/skaitytaknyga.lt\/en\/wp-json\/wp\/v2\/product_cat?post=9183"},{"taxonomy":"product_tag","embeddable":true,"href":"https:\/\/skaitytaknyga.lt\/en\/wp-json\/wp\/v2\/product_tag?post=9183"}],"curies":[{"name":"wp","href":"https:\/\/api.w.org\/{rel}","templated":true}]}}