{"id":9176,"date":"2024-05-04T14:58:28","date_gmt":"2024-05-04T14:58:28","guid":{"rendered":"https:\/\/skaitytaknyga.lt\/?post_type=product&#038;p=9176"},"modified":"2026-03-05T12:15:16","modified_gmt":"2026-03-05T10:15:16","slug":"danas-selis-provincijos-detektyvas-2","status":"publish","type":"product","link":"https:\/\/skaitytaknyga.lt\/en\/produktas\/danas-selis-provincijos-detektyvas-2\/","title":{"rendered":"Provincijos detektyvas"},"content":{"rendered":"<p>\u201eProvincijos detektyvas\u201c \u2013 puiki dovana stipri\u0173 poj\u016b\u010di\u0173 m\u0117g\u0117jams. Spalvingi veik\u0117j\u0173 portretai, pain\u016bs siu\u017eeto vingiai, intriga prikausto d\u0117mes\u012f nuo pat pirm\u0173 knygos puslapi\u0173.<\/p>\n<p>Provincijos dienra\u0161\u010dio \u017eurnalist\u0117 Tilda gauna u\u017eduot\u012f para\u0161yti apie dvi moteris, paslaptingai dingusias i\u0161 Palauk\u0117s pensiono. \u0160iame pensione dienas leid\u017eia turtingi dykaduoniai, visuomenei pavojingi psichikos ligoniai. \u012e paie\u0161kas \u012fsitraukia vietos kriminalin\u0117 policija, vadovaujama komisaro Sido Guobos, pravarde Adata, ir dar keletas su tuo, regis, niekaip nesusijusi\u0173 asmen\u0173. Gal\u0173 gale tampa nebeai\u0161ku, kas \u0161iame \u017eaidime diktuoja s\u0105lygas \u2013 pami\u0161\u0117liai ar sveikieji. Kur toji riba, kuri\u0105 per\u017eengus prasideda beprotyb\u0117?<\/p>\n<p>Atsakymai ilgainiui paai\u0161k\u0117s, tik ne tokie, koki\u0173 tik\u0117jot\u0117s.<\/p>\n","protected":false},"excerpt":{"rendered":"<p>\u201eProvincijos detektyvas\u201c \u2013 puiki dovana stipri\u0173 poj\u016b\u010di\u0173 m\u0117g\u0117jams. Spalvingi veik\u0117j\u0173 portretai, pain\u016bs siu\u017eeto vingiai, intriga prikausto d\u0117mes\u012f nuo pat pirm\u0173 knygos puslapi\u0173.<\/p>\n<p>Provincijos dienra\u0161\u010dio \u017eurnalist\u0117 Tilda gauna u\u017eduot\u012f para\u0161yti apie dvi moteris, paslaptingai dingusias i\u0161 Palauk\u0117s pensiono. \u0160iame pensione dienas leid\u017eia turtingi dykaduoniai, visuomenei pavojingi psichikos ligoniai. \u012e paie\u0161kas \u012fsitraukia vietos kriminalin\u0117 policija, vadovaujama komisaro Sido Guobos, pravarde Adata, ir dar keletas su tuo, regis, niekaip nesusijusi\u0173 asmen\u0173. Gal\u0173 gale tampa nebeai\u0161ku, kas \u0161iame \u017eaidime diktuoja s\u0105lygas \u2013 pami\u0161\u0117liai ar sveikieji. Kur toji riba, kuri\u0105 per\u017eengus prasideda beprotyb\u0117?<\/p>\n<p>Atsakymai ilgainiui paai\u0161k\u0117s, tik ne tokie, koki\u0173 tik\u0117jot\u0117s.<\/p>\n","protected":false},"featured_media":6304,"comment_status":"closed","ping_status":"closed","template":"","meta":{"_acf_changed":false,"site-sidebar-layout":"default","site-content-layout":"","ast-site-content-layout":"default","site-content-style":"default","site-sidebar-style":"default","ast-global-header-display":"","ast-banner-title-visibility":"","ast-main-header-display":"","ast-hfb-above-header-display":"","ast-hfb-below-header-display":"","ast-hfb-mobile-header-display":"","site-post-title":"","ast-breadcrumbs-content":"","ast-featured-img":"","footer-sml-layout":"","ast-disable-related-posts":"","theme-transparent-header-meta":"","adv-header-id-meta":"","stick-header-meta":"","header-above-stick-meta":"","header-main-stick-meta":"","header-below-stick-meta":"","astra-migrate-meta-layouts":"default","ast-page-background-enabled":"default","ast-page-background-meta":{"desktop":{"background-color":"","background-image":"","background-repeat":"repeat","background-position":"center center","background-size":"auto","background-attachment":"scroll","background-type":"","background-media":"","overlay-type":"","overlay-color":"","overlay-opacity":"","overlay-gradient":""},"tablet":{"background-color":"","background-image":"","background-repeat":"repeat","background-position":"center center","background-size":"auto","background-attachment":"scroll","background-type":"","background-media":"","overlay-type":"","overlay-color":"","overlay-opacity":"","overlay-gradient":""},"mobile":{"background-color":"","background-image":"","background-repeat":"repeat","background-position":"center center","background-size":"auto","background-attachment":"scroll","background-type":"","background-media":"","overlay-type":"","overlay-color":"","overlay-opacity":"","overlay-gradient":""}},"ast-content-background-meta":{"desktop":{"background-color":"var(--ast-global-color-4)","background-image":"","background-repeat":"repeat","background-position":"center center","background-size":"auto","background-attachment":"scroll","background-type":"","background-media":"","overlay-type":"","overlay-color":"","overlay-opacity":"","overlay-gradient":""},"tablet":{"background-color":"var(--ast-global-color-4)","background-image":"","background-repeat":"repeat","background-position":"center center","background-size":"auto","background-attachment":"scroll","background-type":"","background-media":"","overlay-type":"","overlay-color":"","overlay-opacity":"","overlay-gradient":""},"mobile":{"background-color":"var(--ast-global-color-4)","background-image":"","background-repeat":"repeat","background-position":"center center","background-size":"auto","background-attachment":"scroll","background-type":"","background-media":"","overlay-type":"","overlay-color":"","overlay-opacity":"","overlay-gradient":""}}},"product_brand":[],"product_cat":[15],"product_tag":[],"class_list":{"0":"post-9176","1":"product","2":"type-product","3":"status-publish","4":"has-post-thumbnail","6":"product_cat-uncategorized","7":"pa_leidimo-metai-680","8":"pa_virselis-kietas","9":"desktop-align-left","10":"tablet-align-left","11":"mobile-align-left","13":"first","14":"outofstock","15":"shipping-taxable","16":"purchasable","17":"product-type-simple"},"acf":[],"yoast_head":"<!-- This site is optimized with the Yoast SEO plugin v27.4 - https:\/\/yoast.com\/product\/yoast-seo-wordpress\/ -->\n<title>Provincijos detektyvas<\/title>\n<meta name=\"description\" content=\"\u201eProvincijos detektyvas\u201c \u2013 puiki dovana stipri\u0173 poj\u016b\u010di\u0173 m\u0117g\u0117jams. Spalvingi veik\u0117j\u0173 portretai, pain\u016bs siu\u017eeto vingiai, intriga prikausto d\u0117mes\u012f nuo pat pirm\u0173 knygos puslapi\u0173.  Provincijos dienra\u0161\u010dio \u017eurnalist\u0117 Tilda gauna u\u017eduot\u012f para\u0161yti apie dvi moteris, paslaptingai dingusias i\u0161 Palauk\u0117s pensiono. \u0160iame pensione dienas leid\u017eia turtingi dykaduoniai, visuomenei pavojingi psichikos ligoniai. \u012e paie\u0161kas \u012fsitraukia vietos kriminalin\u0117 policija, vadovaujama komisaro Sido Guobos, pravarde Adata, ir dar keletas su tuo, regis, niekaip nesusijusi\u0173 asmen\u0173. Gal\u0173 gale tampa nebeai\u0161ku, kas \u0161iame \u017eaidime diktuoja s\u0105lygas \u2013 pami\u0161\u0117liai ar sveikieji. Kur toji riba, kuri\u0105 per\u017eengus prasideda beprotyb\u0117?  Atsakymai ilgainiui paai\u0161k\u0117s, tik ne tokie, koki\u0173 tik\u0117jot\u0117s.\" \/>\n<meta name=\"robots\" content=\"index, follow, max-snippet:-1, max-image-preview:large, max-video-preview:-1\" \/>\n<link rel=\"canonical\" href=\"https:\/\/skaitytaknyga.lt\/en\/produktas\/danas-selis-provincijos-detektyvas-2\/\" \/>\n<meta property=\"og:locale\" content=\"en_GB\" \/>\n<meta property=\"og:locale:alternate\" content=\"lt_LT\" \/>\n<meta property=\"og:type\" content=\"article\" \/>\n<meta property=\"og:title\" content=\"Provincijos detektyvas\" \/>\n<meta property=\"og:description\" content=\"\u201eProvincijos detektyvas\u201c \u2013 puiki dovana stipri\u0173 poj\u016b\u010di\u0173 m\u0117g\u0117jams. Spalvingi veik\u0117j\u0173 portretai, pain\u016bs siu\u017eeto vingiai, intriga prikausto d\u0117mes\u012f nuo pat pirm\u0173 knygos puslapi\u0173.  Provincijos dienra\u0161\u010dio \u017eurnalist\u0117 Tilda gauna u\u017eduot\u012f para\u0161yti apie dvi moteris, paslaptingai dingusias i\u0161 Palauk\u0117s pensiono. \u0160iame pensione dienas leid\u017eia turtingi dykaduoniai, visuomenei pavojingi psichikos ligoniai. \u012e paie\u0161kas \u012fsitraukia vietos kriminalin\u0117 policija, vadovaujama komisaro Sido Guobos, pravarde Adata, ir dar keletas su tuo, regis, niekaip nesusijusi\u0173 asmen\u0173. Gal\u0173 gale tampa nebeai\u0161ku, kas \u0161iame \u017eaidime diktuoja s\u0105lygas \u2013 pami\u0161\u0117liai ar sveikieji. Kur toji riba, kuri\u0105 per\u017eengus prasideda beprotyb\u0117?  Atsakymai ilgainiui paai\u0161k\u0117s, tik ne tokie, koki\u0173 tik\u0117jot\u0117s.\" \/>\n<meta property=\"og:url\" content=\"https:\/\/skaitytaknyga.lt\/en\/produktas\/danas-selis-provincijos-detektyvas-2\/\" \/>\n<meta property=\"og:site_name\" content=\"Skaitytaknyga\" \/>\n<meta property=\"article:publisher\" content=\"https:\/\/www.facebook.com\/skaitytaknyga\/\" \/>\n<meta property=\"article:modified_time\" content=\"2026-03-05T10:15:16+00:00\" \/>\n<meta property=\"og:image\" content=\"https:\/\/skaitytaknyga.lt\/wp-content\/uploads\/2024\/05\/1462882116_provincijos-detektyvas-1.jpg\" \/>\n\t<meta property=\"og:image:width\" content=\"287\" \/>\n\t<meta property=\"og:image:height\" content=\"430\" \/>\n\t<meta property=\"og:image:type\" content=\"image\/jpeg\" \/>\n<meta name=\"twitter:card\" content=\"summary_large_image\" \/>\n<meta name=\"twitter:label1\" content=\"Estimated reading time\" \/>\n\t<meta name=\"twitter:data1\" content=\"1 minute\" \/>\n<script type=\"application\/ld+json\" class=\"yoast-schema-graph\">{\"@context\":\"https:\\\/\\\/schema.org\",\"@graph\":[{\"@type\":\"WebPage\",\"@id\":\"https:\\\/\\\/skaitytaknyga.lt\\\/produktas\\\/danas-selis-provincijos-detektyvas-2\\\/\",\"url\":\"https:\\\/\\\/skaitytaknyga.lt\\\/produktas\\\/danas-selis-provincijos-detektyvas-2\\\/\",\"name\":\"Provincijos detektyvas\",\"isPartOf\":{\"@id\":\"https:\\\/\\\/skaitytaknyga.lt\\\/#website\"},\"primaryImageOfPage\":{\"@id\":\"https:\\\/\\\/skaitytaknyga.lt\\\/produktas\\\/danas-selis-provincijos-detektyvas-2\\\/#primaryimage\"},\"image\":{\"@id\":\"https:\\\/\\\/skaitytaknyga.lt\\\/produktas\\\/danas-selis-provincijos-detektyvas-2\\\/#primaryimage\"},\"thumbnailUrl\":\"https:\\\/\\\/skaitytaknyga.lt\\\/wp-content\\\/uploads\\\/2024\\\/05\\\/1462882116_provincijos-detektyvas-1.jpg\",\"datePublished\":\"2024-05-04T14:58:28+00:00\",\"dateModified\":\"2026-03-05T10:15:16+00:00\",\"description\":\"\u201eProvincijos detektyvas\u201c \u2013 puiki dovana stipri\u0173 poj\u016b\u010di\u0173 m\u0117g\u0117jams. Spalvingi veik\u0117j\u0173 portretai, pain\u016bs siu\u017eeto vingiai, intriga prikausto d\u0117mes\u012f nuo pat pirm\u0173 knygos puslapi\u0173. Provincijos dienra\u0161\u010dio \u017eurnalist\u0117 Tilda gauna u\u017eduot\u012f para\u0161yti apie dvi moteris, paslaptingai dingusias i\u0161 Palauk\u0117s pensiono. \u0160iame pensione dienas leid\u017eia turtingi dykaduoniai, visuomenei pavojingi psichikos ligoniai. \u012e paie\u0161kas \u012fsitraukia vietos kriminalin\u0117 policija, vadovaujama komisaro Sido Guobos, pravarde Adata, ir dar keletas su tuo, regis, niekaip nesusijusi\u0173 asmen\u0173. Gal\u0173 gale tampa nebeai\u0161ku, kas \u0161iame \u017eaidime diktuoja s\u0105lygas \u2013 pami\u0161\u0117liai ar sveikieji. Kur toji riba, kuri\u0105 per\u017eengus prasideda beprotyb\u0117? Atsakymai ilgainiui paai\u0161k\u0117s, tik ne tokie, koki\u0173 tik\u0117jot\u0117s.\",\"breadcrumb\":{\"@id\":\"https:\\\/\\\/skaitytaknyga.lt\\\/produktas\\\/danas-selis-provincijos-detektyvas-2\\\/#breadcrumb\"},\"inLanguage\":\"en-GB\",\"potentialAction\":[{\"@type\":\"ReadAction\",\"target\":[\"https:\\\/\\\/skaitytaknyga.lt\\\/produktas\\\/danas-selis-provincijos-detektyvas-2\\\/\"]}]},{\"@type\":\"ImageObject\",\"inLanguage\":\"en-GB\",\"@id\":\"https:\\\/\\\/skaitytaknyga.lt\\\/produktas\\\/danas-selis-provincijos-detektyvas-2\\\/#primaryimage\",\"url\":\"https:\\\/\\\/skaitytaknyga.lt\\\/wp-content\\\/uploads\\\/2024\\\/05\\\/1462882116_provincijos-detektyvas-1.jpg\",\"contentUrl\":\"https:\\\/\\\/skaitytaknyga.lt\\\/wp-content\\\/uploads\\\/2024\\\/05\\\/1462882116_provincijos-detektyvas-1.jpg\",\"width\":287,\"height\":430},{\"@type\":\"BreadcrumbList\",\"@id\":\"https:\\\/\\\/skaitytaknyga.lt\\\/produktas\\\/danas-selis-provincijos-detektyvas-2\\\/#breadcrumb\",\"itemListElement\":[{\"@type\":\"ListItem\",\"position\":1,\"name\":\"Home\",\"item\":\"https:\\\/\\\/skaitytaknyga.lt\\\/\"},{\"@type\":\"ListItem\",\"position\":2,\"name\":\"Parduotuv\u0117\",\"item\":\"https:\\\/\\\/skaitytaknyga.lt\\\/knygu-parduotuve\\\/\"},{\"@type\":\"ListItem\",\"position\":3,\"name\":\"Provincijos detektyvas\"}]},{\"@type\":\"WebSite\",\"@id\":\"https:\\\/\\\/skaitytaknyga.lt\\\/#website\",\"url\":\"https:\\\/\\\/skaitytaknyga.lt\\\/\",\"name\":\"skaitytaknyga.lt\",\"description\":\"Skaitytaknyga.lt \u2013 tai ma\u017eas \u0161eimos verslas, kuris prasid\u0117jo nuo meil\u0117s knygoms ir siekio i\u0161gelb\u0117ti knygas nuo likimo prie konteinerio. Kas vienam nereikalingas daiktas \u2013 kitam lobis, o mes esame tarpininkai, kurie padeda abiems tapti laimingesniems ???? \u017dinome kaip nelengva i\u0161gyventi ma\u017eiems verslams, tad nuo \u0161iol, \u010dia rasite ir kit\u0173, ma\u017e\u0173 \u0161eim\u0173 versl\u0173, rank\u0173 darbo, dovan\u0173 sau ir artimiesiems.\",\"publisher\":{\"@id\":\"https:\\\/\\\/skaitytaknyga.lt\\\/#organization\"},\"potentialAction\":[{\"@type\":\"SearchAction\",\"target\":{\"@type\":\"EntryPoint\",\"urlTemplate\":\"https:\\\/\\\/skaitytaknyga.lt\\\/?s={search_term_string}\"},\"query-input\":{\"@type\":\"PropertyValueSpecification\",\"valueRequired\":true,\"valueName\":\"search_term_string\"}}],\"inLanguage\":\"en-GB\"},{\"@type\":\"Organization\",\"@id\":\"https:\\\/\\\/skaitytaknyga.lt\\\/#organization\",\"name\":\"skaitytaknyga.lt\",\"url\":\"https:\\\/\\\/skaitytaknyga.lt\\\/\",\"logo\":{\"@type\":\"ImageObject\",\"inLanguage\":\"en-GB\",\"@id\":\"https:\\\/\\\/skaitytaknyga.lt\\\/#\\\/schema\\\/logo\\\/image\\\/\",\"url\":\"https:\\\/\\\/skaitytaknyga.lt\\\/wp-content\\\/uploads\\\/2024\\\/05\\\/cropped-cropped-cropped-02_00843_jt3bggkj1j3HLc7SyY6rEUpg.jpeg\",\"contentUrl\":\"https:\\\/\\\/skaitytaknyga.lt\\\/wp-content\\\/uploads\\\/2024\\\/05\\\/cropped-cropped-cropped-02_00843_jt3bggkj1j3HLc7SyY6rEUpg.jpeg\",\"width\":1600,\"height\":1600,\"caption\":\"skaitytaknyga.lt\"},\"image\":{\"@id\":\"https:\\\/\\\/skaitytaknyga.lt\\\/#\\\/schema\\\/logo\\\/image\\\/\"},\"sameAs\":[\"https:\\\/\\\/www.facebook.com\\\/skaitytaknyga\\\/\"]}]}<\/script>\n<!-- \/ Yoast SEO plugin. -->","yoast_head_json":{"title":"Provincijos detektyvas","description":"\u201eProvincijos detektyvas\u201c \u2013 puiki dovana stipri\u0173 poj\u016b\u010di\u0173 m\u0117g\u0117jams. Spalvingi veik\u0117j\u0173 portretai, pain\u016bs siu\u017eeto vingiai, intriga prikausto d\u0117mes\u012f nuo pat pirm\u0173 knygos puslapi\u0173.  Provincijos dienra\u0161\u010dio \u017eurnalist\u0117 Tilda gauna u\u017eduot\u012f para\u0161yti apie dvi moteris, paslaptingai dingusias i\u0161 Palauk\u0117s pensiono. \u0160iame pensione dienas leid\u017eia turtingi dykaduoniai, visuomenei pavojingi psichikos ligoniai. \u012e paie\u0161kas \u012fsitraukia vietos kriminalin\u0117 policija, vadovaujama komisaro Sido Guobos, pravarde Adata, ir dar keletas su tuo, regis, niekaip nesusijusi\u0173 asmen\u0173. Gal\u0173 gale tampa nebeai\u0161ku, kas \u0161iame \u017eaidime diktuoja s\u0105lygas \u2013 pami\u0161\u0117liai ar sveikieji. Kur toji riba, kuri\u0105 per\u017eengus prasideda beprotyb\u0117?  Atsakymai ilgainiui paai\u0161k\u0117s, tik ne tokie, koki\u0173 tik\u0117jot\u0117s.","robots":{"index":"index","follow":"follow","max-snippet":"max-snippet:-1","max-image-preview":"max-image-preview:large","max-video-preview":"max-video-preview:-1"},"canonical":"https:\/\/skaitytaknyga.lt\/en\/produktas\/danas-selis-provincijos-detektyvas-2\/","og_locale":"en_GB","og_type":"article","og_title":"[:lt]Provincijos detektyvas[:] - Skaitytaknyga","og_description":"\u201eProvincijos detektyvas\u201c \u2013 puiki dovana stipri\u0173 poj\u016b\u010di\u0173 m\u0117g\u0117jams. Spalvingi veik\u0117j\u0173 portretai, pain\u016bs siu\u017eeto vingiai, intriga prikausto d\u0117mes\u012f nuo pat pirm\u0173 knygos puslapi\u0173.  Provincijos dienra\u0161\u010dio \u017eurnalist\u0117 Tilda gauna u\u017eduot\u012f para\u0161yti apie dvi moteris, paslaptingai dingusias i\u0161 Palauk\u0117s pensiono. \u0160iame pensione dienas leid\u017eia turtingi dykaduoniai, visuomenei pavojingi psichikos ligoniai. \u012e paie\u0161kas \u012fsitraukia vietos kriminalin\u0117 policija, vadovaujama komisaro Sido Guobos, pravarde Adata, ir dar keletas su tuo, regis, niekaip nesusijusi\u0173 asmen\u0173. Gal\u0173 gale tampa nebeai\u0161ku, kas \u0161iame \u017eaidime diktuoja s\u0105lygas \u2013 pami\u0161\u0117liai ar sveikieji. Kur toji riba, kuri\u0105 per\u017eengus prasideda beprotyb\u0117?  Atsakymai ilgainiui paai\u0161k\u0117s, tik ne tokie, koki\u0173 tik\u0117jot\u0117s.","og_url":"https:\/\/skaitytaknyga.lt\/en\/produktas\/danas-selis-provincijos-detektyvas-2\/","og_site_name":"Skaitytaknyga","article_publisher":"https:\/\/www.facebook.com\/skaitytaknyga\/","article_modified_time":"2026-03-05T10:15:16+00:00","og_image":[{"width":287,"height":430,"url":"https:\/\/skaitytaknyga.lt\/wp-content\/uploads\/2024\/05\/1462882116_provincijos-detektyvas-1.jpg","type":"image\/jpeg"}],"twitter_card":"summary_large_image","twitter_misc":{"Estimated reading time":"1 minute"},"schema":{"@context":"https:\/\/schema.org","@graph":[{"@type":"WebPage","@id":"https:\/\/skaitytaknyga.lt\/produktas\/danas-selis-provincijos-detektyvas-2\/","url":"https:\/\/skaitytaknyga.lt\/produktas\/danas-selis-provincijos-detektyvas-2\/","name":"Provincijos detektyvas","isPartOf":{"@id":"https:\/\/skaitytaknyga.lt\/#website"},"primaryImageOfPage":{"@id":"https:\/\/skaitytaknyga.lt\/produktas\/danas-selis-provincijos-detektyvas-2\/#primaryimage"},"image":{"@id":"https:\/\/skaitytaknyga.lt\/produktas\/danas-selis-provincijos-detektyvas-2\/#primaryimage"},"thumbnailUrl":"https:\/\/skaitytaknyga.lt\/wp-content\/uploads\/2024\/05\/1462882116_provincijos-detektyvas-1.jpg","datePublished":"2024-05-04T14:58:28+00:00","dateModified":"2026-03-05T10:15:16+00:00","description":"\u201eProvincijos detektyvas\u201c \u2013 puiki dovana stipri\u0173 poj\u016b\u010di\u0173 m\u0117g\u0117jams. Spalvingi veik\u0117j\u0173 portretai, pain\u016bs siu\u017eeto vingiai, intriga prikausto d\u0117mes\u012f nuo pat pirm\u0173 knygos puslapi\u0173. Provincijos dienra\u0161\u010dio \u017eurnalist\u0117 Tilda gauna u\u017eduot\u012f para\u0161yti apie dvi moteris, paslaptingai dingusias i\u0161 Palauk\u0117s pensiono. \u0160iame pensione dienas leid\u017eia turtingi dykaduoniai, visuomenei pavojingi psichikos ligoniai. \u012e paie\u0161kas \u012fsitraukia vietos kriminalin\u0117 policija, vadovaujama komisaro Sido Guobos, pravarde Adata, ir dar keletas su tuo, regis, niekaip nesusijusi\u0173 asmen\u0173. Gal\u0173 gale tampa nebeai\u0161ku, kas \u0161iame \u017eaidime diktuoja s\u0105lygas \u2013 pami\u0161\u0117liai ar sveikieji. Kur toji riba, kuri\u0105 per\u017eengus prasideda beprotyb\u0117? Atsakymai ilgainiui paai\u0161k\u0117s, tik ne tokie, koki\u0173 tik\u0117jot\u0117s.","breadcrumb":{"@id":"https:\/\/skaitytaknyga.lt\/produktas\/danas-selis-provincijos-detektyvas-2\/#breadcrumb"},"inLanguage":"en-GB","potentialAction":[{"@type":"ReadAction","target":["https:\/\/skaitytaknyga.lt\/produktas\/danas-selis-provincijos-detektyvas-2\/"]}]},{"@type":"ImageObject","inLanguage":"en-GB","@id":"https:\/\/skaitytaknyga.lt\/produktas\/danas-selis-provincijos-detektyvas-2\/#primaryimage","url":"https:\/\/skaitytaknyga.lt\/wp-content\/uploads\/2024\/05\/1462882116_provincijos-detektyvas-1.jpg","contentUrl":"https:\/\/skaitytaknyga.lt\/wp-content\/uploads\/2024\/05\/1462882116_provincijos-detektyvas-1.jpg","width":287,"height":430},{"@type":"BreadcrumbList","@id":"https:\/\/skaitytaknyga.lt\/produktas\/danas-selis-provincijos-detektyvas-2\/#breadcrumb","itemListElement":[{"@type":"ListItem","position":1,"name":"Home","item":"https:\/\/skaitytaknyga.lt\/"},{"@type":"ListItem","position":2,"name":"Parduotuv\u0117","item":"https:\/\/skaitytaknyga.lt\/knygu-parduotuve\/"},{"@type":"ListItem","position":3,"name":"Provincijos detektyvas"}]},{"@type":"WebSite","@id":"https:\/\/skaitytaknyga.lt\/#website","url":"https:\/\/skaitytaknyga.lt\/","name":"skaitytaknyga.lt","description":"Skaitytaknyga.lt \u2013 tai ma\u017eas \u0161eimos verslas, kuris prasid\u0117jo nuo meil\u0117s knygoms ir siekio i\u0161gelb\u0117ti knygas nuo likimo prie konteinerio. Kas vienam nereikalingas daiktas \u2013 kitam lobis, o mes esame tarpininkai, kurie padeda abiems tapti laimingesniems ???? \u017dinome kaip nelengva i\u0161gyventi ma\u017eiems verslams, tad nuo \u0161iol, \u010dia rasite ir kit\u0173, ma\u017e\u0173 \u0161eim\u0173 versl\u0173, rank\u0173 darbo, dovan\u0173 sau ir artimiesiems.","publisher":{"@id":"https:\/\/skaitytaknyga.lt\/#organization"},"potentialAction":[{"@type":"SearchAction","target":{"@type":"EntryPoint","urlTemplate":"https:\/\/skaitytaknyga.lt\/?s={search_term_string}"},"query-input":{"@type":"PropertyValueSpecification","valueRequired":true,"valueName":"search_term_string"}}],"inLanguage":"en-GB"},{"@type":"Organization","@id":"https:\/\/skaitytaknyga.lt\/#organization","name":"skaitytaknyga.lt","url":"https:\/\/skaitytaknyga.lt\/","logo":{"@type":"ImageObject","inLanguage":"en-GB","@id":"https:\/\/skaitytaknyga.lt\/#\/schema\/logo\/image\/","url":"https:\/\/skaitytaknyga.lt\/wp-content\/uploads\/2024\/05\/cropped-cropped-cropped-02_00843_jt3bggkj1j3HLc7SyY6rEUpg.jpeg","contentUrl":"https:\/\/skaitytaknyga.lt\/wp-content\/uploads\/2024\/05\/cropped-cropped-cropped-02_00843_jt3bggkj1j3HLc7SyY6rEUpg.jpeg","width":1600,"height":1600,"caption":"skaitytaknyga.lt"},"image":{"@id":"https:\/\/skaitytaknyga.lt\/#\/schema\/logo\/image\/"},"sameAs":["https:\/\/www.facebook.com\/skaitytaknyga\/"]}]}},"_links":{"self":[{"href":"https:\/\/skaitytaknyga.lt\/en\/wp-json\/wp\/v2\/product\/9176","targetHints":{"allow":["GET"]}}],"collection":[{"href":"https:\/\/skaitytaknyga.lt\/en\/wp-json\/wp\/v2\/product"}],"about":[{"href":"https:\/\/skaitytaknyga.lt\/en\/wp-json\/wp\/v2\/types\/product"}],"replies":[{"embeddable":true,"href":"https:\/\/skaitytaknyga.lt\/en\/wp-json\/wp\/v2\/comments?post=9176"}],"wp:featuredmedia":[{"embeddable":true,"href":"https:\/\/skaitytaknyga.lt\/en\/wp-json\/wp\/v2\/media\/6304"}],"wp:attachment":[{"href":"https:\/\/skaitytaknyga.lt\/en\/wp-json\/wp\/v2\/media?parent=9176"}],"wp:term":[{"taxonomy":"product_brand","embeddable":true,"href":"https:\/\/skaitytaknyga.lt\/en\/wp-json\/wp\/v2\/product_brand?post=9176"},{"taxonomy":"product_cat","embeddable":true,"href":"https:\/\/skaitytaknyga.lt\/en\/wp-json\/wp\/v2\/product_cat?post=9176"},{"taxonomy":"product_tag","embeddable":true,"href":"https:\/\/skaitytaknyga.lt\/en\/wp-json\/wp\/v2\/product_tag?post=9176"}],"curies":[{"name":"wp","href":"https:\/\/api.w.org\/{rel}","templated":true}]}}