{"id":9175,"date":"2024-05-04T14:58:28","date_gmt":"2024-05-04T14:58:28","guid":{"rendered":"https:\/\/skaitytaknyga.lt\/?post_type=product&#038;p=9175"},"modified":"2026-03-05T15:58:09","modified_gmt":"2026-03-05T13:58:09","slug":"tim-lahaye-jerry-b-jenkins-negandu-pajegos-2","status":"publish","type":"product","link":"https:\/\/skaitytaknyga.lt\/en\/produktas\/tim-lahaye-jerry-b-jenkins-negandu-pajegos-2\/","title":{"rendered":"Negand\u0173 paj\u0117gos"},"content":{"rendered":"<p>Romano \u201ePalikti\u201c t\u0119sinys.<\/p>\n<p>Vieno kataklizminio \u012fvykio akimirk\u0105 milijonai \u017emoni\u0173 visame pasaulyje pranyksta. I\u0161likusieji akis \u012f ak\u012f susiduria su karu, badu, nelaim\u0117mis ir naikinan\u010diomis katastrofomis. Dar didesn\u0117s nelaim\u0117s i\u0161tinka Antikristo ir jo naujosios pasaulio santvarkos prie\u0161us.<\/p>\n<p>Reifordas Stylas, Bakas Viljamsas, Briusas Barnsas ir Chloj\u0117 Styl apsijungia suformuodami \u201eNegand\u0173 paj\u0117gas\u201c. J\u0173 u\u017eduotis ai\u0161ki. J\u0173 tikslas yra kovoti ir nugal\u0117ti Dievo prie\u0161us per pa\u010dius chaoti\u0161kiausius planetos metus.<\/p>\n","protected":false},"excerpt":{"rendered":"<p>Romano \u201ePalikti\u201c t\u0119sinys.<\/p>\n<p>Vieno kataklizminio \u012fvykio akimirk\u0105 milijonai \u017emoni\u0173 visame pasaulyje pranyksta. I\u0161likusieji akis \u012f ak\u012f susiduria su karu, badu, nelaim\u0117mis ir naikinan\u010diomis katastrofomis. Dar didesn\u0117s nelaim\u0117s i\u0161tinka Antikristo ir jo naujosios pasaulio santvarkos prie\u0161us.<\/p>\n<p>Reifordas Stylas, Bakas Viljamsas, Briusas Barnsas ir Chloj\u0117 Styl apsijungia suformuodami \u201eNegand\u0173 paj\u0117gas\u201c. J\u0173 u\u017eduotis ai\u0161ki. J\u0173 tikslas yra kovoti ir nugal\u0117ti Dievo prie\u0161us per pa\u010dius chaoti\u0161kiausius planetos metus.<\/p>\n","protected":false},"featured_media":6303,"comment_status":"closed","ping_status":"closed","template":"","meta":{"_acf_changed":false,"site-sidebar-layout":"default","site-content-layout":"","ast-site-content-layout":"default","site-content-style":"default","site-sidebar-style":"default","ast-global-header-display":"","ast-banner-title-visibility":"","ast-main-header-display":"","ast-hfb-above-header-display":"","ast-hfb-below-header-display":"","ast-hfb-mobile-header-display":"","site-post-title":"","ast-breadcrumbs-content":"","ast-featured-img":"","footer-sml-layout":"","ast-disable-related-posts":"","theme-transparent-header-meta":"","adv-header-id-meta":"","stick-header-meta":"","header-above-stick-meta":"","header-main-stick-meta":"","header-below-stick-meta":"","astra-migrate-meta-layouts":"default","ast-page-background-enabled":"default","ast-page-background-meta":{"desktop":{"background-color":"","background-image":"","background-repeat":"repeat","background-position":"center center","background-size":"auto","background-attachment":"scroll","background-type":"","background-media":"","overlay-type":"","overlay-color":"","overlay-opacity":"","overlay-gradient":""},"tablet":{"background-color":"","background-image":"","background-repeat":"repeat","background-position":"center center","background-size":"auto","background-attachment":"scroll","background-type":"","background-media":"","overlay-type":"","overlay-color":"","overlay-opacity":"","overlay-gradient":""},"mobile":{"background-color":"","background-image":"","background-repeat":"repeat","background-position":"center center","background-size":"auto","background-attachment":"scroll","background-type":"","background-media":"","overlay-type":"","overlay-color":"","overlay-opacity":"","overlay-gradient":""}},"ast-content-background-meta":{"desktop":{"background-color":"var(--ast-global-color-4)","background-image":"","background-repeat":"repeat","background-position":"center center","background-size":"auto","background-attachment":"scroll","background-type":"","background-media":"","overlay-type":"","overlay-color":"","overlay-opacity":"","overlay-gradient":""},"tablet":{"background-color":"var(--ast-global-color-4)","background-image":"","background-repeat":"repeat","background-position":"center center","background-size":"auto","background-attachment":"scroll","background-type":"","background-media":"","overlay-type":"","overlay-color":"","overlay-opacity":"","overlay-gradient":""},"mobile":{"background-color":"var(--ast-global-color-4)","background-image":"","background-repeat":"repeat","background-position":"center center","background-size":"auto","background-attachment":"scroll","background-type":"","background-media":"","overlay-type":"","overlay-color":"","overlay-opacity":"","overlay-gradient":""}}},"product_brand":[],"product_cat":[9580],"product_tag":[7746,1504,7744,7747,3256,7745,5723,2277,7743],"class_list":{"0":"post-9175","1":"product","2":"type-product","3":"status-publish","4":"has-post-thumbnail","6":"product_cat-psichologiniai-detektyvai","7":"product_tag-antikristas","8":"product_tag-fantastika","9":"product_tag-jerry-b-jenkins","10":"product_tag-katastrofos","11":"product_tag-kova","12":"product_tag-negandu-pajegos","13":"product_tag-pasaulio-pabaiga","14":"product_tag-religija","15":"product_tag-tim-lahaye","16":"desktop-align-left","17":"tablet-align-left","18":"mobile-align-left","20":"first","21":"instock","22":"shipping-taxable","23":"purchasable","24":"product-type-simple"},"acf":[],"yoast_head":"<!-- This site is optimized with the Yoast SEO plugin v27.0 - https:\/\/yoast.com\/product\/yoast-seo-wordpress\/ -->\n<title>Negand\u0173 paj\u0117gos<\/title>\n<meta name=\"description\" content=\"Romano \u201ePalikti\u201c t\u0119sinys.  Vieno kataklizminio \u012fvykio akimirk\u0105 milijonai \u017emoni\u0173 visame pasaulyje pranyksta. I\u0161likusieji akis \u012f ak\u012f susiduria su karu, badu, nelaim\u0117mis ir naikinan\u010diomis katastrofomis. Dar didesn\u0117s nelaim\u0117s i\u0161tinka Antikristo ir jo naujosios pasaulio santvarkos prie\u0161us.  Reifordas Stylas, Bakas Viljamsas, Briusas Barnsas ir Chloj\u0117 Styl apsijungia suformuodami \u201eNegand\u0173 paj\u0117gas\u201c. J\u0173 u\u017eduotis ai\u0161ki. J\u0173 tikslas yra kovoti ir nugal\u0117ti Dievo prie\u0161us per pa\u010dius chaoti\u0161kiausius planetos metus.\" \/>\n<meta name=\"robots\" content=\"index, follow, max-snippet:-1, max-image-preview:large, max-video-preview:-1\" \/>\n<link rel=\"canonical\" href=\"https:\/\/skaitytaknyga.lt\/en\/produktas\/tim-lahaye-jerry-b-jenkins-negandu-pajegos-2\/\" \/>\n<meta property=\"og:locale\" content=\"en_GB\" \/>\n<meta property=\"og:locale:alternate\" content=\"lt_LT\" \/>\n<meta property=\"og:type\" content=\"article\" \/>\n<meta property=\"og:title\" content=\"Negand\u0173 paj\u0117gos\" \/>\n<meta property=\"og:description\" content=\"Romano \u201ePalikti\u201c t\u0119sinys.  Vieno kataklizminio \u012fvykio akimirk\u0105 milijonai \u017emoni\u0173 visame pasaulyje pranyksta. I\u0161likusieji akis \u012f ak\u012f susiduria su karu, badu, nelaim\u0117mis ir naikinan\u010diomis katastrofomis. Dar didesn\u0117s nelaim\u0117s i\u0161tinka Antikristo ir jo naujosios pasaulio santvarkos prie\u0161us.  Reifordas Stylas, Bakas Viljamsas, Briusas Barnsas ir Chloj\u0117 Styl apsijungia suformuodami \u201eNegand\u0173 paj\u0117gas\u201c. J\u0173 u\u017eduotis ai\u0161ki. J\u0173 tikslas yra kovoti ir nugal\u0117ti Dievo prie\u0161us per pa\u010dius chaoti\u0161kiausius planetos metus.\" \/>\n<meta property=\"og:url\" content=\"https:\/\/skaitytaknyga.lt\/en\/produktas\/tim-lahaye-jerry-b-jenkins-negandu-pajegos-2\/\" \/>\n<meta property=\"og:site_name\" content=\"Skaitytaknyga\" \/>\n<meta property=\"article:publisher\" content=\"https:\/\/www.facebook.com\/skaitytaknyga\/\" \/>\n<meta property=\"article:modified_time\" content=\"2026-03-05T13:58:09+00:00\" \/>\n<meta property=\"og:image\" content=\"https:\/\/skaitytaknyga.lt\/wp-content\/uploads\/2024\/05\/img-0001-1-1.jpg\" \/>\n\t<meta property=\"og:image:width\" content=\"309\" \/>\n\t<meta property=\"og:image:height\" content=\"430\" \/>\n\t<meta property=\"og:image:type\" content=\"image\/jpeg\" \/>\n<meta name=\"twitter:card\" content=\"summary_large_image\" \/>\n<script type=\"application\/ld+json\" class=\"yoast-schema-graph\">{\"@context\":\"https:\/\/schema.org\",\"@graph\":[{\"@type\":\"WebPage\",\"@id\":\"https:\/\/skaitytaknyga.lt\/produktas\/tim-lahaye-jerry-b-jenkins-negandu-pajegos-2\/\",\"url\":\"https:\/\/skaitytaknyga.lt\/produktas\/tim-lahaye-jerry-b-jenkins-negandu-pajegos-2\/\",\"name\":\"Negand\u0173 paj\u0117gos\",\"isPartOf\":{\"@id\":\"https:\/\/skaitytaknyga.lt\/#website\"},\"primaryImageOfPage\":{\"@id\":\"https:\/\/skaitytaknyga.lt\/produktas\/tim-lahaye-jerry-b-jenkins-negandu-pajegos-2\/#primaryimage\"},\"image\":{\"@id\":\"https:\/\/skaitytaknyga.lt\/produktas\/tim-lahaye-jerry-b-jenkins-negandu-pajegos-2\/#primaryimage\"},\"thumbnailUrl\":\"https:\/\/skaitytaknyga.lt\/wp-content\/uploads\/2024\/05\/img-0001-1-1.jpg\",\"datePublished\":\"2024-05-04T14:58:28+00:00\",\"dateModified\":\"2026-03-05T13:58:09+00:00\",\"description\":\"Romano \u201ePalikti\u201c t\u0119sinys. Vieno kataklizminio \u012fvykio akimirk\u0105 milijonai \u017emoni\u0173 visame pasaulyje pranyksta. I\u0161likusieji akis \u012f ak\u012f susiduria su karu, badu, nelaim\u0117mis ir naikinan\u010diomis katastrofomis. Dar didesn\u0117s nelaim\u0117s i\u0161tinka Antikristo ir jo naujosios pasaulio santvarkos prie\u0161us. Reifordas Stylas, Bakas Viljamsas, Briusas Barnsas ir Chloj\u0117 Styl apsijungia suformuodami \u201eNegand\u0173 paj\u0117gas\u201c. J\u0173 u\u017eduotis ai\u0161ki. J\u0173 tikslas yra kovoti ir nugal\u0117ti Dievo prie\u0161us per pa\u010dius chaoti\u0161kiausius planetos metus.\",\"breadcrumb\":{\"@id\":\"https:\/\/skaitytaknyga.lt\/produktas\/tim-lahaye-jerry-b-jenkins-negandu-pajegos-2\/#breadcrumb\"},\"inLanguage\":\"en-GB\",\"potentialAction\":[{\"@type\":\"ReadAction\",\"target\":[\"https:\/\/skaitytaknyga.lt\/produktas\/tim-lahaye-jerry-b-jenkins-negandu-pajegos-2\/\"]}]},{\"@type\":\"ImageObject\",\"inLanguage\":\"en-GB\",\"@id\":\"https:\/\/skaitytaknyga.lt\/produktas\/tim-lahaye-jerry-b-jenkins-negandu-pajegos-2\/#primaryimage\",\"url\":\"https:\/\/skaitytaknyga.lt\/wp-content\/uploads\/2024\/05\/img-0001-1-1.jpg\",\"contentUrl\":\"https:\/\/skaitytaknyga.lt\/wp-content\/uploads\/2024\/05\/img-0001-1-1.jpg\",\"width\":309,\"height\":430},{\"@type\":\"BreadcrumbList\",\"@id\":\"https:\/\/skaitytaknyga.lt\/produktas\/tim-lahaye-jerry-b-jenkins-negandu-pajegos-2\/#breadcrumb\",\"itemListElement\":[{\"@type\":\"ListItem\",\"position\":1,\"name\":\"Home\",\"item\":\"https:\/\/skaitytaknyga.lt\/\"},{\"@type\":\"ListItem\",\"position\":2,\"name\":\"Parduotuv\u0117\",\"item\":\"https:\/\/skaitytaknyga.lt\/knygu-parduotuve\/\"},{\"@type\":\"ListItem\",\"position\":3,\"name\":\"Negand\u0173 paj\u0117gos\"}]},{\"@type\":\"WebSite\",\"@id\":\"https:\/\/skaitytaknyga.lt\/#website\",\"url\":\"https:\/\/skaitytaknyga.lt\/\",\"name\":\"skaitytaknyga.lt\",\"description\":\"Skaitytaknyga.lt \u2013 tai ma\u017eas \u0161eimos verslas, kuris prasid\u0117jo nuo meil\u0117s knygoms ir siekio i\u0161gelb\u0117ti knygas nuo likimo prie konteinerio. Kas vienam nereikalingas daiktas \u2013 kitam lobis, o mes esame tarpininkai, kurie padeda abiems tapti laimingesniems ???? \u017dinome kaip nelengva i\u0161gyventi ma\u017eiems verslams, tad nuo \u0161iol, \u010dia rasite ir kit\u0173, ma\u017e\u0173 \u0161eim\u0173 versl\u0173, rank\u0173 darbo, dovan\u0173 sau ir artimiesiems.\",\"publisher\":{\"@id\":\"https:\/\/skaitytaknyga.lt\/#organization\"},\"potentialAction\":[{\"@type\":\"SearchAction\",\"target\":{\"@type\":\"EntryPoint\",\"urlTemplate\":\"https:\/\/skaitytaknyga.lt\/?s={search_term_string}\"},\"query-input\":{\"@type\":\"PropertyValueSpecification\",\"valueRequired\":true,\"valueName\":\"search_term_string\"}}],\"inLanguage\":\"en-GB\"},{\"@type\":\"Organization\",\"@id\":\"https:\/\/skaitytaknyga.lt\/#organization\",\"name\":\"skaitytaknyga.lt\",\"url\":\"https:\/\/skaitytaknyga.lt\/\",\"logo\":{\"@type\":\"ImageObject\",\"inLanguage\":\"en-GB\",\"@id\":\"https:\/\/skaitytaknyga.lt\/#\/schema\/logo\/image\/\",\"url\":\"https:\/\/skaitytaknyga.lt\/wp-content\/uploads\/2024\/05\/cropped-cropped-cropped-02_00843_jt3bggkj1j3HLc7SyY6rEUpg.jpeg\",\"contentUrl\":\"https:\/\/skaitytaknyga.lt\/wp-content\/uploads\/2024\/05\/cropped-cropped-cropped-02_00843_jt3bggkj1j3HLc7SyY6rEUpg.jpeg\",\"width\":1600,\"height\":1600,\"caption\":\"skaitytaknyga.lt\"},\"image\":{\"@id\":\"https:\/\/skaitytaknyga.lt\/#\/schema\/logo\/image\/\"},\"sameAs\":[\"https:\/\/www.facebook.com\/skaitytaknyga\/\"]}]}<\/script>\n<!-- \/ Yoast SEO plugin. -->","yoast_head_json":{"title":"Negand\u0173 paj\u0117gos","description":"Romano \u201ePalikti\u201c t\u0119sinys.  Vieno kataklizminio \u012fvykio akimirk\u0105 milijonai \u017emoni\u0173 visame pasaulyje pranyksta. I\u0161likusieji akis \u012f ak\u012f susiduria su karu, badu, nelaim\u0117mis ir naikinan\u010diomis katastrofomis. Dar didesn\u0117s nelaim\u0117s i\u0161tinka Antikristo ir jo naujosios pasaulio santvarkos prie\u0161us.  Reifordas Stylas, Bakas Viljamsas, Briusas Barnsas ir Chloj\u0117 Styl apsijungia suformuodami \u201eNegand\u0173 paj\u0117gas\u201c. J\u0173 u\u017eduotis ai\u0161ki. J\u0173 tikslas yra kovoti ir nugal\u0117ti Dievo prie\u0161us per pa\u010dius chaoti\u0161kiausius planetos metus.","robots":{"index":"index","follow":"follow","max-snippet":"max-snippet:-1","max-image-preview":"max-image-preview:large","max-video-preview":"max-video-preview:-1"},"canonical":"https:\/\/skaitytaknyga.lt\/en\/produktas\/tim-lahaye-jerry-b-jenkins-negandu-pajegos-2\/","og_locale":"en_GB","og_type":"article","og_title":"[:lt]Negand\u0173 paj\u0117gos[:] - Skaitytaknyga","og_description":"Romano \u201ePalikti\u201c t\u0119sinys.  Vieno kataklizminio \u012fvykio akimirk\u0105 milijonai \u017emoni\u0173 visame pasaulyje pranyksta. I\u0161likusieji akis \u012f ak\u012f susiduria su karu, badu, nelaim\u0117mis ir naikinan\u010diomis katastrofomis. Dar didesn\u0117s nelaim\u0117s i\u0161tinka Antikristo ir jo naujosios pasaulio santvarkos prie\u0161us.  Reifordas Stylas, Bakas Viljamsas, Briusas Barnsas ir Chloj\u0117 Styl apsijungia suformuodami \u201eNegand\u0173 paj\u0117gas\u201c. J\u0173 u\u017eduotis ai\u0161ki. J\u0173 tikslas yra kovoti ir nugal\u0117ti Dievo prie\u0161us per pa\u010dius chaoti\u0161kiausius planetos metus.","og_url":"https:\/\/skaitytaknyga.lt\/en\/produktas\/tim-lahaye-jerry-b-jenkins-negandu-pajegos-2\/","og_site_name":"Skaitytaknyga","article_publisher":"https:\/\/www.facebook.com\/skaitytaknyga\/","article_modified_time":"2026-03-05T13:58:09+00:00","og_image":[{"width":309,"height":430,"url":"https:\/\/skaitytaknyga.lt\/wp-content\/uploads\/2024\/05\/img-0001-1-1.jpg","type":"image\/jpeg"}],"twitter_card":"summary_large_image","schema":{"@context":"https:\/\/schema.org","@graph":[{"@type":"WebPage","@id":"https:\/\/skaitytaknyga.lt\/produktas\/tim-lahaye-jerry-b-jenkins-negandu-pajegos-2\/","url":"https:\/\/skaitytaknyga.lt\/produktas\/tim-lahaye-jerry-b-jenkins-negandu-pajegos-2\/","name":"Negand\u0173 paj\u0117gos","isPartOf":{"@id":"https:\/\/skaitytaknyga.lt\/#website"},"primaryImageOfPage":{"@id":"https:\/\/skaitytaknyga.lt\/produktas\/tim-lahaye-jerry-b-jenkins-negandu-pajegos-2\/#primaryimage"},"image":{"@id":"https:\/\/skaitytaknyga.lt\/produktas\/tim-lahaye-jerry-b-jenkins-negandu-pajegos-2\/#primaryimage"},"thumbnailUrl":"https:\/\/skaitytaknyga.lt\/wp-content\/uploads\/2024\/05\/img-0001-1-1.jpg","datePublished":"2024-05-04T14:58:28+00:00","dateModified":"2026-03-05T13:58:09+00:00","description":"Romano \u201ePalikti\u201c t\u0119sinys. Vieno kataklizminio \u012fvykio akimirk\u0105 milijonai \u017emoni\u0173 visame pasaulyje pranyksta. I\u0161likusieji akis \u012f ak\u012f susiduria su karu, badu, nelaim\u0117mis ir naikinan\u010diomis katastrofomis. Dar didesn\u0117s nelaim\u0117s i\u0161tinka Antikristo ir jo naujosios pasaulio santvarkos prie\u0161us. Reifordas Stylas, Bakas Viljamsas, Briusas Barnsas ir Chloj\u0117 Styl apsijungia suformuodami \u201eNegand\u0173 paj\u0117gas\u201c. J\u0173 u\u017eduotis ai\u0161ki. J\u0173 tikslas yra kovoti ir nugal\u0117ti Dievo prie\u0161us per pa\u010dius chaoti\u0161kiausius planetos metus.","breadcrumb":{"@id":"https:\/\/skaitytaknyga.lt\/produktas\/tim-lahaye-jerry-b-jenkins-negandu-pajegos-2\/#breadcrumb"},"inLanguage":"en-GB","potentialAction":[{"@type":"ReadAction","target":["https:\/\/skaitytaknyga.lt\/produktas\/tim-lahaye-jerry-b-jenkins-negandu-pajegos-2\/"]}]},{"@type":"ImageObject","inLanguage":"en-GB","@id":"https:\/\/skaitytaknyga.lt\/produktas\/tim-lahaye-jerry-b-jenkins-negandu-pajegos-2\/#primaryimage","url":"https:\/\/skaitytaknyga.lt\/wp-content\/uploads\/2024\/05\/img-0001-1-1.jpg","contentUrl":"https:\/\/skaitytaknyga.lt\/wp-content\/uploads\/2024\/05\/img-0001-1-1.jpg","width":309,"height":430},{"@type":"BreadcrumbList","@id":"https:\/\/skaitytaknyga.lt\/produktas\/tim-lahaye-jerry-b-jenkins-negandu-pajegos-2\/#breadcrumb","itemListElement":[{"@type":"ListItem","position":1,"name":"Home","item":"https:\/\/skaitytaknyga.lt\/"},{"@type":"ListItem","position":2,"name":"Parduotuv\u0117","item":"https:\/\/skaitytaknyga.lt\/knygu-parduotuve\/"},{"@type":"ListItem","position":3,"name":"Negand\u0173 paj\u0117gos"}]},{"@type":"WebSite","@id":"https:\/\/skaitytaknyga.lt\/#website","url":"https:\/\/skaitytaknyga.lt\/","name":"skaitytaknyga.lt","description":"Skaitytaknyga.lt \u2013 tai ma\u017eas \u0161eimos verslas, kuris prasid\u0117jo nuo meil\u0117s knygoms ir siekio i\u0161gelb\u0117ti knygas nuo likimo prie konteinerio. Kas vienam nereikalingas daiktas \u2013 kitam lobis, o mes esame tarpininkai, kurie padeda abiems tapti laimingesniems ???? \u017dinome kaip nelengva i\u0161gyventi ma\u017eiems verslams, tad nuo \u0161iol, \u010dia rasite ir kit\u0173, ma\u017e\u0173 \u0161eim\u0173 versl\u0173, rank\u0173 darbo, dovan\u0173 sau ir artimiesiems.","publisher":{"@id":"https:\/\/skaitytaknyga.lt\/#organization"},"potentialAction":[{"@type":"SearchAction","target":{"@type":"EntryPoint","urlTemplate":"https:\/\/skaitytaknyga.lt\/?s={search_term_string}"},"query-input":{"@type":"PropertyValueSpecification","valueRequired":true,"valueName":"search_term_string"}}],"inLanguage":"en-GB"},{"@type":"Organization","@id":"https:\/\/skaitytaknyga.lt\/#organization","name":"skaitytaknyga.lt","url":"https:\/\/skaitytaknyga.lt\/","logo":{"@type":"ImageObject","inLanguage":"en-GB","@id":"https:\/\/skaitytaknyga.lt\/#\/schema\/logo\/image\/","url":"https:\/\/skaitytaknyga.lt\/wp-content\/uploads\/2024\/05\/cropped-cropped-cropped-02_00843_jt3bggkj1j3HLc7SyY6rEUpg.jpeg","contentUrl":"https:\/\/skaitytaknyga.lt\/wp-content\/uploads\/2024\/05\/cropped-cropped-cropped-02_00843_jt3bggkj1j3HLc7SyY6rEUpg.jpeg","width":1600,"height":1600,"caption":"skaitytaknyga.lt"},"image":{"@id":"https:\/\/skaitytaknyga.lt\/#\/schema\/logo\/image\/"},"sameAs":["https:\/\/www.facebook.com\/skaitytaknyga\/"]}]}},"_links":{"self":[{"href":"https:\/\/skaitytaknyga.lt\/en\/wp-json\/wp\/v2\/product\/9175","targetHints":{"allow":["GET"]}}],"collection":[{"href":"https:\/\/skaitytaknyga.lt\/en\/wp-json\/wp\/v2\/product"}],"about":[{"href":"https:\/\/skaitytaknyga.lt\/en\/wp-json\/wp\/v2\/types\/product"}],"replies":[{"embeddable":true,"href":"https:\/\/skaitytaknyga.lt\/en\/wp-json\/wp\/v2\/comments?post=9175"}],"wp:featuredmedia":[{"embeddable":true,"href":"https:\/\/skaitytaknyga.lt\/en\/wp-json\/wp\/v2\/media\/6303"}],"wp:attachment":[{"href":"https:\/\/skaitytaknyga.lt\/en\/wp-json\/wp\/v2\/media?parent=9175"}],"wp:term":[{"taxonomy":"product_brand","embeddable":true,"href":"https:\/\/skaitytaknyga.lt\/en\/wp-json\/wp\/v2\/product_brand?post=9175"},{"taxonomy":"product_cat","embeddable":true,"href":"https:\/\/skaitytaknyga.lt\/en\/wp-json\/wp\/v2\/product_cat?post=9175"},{"taxonomy":"product_tag","embeddable":true,"href":"https:\/\/skaitytaknyga.lt\/en\/wp-json\/wp\/v2\/product_tag?post=9175"}],"curies":[{"name":"wp","href":"https:\/\/api.w.org\/{rel}","templated":true}]}}