{"id":9170,"date":"2024-05-04T14:58:06","date_gmt":"2024-05-04T14:58:06","guid":{"rendered":"https:\/\/skaitytaknyga.lt\/?post_type=product&#038;p=9170"},"modified":"2026-03-05T10:53:39","modified_gmt":"2026-03-05T08:53:39","slug":"bill-napier-sulauzyta-ikona-2","status":"publish","type":"product","link":"https:\/\/skaitytaknyga.lt\/en\/produktas\/bill-napier-sulauzyta-ikona-2\/","title":{"rendered":"Sulau\u017eyta ikona"},"content":{"rendered":"<p>Antikvarini\u0173 knyg\u0173 pardav\u0117jas Haris Bleikas yra pasamdomas \u012fvertinti keturi\u0173 \u0161imt\u0173 met\u0173 senumo u\u017era\u0161us, kuriuos paveld\u0117jo vienas turtingas \u017eemvaldys. I\u0161 prad\u017ei\u0173 tai atrodo bes\u0105s tik keistai u\u017ekoduotas dienora\u0161tis.<\/p>\n<p>Ta\u010diau kai Hario klientas nu\u017eudomas, o ir jo paties gyvybei i\u0161kyla pavojus, jis suvokia atv\u0117r\u0119s paslapt\u012f, d\u0117l kurios verta paaukoti gyvyb\u0119&#8230;<\/p>\n","protected":false},"excerpt":{"rendered":"<p>Antikvarini\u0173 knyg\u0173 pardav\u0117jas Haris Bleikas yra pasamdomas \u012fvertinti keturi\u0173 \u0161imt\u0173 met\u0173 senumo u\u017era\u0161us, kuriuos paveld\u0117jo vienas turtingas \u017eemvaldys. I\u0161 prad\u017ei\u0173 tai atrodo bes\u0105s tik keistai u\u017ekoduotas dienora\u0161tis.<\/p>\n<p>Ta\u010diau kai Hario klientas nu\u017eudomas, o ir jo paties gyvybei i\u0161kyla pavojus, jis suvokia atv\u0117r\u0119s paslapt\u012f, d\u0117l kurios verta paaukoti gyvyb\u0119&#8230;<\/p>\n","protected":false},"featured_media":6298,"comment_status":"closed","ping_status":"closed","template":"","meta":{"_acf_changed":false,"site-sidebar-layout":"default","site-content-layout":"","ast-site-content-layout":"default","site-content-style":"default","site-sidebar-style":"default","ast-global-header-display":"","ast-banner-title-visibility":"","ast-main-header-display":"","ast-hfb-above-header-display":"","ast-hfb-below-header-display":"","ast-hfb-mobile-header-display":"","site-post-title":"","ast-breadcrumbs-content":"","ast-featured-img":"","footer-sml-layout":"","ast-disable-related-posts":"","theme-transparent-header-meta":"","adv-header-id-meta":"","stick-header-meta":"","header-above-stick-meta":"","header-main-stick-meta":"","header-below-stick-meta":"","astra-migrate-meta-layouts":"default","ast-page-background-enabled":"default","ast-page-background-meta":{"desktop":{"background-color":"","background-image":"","background-repeat":"repeat","background-position":"center center","background-size":"auto","background-attachment":"scroll","background-type":"","background-media":"","overlay-type":"","overlay-color":"","overlay-opacity":"","overlay-gradient":""},"tablet":{"background-color":"","background-image":"","background-repeat":"repeat","background-position":"center center","background-size":"auto","background-attachment":"scroll","background-type":"","background-media":"","overlay-type":"","overlay-color":"","overlay-opacity":"","overlay-gradient":""},"mobile":{"background-color":"","background-image":"","background-repeat":"repeat","background-position":"center center","background-size":"auto","background-attachment":"scroll","background-type":"","background-media":"","overlay-type":"","overlay-color":"","overlay-opacity":"","overlay-gradient":""}},"ast-content-background-meta":{"desktop":{"background-color":"var(--ast-global-color-4)","background-image":"","background-repeat":"repeat","background-position":"center center","background-size":"auto","background-attachment":"scroll","background-type":"","background-media":"","overlay-type":"","overlay-color":"","overlay-opacity":"","overlay-gradient":""},"tablet":{"background-color":"var(--ast-global-color-4)","background-image":"","background-repeat":"repeat","background-position":"center center","background-size":"auto","background-attachment":"scroll","background-type":"","background-media":"","overlay-type":"","overlay-color":"","overlay-opacity":"","overlay-gradient":""},"mobile":{"background-color":"var(--ast-global-color-4)","background-image":"","background-repeat":"repeat","background-position":"center center","background-size":"auto","background-attachment":"scroll","background-type":"","background-media":"","overlay-type":"","overlay-color":"","overlay-opacity":"","overlay-gradient":""}}},"product_brand":[],"product_cat":[9581],"product_tag":[],"class_list":{"0":"post-9170","1":"product","2":"type-product","3":"status-publish","4":"has-post-thumbnail","6":"product_cat-kriminaliniai-romanai","7":"pa_leidimo-metai-680","8":"pa_virselis-kietas","9":"desktop-align-left","10":"tablet-align-left","11":"mobile-align-left","13":"first","14":"instock","15":"shipping-taxable","16":"purchasable","17":"product-type-simple"},"acf":[],"yoast_head":"<!-- This site is optimized with the Yoast SEO plugin v27.4 - https:\/\/yoast.com\/product\/yoast-seo-wordpress\/ -->\n<title>Sulau\u017eyta ikona<\/title>\n<meta name=\"description\" content=\"Antikvarini\u0173 knyg\u0173 pardav\u0117jas Haris Bleikas yra pasamdomas \u012fvertinti keturi\u0173 \u0161imt\u0173 met\u0173 senumo u\u017era\u0161us, kuriuos paveld\u0117jo vienas turtingas \u017eemvaldys. I\u0161 prad\u017ei\u0173 tai atrodo bes\u0105s tik keistai u\u017ekoduotas dienora\u0161tis.  Ta\u010diau kai Hario klientas nu\u017eudomas, o ir jo paties gyvybei i\u0161kyla pavojus, jis suvokia atv\u0117r\u0119s paslapt\u012f, d\u0117l kurios verta paaukoti gyvyb\u0119...\" \/>\n<meta name=\"robots\" content=\"index, follow, max-snippet:-1, max-image-preview:large, max-video-preview:-1\" \/>\n<link rel=\"canonical\" href=\"https:\/\/skaitytaknyga.lt\/en\/produktas\/bill-napier-sulauzyta-ikona-2\/\" \/>\n<meta property=\"og:locale\" content=\"en_GB\" \/>\n<meta property=\"og:locale:alternate\" content=\"lt_LT\" \/>\n<meta property=\"og:type\" content=\"article\" \/>\n<meta property=\"og:title\" content=\"Sulau\u017eyta ikona\" \/>\n<meta property=\"og:description\" content=\"Antikvarini\u0173 knyg\u0173 pardav\u0117jas Haris Bleikas yra pasamdomas \u012fvertinti keturi\u0173 \u0161imt\u0173 met\u0173 senumo u\u017era\u0161us, kuriuos paveld\u0117jo vienas turtingas \u017eemvaldys. I\u0161 prad\u017ei\u0173 tai atrodo bes\u0105s tik keistai u\u017ekoduotas dienora\u0161tis.  Ta\u010diau kai Hario klientas nu\u017eudomas, o ir jo paties gyvybei i\u0161kyla pavojus, jis suvokia atv\u0117r\u0119s paslapt\u012f, d\u0117l kurios verta paaukoti gyvyb\u0119...\" \/>\n<meta property=\"og:url\" content=\"https:\/\/skaitytaknyga.lt\/en\/produktas\/bill-napier-sulauzyta-ikona-2\/\" \/>\n<meta property=\"og:site_name\" content=\"Skaitytaknyga\" \/>\n<meta property=\"article:publisher\" content=\"https:\/\/www.facebook.com\/skaitytaknyga\/\" \/>\n<meta property=\"article:modified_time\" content=\"2026-03-05T08:53:39+00:00\" \/>\n<meta property=\"og:image\" content=\"https:\/\/skaitytaknyga.lt\/wp-content\/uploads\/2024\/05\/1462887326_img0024-002.jpg\" \/>\n\t<meta property=\"og:image:width\" content=\"276\" \/>\n\t<meta property=\"og:image:height\" content=\"430\" \/>\n\t<meta property=\"og:image:type\" content=\"image\/jpeg\" \/>\n<meta name=\"twitter:card\" content=\"summary_large_image\" \/>\n<script type=\"application\/ld+json\" class=\"yoast-schema-graph\">{\"@context\":\"https:\\\/\\\/schema.org\",\"@graph\":[{\"@type\":\"WebPage\",\"@id\":\"https:\\\/\\\/skaitytaknyga.lt\\\/produktas\\\/bill-napier-sulauzyta-ikona-2\\\/\",\"url\":\"https:\\\/\\\/skaitytaknyga.lt\\\/produktas\\\/bill-napier-sulauzyta-ikona-2\\\/\",\"name\":\"Sulau\u017eyta ikona\",\"isPartOf\":{\"@id\":\"https:\\\/\\\/skaitytaknyga.lt\\\/#website\"},\"primaryImageOfPage\":{\"@id\":\"https:\\\/\\\/skaitytaknyga.lt\\\/produktas\\\/bill-napier-sulauzyta-ikona-2\\\/#primaryimage\"},\"image\":{\"@id\":\"https:\\\/\\\/skaitytaknyga.lt\\\/produktas\\\/bill-napier-sulauzyta-ikona-2\\\/#primaryimage\"},\"thumbnailUrl\":\"https:\\\/\\\/skaitytaknyga.lt\\\/wp-content\\\/uploads\\\/2024\\\/05\\\/1462887326_img0024-002.jpg\",\"datePublished\":\"2024-05-04T14:58:06+00:00\",\"dateModified\":\"2026-03-05T08:53:39+00:00\",\"description\":\"Antikvarini\u0173 knyg\u0173 pardav\u0117jas Haris Bleikas yra pasamdomas \u012fvertinti keturi\u0173 \u0161imt\u0173 met\u0173 senumo u\u017era\u0161us, kuriuos paveld\u0117jo vienas turtingas \u017eemvaldys. I\u0161 prad\u017ei\u0173 tai atrodo bes\u0105s tik keistai u\u017ekoduotas dienora\u0161tis. Ta\u010diau kai Hario klientas nu\u017eudomas, o ir jo paties gyvybei i\u0161kyla pavojus, jis suvokia atv\u0117r\u0119s paslapt\u012f, d\u0117l kurios verta paaukoti gyvyb\u0119...\",\"breadcrumb\":{\"@id\":\"https:\\\/\\\/skaitytaknyga.lt\\\/produktas\\\/bill-napier-sulauzyta-ikona-2\\\/#breadcrumb\"},\"inLanguage\":\"en-GB\",\"potentialAction\":[{\"@type\":\"ReadAction\",\"target\":[\"https:\\\/\\\/skaitytaknyga.lt\\\/produktas\\\/bill-napier-sulauzyta-ikona-2\\\/\"]}]},{\"@type\":\"ImageObject\",\"inLanguage\":\"en-GB\",\"@id\":\"https:\\\/\\\/skaitytaknyga.lt\\\/produktas\\\/bill-napier-sulauzyta-ikona-2\\\/#primaryimage\",\"url\":\"https:\\\/\\\/skaitytaknyga.lt\\\/wp-content\\\/uploads\\\/2024\\\/05\\\/1462887326_img0024-002.jpg\",\"contentUrl\":\"https:\\\/\\\/skaitytaknyga.lt\\\/wp-content\\\/uploads\\\/2024\\\/05\\\/1462887326_img0024-002.jpg\",\"width\":276,\"height\":430},{\"@type\":\"BreadcrumbList\",\"@id\":\"https:\\\/\\\/skaitytaknyga.lt\\\/produktas\\\/bill-napier-sulauzyta-ikona-2\\\/#breadcrumb\",\"itemListElement\":[{\"@type\":\"ListItem\",\"position\":1,\"name\":\"Home\",\"item\":\"https:\\\/\\\/skaitytaknyga.lt\\\/\"},{\"@type\":\"ListItem\",\"position\":2,\"name\":\"Parduotuv\u0117\",\"item\":\"https:\\\/\\\/skaitytaknyga.lt\\\/knygu-parduotuve\\\/\"},{\"@type\":\"ListItem\",\"position\":3,\"name\":\"Sulau\u017eyta ikona\"}]},{\"@type\":\"WebSite\",\"@id\":\"https:\\\/\\\/skaitytaknyga.lt\\\/#website\",\"url\":\"https:\\\/\\\/skaitytaknyga.lt\\\/\",\"name\":\"skaitytaknyga.lt\",\"description\":\"Skaitytaknyga.lt \u2013 tai ma\u017eas \u0161eimos verslas, kuris prasid\u0117jo nuo meil\u0117s knygoms ir siekio i\u0161gelb\u0117ti knygas nuo likimo prie konteinerio. Kas vienam nereikalingas daiktas \u2013 kitam lobis, o mes esame tarpininkai, kurie padeda abiems tapti laimingesniems ???? \u017dinome kaip nelengva i\u0161gyventi ma\u017eiems verslams, tad nuo \u0161iol, \u010dia rasite ir kit\u0173, ma\u017e\u0173 \u0161eim\u0173 versl\u0173, rank\u0173 darbo, dovan\u0173 sau ir artimiesiems.\",\"publisher\":{\"@id\":\"https:\\\/\\\/skaitytaknyga.lt\\\/#organization\"},\"potentialAction\":[{\"@type\":\"SearchAction\",\"target\":{\"@type\":\"EntryPoint\",\"urlTemplate\":\"https:\\\/\\\/skaitytaknyga.lt\\\/?s={search_term_string}\"},\"query-input\":{\"@type\":\"PropertyValueSpecification\",\"valueRequired\":true,\"valueName\":\"search_term_string\"}}],\"inLanguage\":\"en-GB\"},{\"@type\":\"Organization\",\"@id\":\"https:\\\/\\\/skaitytaknyga.lt\\\/#organization\",\"name\":\"skaitytaknyga.lt\",\"url\":\"https:\\\/\\\/skaitytaknyga.lt\\\/\",\"logo\":{\"@type\":\"ImageObject\",\"inLanguage\":\"en-GB\",\"@id\":\"https:\\\/\\\/skaitytaknyga.lt\\\/#\\\/schema\\\/logo\\\/image\\\/\",\"url\":\"https:\\\/\\\/skaitytaknyga.lt\\\/wp-content\\\/uploads\\\/2024\\\/05\\\/cropped-cropped-cropped-02_00843_jt3bggkj1j3HLc7SyY6rEUpg.jpeg\",\"contentUrl\":\"https:\\\/\\\/skaitytaknyga.lt\\\/wp-content\\\/uploads\\\/2024\\\/05\\\/cropped-cropped-cropped-02_00843_jt3bggkj1j3HLc7SyY6rEUpg.jpeg\",\"width\":1600,\"height\":1600,\"caption\":\"skaitytaknyga.lt\"},\"image\":{\"@id\":\"https:\\\/\\\/skaitytaknyga.lt\\\/#\\\/schema\\\/logo\\\/image\\\/\"},\"sameAs\":[\"https:\\\/\\\/www.facebook.com\\\/skaitytaknyga\\\/\"]}]}<\/script>\n<!-- \/ Yoast SEO plugin. -->","yoast_head_json":{"title":"Sulau\u017eyta ikona","description":"Antikvarini\u0173 knyg\u0173 pardav\u0117jas Haris Bleikas yra pasamdomas \u012fvertinti keturi\u0173 \u0161imt\u0173 met\u0173 senumo u\u017era\u0161us, kuriuos paveld\u0117jo vienas turtingas \u017eemvaldys. I\u0161 prad\u017ei\u0173 tai atrodo bes\u0105s tik keistai u\u017ekoduotas dienora\u0161tis.  Ta\u010diau kai Hario klientas nu\u017eudomas, o ir jo paties gyvybei i\u0161kyla pavojus, jis suvokia atv\u0117r\u0119s paslapt\u012f, d\u0117l kurios verta paaukoti gyvyb\u0119...","robots":{"index":"index","follow":"follow","max-snippet":"max-snippet:-1","max-image-preview":"max-image-preview:large","max-video-preview":"max-video-preview:-1"},"canonical":"https:\/\/skaitytaknyga.lt\/en\/produktas\/bill-napier-sulauzyta-ikona-2\/","og_locale":"en_GB","og_type":"article","og_title":"[:lt]Sulau\u017eyta ikona[:] - Skaitytaknyga","og_description":"Antikvarini\u0173 knyg\u0173 pardav\u0117jas Haris Bleikas yra pasamdomas \u012fvertinti keturi\u0173 \u0161imt\u0173 met\u0173 senumo u\u017era\u0161us, kuriuos paveld\u0117jo vienas turtingas \u017eemvaldys. I\u0161 prad\u017ei\u0173 tai atrodo bes\u0105s tik keistai u\u017ekoduotas dienora\u0161tis.  Ta\u010diau kai Hario klientas nu\u017eudomas, o ir jo paties gyvybei i\u0161kyla pavojus, jis suvokia atv\u0117r\u0119s paslapt\u012f, d\u0117l kurios verta paaukoti gyvyb\u0119...","og_url":"https:\/\/skaitytaknyga.lt\/en\/produktas\/bill-napier-sulauzyta-ikona-2\/","og_site_name":"Skaitytaknyga","article_publisher":"https:\/\/www.facebook.com\/skaitytaknyga\/","article_modified_time":"2026-03-05T08:53:39+00:00","og_image":[{"width":276,"height":430,"url":"https:\/\/skaitytaknyga.lt\/wp-content\/uploads\/2024\/05\/1462887326_img0024-002.jpg","type":"image\/jpeg"}],"twitter_card":"summary_large_image","schema":{"@context":"https:\/\/schema.org","@graph":[{"@type":"WebPage","@id":"https:\/\/skaitytaknyga.lt\/produktas\/bill-napier-sulauzyta-ikona-2\/","url":"https:\/\/skaitytaknyga.lt\/produktas\/bill-napier-sulauzyta-ikona-2\/","name":"Sulau\u017eyta ikona","isPartOf":{"@id":"https:\/\/skaitytaknyga.lt\/#website"},"primaryImageOfPage":{"@id":"https:\/\/skaitytaknyga.lt\/produktas\/bill-napier-sulauzyta-ikona-2\/#primaryimage"},"image":{"@id":"https:\/\/skaitytaknyga.lt\/produktas\/bill-napier-sulauzyta-ikona-2\/#primaryimage"},"thumbnailUrl":"https:\/\/skaitytaknyga.lt\/wp-content\/uploads\/2024\/05\/1462887326_img0024-002.jpg","datePublished":"2024-05-04T14:58:06+00:00","dateModified":"2026-03-05T08:53:39+00:00","description":"Antikvarini\u0173 knyg\u0173 pardav\u0117jas Haris Bleikas yra pasamdomas \u012fvertinti keturi\u0173 \u0161imt\u0173 met\u0173 senumo u\u017era\u0161us, kuriuos paveld\u0117jo vienas turtingas \u017eemvaldys. I\u0161 prad\u017ei\u0173 tai atrodo bes\u0105s tik keistai u\u017ekoduotas dienora\u0161tis. Ta\u010diau kai Hario klientas nu\u017eudomas, o ir jo paties gyvybei i\u0161kyla pavojus, jis suvokia atv\u0117r\u0119s paslapt\u012f, d\u0117l kurios verta paaukoti gyvyb\u0119...","breadcrumb":{"@id":"https:\/\/skaitytaknyga.lt\/produktas\/bill-napier-sulauzyta-ikona-2\/#breadcrumb"},"inLanguage":"en-GB","potentialAction":[{"@type":"ReadAction","target":["https:\/\/skaitytaknyga.lt\/produktas\/bill-napier-sulauzyta-ikona-2\/"]}]},{"@type":"ImageObject","inLanguage":"en-GB","@id":"https:\/\/skaitytaknyga.lt\/produktas\/bill-napier-sulauzyta-ikona-2\/#primaryimage","url":"https:\/\/skaitytaknyga.lt\/wp-content\/uploads\/2024\/05\/1462887326_img0024-002.jpg","contentUrl":"https:\/\/skaitytaknyga.lt\/wp-content\/uploads\/2024\/05\/1462887326_img0024-002.jpg","width":276,"height":430},{"@type":"BreadcrumbList","@id":"https:\/\/skaitytaknyga.lt\/produktas\/bill-napier-sulauzyta-ikona-2\/#breadcrumb","itemListElement":[{"@type":"ListItem","position":1,"name":"Home","item":"https:\/\/skaitytaknyga.lt\/"},{"@type":"ListItem","position":2,"name":"Parduotuv\u0117","item":"https:\/\/skaitytaknyga.lt\/knygu-parduotuve\/"},{"@type":"ListItem","position":3,"name":"Sulau\u017eyta ikona"}]},{"@type":"WebSite","@id":"https:\/\/skaitytaknyga.lt\/#website","url":"https:\/\/skaitytaknyga.lt\/","name":"skaitytaknyga.lt","description":"Skaitytaknyga.lt \u2013 tai ma\u017eas \u0161eimos verslas, kuris prasid\u0117jo nuo meil\u0117s knygoms ir siekio i\u0161gelb\u0117ti knygas nuo likimo prie konteinerio. Kas vienam nereikalingas daiktas \u2013 kitam lobis, o mes esame tarpininkai, kurie padeda abiems tapti laimingesniems ???? \u017dinome kaip nelengva i\u0161gyventi ma\u017eiems verslams, tad nuo \u0161iol, \u010dia rasite ir kit\u0173, ma\u017e\u0173 \u0161eim\u0173 versl\u0173, rank\u0173 darbo, dovan\u0173 sau ir artimiesiems.","publisher":{"@id":"https:\/\/skaitytaknyga.lt\/#organization"},"potentialAction":[{"@type":"SearchAction","target":{"@type":"EntryPoint","urlTemplate":"https:\/\/skaitytaknyga.lt\/?s={search_term_string}"},"query-input":{"@type":"PropertyValueSpecification","valueRequired":true,"valueName":"search_term_string"}}],"inLanguage":"en-GB"},{"@type":"Organization","@id":"https:\/\/skaitytaknyga.lt\/#organization","name":"skaitytaknyga.lt","url":"https:\/\/skaitytaknyga.lt\/","logo":{"@type":"ImageObject","inLanguage":"en-GB","@id":"https:\/\/skaitytaknyga.lt\/#\/schema\/logo\/image\/","url":"https:\/\/skaitytaknyga.lt\/wp-content\/uploads\/2024\/05\/cropped-cropped-cropped-02_00843_jt3bggkj1j3HLc7SyY6rEUpg.jpeg","contentUrl":"https:\/\/skaitytaknyga.lt\/wp-content\/uploads\/2024\/05\/cropped-cropped-cropped-02_00843_jt3bggkj1j3HLc7SyY6rEUpg.jpeg","width":1600,"height":1600,"caption":"skaitytaknyga.lt"},"image":{"@id":"https:\/\/skaitytaknyga.lt\/#\/schema\/logo\/image\/"},"sameAs":["https:\/\/www.facebook.com\/skaitytaknyga\/"]}]}},"_links":{"self":[{"href":"https:\/\/skaitytaknyga.lt\/en\/wp-json\/wp\/v2\/product\/9170","targetHints":{"allow":["GET"]}}],"collection":[{"href":"https:\/\/skaitytaknyga.lt\/en\/wp-json\/wp\/v2\/product"}],"about":[{"href":"https:\/\/skaitytaknyga.lt\/en\/wp-json\/wp\/v2\/types\/product"}],"replies":[{"embeddable":true,"href":"https:\/\/skaitytaknyga.lt\/en\/wp-json\/wp\/v2\/comments?post=9170"}],"wp:featuredmedia":[{"embeddable":true,"href":"https:\/\/skaitytaknyga.lt\/en\/wp-json\/wp\/v2\/media\/6298"}],"wp:attachment":[{"href":"https:\/\/skaitytaknyga.lt\/en\/wp-json\/wp\/v2\/media?parent=9170"}],"wp:term":[{"taxonomy":"product_brand","embeddable":true,"href":"https:\/\/skaitytaknyga.lt\/en\/wp-json\/wp\/v2\/product_brand?post=9170"},{"taxonomy":"product_cat","embeddable":true,"href":"https:\/\/skaitytaknyga.lt\/en\/wp-json\/wp\/v2\/product_cat?post=9170"},{"taxonomy":"product_tag","embeddable":true,"href":"https:\/\/skaitytaknyga.lt\/en\/wp-json\/wp\/v2\/product_tag?post=9170"}],"curies":[{"name":"wp","href":"https:\/\/api.w.org\/{rel}","templated":true}]}}