{"id":9157,"date":"2024-05-04T14:58:05","date_gmt":"2024-05-04T14:58:05","guid":{"rendered":"https:\/\/skaitytaknyga.lt\/?post_type=product&#038;p=9157"},"modified":"2025-04-30T14:47:37","modified_gmt":"2025-04-30T11:47:37","slug":"zane-grey-vaivorykstes-tiltas-2","status":"publish","type":"product","link":"https:\/\/skaitytaknyga.lt\/en\/produktas\/zane-grey-vaivorykstes-tiltas-2\/","title":{"rendered":"Vaivoryk\u0161t\u0117s tiltas"},"content":{"rendered":"<p>Nuotyki\u0173 romanas skirtas \u012fvairaus am\u017eiaus jaunimui.<\/p>\n<p>\u0160is nuotyki\u0173 romanas &#8211; viena i\u0161 kultinio amerikie\u010di\u0173 ra\u0161ytojo\u00a0Zeino Gr\u0117jaus\u00a0(Zane Grey) istorij\u0173 apie \u017eiaurios romantikos laikus Laukiniuose Vakaruose. Pasaulyje autorius pelnytai tituluojamas literat\u016brinio vesterno pradininku. Jis para\u0161\u0117 daugiau kaip 80 vestern\u0173, kuriais i\u0161 garsino Laukinius Vakarus ir tapo nemaria Amerikos legenda. Neapsakomo gro\u017eio Laukini\u0173 Vakar\u0173 platyb\u0117s ir turtai visais laikais viliojo laim\u0117s ie\u0161kotojus. Ta\u010diau \u010dia, toli nuo civilizacijos, verda gyvenimas, kupinas netik\u0117tum\u0173, pavoj\u0173 ir paslap\u010di\u0173. Jaunasis D\u017eonas \u0160eferdas, atstumtas sav\u0173j\u0173, tampa klaj\u016bnu. Jis vyksta \u012f Kolorado kalnus ie\u0161koti mistinio Vaivoryk\u0161t\u0117s sl\u0117nio, siekdamas tik jam vienam \u017einomo tikslo&#8230; \u010cia ir prasideda ilgas ir pavojingas nuotyki\u0173 kelias, kuriame sutiksime ir paslaptinguosius fanatikus mormonus, ir pl\u0117\u0161ik\u0173 gaujas, ir laisvuosius ind\u0117nus. Knygos herojus kovoja u\u017e savo meil\u0119 iki galo&#8230;<\/p>\n","protected":false},"excerpt":{"rendered":"<p>Nuotyki\u0173 romanas skirtas \u012fvairaus am\u017eiaus jaunimui.<\/p>\n<p>\u0160is nuotyki\u0173 romanas &#8211; viena i\u0161 kultinio amerikie\u010di\u0173 ra\u0161ytojo\u00a0Zeino Gr\u0117jaus\u00a0(Zane Grey) istorij\u0173 apie \u017eiaurios romantikos laikus Laukiniuose Vakaruose. Pasaulyje autorius pelnytai tituluojamas literat\u016brinio vesterno pradininku. Jis para\u0161\u0117 daugiau kaip 80 vestern\u0173, kuriais i\u0161 garsino Laukinius Vakarus ir tapo nemaria Amerikos legenda. Neapsakomo gro\u017eio Laukini\u0173 Vakar\u0173 platyb\u0117s ir turtai visais laikais viliojo laim\u0117s ie\u0161kotojus. Ta\u010diau \u010dia, toli nuo civilizacijos, verda gyvenimas, kupinas netik\u0117tum\u0173, pavoj\u0173 ir paslap\u010di\u0173. Jaunasis D\u017eonas \u0160eferdas, atstumtas sav\u0173j\u0173, tampa klaj\u016bnu. Jis vyksta \u012f Kolorado kalnus ie\u0161koti mistinio Vaivoryk\u0161t\u0117s sl\u0117nio, siekdamas tik jam vienam \u017einomo tikslo&#8230; \u010cia ir prasideda ilgas ir pavojingas nuotyki\u0173 kelias, kuriame sutiksime ir paslaptinguosius fanatikus mormonus, ir pl\u0117\u0161ik\u0173 gaujas, ir laisvuosius ind\u0117nus. Knygos herojus kovoja u\u017e savo meil\u0119 iki galo&#8230;<\/p>\n","protected":false},"featured_media":6274,"comment_status":"closed","ping_status":"closed","template":"","meta":{"_acf_changed":false,"site-sidebar-layout":"default","site-content-layout":"","ast-site-content-layout":"default","site-content-style":"default","site-sidebar-style":"default","ast-global-header-display":"","ast-banner-title-visibility":"","ast-main-header-display":"","ast-hfb-above-header-display":"","ast-hfb-below-header-display":"","ast-hfb-mobile-header-display":"","site-post-title":"","ast-breadcrumbs-content":"","ast-featured-img":"","footer-sml-layout":"","ast-disable-related-posts":"","theme-transparent-header-meta":"","adv-header-id-meta":"","stick-header-meta":"","header-above-stick-meta":"","header-main-stick-meta":"","header-below-stick-meta":"","astra-migrate-meta-layouts":"default","ast-page-background-enabled":"default","ast-page-background-meta":{"desktop":{"background-color":"","background-image":"","background-repeat":"repeat","background-position":"center center","background-size":"auto","background-attachment":"scroll","background-type":"","background-media":"","overlay-type":"","overlay-color":"","overlay-opacity":"","overlay-gradient":""},"tablet":{"background-color":"","background-image":"","background-repeat":"repeat","background-position":"center center","background-size":"auto","background-attachment":"scroll","background-type":"","background-media":"","overlay-type":"","overlay-color":"","overlay-opacity":"","overlay-gradient":""},"mobile":{"background-color":"","background-image":"","background-repeat":"repeat","background-position":"center center","background-size":"auto","background-attachment":"scroll","background-type":"","background-media":"","overlay-type":"","overlay-color":"","overlay-opacity":"","overlay-gradient":""}},"ast-content-background-meta":{"desktop":{"background-color":"var(--ast-global-color-4)","background-image":"","background-repeat":"repeat","background-position":"center center","background-size":"auto","background-attachment":"scroll","background-type":"","background-media":"","overlay-type":"","overlay-color":"","overlay-opacity":"","overlay-gradient":""},"tablet":{"background-color":"var(--ast-global-color-4)","background-image":"","background-repeat":"repeat","background-position":"center center","background-size":"auto","background-attachment":"scroll","background-type":"","background-media":"","overlay-type":"","overlay-color":"","overlay-opacity":"","overlay-gradient":""},"mobile":{"background-color":"var(--ast-global-color-4)","background-image":"","background-repeat":"repeat","background-position":"center center","background-size":"auto","background-attachment":"scroll","background-type":"","background-media":"","overlay-type":"","overlay-color":"","overlay-opacity":"","overlay-gradient":""}}},"product_brand":[],"product_cat":[31],"product_tag":[1244],"class_list":{"0":"post-9157","1":"product","2":"type-product","3":"status-publish","4":"has-post-thumbnail","6":"product_cat-grozine-literatura","7":"product_tag-zane-grey","8":"desktop-align-left","9":"tablet-align-left","10":"mobile-align-left","12":"first","13":"instock","14":"shipping-taxable","15":"purchasable","16":"product-type-simple"},"acf":[],"yoast_head":"<!-- This site is optimized with the Yoast SEO plugin v27.4 - https:\/\/yoast.com\/product\/yoast-seo-wordpress\/ -->\n<title>Vaivoryk\u0161t\u0117s tiltas<\/title>\n<meta name=\"description\" content=\"Nuotyki\u0173 romanas skirtas \u012fvairaus am\u017eiaus jaunimui.  \u0160is nuotyki\u0173 romanas - viena i\u0161 kultinio amerikie\u010di\u0173 ra\u0161ytojo\u00a0Zeino Gr\u0117jaus\u00a0(Zane Grey) istorij\u0173 apie \u017eiaurios romantikos laikus Laukiniuose Vakaruose. Pasaulyje autorius pelnytai tituluojamas literat\u016brinio vesterno pradininku. Jis para\u0161\u0117 daugiau kaip 80 vestern\u0173, kuriais i\u0161 garsino Laukinius Vakarus ir tapo nemaria Amerikos legenda. Neapsakomo gro\u017eio Laukini\u0173 Vakar\u0173 platyb\u0117s ir turtai visais laikais viliojo laim\u0117s ie\u0161kotojus. Ta\u010diau \u010dia, toli nuo civilizacijos, verda gyvenimas, kupinas netik\u0117tum\u0173, pavoj\u0173 ir paslap\u010di\u0173. Jaunasis D\u017eonas \u0160eferdas, atstumtas sav\u0173j\u0173, tampa klaj\u016bnu. Jis vyksta \u012f Kolorado kalnus ie\u0161koti mistinio Vaivoryk\u0161t\u0117s sl\u0117nio, siekdamas tik jam vienam \u017einomo tikslo... \u010cia ir prasideda ilgas ir pavojingas nuotyki\u0173 kelias, kuriame sutiksime ir paslaptinguosius fanatikus mormonus, ir pl\u0117\u0161ik\u0173 gaujas, ir laisvuosius ind\u0117nus. Knygos herojus kovoja u\u017e savo meil\u0119 iki galo...\" \/>\n<meta name=\"robots\" content=\"index, follow, max-snippet:-1, max-image-preview:large, max-video-preview:-1\" \/>\n<link rel=\"canonical\" href=\"https:\/\/skaitytaknyga.lt\/en\/produktas\/zane-grey-vaivorykstes-tiltas-2\/\" \/>\n<meta property=\"og:locale\" content=\"en_GB\" \/>\n<meta property=\"og:locale:alternate\" content=\"lt_LT\" \/>\n<meta property=\"og:type\" content=\"article\" \/>\n<meta property=\"og:title\" content=\"Vaivoryk\u0161t\u0117s tiltas\" \/>\n<meta property=\"og:description\" content=\"Nuotyki\u0173 romanas skirtas \u012fvairaus am\u017eiaus jaunimui.  \u0160is nuotyki\u0173 romanas - viena i\u0161 kultinio amerikie\u010di\u0173 ra\u0161ytojo\u00a0Zeino Gr\u0117jaus\u00a0(Zane Grey) istorij\u0173 apie \u017eiaurios romantikos laikus Laukiniuose Vakaruose. Pasaulyje autorius pelnytai tituluojamas literat\u016brinio vesterno pradininku. Jis para\u0161\u0117 daugiau kaip 80 vestern\u0173, kuriais i\u0161 garsino Laukinius Vakarus ir tapo nemaria Amerikos legenda. Neapsakomo gro\u017eio Laukini\u0173 Vakar\u0173 platyb\u0117s ir turtai visais laikais viliojo laim\u0117s ie\u0161kotojus. Ta\u010diau \u010dia, toli nuo civilizacijos, verda gyvenimas, kupinas netik\u0117tum\u0173, pavoj\u0173 ir paslap\u010di\u0173. Jaunasis D\u017eonas \u0160eferdas, atstumtas sav\u0173j\u0173, tampa klaj\u016bnu. Jis vyksta \u012f Kolorado kalnus ie\u0161koti mistinio Vaivoryk\u0161t\u0117s sl\u0117nio, siekdamas tik jam vienam \u017einomo tikslo... \u010cia ir prasideda ilgas ir pavojingas nuotyki\u0173 kelias, kuriame sutiksime ir paslaptinguosius fanatikus mormonus, ir pl\u0117\u0161ik\u0173 gaujas, ir laisvuosius ind\u0117nus. Knygos herojus kovoja u\u017e savo meil\u0119 iki galo...\" \/>\n<meta property=\"og:url\" content=\"https:\/\/skaitytaknyga.lt\/en\/produktas\/zane-grey-vaivorykstes-tiltas-2\/\" \/>\n<meta property=\"og:site_name\" content=\"Skaitytaknyga\" \/>\n<meta property=\"article:publisher\" content=\"https:\/\/www.facebook.com\/skaitytaknyga\/\" \/>\n<meta property=\"article:modified_time\" content=\"2025-04-30T11:47:37+00:00\" \/>\n<meta property=\"og:image\" content=\"https:\/\/skaitytaknyga.lt\/wp-content\/uploads\/2024\/05\/grey-zane-vaivorykstes-tiltas-e1625566051792.jpg\" \/>\n\t<meta property=\"og:image:width\" content=\"251\" \/>\n\t<meta property=\"og:image:height\" content=\"398\" \/>\n\t<meta property=\"og:image:type\" content=\"image\/jpeg\" \/>\n<meta name=\"twitter:card\" content=\"summary_large_image\" \/>\n<meta name=\"twitter:label1\" content=\"Estimated reading time\" \/>\n\t<meta name=\"twitter:data1\" content=\"1 minute\" \/>\n<script type=\"application\/ld+json\" class=\"yoast-schema-graph\">{\"@context\":\"https:\\\/\\\/schema.org\",\"@graph\":[{\"@type\":\"WebPage\",\"@id\":\"https:\\\/\\\/skaitytaknyga.lt\\\/produktas\\\/zane-grey-vaivorykstes-tiltas-2\\\/\",\"url\":\"https:\\\/\\\/skaitytaknyga.lt\\\/produktas\\\/zane-grey-vaivorykstes-tiltas-2\\\/\",\"name\":\"Vaivoryk\u0161t\u0117s tiltas\",\"isPartOf\":{\"@id\":\"https:\\\/\\\/skaitytaknyga.lt\\\/#website\"},\"primaryImageOfPage\":{\"@id\":\"https:\\\/\\\/skaitytaknyga.lt\\\/produktas\\\/zane-grey-vaivorykstes-tiltas-2\\\/#primaryimage\"},\"image\":{\"@id\":\"https:\\\/\\\/skaitytaknyga.lt\\\/produktas\\\/zane-grey-vaivorykstes-tiltas-2\\\/#primaryimage\"},\"thumbnailUrl\":\"https:\\\/\\\/skaitytaknyga.lt\\\/wp-content\\\/uploads\\\/2024\\\/05\\\/grey-zane-vaivorykstes-tiltas-e1625566051792.jpg\",\"datePublished\":\"2024-05-04T14:58:05+00:00\",\"dateModified\":\"2025-04-30T11:47:37+00:00\",\"description\":\"Nuotyki\u0173 romanas skirtas \u012fvairaus am\u017eiaus jaunimui. \u0160is nuotyki\u0173 romanas - viena i\u0161 kultinio amerikie\u010di\u0173 ra\u0161ytojo\u00a0Zeino Gr\u0117jaus\u00a0(Zane Grey) istorij\u0173 apie \u017eiaurios romantikos laikus Laukiniuose Vakaruose. Pasaulyje autorius pelnytai tituluojamas literat\u016brinio vesterno pradininku. Jis para\u0161\u0117 daugiau kaip 80 vestern\u0173, kuriais i\u0161 garsino Laukinius Vakarus ir tapo nemaria Amerikos legenda. Neapsakomo gro\u017eio Laukini\u0173 Vakar\u0173 platyb\u0117s ir turtai visais laikais viliojo laim\u0117s ie\u0161kotojus. Ta\u010diau \u010dia, toli nuo civilizacijos, verda gyvenimas, kupinas netik\u0117tum\u0173, pavoj\u0173 ir paslap\u010di\u0173. Jaunasis D\u017eonas \u0160eferdas, atstumtas sav\u0173j\u0173, tampa klaj\u016bnu. Jis vyksta \u012f Kolorado kalnus ie\u0161koti mistinio Vaivoryk\u0161t\u0117s sl\u0117nio, siekdamas tik jam vienam \u017einomo tikslo... \u010cia ir prasideda ilgas ir pavojingas nuotyki\u0173 kelias, kuriame sutiksime ir paslaptinguosius fanatikus mormonus, ir pl\u0117\u0161ik\u0173 gaujas, ir laisvuosius ind\u0117nus. Knygos herojus kovoja u\u017e savo meil\u0119 iki galo...\",\"breadcrumb\":{\"@id\":\"https:\\\/\\\/skaitytaknyga.lt\\\/produktas\\\/zane-grey-vaivorykstes-tiltas-2\\\/#breadcrumb\"},\"inLanguage\":\"en-GB\",\"potentialAction\":[{\"@type\":\"ReadAction\",\"target\":[\"https:\\\/\\\/skaitytaknyga.lt\\\/produktas\\\/zane-grey-vaivorykstes-tiltas-2\\\/\"]}]},{\"@type\":\"ImageObject\",\"inLanguage\":\"en-GB\",\"@id\":\"https:\\\/\\\/skaitytaknyga.lt\\\/produktas\\\/zane-grey-vaivorykstes-tiltas-2\\\/#primaryimage\",\"url\":\"https:\\\/\\\/skaitytaknyga.lt\\\/wp-content\\\/uploads\\\/2024\\\/05\\\/grey-zane-vaivorykstes-tiltas-e1625566051792.jpg\",\"contentUrl\":\"https:\\\/\\\/skaitytaknyga.lt\\\/wp-content\\\/uploads\\\/2024\\\/05\\\/grey-zane-vaivorykstes-tiltas-e1625566051792.jpg\",\"width\":251,\"height\":398},{\"@type\":\"BreadcrumbList\",\"@id\":\"https:\\\/\\\/skaitytaknyga.lt\\\/produktas\\\/zane-grey-vaivorykstes-tiltas-2\\\/#breadcrumb\",\"itemListElement\":[{\"@type\":\"ListItem\",\"position\":1,\"name\":\"Home\",\"item\":\"https:\\\/\\\/skaitytaknyga.lt\\\/\"},{\"@type\":\"ListItem\",\"position\":2,\"name\":\"Parduotuv\u0117\",\"item\":\"https:\\\/\\\/skaitytaknyga.lt\\\/knygu-parduotuve\\\/\"},{\"@type\":\"ListItem\",\"position\":3,\"name\":\"Vaivoryk\u0161t\u0117s tiltas\"}]},{\"@type\":\"WebSite\",\"@id\":\"https:\\\/\\\/skaitytaknyga.lt\\\/#website\",\"url\":\"https:\\\/\\\/skaitytaknyga.lt\\\/\",\"name\":\"skaitytaknyga.lt\",\"description\":\"Skaitytaknyga.lt \u2013 tai ma\u017eas \u0161eimos verslas, kuris prasid\u0117jo nuo meil\u0117s knygoms ir siekio i\u0161gelb\u0117ti knygas nuo likimo prie konteinerio. Kas vienam nereikalingas daiktas \u2013 kitam lobis, o mes esame tarpininkai, kurie padeda abiems tapti laimingesniems ???? \u017dinome kaip nelengva i\u0161gyventi ma\u017eiems verslams, tad nuo \u0161iol, \u010dia rasite ir kit\u0173, ma\u017e\u0173 \u0161eim\u0173 versl\u0173, rank\u0173 darbo, dovan\u0173 sau ir artimiesiems.\",\"publisher\":{\"@id\":\"https:\\\/\\\/skaitytaknyga.lt\\\/#organization\"},\"potentialAction\":[{\"@type\":\"SearchAction\",\"target\":{\"@type\":\"EntryPoint\",\"urlTemplate\":\"https:\\\/\\\/skaitytaknyga.lt\\\/?s={search_term_string}\"},\"query-input\":{\"@type\":\"PropertyValueSpecification\",\"valueRequired\":true,\"valueName\":\"search_term_string\"}}],\"inLanguage\":\"en-GB\"},{\"@type\":\"Organization\",\"@id\":\"https:\\\/\\\/skaitytaknyga.lt\\\/#organization\",\"name\":\"skaitytaknyga.lt\",\"url\":\"https:\\\/\\\/skaitytaknyga.lt\\\/\",\"logo\":{\"@type\":\"ImageObject\",\"inLanguage\":\"en-GB\",\"@id\":\"https:\\\/\\\/skaitytaknyga.lt\\\/#\\\/schema\\\/logo\\\/image\\\/\",\"url\":\"https:\\\/\\\/skaitytaknyga.lt\\\/wp-content\\\/uploads\\\/2024\\\/05\\\/cropped-cropped-cropped-02_00843_jt3bggkj1j3HLc7SyY6rEUpg.jpeg\",\"contentUrl\":\"https:\\\/\\\/skaitytaknyga.lt\\\/wp-content\\\/uploads\\\/2024\\\/05\\\/cropped-cropped-cropped-02_00843_jt3bggkj1j3HLc7SyY6rEUpg.jpeg\",\"width\":1600,\"height\":1600,\"caption\":\"skaitytaknyga.lt\"},\"image\":{\"@id\":\"https:\\\/\\\/skaitytaknyga.lt\\\/#\\\/schema\\\/logo\\\/image\\\/\"},\"sameAs\":[\"https:\\\/\\\/www.facebook.com\\\/skaitytaknyga\\\/\"]}]}<\/script>\n<!-- \/ Yoast SEO plugin. -->","yoast_head_json":{"title":"Vaivoryk\u0161t\u0117s tiltas","description":"Nuotyki\u0173 romanas skirtas \u012fvairaus am\u017eiaus jaunimui.  \u0160is nuotyki\u0173 romanas - viena i\u0161 kultinio amerikie\u010di\u0173 ra\u0161ytojo\u00a0Zeino Gr\u0117jaus\u00a0(Zane Grey) istorij\u0173 apie \u017eiaurios romantikos laikus Laukiniuose Vakaruose. Pasaulyje autorius pelnytai tituluojamas literat\u016brinio vesterno pradininku. Jis para\u0161\u0117 daugiau kaip 80 vestern\u0173, kuriais i\u0161 garsino Laukinius Vakarus ir tapo nemaria Amerikos legenda. Neapsakomo gro\u017eio Laukini\u0173 Vakar\u0173 platyb\u0117s ir turtai visais laikais viliojo laim\u0117s ie\u0161kotojus. Ta\u010diau \u010dia, toli nuo civilizacijos, verda gyvenimas, kupinas netik\u0117tum\u0173, pavoj\u0173 ir paslap\u010di\u0173. Jaunasis D\u017eonas \u0160eferdas, atstumtas sav\u0173j\u0173, tampa klaj\u016bnu. Jis vyksta \u012f Kolorado kalnus ie\u0161koti mistinio Vaivoryk\u0161t\u0117s sl\u0117nio, siekdamas tik jam vienam \u017einomo tikslo... \u010cia ir prasideda ilgas ir pavojingas nuotyki\u0173 kelias, kuriame sutiksime ir paslaptinguosius fanatikus mormonus, ir pl\u0117\u0161ik\u0173 gaujas, ir laisvuosius ind\u0117nus. Knygos herojus kovoja u\u017e savo meil\u0119 iki galo...","robots":{"index":"index","follow":"follow","max-snippet":"max-snippet:-1","max-image-preview":"max-image-preview:large","max-video-preview":"max-video-preview:-1"},"canonical":"https:\/\/skaitytaknyga.lt\/en\/produktas\/zane-grey-vaivorykstes-tiltas-2\/","og_locale":"en_GB","og_type":"article","og_title":"[:lt]Vaivoryk\u0161t\u0117s tiltas[:] - Skaitytaknyga","og_description":"Nuotyki\u0173 romanas skirtas \u012fvairaus am\u017eiaus jaunimui.  \u0160is nuotyki\u0173 romanas - viena i\u0161 kultinio amerikie\u010di\u0173 ra\u0161ytojo\u00a0Zeino Gr\u0117jaus\u00a0(Zane Grey) istorij\u0173 apie \u017eiaurios romantikos laikus Laukiniuose Vakaruose. Pasaulyje autorius pelnytai tituluojamas literat\u016brinio vesterno pradininku. Jis para\u0161\u0117 daugiau kaip 80 vestern\u0173, kuriais i\u0161 garsino Laukinius Vakarus ir tapo nemaria Amerikos legenda. Neapsakomo gro\u017eio Laukini\u0173 Vakar\u0173 platyb\u0117s ir turtai visais laikais viliojo laim\u0117s ie\u0161kotojus. Ta\u010diau \u010dia, toli nuo civilizacijos, verda gyvenimas, kupinas netik\u0117tum\u0173, pavoj\u0173 ir paslap\u010di\u0173. Jaunasis D\u017eonas \u0160eferdas, atstumtas sav\u0173j\u0173, tampa klaj\u016bnu. Jis vyksta \u012f Kolorado kalnus ie\u0161koti mistinio Vaivoryk\u0161t\u0117s sl\u0117nio, siekdamas tik jam vienam \u017einomo tikslo... \u010cia ir prasideda ilgas ir pavojingas nuotyki\u0173 kelias, kuriame sutiksime ir paslaptinguosius fanatikus mormonus, ir pl\u0117\u0161ik\u0173 gaujas, ir laisvuosius ind\u0117nus. Knygos herojus kovoja u\u017e savo meil\u0119 iki galo...","og_url":"https:\/\/skaitytaknyga.lt\/en\/produktas\/zane-grey-vaivorykstes-tiltas-2\/","og_site_name":"Skaitytaknyga","article_publisher":"https:\/\/www.facebook.com\/skaitytaknyga\/","article_modified_time":"2025-04-30T11:47:37+00:00","og_image":[{"width":251,"height":398,"url":"https:\/\/skaitytaknyga.lt\/wp-content\/uploads\/2024\/05\/grey-zane-vaivorykstes-tiltas-e1625566051792.jpg","type":"image\/jpeg"}],"twitter_card":"summary_large_image","twitter_misc":{"Estimated reading time":"1 minute"},"schema":{"@context":"https:\/\/schema.org","@graph":[{"@type":"WebPage","@id":"https:\/\/skaitytaknyga.lt\/produktas\/zane-grey-vaivorykstes-tiltas-2\/","url":"https:\/\/skaitytaknyga.lt\/produktas\/zane-grey-vaivorykstes-tiltas-2\/","name":"Vaivoryk\u0161t\u0117s tiltas","isPartOf":{"@id":"https:\/\/skaitytaknyga.lt\/#website"},"primaryImageOfPage":{"@id":"https:\/\/skaitytaknyga.lt\/produktas\/zane-grey-vaivorykstes-tiltas-2\/#primaryimage"},"image":{"@id":"https:\/\/skaitytaknyga.lt\/produktas\/zane-grey-vaivorykstes-tiltas-2\/#primaryimage"},"thumbnailUrl":"https:\/\/skaitytaknyga.lt\/wp-content\/uploads\/2024\/05\/grey-zane-vaivorykstes-tiltas-e1625566051792.jpg","datePublished":"2024-05-04T14:58:05+00:00","dateModified":"2025-04-30T11:47:37+00:00","description":"Nuotyki\u0173 romanas skirtas \u012fvairaus am\u017eiaus jaunimui. \u0160is nuotyki\u0173 romanas - viena i\u0161 kultinio amerikie\u010di\u0173 ra\u0161ytojo\u00a0Zeino Gr\u0117jaus\u00a0(Zane Grey) istorij\u0173 apie \u017eiaurios romantikos laikus Laukiniuose Vakaruose. Pasaulyje autorius pelnytai tituluojamas literat\u016brinio vesterno pradininku. Jis para\u0161\u0117 daugiau kaip 80 vestern\u0173, kuriais i\u0161 garsino Laukinius Vakarus ir tapo nemaria Amerikos legenda. Neapsakomo gro\u017eio Laukini\u0173 Vakar\u0173 platyb\u0117s ir turtai visais laikais viliojo laim\u0117s ie\u0161kotojus. Ta\u010diau \u010dia, toli nuo civilizacijos, verda gyvenimas, kupinas netik\u0117tum\u0173, pavoj\u0173 ir paslap\u010di\u0173. Jaunasis D\u017eonas \u0160eferdas, atstumtas sav\u0173j\u0173, tampa klaj\u016bnu. Jis vyksta \u012f Kolorado kalnus ie\u0161koti mistinio Vaivoryk\u0161t\u0117s sl\u0117nio, siekdamas tik jam vienam \u017einomo tikslo... \u010cia ir prasideda ilgas ir pavojingas nuotyki\u0173 kelias, kuriame sutiksime ir paslaptinguosius fanatikus mormonus, ir pl\u0117\u0161ik\u0173 gaujas, ir laisvuosius ind\u0117nus. Knygos herojus kovoja u\u017e savo meil\u0119 iki galo...","breadcrumb":{"@id":"https:\/\/skaitytaknyga.lt\/produktas\/zane-grey-vaivorykstes-tiltas-2\/#breadcrumb"},"inLanguage":"en-GB","potentialAction":[{"@type":"ReadAction","target":["https:\/\/skaitytaknyga.lt\/produktas\/zane-grey-vaivorykstes-tiltas-2\/"]}]},{"@type":"ImageObject","inLanguage":"en-GB","@id":"https:\/\/skaitytaknyga.lt\/produktas\/zane-grey-vaivorykstes-tiltas-2\/#primaryimage","url":"https:\/\/skaitytaknyga.lt\/wp-content\/uploads\/2024\/05\/grey-zane-vaivorykstes-tiltas-e1625566051792.jpg","contentUrl":"https:\/\/skaitytaknyga.lt\/wp-content\/uploads\/2024\/05\/grey-zane-vaivorykstes-tiltas-e1625566051792.jpg","width":251,"height":398},{"@type":"BreadcrumbList","@id":"https:\/\/skaitytaknyga.lt\/produktas\/zane-grey-vaivorykstes-tiltas-2\/#breadcrumb","itemListElement":[{"@type":"ListItem","position":1,"name":"Home","item":"https:\/\/skaitytaknyga.lt\/"},{"@type":"ListItem","position":2,"name":"Parduotuv\u0117","item":"https:\/\/skaitytaknyga.lt\/knygu-parduotuve\/"},{"@type":"ListItem","position":3,"name":"Vaivoryk\u0161t\u0117s tiltas"}]},{"@type":"WebSite","@id":"https:\/\/skaitytaknyga.lt\/#website","url":"https:\/\/skaitytaknyga.lt\/","name":"skaitytaknyga.lt","description":"Skaitytaknyga.lt \u2013 tai ma\u017eas \u0161eimos verslas, kuris prasid\u0117jo nuo meil\u0117s knygoms ir siekio i\u0161gelb\u0117ti knygas nuo likimo prie konteinerio. Kas vienam nereikalingas daiktas \u2013 kitam lobis, o mes esame tarpininkai, kurie padeda abiems tapti laimingesniems ???? \u017dinome kaip nelengva i\u0161gyventi ma\u017eiems verslams, tad nuo \u0161iol, \u010dia rasite ir kit\u0173, ma\u017e\u0173 \u0161eim\u0173 versl\u0173, rank\u0173 darbo, dovan\u0173 sau ir artimiesiems.","publisher":{"@id":"https:\/\/skaitytaknyga.lt\/#organization"},"potentialAction":[{"@type":"SearchAction","target":{"@type":"EntryPoint","urlTemplate":"https:\/\/skaitytaknyga.lt\/?s={search_term_string}"},"query-input":{"@type":"PropertyValueSpecification","valueRequired":true,"valueName":"search_term_string"}}],"inLanguage":"en-GB"},{"@type":"Organization","@id":"https:\/\/skaitytaknyga.lt\/#organization","name":"skaitytaknyga.lt","url":"https:\/\/skaitytaknyga.lt\/","logo":{"@type":"ImageObject","inLanguage":"en-GB","@id":"https:\/\/skaitytaknyga.lt\/#\/schema\/logo\/image\/","url":"https:\/\/skaitytaknyga.lt\/wp-content\/uploads\/2024\/05\/cropped-cropped-cropped-02_00843_jt3bggkj1j3HLc7SyY6rEUpg.jpeg","contentUrl":"https:\/\/skaitytaknyga.lt\/wp-content\/uploads\/2024\/05\/cropped-cropped-cropped-02_00843_jt3bggkj1j3HLc7SyY6rEUpg.jpeg","width":1600,"height":1600,"caption":"skaitytaknyga.lt"},"image":{"@id":"https:\/\/skaitytaknyga.lt\/#\/schema\/logo\/image\/"},"sameAs":["https:\/\/www.facebook.com\/skaitytaknyga\/"]}]}},"_links":{"self":[{"href":"https:\/\/skaitytaknyga.lt\/en\/wp-json\/wp\/v2\/product\/9157","targetHints":{"allow":["GET"]}}],"collection":[{"href":"https:\/\/skaitytaknyga.lt\/en\/wp-json\/wp\/v2\/product"}],"about":[{"href":"https:\/\/skaitytaknyga.lt\/en\/wp-json\/wp\/v2\/types\/product"}],"replies":[{"embeddable":true,"href":"https:\/\/skaitytaknyga.lt\/en\/wp-json\/wp\/v2\/comments?post=9157"}],"wp:featuredmedia":[{"embeddable":true,"href":"https:\/\/skaitytaknyga.lt\/en\/wp-json\/wp\/v2\/media\/6274"}],"wp:attachment":[{"href":"https:\/\/skaitytaknyga.lt\/en\/wp-json\/wp\/v2\/media?parent=9157"}],"wp:term":[{"taxonomy":"product_brand","embeddable":true,"href":"https:\/\/skaitytaknyga.lt\/en\/wp-json\/wp\/v2\/product_brand?post=9157"},{"taxonomy":"product_cat","embeddable":true,"href":"https:\/\/skaitytaknyga.lt\/en\/wp-json\/wp\/v2\/product_cat?post=9157"},{"taxonomy":"product_tag","embeddable":true,"href":"https:\/\/skaitytaknyga.lt\/en\/wp-json\/wp\/v2\/product_tag?post=9157"}],"curies":[{"name":"wp","href":"https:\/\/api.w.org\/{rel}","templated":true}]}}