{"id":9156,"date":"2024-05-04T14:58:05","date_gmt":"2024-05-04T14:58:05","guid":{"rendered":"https:\/\/skaitytaknyga.lt\/?post_type=product&#038;p=9156"},"modified":"2025-07-12T12:27:16","modified_gmt":"2025-07-12T09:27:16","slug":"romenas-rolanas-uzburtoji-siela-i-ii-dalys-2","status":"publish","type":"product","link":"https:\/\/skaitytaknyga.lt\/en\/produktas\/romenas-rolanas-uzburtoji-siela-i-ii-dalys-2\/","title":{"rendered":"U\u017eburtoji siela I-II dalys"},"content":{"rendered":"<p>\u017dymaus pranc\u016bz\u0173 ra\u0161ytojo Nobelio premijos laureato\u00a0Romeno Rolano\u00a0(1866-1944) romanas\u00a0\u201eU\u017eburtoji siela\u201c\u00a0\u2013 tai aistringos, bet vieni\u0161os moters sielos istorija. Tik ji, romano heroj\u0117 Aneta, \u017eino, kok\u012f verdant\u012f aistr\u0173 pasaul\u012f, nematom\u0105 Erot\u0105 ne\u0161iojasi savo viduje. Jos gyvenimas turtingas meil\u0117s ir nusivylim\u0173, d\u017eiaugsm\u0173 ir sielvart\u0173, prie\u0161taravim\u0173 ir suklydim\u0173. Bet vis d\u0117lto labiausiai ji bangina vidin\u0119 laisv\u0119 ir siekia ne \u0161iaip tiesos, bet sielos harmonijos, kuri ir yra auk\u0161\u010diausioji tiesa. Skaitytoj\u0105 \u201eu\u017eburia\u201c ne tik romano heroj\u0117s paslaptingoji siela, bet ir i\u0161mintingi apm\u0105stymai apie \u017emogaus b\u016bt\u012f ir pasaulio raidos kataklizmus.<\/p>\n","protected":false},"excerpt":{"rendered":"<p>\u017dymaus pranc\u016bz\u0173 ra\u0161ytojo Nobelio premijos laureato\u00a0Romeno Rolano\u00a0(1866-1944) romanas\u00a0\u201eU\u017eburtoji siela\u201c\u00a0\u2013 tai aistringos, bet vieni\u0161os moters sielos istorija. Tik ji, romano heroj\u0117 Aneta, \u017eino, kok\u012f verdant\u012f aistr\u0173 pasaul\u012f, nematom\u0105 Erot\u0105 ne\u0161iojasi savo viduje. Jos gyvenimas turtingas meil\u0117s ir nusivylim\u0173, d\u017eiaugsm\u0173 ir sielvart\u0173, prie\u0161taravim\u0173 ir suklydim\u0173. Bet vis d\u0117lto labiausiai ji bangina vidin\u0119 laisv\u0119 ir siekia ne \u0161iaip tiesos, bet sielos harmonijos, kuri ir yra auk\u0161\u010diausioji tiesa. Skaitytoj\u0105 \u201eu\u017eburia\u201c ne tik romano heroj\u0117s paslaptingoji siela, bet ir i\u0161mintingi apm\u0105stymai apie \u017emogaus b\u016bt\u012f ir pasaulio raidos kataklizmus.<\/p>\n","protected":false},"featured_media":6264,"comment_status":"closed","ping_status":"closed","template":"","meta":{"_acf_changed":false,"site-sidebar-layout":"default","site-content-layout":"","ast-site-content-layout":"default","site-content-style":"default","site-sidebar-style":"default","ast-global-header-display":"","ast-banner-title-visibility":"","ast-main-header-display":"","ast-hfb-above-header-display":"","ast-hfb-below-header-display":"","ast-hfb-mobile-header-display":"","site-post-title":"","ast-breadcrumbs-content":"","ast-featured-img":"","footer-sml-layout":"","ast-disable-related-posts":"","theme-transparent-header-meta":"","adv-header-id-meta":"","stick-header-meta":"","header-above-stick-meta":"","header-main-stick-meta":"","header-below-stick-meta":"","astra-migrate-meta-layouts":"default","ast-page-background-enabled":"default","ast-page-background-meta":{"desktop":{"background-color":"","background-image":"","background-repeat":"repeat","background-position":"center center","background-size":"auto","background-attachment":"scroll","background-type":"","background-media":"","overlay-type":"","overlay-color":"","overlay-opacity":"","overlay-gradient":""},"tablet":{"background-color":"","background-image":"","background-repeat":"repeat","background-position":"center center","background-size":"auto","background-attachment":"scroll","background-type":"","background-media":"","overlay-type":"","overlay-color":"","overlay-opacity":"","overlay-gradient":""},"mobile":{"background-color":"","background-image":"","background-repeat":"repeat","background-position":"center center","background-size":"auto","background-attachment":"scroll","background-type":"","background-media":"","overlay-type":"","overlay-color":"","overlay-opacity":"","overlay-gradient":""}},"ast-content-background-meta":{"desktop":{"background-color":"var(--ast-global-color-4)","background-image":"","background-repeat":"repeat","background-position":"center center","background-size":"auto","background-attachment":"scroll","background-type":"","background-media":"","overlay-type":"","overlay-color":"","overlay-opacity":"","overlay-gradient":""},"tablet":{"background-color":"var(--ast-global-color-4)","background-image":"","background-repeat":"repeat","background-position":"center center","background-size":"auto","background-attachment":"scroll","background-type":"","background-media":"","overlay-type":"","overlay-color":"","overlay-opacity":"","overlay-gradient":""},"mobile":{"background-color":"var(--ast-global-color-4)","background-image":"","background-repeat":"repeat","background-position":"center center","background-size":"auto","background-attachment":"scroll","background-type":"","background-media":"","overlay-type":"","overlay-color":"","overlay-opacity":"","overlay-gradient":""}}},"product_brand":[],"product_cat":[31,28],"product_tag":[1437,5887,2857,1761,1745,5886],"class_list":{"0":"post-9156","1":"product","2":"type-product","3":"status-publish","4":"has-post-thumbnail","6":"product_cat-grozine-literatura","7":"product_cat-klasika","8":"product_tag-klasika","9":"product_tag-moters-paveikslas","10":"product_tag-nobelio-premija","11":"product_tag-prancuzu-literatura","12":"product_tag-romanas","13":"product_tag-romenas-rolanas","14":"desktop-align-left","15":"tablet-align-left","16":"mobile-align-left","18":"first","19":"instock","20":"shipping-taxable","21":"purchasable","22":"product-type-simple"},"acf":[],"yoast_head":"<!-- This site is optimized with the Yoast SEO plugin v27.0 - https:\/\/yoast.com\/product\/yoast-seo-wordpress\/ -->\n<title>U\u017eburtoji siela I-II dalys<\/title>\n<meta name=\"description\" content=\"\u017dymaus pranc\u016bz\u0173 ra\u0161ytojo Nobelio premijos laureato\u00a0Romeno Rolano\u00a0(1866-1944) romanas\u00a0\u201eU\u017eburtoji siela\u201c\u00a0\u2013 tai aistringos, bet vieni\u0161os moters sielos istorija. Tik ji, romano heroj\u0117 Aneta, \u017eino, kok\u012f verdant\u012f aistr\u0173 pasaul\u012f, nematom\u0105 Erot\u0105 ne\u0161iojasi savo viduje. Jos gyvenimas turtingas meil\u0117s ir nusivylim\u0173, d\u017eiaugsm\u0173 ir sielvart\u0173, prie\u0161taravim\u0173 ir suklydim\u0173. Bet vis d\u0117lto labiausiai ji bangina vidin\u0119 laisv\u0119 ir siekia ne \u0161iaip tiesos, bet sielos harmonijos, kuri ir yra auk\u0161\u010diausioji tiesa. Skaitytoj\u0105 \u201eu\u017eburia\u201c ne tik romano heroj\u0117s paslaptingoji siela, bet ir i\u0161mintingi apm\u0105stymai apie \u017emogaus b\u016bt\u012f ir pasaulio raidos kataklizmus.\" \/>\n<meta name=\"robots\" content=\"index, follow, max-snippet:-1, max-image-preview:large, max-video-preview:-1\" \/>\n<link rel=\"canonical\" href=\"https:\/\/skaitytaknyga.lt\/en\/produktas\/romenas-rolanas-uzburtoji-siela-i-ii-dalys-2\/\" \/>\n<meta property=\"og:locale\" content=\"en_GB\" \/>\n<meta property=\"og:locale:alternate\" content=\"lt_LT\" \/>\n<meta property=\"og:type\" content=\"article\" \/>\n<meta property=\"og:title\" content=\"U\u017eburtoji siela I-II dalys\" \/>\n<meta property=\"og:description\" content=\"\u017dymaus pranc\u016bz\u0173 ra\u0161ytojo Nobelio premijos laureato\u00a0Romeno Rolano\u00a0(1866-1944) romanas\u00a0\u201eU\u017eburtoji siela\u201c\u00a0\u2013 tai aistringos, bet vieni\u0161os moters sielos istorija. Tik ji, romano heroj\u0117 Aneta, \u017eino, kok\u012f verdant\u012f aistr\u0173 pasaul\u012f, nematom\u0105 Erot\u0105 ne\u0161iojasi savo viduje. Jos gyvenimas turtingas meil\u0117s ir nusivylim\u0173, d\u017eiaugsm\u0173 ir sielvart\u0173, prie\u0161taravim\u0173 ir suklydim\u0173. Bet vis d\u0117lto labiausiai ji bangina vidin\u0119 laisv\u0119 ir siekia ne \u0161iaip tiesos, bet sielos harmonijos, kuri ir yra auk\u0161\u010diausioji tiesa. Skaitytoj\u0105 \u201eu\u017eburia\u201c ne tik romano heroj\u0117s paslaptingoji siela, bet ir i\u0161mintingi apm\u0105stymai apie \u017emogaus b\u016bt\u012f ir pasaulio raidos kataklizmus.\" \/>\n<meta property=\"og:url\" content=\"https:\/\/skaitytaknyga.lt\/en\/produktas\/romenas-rolanas-uzburtoji-siela-i-ii-dalys-2\/\" \/>\n<meta property=\"og:site_name\" content=\"Skaitytaknyga\" \/>\n<meta property=\"article:publisher\" content=\"https:\/\/www.facebook.com\/skaitytaknyga\/\" \/>\n<meta property=\"article:modified_time\" content=\"2025-07-12T09:27:16+00:00\" \/>\n<meta property=\"og:image\" content=\"https:\/\/skaitytaknyga.lt\/wp-content\/uploads\/2024\/05\/135810-dsc-3855-e1625565804455.jpg\" \/>\n\t<meta property=\"og:image:width\" content=\"526\" \/>\n\t<meta property=\"og:image:height\" content=\"420\" \/>\n\t<meta property=\"og:image:type\" content=\"image\/jpeg\" \/>\n<meta name=\"twitter:card\" content=\"summary_large_image\" \/>\n<meta name=\"twitter:label1\" content=\"Estimated reading time\" \/>\n\t<meta name=\"twitter:data1\" content=\"1 minute\" \/>\n<script type=\"application\/ld+json\" class=\"yoast-schema-graph\">{\"@context\":\"https:\/\/schema.org\",\"@graph\":[{\"@type\":\"WebPage\",\"@id\":\"https:\/\/skaitytaknyga.lt\/produktas\/romenas-rolanas-uzburtoji-siela-i-ii-dalys-2\/\",\"url\":\"https:\/\/skaitytaknyga.lt\/produktas\/romenas-rolanas-uzburtoji-siela-i-ii-dalys-2\/\",\"name\":\"U\u017eburtoji siela I-II dalys\",\"isPartOf\":{\"@id\":\"https:\/\/skaitytaknyga.lt\/#website\"},\"primaryImageOfPage\":{\"@id\":\"https:\/\/skaitytaknyga.lt\/produktas\/romenas-rolanas-uzburtoji-siela-i-ii-dalys-2\/#primaryimage\"},\"image\":{\"@id\":\"https:\/\/skaitytaknyga.lt\/produktas\/romenas-rolanas-uzburtoji-siela-i-ii-dalys-2\/#primaryimage\"},\"thumbnailUrl\":\"https:\/\/skaitytaknyga.lt\/wp-content\/uploads\/2024\/05\/135810-dsc-3855-e1625565804455.jpg\",\"datePublished\":\"2024-05-04T14:58:05+00:00\",\"dateModified\":\"2025-07-12T09:27:16+00:00\",\"description\":\"\u017dymaus pranc\u016bz\u0173 ra\u0161ytojo Nobelio premijos laureato\u00a0Romeno Rolano\u00a0(1866-1944) romanas\u00a0\u201eU\u017eburtoji siela\u201c\u00a0\u2013 tai aistringos, bet vieni\u0161os moters sielos istorija. Tik ji, romano heroj\u0117 Aneta, \u017eino, kok\u012f verdant\u012f aistr\u0173 pasaul\u012f, nematom\u0105 Erot\u0105 ne\u0161iojasi savo viduje. Jos gyvenimas turtingas meil\u0117s ir nusivylim\u0173, d\u017eiaugsm\u0173 ir sielvart\u0173, prie\u0161taravim\u0173 ir suklydim\u0173. Bet vis d\u0117lto labiausiai ji bangina vidin\u0119 laisv\u0119 ir siekia ne \u0161iaip tiesos, bet sielos harmonijos, kuri ir yra auk\u0161\u010diausioji tiesa. Skaitytoj\u0105 \u201eu\u017eburia\u201c ne tik romano heroj\u0117s paslaptingoji siela, bet ir i\u0161mintingi apm\u0105stymai apie \u017emogaus b\u016bt\u012f ir pasaulio raidos kataklizmus.\",\"breadcrumb\":{\"@id\":\"https:\/\/skaitytaknyga.lt\/produktas\/romenas-rolanas-uzburtoji-siela-i-ii-dalys-2\/#breadcrumb\"},\"inLanguage\":\"en-GB\",\"potentialAction\":[{\"@type\":\"ReadAction\",\"target\":[\"https:\/\/skaitytaknyga.lt\/produktas\/romenas-rolanas-uzburtoji-siela-i-ii-dalys-2\/\"]}]},{\"@type\":\"ImageObject\",\"inLanguage\":\"en-GB\",\"@id\":\"https:\/\/skaitytaknyga.lt\/produktas\/romenas-rolanas-uzburtoji-siela-i-ii-dalys-2\/#primaryimage\",\"url\":\"https:\/\/skaitytaknyga.lt\/wp-content\/uploads\/2024\/05\/135810-dsc-3855-e1625565804455.jpg\",\"contentUrl\":\"https:\/\/skaitytaknyga.lt\/wp-content\/uploads\/2024\/05\/135810-dsc-3855-e1625565804455.jpg\",\"width\":526,\"height\":420},{\"@type\":\"BreadcrumbList\",\"@id\":\"https:\/\/skaitytaknyga.lt\/produktas\/romenas-rolanas-uzburtoji-siela-i-ii-dalys-2\/#breadcrumb\",\"itemListElement\":[{\"@type\":\"ListItem\",\"position\":1,\"name\":\"Home\",\"item\":\"https:\/\/skaitytaknyga.lt\/\"},{\"@type\":\"ListItem\",\"position\":2,\"name\":\"Parduotuv\u0117\",\"item\":\"https:\/\/skaitytaknyga.lt\/knygu-parduotuve\/\"},{\"@type\":\"ListItem\",\"position\":3,\"name\":\"U\u017eburtoji siela I-II dalys\"}]},{\"@type\":\"WebSite\",\"@id\":\"https:\/\/skaitytaknyga.lt\/#website\",\"url\":\"https:\/\/skaitytaknyga.lt\/\",\"name\":\"skaitytaknyga.lt\",\"description\":\"Skaitytaknyga.lt \u2013 tai ma\u017eas \u0161eimos verslas, kuris prasid\u0117jo nuo meil\u0117s knygoms ir siekio i\u0161gelb\u0117ti knygas nuo likimo prie konteinerio. Kas vienam nereikalingas daiktas \u2013 kitam lobis, o mes esame tarpininkai, kurie padeda abiems tapti laimingesniems ???? \u017dinome kaip nelengva i\u0161gyventi ma\u017eiems verslams, tad nuo \u0161iol, \u010dia rasite ir kit\u0173, ma\u017e\u0173 \u0161eim\u0173 versl\u0173, rank\u0173 darbo, dovan\u0173 sau ir artimiesiems.\",\"publisher\":{\"@id\":\"https:\/\/skaitytaknyga.lt\/#organization\"},\"potentialAction\":[{\"@type\":\"SearchAction\",\"target\":{\"@type\":\"EntryPoint\",\"urlTemplate\":\"https:\/\/skaitytaknyga.lt\/?s={search_term_string}\"},\"query-input\":{\"@type\":\"PropertyValueSpecification\",\"valueRequired\":true,\"valueName\":\"search_term_string\"}}],\"inLanguage\":\"en-GB\"},{\"@type\":\"Organization\",\"@id\":\"https:\/\/skaitytaknyga.lt\/#organization\",\"name\":\"skaitytaknyga.lt\",\"url\":\"https:\/\/skaitytaknyga.lt\/\",\"logo\":{\"@type\":\"ImageObject\",\"inLanguage\":\"en-GB\",\"@id\":\"https:\/\/skaitytaknyga.lt\/#\/schema\/logo\/image\/\",\"url\":\"https:\/\/skaitytaknyga.lt\/wp-content\/uploads\/2024\/05\/cropped-cropped-cropped-02_00843_jt3bggkj1j3HLc7SyY6rEUpg.jpeg\",\"contentUrl\":\"https:\/\/skaitytaknyga.lt\/wp-content\/uploads\/2024\/05\/cropped-cropped-cropped-02_00843_jt3bggkj1j3HLc7SyY6rEUpg.jpeg\",\"width\":1600,\"height\":1600,\"caption\":\"skaitytaknyga.lt\"},\"image\":{\"@id\":\"https:\/\/skaitytaknyga.lt\/#\/schema\/logo\/image\/\"},\"sameAs\":[\"https:\/\/www.facebook.com\/skaitytaknyga\/\"]}]}<\/script>\n<!-- \/ Yoast SEO plugin. -->","yoast_head_json":{"title":"U\u017eburtoji siela I-II dalys","description":"\u017dymaus pranc\u016bz\u0173 ra\u0161ytojo Nobelio premijos laureato\u00a0Romeno Rolano\u00a0(1866-1944) romanas\u00a0\u201eU\u017eburtoji siela\u201c\u00a0\u2013 tai aistringos, bet vieni\u0161os moters sielos istorija. Tik ji, romano heroj\u0117 Aneta, \u017eino, kok\u012f verdant\u012f aistr\u0173 pasaul\u012f, nematom\u0105 Erot\u0105 ne\u0161iojasi savo viduje. Jos gyvenimas turtingas meil\u0117s ir nusivylim\u0173, d\u017eiaugsm\u0173 ir sielvart\u0173, prie\u0161taravim\u0173 ir suklydim\u0173. Bet vis d\u0117lto labiausiai ji bangina vidin\u0119 laisv\u0119 ir siekia ne \u0161iaip tiesos, bet sielos harmonijos, kuri ir yra auk\u0161\u010diausioji tiesa. Skaitytoj\u0105 \u201eu\u017eburia\u201c ne tik romano heroj\u0117s paslaptingoji siela, bet ir i\u0161mintingi apm\u0105stymai apie \u017emogaus b\u016bt\u012f ir pasaulio raidos kataklizmus.","robots":{"index":"index","follow":"follow","max-snippet":"max-snippet:-1","max-image-preview":"max-image-preview:large","max-video-preview":"max-video-preview:-1"},"canonical":"https:\/\/skaitytaknyga.lt\/en\/produktas\/romenas-rolanas-uzburtoji-siela-i-ii-dalys-2\/","og_locale":"en_GB","og_type":"article","og_title":"[:lt]U\u017eburtoji siela I-II dalys[:] - Skaitytaknyga","og_description":"\u017dymaus pranc\u016bz\u0173 ra\u0161ytojo Nobelio premijos laureato\u00a0Romeno Rolano\u00a0(1866-1944) romanas\u00a0\u201eU\u017eburtoji siela\u201c\u00a0\u2013 tai aistringos, bet vieni\u0161os moters sielos istorija. Tik ji, romano heroj\u0117 Aneta, \u017eino, kok\u012f verdant\u012f aistr\u0173 pasaul\u012f, nematom\u0105 Erot\u0105 ne\u0161iojasi savo viduje. Jos gyvenimas turtingas meil\u0117s ir nusivylim\u0173, d\u017eiaugsm\u0173 ir sielvart\u0173, prie\u0161taravim\u0173 ir suklydim\u0173. Bet vis d\u0117lto labiausiai ji bangina vidin\u0119 laisv\u0119 ir siekia ne \u0161iaip tiesos, bet sielos harmonijos, kuri ir yra auk\u0161\u010diausioji tiesa. Skaitytoj\u0105 \u201eu\u017eburia\u201c ne tik romano heroj\u0117s paslaptingoji siela, bet ir i\u0161mintingi apm\u0105stymai apie \u017emogaus b\u016bt\u012f ir pasaulio raidos kataklizmus.","og_url":"https:\/\/skaitytaknyga.lt\/en\/produktas\/romenas-rolanas-uzburtoji-siela-i-ii-dalys-2\/","og_site_name":"Skaitytaknyga","article_publisher":"https:\/\/www.facebook.com\/skaitytaknyga\/","article_modified_time":"2025-07-12T09:27:16+00:00","og_image":[{"width":526,"height":420,"url":"https:\/\/skaitytaknyga.lt\/wp-content\/uploads\/2024\/05\/135810-dsc-3855-e1625565804455.jpg","type":"image\/jpeg"}],"twitter_card":"summary_large_image","twitter_misc":{"Estimated reading time":"1 minute"},"schema":{"@context":"https:\/\/schema.org","@graph":[{"@type":"WebPage","@id":"https:\/\/skaitytaknyga.lt\/produktas\/romenas-rolanas-uzburtoji-siela-i-ii-dalys-2\/","url":"https:\/\/skaitytaknyga.lt\/produktas\/romenas-rolanas-uzburtoji-siela-i-ii-dalys-2\/","name":"U\u017eburtoji siela I-II dalys","isPartOf":{"@id":"https:\/\/skaitytaknyga.lt\/#website"},"primaryImageOfPage":{"@id":"https:\/\/skaitytaknyga.lt\/produktas\/romenas-rolanas-uzburtoji-siela-i-ii-dalys-2\/#primaryimage"},"image":{"@id":"https:\/\/skaitytaknyga.lt\/produktas\/romenas-rolanas-uzburtoji-siela-i-ii-dalys-2\/#primaryimage"},"thumbnailUrl":"https:\/\/skaitytaknyga.lt\/wp-content\/uploads\/2024\/05\/135810-dsc-3855-e1625565804455.jpg","datePublished":"2024-05-04T14:58:05+00:00","dateModified":"2025-07-12T09:27:16+00:00","description":"\u017dymaus pranc\u016bz\u0173 ra\u0161ytojo Nobelio premijos laureato\u00a0Romeno Rolano\u00a0(1866-1944) romanas\u00a0\u201eU\u017eburtoji siela\u201c\u00a0\u2013 tai aistringos, bet vieni\u0161os moters sielos istorija. Tik ji, romano heroj\u0117 Aneta, \u017eino, kok\u012f verdant\u012f aistr\u0173 pasaul\u012f, nematom\u0105 Erot\u0105 ne\u0161iojasi savo viduje. Jos gyvenimas turtingas meil\u0117s ir nusivylim\u0173, d\u017eiaugsm\u0173 ir sielvart\u0173, prie\u0161taravim\u0173 ir suklydim\u0173. Bet vis d\u0117lto labiausiai ji bangina vidin\u0119 laisv\u0119 ir siekia ne \u0161iaip tiesos, bet sielos harmonijos, kuri ir yra auk\u0161\u010diausioji tiesa. Skaitytoj\u0105 \u201eu\u017eburia\u201c ne tik romano heroj\u0117s paslaptingoji siela, bet ir i\u0161mintingi apm\u0105stymai apie \u017emogaus b\u016bt\u012f ir pasaulio raidos kataklizmus.","breadcrumb":{"@id":"https:\/\/skaitytaknyga.lt\/produktas\/romenas-rolanas-uzburtoji-siela-i-ii-dalys-2\/#breadcrumb"},"inLanguage":"en-GB","potentialAction":[{"@type":"ReadAction","target":["https:\/\/skaitytaknyga.lt\/produktas\/romenas-rolanas-uzburtoji-siela-i-ii-dalys-2\/"]}]},{"@type":"ImageObject","inLanguage":"en-GB","@id":"https:\/\/skaitytaknyga.lt\/produktas\/romenas-rolanas-uzburtoji-siela-i-ii-dalys-2\/#primaryimage","url":"https:\/\/skaitytaknyga.lt\/wp-content\/uploads\/2024\/05\/135810-dsc-3855-e1625565804455.jpg","contentUrl":"https:\/\/skaitytaknyga.lt\/wp-content\/uploads\/2024\/05\/135810-dsc-3855-e1625565804455.jpg","width":526,"height":420},{"@type":"BreadcrumbList","@id":"https:\/\/skaitytaknyga.lt\/produktas\/romenas-rolanas-uzburtoji-siela-i-ii-dalys-2\/#breadcrumb","itemListElement":[{"@type":"ListItem","position":1,"name":"Home","item":"https:\/\/skaitytaknyga.lt\/"},{"@type":"ListItem","position":2,"name":"Parduotuv\u0117","item":"https:\/\/skaitytaknyga.lt\/knygu-parduotuve\/"},{"@type":"ListItem","position":3,"name":"U\u017eburtoji siela I-II dalys"}]},{"@type":"WebSite","@id":"https:\/\/skaitytaknyga.lt\/#website","url":"https:\/\/skaitytaknyga.lt\/","name":"skaitytaknyga.lt","description":"Skaitytaknyga.lt \u2013 tai ma\u017eas \u0161eimos verslas, kuris prasid\u0117jo nuo meil\u0117s knygoms ir siekio i\u0161gelb\u0117ti knygas nuo likimo prie konteinerio. Kas vienam nereikalingas daiktas \u2013 kitam lobis, o mes esame tarpininkai, kurie padeda abiems tapti laimingesniems ???? \u017dinome kaip nelengva i\u0161gyventi ma\u017eiems verslams, tad nuo \u0161iol, \u010dia rasite ir kit\u0173, ma\u017e\u0173 \u0161eim\u0173 versl\u0173, rank\u0173 darbo, dovan\u0173 sau ir artimiesiems.","publisher":{"@id":"https:\/\/skaitytaknyga.lt\/#organization"},"potentialAction":[{"@type":"SearchAction","target":{"@type":"EntryPoint","urlTemplate":"https:\/\/skaitytaknyga.lt\/?s={search_term_string}"},"query-input":{"@type":"PropertyValueSpecification","valueRequired":true,"valueName":"search_term_string"}}],"inLanguage":"en-GB"},{"@type":"Organization","@id":"https:\/\/skaitytaknyga.lt\/#organization","name":"skaitytaknyga.lt","url":"https:\/\/skaitytaknyga.lt\/","logo":{"@type":"ImageObject","inLanguage":"en-GB","@id":"https:\/\/skaitytaknyga.lt\/#\/schema\/logo\/image\/","url":"https:\/\/skaitytaknyga.lt\/wp-content\/uploads\/2024\/05\/cropped-cropped-cropped-02_00843_jt3bggkj1j3HLc7SyY6rEUpg.jpeg","contentUrl":"https:\/\/skaitytaknyga.lt\/wp-content\/uploads\/2024\/05\/cropped-cropped-cropped-02_00843_jt3bggkj1j3HLc7SyY6rEUpg.jpeg","width":1600,"height":1600,"caption":"skaitytaknyga.lt"},"image":{"@id":"https:\/\/skaitytaknyga.lt\/#\/schema\/logo\/image\/"},"sameAs":["https:\/\/www.facebook.com\/skaitytaknyga\/"]}]}},"_links":{"self":[{"href":"https:\/\/skaitytaknyga.lt\/en\/wp-json\/wp\/v2\/product\/9156","targetHints":{"allow":["GET"]}}],"collection":[{"href":"https:\/\/skaitytaknyga.lt\/en\/wp-json\/wp\/v2\/product"}],"about":[{"href":"https:\/\/skaitytaknyga.lt\/en\/wp-json\/wp\/v2\/types\/product"}],"replies":[{"embeddable":true,"href":"https:\/\/skaitytaknyga.lt\/en\/wp-json\/wp\/v2\/comments?post=9156"}],"wp:featuredmedia":[{"embeddable":true,"href":"https:\/\/skaitytaknyga.lt\/en\/wp-json\/wp\/v2\/media\/6264"}],"wp:attachment":[{"href":"https:\/\/skaitytaknyga.lt\/en\/wp-json\/wp\/v2\/media?parent=9156"}],"wp:term":[{"taxonomy":"product_brand","embeddable":true,"href":"https:\/\/skaitytaknyga.lt\/en\/wp-json\/wp\/v2\/product_brand?post=9156"},{"taxonomy":"product_cat","embeddable":true,"href":"https:\/\/skaitytaknyga.lt\/en\/wp-json\/wp\/v2\/product_cat?post=9156"},{"taxonomy":"product_tag","embeddable":true,"href":"https:\/\/skaitytaknyga.lt\/en\/wp-json\/wp\/v2\/product_tag?post=9156"}],"curies":[{"name":"wp","href":"https:\/\/api.w.org\/{rel}","templated":true}]}}