{"id":9155,"date":"2024-05-04T14:58:05","date_gmt":"2024-05-04T14:58:05","guid":{"rendered":"https:\/\/skaitytaknyga.lt\/?post_type=product&#038;p=9155"},"modified":"2024-05-04T14:58:14","modified_gmt":"2024-05-04T14:58:14","slug":"s-rushde-paskutinis-mauro-atodusis-2","status":"publish","type":"product","link":"https:\/\/skaitytaknyga.lt\/en\/produktas\/s-rushde-paskutinis-mauro-atodusis-2\/","title":{"rendered":"S. Rushde  \u201ePaskutinis Mauro atod\u016bsis\u201c"},"content":{"rendered":"<p>Morae\u0161as Zogoibis, vadinamas \u201eMauru&#8221;, prieskoni\u0173 prekybos ir milijoninio verslo vienintelis vyri\u0161kos gimin\u0117s paveld\u0117tojas, pasakoja savo \u0161eimos istorij\u0105. Keturi\u0173 kart\u0173 gyvenimas suaud\u017eia \u012f vien\u0105 audin\u012f savi\u017eudyb\u0119 ir \u017emog\u017eudyst\u0119, aistr\u0105 ir neapykant\u0105, meil\u0119 ir nei\u0161tikimyb\u0119, religij\u0105 ir men\u0105.<\/p>\n<p>Mauras \u2013 tikras Indijos simbolis \u2013 gim\u0117 per didelis ir sensta per greitai, dvigubai grei\u010diau negu visi \u017emon\u0117s, ken\u010dia nuo astmos ir turi did\u017eiul\u0119 su\u017ealot\u0105 de\u0161in\u0119 rank\u0105. Jo \u0161eima, atsimetusi nuo religijos ir \u0117musis verslo, susiprie\u0161ina ir skyla tarsi \u0161alis. Tyras g\u0117ris neju\u010dia virsta blogiu, meil\u0117 skleid\u017eiasi, kol yra nu\u017eudoma, o negailestinga prievarta pridengiama auk\u0161tinant meno gro\u017e\u012f.<\/p>\n<p><strong>S. Rushdie<\/strong>\u00a0pasakoja modernios Indijos k\u016brimosi istorij\u0105, o jo d\u0117mesio centre \u2013 kult\u016br\u0173 prie\u0161prie\u0161a, religiniai nesutarimai, korupcija ir nusikaltimai. Ra\u0161ytojo sukurti spalvingi persona\u017eai \u2013 tarsi tikri \u017emon\u0117s, priimantys gerus ar blogus sprendimus ir nulemiantys savo bei kit\u0173 gyvenimus.<\/p>\n","protected":false},"excerpt":{"rendered":"<p>Morae\u0161as Zogoibis, vadinamas \u201eMauru&#8221;, prieskoni\u0173 prekybos ir milijoninio verslo vienintelis vyri\u0161kos gimin\u0117s paveld\u0117tojas, pasakoja savo \u0161eimos istorij\u0105. Keturi\u0173 kart\u0173 gyvenimas suaud\u017eia \u012f vien\u0105 audin\u012f savi\u017eudyb\u0119 ir \u017emog\u017eudyst\u0119, aistr\u0105 ir neapykant\u0105, meil\u0119 ir nei\u0161tikimyb\u0119, religij\u0105 ir men\u0105.<\/p>\n<p>Mauras \u2013 tikras Indijos simbolis \u2013 gim\u0117 per didelis ir sensta per greitai, dvigubai grei\u010diau negu visi \u017emon\u0117s, ken\u010dia nuo astmos ir turi did\u017eiul\u0119 su\u017ealot\u0105 de\u0161in\u0119 rank\u0105. Jo \u0161eima, atsimetusi nuo religijos ir \u0117musis verslo, susiprie\u0161ina ir skyla tarsi \u0161alis. Tyras g\u0117ris neju\u010dia virsta blogiu, meil\u0117 skleid\u017eiasi, kol yra nu\u017eudoma, o negailestinga prievarta pridengiama auk\u0161tinant meno gro\u017e\u012f.<\/p>\n<p><strong>S. Rushdie<\/strong>\u00a0pasakoja modernios Indijos k\u016brimosi istorij\u0105, o jo d\u0117mesio centre \u2013 kult\u016br\u0173 prie\u0161prie\u0161a, religiniai nesutarimai, korupcija ir nusikaltimai. Ra\u0161ytojo sukurti spalvingi persona\u017eai \u2013 tarsi tikri \u017emon\u0117s, priimantys gerus ar blogus sprendimus ir nulemiantys savo bei kit\u0173 gyvenimus.<\/p>\n","protected":false},"featured_media":6263,"comment_status":"closed","ping_status":"closed","template":"","meta":{"_acf_changed":false,"site-sidebar-layout":"default","site-content-layout":"","ast-site-content-layout":"default","site-content-style":"default","site-sidebar-style":"default","ast-global-header-display":"","ast-banner-title-visibility":"","ast-main-header-display":"","ast-hfb-above-header-display":"","ast-hfb-below-header-display":"","ast-hfb-mobile-header-display":"","site-post-title":"","ast-breadcrumbs-content":"","ast-featured-img":"","footer-sml-layout":"","ast-disable-related-posts":"","theme-transparent-header-meta":"","adv-header-id-meta":"","stick-header-meta":"","header-above-stick-meta":"","header-main-stick-meta":"","header-below-stick-meta":"","astra-migrate-meta-layouts":"default","ast-page-background-enabled":"default","ast-page-background-meta":{"desktop":{"background-color":"","background-image":"","background-repeat":"repeat","background-position":"center center","background-size":"auto","background-attachment":"scroll","background-type":"","background-media":"","overlay-type":"","overlay-color":"","overlay-opacity":"","overlay-gradient":""},"tablet":{"background-color":"","background-image":"","background-repeat":"repeat","background-position":"center center","background-size":"auto","background-attachment":"scroll","background-type":"","background-media":"","overlay-type":"","overlay-color":"","overlay-opacity":"","overlay-gradient":""},"mobile":{"background-color":"","background-image":"","background-repeat":"repeat","background-position":"center center","background-size":"auto","background-attachment":"scroll","background-type":"","background-media":"","overlay-type":"","overlay-color":"","overlay-opacity":"","overlay-gradient":""}},"ast-content-background-meta":{"desktop":{"background-color":"var(--ast-global-color-4)","background-image":"","background-repeat":"repeat","background-position":"center center","background-size":"auto","background-attachment":"scroll","background-type":"","background-media":"","overlay-type":"","overlay-color":"","overlay-opacity":"","overlay-gradient":""},"tablet":{"background-color":"var(--ast-global-color-4)","background-image":"","background-repeat":"repeat","background-position":"center center","background-size":"auto","background-attachment":"scroll","background-type":"","background-media":"","overlay-type":"","overlay-color":"","overlay-opacity":"","overlay-gradient":""},"mobile":{"background-color":"var(--ast-global-color-4)","background-image":"","background-repeat":"repeat","background-position":"center center","background-size":"auto","background-attachment":"scroll","background-type":"","background-media":"","overlay-type":"","overlay-color":"","overlay-opacity":"","overlay-gradient":""}}},"product_brand":[],"product_cat":[31],"product_tag":[],"class_list":{"0":"post-9155","1":"product","2":"type-product","3":"status-publish","4":"has-post-thumbnail","6":"product_cat-grozine-literatura","7":"desktop-align-left","8":"tablet-align-left","9":"mobile-align-left","11":"first","12":"outofstock","13":"shipping-taxable","14":"purchasable","15":"product-type-simple"},"acf":[],"yoast_head":"<!-- This site is optimized with the Yoast SEO plugin v27.4 - https:\/\/yoast.com\/product\/yoast-seo-wordpress\/ -->\n<title>S. Rushde \u201ePaskutinis Mauro atod\u016bsis\u201c - Skaitytaknyga<\/title>\n<meta name=\"description\" content=\"Morae\u0161as Zogoibis, vadinamas \u201eMauru&quot;, prieskoni\u0173 prekybos ir milijoninio verslo vienintelis vyri\u0161kos gimin\u0117s paveld\u0117tojas, pasakoja savo \u0161eimos istorij\u0105. Keturi\u0173 kart\u0173 gyvenimas suaud\u017eia \u012f vien\u0105 audin\u012f savi\u017eudyb\u0119 ir \u017emog\u017eudyst\u0119, aistr\u0105 ir neapykant\u0105, meil\u0119 ir nei\u0161tikimyb\u0119, religij\u0105 ir men\u0105.  Mauras \u2013 tikras Indijos simbolis \u2013 gim\u0117 per didelis ir sensta per greitai, dvigubai grei\u010diau negu visi \u017emon\u0117s, ken\u010dia nuo astmos ir turi did\u017eiul\u0119 su\u017ealot\u0105 de\u0161in\u0119 rank\u0105. Jo \u0161eima, atsimetusi nuo religijos ir \u0117musis verslo, susiprie\u0161ina ir skyla tarsi \u0161alis. Tyras g\u0117ris neju\u010dia virsta blogiu, meil\u0117 skleid\u017eiasi, kol yra nu\u017eudoma, o negailestinga prievarta pridengiama auk\u0161tinant meno gro\u017e\u012f.  S. Rushdie\u00a0pasakoja modernios Indijos k\u016brimosi istorij\u0105, o jo d\u0117mesio centre \u2013 kult\u016br\u0173 prie\u0161prie\u0161a, religiniai nesutarimai, korupcija ir nusikaltimai. Ra\u0161ytojo sukurti spalvingi persona\u017eai \u2013 tarsi tikri \u017emon\u0117s, priimantys gerus ar blogus sprendimus ir nulemiantys savo bei kit\u0173 gyvenimus.\" \/>\n<meta name=\"robots\" content=\"index, follow, max-snippet:-1, max-image-preview:large, max-video-preview:-1\" \/>\n<link rel=\"canonical\" href=\"https:\/\/skaitytaknyga.lt\/en\/produktas\/s-rushde-paskutinis-mauro-atodusis-2\/\" \/>\n<meta property=\"og:locale\" content=\"en_GB\" \/>\n<meta property=\"og:locale:alternate\" content=\"lt_LT\" \/>\n<meta property=\"og:type\" content=\"article\" \/>\n<meta property=\"og:title\" content=\"S. Rushde \u201ePaskutinis Mauro atod\u016bsis\u201c - Skaitytaknyga\" \/>\n<meta property=\"og:description\" content=\"Morae\u0161as Zogoibis, vadinamas \u201eMauru&quot;, prieskoni\u0173 prekybos ir milijoninio verslo vienintelis vyri\u0161kos gimin\u0117s paveld\u0117tojas, pasakoja savo \u0161eimos istorij\u0105. Keturi\u0173 kart\u0173 gyvenimas suaud\u017eia \u012f vien\u0105 audin\u012f savi\u017eudyb\u0119 ir \u017emog\u017eudyst\u0119, aistr\u0105 ir neapykant\u0105, meil\u0119 ir nei\u0161tikimyb\u0119, religij\u0105 ir men\u0105.  Mauras \u2013 tikras Indijos simbolis \u2013 gim\u0117 per didelis ir sensta per greitai, dvigubai grei\u010diau negu visi \u017emon\u0117s, ken\u010dia nuo astmos ir turi did\u017eiul\u0119 su\u017ealot\u0105 de\u0161in\u0119 rank\u0105. Jo \u0161eima, atsimetusi nuo religijos ir \u0117musis verslo, susiprie\u0161ina ir skyla tarsi \u0161alis. Tyras g\u0117ris neju\u010dia virsta blogiu, meil\u0117 skleid\u017eiasi, kol yra nu\u017eudoma, o negailestinga prievarta pridengiama auk\u0161tinant meno gro\u017e\u012f.  S. Rushdie\u00a0pasakoja modernios Indijos k\u016brimosi istorij\u0105, o jo d\u0117mesio centre \u2013 kult\u016br\u0173 prie\u0161prie\u0161a, religiniai nesutarimai, korupcija ir nusikaltimai. Ra\u0161ytojo sukurti spalvingi persona\u017eai \u2013 tarsi tikri \u017emon\u0117s, priimantys gerus ar blogus sprendimus ir nulemiantys savo bei kit\u0173 gyvenimus.\" \/>\n<meta property=\"og:url\" content=\"https:\/\/skaitytaknyga.lt\/en\/produktas\/s-rushde-paskutinis-mauro-atodusis-2\/\" \/>\n<meta property=\"og:site_name\" content=\"Skaitytaknyga\" \/>\n<meta property=\"article:publisher\" content=\"https:\/\/www.facebook.com\/skaitytaknyga\/\" \/>\n<meta property=\"article:modified_time\" content=\"2024-05-04T14:58:14+00:00\" \/>\n<meta property=\"og:image\" content=\"https:\/\/skaitytaknyga.lt\/wp-content\/uploads\/2024\/05\/3DhGOQupKWOEPTLXet06wF3jcrgs2wh26xAx0DDA.jpg\" \/>\n\t<meta property=\"og:image:width\" content=\"571\" \/>\n\t<meta property=\"og:image:height\" content=\"944\" \/>\n\t<meta property=\"og:image:type\" content=\"image\/jpeg\" \/>\n<meta name=\"twitter:card\" content=\"summary_large_image\" \/>\n<meta name=\"twitter:label1\" content=\"Estimated reading time\" \/>\n\t<meta name=\"twitter:data1\" content=\"1 minute\" \/>\n<script type=\"application\/ld+json\" class=\"yoast-schema-graph\">{\"@context\":\"https:\\\/\\\/schema.org\",\"@graph\":[{\"@type\":\"WebPage\",\"@id\":\"https:\\\/\\\/skaitytaknyga.lt\\\/en\\\/produktas\\\/s-rushde-paskutinis-mauro-atodusis-2\\\/\",\"url\":\"https:\\\/\\\/skaitytaknyga.lt\\\/en\\\/produktas\\\/s-rushde-paskutinis-mauro-atodusis-2\\\/\",\"name\":\"S. Rushde \u201ePaskutinis Mauro atod\u016bsis\u201c - Skaitytaknyga\",\"isPartOf\":{\"@id\":\"https:\\\/\\\/skaitytaknyga.lt\\\/#website\"},\"primaryImageOfPage\":{\"@id\":\"https:\\\/\\\/skaitytaknyga.lt\\\/en\\\/produktas\\\/s-rushde-paskutinis-mauro-atodusis-2\\\/#primaryimage\"},\"image\":{\"@id\":\"https:\\\/\\\/skaitytaknyga.lt\\\/en\\\/produktas\\\/s-rushde-paskutinis-mauro-atodusis-2\\\/#primaryimage\"},\"thumbnailUrl\":\"https:\\\/\\\/skaitytaknyga.lt\\\/wp-content\\\/uploads\\\/2024\\\/05\\\/3DhGOQupKWOEPTLXet06wF3jcrgs2wh26xAx0DDA.jpg\",\"datePublished\":\"2024-05-04T14:58:05+00:00\",\"dateModified\":\"2024-05-04T14:58:14+00:00\",\"description\":\"Morae\u0161as Zogoibis, vadinamas \u201eMauru\\\", prieskoni\u0173 prekybos ir milijoninio verslo vienintelis vyri\u0161kos gimin\u0117s paveld\u0117tojas, pasakoja savo \u0161eimos istorij\u0105. Keturi\u0173 kart\u0173 gyvenimas suaud\u017eia \u012f vien\u0105 audin\u012f savi\u017eudyb\u0119 ir \u017emog\u017eudyst\u0119, aistr\u0105 ir neapykant\u0105, meil\u0119 ir nei\u0161tikimyb\u0119, religij\u0105 ir men\u0105. Mauras \u2013 tikras Indijos simbolis \u2013 gim\u0117 per didelis ir sensta per greitai, dvigubai grei\u010diau negu visi \u017emon\u0117s, ken\u010dia nuo astmos ir turi did\u017eiul\u0119 su\u017ealot\u0105 de\u0161in\u0119 rank\u0105. Jo \u0161eima, atsimetusi nuo religijos ir \u0117musis verslo, susiprie\u0161ina ir skyla tarsi \u0161alis. Tyras g\u0117ris neju\u010dia virsta blogiu, meil\u0117 skleid\u017eiasi, kol yra nu\u017eudoma, o negailestinga prievarta pridengiama auk\u0161tinant meno gro\u017e\u012f. S. Rushdie\u00a0pasakoja modernios Indijos k\u016brimosi istorij\u0105, o jo d\u0117mesio centre \u2013 kult\u016br\u0173 prie\u0161prie\u0161a, religiniai nesutarimai, korupcija ir nusikaltimai. Ra\u0161ytojo sukurti spalvingi persona\u017eai \u2013 tarsi tikri \u017emon\u0117s, priimantys gerus ar blogus sprendimus ir nulemiantys savo bei kit\u0173 gyvenimus.\",\"breadcrumb\":{\"@id\":\"https:\\\/\\\/skaitytaknyga.lt\\\/en\\\/produktas\\\/s-rushde-paskutinis-mauro-atodusis-2\\\/#breadcrumb\"},\"inLanguage\":\"en-GB\",\"potentialAction\":[{\"@type\":\"ReadAction\",\"target\":[\"https:\\\/\\\/skaitytaknyga.lt\\\/en\\\/produktas\\\/s-rushde-paskutinis-mauro-atodusis-2\\\/\"]}]},{\"@type\":\"ImageObject\",\"inLanguage\":\"en-GB\",\"@id\":\"https:\\\/\\\/skaitytaknyga.lt\\\/en\\\/produktas\\\/s-rushde-paskutinis-mauro-atodusis-2\\\/#primaryimage\",\"url\":\"https:\\\/\\\/skaitytaknyga.lt\\\/wp-content\\\/uploads\\\/2024\\\/05\\\/3DhGOQupKWOEPTLXet06wF3jcrgs2wh26xAx0DDA.jpg\",\"contentUrl\":\"https:\\\/\\\/skaitytaknyga.lt\\\/wp-content\\\/uploads\\\/2024\\\/05\\\/3DhGOQupKWOEPTLXet06wF3jcrgs2wh26xAx0DDA.jpg\",\"width\":571,\"height\":944},{\"@type\":\"BreadcrumbList\",\"@id\":\"https:\\\/\\\/skaitytaknyga.lt\\\/en\\\/produktas\\\/s-rushde-paskutinis-mauro-atodusis-2\\\/#breadcrumb\",\"itemListElement\":[{\"@type\":\"ListItem\",\"position\":1,\"name\":\"Home\",\"item\":\"https:\\\/\\\/skaitytaknyga.lt\\\/\"},{\"@type\":\"ListItem\",\"position\":2,\"name\":\"Parduotuv\u0117\",\"item\":\"https:\\\/\\\/skaitytaknyga.lt\\\/knygu-parduotuve\\\/\"},{\"@type\":\"ListItem\",\"position\":3,\"name\":\"S. Rushde \u201ePaskutinis Mauro atod\u016bsis\u201c\"}]},{\"@type\":\"WebSite\",\"@id\":\"https:\\\/\\\/skaitytaknyga.lt\\\/#website\",\"url\":\"https:\\\/\\\/skaitytaknyga.lt\\\/\",\"name\":\"skaitytaknyga.lt\",\"description\":\"Skaitytaknyga.lt \u2013 tai ma\u017eas \u0161eimos verslas, kuris prasid\u0117jo nuo meil\u0117s knygoms ir siekio i\u0161gelb\u0117ti knygas nuo likimo prie konteinerio. Kas vienam nereikalingas daiktas \u2013 kitam lobis, o mes esame tarpininkai, kurie padeda abiems tapti laimingesniems ???? \u017dinome kaip nelengva i\u0161gyventi ma\u017eiems verslams, tad nuo \u0161iol, \u010dia rasite ir kit\u0173, ma\u017e\u0173 \u0161eim\u0173 versl\u0173, rank\u0173 darbo, dovan\u0173 sau ir artimiesiems.\",\"publisher\":{\"@id\":\"https:\\\/\\\/skaitytaknyga.lt\\\/#organization\"},\"potentialAction\":[{\"@type\":\"SearchAction\",\"target\":{\"@type\":\"EntryPoint\",\"urlTemplate\":\"https:\\\/\\\/skaitytaknyga.lt\\\/?s={search_term_string}\"},\"query-input\":{\"@type\":\"PropertyValueSpecification\",\"valueRequired\":true,\"valueName\":\"search_term_string\"}}],\"inLanguage\":\"en-GB\"},{\"@type\":\"Organization\",\"@id\":\"https:\\\/\\\/skaitytaknyga.lt\\\/#organization\",\"name\":\"skaitytaknyga.lt\",\"url\":\"https:\\\/\\\/skaitytaknyga.lt\\\/\",\"logo\":{\"@type\":\"ImageObject\",\"inLanguage\":\"en-GB\",\"@id\":\"https:\\\/\\\/skaitytaknyga.lt\\\/#\\\/schema\\\/logo\\\/image\\\/\",\"url\":\"https:\\\/\\\/skaitytaknyga.lt\\\/wp-content\\\/uploads\\\/2024\\\/05\\\/cropped-cropped-cropped-02_00843_jt3bggkj1j3HLc7SyY6rEUpg.jpeg\",\"contentUrl\":\"https:\\\/\\\/skaitytaknyga.lt\\\/wp-content\\\/uploads\\\/2024\\\/05\\\/cropped-cropped-cropped-02_00843_jt3bggkj1j3HLc7SyY6rEUpg.jpeg\",\"width\":1600,\"height\":1600,\"caption\":\"skaitytaknyga.lt\"},\"image\":{\"@id\":\"https:\\\/\\\/skaitytaknyga.lt\\\/#\\\/schema\\\/logo\\\/image\\\/\"},\"sameAs\":[\"https:\\\/\\\/www.facebook.com\\\/skaitytaknyga\\\/\"]}]}<\/script>\n<!-- \/ Yoast SEO plugin. -->","yoast_head_json":{"title":"S. Rushde \u201ePaskutinis Mauro atod\u016bsis\u201c - Skaitytaknyga","description":"Morae\u0161as Zogoibis, vadinamas \u201eMauru\", prieskoni\u0173 prekybos ir milijoninio verslo vienintelis vyri\u0161kos gimin\u0117s paveld\u0117tojas, pasakoja savo \u0161eimos istorij\u0105. Keturi\u0173 kart\u0173 gyvenimas suaud\u017eia \u012f vien\u0105 audin\u012f savi\u017eudyb\u0119 ir \u017emog\u017eudyst\u0119, aistr\u0105 ir neapykant\u0105, meil\u0119 ir nei\u0161tikimyb\u0119, religij\u0105 ir men\u0105.  Mauras \u2013 tikras Indijos simbolis \u2013 gim\u0117 per didelis ir sensta per greitai, dvigubai grei\u010diau negu visi \u017emon\u0117s, ken\u010dia nuo astmos ir turi did\u017eiul\u0119 su\u017ealot\u0105 de\u0161in\u0119 rank\u0105. Jo \u0161eima, atsimetusi nuo religijos ir \u0117musis verslo, susiprie\u0161ina ir skyla tarsi \u0161alis. Tyras g\u0117ris neju\u010dia virsta blogiu, meil\u0117 skleid\u017eiasi, kol yra nu\u017eudoma, o negailestinga prievarta pridengiama auk\u0161tinant meno gro\u017e\u012f.  S. Rushdie\u00a0pasakoja modernios Indijos k\u016brimosi istorij\u0105, o jo d\u0117mesio centre \u2013 kult\u016br\u0173 prie\u0161prie\u0161a, religiniai nesutarimai, korupcija ir nusikaltimai. Ra\u0161ytojo sukurti spalvingi persona\u017eai \u2013 tarsi tikri \u017emon\u0117s, priimantys gerus ar blogus sprendimus ir nulemiantys savo bei kit\u0173 gyvenimus.","robots":{"index":"index","follow":"follow","max-snippet":"max-snippet:-1","max-image-preview":"max-image-preview:large","max-video-preview":"max-video-preview:-1"},"canonical":"https:\/\/skaitytaknyga.lt\/en\/produktas\/s-rushde-paskutinis-mauro-atodusis-2\/","og_locale":"en_GB","og_type":"article","og_title":"S. Rushde \u201ePaskutinis Mauro atod\u016bsis\u201c - Skaitytaknyga","og_description":"Morae\u0161as Zogoibis, vadinamas \u201eMauru\", prieskoni\u0173 prekybos ir milijoninio verslo vienintelis vyri\u0161kos gimin\u0117s paveld\u0117tojas, pasakoja savo \u0161eimos istorij\u0105. Keturi\u0173 kart\u0173 gyvenimas suaud\u017eia \u012f vien\u0105 audin\u012f savi\u017eudyb\u0119 ir \u017emog\u017eudyst\u0119, aistr\u0105 ir neapykant\u0105, meil\u0119 ir nei\u0161tikimyb\u0119, religij\u0105 ir men\u0105.  Mauras \u2013 tikras Indijos simbolis \u2013 gim\u0117 per didelis ir sensta per greitai, dvigubai grei\u010diau negu visi \u017emon\u0117s, ken\u010dia nuo astmos ir turi did\u017eiul\u0119 su\u017ealot\u0105 de\u0161in\u0119 rank\u0105. Jo \u0161eima, atsimetusi nuo religijos ir \u0117musis verslo, susiprie\u0161ina ir skyla tarsi \u0161alis. Tyras g\u0117ris neju\u010dia virsta blogiu, meil\u0117 skleid\u017eiasi, kol yra nu\u017eudoma, o negailestinga prievarta pridengiama auk\u0161tinant meno gro\u017e\u012f.  S. Rushdie\u00a0pasakoja modernios Indijos k\u016brimosi istorij\u0105, o jo d\u0117mesio centre \u2013 kult\u016br\u0173 prie\u0161prie\u0161a, religiniai nesutarimai, korupcija ir nusikaltimai. Ra\u0161ytojo sukurti spalvingi persona\u017eai \u2013 tarsi tikri \u017emon\u0117s, priimantys gerus ar blogus sprendimus ir nulemiantys savo bei kit\u0173 gyvenimus.","og_url":"https:\/\/skaitytaknyga.lt\/en\/produktas\/s-rushde-paskutinis-mauro-atodusis-2\/","og_site_name":"Skaitytaknyga","article_publisher":"https:\/\/www.facebook.com\/skaitytaknyga\/","article_modified_time":"2024-05-04T14:58:14+00:00","og_image":[{"width":571,"height":944,"url":"https:\/\/skaitytaknyga.lt\/wp-content\/uploads\/2024\/05\/3DhGOQupKWOEPTLXet06wF3jcrgs2wh26xAx0DDA.jpg","type":"image\/jpeg"}],"twitter_card":"summary_large_image","twitter_misc":{"Estimated reading time":"1 minute"},"schema":{"@context":"https:\/\/schema.org","@graph":[{"@type":"WebPage","@id":"https:\/\/skaitytaknyga.lt\/en\/produktas\/s-rushde-paskutinis-mauro-atodusis-2\/","url":"https:\/\/skaitytaknyga.lt\/en\/produktas\/s-rushde-paskutinis-mauro-atodusis-2\/","name":"S. Rushde \u201ePaskutinis Mauro atod\u016bsis\u201c - Skaitytaknyga","isPartOf":{"@id":"https:\/\/skaitytaknyga.lt\/#website"},"primaryImageOfPage":{"@id":"https:\/\/skaitytaknyga.lt\/en\/produktas\/s-rushde-paskutinis-mauro-atodusis-2\/#primaryimage"},"image":{"@id":"https:\/\/skaitytaknyga.lt\/en\/produktas\/s-rushde-paskutinis-mauro-atodusis-2\/#primaryimage"},"thumbnailUrl":"https:\/\/skaitytaknyga.lt\/wp-content\/uploads\/2024\/05\/3DhGOQupKWOEPTLXet06wF3jcrgs2wh26xAx0DDA.jpg","datePublished":"2024-05-04T14:58:05+00:00","dateModified":"2024-05-04T14:58:14+00:00","description":"Morae\u0161as Zogoibis, vadinamas \u201eMauru\", prieskoni\u0173 prekybos ir milijoninio verslo vienintelis vyri\u0161kos gimin\u0117s paveld\u0117tojas, pasakoja savo \u0161eimos istorij\u0105. Keturi\u0173 kart\u0173 gyvenimas suaud\u017eia \u012f vien\u0105 audin\u012f savi\u017eudyb\u0119 ir \u017emog\u017eudyst\u0119, aistr\u0105 ir neapykant\u0105, meil\u0119 ir nei\u0161tikimyb\u0119, religij\u0105 ir men\u0105. Mauras \u2013 tikras Indijos simbolis \u2013 gim\u0117 per didelis ir sensta per greitai, dvigubai grei\u010diau negu visi \u017emon\u0117s, ken\u010dia nuo astmos ir turi did\u017eiul\u0119 su\u017ealot\u0105 de\u0161in\u0119 rank\u0105. Jo \u0161eima, atsimetusi nuo religijos ir \u0117musis verslo, susiprie\u0161ina ir skyla tarsi \u0161alis. Tyras g\u0117ris neju\u010dia virsta blogiu, meil\u0117 skleid\u017eiasi, kol yra nu\u017eudoma, o negailestinga prievarta pridengiama auk\u0161tinant meno gro\u017e\u012f. S. Rushdie\u00a0pasakoja modernios Indijos k\u016brimosi istorij\u0105, o jo d\u0117mesio centre \u2013 kult\u016br\u0173 prie\u0161prie\u0161a, religiniai nesutarimai, korupcija ir nusikaltimai. Ra\u0161ytojo sukurti spalvingi persona\u017eai \u2013 tarsi tikri \u017emon\u0117s, priimantys gerus ar blogus sprendimus ir nulemiantys savo bei kit\u0173 gyvenimus.","breadcrumb":{"@id":"https:\/\/skaitytaknyga.lt\/en\/produktas\/s-rushde-paskutinis-mauro-atodusis-2\/#breadcrumb"},"inLanguage":"en-GB","potentialAction":[{"@type":"ReadAction","target":["https:\/\/skaitytaknyga.lt\/en\/produktas\/s-rushde-paskutinis-mauro-atodusis-2\/"]}]},{"@type":"ImageObject","inLanguage":"en-GB","@id":"https:\/\/skaitytaknyga.lt\/en\/produktas\/s-rushde-paskutinis-mauro-atodusis-2\/#primaryimage","url":"https:\/\/skaitytaknyga.lt\/wp-content\/uploads\/2024\/05\/3DhGOQupKWOEPTLXet06wF3jcrgs2wh26xAx0DDA.jpg","contentUrl":"https:\/\/skaitytaknyga.lt\/wp-content\/uploads\/2024\/05\/3DhGOQupKWOEPTLXet06wF3jcrgs2wh26xAx0DDA.jpg","width":571,"height":944},{"@type":"BreadcrumbList","@id":"https:\/\/skaitytaknyga.lt\/en\/produktas\/s-rushde-paskutinis-mauro-atodusis-2\/#breadcrumb","itemListElement":[{"@type":"ListItem","position":1,"name":"Home","item":"https:\/\/skaitytaknyga.lt\/"},{"@type":"ListItem","position":2,"name":"Parduotuv\u0117","item":"https:\/\/skaitytaknyga.lt\/knygu-parduotuve\/"},{"@type":"ListItem","position":3,"name":"S. Rushde \u201ePaskutinis Mauro atod\u016bsis\u201c"}]},{"@type":"WebSite","@id":"https:\/\/skaitytaknyga.lt\/#website","url":"https:\/\/skaitytaknyga.lt\/","name":"skaitytaknyga.lt","description":"Skaitytaknyga.lt \u2013 tai ma\u017eas \u0161eimos verslas, kuris prasid\u0117jo nuo meil\u0117s knygoms ir siekio i\u0161gelb\u0117ti knygas nuo likimo prie konteinerio. Kas vienam nereikalingas daiktas \u2013 kitam lobis, o mes esame tarpininkai, kurie padeda abiems tapti laimingesniems ???? \u017dinome kaip nelengva i\u0161gyventi ma\u017eiems verslams, tad nuo \u0161iol, \u010dia rasite ir kit\u0173, ma\u017e\u0173 \u0161eim\u0173 versl\u0173, rank\u0173 darbo, dovan\u0173 sau ir artimiesiems.","publisher":{"@id":"https:\/\/skaitytaknyga.lt\/#organization"},"potentialAction":[{"@type":"SearchAction","target":{"@type":"EntryPoint","urlTemplate":"https:\/\/skaitytaknyga.lt\/?s={search_term_string}"},"query-input":{"@type":"PropertyValueSpecification","valueRequired":true,"valueName":"search_term_string"}}],"inLanguage":"en-GB"},{"@type":"Organization","@id":"https:\/\/skaitytaknyga.lt\/#organization","name":"skaitytaknyga.lt","url":"https:\/\/skaitytaknyga.lt\/","logo":{"@type":"ImageObject","inLanguage":"en-GB","@id":"https:\/\/skaitytaknyga.lt\/#\/schema\/logo\/image\/","url":"https:\/\/skaitytaknyga.lt\/wp-content\/uploads\/2024\/05\/cropped-cropped-cropped-02_00843_jt3bggkj1j3HLc7SyY6rEUpg.jpeg","contentUrl":"https:\/\/skaitytaknyga.lt\/wp-content\/uploads\/2024\/05\/cropped-cropped-cropped-02_00843_jt3bggkj1j3HLc7SyY6rEUpg.jpeg","width":1600,"height":1600,"caption":"skaitytaknyga.lt"},"image":{"@id":"https:\/\/skaitytaknyga.lt\/#\/schema\/logo\/image\/"},"sameAs":["https:\/\/www.facebook.com\/skaitytaknyga\/"]}]}},"_links":{"self":[{"href":"https:\/\/skaitytaknyga.lt\/en\/wp-json\/wp\/v2\/product\/9155","targetHints":{"allow":["GET"]}}],"collection":[{"href":"https:\/\/skaitytaknyga.lt\/en\/wp-json\/wp\/v2\/product"}],"about":[{"href":"https:\/\/skaitytaknyga.lt\/en\/wp-json\/wp\/v2\/types\/product"}],"replies":[{"embeddable":true,"href":"https:\/\/skaitytaknyga.lt\/en\/wp-json\/wp\/v2\/comments?post=9155"}],"wp:featuredmedia":[{"embeddable":true,"href":"https:\/\/skaitytaknyga.lt\/en\/wp-json\/wp\/v2\/media\/6263"}],"wp:attachment":[{"href":"https:\/\/skaitytaknyga.lt\/en\/wp-json\/wp\/v2\/media?parent=9155"}],"wp:term":[{"taxonomy":"product_brand","embeddable":true,"href":"https:\/\/skaitytaknyga.lt\/en\/wp-json\/wp\/v2\/product_brand?post=9155"},{"taxonomy":"product_cat","embeddable":true,"href":"https:\/\/skaitytaknyga.lt\/en\/wp-json\/wp\/v2\/product_cat?post=9155"},{"taxonomy":"product_tag","embeddable":true,"href":"https:\/\/skaitytaknyga.lt\/en\/wp-json\/wp\/v2\/product_tag?post=9155"}],"curies":[{"name":"wp","href":"https:\/\/api.w.org\/{rel}","templated":true}]}}