{"id":9147,"date":"2024-05-04T14:57:43","date_gmt":"2024-05-04T14:57:43","guid":{"rendered":"https:\/\/skaitytaknyga.lt\/?post_type=product&#038;p=9147"},"modified":"2025-05-02T19:17:00","modified_gmt":"2025-05-02T16:17:00","slug":"john-irving-cirko-sunus-2","status":"publish","type":"product","link":"https:\/\/skaitytaknyga.lt\/en\/produktas\/john-irving-cirko-sunus-2\/","title":{"rendered":"Cirko s\u016bnus"},"content":{"rendered":"<p>\u0160ioje knygoje ra\u0161ytojas sutelkia d\u0117mes\u012f \u012f \u017emones, kuriems sunku prisitaikyti \u0161iame pasaulyje: imigrantus, visuomen\u0117s atstumtuosius, paniekintuosius d\u0117l fizin\u0117s negalios, susipainiojusius d\u0117l savo seksualin\u0117s orientacijos. Persona\u017e\u0173 sutiksime \u012fvairiausi\u0173: Bomb\u0117juje gimus\u012f gydytoj\u0105, laisvalaikiu slap\u010dia ra\u0161ant\u012f scenarijus, kuris Indijoje jau\u010diasi toks pat svetimas kaip ir savo kituose namuose Toronte; kino \u017evaig\u017ed\u0119, susitapatinus\u012f su vaidinamu persona\u017eu; jo brol\u012f dvyn\u012f, kuris ruo\u0161iasi tapti kunigu, bet abejoja savo pa\u0161aukimu; b\u016br\u012f \u012fvairiausi\u0173 cirko artist\u0173, \u017eema\u016bgi\u0173 ir luo\u0161i\u0173, prostitu\u010di\u0173 ir transseksual\u0173, policinink\u0173, Holivudo atstov\u0173, \u0161viesiaplauk\u0119 amerikiet\u0119 hip\u0119, j\u0117zuit\u0173 misionieri\u0173&#8230; Istorijos centre &#8211; serijinis \u017eudikas transseksualas, \u017eudantis prostitutes ir paliekantis ak\u012f merkian\u010dio dramblio pie\u0161in\u0117l\u012f ant lavon\u0173, taip pat daugyb\u0117 praeities nuotrup\u0173, u\u017evedan\u010di\u0173 pagrindinius persona\u017eus ant \u017eudiko p\u0117dsak\u0173.<\/p>\n","protected":false},"excerpt":{"rendered":"<p>\u0160ioje knygoje ra\u0161ytojas sutelkia d\u0117mes\u012f \u012f \u017emones, kuriems sunku prisitaikyti \u0161iame pasaulyje: imigrantus, visuomen\u0117s atstumtuosius, paniekintuosius d\u0117l fizin\u0117s negalios, susipainiojusius d\u0117l savo seksualin\u0117s orientacijos. Persona\u017e\u0173 sutiksime \u012fvairiausi\u0173: Bomb\u0117juje gimus\u012f gydytoj\u0105, laisvalaikiu slap\u010dia ra\u0161ant\u012f scenarijus, kuris Indijoje jau\u010diasi toks pat svetimas kaip ir savo kituose namuose Toronte; kino \u017evaig\u017ed\u0119, susitapatinus\u012f su vaidinamu persona\u017eu; jo brol\u012f dvyn\u012f, kuris ruo\u0161iasi tapti kunigu, bet abejoja savo pa\u0161aukimu; b\u016br\u012f \u012fvairiausi\u0173 cirko artist\u0173, \u017eema\u016bgi\u0173 ir luo\u0161i\u0173, prostitu\u010di\u0173 ir transseksual\u0173, policinink\u0173, Holivudo atstov\u0173, \u0161viesiaplauk\u0119 amerikiet\u0119 hip\u0119, j\u0117zuit\u0173 misionieri\u0173&#8230; Istorijos centre &#8211; serijinis \u017eudikas transseksualas, \u017eudantis prostitutes ir paliekantis ak\u012f merkian\u010dio dramblio pie\u0161in\u0117l\u012f ant lavon\u0173, taip pat daugyb\u0117 praeities nuotrup\u0173, u\u017evedan\u010di\u0173 pagrindinius persona\u017eus ant \u017eudiko p\u0117dsak\u0173.<\/p>\n","protected":false},"featured_media":6250,"comment_status":"closed","ping_status":"closed","template":"","meta":{"_acf_changed":false,"site-sidebar-layout":"default","site-content-layout":"","ast-site-content-layout":"default","site-content-style":"default","site-sidebar-style":"default","ast-global-header-display":"","ast-banner-title-visibility":"","ast-main-header-display":"","ast-hfb-above-header-display":"","ast-hfb-below-header-display":"","ast-hfb-mobile-header-display":"","site-post-title":"","ast-breadcrumbs-content":"","ast-featured-img":"","footer-sml-layout":"","ast-disable-related-posts":"","theme-transparent-header-meta":"","adv-header-id-meta":"","stick-header-meta":"","header-above-stick-meta":"","header-main-stick-meta":"","header-below-stick-meta":"","astra-migrate-meta-layouts":"default","ast-page-background-enabled":"default","ast-page-background-meta":{"desktop":{"background-color":"","background-image":"","background-repeat":"repeat","background-position":"center center","background-size":"auto","background-attachment":"scroll","background-type":"","background-media":"","overlay-type":"","overlay-color":"","overlay-opacity":"","overlay-gradient":""},"tablet":{"background-color":"","background-image":"","background-repeat":"repeat","background-position":"center center","background-size":"auto","background-attachment":"scroll","background-type":"","background-media":"","overlay-type":"","overlay-color":"","overlay-opacity":"","overlay-gradient":""},"mobile":{"background-color":"","background-image":"","background-repeat":"repeat","background-position":"center center","background-size":"auto","background-attachment":"scroll","background-type":"","background-media":"","overlay-type":"","overlay-color":"","overlay-opacity":"","overlay-gradient":""}},"ast-content-background-meta":{"desktop":{"background-color":"var(--ast-global-color-4)","background-image":"","background-repeat":"repeat","background-position":"center center","background-size":"auto","background-attachment":"scroll","background-type":"","background-media":"","overlay-type":"","overlay-color":"","overlay-opacity":"","overlay-gradient":""},"tablet":{"background-color":"var(--ast-global-color-4)","background-image":"","background-repeat":"repeat","background-position":"center center","background-size":"auto","background-attachment":"scroll","background-type":"","background-media":"","overlay-type":"","overlay-color":"","overlay-opacity":"","overlay-gradient":""},"mobile":{"background-color":"var(--ast-global-color-4)","background-image":"","background-repeat":"repeat","background-position":"center center","background-size":"auto","background-attachment":"scroll","background-type":"","background-media":"","overlay-type":"","overlay-color":"","overlay-opacity":"","overlay-gradient":""}}},"product_brand":[],"product_cat":[31],"product_tag":[1363],"class_list":{"0":"post-9147","1":"product","2":"type-product","3":"status-publish","4":"has-post-thumbnail","6":"product_cat-grozine-literatura","7":"product_tag-john-irving","8":"desktop-align-left","9":"tablet-align-left","10":"mobile-align-left","12":"first","13":"outofstock","14":"shipping-taxable","15":"purchasable","16":"product-type-simple"},"acf":[],"yoast_head":"<!-- This site is optimized with the Yoast SEO plugin v27.4 - https:\/\/yoast.com\/product\/yoast-seo-wordpress\/ -->\n<title>Cirko s\u016bnus<\/title>\n<meta name=\"description\" content=\"\u0160ioje knygoje ra\u0161ytojas sutelkia d\u0117mes\u012f \u012f \u017emones, kuriems sunku prisitaikyti \u0161iame pasaulyje: imigrantus, visuomen\u0117s atstumtuosius, paniekintuosius d\u0117l fizin\u0117s negalios, susipainiojusius d\u0117l savo seksualin\u0117s orientacijos. Persona\u017e\u0173 sutiksime \u012fvairiausi\u0173: Bomb\u0117juje gimus\u012f gydytoj\u0105, laisvalaikiu slap\u010dia ra\u0161ant\u012f scenarijus, kuris Indijoje jau\u010diasi toks pat svetimas kaip ir savo kituose namuose Toronte; kino \u017evaig\u017ed\u0119, susitapatinus\u012f su vaidinamu persona\u017eu; jo brol\u012f dvyn\u012f, kuris ruo\u0161iasi tapti kunigu, bet abejoja savo pa\u0161aukimu; b\u016br\u012f \u012fvairiausi\u0173 cirko artist\u0173, \u017eema\u016bgi\u0173 ir luo\u0161i\u0173, prostitu\u010di\u0173 ir transseksual\u0173, policinink\u0173, Holivudo atstov\u0173, \u0161viesiaplauk\u0119 amerikiet\u0119 hip\u0119, j\u0117zuit\u0173 misionieri\u0173... Istorijos centre - serijinis \u017eudikas transseksualas, \u017eudantis prostitutes ir paliekantis ak\u012f merkian\u010dio dramblio pie\u0161in\u0117l\u012f ant lavon\u0173, taip pat daugyb\u0117 praeities nuotrup\u0173, u\u017evedan\u010di\u0173 pagrindinius persona\u017eus ant \u017eudiko p\u0117dsak\u0173.\" \/>\n<meta name=\"robots\" content=\"index, follow, max-snippet:-1, max-image-preview:large, max-video-preview:-1\" \/>\n<link rel=\"canonical\" href=\"https:\/\/skaitytaknyga.lt\/en\/produktas\/john-irving-cirko-sunus-2\/\" \/>\n<meta property=\"og:locale\" content=\"en_GB\" \/>\n<meta property=\"og:locale:alternate\" content=\"lt_LT\" \/>\n<meta property=\"og:type\" content=\"article\" \/>\n<meta property=\"og:title\" content=\"Cirko s\u016bnus\" \/>\n<meta property=\"og:description\" content=\"\u0160ioje knygoje ra\u0161ytojas sutelkia d\u0117mes\u012f \u012f \u017emones, kuriems sunku prisitaikyti \u0161iame pasaulyje: imigrantus, visuomen\u0117s atstumtuosius, paniekintuosius d\u0117l fizin\u0117s negalios, susipainiojusius d\u0117l savo seksualin\u0117s orientacijos. Persona\u017e\u0173 sutiksime \u012fvairiausi\u0173: Bomb\u0117juje gimus\u012f gydytoj\u0105, laisvalaikiu slap\u010dia ra\u0161ant\u012f scenarijus, kuris Indijoje jau\u010diasi toks pat svetimas kaip ir savo kituose namuose Toronte; kino \u017evaig\u017ed\u0119, susitapatinus\u012f su vaidinamu persona\u017eu; jo brol\u012f dvyn\u012f, kuris ruo\u0161iasi tapti kunigu, bet abejoja savo pa\u0161aukimu; b\u016br\u012f \u012fvairiausi\u0173 cirko artist\u0173, \u017eema\u016bgi\u0173 ir luo\u0161i\u0173, prostitu\u010di\u0173 ir transseksual\u0173, policinink\u0173, Holivudo atstov\u0173, \u0161viesiaplauk\u0119 amerikiet\u0119 hip\u0119, j\u0117zuit\u0173 misionieri\u0173... Istorijos centre - serijinis \u017eudikas transseksualas, \u017eudantis prostitutes ir paliekantis ak\u012f merkian\u010dio dramblio pie\u0161in\u0117l\u012f ant lavon\u0173, taip pat daugyb\u0117 praeities nuotrup\u0173, u\u017evedan\u010di\u0173 pagrindinius persona\u017eus ant \u017eudiko p\u0117dsak\u0173.\" \/>\n<meta property=\"og:url\" content=\"https:\/\/skaitytaknyga.lt\/en\/produktas\/john-irving-cirko-sunus-2\/\" \/>\n<meta property=\"og:site_name\" content=\"Skaitytaknyga\" \/>\n<meta property=\"article:publisher\" content=\"https:\/\/www.facebook.com\/skaitytaknyga\/\" \/>\n<meta property=\"article:modified_time\" content=\"2025-05-02T16:17:00+00:00\" \/>\n<meta property=\"og:image\" content=\"https:\/\/skaitytaknyga.lt\/wp-content\/uploads\/2024\/05\/cirko-sunus.jpg\" \/>\n\t<meta property=\"og:image:width\" content=\"493\" \/>\n\t<meta property=\"og:image:height\" content=\"800\" \/>\n\t<meta property=\"og:image:type\" content=\"image\/jpeg\" \/>\n<meta name=\"twitter:card\" content=\"summary_large_image\" \/>\n<meta name=\"twitter:label1\" content=\"Estimated reading time\" \/>\n\t<meta name=\"twitter:data1\" content=\"1 minute\" \/>\n<script type=\"application\/ld+json\" class=\"yoast-schema-graph\">{\"@context\":\"https:\\\/\\\/schema.org\",\"@graph\":[{\"@type\":\"WebPage\",\"@id\":\"https:\\\/\\\/skaitytaknyga.lt\\\/produktas\\\/john-irving-cirko-sunus-2\\\/\",\"url\":\"https:\\\/\\\/skaitytaknyga.lt\\\/produktas\\\/john-irving-cirko-sunus-2\\\/\",\"name\":\"Cirko s\u016bnus\",\"isPartOf\":{\"@id\":\"https:\\\/\\\/skaitytaknyga.lt\\\/#website\"},\"primaryImageOfPage\":{\"@id\":\"https:\\\/\\\/skaitytaknyga.lt\\\/produktas\\\/john-irving-cirko-sunus-2\\\/#primaryimage\"},\"image\":{\"@id\":\"https:\\\/\\\/skaitytaknyga.lt\\\/produktas\\\/john-irving-cirko-sunus-2\\\/#primaryimage\"},\"thumbnailUrl\":\"https:\\\/\\\/skaitytaknyga.lt\\\/wp-content\\\/uploads\\\/2024\\\/05\\\/cirko-sunus.jpg\",\"datePublished\":\"2024-05-04T14:57:43+00:00\",\"dateModified\":\"2025-05-02T16:17:00+00:00\",\"description\":\"\u0160ioje knygoje ra\u0161ytojas sutelkia d\u0117mes\u012f \u012f \u017emones, kuriems sunku prisitaikyti \u0161iame pasaulyje: imigrantus, visuomen\u0117s atstumtuosius, paniekintuosius d\u0117l fizin\u0117s negalios, susipainiojusius d\u0117l savo seksualin\u0117s orientacijos. Persona\u017e\u0173 sutiksime \u012fvairiausi\u0173: Bomb\u0117juje gimus\u012f gydytoj\u0105, laisvalaikiu slap\u010dia ra\u0161ant\u012f scenarijus, kuris Indijoje jau\u010diasi toks pat svetimas kaip ir savo kituose namuose Toronte; kino \u017evaig\u017ed\u0119, susitapatinus\u012f su vaidinamu persona\u017eu; jo brol\u012f dvyn\u012f, kuris ruo\u0161iasi tapti kunigu, bet abejoja savo pa\u0161aukimu; b\u016br\u012f \u012fvairiausi\u0173 cirko artist\u0173, \u017eema\u016bgi\u0173 ir luo\u0161i\u0173, prostitu\u010di\u0173 ir transseksual\u0173, policinink\u0173, Holivudo atstov\u0173, \u0161viesiaplauk\u0119 amerikiet\u0119 hip\u0119, j\u0117zuit\u0173 misionieri\u0173... Istorijos centre - serijinis \u017eudikas transseksualas, \u017eudantis prostitutes ir paliekantis ak\u012f merkian\u010dio dramblio pie\u0161in\u0117l\u012f ant lavon\u0173, taip pat daugyb\u0117 praeities nuotrup\u0173, u\u017evedan\u010di\u0173 pagrindinius persona\u017eus ant \u017eudiko p\u0117dsak\u0173.\",\"breadcrumb\":{\"@id\":\"https:\\\/\\\/skaitytaknyga.lt\\\/produktas\\\/john-irving-cirko-sunus-2\\\/#breadcrumb\"},\"inLanguage\":\"en-GB\",\"potentialAction\":[{\"@type\":\"ReadAction\",\"target\":[\"https:\\\/\\\/skaitytaknyga.lt\\\/produktas\\\/john-irving-cirko-sunus-2\\\/\"]}]},{\"@type\":\"ImageObject\",\"inLanguage\":\"en-GB\",\"@id\":\"https:\\\/\\\/skaitytaknyga.lt\\\/produktas\\\/john-irving-cirko-sunus-2\\\/#primaryimage\",\"url\":\"https:\\\/\\\/skaitytaknyga.lt\\\/wp-content\\\/uploads\\\/2024\\\/05\\\/cirko-sunus.jpg\",\"contentUrl\":\"https:\\\/\\\/skaitytaknyga.lt\\\/wp-content\\\/uploads\\\/2024\\\/05\\\/cirko-sunus.jpg\",\"width\":493,\"height\":800},{\"@type\":\"BreadcrumbList\",\"@id\":\"https:\\\/\\\/skaitytaknyga.lt\\\/produktas\\\/john-irving-cirko-sunus-2\\\/#breadcrumb\",\"itemListElement\":[{\"@type\":\"ListItem\",\"position\":1,\"name\":\"Home\",\"item\":\"https:\\\/\\\/skaitytaknyga.lt\\\/\"},{\"@type\":\"ListItem\",\"position\":2,\"name\":\"Parduotuv\u0117\",\"item\":\"https:\\\/\\\/skaitytaknyga.lt\\\/knygu-parduotuve\\\/\"},{\"@type\":\"ListItem\",\"position\":3,\"name\":\"Cirko s\u016bnus\"}]},{\"@type\":\"WebSite\",\"@id\":\"https:\\\/\\\/skaitytaknyga.lt\\\/#website\",\"url\":\"https:\\\/\\\/skaitytaknyga.lt\\\/\",\"name\":\"skaitytaknyga.lt\",\"description\":\"Skaitytaknyga.lt \u2013 tai ma\u017eas \u0161eimos verslas, kuris prasid\u0117jo nuo meil\u0117s knygoms ir siekio i\u0161gelb\u0117ti knygas nuo likimo prie konteinerio. Kas vienam nereikalingas daiktas \u2013 kitam lobis, o mes esame tarpininkai, kurie padeda abiems tapti laimingesniems ???? \u017dinome kaip nelengva i\u0161gyventi ma\u017eiems verslams, tad nuo \u0161iol, \u010dia rasite ir kit\u0173, ma\u017e\u0173 \u0161eim\u0173 versl\u0173, rank\u0173 darbo, dovan\u0173 sau ir artimiesiems.\",\"publisher\":{\"@id\":\"https:\\\/\\\/skaitytaknyga.lt\\\/#organization\"},\"potentialAction\":[{\"@type\":\"SearchAction\",\"target\":{\"@type\":\"EntryPoint\",\"urlTemplate\":\"https:\\\/\\\/skaitytaknyga.lt\\\/?s={search_term_string}\"},\"query-input\":{\"@type\":\"PropertyValueSpecification\",\"valueRequired\":true,\"valueName\":\"search_term_string\"}}],\"inLanguage\":\"en-GB\"},{\"@type\":\"Organization\",\"@id\":\"https:\\\/\\\/skaitytaknyga.lt\\\/#organization\",\"name\":\"skaitytaknyga.lt\",\"url\":\"https:\\\/\\\/skaitytaknyga.lt\\\/\",\"logo\":{\"@type\":\"ImageObject\",\"inLanguage\":\"en-GB\",\"@id\":\"https:\\\/\\\/skaitytaknyga.lt\\\/#\\\/schema\\\/logo\\\/image\\\/\",\"url\":\"https:\\\/\\\/skaitytaknyga.lt\\\/wp-content\\\/uploads\\\/2024\\\/05\\\/cropped-cropped-cropped-02_00843_jt3bggkj1j3HLc7SyY6rEUpg.jpeg\",\"contentUrl\":\"https:\\\/\\\/skaitytaknyga.lt\\\/wp-content\\\/uploads\\\/2024\\\/05\\\/cropped-cropped-cropped-02_00843_jt3bggkj1j3HLc7SyY6rEUpg.jpeg\",\"width\":1600,\"height\":1600,\"caption\":\"skaitytaknyga.lt\"},\"image\":{\"@id\":\"https:\\\/\\\/skaitytaknyga.lt\\\/#\\\/schema\\\/logo\\\/image\\\/\"},\"sameAs\":[\"https:\\\/\\\/www.facebook.com\\\/skaitytaknyga\\\/\"]}]}<\/script>\n<!-- \/ Yoast SEO plugin. -->","yoast_head_json":{"title":"Cirko s\u016bnus","description":"\u0160ioje knygoje ra\u0161ytojas sutelkia d\u0117mes\u012f \u012f \u017emones, kuriems sunku prisitaikyti \u0161iame pasaulyje: imigrantus, visuomen\u0117s atstumtuosius, paniekintuosius d\u0117l fizin\u0117s negalios, susipainiojusius d\u0117l savo seksualin\u0117s orientacijos. Persona\u017e\u0173 sutiksime \u012fvairiausi\u0173: Bomb\u0117juje gimus\u012f gydytoj\u0105, laisvalaikiu slap\u010dia ra\u0161ant\u012f scenarijus, kuris Indijoje jau\u010diasi toks pat svetimas kaip ir savo kituose namuose Toronte; kino \u017evaig\u017ed\u0119, susitapatinus\u012f su vaidinamu persona\u017eu; jo brol\u012f dvyn\u012f, kuris ruo\u0161iasi tapti kunigu, bet abejoja savo pa\u0161aukimu; b\u016br\u012f \u012fvairiausi\u0173 cirko artist\u0173, \u017eema\u016bgi\u0173 ir luo\u0161i\u0173, prostitu\u010di\u0173 ir transseksual\u0173, policinink\u0173, Holivudo atstov\u0173, \u0161viesiaplauk\u0119 amerikiet\u0119 hip\u0119, j\u0117zuit\u0173 misionieri\u0173... Istorijos centre - serijinis \u017eudikas transseksualas, \u017eudantis prostitutes ir paliekantis ak\u012f merkian\u010dio dramblio pie\u0161in\u0117l\u012f ant lavon\u0173, taip pat daugyb\u0117 praeities nuotrup\u0173, u\u017evedan\u010di\u0173 pagrindinius persona\u017eus ant \u017eudiko p\u0117dsak\u0173.","robots":{"index":"index","follow":"follow","max-snippet":"max-snippet:-1","max-image-preview":"max-image-preview:large","max-video-preview":"max-video-preview:-1"},"canonical":"https:\/\/skaitytaknyga.lt\/en\/produktas\/john-irving-cirko-sunus-2\/","og_locale":"en_GB","og_type":"article","og_title":"[:lt]Cirko s\u016bnus[:] - Skaitytaknyga","og_description":"\u0160ioje knygoje ra\u0161ytojas sutelkia d\u0117mes\u012f \u012f \u017emones, kuriems sunku prisitaikyti \u0161iame pasaulyje: imigrantus, visuomen\u0117s atstumtuosius, paniekintuosius d\u0117l fizin\u0117s negalios, susipainiojusius d\u0117l savo seksualin\u0117s orientacijos. Persona\u017e\u0173 sutiksime \u012fvairiausi\u0173: Bomb\u0117juje gimus\u012f gydytoj\u0105, laisvalaikiu slap\u010dia ra\u0161ant\u012f scenarijus, kuris Indijoje jau\u010diasi toks pat svetimas kaip ir savo kituose namuose Toronte; kino \u017evaig\u017ed\u0119, susitapatinus\u012f su vaidinamu persona\u017eu; jo brol\u012f dvyn\u012f, kuris ruo\u0161iasi tapti kunigu, bet abejoja savo pa\u0161aukimu; b\u016br\u012f \u012fvairiausi\u0173 cirko artist\u0173, \u017eema\u016bgi\u0173 ir luo\u0161i\u0173, prostitu\u010di\u0173 ir transseksual\u0173, policinink\u0173, Holivudo atstov\u0173, \u0161viesiaplauk\u0119 amerikiet\u0119 hip\u0119, j\u0117zuit\u0173 misionieri\u0173... Istorijos centre - serijinis \u017eudikas transseksualas, \u017eudantis prostitutes ir paliekantis ak\u012f merkian\u010dio dramblio pie\u0161in\u0117l\u012f ant lavon\u0173, taip pat daugyb\u0117 praeities nuotrup\u0173, u\u017evedan\u010di\u0173 pagrindinius persona\u017eus ant \u017eudiko p\u0117dsak\u0173.","og_url":"https:\/\/skaitytaknyga.lt\/en\/produktas\/john-irving-cirko-sunus-2\/","og_site_name":"Skaitytaknyga","article_publisher":"https:\/\/www.facebook.com\/skaitytaknyga\/","article_modified_time":"2025-05-02T16:17:00+00:00","og_image":[{"width":493,"height":800,"url":"https:\/\/skaitytaknyga.lt\/wp-content\/uploads\/2024\/05\/cirko-sunus.jpg","type":"image\/jpeg"}],"twitter_card":"summary_large_image","twitter_misc":{"Estimated reading time":"1 minute"},"schema":{"@context":"https:\/\/schema.org","@graph":[{"@type":"WebPage","@id":"https:\/\/skaitytaknyga.lt\/produktas\/john-irving-cirko-sunus-2\/","url":"https:\/\/skaitytaknyga.lt\/produktas\/john-irving-cirko-sunus-2\/","name":"Cirko s\u016bnus","isPartOf":{"@id":"https:\/\/skaitytaknyga.lt\/#website"},"primaryImageOfPage":{"@id":"https:\/\/skaitytaknyga.lt\/produktas\/john-irving-cirko-sunus-2\/#primaryimage"},"image":{"@id":"https:\/\/skaitytaknyga.lt\/produktas\/john-irving-cirko-sunus-2\/#primaryimage"},"thumbnailUrl":"https:\/\/skaitytaknyga.lt\/wp-content\/uploads\/2024\/05\/cirko-sunus.jpg","datePublished":"2024-05-04T14:57:43+00:00","dateModified":"2025-05-02T16:17:00+00:00","description":"\u0160ioje knygoje ra\u0161ytojas sutelkia d\u0117mes\u012f \u012f \u017emones, kuriems sunku prisitaikyti \u0161iame pasaulyje: imigrantus, visuomen\u0117s atstumtuosius, paniekintuosius d\u0117l fizin\u0117s negalios, susipainiojusius d\u0117l savo seksualin\u0117s orientacijos. Persona\u017e\u0173 sutiksime \u012fvairiausi\u0173: Bomb\u0117juje gimus\u012f gydytoj\u0105, laisvalaikiu slap\u010dia ra\u0161ant\u012f scenarijus, kuris Indijoje jau\u010diasi toks pat svetimas kaip ir savo kituose namuose Toronte; kino \u017evaig\u017ed\u0119, susitapatinus\u012f su vaidinamu persona\u017eu; jo brol\u012f dvyn\u012f, kuris ruo\u0161iasi tapti kunigu, bet abejoja savo pa\u0161aukimu; b\u016br\u012f \u012fvairiausi\u0173 cirko artist\u0173, \u017eema\u016bgi\u0173 ir luo\u0161i\u0173, prostitu\u010di\u0173 ir transseksual\u0173, policinink\u0173, Holivudo atstov\u0173, \u0161viesiaplauk\u0119 amerikiet\u0119 hip\u0119, j\u0117zuit\u0173 misionieri\u0173... Istorijos centre - serijinis \u017eudikas transseksualas, \u017eudantis prostitutes ir paliekantis ak\u012f merkian\u010dio dramblio pie\u0161in\u0117l\u012f ant lavon\u0173, taip pat daugyb\u0117 praeities nuotrup\u0173, u\u017evedan\u010di\u0173 pagrindinius persona\u017eus ant \u017eudiko p\u0117dsak\u0173.","breadcrumb":{"@id":"https:\/\/skaitytaknyga.lt\/produktas\/john-irving-cirko-sunus-2\/#breadcrumb"},"inLanguage":"en-GB","potentialAction":[{"@type":"ReadAction","target":["https:\/\/skaitytaknyga.lt\/produktas\/john-irving-cirko-sunus-2\/"]}]},{"@type":"ImageObject","inLanguage":"en-GB","@id":"https:\/\/skaitytaknyga.lt\/produktas\/john-irving-cirko-sunus-2\/#primaryimage","url":"https:\/\/skaitytaknyga.lt\/wp-content\/uploads\/2024\/05\/cirko-sunus.jpg","contentUrl":"https:\/\/skaitytaknyga.lt\/wp-content\/uploads\/2024\/05\/cirko-sunus.jpg","width":493,"height":800},{"@type":"BreadcrumbList","@id":"https:\/\/skaitytaknyga.lt\/produktas\/john-irving-cirko-sunus-2\/#breadcrumb","itemListElement":[{"@type":"ListItem","position":1,"name":"Home","item":"https:\/\/skaitytaknyga.lt\/"},{"@type":"ListItem","position":2,"name":"Parduotuv\u0117","item":"https:\/\/skaitytaknyga.lt\/knygu-parduotuve\/"},{"@type":"ListItem","position":3,"name":"Cirko s\u016bnus"}]},{"@type":"WebSite","@id":"https:\/\/skaitytaknyga.lt\/#website","url":"https:\/\/skaitytaknyga.lt\/","name":"skaitytaknyga.lt","description":"Skaitytaknyga.lt \u2013 tai ma\u017eas \u0161eimos verslas, kuris prasid\u0117jo nuo meil\u0117s knygoms ir siekio i\u0161gelb\u0117ti knygas nuo likimo prie konteinerio. Kas vienam nereikalingas daiktas \u2013 kitam lobis, o mes esame tarpininkai, kurie padeda abiems tapti laimingesniems ???? \u017dinome kaip nelengva i\u0161gyventi ma\u017eiems verslams, tad nuo \u0161iol, \u010dia rasite ir kit\u0173, ma\u017e\u0173 \u0161eim\u0173 versl\u0173, rank\u0173 darbo, dovan\u0173 sau ir artimiesiems.","publisher":{"@id":"https:\/\/skaitytaknyga.lt\/#organization"},"potentialAction":[{"@type":"SearchAction","target":{"@type":"EntryPoint","urlTemplate":"https:\/\/skaitytaknyga.lt\/?s={search_term_string}"},"query-input":{"@type":"PropertyValueSpecification","valueRequired":true,"valueName":"search_term_string"}}],"inLanguage":"en-GB"},{"@type":"Organization","@id":"https:\/\/skaitytaknyga.lt\/#organization","name":"skaitytaknyga.lt","url":"https:\/\/skaitytaknyga.lt\/","logo":{"@type":"ImageObject","inLanguage":"en-GB","@id":"https:\/\/skaitytaknyga.lt\/#\/schema\/logo\/image\/","url":"https:\/\/skaitytaknyga.lt\/wp-content\/uploads\/2024\/05\/cropped-cropped-cropped-02_00843_jt3bggkj1j3HLc7SyY6rEUpg.jpeg","contentUrl":"https:\/\/skaitytaknyga.lt\/wp-content\/uploads\/2024\/05\/cropped-cropped-cropped-02_00843_jt3bggkj1j3HLc7SyY6rEUpg.jpeg","width":1600,"height":1600,"caption":"skaitytaknyga.lt"},"image":{"@id":"https:\/\/skaitytaknyga.lt\/#\/schema\/logo\/image\/"},"sameAs":["https:\/\/www.facebook.com\/skaitytaknyga\/"]}]}},"_links":{"self":[{"href":"https:\/\/skaitytaknyga.lt\/en\/wp-json\/wp\/v2\/product\/9147","targetHints":{"allow":["GET"]}}],"collection":[{"href":"https:\/\/skaitytaknyga.lt\/en\/wp-json\/wp\/v2\/product"}],"about":[{"href":"https:\/\/skaitytaknyga.lt\/en\/wp-json\/wp\/v2\/types\/product"}],"replies":[{"embeddable":true,"href":"https:\/\/skaitytaknyga.lt\/en\/wp-json\/wp\/v2\/comments?post=9147"}],"wp:featuredmedia":[{"embeddable":true,"href":"https:\/\/skaitytaknyga.lt\/en\/wp-json\/wp\/v2\/media\/6250"}],"wp:attachment":[{"href":"https:\/\/skaitytaknyga.lt\/en\/wp-json\/wp\/v2\/media?parent=9147"}],"wp:term":[{"taxonomy":"product_brand","embeddable":true,"href":"https:\/\/skaitytaknyga.lt\/en\/wp-json\/wp\/v2\/product_brand?post=9147"},{"taxonomy":"product_cat","embeddable":true,"href":"https:\/\/skaitytaknyga.lt\/en\/wp-json\/wp\/v2\/product_cat?post=9147"},{"taxonomy":"product_tag","embeddable":true,"href":"https:\/\/skaitytaknyga.lt\/en\/wp-json\/wp\/v2\/product_tag?post=9147"}],"curies":[{"name":"wp","href":"https:\/\/api.w.org\/{rel}","templated":true}]}}