{"id":9130,"date":"2024-05-04T14:57:42","date_gmt":"2024-05-04T14:57:42","guid":{"rendered":"https:\/\/skaitytaknyga.lt\/?post_type=product&#038;p=9130"},"modified":"2024-05-04T14:57:48","modified_gmt":"2024-05-04T14:57:48","slug":"mecislovas-zalakevicius-pauksciu-migracija-2","status":"publish","type":"product","link":"https:\/\/skaitytaknyga.lt\/en\/produktas\/mecislovas-zalakevicius-pauksciu-migracija-2\/","title":{"rendered":"Me\u010dislovas \u017dalakevi\u010dius \u201ePauk\u0161\u010di\u0173 migracija&#8221;"},"content":{"rendered":"<p>Populiariojoje mokslin\u0117je monografijoje\u00a0<b>&#8220;Pauk\u0161\u010di\u0173 migracija&#8221;<\/b>\u00a0ap\u017evelgiama pauk\u0161\u010di\u0173 migracijos tyrim\u0173 istorija, profesionali\u0173 steb\u0117jim\u0173 metodai, migracij\u0173 klasifikacija, eiga ir charakteristikos, pateikta migracij\u0173 planetoje pavyzd\u017ei\u0173.<br \/>\nMonografijoje pristatomas dabartinis po\u017ei\u016bris \u012f migracijos formavim\u0105si ir kilme, migracijos valdym\u0105, supa\u017eindinama su jungtine migracijos valdymo teorija, aptariamos pagrindin\u0117s orientacijos ir navigacijos hipotez\u0117s ir teorijos.<br \/>\nAtskiros monografijos dalys skirtos pauk\u0161\u010di\u0173 migracijos rizikai, klimato kaitos ornitologijos tyrimams ir tolesnei migracijos evoliucijai, pristatyta \u012fvairiapus\u0117 migracijos svarba \u017emonijai ir vykdoma migracij\u0173 apsauga.<\/p>\n<p>Monografija &#8220;Pauk\u0161\u010di\u0173 migracija&#8221; skiriama pla\u010diajam skaitytoj\u0173 ratui, ji pravers auk\u0161t\u0173j\u0173 mokykl\u0173 biologijos ir ekologijos specialyb\u0117s studentams, moksleiviams kaip papildoma priemon\u0117 studijoms, aplinkosaugininkams, gamtininkams ir gamtos myl\u0117tojams.<\/p>\n","protected":false},"excerpt":{"rendered":"<p>Populiariojoje mokslin\u0117je monografijoje\u00a0<b>&#8220;Pauk\u0161\u010di\u0173 migracija&#8221;<\/b>\u00a0ap\u017evelgiama pauk\u0161\u010di\u0173 migracijos tyrim\u0173 istorija, profesionali\u0173 steb\u0117jim\u0173 metodai, migracij\u0173 klasifikacija, eiga ir charakteristikos, pateikta migracij\u0173 planetoje pavyzd\u017ei\u0173.<br \/>\nMonografijoje pristatomas dabartinis po\u017ei\u016bris \u012f migracijos formavim\u0105si ir kilme, migracijos valdym\u0105, supa\u017eindinama su jungtine migracijos valdymo teorija, aptariamos pagrindin\u0117s orientacijos ir navigacijos hipotez\u0117s ir teorijos.<br \/>\nAtskiros monografijos dalys skirtos pauk\u0161\u010di\u0173 migracijos rizikai, klimato kaitos ornitologijos tyrimams ir tolesnei migracijos evoliucijai, pristatyta \u012fvairiapus\u0117 migracijos svarba \u017emonijai ir vykdoma migracij\u0173 apsauga.<\/p>\n<p>Monografija &#8220;Pauk\u0161\u010di\u0173 migracija&#8221; skiriama pla\u010diajam skaitytoj\u0173 ratui, ji pravers auk\u0161t\u0173j\u0173 mokykl\u0173 biologijos ir ekologijos specialyb\u0117s studentams, moksleiviams kaip papildoma priemon\u0117 studijoms, aplinkosaugininkams, gamtininkams ir gamtos myl\u0117tojams.<\/p>\n","protected":false},"featured_media":6215,"comment_status":"closed","ping_status":"closed","template":"","meta":{"_acf_changed":false,"site-sidebar-layout":"default","site-content-layout":"","ast-site-content-layout":"default","site-content-style":"default","site-sidebar-style":"default","ast-global-header-display":"","ast-banner-title-visibility":"","ast-main-header-display":"","ast-hfb-above-header-display":"","ast-hfb-below-header-display":"","ast-hfb-mobile-header-display":"","site-post-title":"","ast-breadcrumbs-content":"","ast-featured-img":"","footer-sml-layout":"","ast-disable-related-posts":"","theme-transparent-header-meta":"","adv-header-id-meta":"","stick-header-meta":"","header-above-stick-meta":"","header-main-stick-meta":"","header-below-stick-meta":"","astra-migrate-meta-layouts":"default","ast-page-background-enabled":"default","ast-page-background-meta":{"desktop":{"background-color":"","background-image":"","background-repeat":"repeat","background-position":"center center","background-size":"auto","background-attachment":"scroll","background-type":"","background-media":"","overlay-type":"","overlay-color":"","overlay-opacity":"","overlay-gradient":""},"tablet":{"background-color":"","background-image":"","background-repeat":"repeat","background-position":"center center","background-size":"auto","background-attachment":"scroll","background-type":"","background-media":"","overlay-type":"","overlay-color":"","overlay-opacity":"","overlay-gradient":""},"mobile":{"background-color":"","background-image":"","background-repeat":"repeat","background-position":"center center","background-size":"auto","background-attachment":"scroll","background-type":"","background-media":"","overlay-type":"","overlay-color":"","overlay-opacity":"","overlay-gradient":""}},"ast-content-background-meta":{"desktop":{"background-color":"var(--ast-global-color-4)","background-image":"","background-repeat":"repeat","background-position":"center center","background-size":"auto","background-attachment":"scroll","background-type":"","background-media":"","overlay-type":"","overlay-color":"","overlay-opacity":"","overlay-gradient":""},"tablet":{"background-color":"var(--ast-global-color-4)","background-image":"","background-repeat":"repeat","background-position":"center center","background-size":"auto","background-attachment":"scroll","background-type":"","background-media":"","overlay-type":"","overlay-color":"","overlay-opacity":"","overlay-gradient":""},"mobile":{"background-color":"var(--ast-global-color-4)","background-image":"","background-repeat":"repeat","background-position":"center center","background-size":"auto","background-attachment":"scroll","background-type":"","background-media":"","overlay-type":"","overlay-color":"","overlay-opacity":"","overlay-gradient":""}}},"product_brand":[],"product_cat":[269,165],"product_tag":[],"class_list":{"0":"post-9130","1":"product","2":"type-product","3":"status-publish","4":"has-post-thumbnail","6":"product_cat-gamtos-mokslai","7":"product_cat-religija-filosofija-ir-ezoterika","8":"desktop-align-left","9":"tablet-align-left","10":"mobile-align-left","12":"first","13":"instock","14":"shipping-taxable","15":"purchasable","16":"product-type-simple"},"acf":[],"yoast_head":"<!-- This site is optimized with the Yoast SEO plugin v27.4 - https:\/\/yoast.com\/product\/yoast-seo-wordpress\/ -->\n<title>Me\u010dislovas \u017dalakevi\u010dius \u201ePauk\u0161\u010di\u0173 migracija&quot; - Skaitytaknyga<\/title>\n<meta name=\"description\" content=\"Populiariojoje mokslin\u0117je monografijoje\u00a0&quot;Pauk\u0161\u010di\u0173 migracija&quot;\u00a0ap\u017evelgiama pauk\u0161\u010di\u0173 migracijos tyrim\u0173 istorija, profesionali\u0173 steb\u0117jim\u0173 metodai, migracij\u0173 klasifikacija, eiga ir charakteristikos, pateikta migracij\u0173 planetoje pavyzd\u017ei\u0173. Monografijoje pristatomas dabartinis po\u017ei\u016bris \u012f migracijos formavim\u0105si ir kilme, migracijos valdym\u0105, supa\u017eindinama su jungtine migracijos valdymo teorija, aptariamos pagrindin\u0117s orientacijos ir navigacijos hipotez\u0117s ir teorijos. Atskiros monografijos dalys skirtos pauk\u0161\u010di\u0173 migracijos rizikai, klimato kaitos ornitologijos tyrimams ir tolesnei migracijos evoliucijai, pristatyta \u012fvairiapus\u0117 migracijos svarba \u017emonijai ir vykdoma migracij\u0173 apsauga.  Monografija &quot;Pauk\u0161\u010di\u0173 migracija&quot; skiriama pla\u010diajam skaitytoj\u0173 ratui, ji pravers auk\u0161t\u0173j\u0173 mokykl\u0173 biologijos ir ekologijos specialyb\u0117s studentams, moksleiviams kaip papildoma priemon\u0117 studijoms, aplinkosaugininkams, gamtininkams ir gamtos myl\u0117tojams.\" \/>\n<meta name=\"robots\" content=\"index, follow, max-snippet:-1, max-image-preview:large, max-video-preview:-1\" \/>\n<link rel=\"canonical\" href=\"https:\/\/skaitytaknyga.lt\/en\/produktas\/mecislovas-zalakevicius-pauksciu-migracija-2\/\" \/>\n<meta property=\"og:locale\" content=\"en_GB\" \/>\n<meta property=\"og:locale:alternate\" content=\"lt_LT\" \/>\n<meta property=\"og:type\" content=\"article\" \/>\n<meta property=\"og:title\" content=\"Me\u010dislovas \u017dalakevi\u010dius \u201ePauk\u0161\u010di\u0173 migracija&quot; - Skaitytaknyga\" \/>\n<meta property=\"og:description\" content=\"Populiariojoje mokslin\u0117je monografijoje\u00a0&quot;Pauk\u0161\u010di\u0173 migracija&quot;\u00a0ap\u017evelgiama pauk\u0161\u010di\u0173 migracijos tyrim\u0173 istorija, profesionali\u0173 steb\u0117jim\u0173 metodai, migracij\u0173 klasifikacija, eiga ir charakteristikos, pateikta migracij\u0173 planetoje pavyzd\u017ei\u0173. Monografijoje pristatomas dabartinis po\u017ei\u016bris \u012f migracijos formavim\u0105si ir kilme, migracijos valdym\u0105, supa\u017eindinama su jungtine migracijos valdymo teorija, aptariamos pagrindin\u0117s orientacijos ir navigacijos hipotez\u0117s ir teorijos. Atskiros monografijos dalys skirtos pauk\u0161\u010di\u0173 migracijos rizikai, klimato kaitos ornitologijos tyrimams ir tolesnei migracijos evoliucijai, pristatyta \u012fvairiapus\u0117 migracijos svarba \u017emonijai ir vykdoma migracij\u0173 apsauga.  Monografija &quot;Pauk\u0161\u010di\u0173 migracija&quot; skiriama pla\u010diajam skaitytoj\u0173 ratui, ji pravers auk\u0161t\u0173j\u0173 mokykl\u0173 biologijos ir ekologijos specialyb\u0117s studentams, moksleiviams kaip papildoma priemon\u0117 studijoms, aplinkosaugininkams, gamtininkams ir gamtos myl\u0117tojams.\" \/>\n<meta property=\"og:url\" content=\"https:\/\/skaitytaknyga.lt\/en\/produktas\/mecislovas-zalakevicius-pauksciu-migracija-2\/\" \/>\n<meta property=\"og:site_name\" content=\"Skaitytaknyga\" \/>\n<meta property=\"article:publisher\" content=\"https:\/\/www.facebook.com\/skaitytaknyga\/\" \/>\n<meta property=\"article:modified_time\" content=\"2024-05-04T14:57:48+00:00\" \/>\n<meta property=\"og:image\" content=\"https:\/\/skaitytaknyga.lt\/wp-content\/uploads\/2024\/05\/pauksciu-migracija.jpg\" \/>\n\t<meta property=\"og:image:width\" content=\"319\" \/>\n\t<meta property=\"og:image:height\" content=\"450\" \/>\n\t<meta property=\"og:image:type\" content=\"image\/jpeg\" \/>\n<meta name=\"twitter:card\" content=\"summary_large_image\" \/>\n<meta name=\"twitter:label1\" content=\"Estimated reading time\" \/>\n\t<meta name=\"twitter:data1\" content=\"1 minute\" \/>\n<script type=\"application\/ld+json\" class=\"yoast-schema-graph\">{\"@context\":\"https:\\\/\\\/schema.org\",\"@graph\":[{\"@type\":\"WebPage\",\"@id\":\"https:\\\/\\\/skaitytaknyga.lt\\\/produktas\\\/mecislovas-zalakevicius-pauksciu-migracija-2\\\/\",\"url\":\"https:\\\/\\\/skaitytaknyga.lt\\\/produktas\\\/mecislovas-zalakevicius-pauksciu-migracija-2\\\/\",\"name\":\"Me\u010dislovas \u017dalakevi\u010dius \u201ePauk\u0161\u010di\u0173 migracija\\\" - Skaitytaknyga\",\"isPartOf\":{\"@id\":\"https:\\\/\\\/skaitytaknyga.lt\\\/#website\"},\"primaryImageOfPage\":{\"@id\":\"https:\\\/\\\/skaitytaknyga.lt\\\/produktas\\\/mecislovas-zalakevicius-pauksciu-migracija-2\\\/#primaryimage\"},\"image\":{\"@id\":\"https:\\\/\\\/skaitytaknyga.lt\\\/produktas\\\/mecislovas-zalakevicius-pauksciu-migracija-2\\\/#primaryimage\"},\"thumbnailUrl\":\"https:\\\/\\\/skaitytaknyga.lt\\\/wp-content\\\/uploads\\\/2024\\\/05\\\/pauksciu-migracija.jpg\",\"datePublished\":\"2024-05-04T14:57:42+00:00\",\"dateModified\":\"2024-05-04T14:57:48+00:00\",\"description\":\"Populiariojoje mokslin\u0117je monografijoje\u00a0\\\"Pauk\u0161\u010di\u0173 migracija\\\"\u00a0ap\u017evelgiama pauk\u0161\u010di\u0173 migracijos tyrim\u0173 istorija, profesionali\u0173 steb\u0117jim\u0173 metodai, migracij\u0173 klasifikacija, eiga ir charakteristikos, pateikta migracij\u0173 planetoje pavyzd\u017ei\u0173. Monografijoje pristatomas dabartinis po\u017ei\u016bris \u012f migracijos formavim\u0105si ir kilme, migracijos valdym\u0105, supa\u017eindinama su jungtine migracijos valdymo teorija, aptariamos pagrindin\u0117s orientacijos ir navigacijos hipotez\u0117s ir teorijos. Atskiros monografijos dalys skirtos pauk\u0161\u010di\u0173 migracijos rizikai, klimato kaitos ornitologijos tyrimams ir tolesnei migracijos evoliucijai, pristatyta \u012fvairiapus\u0117 migracijos svarba \u017emonijai ir vykdoma migracij\u0173 apsauga. Monografija \\\"Pauk\u0161\u010di\u0173 migracija\\\" skiriama pla\u010diajam skaitytoj\u0173 ratui, ji pravers auk\u0161t\u0173j\u0173 mokykl\u0173 biologijos ir ekologijos specialyb\u0117s studentams, moksleiviams kaip papildoma priemon\u0117 studijoms, aplinkosaugininkams, gamtininkams ir gamtos myl\u0117tojams.\",\"breadcrumb\":{\"@id\":\"https:\\\/\\\/skaitytaknyga.lt\\\/produktas\\\/mecislovas-zalakevicius-pauksciu-migracija-2\\\/#breadcrumb\"},\"inLanguage\":\"en-GB\",\"potentialAction\":[{\"@type\":\"ReadAction\",\"target\":[\"https:\\\/\\\/skaitytaknyga.lt\\\/produktas\\\/mecislovas-zalakevicius-pauksciu-migracija-2\\\/\"]}]},{\"@type\":\"ImageObject\",\"inLanguage\":\"en-GB\",\"@id\":\"https:\\\/\\\/skaitytaknyga.lt\\\/produktas\\\/mecislovas-zalakevicius-pauksciu-migracija-2\\\/#primaryimage\",\"url\":\"https:\\\/\\\/skaitytaknyga.lt\\\/wp-content\\\/uploads\\\/2024\\\/05\\\/pauksciu-migracija.jpg\",\"contentUrl\":\"https:\\\/\\\/skaitytaknyga.lt\\\/wp-content\\\/uploads\\\/2024\\\/05\\\/pauksciu-migracija.jpg\",\"width\":319,\"height\":450},{\"@type\":\"BreadcrumbList\",\"@id\":\"https:\\\/\\\/skaitytaknyga.lt\\\/produktas\\\/mecislovas-zalakevicius-pauksciu-migracija-2\\\/#breadcrumb\",\"itemListElement\":[{\"@type\":\"ListItem\",\"position\":1,\"name\":\"Home\",\"item\":\"https:\\\/\\\/skaitytaknyga.lt\\\/\"},{\"@type\":\"ListItem\",\"position\":2,\"name\":\"Parduotuv\u0117\",\"item\":\"https:\\\/\\\/skaitytaknyga.lt\\\/knygu-parduotuve\\\/\"},{\"@type\":\"ListItem\",\"position\":3,\"name\":\"Me\u010dislovas \u017dalakevi\u010dius \u201ePauk\u0161\u010di\u0173 migracija&#8221;\"}]},{\"@type\":\"WebSite\",\"@id\":\"https:\\\/\\\/skaitytaknyga.lt\\\/#website\",\"url\":\"https:\\\/\\\/skaitytaknyga.lt\\\/\",\"name\":\"skaitytaknyga.lt\",\"description\":\"Skaitytaknyga.lt \u2013 tai ma\u017eas \u0161eimos verslas, kuris prasid\u0117jo nuo meil\u0117s knygoms ir siekio i\u0161gelb\u0117ti knygas nuo likimo prie konteinerio. Kas vienam nereikalingas daiktas \u2013 kitam lobis, o mes esame tarpininkai, kurie padeda abiems tapti laimingesniems ???? \u017dinome kaip nelengva i\u0161gyventi ma\u017eiems verslams, tad nuo \u0161iol, \u010dia rasite ir kit\u0173, ma\u017e\u0173 \u0161eim\u0173 versl\u0173, rank\u0173 darbo, dovan\u0173 sau ir artimiesiems.\",\"publisher\":{\"@id\":\"https:\\\/\\\/skaitytaknyga.lt\\\/#organization\"},\"potentialAction\":[{\"@type\":\"SearchAction\",\"target\":{\"@type\":\"EntryPoint\",\"urlTemplate\":\"https:\\\/\\\/skaitytaknyga.lt\\\/?s={search_term_string}\"},\"query-input\":{\"@type\":\"PropertyValueSpecification\",\"valueRequired\":true,\"valueName\":\"search_term_string\"}}],\"inLanguage\":\"en-GB\"},{\"@type\":\"Organization\",\"@id\":\"https:\\\/\\\/skaitytaknyga.lt\\\/#organization\",\"name\":\"skaitytaknyga.lt\",\"url\":\"https:\\\/\\\/skaitytaknyga.lt\\\/\",\"logo\":{\"@type\":\"ImageObject\",\"inLanguage\":\"en-GB\",\"@id\":\"https:\\\/\\\/skaitytaknyga.lt\\\/#\\\/schema\\\/logo\\\/image\\\/\",\"url\":\"https:\\\/\\\/skaitytaknyga.lt\\\/wp-content\\\/uploads\\\/2024\\\/05\\\/cropped-cropped-cropped-02_00843_jt3bggkj1j3HLc7SyY6rEUpg.jpeg\",\"contentUrl\":\"https:\\\/\\\/skaitytaknyga.lt\\\/wp-content\\\/uploads\\\/2024\\\/05\\\/cropped-cropped-cropped-02_00843_jt3bggkj1j3HLc7SyY6rEUpg.jpeg\",\"width\":1600,\"height\":1600,\"caption\":\"skaitytaknyga.lt\"},\"image\":{\"@id\":\"https:\\\/\\\/skaitytaknyga.lt\\\/#\\\/schema\\\/logo\\\/image\\\/\"},\"sameAs\":[\"https:\\\/\\\/www.facebook.com\\\/skaitytaknyga\\\/\"]}]}<\/script>\n<!-- \/ Yoast SEO plugin. -->","yoast_head_json":{"title":"Me\u010dislovas \u017dalakevi\u010dius \u201ePauk\u0161\u010di\u0173 migracija\" - Skaitytaknyga","description":"Populiariojoje mokslin\u0117je monografijoje\u00a0\"Pauk\u0161\u010di\u0173 migracija\"\u00a0ap\u017evelgiama pauk\u0161\u010di\u0173 migracijos tyrim\u0173 istorija, profesionali\u0173 steb\u0117jim\u0173 metodai, migracij\u0173 klasifikacija, eiga ir charakteristikos, pateikta migracij\u0173 planetoje pavyzd\u017ei\u0173. Monografijoje pristatomas dabartinis po\u017ei\u016bris \u012f migracijos formavim\u0105si ir kilme, migracijos valdym\u0105, supa\u017eindinama su jungtine migracijos valdymo teorija, aptariamos pagrindin\u0117s orientacijos ir navigacijos hipotez\u0117s ir teorijos. Atskiros monografijos dalys skirtos pauk\u0161\u010di\u0173 migracijos rizikai, klimato kaitos ornitologijos tyrimams ir tolesnei migracijos evoliucijai, pristatyta \u012fvairiapus\u0117 migracijos svarba \u017emonijai ir vykdoma migracij\u0173 apsauga.  Monografija \"Pauk\u0161\u010di\u0173 migracija\" skiriama pla\u010diajam skaitytoj\u0173 ratui, ji pravers auk\u0161t\u0173j\u0173 mokykl\u0173 biologijos ir ekologijos specialyb\u0117s studentams, moksleiviams kaip papildoma priemon\u0117 studijoms, aplinkosaugininkams, gamtininkams ir gamtos myl\u0117tojams.","robots":{"index":"index","follow":"follow","max-snippet":"max-snippet:-1","max-image-preview":"max-image-preview:large","max-video-preview":"max-video-preview:-1"},"canonical":"https:\/\/skaitytaknyga.lt\/en\/produktas\/mecislovas-zalakevicius-pauksciu-migracija-2\/","og_locale":"en_GB","og_type":"article","og_title":"Me\u010dislovas \u017dalakevi\u010dius \u201ePauk\u0161\u010di\u0173 migracija\" - Skaitytaknyga","og_description":"Populiariojoje mokslin\u0117je monografijoje\u00a0\"Pauk\u0161\u010di\u0173 migracija\"\u00a0ap\u017evelgiama pauk\u0161\u010di\u0173 migracijos tyrim\u0173 istorija, profesionali\u0173 steb\u0117jim\u0173 metodai, migracij\u0173 klasifikacija, eiga ir charakteristikos, pateikta migracij\u0173 planetoje pavyzd\u017ei\u0173. Monografijoje pristatomas dabartinis po\u017ei\u016bris \u012f migracijos formavim\u0105si ir kilme, migracijos valdym\u0105, supa\u017eindinama su jungtine migracijos valdymo teorija, aptariamos pagrindin\u0117s orientacijos ir navigacijos hipotez\u0117s ir teorijos. Atskiros monografijos dalys skirtos pauk\u0161\u010di\u0173 migracijos rizikai, klimato kaitos ornitologijos tyrimams ir tolesnei migracijos evoliucijai, pristatyta \u012fvairiapus\u0117 migracijos svarba \u017emonijai ir vykdoma migracij\u0173 apsauga.  Monografija \"Pauk\u0161\u010di\u0173 migracija\" skiriama pla\u010diajam skaitytoj\u0173 ratui, ji pravers auk\u0161t\u0173j\u0173 mokykl\u0173 biologijos ir ekologijos specialyb\u0117s studentams, moksleiviams kaip papildoma priemon\u0117 studijoms, aplinkosaugininkams, gamtininkams ir gamtos myl\u0117tojams.","og_url":"https:\/\/skaitytaknyga.lt\/en\/produktas\/mecislovas-zalakevicius-pauksciu-migracija-2\/","og_site_name":"Skaitytaknyga","article_publisher":"https:\/\/www.facebook.com\/skaitytaknyga\/","article_modified_time":"2024-05-04T14:57:48+00:00","og_image":[{"width":319,"height":450,"url":"https:\/\/skaitytaknyga.lt\/wp-content\/uploads\/2024\/05\/pauksciu-migracija.jpg","type":"image\/jpeg"}],"twitter_card":"summary_large_image","twitter_misc":{"Estimated reading time":"1 minute"},"schema":{"@context":"https:\/\/schema.org","@graph":[{"@type":"WebPage","@id":"https:\/\/skaitytaknyga.lt\/produktas\/mecislovas-zalakevicius-pauksciu-migracija-2\/","url":"https:\/\/skaitytaknyga.lt\/produktas\/mecislovas-zalakevicius-pauksciu-migracija-2\/","name":"Me\u010dislovas \u017dalakevi\u010dius \u201ePauk\u0161\u010di\u0173 migracija\" - Skaitytaknyga","isPartOf":{"@id":"https:\/\/skaitytaknyga.lt\/#website"},"primaryImageOfPage":{"@id":"https:\/\/skaitytaknyga.lt\/produktas\/mecislovas-zalakevicius-pauksciu-migracija-2\/#primaryimage"},"image":{"@id":"https:\/\/skaitytaknyga.lt\/produktas\/mecislovas-zalakevicius-pauksciu-migracija-2\/#primaryimage"},"thumbnailUrl":"https:\/\/skaitytaknyga.lt\/wp-content\/uploads\/2024\/05\/pauksciu-migracija.jpg","datePublished":"2024-05-04T14:57:42+00:00","dateModified":"2024-05-04T14:57:48+00:00","description":"Populiariojoje mokslin\u0117je monografijoje\u00a0\"Pauk\u0161\u010di\u0173 migracija\"\u00a0ap\u017evelgiama pauk\u0161\u010di\u0173 migracijos tyrim\u0173 istorija, profesionali\u0173 steb\u0117jim\u0173 metodai, migracij\u0173 klasifikacija, eiga ir charakteristikos, pateikta migracij\u0173 planetoje pavyzd\u017ei\u0173. Monografijoje pristatomas dabartinis po\u017ei\u016bris \u012f migracijos formavim\u0105si ir kilme, migracijos valdym\u0105, supa\u017eindinama su jungtine migracijos valdymo teorija, aptariamos pagrindin\u0117s orientacijos ir navigacijos hipotez\u0117s ir teorijos. Atskiros monografijos dalys skirtos pauk\u0161\u010di\u0173 migracijos rizikai, klimato kaitos ornitologijos tyrimams ir tolesnei migracijos evoliucijai, pristatyta \u012fvairiapus\u0117 migracijos svarba \u017emonijai ir vykdoma migracij\u0173 apsauga. Monografija \"Pauk\u0161\u010di\u0173 migracija\" skiriama pla\u010diajam skaitytoj\u0173 ratui, ji pravers auk\u0161t\u0173j\u0173 mokykl\u0173 biologijos ir ekologijos specialyb\u0117s studentams, moksleiviams kaip papildoma priemon\u0117 studijoms, aplinkosaugininkams, gamtininkams ir gamtos myl\u0117tojams.","breadcrumb":{"@id":"https:\/\/skaitytaknyga.lt\/produktas\/mecislovas-zalakevicius-pauksciu-migracija-2\/#breadcrumb"},"inLanguage":"en-GB","potentialAction":[{"@type":"ReadAction","target":["https:\/\/skaitytaknyga.lt\/produktas\/mecislovas-zalakevicius-pauksciu-migracija-2\/"]}]},{"@type":"ImageObject","inLanguage":"en-GB","@id":"https:\/\/skaitytaknyga.lt\/produktas\/mecislovas-zalakevicius-pauksciu-migracija-2\/#primaryimage","url":"https:\/\/skaitytaknyga.lt\/wp-content\/uploads\/2024\/05\/pauksciu-migracija.jpg","contentUrl":"https:\/\/skaitytaknyga.lt\/wp-content\/uploads\/2024\/05\/pauksciu-migracija.jpg","width":319,"height":450},{"@type":"BreadcrumbList","@id":"https:\/\/skaitytaknyga.lt\/produktas\/mecislovas-zalakevicius-pauksciu-migracija-2\/#breadcrumb","itemListElement":[{"@type":"ListItem","position":1,"name":"Home","item":"https:\/\/skaitytaknyga.lt\/"},{"@type":"ListItem","position":2,"name":"Parduotuv\u0117","item":"https:\/\/skaitytaknyga.lt\/knygu-parduotuve\/"},{"@type":"ListItem","position":3,"name":"Me\u010dislovas \u017dalakevi\u010dius \u201ePauk\u0161\u010di\u0173 migracija&#8221;"}]},{"@type":"WebSite","@id":"https:\/\/skaitytaknyga.lt\/#website","url":"https:\/\/skaitytaknyga.lt\/","name":"skaitytaknyga.lt","description":"Skaitytaknyga.lt \u2013 tai ma\u017eas \u0161eimos verslas, kuris prasid\u0117jo nuo meil\u0117s knygoms ir siekio i\u0161gelb\u0117ti knygas nuo likimo prie konteinerio. Kas vienam nereikalingas daiktas \u2013 kitam lobis, o mes esame tarpininkai, kurie padeda abiems tapti laimingesniems ???? \u017dinome kaip nelengva i\u0161gyventi ma\u017eiems verslams, tad nuo \u0161iol, \u010dia rasite ir kit\u0173, ma\u017e\u0173 \u0161eim\u0173 versl\u0173, rank\u0173 darbo, dovan\u0173 sau ir artimiesiems.","publisher":{"@id":"https:\/\/skaitytaknyga.lt\/#organization"},"potentialAction":[{"@type":"SearchAction","target":{"@type":"EntryPoint","urlTemplate":"https:\/\/skaitytaknyga.lt\/?s={search_term_string}"},"query-input":{"@type":"PropertyValueSpecification","valueRequired":true,"valueName":"search_term_string"}}],"inLanguage":"en-GB"},{"@type":"Organization","@id":"https:\/\/skaitytaknyga.lt\/#organization","name":"skaitytaknyga.lt","url":"https:\/\/skaitytaknyga.lt\/","logo":{"@type":"ImageObject","inLanguage":"en-GB","@id":"https:\/\/skaitytaknyga.lt\/#\/schema\/logo\/image\/","url":"https:\/\/skaitytaknyga.lt\/wp-content\/uploads\/2024\/05\/cropped-cropped-cropped-02_00843_jt3bggkj1j3HLc7SyY6rEUpg.jpeg","contentUrl":"https:\/\/skaitytaknyga.lt\/wp-content\/uploads\/2024\/05\/cropped-cropped-cropped-02_00843_jt3bggkj1j3HLc7SyY6rEUpg.jpeg","width":1600,"height":1600,"caption":"skaitytaknyga.lt"},"image":{"@id":"https:\/\/skaitytaknyga.lt\/#\/schema\/logo\/image\/"},"sameAs":["https:\/\/www.facebook.com\/skaitytaknyga\/"]}]}},"_links":{"self":[{"href":"https:\/\/skaitytaknyga.lt\/en\/wp-json\/wp\/v2\/product\/9130","targetHints":{"allow":["GET"]}}],"collection":[{"href":"https:\/\/skaitytaknyga.lt\/en\/wp-json\/wp\/v2\/product"}],"about":[{"href":"https:\/\/skaitytaknyga.lt\/en\/wp-json\/wp\/v2\/types\/product"}],"replies":[{"embeddable":true,"href":"https:\/\/skaitytaknyga.lt\/en\/wp-json\/wp\/v2\/comments?post=9130"}],"wp:featuredmedia":[{"embeddable":true,"href":"https:\/\/skaitytaknyga.lt\/en\/wp-json\/wp\/v2\/media\/6215"}],"wp:attachment":[{"href":"https:\/\/skaitytaknyga.lt\/en\/wp-json\/wp\/v2\/media?parent=9130"}],"wp:term":[{"taxonomy":"product_brand","embeddable":true,"href":"https:\/\/skaitytaknyga.lt\/en\/wp-json\/wp\/v2\/product_brand?post=9130"},{"taxonomy":"product_cat","embeddable":true,"href":"https:\/\/skaitytaknyga.lt\/en\/wp-json\/wp\/v2\/product_cat?post=9130"},{"taxonomy":"product_tag","embeddable":true,"href":"https:\/\/skaitytaknyga.lt\/en\/wp-json\/wp\/v2\/product_tag?post=9130"}],"curies":[{"name":"wp","href":"https:\/\/api.w.org\/{rel}","templated":true}]}}