{"id":9128,"date":"2024-05-04T14:57:19","date_gmt":"2024-05-04T14:57:19","guid":{"rendered":"https:\/\/skaitytaknyga.lt\/?post_type=product&#038;p=9128"},"modified":"2026-02-05T12:16:09","modified_gmt":"2026-02-05T10:16:09","slug":"saulius-saltenis-riesutu-duona-2","status":"publish","type":"product","link":"https:\/\/skaitytaknyga.lt\/en\/produktas\/saulius-saltenis-riesutu-duona-2\/","title":{"rendered":"Saulius \u0160altenis \u201eRie\u0161ut\u0173 duona\u201c"},"content":{"rendered":"<p>1950-ieji, pokaris. Provincijos miestelyje gyvena dvi \u0161eimos \u2013 Kaminskai ir \u0160atai. Dvi kaimyn\u0173 \u0161eimos, kurios nuolat vaidijasi ir nesutaria. \u0160i prie\u0161prie\u0161a \u012fskiepijama ir vaikams, kurie taip pat nem\u0117gsta kaimynyst\u0117je gyvenan\u010di\u0173 bendraam\u017ei\u0173. Ta\u010diau b\u0117gant metams Andrius \u0160atas vis labiau domisi Liuka Kaminskaite. Tarp jaunuoli\u0173 u\u017egimsta jausmai, griaunantys t\u0117v\u0173 dirbtinai statomas sienas. Ma\u017eame Lietuvos provincijos miestelyje skleid\u017eiasi Romeo ir D\u017eiuljetos dramos verta istorija.<\/p>\n","protected":false},"excerpt":{"rendered":"<p>1950-ieji, pokaris. Provincijos miestelyje gyvena dvi \u0161eimos \u2013 Kaminskai ir \u0160atai. Dvi kaimyn\u0173 \u0161eimos, kurios nuolat vaidijasi ir nesutaria. \u0160i prie\u0161prie\u0161a \u012fskiepijama ir vaikams, kurie taip pat nem\u0117gsta kaimynyst\u0117je gyvenan\u010di\u0173 bendraam\u017ei\u0173. Ta\u010diau b\u0117gant metams Andrius \u0160atas vis labiau domisi Liuka Kaminskaite. Tarp jaunuoli\u0173 u\u017egimsta jausmai, griaunantys t\u0117v\u0173 dirbtinai statomas sienas. Ma\u017eame Lietuvos provincijos miestelyje skleid\u017eiasi Romeo ir D\u017eiuljetos dramos verta istorija.<\/p>\n","protected":false},"featured_media":6205,"comment_status":"closed","ping_status":"closed","template":"","meta":{"_acf_changed":false,"site-sidebar-layout":"default","site-content-layout":"","ast-site-content-layout":"default","site-content-style":"default","site-sidebar-style":"default","ast-global-header-display":"","ast-banner-title-visibility":"","ast-main-header-display":"","ast-hfb-above-header-display":"","ast-hfb-below-header-display":"","ast-hfb-mobile-header-display":"","site-post-title":"","ast-breadcrumbs-content":"","ast-featured-img":"","footer-sml-layout":"","ast-disable-related-posts":"","theme-transparent-header-meta":"","adv-header-id-meta":"","stick-header-meta":"","header-above-stick-meta":"","header-main-stick-meta":"","header-below-stick-meta":"","astra-migrate-meta-layouts":"default","ast-page-background-enabled":"default","ast-page-background-meta":{"desktop":{"background-color":"","background-image":"","background-repeat":"repeat","background-position":"center center","background-size":"auto","background-attachment":"scroll","background-type":"","background-media":"","overlay-type":"","overlay-color":"","overlay-opacity":"","overlay-gradient":""},"tablet":{"background-color":"","background-image":"","background-repeat":"repeat","background-position":"center center","background-size":"auto","background-attachment":"scroll","background-type":"","background-media":"","overlay-type":"","overlay-color":"","overlay-opacity":"","overlay-gradient":""},"mobile":{"background-color":"","background-image":"","background-repeat":"repeat","background-position":"center center","background-size":"auto","background-attachment":"scroll","background-type":"","background-media":"","overlay-type":"","overlay-color":"","overlay-opacity":"","overlay-gradient":""}},"ast-content-background-meta":{"desktop":{"background-color":"var(--ast-global-color-4)","background-image":"","background-repeat":"repeat","background-position":"center center","background-size":"auto","background-attachment":"scroll","background-type":"","background-media":"","overlay-type":"","overlay-color":"","overlay-opacity":"","overlay-gradient":""},"tablet":{"background-color":"var(--ast-global-color-4)","background-image":"","background-repeat":"repeat","background-position":"center center","background-size":"auto","background-attachment":"scroll","background-type":"","background-media":"","overlay-type":"","overlay-color":"","overlay-opacity":"","overlay-gradient":""},"mobile":{"background-color":"var(--ast-global-color-4)","background-image":"","background-repeat":"repeat","background-position":"center center","background-size":"auto","background-attachment":"scroll","background-type":"","background-media":"","overlay-type":"","overlay-color":"","overlay-opacity":"","overlay-gradient":""}}},"product_brand":[],"product_cat":[28,331,35],"product_tag":[],"class_list":{"0":"post-9128","1":"product","2":"type-product","3":"status-publish","4":"has-post-thumbnail","6":"product_cat-klasika","7":"product_cat-programine-literatura","8":"product_cat-vaikams-ir-paaugliams","9":"desktop-align-left","10":"tablet-align-left","11":"mobile-align-left","13":"first","14":"instock","15":"shipping-taxable","16":"purchasable","17":"product-type-simple"},"acf":[],"yoast_head":"<!-- This site is optimized with the Yoast SEO plugin v27.4 - https:\/\/yoast.com\/product\/yoast-seo-wordpress\/ -->\n<title>Saulius \u0160altenis \u201eRie\u0161ut\u0173 duona\u201c - Skaitytaknyga<\/title>\n<meta name=\"description\" content=\"1950-ieji, pokaris. Provincijos miestelyje gyvena dvi \u0161eimos \u2013 Kaminskai ir \u0160atai. Dvi kaimyn\u0173 \u0161eimos, kurios nuolat vaidijasi ir nesutaria. \u0160i prie\u0161prie\u0161a \u012fskiepijama ir vaikams, kurie taip pat nem\u0117gsta kaimynyst\u0117je gyvenan\u010di\u0173 bendraam\u017ei\u0173. Ta\u010diau b\u0117gant metams Andrius \u0160atas vis labiau domisi Liuka Kaminskaite. Tarp jaunuoli\u0173 u\u017egimsta jausmai, griaunantys t\u0117v\u0173 dirbtinai statomas sienas. Ma\u017eame Lietuvos provincijos miestelyje skleid\u017eiasi Romeo ir D\u017eiuljetos dramos verta istorija.\" \/>\n<meta name=\"robots\" content=\"index, follow, max-snippet:-1, max-image-preview:large, max-video-preview:-1\" \/>\n<link rel=\"canonical\" href=\"https:\/\/skaitytaknyga.lt\/en\/produktas\/saulius-saltenis-riesutu-duona-2\/\" \/>\n<meta property=\"og:locale\" content=\"en_GB\" \/>\n<meta property=\"og:locale:alternate\" content=\"lt_LT\" \/>\n<meta property=\"og:type\" content=\"article\" \/>\n<meta property=\"og:title\" content=\"Saulius \u0160altenis \u201eRie\u0161ut\u0173 duona\u201c - Skaitytaknyga\" \/>\n<meta property=\"og:description\" content=\"1950-ieji, pokaris. Provincijos miestelyje gyvena dvi \u0161eimos \u2013 Kaminskai ir \u0160atai. Dvi kaimyn\u0173 \u0161eimos, kurios nuolat vaidijasi ir nesutaria. \u0160i prie\u0161prie\u0161a \u012fskiepijama ir vaikams, kurie taip pat nem\u0117gsta kaimynyst\u0117je gyvenan\u010di\u0173 bendraam\u017ei\u0173. Ta\u010diau b\u0117gant metams Andrius \u0160atas vis labiau domisi Liuka Kaminskaite. Tarp jaunuoli\u0173 u\u017egimsta jausmai, griaunantys t\u0117v\u0173 dirbtinai statomas sienas. Ma\u017eame Lietuvos provincijos miestelyje skleid\u017eiasi Romeo ir D\u017eiuljetos dramos verta istorija.\" \/>\n<meta property=\"og:url\" content=\"https:\/\/skaitytaknyga.lt\/en\/produktas\/saulius-saltenis-riesutu-duona-2\/\" \/>\n<meta property=\"og:site_name\" content=\"Skaitytaknyga\" \/>\n<meta property=\"article:publisher\" content=\"https:\/\/www.facebook.com\/skaitytaknyga\/\" \/>\n<meta property=\"article:modified_time\" content=\"2026-02-05T10:16:09+00:00\" \/>\n<meta property=\"og:image\" content=\"https:\/\/skaitytaknyga.lt\/wp-content\/uploads\/2024\/05\/5217544.jpg\" \/>\n\t<meta property=\"og:image:width\" content=\"220\" \/>\n\t<meta property=\"og:image:height\" content=\"300\" \/>\n\t<meta property=\"og:image:type\" content=\"image\/jpeg\" \/>\n<meta name=\"twitter:card\" content=\"summary_large_image\" \/>\n<script type=\"application\/ld+json\" class=\"yoast-schema-graph\">{\"@context\":\"https:\\\/\\\/schema.org\",\"@graph\":[{\"@type\":\"WebPage\",\"@id\":\"https:\\\/\\\/skaitytaknyga.lt\\\/produktas\\\/saulius-saltenis-riesutu-duona-2\\\/\",\"url\":\"https:\\\/\\\/skaitytaknyga.lt\\\/produktas\\\/saulius-saltenis-riesutu-duona-2\\\/\",\"name\":\"Saulius \u0160altenis \u201eRie\u0161ut\u0173 duona\u201c - Skaitytaknyga\",\"isPartOf\":{\"@id\":\"https:\\\/\\\/skaitytaknyga.lt\\\/#website\"},\"primaryImageOfPage\":{\"@id\":\"https:\\\/\\\/skaitytaknyga.lt\\\/produktas\\\/saulius-saltenis-riesutu-duona-2\\\/#primaryimage\"},\"image\":{\"@id\":\"https:\\\/\\\/skaitytaknyga.lt\\\/produktas\\\/saulius-saltenis-riesutu-duona-2\\\/#primaryimage\"},\"thumbnailUrl\":\"https:\\\/\\\/skaitytaknyga.lt\\\/wp-content\\\/uploads\\\/2024\\\/05\\\/5217544.jpg\",\"datePublished\":\"2024-05-04T14:57:19+00:00\",\"dateModified\":\"2026-02-05T10:16:09+00:00\",\"description\":\"1950-ieji, pokaris. Provincijos miestelyje gyvena dvi \u0161eimos \u2013 Kaminskai ir \u0160atai. Dvi kaimyn\u0173 \u0161eimos, kurios nuolat vaidijasi ir nesutaria. \u0160i prie\u0161prie\u0161a \u012fskiepijama ir vaikams, kurie taip pat nem\u0117gsta kaimynyst\u0117je gyvenan\u010di\u0173 bendraam\u017ei\u0173. Ta\u010diau b\u0117gant metams Andrius \u0160atas vis labiau domisi Liuka Kaminskaite. Tarp jaunuoli\u0173 u\u017egimsta jausmai, griaunantys t\u0117v\u0173 dirbtinai statomas sienas. Ma\u017eame Lietuvos provincijos miestelyje skleid\u017eiasi Romeo ir D\u017eiuljetos dramos verta istorija.\",\"breadcrumb\":{\"@id\":\"https:\\\/\\\/skaitytaknyga.lt\\\/produktas\\\/saulius-saltenis-riesutu-duona-2\\\/#breadcrumb\"},\"inLanguage\":\"en-GB\",\"potentialAction\":[{\"@type\":\"ReadAction\",\"target\":[\"https:\\\/\\\/skaitytaknyga.lt\\\/produktas\\\/saulius-saltenis-riesutu-duona-2\\\/\"]}]},{\"@type\":\"ImageObject\",\"inLanguage\":\"en-GB\",\"@id\":\"https:\\\/\\\/skaitytaknyga.lt\\\/produktas\\\/saulius-saltenis-riesutu-duona-2\\\/#primaryimage\",\"url\":\"https:\\\/\\\/skaitytaknyga.lt\\\/wp-content\\\/uploads\\\/2024\\\/05\\\/5217544.jpg\",\"contentUrl\":\"https:\\\/\\\/skaitytaknyga.lt\\\/wp-content\\\/uploads\\\/2024\\\/05\\\/5217544.jpg\",\"width\":220,\"height\":300},{\"@type\":\"BreadcrumbList\",\"@id\":\"https:\\\/\\\/skaitytaknyga.lt\\\/produktas\\\/saulius-saltenis-riesutu-duona-2\\\/#breadcrumb\",\"itemListElement\":[{\"@type\":\"ListItem\",\"position\":1,\"name\":\"Home\",\"item\":\"https:\\\/\\\/skaitytaknyga.lt\\\/\"},{\"@type\":\"ListItem\",\"position\":2,\"name\":\"Parduotuv\u0117\",\"item\":\"https:\\\/\\\/skaitytaknyga.lt\\\/knygu-parduotuve\\\/\"},{\"@type\":\"ListItem\",\"position\":3,\"name\":\"Saulius \u0160altenis \u201eRie\u0161ut\u0173 duona\u201c\"}]},{\"@type\":\"WebSite\",\"@id\":\"https:\\\/\\\/skaitytaknyga.lt\\\/#website\",\"url\":\"https:\\\/\\\/skaitytaknyga.lt\\\/\",\"name\":\"skaitytaknyga.lt\",\"description\":\"Skaitytaknyga.lt \u2013 tai ma\u017eas \u0161eimos verslas, kuris prasid\u0117jo nuo meil\u0117s knygoms ir siekio i\u0161gelb\u0117ti knygas nuo likimo prie konteinerio. Kas vienam nereikalingas daiktas \u2013 kitam lobis, o mes esame tarpininkai, kurie padeda abiems tapti laimingesniems ???? \u017dinome kaip nelengva i\u0161gyventi ma\u017eiems verslams, tad nuo \u0161iol, \u010dia rasite ir kit\u0173, ma\u017e\u0173 \u0161eim\u0173 versl\u0173, rank\u0173 darbo, dovan\u0173 sau ir artimiesiems.\",\"publisher\":{\"@id\":\"https:\\\/\\\/skaitytaknyga.lt\\\/#organization\"},\"potentialAction\":[{\"@type\":\"SearchAction\",\"target\":{\"@type\":\"EntryPoint\",\"urlTemplate\":\"https:\\\/\\\/skaitytaknyga.lt\\\/?s={search_term_string}\"},\"query-input\":{\"@type\":\"PropertyValueSpecification\",\"valueRequired\":true,\"valueName\":\"search_term_string\"}}],\"inLanguage\":\"en-GB\"},{\"@type\":\"Organization\",\"@id\":\"https:\\\/\\\/skaitytaknyga.lt\\\/#organization\",\"name\":\"skaitytaknyga.lt\",\"url\":\"https:\\\/\\\/skaitytaknyga.lt\\\/\",\"logo\":{\"@type\":\"ImageObject\",\"inLanguage\":\"en-GB\",\"@id\":\"https:\\\/\\\/skaitytaknyga.lt\\\/#\\\/schema\\\/logo\\\/image\\\/\",\"url\":\"https:\\\/\\\/skaitytaknyga.lt\\\/wp-content\\\/uploads\\\/2024\\\/05\\\/cropped-cropped-cropped-02_00843_jt3bggkj1j3HLc7SyY6rEUpg.jpeg\",\"contentUrl\":\"https:\\\/\\\/skaitytaknyga.lt\\\/wp-content\\\/uploads\\\/2024\\\/05\\\/cropped-cropped-cropped-02_00843_jt3bggkj1j3HLc7SyY6rEUpg.jpeg\",\"width\":1600,\"height\":1600,\"caption\":\"skaitytaknyga.lt\"},\"image\":{\"@id\":\"https:\\\/\\\/skaitytaknyga.lt\\\/#\\\/schema\\\/logo\\\/image\\\/\"},\"sameAs\":[\"https:\\\/\\\/www.facebook.com\\\/skaitytaknyga\\\/\"]}]}<\/script>\n<!-- \/ Yoast SEO plugin. -->","yoast_head_json":{"title":"Saulius \u0160altenis \u201eRie\u0161ut\u0173 duona\u201c - Skaitytaknyga","description":"1950-ieji, pokaris. Provincijos miestelyje gyvena dvi \u0161eimos \u2013 Kaminskai ir \u0160atai. Dvi kaimyn\u0173 \u0161eimos, kurios nuolat vaidijasi ir nesutaria. \u0160i prie\u0161prie\u0161a \u012fskiepijama ir vaikams, kurie taip pat nem\u0117gsta kaimynyst\u0117je gyvenan\u010di\u0173 bendraam\u017ei\u0173. Ta\u010diau b\u0117gant metams Andrius \u0160atas vis labiau domisi Liuka Kaminskaite. Tarp jaunuoli\u0173 u\u017egimsta jausmai, griaunantys t\u0117v\u0173 dirbtinai statomas sienas. Ma\u017eame Lietuvos provincijos miestelyje skleid\u017eiasi Romeo ir D\u017eiuljetos dramos verta istorija.","robots":{"index":"index","follow":"follow","max-snippet":"max-snippet:-1","max-image-preview":"max-image-preview:large","max-video-preview":"max-video-preview:-1"},"canonical":"https:\/\/skaitytaknyga.lt\/en\/produktas\/saulius-saltenis-riesutu-duona-2\/","og_locale":"en_GB","og_type":"article","og_title":"Saulius \u0160altenis \u201eRie\u0161ut\u0173 duona\u201c - Skaitytaknyga","og_description":"1950-ieji, pokaris. Provincijos miestelyje gyvena dvi \u0161eimos \u2013 Kaminskai ir \u0160atai. Dvi kaimyn\u0173 \u0161eimos, kurios nuolat vaidijasi ir nesutaria. \u0160i prie\u0161prie\u0161a \u012fskiepijama ir vaikams, kurie taip pat nem\u0117gsta kaimynyst\u0117je gyvenan\u010di\u0173 bendraam\u017ei\u0173. Ta\u010diau b\u0117gant metams Andrius \u0160atas vis labiau domisi Liuka Kaminskaite. Tarp jaunuoli\u0173 u\u017egimsta jausmai, griaunantys t\u0117v\u0173 dirbtinai statomas sienas. Ma\u017eame Lietuvos provincijos miestelyje skleid\u017eiasi Romeo ir D\u017eiuljetos dramos verta istorija.","og_url":"https:\/\/skaitytaknyga.lt\/en\/produktas\/saulius-saltenis-riesutu-duona-2\/","og_site_name":"Skaitytaknyga","article_publisher":"https:\/\/www.facebook.com\/skaitytaknyga\/","article_modified_time":"2026-02-05T10:16:09+00:00","og_image":[{"width":220,"height":300,"url":"https:\/\/skaitytaknyga.lt\/wp-content\/uploads\/2024\/05\/5217544.jpg","type":"image\/jpeg"}],"twitter_card":"summary_large_image","schema":{"@context":"https:\/\/schema.org","@graph":[{"@type":"WebPage","@id":"https:\/\/skaitytaknyga.lt\/produktas\/saulius-saltenis-riesutu-duona-2\/","url":"https:\/\/skaitytaknyga.lt\/produktas\/saulius-saltenis-riesutu-duona-2\/","name":"Saulius \u0160altenis \u201eRie\u0161ut\u0173 duona\u201c - Skaitytaknyga","isPartOf":{"@id":"https:\/\/skaitytaknyga.lt\/#website"},"primaryImageOfPage":{"@id":"https:\/\/skaitytaknyga.lt\/produktas\/saulius-saltenis-riesutu-duona-2\/#primaryimage"},"image":{"@id":"https:\/\/skaitytaknyga.lt\/produktas\/saulius-saltenis-riesutu-duona-2\/#primaryimage"},"thumbnailUrl":"https:\/\/skaitytaknyga.lt\/wp-content\/uploads\/2024\/05\/5217544.jpg","datePublished":"2024-05-04T14:57:19+00:00","dateModified":"2026-02-05T10:16:09+00:00","description":"1950-ieji, pokaris. Provincijos miestelyje gyvena dvi \u0161eimos \u2013 Kaminskai ir \u0160atai. Dvi kaimyn\u0173 \u0161eimos, kurios nuolat vaidijasi ir nesutaria. \u0160i prie\u0161prie\u0161a \u012fskiepijama ir vaikams, kurie taip pat nem\u0117gsta kaimynyst\u0117je gyvenan\u010di\u0173 bendraam\u017ei\u0173. Ta\u010diau b\u0117gant metams Andrius \u0160atas vis labiau domisi Liuka Kaminskaite. Tarp jaunuoli\u0173 u\u017egimsta jausmai, griaunantys t\u0117v\u0173 dirbtinai statomas sienas. Ma\u017eame Lietuvos provincijos miestelyje skleid\u017eiasi Romeo ir D\u017eiuljetos dramos verta istorija.","breadcrumb":{"@id":"https:\/\/skaitytaknyga.lt\/produktas\/saulius-saltenis-riesutu-duona-2\/#breadcrumb"},"inLanguage":"en-GB","potentialAction":[{"@type":"ReadAction","target":["https:\/\/skaitytaknyga.lt\/produktas\/saulius-saltenis-riesutu-duona-2\/"]}]},{"@type":"ImageObject","inLanguage":"en-GB","@id":"https:\/\/skaitytaknyga.lt\/produktas\/saulius-saltenis-riesutu-duona-2\/#primaryimage","url":"https:\/\/skaitytaknyga.lt\/wp-content\/uploads\/2024\/05\/5217544.jpg","contentUrl":"https:\/\/skaitytaknyga.lt\/wp-content\/uploads\/2024\/05\/5217544.jpg","width":220,"height":300},{"@type":"BreadcrumbList","@id":"https:\/\/skaitytaknyga.lt\/produktas\/saulius-saltenis-riesutu-duona-2\/#breadcrumb","itemListElement":[{"@type":"ListItem","position":1,"name":"Home","item":"https:\/\/skaitytaknyga.lt\/"},{"@type":"ListItem","position":2,"name":"Parduotuv\u0117","item":"https:\/\/skaitytaknyga.lt\/knygu-parduotuve\/"},{"@type":"ListItem","position":3,"name":"Saulius \u0160altenis \u201eRie\u0161ut\u0173 duona\u201c"}]},{"@type":"WebSite","@id":"https:\/\/skaitytaknyga.lt\/#website","url":"https:\/\/skaitytaknyga.lt\/","name":"skaitytaknyga.lt","description":"Skaitytaknyga.lt \u2013 tai ma\u017eas \u0161eimos verslas, kuris prasid\u0117jo nuo meil\u0117s knygoms ir siekio i\u0161gelb\u0117ti knygas nuo likimo prie konteinerio. Kas vienam nereikalingas daiktas \u2013 kitam lobis, o mes esame tarpininkai, kurie padeda abiems tapti laimingesniems ???? \u017dinome kaip nelengva i\u0161gyventi ma\u017eiems verslams, tad nuo \u0161iol, \u010dia rasite ir kit\u0173, ma\u017e\u0173 \u0161eim\u0173 versl\u0173, rank\u0173 darbo, dovan\u0173 sau ir artimiesiems.","publisher":{"@id":"https:\/\/skaitytaknyga.lt\/#organization"},"potentialAction":[{"@type":"SearchAction","target":{"@type":"EntryPoint","urlTemplate":"https:\/\/skaitytaknyga.lt\/?s={search_term_string}"},"query-input":{"@type":"PropertyValueSpecification","valueRequired":true,"valueName":"search_term_string"}}],"inLanguage":"en-GB"},{"@type":"Organization","@id":"https:\/\/skaitytaknyga.lt\/#organization","name":"skaitytaknyga.lt","url":"https:\/\/skaitytaknyga.lt\/","logo":{"@type":"ImageObject","inLanguage":"en-GB","@id":"https:\/\/skaitytaknyga.lt\/#\/schema\/logo\/image\/","url":"https:\/\/skaitytaknyga.lt\/wp-content\/uploads\/2024\/05\/cropped-cropped-cropped-02_00843_jt3bggkj1j3HLc7SyY6rEUpg.jpeg","contentUrl":"https:\/\/skaitytaknyga.lt\/wp-content\/uploads\/2024\/05\/cropped-cropped-cropped-02_00843_jt3bggkj1j3HLc7SyY6rEUpg.jpeg","width":1600,"height":1600,"caption":"skaitytaknyga.lt"},"image":{"@id":"https:\/\/skaitytaknyga.lt\/#\/schema\/logo\/image\/"},"sameAs":["https:\/\/www.facebook.com\/skaitytaknyga\/"]}]}},"_links":{"self":[{"href":"https:\/\/skaitytaknyga.lt\/en\/wp-json\/wp\/v2\/product\/9128","targetHints":{"allow":["GET"]}}],"collection":[{"href":"https:\/\/skaitytaknyga.lt\/en\/wp-json\/wp\/v2\/product"}],"about":[{"href":"https:\/\/skaitytaknyga.lt\/en\/wp-json\/wp\/v2\/types\/product"}],"replies":[{"embeddable":true,"href":"https:\/\/skaitytaknyga.lt\/en\/wp-json\/wp\/v2\/comments?post=9128"}],"wp:featuredmedia":[{"embeddable":true,"href":"https:\/\/skaitytaknyga.lt\/en\/wp-json\/wp\/v2\/media\/6205"}],"wp:attachment":[{"href":"https:\/\/skaitytaknyga.lt\/en\/wp-json\/wp\/v2\/media?parent=9128"}],"wp:term":[{"taxonomy":"product_brand","embeddable":true,"href":"https:\/\/skaitytaknyga.lt\/en\/wp-json\/wp\/v2\/product_brand?post=9128"},{"taxonomy":"product_cat","embeddable":true,"href":"https:\/\/skaitytaknyga.lt\/en\/wp-json\/wp\/v2\/product_cat?post=9128"},{"taxonomy":"product_tag","embeddable":true,"href":"https:\/\/skaitytaknyga.lt\/en\/wp-json\/wp\/v2\/product_tag?post=9128"}],"curies":[{"name":"wp","href":"https:\/\/api.w.org\/{rel}","templated":true}]}}