{"id":9125,"date":"2024-05-04T14:57:19","date_gmt":"2024-05-04T14:57:19","guid":{"rendered":"https:\/\/skaitytaknyga.lt\/?post_type=product&#038;p=9125"},"modified":"2026-01-12T00:48:08","modified_gmt":"2026-01-11T22:48:08","slug":"balys-sruoga-dievu-miskas-3","status":"publish","type":"product","link":"https:\/\/skaitytaknyga.lt\/en\/produktas\/balys-sruoga-dievu-miskas-3\/","title":{"rendered":"Diev\u0173 mi\u0161kas"},"content":{"rendered":"<p>Balys Sruoga (1896\u20131947) \u2013 lietuvi\u0173 literat\u016bros klasikas. Be jo ne\u012fmanoma \u012fsivaizduoti XX a. pirmosios pus\u0117s Lietuvos kult\u016brinio gyvenimo. Ra\u0161ytojo atsiminim\u0173 knyga Diev\u0173 mi\u0161kas vertinama kaip vienas originaliausi\u0173 Europos memuaristikos k\u016brini\u0173 apie naci\u0173 koncentracijos stovyklas. Pirm\u0105 kart\u0105 atsiminimai i\u0161leisti 1957 m., autoriui jau mirus. 2005 m. re\u017eisierius Algimantas Puipa k\u016brinio motyvais pastat\u0117 kino film\u0105.<\/p>\n<p>\u0160i knyga parengta pagal Lietuvos ra\u0161ytoj\u0173 s\u0105jungos leidyklos 2005 m. leidim\u0105. K\u016brinio tekstas nekupi\u016bruotas. Leidime palikta asmenvard\u017ei\u0173 ir vietovard\u017ei\u0173 ra\u0161yba su \u0161iokiais tokiais netikslumais, kuri\u0173 b\u016bta pirmame k\u016brinio rankra\u0161tyje.<\/p>\n","protected":false},"excerpt":{"rendered":"<p>Balys Sruoga (1896\u20131947) \u2013 lietuvi\u0173 literat\u016bros klasikas. Be jo ne\u012fmanoma \u012fsivaizduoti XX a. pirmosios pus\u0117s Lietuvos kult\u016brinio gyvenimo. Ra\u0161ytojo atsiminim\u0173 knyga Diev\u0173 mi\u0161kas vertinama kaip vienas originaliausi\u0173 Europos memuaristikos k\u016brini\u0173 apie naci\u0173 koncentracijos stovyklas. Pirm\u0105 kart\u0105 atsiminimai i\u0161leisti 1957 m., autoriui jau mirus. 2005 m. re\u017eisierius Algimantas Puipa k\u016brinio motyvais pastat\u0117 kino film\u0105.<\/p>\n<p>\u0160i knyga parengta pagal Lietuvos ra\u0161ytoj\u0173 s\u0105jungos leidyklos 2005 m. leidim\u0105. K\u016brinio tekstas nekupi\u016bruotas. Leidime palikta asmenvard\u017ei\u0173 ir vietovard\u017ei\u0173 ra\u0161yba su \u0161iokiais tokiais netikslumais, kuri\u0173 b\u016bta pirmame k\u016brinio rankra\u0161tyje.<\/p>\n","protected":false},"featured_media":6202,"comment_status":"closed","ping_status":"closed","template":"","meta":{"_acf_changed":false,"site-sidebar-layout":"default","site-content-layout":"","ast-site-content-layout":"default","site-content-style":"default","site-sidebar-style":"default","ast-global-header-display":"","ast-banner-title-visibility":"","ast-main-header-display":"","ast-hfb-above-header-display":"","ast-hfb-below-header-display":"","ast-hfb-mobile-header-display":"","site-post-title":"","ast-breadcrumbs-content":"","ast-featured-img":"","footer-sml-layout":"","ast-disable-related-posts":"","theme-transparent-header-meta":"","adv-header-id-meta":"","stick-header-meta":"","header-above-stick-meta":"","header-main-stick-meta":"","header-below-stick-meta":"","astra-migrate-meta-layouts":"default","ast-page-background-enabled":"default","ast-page-background-meta":{"desktop":{"background-color":"","background-image":"","background-repeat":"repeat","background-position":"center center","background-size":"auto","background-attachment":"scroll","background-type":"","background-media":"","overlay-type":"","overlay-color":"","overlay-opacity":"","overlay-gradient":""},"tablet":{"background-color":"","background-image":"","background-repeat":"repeat","background-position":"center center","background-size":"auto","background-attachment":"scroll","background-type":"","background-media":"","overlay-type":"","overlay-color":"","overlay-opacity":"","overlay-gradient":""},"mobile":{"background-color":"","background-image":"","background-repeat":"repeat","background-position":"center center","background-size":"auto","background-attachment":"scroll","background-type":"","background-media":"","overlay-type":"","overlay-color":"","overlay-opacity":"","overlay-gradient":""}},"ast-content-background-meta":{"desktop":{"background-color":"var(--ast-global-color-4)","background-image":"","background-repeat":"repeat","background-position":"center center","background-size":"auto","background-attachment":"scroll","background-type":"","background-media":"","overlay-type":"","overlay-color":"","overlay-opacity":"","overlay-gradient":""},"tablet":{"background-color":"var(--ast-global-color-4)","background-image":"","background-repeat":"repeat","background-position":"center center","background-size":"auto","background-attachment":"scroll","background-type":"","background-media":"","overlay-type":"","overlay-color":"","overlay-opacity":"","overlay-gradient":""},"mobile":{"background-color":"var(--ast-global-color-4)","background-image":"","background-repeat":"repeat","background-position":"center center","background-size":"auto","background-attachment":"scroll","background-type":"","background-media":"","overlay-type":"","overlay-color":"","overlay-opacity":"","overlay-gradient":""}}},"product_brand":[],"product_cat":[28,331,35],"product_tag":[1342],"class_list":{"0":"post-9125","1":"product","2":"type-product","3":"status-publish","4":"has-post-thumbnail","6":"product_cat-klasika","7":"product_cat-programine-literatura","8":"product_cat-vaikams-ir-paaugliams","9":"product_tag-balys-sruoga","10":"desktop-align-left","11":"tablet-align-left","12":"mobile-align-left","14":"first","15":"outofstock","16":"shipping-taxable","17":"purchasable","18":"product-type-simple"},"acf":[],"yoast_head":"<!-- This site is optimized with the Yoast SEO plugin v27.0 - https:\/\/yoast.com\/product\/yoast-seo-wordpress\/ -->\n<title>Diev\u0173 mi\u0161kas<\/title>\n<meta name=\"description\" content=\"Balys Sruoga (1896\u20131947) \u2013 lietuvi\u0173 literat\u016bros klasikas. Be jo ne\u012fmanoma \u012fsivaizduoti XX a. pirmosios pus\u0117s Lietuvos kult\u016brinio gyvenimo. Ra\u0161ytojo atsiminim\u0173 knyga Diev\u0173 mi\u0161kas vertinama kaip vienas originaliausi\u0173 Europos memuaristikos k\u016brini\u0173 apie naci\u0173 koncentracijos stovyklas. Pirm\u0105 kart\u0105 atsiminimai i\u0161leisti 1957 m., autoriui jau mirus. 2005 m. re\u017eisierius Algimantas Puipa k\u016brinio motyvais pastat\u0117 kino film\u0105.  \u0160i knyga parengta pagal Lietuvos ra\u0161ytoj\u0173 s\u0105jungos leidyklos 2005 m. leidim\u0105. K\u016brinio tekstas nekupi\u016bruotas. Leidime palikta asmenvard\u017ei\u0173 ir vietovard\u017ei\u0173 ra\u0161yba su \u0161iokiais tokiais netikslumais, kuri\u0173 b\u016bta pirmame k\u016brinio rankra\u0161tyje.\" \/>\n<meta name=\"robots\" content=\"index, follow, max-snippet:-1, max-image-preview:large, max-video-preview:-1\" \/>\n<link rel=\"canonical\" href=\"https:\/\/skaitytaknyga.lt\/en\/produktas\/balys-sruoga-dievu-miskas-3\/\" \/>\n<meta property=\"og:locale\" content=\"en_GB\" \/>\n<meta property=\"og:locale:alternate\" content=\"lt_LT\" \/>\n<meta property=\"og:type\" content=\"article\" \/>\n<meta property=\"og:title\" content=\"Diev\u0173 mi\u0161kas\" \/>\n<meta property=\"og:description\" content=\"Balys Sruoga (1896\u20131947) \u2013 lietuvi\u0173 literat\u016bros klasikas. Be jo ne\u012fmanoma \u012fsivaizduoti XX a. pirmosios pus\u0117s Lietuvos kult\u016brinio gyvenimo. Ra\u0161ytojo atsiminim\u0173 knyga Diev\u0173 mi\u0161kas vertinama kaip vienas originaliausi\u0173 Europos memuaristikos k\u016brini\u0173 apie naci\u0173 koncentracijos stovyklas. Pirm\u0105 kart\u0105 atsiminimai i\u0161leisti 1957 m., autoriui jau mirus. 2005 m. re\u017eisierius Algimantas Puipa k\u016brinio motyvais pastat\u0117 kino film\u0105.  \u0160i knyga parengta pagal Lietuvos ra\u0161ytoj\u0173 s\u0105jungos leidyklos 2005 m. leidim\u0105. K\u016brinio tekstas nekupi\u016bruotas. Leidime palikta asmenvard\u017ei\u0173 ir vietovard\u017ei\u0173 ra\u0161yba su \u0161iokiais tokiais netikslumais, kuri\u0173 b\u016bta pirmame k\u016brinio rankra\u0161tyje.\" \/>\n<meta property=\"og:url\" content=\"https:\/\/skaitytaknyga.lt\/en\/produktas\/balys-sruoga-dievu-miskas-3\/\" \/>\n<meta property=\"og:site_name\" content=\"Skaitytaknyga\" \/>\n<meta property=\"article:publisher\" content=\"https:\/\/www.facebook.com\/skaitytaknyga\/\" \/>\n<meta property=\"article:modified_time\" content=\"2026-01-11T22:48:08+00:00\" \/>\n<meta property=\"og:image\" content=\"https:\/\/skaitytaknyga.lt\/wp-content\/uploads\/2024\/05\/unnamed-2-1.jpg\" \/>\n\t<meta property=\"og:image:width\" content=\"288\" \/>\n\t<meta property=\"og:image:height\" content=\"512\" \/>\n\t<meta property=\"og:image:type\" content=\"image\/jpeg\" \/>\n<meta name=\"twitter:card\" content=\"summary_large_image\" \/>\n<script type=\"application\/ld+json\" class=\"yoast-schema-graph\">{\"@context\":\"https:\/\/schema.org\",\"@graph\":[{\"@type\":\"WebPage\",\"@id\":\"https:\/\/skaitytaknyga.lt\/produktas\/balys-sruoga-dievu-miskas-3\/\",\"url\":\"https:\/\/skaitytaknyga.lt\/produktas\/balys-sruoga-dievu-miskas-3\/\",\"name\":\"Diev\u0173 mi\u0161kas\",\"isPartOf\":{\"@id\":\"https:\/\/skaitytaknyga.lt\/#website\"},\"primaryImageOfPage\":{\"@id\":\"https:\/\/skaitytaknyga.lt\/produktas\/balys-sruoga-dievu-miskas-3\/#primaryimage\"},\"image\":{\"@id\":\"https:\/\/skaitytaknyga.lt\/produktas\/balys-sruoga-dievu-miskas-3\/#primaryimage\"},\"thumbnailUrl\":\"https:\/\/skaitytaknyga.lt\/wp-content\/uploads\/2024\/05\/unnamed-2-1.jpg\",\"datePublished\":\"2024-05-04T14:57:19+00:00\",\"dateModified\":\"2026-01-11T22:48:08+00:00\",\"description\":\"Balys Sruoga (1896\u20131947) \u2013 lietuvi\u0173 literat\u016bros klasikas. Be jo ne\u012fmanoma \u012fsivaizduoti XX a. pirmosios pus\u0117s Lietuvos kult\u016brinio gyvenimo. Ra\u0161ytojo atsiminim\u0173 knyga Diev\u0173 mi\u0161kas vertinama kaip vienas originaliausi\u0173 Europos memuaristikos k\u016brini\u0173 apie naci\u0173 koncentracijos stovyklas. Pirm\u0105 kart\u0105 atsiminimai i\u0161leisti 1957 m., autoriui jau mirus. 2005 m. re\u017eisierius Algimantas Puipa k\u016brinio motyvais pastat\u0117 kino film\u0105. \u0160i knyga parengta pagal Lietuvos ra\u0161ytoj\u0173 s\u0105jungos leidyklos 2005 m. leidim\u0105. K\u016brinio tekstas nekupi\u016bruotas. Leidime palikta asmenvard\u017ei\u0173 ir vietovard\u017ei\u0173 ra\u0161yba su \u0161iokiais tokiais netikslumais, kuri\u0173 b\u016bta pirmame k\u016brinio rankra\u0161tyje.\",\"breadcrumb\":{\"@id\":\"https:\/\/skaitytaknyga.lt\/produktas\/balys-sruoga-dievu-miskas-3\/#breadcrumb\"},\"inLanguage\":\"en-GB\",\"potentialAction\":[{\"@type\":\"ReadAction\",\"target\":[\"https:\/\/skaitytaknyga.lt\/produktas\/balys-sruoga-dievu-miskas-3\/\"]}]},{\"@type\":\"ImageObject\",\"inLanguage\":\"en-GB\",\"@id\":\"https:\/\/skaitytaknyga.lt\/produktas\/balys-sruoga-dievu-miskas-3\/#primaryimage\",\"url\":\"https:\/\/skaitytaknyga.lt\/wp-content\/uploads\/2024\/05\/unnamed-2-1.jpg\",\"contentUrl\":\"https:\/\/skaitytaknyga.lt\/wp-content\/uploads\/2024\/05\/unnamed-2-1.jpg\",\"width\":288,\"height\":512},{\"@type\":\"BreadcrumbList\",\"@id\":\"https:\/\/skaitytaknyga.lt\/produktas\/balys-sruoga-dievu-miskas-3\/#breadcrumb\",\"itemListElement\":[{\"@type\":\"ListItem\",\"position\":1,\"name\":\"Home\",\"item\":\"https:\/\/skaitytaknyga.lt\/\"},{\"@type\":\"ListItem\",\"position\":2,\"name\":\"Parduotuv\u0117\",\"item\":\"https:\/\/skaitytaknyga.lt\/knygu-parduotuve\/\"},{\"@type\":\"ListItem\",\"position\":3,\"name\":\"Diev\u0173 mi\u0161kas\"}]},{\"@type\":\"WebSite\",\"@id\":\"https:\/\/skaitytaknyga.lt\/#website\",\"url\":\"https:\/\/skaitytaknyga.lt\/\",\"name\":\"skaitytaknyga.lt\",\"description\":\"Skaitytaknyga.lt \u2013 tai ma\u017eas \u0161eimos verslas, kuris prasid\u0117jo nuo meil\u0117s knygoms ir siekio i\u0161gelb\u0117ti knygas nuo likimo prie konteinerio. Kas vienam nereikalingas daiktas \u2013 kitam lobis, o mes esame tarpininkai, kurie padeda abiems tapti laimingesniems ???? \u017dinome kaip nelengva i\u0161gyventi ma\u017eiems verslams, tad nuo \u0161iol, \u010dia rasite ir kit\u0173, ma\u017e\u0173 \u0161eim\u0173 versl\u0173, rank\u0173 darbo, dovan\u0173 sau ir artimiesiems.\",\"publisher\":{\"@id\":\"https:\/\/skaitytaknyga.lt\/#organization\"},\"potentialAction\":[{\"@type\":\"SearchAction\",\"target\":{\"@type\":\"EntryPoint\",\"urlTemplate\":\"https:\/\/skaitytaknyga.lt\/?s={search_term_string}\"},\"query-input\":{\"@type\":\"PropertyValueSpecification\",\"valueRequired\":true,\"valueName\":\"search_term_string\"}}],\"inLanguage\":\"en-GB\"},{\"@type\":\"Organization\",\"@id\":\"https:\/\/skaitytaknyga.lt\/#organization\",\"name\":\"skaitytaknyga.lt\",\"url\":\"https:\/\/skaitytaknyga.lt\/\",\"logo\":{\"@type\":\"ImageObject\",\"inLanguage\":\"en-GB\",\"@id\":\"https:\/\/skaitytaknyga.lt\/#\/schema\/logo\/image\/\",\"url\":\"https:\/\/skaitytaknyga.lt\/wp-content\/uploads\/2024\/05\/cropped-cropped-cropped-02_00843_jt3bggkj1j3HLc7SyY6rEUpg.jpeg\",\"contentUrl\":\"https:\/\/skaitytaknyga.lt\/wp-content\/uploads\/2024\/05\/cropped-cropped-cropped-02_00843_jt3bggkj1j3HLc7SyY6rEUpg.jpeg\",\"width\":1600,\"height\":1600,\"caption\":\"skaitytaknyga.lt\"},\"image\":{\"@id\":\"https:\/\/skaitytaknyga.lt\/#\/schema\/logo\/image\/\"},\"sameAs\":[\"https:\/\/www.facebook.com\/skaitytaknyga\/\"]}]}<\/script>\n<!-- \/ Yoast SEO plugin. -->","yoast_head_json":{"title":"Diev\u0173 mi\u0161kas","description":"Balys Sruoga (1896\u20131947) \u2013 lietuvi\u0173 literat\u016bros klasikas. Be jo ne\u012fmanoma \u012fsivaizduoti XX a. pirmosios pus\u0117s Lietuvos kult\u016brinio gyvenimo. Ra\u0161ytojo atsiminim\u0173 knyga Diev\u0173 mi\u0161kas vertinama kaip vienas originaliausi\u0173 Europos memuaristikos k\u016brini\u0173 apie naci\u0173 koncentracijos stovyklas. Pirm\u0105 kart\u0105 atsiminimai i\u0161leisti 1957 m., autoriui jau mirus. 2005 m. re\u017eisierius Algimantas Puipa k\u016brinio motyvais pastat\u0117 kino film\u0105.  \u0160i knyga parengta pagal Lietuvos ra\u0161ytoj\u0173 s\u0105jungos leidyklos 2005 m. leidim\u0105. K\u016brinio tekstas nekupi\u016bruotas. Leidime palikta asmenvard\u017ei\u0173 ir vietovard\u017ei\u0173 ra\u0161yba su \u0161iokiais tokiais netikslumais, kuri\u0173 b\u016bta pirmame k\u016brinio rankra\u0161tyje.","robots":{"index":"index","follow":"follow","max-snippet":"max-snippet:-1","max-image-preview":"max-image-preview:large","max-video-preview":"max-video-preview:-1"},"canonical":"https:\/\/skaitytaknyga.lt\/en\/produktas\/balys-sruoga-dievu-miskas-3\/","og_locale":"en_GB","og_type":"article","og_title":"[:lt]Diev\u0173 mi\u0161kas[:] - Skaitytaknyga","og_description":"Balys Sruoga (1896\u20131947) \u2013 lietuvi\u0173 literat\u016bros klasikas. Be jo ne\u012fmanoma \u012fsivaizduoti XX a. pirmosios pus\u0117s Lietuvos kult\u016brinio gyvenimo. Ra\u0161ytojo atsiminim\u0173 knyga Diev\u0173 mi\u0161kas vertinama kaip vienas originaliausi\u0173 Europos memuaristikos k\u016brini\u0173 apie naci\u0173 koncentracijos stovyklas. Pirm\u0105 kart\u0105 atsiminimai i\u0161leisti 1957 m., autoriui jau mirus. 2005 m. re\u017eisierius Algimantas Puipa k\u016brinio motyvais pastat\u0117 kino film\u0105.  \u0160i knyga parengta pagal Lietuvos ra\u0161ytoj\u0173 s\u0105jungos leidyklos 2005 m. leidim\u0105. K\u016brinio tekstas nekupi\u016bruotas. Leidime palikta asmenvard\u017ei\u0173 ir vietovard\u017ei\u0173 ra\u0161yba su \u0161iokiais tokiais netikslumais, kuri\u0173 b\u016bta pirmame k\u016brinio rankra\u0161tyje.","og_url":"https:\/\/skaitytaknyga.lt\/en\/produktas\/balys-sruoga-dievu-miskas-3\/","og_site_name":"Skaitytaknyga","article_publisher":"https:\/\/www.facebook.com\/skaitytaknyga\/","article_modified_time":"2026-01-11T22:48:08+00:00","og_image":[{"width":288,"height":512,"url":"https:\/\/skaitytaknyga.lt\/wp-content\/uploads\/2024\/05\/unnamed-2-1.jpg","type":"image\/jpeg"}],"twitter_card":"summary_large_image","schema":{"@context":"https:\/\/schema.org","@graph":[{"@type":"WebPage","@id":"https:\/\/skaitytaknyga.lt\/produktas\/balys-sruoga-dievu-miskas-3\/","url":"https:\/\/skaitytaknyga.lt\/produktas\/balys-sruoga-dievu-miskas-3\/","name":"Diev\u0173 mi\u0161kas","isPartOf":{"@id":"https:\/\/skaitytaknyga.lt\/#website"},"primaryImageOfPage":{"@id":"https:\/\/skaitytaknyga.lt\/produktas\/balys-sruoga-dievu-miskas-3\/#primaryimage"},"image":{"@id":"https:\/\/skaitytaknyga.lt\/produktas\/balys-sruoga-dievu-miskas-3\/#primaryimage"},"thumbnailUrl":"https:\/\/skaitytaknyga.lt\/wp-content\/uploads\/2024\/05\/unnamed-2-1.jpg","datePublished":"2024-05-04T14:57:19+00:00","dateModified":"2026-01-11T22:48:08+00:00","description":"Balys Sruoga (1896\u20131947) \u2013 lietuvi\u0173 literat\u016bros klasikas. Be jo ne\u012fmanoma \u012fsivaizduoti XX a. pirmosios pus\u0117s Lietuvos kult\u016brinio gyvenimo. Ra\u0161ytojo atsiminim\u0173 knyga Diev\u0173 mi\u0161kas vertinama kaip vienas originaliausi\u0173 Europos memuaristikos k\u016brini\u0173 apie naci\u0173 koncentracijos stovyklas. Pirm\u0105 kart\u0105 atsiminimai i\u0161leisti 1957 m., autoriui jau mirus. 2005 m. re\u017eisierius Algimantas Puipa k\u016brinio motyvais pastat\u0117 kino film\u0105. \u0160i knyga parengta pagal Lietuvos ra\u0161ytoj\u0173 s\u0105jungos leidyklos 2005 m. leidim\u0105. K\u016brinio tekstas nekupi\u016bruotas. Leidime palikta asmenvard\u017ei\u0173 ir vietovard\u017ei\u0173 ra\u0161yba su \u0161iokiais tokiais netikslumais, kuri\u0173 b\u016bta pirmame k\u016brinio rankra\u0161tyje.","breadcrumb":{"@id":"https:\/\/skaitytaknyga.lt\/produktas\/balys-sruoga-dievu-miskas-3\/#breadcrumb"},"inLanguage":"en-GB","potentialAction":[{"@type":"ReadAction","target":["https:\/\/skaitytaknyga.lt\/produktas\/balys-sruoga-dievu-miskas-3\/"]}]},{"@type":"ImageObject","inLanguage":"en-GB","@id":"https:\/\/skaitytaknyga.lt\/produktas\/balys-sruoga-dievu-miskas-3\/#primaryimage","url":"https:\/\/skaitytaknyga.lt\/wp-content\/uploads\/2024\/05\/unnamed-2-1.jpg","contentUrl":"https:\/\/skaitytaknyga.lt\/wp-content\/uploads\/2024\/05\/unnamed-2-1.jpg","width":288,"height":512},{"@type":"BreadcrumbList","@id":"https:\/\/skaitytaknyga.lt\/produktas\/balys-sruoga-dievu-miskas-3\/#breadcrumb","itemListElement":[{"@type":"ListItem","position":1,"name":"Home","item":"https:\/\/skaitytaknyga.lt\/"},{"@type":"ListItem","position":2,"name":"Parduotuv\u0117","item":"https:\/\/skaitytaknyga.lt\/knygu-parduotuve\/"},{"@type":"ListItem","position":3,"name":"Diev\u0173 mi\u0161kas"}]},{"@type":"WebSite","@id":"https:\/\/skaitytaknyga.lt\/#website","url":"https:\/\/skaitytaknyga.lt\/","name":"skaitytaknyga.lt","description":"Skaitytaknyga.lt \u2013 tai ma\u017eas \u0161eimos verslas, kuris prasid\u0117jo nuo meil\u0117s knygoms ir siekio i\u0161gelb\u0117ti knygas nuo likimo prie konteinerio. Kas vienam nereikalingas daiktas \u2013 kitam lobis, o mes esame tarpininkai, kurie padeda abiems tapti laimingesniems ???? \u017dinome kaip nelengva i\u0161gyventi ma\u017eiems verslams, tad nuo \u0161iol, \u010dia rasite ir kit\u0173, ma\u017e\u0173 \u0161eim\u0173 versl\u0173, rank\u0173 darbo, dovan\u0173 sau ir artimiesiems.","publisher":{"@id":"https:\/\/skaitytaknyga.lt\/#organization"},"potentialAction":[{"@type":"SearchAction","target":{"@type":"EntryPoint","urlTemplate":"https:\/\/skaitytaknyga.lt\/?s={search_term_string}"},"query-input":{"@type":"PropertyValueSpecification","valueRequired":true,"valueName":"search_term_string"}}],"inLanguage":"en-GB"},{"@type":"Organization","@id":"https:\/\/skaitytaknyga.lt\/#organization","name":"skaitytaknyga.lt","url":"https:\/\/skaitytaknyga.lt\/","logo":{"@type":"ImageObject","inLanguage":"en-GB","@id":"https:\/\/skaitytaknyga.lt\/#\/schema\/logo\/image\/","url":"https:\/\/skaitytaknyga.lt\/wp-content\/uploads\/2024\/05\/cropped-cropped-cropped-02_00843_jt3bggkj1j3HLc7SyY6rEUpg.jpeg","contentUrl":"https:\/\/skaitytaknyga.lt\/wp-content\/uploads\/2024\/05\/cropped-cropped-cropped-02_00843_jt3bggkj1j3HLc7SyY6rEUpg.jpeg","width":1600,"height":1600,"caption":"skaitytaknyga.lt"},"image":{"@id":"https:\/\/skaitytaknyga.lt\/#\/schema\/logo\/image\/"},"sameAs":["https:\/\/www.facebook.com\/skaitytaknyga\/"]}]}},"_links":{"self":[{"href":"https:\/\/skaitytaknyga.lt\/en\/wp-json\/wp\/v2\/product\/9125","targetHints":{"allow":["GET"]}}],"collection":[{"href":"https:\/\/skaitytaknyga.lt\/en\/wp-json\/wp\/v2\/product"}],"about":[{"href":"https:\/\/skaitytaknyga.lt\/en\/wp-json\/wp\/v2\/types\/product"}],"replies":[{"embeddable":true,"href":"https:\/\/skaitytaknyga.lt\/en\/wp-json\/wp\/v2\/comments?post=9125"}],"wp:featuredmedia":[{"embeddable":true,"href":"https:\/\/skaitytaknyga.lt\/en\/wp-json\/wp\/v2\/media\/6202"}],"wp:attachment":[{"href":"https:\/\/skaitytaknyga.lt\/en\/wp-json\/wp\/v2\/media?parent=9125"}],"wp:term":[{"taxonomy":"product_brand","embeddable":true,"href":"https:\/\/skaitytaknyga.lt\/en\/wp-json\/wp\/v2\/product_brand?post=9125"},{"taxonomy":"product_cat","embeddable":true,"href":"https:\/\/skaitytaknyga.lt\/en\/wp-json\/wp\/v2\/product_cat?post=9125"},{"taxonomy":"product_tag","embeddable":true,"href":"https:\/\/skaitytaknyga.lt\/en\/wp-json\/wp\/v2\/product_tag?post=9125"}],"curies":[{"name":"wp","href":"https:\/\/api.w.org\/{rel}","templated":true}]}}