{"id":9113,"date":"2024-05-04T14:57:18","date_gmt":"2024-05-04T14:57:18","guid":{"rendered":"https:\/\/skaitytaknyga.lt\/?post_type=product&#038;p=9113"},"modified":"2025-05-13T18:52:22","modified_gmt":"2025-05-13T15:52:22","slug":"arriet-beecher-stowe-dedes-tomo-trobele-2","status":"publish","type":"product","link":"https:\/\/skaitytaknyga.lt\/en\/produktas\/arriet-beecher-stowe-dedes-tomo-trobele-2\/","title":{"rendered":"D\u0117d\u0117s Tomo trobel\u0117"},"content":{"rendered":"<p><strong>\u201eD\u0117d\u0117s Tomo trobel\u0117&#8221;<\/strong>\u00a0\u2013 tai jautrus pasakojimas apie sunki\u0105 vergov\u0117s dali\u0105 Piet\u0173 Amerikos valstijose 19 am\u017eiuje. Spalvingi heroj\u0173 charakteriai, prikaustantys nuotykiai, realisti\u0161kai pavaizduota istorija peln\u0117 pasaulin\u012f pripa\u017einim\u0105. Knyga ne kart\u0105 ekranizuota ir i\u0161versta \u012f keliasde\u0161imt kalb\u0173.<\/p>\n<p>D\u0117d\u0117 Tomas \u2013 kilnios \u0161irdies juodaodis vergas, jo \u012fsitikinimais \u017eavisi net ar\u0161iausi prie\u0161ai, o likimas nepa\u0161yk\u0161t\u0117jo \u017eiauri\u0173 i\u0161bandym\u0173. Jo kova u\u017e tik\u0117jim\u0105, \u017emogi\u0161k\u0105sias vertybes, kit\u0173 verg\u0173 likimus nepalieka abejing\u0173. Istorija \u012fsuks kvap\u0105 gniau\u017eiant\u012f jausm\u0173 s\u016bkur\u012f, patyrimus ir prareg\u0117jimus.<\/p>\n<p>Manoma, kad romanas tur\u0117jo poveikio kovai d\u0117l vergov\u0117s panaikinimo. JAV tai buvo skaitomiausia knyga po Biblijos.<\/p>\n","protected":false},"excerpt":{"rendered":"<p><strong>\u201eD\u0117d\u0117s Tomo trobel\u0117&#8221;<\/strong>\u00a0\u2013 tai jautrus pasakojimas apie sunki\u0105 vergov\u0117s dali\u0105 Piet\u0173 Amerikos valstijose 19 am\u017eiuje. Spalvingi heroj\u0173 charakteriai, prikaustantys nuotykiai, realisti\u0161kai pavaizduota istorija peln\u0117 pasaulin\u012f pripa\u017einim\u0105. Knyga ne kart\u0105 ekranizuota ir i\u0161versta \u012f keliasde\u0161imt kalb\u0173.<\/p>\n<p>D\u0117d\u0117 Tomas \u2013 kilnios \u0161irdies juodaodis vergas, jo \u012fsitikinimais \u017eavisi net ar\u0161iausi prie\u0161ai, o likimas nepa\u0161yk\u0161t\u0117jo \u017eiauri\u0173 i\u0161bandym\u0173. Jo kova u\u017e tik\u0117jim\u0105, \u017emogi\u0161k\u0105sias vertybes, kit\u0173 verg\u0173 likimus nepalieka abejing\u0173. Istorija \u012fsuks kvap\u0105 gniau\u017eiant\u012f jausm\u0173 s\u016bkur\u012f, patyrimus ir prareg\u0117jimus.<\/p>\n<p>Manoma, kad romanas tur\u0117jo poveikio kovai d\u0117l vergov\u0117s panaikinimo. JAV tai buvo skaitomiausia knyga po Biblijos.<\/p>\n","protected":false},"featured_media":6180,"comment_status":"closed","ping_status":"closed","template":"","meta":{"_acf_changed":false,"site-sidebar-layout":"default","site-content-layout":"","ast-site-content-layout":"default","site-content-style":"default","site-sidebar-style":"default","ast-global-header-display":"","ast-banner-title-visibility":"","ast-main-header-display":"","ast-hfb-above-header-display":"","ast-hfb-below-header-display":"","ast-hfb-mobile-header-display":"","site-post-title":"","ast-breadcrumbs-content":"","ast-featured-img":"","footer-sml-layout":"","ast-disable-related-posts":"","theme-transparent-header-meta":"","adv-header-id-meta":"","stick-header-meta":"","header-above-stick-meta":"","header-main-stick-meta":"","header-below-stick-meta":"","astra-migrate-meta-layouts":"default","ast-page-background-enabled":"default","ast-page-background-meta":{"desktop":{"background-color":"","background-image":"","background-repeat":"repeat","background-position":"center center","background-size":"auto","background-attachment":"scroll","background-type":"","background-media":"","overlay-type":"","overlay-color":"","overlay-opacity":"","overlay-gradient":""},"tablet":{"background-color":"","background-image":"","background-repeat":"repeat","background-position":"center center","background-size":"auto","background-attachment":"scroll","background-type":"","background-media":"","overlay-type":"","overlay-color":"","overlay-opacity":"","overlay-gradient":""},"mobile":{"background-color":"","background-image":"","background-repeat":"repeat","background-position":"center center","background-size":"auto","background-attachment":"scroll","background-type":"","background-media":"","overlay-type":"","overlay-color":"","overlay-opacity":"","overlay-gradient":""}},"ast-content-background-meta":{"desktop":{"background-color":"var(--ast-global-color-4)","background-image":"","background-repeat":"repeat","background-position":"center center","background-size":"auto","background-attachment":"scroll","background-type":"","background-media":"","overlay-type":"","overlay-color":"","overlay-opacity":"","overlay-gradient":""},"tablet":{"background-color":"var(--ast-global-color-4)","background-image":"","background-repeat":"repeat","background-position":"center center","background-size":"auto","background-attachment":"scroll","background-type":"","background-media":"","overlay-type":"","overlay-color":"","overlay-opacity":"","overlay-gradient":""},"mobile":{"background-color":"var(--ast-global-color-4)","background-image":"","background-repeat":"repeat","background-position":"center center","background-size":"auto","background-attachment":"scroll","background-type":"","background-media":"","overlay-type":"","overlay-color":"","overlay-opacity":"","overlay-gradient":""}}},"product_brand":[],"product_cat":[331,35],"product_tag":[],"class_list":{"0":"post-9113","1":"product","2":"type-product","3":"status-publish","4":"has-post-thumbnail","6":"product_cat-programine-literatura","7":"product_cat-vaikams-ir-paaugliams","8":"desktop-align-left","9":"tablet-align-left","10":"mobile-align-left","12":"first","13":"outofstock","14":"shipping-taxable","15":"purchasable","16":"product-type-simple"},"acf":[],"yoast_head":"<!-- This site is optimized with the Yoast SEO plugin v27.4 - https:\/\/yoast.com\/product\/yoast-seo-wordpress\/ -->\n<title>D\u0117d\u0117s Tomo trobel\u0117<\/title>\n<meta name=\"description\" content=\"\u201eD\u0117d\u0117s Tomo trobel\u0117&quot;\u00a0\u2013 tai jautrus pasakojimas apie sunki\u0105 vergov\u0117s dali\u0105 Piet\u0173 Amerikos valstijose 19 am\u017eiuje. Spalvingi heroj\u0173 charakteriai, prikaustantys nuotykiai, realisti\u0161kai pavaizduota istorija peln\u0117 pasaulin\u012f pripa\u017einim\u0105. Knyga ne kart\u0105 ekranizuota ir i\u0161versta \u012f keliasde\u0161imt kalb\u0173.  D\u0117d\u0117 Tomas \u2013 kilnios \u0161irdies juodaodis vergas, jo \u012fsitikinimais \u017eavisi net ar\u0161iausi prie\u0161ai, o likimas nepa\u0161yk\u0161t\u0117jo \u017eiauri\u0173 i\u0161bandym\u0173. Jo kova u\u017e tik\u0117jim\u0105, \u017emogi\u0161k\u0105sias vertybes, kit\u0173 verg\u0173 likimus nepalieka abejing\u0173. Istorija \u012fsuks kvap\u0105 gniau\u017eiant\u012f jausm\u0173 s\u016bkur\u012f, patyrimus ir prareg\u0117jimus.  Manoma, kad romanas tur\u0117jo poveikio kovai d\u0117l vergov\u0117s panaikinimo. JAV tai buvo skaitomiausia knyga po Biblijos.\" \/>\n<meta name=\"robots\" content=\"index, follow, max-snippet:-1, max-image-preview:large, max-video-preview:-1\" \/>\n<link rel=\"canonical\" href=\"https:\/\/skaitytaknyga.lt\/en\/produktas\/arriet-beecher-stowe-dedes-tomo-trobele-2\/\" \/>\n<meta property=\"og:locale\" content=\"en_GB\" \/>\n<meta property=\"og:locale:alternate\" content=\"lt_LT\" \/>\n<meta property=\"og:type\" content=\"article\" \/>\n<meta property=\"og:title\" content=\"D\u0117d\u0117s Tomo trobel\u0117\" \/>\n<meta property=\"og:description\" content=\"\u201eD\u0117d\u0117s Tomo trobel\u0117&quot;\u00a0\u2013 tai jautrus pasakojimas apie sunki\u0105 vergov\u0117s dali\u0105 Piet\u0173 Amerikos valstijose 19 am\u017eiuje. Spalvingi heroj\u0173 charakteriai, prikaustantys nuotykiai, realisti\u0161kai pavaizduota istorija peln\u0117 pasaulin\u012f pripa\u017einim\u0105. Knyga ne kart\u0105 ekranizuota ir i\u0161versta \u012f keliasde\u0161imt kalb\u0173.  D\u0117d\u0117 Tomas \u2013 kilnios \u0161irdies juodaodis vergas, jo \u012fsitikinimais \u017eavisi net ar\u0161iausi prie\u0161ai, o likimas nepa\u0161yk\u0161t\u0117jo \u017eiauri\u0173 i\u0161bandym\u0173. Jo kova u\u017e tik\u0117jim\u0105, \u017emogi\u0161k\u0105sias vertybes, kit\u0173 verg\u0173 likimus nepalieka abejing\u0173. Istorija \u012fsuks kvap\u0105 gniau\u017eiant\u012f jausm\u0173 s\u016bkur\u012f, patyrimus ir prareg\u0117jimus.  Manoma, kad romanas tur\u0117jo poveikio kovai d\u0117l vergov\u0117s panaikinimo. JAV tai buvo skaitomiausia knyga po Biblijos.\" \/>\n<meta property=\"og:url\" content=\"https:\/\/skaitytaknyga.lt\/en\/produktas\/arriet-beecher-stowe-dedes-tomo-trobele-2\/\" \/>\n<meta property=\"og:site_name\" content=\"Skaitytaknyga\" \/>\n<meta property=\"article:publisher\" content=\"https:\/\/www.facebook.com\/skaitytaknyga\/\" \/>\n<meta property=\"article:modified_time\" content=\"2025-05-13T15:52:22+00:00\" \/>\n<meta property=\"og:image\" content=\"https:\/\/skaitytaknyga.lt\/wp-content\/uploads\/2024\/05\/harieta-bicer-stou-dedes-tomo-trobele-e1624191674629.jpg\" \/>\n\t<meta property=\"og:image:width\" content=\"1046\" \/>\n\t<meta property=\"og:image:height\" content=\"1641\" \/>\n\t<meta property=\"og:image:type\" content=\"image\/jpeg\" \/>\n<meta name=\"twitter:card\" content=\"summary_large_image\" \/>\n<meta name=\"twitter:label1\" content=\"Estimated reading time\" \/>\n\t<meta name=\"twitter:data1\" content=\"1 minute\" \/>\n<script type=\"application\/ld+json\" class=\"yoast-schema-graph\">{\"@context\":\"https:\\\/\\\/schema.org\",\"@graph\":[{\"@type\":\"WebPage\",\"@id\":\"https:\\\/\\\/skaitytaknyga.lt\\\/produktas\\\/arriet-beecher-stowe-dedes-tomo-trobele-2\\\/\",\"url\":\"https:\\\/\\\/skaitytaknyga.lt\\\/produktas\\\/arriet-beecher-stowe-dedes-tomo-trobele-2\\\/\",\"name\":\"D\u0117d\u0117s Tomo trobel\u0117\",\"isPartOf\":{\"@id\":\"https:\\\/\\\/skaitytaknyga.lt\\\/#website\"},\"primaryImageOfPage\":{\"@id\":\"https:\\\/\\\/skaitytaknyga.lt\\\/produktas\\\/arriet-beecher-stowe-dedes-tomo-trobele-2\\\/#primaryimage\"},\"image\":{\"@id\":\"https:\\\/\\\/skaitytaknyga.lt\\\/produktas\\\/arriet-beecher-stowe-dedes-tomo-trobele-2\\\/#primaryimage\"},\"thumbnailUrl\":\"https:\\\/\\\/skaitytaknyga.lt\\\/wp-content\\\/uploads\\\/2024\\\/05\\\/harieta-bicer-stou-dedes-tomo-trobele-e1624191674629.jpg\",\"datePublished\":\"2024-05-04T14:57:18+00:00\",\"dateModified\":\"2025-05-13T15:52:22+00:00\",\"description\":\"\u201eD\u0117d\u0117s Tomo trobel\u0117\\\"\u00a0\u2013 tai jautrus pasakojimas apie sunki\u0105 vergov\u0117s dali\u0105 Piet\u0173 Amerikos valstijose 19 am\u017eiuje. Spalvingi heroj\u0173 charakteriai, prikaustantys nuotykiai, realisti\u0161kai pavaizduota istorija peln\u0117 pasaulin\u012f pripa\u017einim\u0105. Knyga ne kart\u0105 ekranizuota ir i\u0161versta \u012f keliasde\u0161imt kalb\u0173. D\u0117d\u0117 Tomas \u2013 kilnios \u0161irdies juodaodis vergas, jo \u012fsitikinimais \u017eavisi net ar\u0161iausi prie\u0161ai, o likimas nepa\u0161yk\u0161t\u0117jo \u017eiauri\u0173 i\u0161bandym\u0173. Jo kova u\u017e tik\u0117jim\u0105, \u017emogi\u0161k\u0105sias vertybes, kit\u0173 verg\u0173 likimus nepalieka abejing\u0173. Istorija \u012fsuks kvap\u0105 gniau\u017eiant\u012f jausm\u0173 s\u016bkur\u012f, patyrimus ir prareg\u0117jimus. Manoma, kad romanas tur\u0117jo poveikio kovai d\u0117l vergov\u0117s panaikinimo. JAV tai buvo skaitomiausia knyga po Biblijos.\",\"breadcrumb\":{\"@id\":\"https:\\\/\\\/skaitytaknyga.lt\\\/produktas\\\/arriet-beecher-stowe-dedes-tomo-trobele-2\\\/#breadcrumb\"},\"inLanguage\":\"en-GB\",\"potentialAction\":[{\"@type\":\"ReadAction\",\"target\":[\"https:\\\/\\\/skaitytaknyga.lt\\\/produktas\\\/arriet-beecher-stowe-dedes-tomo-trobele-2\\\/\"]}]},{\"@type\":\"ImageObject\",\"inLanguage\":\"en-GB\",\"@id\":\"https:\\\/\\\/skaitytaknyga.lt\\\/produktas\\\/arriet-beecher-stowe-dedes-tomo-trobele-2\\\/#primaryimage\",\"url\":\"https:\\\/\\\/skaitytaknyga.lt\\\/wp-content\\\/uploads\\\/2024\\\/05\\\/harieta-bicer-stou-dedes-tomo-trobele-e1624191674629.jpg\",\"contentUrl\":\"https:\\\/\\\/skaitytaknyga.lt\\\/wp-content\\\/uploads\\\/2024\\\/05\\\/harieta-bicer-stou-dedes-tomo-trobele-e1624191674629.jpg\",\"width\":1046,\"height\":1641},{\"@type\":\"BreadcrumbList\",\"@id\":\"https:\\\/\\\/skaitytaknyga.lt\\\/produktas\\\/arriet-beecher-stowe-dedes-tomo-trobele-2\\\/#breadcrumb\",\"itemListElement\":[{\"@type\":\"ListItem\",\"position\":1,\"name\":\"Home\",\"item\":\"https:\\\/\\\/skaitytaknyga.lt\\\/\"},{\"@type\":\"ListItem\",\"position\":2,\"name\":\"Parduotuv\u0117\",\"item\":\"https:\\\/\\\/skaitytaknyga.lt\\\/knygu-parduotuve\\\/\"},{\"@type\":\"ListItem\",\"position\":3,\"name\":\"D\u0117d\u0117s Tomo trobel\u0117\"}]},{\"@type\":\"WebSite\",\"@id\":\"https:\\\/\\\/skaitytaknyga.lt\\\/#website\",\"url\":\"https:\\\/\\\/skaitytaknyga.lt\\\/\",\"name\":\"skaitytaknyga.lt\",\"description\":\"Skaitytaknyga.lt \u2013 tai ma\u017eas \u0161eimos verslas, kuris prasid\u0117jo nuo meil\u0117s knygoms ir siekio i\u0161gelb\u0117ti knygas nuo likimo prie konteinerio. Kas vienam nereikalingas daiktas \u2013 kitam lobis, o mes esame tarpininkai, kurie padeda abiems tapti laimingesniems ???? \u017dinome kaip nelengva i\u0161gyventi ma\u017eiems verslams, tad nuo \u0161iol, \u010dia rasite ir kit\u0173, ma\u017e\u0173 \u0161eim\u0173 versl\u0173, rank\u0173 darbo, dovan\u0173 sau ir artimiesiems.\",\"publisher\":{\"@id\":\"https:\\\/\\\/skaitytaknyga.lt\\\/#organization\"},\"potentialAction\":[{\"@type\":\"SearchAction\",\"target\":{\"@type\":\"EntryPoint\",\"urlTemplate\":\"https:\\\/\\\/skaitytaknyga.lt\\\/?s={search_term_string}\"},\"query-input\":{\"@type\":\"PropertyValueSpecification\",\"valueRequired\":true,\"valueName\":\"search_term_string\"}}],\"inLanguage\":\"en-GB\"},{\"@type\":\"Organization\",\"@id\":\"https:\\\/\\\/skaitytaknyga.lt\\\/#organization\",\"name\":\"skaitytaknyga.lt\",\"url\":\"https:\\\/\\\/skaitytaknyga.lt\\\/\",\"logo\":{\"@type\":\"ImageObject\",\"inLanguage\":\"en-GB\",\"@id\":\"https:\\\/\\\/skaitytaknyga.lt\\\/#\\\/schema\\\/logo\\\/image\\\/\",\"url\":\"https:\\\/\\\/skaitytaknyga.lt\\\/wp-content\\\/uploads\\\/2024\\\/05\\\/cropped-cropped-cropped-02_00843_jt3bggkj1j3HLc7SyY6rEUpg.jpeg\",\"contentUrl\":\"https:\\\/\\\/skaitytaknyga.lt\\\/wp-content\\\/uploads\\\/2024\\\/05\\\/cropped-cropped-cropped-02_00843_jt3bggkj1j3HLc7SyY6rEUpg.jpeg\",\"width\":1600,\"height\":1600,\"caption\":\"skaitytaknyga.lt\"},\"image\":{\"@id\":\"https:\\\/\\\/skaitytaknyga.lt\\\/#\\\/schema\\\/logo\\\/image\\\/\"},\"sameAs\":[\"https:\\\/\\\/www.facebook.com\\\/skaitytaknyga\\\/\"]}]}<\/script>\n<!-- \/ Yoast SEO plugin. -->","yoast_head_json":{"title":"D\u0117d\u0117s Tomo trobel\u0117","description":"\u201eD\u0117d\u0117s Tomo trobel\u0117\"\u00a0\u2013 tai jautrus pasakojimas apie sunki\u0105 vergov\u0117s dali\u0105 Piet\u0173 Amerikos valstijose 19 am\u017eiuje. Spalvingi heroj\u0173 charakteriai, prikaustantys nuotykiai, realisti\u0161kai pavaizduota istorija peln\u0117 pasaulin\u012f pripa\u017einim\u0105. Knyga ne kart\u0105 ekranizuota ir i\u0161versta \u012f keliasde\u0161imt kalb\u0173.  D\u0117d\u0117 Tomas \u2013 kilnios \u0161irdies juodaodis vergas, jo \u012fsitikinimais \u017eavisi net ar\u0161iausi prie\u0161ai, o likimas nepa\u0161yk\u0161t\u0117jo \u017eiauri\u0173 i\u0161bandym\u0173. Jo kova u\u017e tik\u0117jim\u0105, \u017emogi\u0161k\u0105sias vertybes, kit\u0173 verg\u0173 likimus nepalieka abejing\u0173. Istorija \u012fsuks kvap\u0105 gniau\u017eiant\u012f jausm\u0173 s\u016bkur\u012f, patyrimus ir prareg\u0117jimus.  Manoma, kad romanas tur\u0117jo poveikio kovai d\u0117l vergov\u0117s panaikinimo. JAV tai buvo skaitomiausia knyga po Biblijos.","robots":{"index":"index","follow":"follow","max-snippet":"max-snippet:-1","max-image-preview":"max-image-preview:large","max-video-preview":"max-video-preview:-1"},"canonical":"https:\/\/skaitytaknyga.lt\/en\/produktas\/arriet-beecher-stowe-dedes-tomo-trobele-2\/","og_locale":"en_GB","og_type":"article","og_title":"[:lt]D\u0117d\u0117s Tomo trobel\u0117[:] - Skaitytaknyga","og_description":"\u201eD\u0117d\u0117s Tomo trobel\u0117\"\u00a0\u2013 tai jautrus pasakojimas apie sunki\u0105 vergov\u0117s dali\u0105 Piet\u0173 Amerikos valstijose 19 am\u017eiuje. Spalvingi heroj\u0173 charakteriai, prikaustantys nuotykiai, realisti\u0161kai pavaizduota istorija peln\u0117 pasaulin\u012f pripa\u017einim\u0105. Knyga ne kart\u0105 ekranizuota ir i\u0161versta \u012f keliasde\u0161imt kalb\u0173.  D\u0117d\u0117 Tomas \u2013 kilnios \u0161irdies juodaodis vergas, jo \u012fsitikinimais \u017eavisi net ar\u0161iausi prie\u0161ai, o likimas nepa\u0161yk\u0161t\u0117jo \u017eiauri\u0173 i\u0161bandym\u0173. Jo kova u\u017e tik\u0117jim\u0105, \u017emogi\u0161k\u0105sias vertybes, kit\u0173 verg\u0173 likimus nepalieka abejing\u0173. Istorija \u012fsuks kvap\u0105 gniau\u017eiant\u012f jausm\u0173 s\u016bkur\u012f, patyrimus ir prareg\u0117jimus.  Manoma, kad romanas tur\u0117jo poveikio kovai d\u0117l vergov\u0117s panaikinimo. JAV tai buvo skaitomiausia knyga po Biblijos.","og_url":"https:\/\/skaitytaknyga.lt\/en\/produktas\/arriet-beecher-stowe-dedes-tomo-trobele-2\/","og_site_name":"Skaitytaknyga","article_publisher":"https:\/\/www.facebook.com\/skaitytaknyga\/","article_modified_time":"2025-05-13T15:52:22+00:00","og_image":[{"width":1046,"height":1641,"url":"https:\/\/skaitytaknyga.lt\/wp-content\/uploads\/2024\/05\/harieta-bicer-stou-dedes-tomo-trobele-e1624191674629.jpg","type":"image\/jpeg"}],"twitter_card":"summary_large_image","twitter_misc":{"Estimated reading time":"1 minute"},"schema":{"@context":"https:\/\/schema.org","@graph":[{"@type":"WebPage","@id":"https:\/\/skaitytaknyga.lt\/produktas\/arriet-beecher-stowe-dedes-tomo-trobele-2\/","url":"https:\/\/skaitytaknyga.lt\/produktas\/arriet-beecher-stowe-dedes-tomo-trobele-2\/","name":"D\u0117d\u0117s Tomo trobel\u0117","isPartOf":{"@id":"https:\/\/skaitytaknyga.lt\/#website"},"primaryImageOfPage":{"@id":"https:\/\/skaitytaknyga.lt\/produktas\/arriet-beecher-stowe-dedes-tomo-trobele-2\/#primaryimage"},"image":{"@id":"https:\/\/skaitytaknyga.lt\/produktas\/arriet-beecher-stowe-dedes-tomo-trobele-2\/#primaryimage"},"thumbnailUrl":"https:\/\/skaitytaknyga.lt\/wp-content\/uploads\/2024\/05\/harieta-bicer-stou-dedes-tomo-trobele-e1624191674629.jpg","datePublished":"2024-05-04T14:57:18+00:00","dateModified":"2025-05-13T15:52:22+00:00","description":"\u201eD\u0117d\u0117s Tomo trobel\u0117\"\u00a0\u2013 tai jautrus pasakojimas apie sunki\u0105 vergov\u0117s dali\u0105 Piet\u0173 Amerikos valstijose 19 am\u017eiuje. Spalvingi heroj\u0173 charakteriai, prikaustantys nuotykiai, realisti\u0161kai pavaizduota istorija peln\u0117 pasaulin\u012f pripa\u017einim\u0105. Knyga ne kart\u0105 ekranizuota ir i\u0161versta \u012f keliasde\u0161imt kalb\u0173. D\u0117d\u0117 Tomas \u2013 kilnios \u0161irdies juodaodis vergas, jo \u012fsitikinimais \u017eavisi net ar\u0161iausi prie\u0161ai, o likimas nepa\u0161yk\u0161t\u0117jo \u017eiauri\u0173 i\u0161bandym\u0173. Jo kova u\u017e tik\u0117jim\u0105, \u017emogi\u0161k\u0105sias vertybes, kit\u0173 verg\u0173 likimus nepalieka abejing\u0173. Istorija \u012fsuks kvap\u0105 gniau\u017eiant\u012f jausm\u0173 s\u016bkur\u012f, patyrimus ir prareg\u0117jimus. Manoma, kad romanas tur\u0117jo poveikio kovai d\u0117l vergov\u0117s panaikinimo. JAV tai buvo skaitomiausia knyga po Biblijos.","breadcrumb":{"@id":"https:\/\/skaitytaknyga.lt\/produktas\/arriet-beecher-stowe-dedes-tomo-trobele-2\/#breadcrumb"},"inLanguage":"en-GB","potentialAction":[{"@type":"ReadAction","target":["https:\/\/skaitytaknyga.lt\/produktas\/arriet-beecher-stowe-dedes-tomo-trobele-2\/"]}]},{"@type":"ImageObject","inLanguage":"en-GB","@id":"https:\/\/skaitytaknyga.lt\/produktas\/arriet-beecher-stowe-dedes-tomo-trobele-2\/#primaryimage","url":"https:\/\/skaitytaknyga.lt\/wp-content\/uploads\/2024\/05\/harieta-bicer-stou-dedes-tomo-trobele-e1624191674629.jpg","contentUrl":"https:\/\/skaitytaknyga.lt\/wp-content\/uploads\/2024\/05\/harieta-bicer-stou-dedes-tomo-trobele-e1624191674629.jpg","width":1046,"height":1641},{"@type":"BreadcrumbList","@id":"https:\/\/skaitytaknyga.lt\/produktas\/arriet-beecher-stowe-dedes-tomo-trobele-2\/#breadcrumb","itemListElement":[{"@type":"ListItem","position":1,"name":"Home","item":"https:\/\/skaitytaknyga.lt\/"},{"@type":"ListItem","position":2,"name":"Parduotuv\u0117","item":"https:\/\/skaitytaknyga.lt\/knygu-parduotuve\/"},{"@type":"ListItem","position":3,"name":"D\u0117d\u0117s Tomo trobel\u0117"}]},{"@type":"WebSite","@id":"https:\/\/skaitytaknyga.lt\/#website","url":"https:\/\/skaitytaknyga.lt\/","name":"skaitytaknyga.lt","description":"Skaitytaknyga.lt \u2013 tai ma\u017eas \u0161eimos verslas, kuris prasid\u0117jo nuo meil\u0117s knygoms ir siekio i\u0161gelb\u0117ti knygas nuo likimo prie konteinerio. Kas vienam nereikalingas daiktas \u2013 kitam lobis, o mes esame tarpininkai, kurie padeda abiems tapti laimingesniems ???? \u017dinome kaip nelengva i\u0161gyventi ma\u017eiems verslams, tad nuo \u0161iol, \u010dia rasite ir kit\u0173, ma\u017e\u0173 \u0161eim\u0173 versl\u0173, rank\u0173 darbo, dovan\u0173 sau ir artimiesiems.","publisher":{"@id":"https:\/\/skaitytaknyga.lt\/#organization"},"potentialAction":[{"@type":"SearchAction","target":{"@type":"EntryPoint","urlTemplate":"https:\/\/skaitytaknyga.lt\/?s={search_term_string}"},"query-input":{"@type":"PropertyValueSpecification","valueRequired":true,"valueName":"search_term_string"}}],"inLanguage":"en-GB"},{"@type":"Organization","@id":"https:\/\/skaitytaknyga.lt\/#organization","name":"skaitytaknyga.lt","url":"https:\/\/skaitytaknyga.lt\/","logo":{"@type":"ImageObject","inLanguage":"en-GB","@id":"https:\/\/skaitytaknyga.lt\/#\/schema\/logo\/image\/","url":"https:\/\/skaitytaknyga.lt\/wp-content\/uploads\/2024\/05\/cropped-cropped-cropped-02_00843_jt3bggkj1j3HLc7SyY6rEUpg.jpeg","contentUrl":"https:\/\/skaitytaknyga.lt\/wp-content\/uploads\/2024\/05\/cropped-cropped-cropped-02_00843_jt3bggkj1j3HLc7SyY6rEUpg.jpeg","width":1600,"height":1600,"caption":"skaitytaknyga.lt"},"image":{"@id":"https:\/\/skaitytaknyga.lt\/#\/schema\/logo\/image\/"},"sameAs":["https:\/\/www.facebook.com\/skaitytaknyga\/"]}]}},"_links":{"self":[{"href":"https:\/\/skaitytaknyga.lt\/en\/wp-json\/wp\/v2\/product\/9113","targetHints":{"allow":["GET"]}}],"collection":[{"href":"https:\/\/skaitytaknyga.lt\/en\/wp-json\/wp\/v2\/product"}],"about":[{"href":"https:\/\/skaitytaknyga.lt\/en\/wp-json\/wp\/v2\/types\/product"}],"replies":[{"embeddable":true,"href":"https:\/\/skaitytaknyga.lt\/en\/wp-json\/wp\/v2\/comments?post=9113"}],"wp:featuredmedia":[{"embeddable":true,"href":"https:\/\/skaitytaknyga.lt\/en\/wp-json\/wp\/v2\/media\/6180"}],"wp:attachment":[{"href":"https:\/\/skaitytaknyga.lt\/en\/wp-json\/wp\/v2\/media?parent=9113"}],"wp:term":[{"taxonomy":"product_brand","embeddable":true,"href":"https:\/\/skaitytaknyga.lt\/en\/wp-json\/wp\/v2\/product_brand?post=9113"},{"taxonomy":"product_cat","embeddable":true,"href":"https:\/\/skaitytaknyga.lt\/en\/wp-json\/wp\/v2\/product_cat?post=9113"},{"taxonomy":"product_tag","embeddable":true,"href":"https:\/\/skaitytaknyga.lt\/en\/wp-json\/wp\/v2\/product_tag?post=9113"}],"curies":[{"name":"wp","href":"https:\/\/api.w.org\/{rel}","templated":true}]}}