{"id":9081,"date":"2024-05-04T17:56:34","date_gmt":"2024-05-04T14:56:34","guid":{"rendered":"https:\/\/skaitytaknyga.lt\/?post_type=product&#038;p=9081"},"modified":"2024-07-02T21:17:13","modified_gmt":"2024-07-02T18:17:13","slug":"1000-klausimu-ir-atsakymu-lietuvos-tukstantmecio-vaikai-2","status":"publish","type":"product","link":"https:\/\/skaitytaknyga.lt\/en\/produktas\/1000-klausimu-ir-atsakymu-lietuvos-tukstantmecio-vaikai-2\/","title":{"rendered":"1000 klausim\u0173 ir atsakym\u0173. Lietuvos t\u016bkstantme\u010dio vaikai"},"content":{"rendered":"<p>2009 metais, \u0161ven\u010diant Lietuvos 1000-met\u012f, gim\u0117 televizijos projektas \u201eLietuvos t\u016bkstantme\u010dio vaikai&#8221;. Per de\u0161imt met\u0173 u\u017eaugo pirmoji t\u016bkstantme\u010dio vaik\u0173 karta. Kai kurie i\u0161 j\u0173 prisid\u0117jo rengdami \u0161i\u0105 knyg\u0105.<\/p>\n<p>\u012e knyg\u0105\u00a0<strong>\u201e1000 klausim\u0173 ir atsakym\u0173&#8221;<\/strong>\u00a0sud\u0117ti ne tik \u0161auniausi klausimai, u\u017eduoti laidoje \u201eLietuvos t\u016bkstantme\u010dio vaikai&#8221;, bet ir tai, kas netilpo \u012f kadr\u0105: platesni atsakymai, \u012fdom\u016bs faktai. Taip pat rasite visi\u0161kai nauj\u0173, laidoje neskamb\u0117jusi\u0173 klausim\u0173, o m\u0117gstantys \u017eaibo turnyrus \u017einias gal\u0117s i\u0161bandyti prot\u0173 m\u016b\u0161iuose.<\/p>\n<p>Norint \u012fminti knygos\u00a0<strong>\u201e1000 klausim\u0173 ir atsakym\u0173&#8221;<\/strong>\u00a0paslaptis, reik\u0117s pasitelkti ir i\u0161mani\u0105sias technologijas, ir \u017einias, ir login\u012f m\u0105stym\u0105. Kad b\u016bt\u0173 smagiau, \u012fdomiau, verst\u0173 palau\u017eyti galv\u0105, \u012f knyg\u0105 integravome vaizdo, garso, gudru\u010dio ir fotoklausimus. Jei esi smalsus, i\u0161radingas, galvotas ir \u0161iuolaiki\u0161kas, \u0161i knyga kaip tik tau!<\/p>\n","protected":false},"excerpt":{"rendered":"<p>2009 metais, \u0161ven\u010diant Lietuvos 1000-met\u012f, gim\u0117 televizijos projektas \u201eLietuvos t\u016bkstantme\u010dio vaikai&#8221;. Per de\u0161imt met\u0173 u\u017eaugo pirmoji t\u016bkstantme\u010dio vaik\u0173 karta. Kai kurie i\u0161 j\u0173 prisid\u0117jo rengdami \u0161i\u0105 knyg\u0105.<\/p>\n<p>\u012e knyg\u0105\u00a0<strong>\u201e1000 klausim\u0173 ir atsakym\u0173&#8221;<\/strong>\u00a0sud\u0117ti ne tik \u0161auniausi klausimai, u\u017eduoti laidoje \u201eLietuvos t\u016bkstantme\u010dio vaikai&#8221;, bet ir tai, kas netilpo \u012f kadr\u0105: platesni atsakymai, \u012fdom\u016bs faktai. Taip pat rasite visi\u0161kai nauj\u0173, laidoje neskamb\u0117jusi\u0173 klausim\u0173, o m\u0117gstantys \u017eaibo turnyrus \u017einias gal\u0117s i\u0161bandyti prot\u0173 m\u016b\u0161iuose.<\/p>\n<p>Norint \u012fminti knygos\u00a0<strong>\u201e1000 klausim\u0173 ir atsakym\u0173&#8221;<\/strong>\u00a0paslaptis, reik\u0117s pasitelkti ir i\u0161mani\u0105sias technologijas, ir \u017einias, ir login\u012f m\u0105stym\u0105. Kad b\u016bt\u0173 smagiau, \u012fdomiau, verst\u0173 palau\u017eyti galv\u0105, \u012f knyg\u0105 integravome vaizdo, garso, gudru\u010dio ir fotoklausimus. Jei esi smalsus, i\u0161radingas, galvotas ir \u0161iuolaiki\u0161kas, \u0161i knyga kaip tik tau!<\/p>\n","protected":false},"featured_media":6119,"comment_status":"closed","ping_status":"closed","template":"","meta":{"_acf_changed":false,"site-sidebar-layout":"default","site-content-layout":"","ast-site-content-layout":"default","site-content-style":"default","site-sidebar-style":"default","ast-global-header-display":"","ast-banner-title-visibility":"","ast-main-header-display":"","ast-hfb-above-header-display":"","ast-hfb-below-header-display":"","ast-hfb-mobile-header-display":"","site-post-title":"","ast-breadcrumbs-content":"","ast-featured-img":"","footer-sml-layout":"","ast-disable-related-posts":"","theme-transparent-header-meta":"","adv-header-id-meta":"","stick-header-meta":"","header-above-stick-meta":"","header-main-stick-meta":"","header-below-stick-meta":"","astra-migrate-meta-layouts":"default","ast-page-background-enabled":"default","ast-page-background-meta":{"desktop":{"background-color":"","background-image":"","background-repeat":"repeat","background-position":"center center","background-size":"auto","background-attachment":"scroll","background-type":"","background-media":"","overlay-type":"","overlay-color":"","overlay-opacity":"","overlay-gradient":""},"tablet":{"background-color":"","background-image":"","background-repeat":"repeat","background-position":"center center","background-size":"auto","background-attachment":"scroll","background-type":"","background-media":"","overlay-type":"","overlay-color":"","overlay-opacity":"","overlay-gradient":""},"mobile":{"background-color":"","background-image":"","background-repeat":"repeat","background-position":"center center","background-size":"auto","background-attachment":"scroll","background-type":"","background-media":"","overlay-type":"","overlay-color":"","overlay-opacity":"","overlay-gradient":""}},"ast-content-background-meta":{"desktop":{"background-color":"var(--ast-global-color-4)","background-image":"","background-repeat":"repeat","background-position":"center center","background-size":"auto","background-attachment":"scroll","background-type":"","background-media":"","overlay-type":"","overlay-color":"","overlay-opacity":"","overlay-gradient":""},"tablet":{"background-color":"var(--ast-global-color-4)","background-image":"","background-repeat":"repeat","background-position":"center center","background-size":"auto","background-attachment":"scroll","background-type":"","background-media":"","overlay-type":"","overlay-color":"","overlay-opacity":"","overlay-gradient":""},"mobile":{"background-color":"var(--ast-global-color-4)","background-image":"","background-repeat":"repeat","background-position":"center center","background-size":"auto","background-attachment":"scroll","background-type":"","background-media":"","overlay-type":"","overlay-color":"","overlay-opacity":"","overlay-gradient":""}}},"product_brand":[],"product_cat":[35],"product_tag":[],"class_list":{"0":"post-9081","1":"product","2":"type-product","3":"status-publish","4":"has-post-thumbnail","6":"product_cat-vaikams-ir-paaugliams","7":"desktop-align-left","8":"tablet-align-left","9":"mobile-align-left","11":"first","12":"outofstock","13":"shipping-taxable","14":"purchasable","15":"product-type-simple"},"acf":[],"yoast_head":"<!-- This site is optimized with the Yoast SEO plugin v27.4 - https:\/\/yoast.com\/product\/yoast-seo-wordpress\/ -->\n<title>1000 klausim\u0173 ir atsakym\u0173. Lietuvos t\u016bkstantme\u010dio vaikai<\/title>\n<meta name=\"description\" content=\"2009 metais, \u0161ven\u010diant Lietuvos 1000-met\u012f, gim\u0117 televizijos projektas \u201eLietuvos t\u016bkstantme\u010dio vaikai&quot;. Per de\u0161imt met\u0173 u\u017eaugo pirmoji t\u016bkstantme\u010dio vaik\u0173 karta. Kai kurie i\u0161 j\u0173 prisid\u0117jo rengdami \u0161i\u0105 knyg\u0105.  \u012e knyg\u0105\u00a0\u201e1000 klausim\u0173 ir atsakym\u0173&quot;\u00a0sud\u0117ti ne tik \u0161auniausi klausimai, u\u017eduoti laidoje \u201eLietuvos t\u016bkstantme\u010dio vaikai&quot;, bet ir tai, kas netilpo \u012f kadr\u0105: platesni atsakymai, \u012fdom\u016bs faktai. Taip pat rasite visi\u0161kai nauj\u0173, laidoje neskamb\u0117jusi\u0173 klausim\u0173, o m\u0117gstantys \u017eaibo turnyrus \u017einias gal\u0117s i\u0161bandyti prot\u0173 m\u016b\u0161iuose.  Norint \u012fminti knygos\u00a0\u201e1000 klausim\u0173 ir atsakym\u0173&quot;\u00a0paslaptis, reik\u0117s pasitelkti ir i\u0161mani\u0105sias technologijas, ir \u017einias, ir login\u012f m\u0105stym\u0105. Kad b\u016bt\u0173 smagiau, \u012fdomiau, verst\u0173 palau\u017eyti galv\u0105, \u012f knyg\u0105 integravome vaizdo, garso, gudru\u010dio ir fotoklausimus. Jei esi smalsus, i\u0161radingas, galvotas ir \u0161iuolaiki\u0161kas, \u0161i knyga kaip tik tau!\" \/>\n<meta name=\"robots\" content=\"index, follow, max-snippet:-1, max-image-preview:large, max-video-preview:-1\" \/>\n<link rel=\"canonical\" href=\"https:\/\/skaitytaknyga.lt\/en\/produktas\/1000-klausimu-ir-atsakymu-lietuvos-tukstantmecio-vaikai-2\/\" \/>\n<meta property=\"og:locale\" content=\"en_GB\" \/>\n<meta property=\"og:locale:alternate\" content=\"lt_LT\" \/>\n<meta property=\"og:type\" content=\"article\" \/>\n<meta property=\"og:title\" content=\"1000 klausim\u0173 ir atsakym\u0173. Lietuvos t\u016bkstantme\u010dio vaikai\" \/>\n<meta property=\"og:description\" content=\"2009 metais, \u0161ven\u010diant Lietuvos 1000-met\u012f, gim\u0117 televizijos projektas \u201eLietuvos t\u016bkstantme\u010dio vaikai&quot;. Per de\u0161imt met\u0173 u\u017eaugo pirmoji t\u016bkstantme\u010dio vaik\u0173 karta. Kai kurie i\u0161 j\u0173 prisid\u0117jo rengdami \u0161i\u0105 knyg\u0105.  \u012e knyg\u0105\u00a0\u201e1000 klausim\u0173 ir atsakym\u0173&quot;\u00a0sud\u0117ti ne tik \u0161auniausi klausimai, u\u017eduoti laidoje \u201eLietuvos t\u016bkstantme\u010dio vaikai&quot;, bet ir tai, kas netilpo \u012f kadr\u0105: platesni atsakymai, \u012fdom\u016bs faktai. Taip pat rasite visi\u0161kai nauj\u0173, laidoje neskamb\u0117jusi\u0173 klausim\u0173, o m\u0117gstantys \u017eaibo turnyrus \u017einias gal\u0117s i\u0161bandyti prot\u0173 m\u016b\u0161iuose.  Norint \u012fminti knygos\u00a0\u201e1000 klausim\u0173 ir atsakym\u0173&quot;\u00a0paslaptis, reik\u0117s pasitelkti ir i\u0161mani\u0105sias technologijas, ir \u017einias, ir login\u012f m\u0105stym\u0105. Kad b\u016bt\u0173 smagiau, \u012fdomiau, verst\u0173 palau\u017eyti galv\u0105, \u012f knyg\u0105 integravome vaizdo, garso, gudru\u010dio ir fotoklausimus. Jei esi smalsus, i\u0161radingas, galvotas ir \u0161iuolaiki\u0161kas, \u0161i knyga kaip tik tau!\" \/>\n<meta property=\"og:url\" content=\"https:\/\/skaitytaknyga.lt\/en\/produktas\/1000-klausimu-ir-atsakymu-lietuvos-tukstantmecio-vaikai-2\/\" \/>\n<meta property=\"og:site_name\" content=\"Skaitytaknyga\" \/>\n<meta property=\"article:publisher\" content=\"https:\/\/www.facebook.com\/skaitytaknyga\/\" \/>\n<meta property=\"article:modified_time\" content=\"2024-07-02T18:17:13+00:00\" \/>\n<meta property=\"og:image\" content=\"https:\/\/skaitytaknyga.lt\/wp-content\/uploads\/2024\/05\/1549034960_1000-klausimu-ir-atsakymu_Virselis_72RGB-1.jpg\" \/>\n\t<meta property=\"og:image:width\" content=\"304\" \/>\n\t<meta property=\"og:image:height\" content=\"430\" \/>\n\t<meta property=\"og:image:type\" content=\"image\/jpeg\" \/>\n<meta name=\"twitter:card\" content=\"summary_large_image\" \/>\n<meta name=\"twitter:label1\" content=\"Estimated reading time\" \/>\n\t<meta name=\"twitter:data1\" content=\"1 minute\" \/>\n<script type=\"application\/ld+json\" class=\"yoast-schema-graph\">{\"@context\":\"https:\\\/\\\/schema.org\",\"@graph\":[{\"@type\":\"WebPage\",\"@id\":\"https:\\\/\\\/skaitytaknyga.lt\\\/produktas\\\/1000-klausimu-ir-atsakymu-lietuvos-tukstantmecio-vaikai-2\\\/\",\"url\":\"https:\\\/\\\/skaitytaknyga.lt\\\/produktas\\\/1000-klausimu-ir-atsakymu-lietuvos-tukstantmecio-vaikai-2\\\/\",\"name\":\"1000 klausim\u0173 ir atsakym\u0173. Lietuvos t\u016bkstantme\u010dio vaikai\",\"isPartOf\":{\"@id\":\"https:\\\/\\\/skaitytaknyga.lt\\\/#website\"},\"primaryImageOfPage\":{\"@id\":\"https:\\\/\\\/skaitytaknyga.lt\\\/produktas\\\/1000-klausimu-ir-atsakymu-lietuvos-tukstantmecio-vaikai-2\\\/#primaryimage\"},\"image\":{\"@id\":\"https:\\\/\\\/skaitytaknyga.lt\\\/produktas\\\/1000-klausimu-ir-atsakymu-lietuvos-tukstantmecio-vaikai-2\\\/#primaryimage\"},\"thumbnailUrl\":\"https:\\\/\\\/skaitytaknyga.lt\\\/wp-content\\\/uploads\\\/2024\\\/05\\\/1549034960_1000-klausimu-ir-atsakymu_Virselis_72RGB-1.jpg\",\"datePublished\":\"2024-05-04T14:56:34+00:00\",\"dateModified\":\"2024-07-02T18:17:13+00:00\",\"description\":\"2009 metais, \u0161ven\u010diant Lietuvos 1000-met\u012f, gim\u0117 televizijos projektas \u201eLietuvos t\u016bkstantme\u010dio vaikai\\\". Per de\u0161imt met\u0173 u\u017eaugo pirmoji t\u016bkstantme\u010dio vaik\u0173 karta. Kai kurie i\u0161 j\u0173 prisid\u0117jo rengdami \u0161i\u0105 knyg\u0105. \u012e knyg\u0105\u00a0\u201e1000 klausim\u0173 ir atsakym\u0173\\\"\u00a0sud\u0117ti ne tik \u0161auniausi klausimai, u\u017eduoti laidoje \u201eLietuvos t\u016bkstantme\u010dio vaikai\\\", bet ir tai, kas netilpo \u012f kadr\u0105: platesni atsakymai, \u012fdom\u016bs faktai. Taip pat rasite visi\u0161kai nauj\u0173, laidoje neskamb\u0117jusi\u0173 klausim\u0173, o m\u0117gstantys \u017eaibo turnyrus \u017einias gal\u0117s i\u0161bandyti prot\u0173 m\u016b\u0161iuose. Norint \u012fminti knygos\u00a0\u201e1000 klausim\u0173 ir atsakym\u0173\\\"\u00a0paslaptis, reik\u0117s pasitelkti ir i\u0161mani\u0105sias technologijas, ir \u017einias, ir login\u012f m\u0105stym\u0105. Kad b\u016bt\u0173 smagiau, \u012fdomiau, verst\u0173 palau\u017eyti galv\u0105, \u012f knyg\u0105 integravome vaizdo, garso, gudru\u010dio ir fotoklausimus. Jei esi smalsus, i\u0161radingas, galvotas ir \u0161iuolaiki\u0161kas, \u0161i knyga kaip tik tau!\",\"breadcrumb\":{\"@id\":\"https:\\\/\\\/skaitytaknyga.lt\\\/produktas\\\/1000-klausimu-ir-atsakymu-lietuvos-tukstantmecio-vaikai-2\\\/#breadcrumb\"},\"inLanguage\":\"en-GB\",\"potentialAction\":[{\"@type\":\"ReadAction\",\"target\":[\"https:\\\/\\\/skaitytaknyga.lt\\\/produktas\\\/1000-klausimu-ir-atsakymu-lietuvos-tukstantmecio-vaikai-2\\\/\"]}]},{\"@type\":\"ImageObject\",\"inLanguage\":\"en-GB\",\"@id\":\"https:\\\/\\\/skaitytaknyga.lt\\\/produktas\\\/1000-klausimu-ir-atsakymu-lietuvos-tukstantmecio-vaikai-2\\\/#primaryimage\",\"url\":\"https:\\\/\\\/skaitytaknyga.lt\\\/wp-content\\\/uploads\\\/2024\\\/05\\\/1549034960_1000-klausimu-ir-atsakymu_Virselis_72RGB-1.jpg\",\"contentUrl\":\"https:\\\/\\\/skaitytaknyga.lt\\\/wp-content\\\/uploads\\\/2024\\\/05\\\/1549034960_1000-klausimu-ir-atsakymu_Virselis_72RGB-1.jpg\",\"width\":304,\"height\":430},{\"@type\":\"BreadcrumbList\",\"@id\":\"https:\\\/\\\/skaitytaknyga.lt\\\/produktas\\\/1000-klausimu-ir-atsakymu-lietuvos-tukstantmecio-vaikai-2\\\/#breadcrumb\",\"itemListElement\":[{\"@type\":\"ListItem\",\"position\":1,\"name\":\"Home\",\"item\":\"https:\\\/\\\/skaitytaknyga.lt\\\/\"},{\"@type\":\"ListItem\",\"position\":2,\"name\":\"Parduotuv\u0117\",\"item\":\"https:\\\/\\\/skaitytaknyga.lt\\\/knygu-parduotuve\\\/\"},{\"@type\":\"ListItem\",\"position\":3,\"name\":\"1000 klausim\u0173 ir atsakym\u0173. Lietuvos t\u016bkstantme\u010dio vaikai\"}]},{\"@type\":\"WebSite\",\"@id\":\"https:\\\/\\\/skaitytaknyga.lt\\\/#website\",\"url\":\"https:\\\/\\\/skaitytaknyga.lt\\\/\",\"name\":\"skaitytaknyga.lt\",\"description\":\"Skaitytaknyga.lt \u2013 tai ma\u017eas \u0161eimos verslas, kuris prasid\u0117jo nuo meil\u0117s knygoms ir siekio i\u0161gelb\u0117ti knygas nuo likimo prie konteinerio. Kas vienam nereikalingas daiktas \u2013 kitam lobis, o mes esame tarpininkai, kurie padeda abiems tapti laimingesniems ???? \u017dinome kaip nelengva i\u0161gyventi ma\u017eiems verslams, tad nuo \u0161iol, \u010dia rasite ir kit\u0173, ma\u017e\u0173 \u0161eim\u0173 versl\u0173, rank\u0173 darbo, dovan\u0173 sau ir artimiesiems.\",\"publisher\":{\"@id\":\"https:\\\/\\\/skaitytaknyga.lt\\\/#organization\"},\"potentialAction\":[{\"@type\":\"SearchAction\",\"target\":{\"@type\":\"EntryPoint\",\"urlTemplate\":\"https:\\\/\\\/skaitytaknyga.lt\\\/?s={search_term_string}\"},\"query-input\":{\"@type\":\"PropertyValueSpecification\",\"valueRequired\":true,\"valueName\":\"search_term_string\"}}],\"inLanguage\":\"en-GB\"},{\"@type\":\"Organization\",\"@id\":\"https:\\\/\\\/skaitytaknyga.lt\\\/#organization\",\"name\":\"skaitytaknyga.lt\",\"url\":\"https:\\\/\\\/skaitytaknyga.lt\\\/\",\"logo\":{\"@type\":\"ImageObject\",\"inLanguage\":\"en-GB\",\"@id\":\"https:\\\/\\\/skaitytaknyga.lt\\\/#\\\/schema\\\/logo\\\/image\\\/\",\"url\":\"https:\\\/\\\/skaitytaknyga.lt\\\/wp-content\\\/uploads\\\/2024\\\/05\\\/cropped-cropped-cropped-02_00843_jt3bggkj1j3HLc7SyY6rEUpg.jpeg\",\"contentUrl\":\"https:\\\/\\\/skaitytaknyga.lt\\\/wp-content\\\/uploads\\\/2024\\\/05\\\/cropped-cropped-cropped-02_00843_jt3bggkj1j3HLc7SyY6rEUpg.jpeg\",\"width\":1600,\"height\":1600,\"caption\":\"skaitytaknyga.lt\"},\"image\":{\"@id\":\"https:\\\/\\\/skaitytaknyga.lt\\\/#\\\/schema\\\/logo\\\/image\\\/\"},\"sameAs\":[\"https:\\\/\\\/www.facebook.com\\\/skaitytaknyga\\\/\"]}]}<\/script>\n<!-- \/ Yoast SEO plugin. -->","yoast_head_json":{"title":"1000 klausim\u0173 ir atsakym\u0173. Lietuvos t\u016bkstantme\u010dio vaikai","description":"2009 metais, \u0161ven\u010diant Lietuvos 1000-met\u012f, gim\u0117 televizijos projektas \u201eLietuvos t\u016bkstantme\u010dio vaikai\". Per de\u0161imt met\u0173 u\u017eaugo pirmoji t\u016bkstantme\u010dio vaik\u0173 karta. Kai kurie i\u0161 j\u0173 prisid\u0117jo rengdami \u0161i\u0105 knyg\u0105.  \u012e knyg\u0105\u00a0\u201e1000 klausim\u0173 ir atsakym\u0173\"\u00a0sud\u0117ti ne tik \u0161auniausi klausimai, u\u017eduoti laidoje \u201eLietuvos t\u016bkstantme\u010dio vaikai\", bet ir tai, kas netilpo \u012f kadr\u0105: platesni atsakymai, \u012fdom\u016bs faktai. Taip pat rasite visi\u0161kai nauj\u0173, laidoje neskamb\u0117jusi\u0173 klausim\u0173, o m\u0117gstantys \u017eaibo turnyrus \u017einias gal\u0117s i\u0161bandyti prot\u0173 m\u016b\u0161iuose.  Norint \u012fminti knygos\u00a0\u201e1000 klausim\u0173 ir atsakym\u0173\"\u00a0paslaptis, reik\u0117s pasitelkti ir i\u0161mani\u0105sias technologijas, ir \u017einias, ir login\u012f m\u0105stym\u0105. Kad b\u016bt\u0173 smagiau, \u012fdomiau, verst\u0173 palau\u017eyti galv\u0105, \u012f knyg\u0105 integravome vaizdo, garso, gudru\u010dio ir fotoklausimus. Jei esi smalsus, i\u0161radingas, galvotas ir \u0161iuolaiki\u0161kas, \u0161i knyga kaip tik tau!","robots":{"index":"index","follow":"follow","max-snippet":"max-snippet:-1","max-image-preview":"max-image-preview:large","max-video-preview":"max-video-preview:-1"},"canonical":"https:\/\/skaitytaknyga.lt\/en\/produktas\/1000-klausimu-ir-atsakymu-lietuvos-tukstantmecio-vaikai-2\/","og_locale":"en_GB","og_type":"article","og_title":"[:lt]1000 klausim\u0173 ir atsakym\u0173. Lietuvos t\u016bkstantme\u010dio vaikai[:] - Skaitytaknyga","og_description":"2009 metais, \u0161ven\u010diant Lietuvos 1000-met\u012f, gim\u0117 televizijos projektas \u201eLietuvos t\u016bkstantme\u010dio vaikai\". Per de\u0161imt met\u0173 u\u017eaugo pirmoji t\u016bkstantme\u010dio vaik\u0173 karta. Kai kurie i\u0161 j\u0173 prisid\u0117jo rengdami \u0161i\u0105 knyg\u0105.  \u012e knyg\u0105\u00a0\u201e1000 klausim\u0173 ir atsakym\u0173\"\u00a0sud\u0117ti ne tik \u0161auniausi klausimai, u\u017eduoti laidoje \u201eLietuvos t\u016bkstantme\u010dio vaikai\", bet ir tai, kas netilpo \u012f kadr\u0105: platesni atsakymai, \u012fdom\u016bs faktai. Taip pat rasite visi\u0161kai nauj\u0173, laidoje neskamb\u0117jusi\u0173 klausim\u0173, o m\u0117gstantys \u017eaibo turnyrus \u017einias gal\u0117s i\u0161bandyti prot\u0173 m\u016b\u0161iuose.  Norint \u012fminti knygos\u00a0\u201e1000 klausim\u0173 ir atsakym\u0173\"\u00a0paslaptis, reik\u0117s pasitelkti ir i\u0161mani\u0105sias technologijas, ir \u017einias, ir login\u012f m\u0105stym\u0105. Kad b\u016bt\u0173 smagiau, \u012fdomiau, verst\u0173 palau\u017eyti galv\u0105, \u012f knyg\u0105 integravome vaizdo, garso, gudru\u010dio ir fotoklausimus. Jei esi smalsus, i\u0161radingas, galvotas ir \u0161iuolaiki\u0161kas, \u0161i knyga kaip tik tau!","og_url":"https:\/\/skaitytaknyga.lt\/en\/produktas\/1000-klausimu-ir-atsakymu-lietuvos-tukstantmecio-vaikai-2\/","og_site_name":"Skaitytaknyga","article_publisher":"https:\/\/www.facebook.com\/skaitytaknyga\/","article_modified_time":"2024-07-02T18:17:13+00:00","og_image":[{"width":304,"height":430,"url":"https:\/\/skaitytaknyga.lt\/wp-content\/uploads\/2024\/05\/1549034960_1000-klausimu-ir-atsakymu_Virselis_72RGB-1.jpg","type":"image\/jpeg"}],"twitter_card":"summary_large_image","twitter_misc":{"Estimated reading time":"1 minute"},"schema":{"@context":"https:\/\/schema.org","@graph":[{"@type":"WebPage","@id":"https:\/\/skaitytaknyga.lt\/produktas\/1000-klausimu-ir-atsakymu-lietuvos-tukstantmecio-vaikai-2\/","url":"https:\/\/skaitytaknyga.lt\/produktas\/1000-klausimu-ir-atsakymu-lietuvos-tukstantmecio-vaikai-2\/","name":"1000 klausim\u0173 ir atsakym\u0173. Lietuvos t\u016bkstantme\u010dio vaikai","isPartOf":{"@id":"https:\/\/skaitytaknyga.lt\/#website"},"primaryImageOfPage":{"@id":"https:\/\/skaitytaknyga.lt\/produktas\/1000-klausimu-ir-atsakymu-lietuvos-tukstantmecio-vaikai-2\/#primaryimage"},"image":{"@id":"https:\/\/skaitytaknyga.lt\/produktas\/1000-klausimu-ir-atsakymu-lietuvos-tukstantmecio-vaikai-2\/#primaryimage"},"thumbnailUrl":"https:\/\/skaitytaknyga.lt\/wp-content\/uploads\/2024\/05\/1549034960_1000-klausimu-ir-atsakymu_Virselis_72RGB-1.jpg","datePublished":"2024-05-04T14:56:34+00:00","dateModified":"2024-07-02T18:17:13+00:00","description":"2009 metais, \u0161ven\u010diant Lietuvos 1000-met\u012f, gim\u0117 televizijos projektas \u201eLietuvos t\u016bkstantme\u010dio vaikai\". Per de\u0161imt met\u0173 u\u017eaugo pirmoji t\u016bkstantme\u010dio vaik\u0173 karta. Kai kurie i\u0161 j\u0173 prisid\u0117jo rengdami \u0161i\u0105 knyg\u0105. \u012e knyg\u0105\u00a0\u201e1000 klausim\u0173 ir atsakym\u0173\"\u00a0sud\u0117ti ne tik \u0161auniausi klausimai, u\u017eduoti laidoje \u201eLietuvos t\u016bkstantme\u010dio vaikai\", bet ir tai, kas netilpo \u012f kadr\u0105: platesni atsakymai, \u012fdom\u016bs faktai. Taip pat rasite visi\u0161kai nauj\u0173, laidoje neskamb\u0117jusi\u0173 klausim\u0173, o m\u0117gstantys \u017eaibo turnyrus \u017einias gal\u0117s i\u0161bandyti prot\u0173 m\u016b\u0161iuose. Norint \u012fminti knygos\u00a0\u201e1000 klausim\u0173 ir atsakym\u0173\"\u00a0paslaptis, reik\u0117s pasitelkti ir i\u0161mani\u0105sias technologijas, ir \u017einias, ir login\u012f m\u0105stym\u0105. Kad b\u016bt\u0173 smagiau, \u012fdomiau, verst\u0173 palau\u017eyti galv\u0105, \u012f knyg\u0105 integravome vaizdo, garso, gudru\u010dio ir fotoklausimus. Jei esi smalsus, i\u0161radingas, galvotas ir \u0161iuolaiki\u0161kas, \u0161i knyga kaip tik tau!","breadcrumb":{"@id":"https:\/\/skaitytaknyga.lt\/produktas\/1000-klausimu-ir-atsakymu-lietuvos-tukstantmecio-vaikai-2\/#breadcrumb"},"inLanguage":"en-GB","potentialAction":[{"@type":"ReadAction","target":["https:\/\/skaitytaknyga.lt\/produktas\/1000-klausimu-ir-atsakymu-lietuvos-tukstantmecio-vaikai-2\/"]}]},{"@type":"ImageObject","inLanguage":"en-GB","@id":"https:\/\/skaitytaknyga.lt\/produktas\/1000-klausimu-ir-atsakymu-lietuvos-tukstantmecio-vaikai-2\/#primaryimage","url":"https:\/\/skaitytaknyga.lt\/wp-content\/uploads\/2024\/05\/1549034960_1000-klausimu-ir-atsakymu_Virselis_72RGB-1.jpg","contentUrl":"https:\/\/skaitytaknyga.lt\/wp-content\/uploads\/2024\/05\/1549034960_1000-klausimu-ir-atsakymu_Virselis_72RGB-1.jpg","width":304,"height":430},{"@type":"BreadcrumbList","@id":"https:\/\/skaitytaknyga.lt\/produktas\/1000-klausimu-ir-atsakymu-lietuvos-tukstantmecio-vaikai-2\/#breadcrumb","itemListElement":[{"@type":"ListItem","position":1,"name":"Home","item":"https:\/\/skaitytaknyga.lt\/"},{"@type":"ListItem","position":2,"name":"Parduotuv\u0117","item":"https:\/\/skaitytaknyga.lt\/knygu-parduotuve\/"},{"@type":"ListItem","position":3,"name":"1000 klausim\u0173 ir atsakym\u0173. Lietuvos t\u016bkstantme\u010dio vaikai"}]},{"@type":"WebSite","@id":"https:\/\/skaitytaknyga.lt\/#website","url":"https:\/\/skaitytaknyga.lt\/","name":"skaitytaknyga.lt","description":"Skaitytaknyga.lt \u2013 tai ma\u017eas \u0161eimos verslas, kuris prasid\u0117jo nuo meil\u0117s knygoms ir siekio i\u0161gelb\u0117ti knygas nuo likimo prie konteinerio. Kas vienam nereikalingas daiktas \u2013 kitam lobis, o mes esame tarpininkai, kurie padeda abiems tapti laimingesniems ???? \u017dinome kaip nelengva i\u0161gyventi ma\u017eiems verslams, tad nuo \u0161iol, \u010dia rasite ir kit\u0173, ma\u017e\u0173 \u0161eim\u0173 versl\u0173, rank\u0173 darbo, dovan\u0173 sau ir artimiesiems.","publisher":{"@id":"https:\/\/skaitytaknyga.lt\/#organization"},"potentialAction":[{"@type":"SearchAction","target":{"@type":"EntryPoint","urlTemplate":"https:\/\/skaitytaknyga.lt\/?s={search_term_string}"},"query-input":{"@type":"PropertyValueSpecification","valueRequired":true,"valueName":"search_term_string"}}],"inLanguage":"en-GB"},{"@type":"Organization","@id":"https:\/\/skaitytaknyga.lt\/#organization","name":"skaitytaknyga.lt","url":"https:\/\/skaitytaknyga.lt\/","logo":{"@type":"ImageObject","inLanguage":"en-GB","@id":"https:\/\/skaitytaknyga.lt\/#\/schema\/logo\/image\/","url":"https:\/\/skaitytaknyga.lt\/wp-content\/uploads\/2024\/05\/cropped-cropped-cropped-02_00843_jt3bggkj1j3HLc7SyY6rEUpg.jpeg","contentUrl":"https:\/\/skaitytaknyga.lt\/wp-content\/uploads\/2024\/05\/cropped-cropped-cropped-02_00843_jt3bggkj1j3HLc7SyY6rEUpg.jpeg","width":1600,"height":1600,"caption":"skaitytaknyga.lt"},"image":{"@id":"https:\/\/skaitytaknyga.lt\/#\/schema\/logo\/image\/"},"sameAs":["https:\/\/www.facebook.com\/skaitytaknyga\/"]}]}},"_links":{"self":[{"href":"https:\/\/skaitytaknyga.lt\/en\/wp-json\/wp\/v2\/product\/9081","targetHints":{"allow":["GET"]}}],"collection":[{"href":"https:\/\/skaitytaknyga.lt\/en\/wp-json\/wp\/v2\/product"}],"about":[{"href":"https:\/\/skaitytaknyga.lt\/en\/wp-json\/wp\/v2\/types\/product"}],"replies":[{"embeddable":true,"href":"https:\/\/skaitytaknyga.lt\/en\/wp-json\/wp\/v2\/comments?post=9081"}],"wp:featuredmedia":[{"embeddable":true,"href":"https:\/\/skaitytaknyga.lt\/en\/wp-json\/wp\/v2\/media\/6119"}],"wp:attachment":[{"href":"https:\/\/skaitytaknyga.lt\/en\/wp-json\/wp\/v2\/media?parent=9081"}],"wp:term":[{"taxonomy":"product_brand","embeddable":true,"href":"https:\/\/skaitytaknyga.lt\/en\/wp-json\/wp\/v2\/product_brand?post=9081"},{"taxonomy":"product_cat","embeddable":true,"href":"https:\/\/skaitytaknyga.lt\/en\/wp-json\/wp\/v2\/product_cat?post=9081"},{"taxonomy":"product_tag","embeddable":true,"href":"https:\/\/skaitytaknyga.lt\/en\/wp-json\/wp\/v2\/product_tag?post=9081"}],"curies":[{"name":"wp","href":"https:\/\/api.w.org\/{rel}","templated":true}]}}