{"id":9065,"date":"2024-05-04T14:56:10","date_gmt":"2024-05-04T14:56:10","guid":{"rendered":"https:\/\/skaitytaknyga.lt\/?post_type=product&#038;p=9065"},"modified":"2024-07-15T10:14:16","modified_gmt":"2024-07-15T07:14:16","slug":"william-r-burkett-uzmiges-pasaulis-sf-107-2","status":"publish","type":"product","link":"https:\/\/skaitytaknyga.lt\/en\/produktas\/william-r-burkett-uzmiges-pasaulis-sf-107-2\/","title":{"rendered":"William R. Burkett \u201eU\u017emig\u0119s pasaulis\u201c (SF 107)"},"content":{"rendered":"<p>2432-ieji m\u016bs\u0173 eros metai\u2026 \u017dem\u0117s Federacija \u012ftraukta \u012f kar\u0105 su Keturi\u0173 t\u016bkstan\u010di\u0173 saili\u0173 Llari\u0173 imperija. Pasinaudoj\u0119 narkotiniais milteliais, sukelian\u010diais mieg\u0105, llariai \u012fsiver\u017eia \u012f \u017dem\u0119, Vener\u0105 ir Mars\u0105. Tik de\u0161im\u010diai Saul\u0117s sistemos gyventoj\u0173 pavyksta i\u0161vengti toksinio poveikio. Devyni i\u0161 j\u0173 jau grobik\u0173 rankose. O kaip gi de\u0161imtasis?..<\/p>\n","protected":false},"excerpt":{"rendered":"<p>2432-ieji m\u016bs\u0173 eros metai\u2026 \u017dem\u0117s Federacija \u012ftraukta \u012f kar\u0105 su Keturi\u0173 t\u016bkstan\u010di\u0173 saili\u0173 Llari\u0173 imperija. Pasinaudoj\u0119 narkotiniais milteliais, sukelian\u010diais mieg\u0105, llariai \u012fsiver\u017eia \u012f \u017dem\u0119, Vener\u0105 ir Mars\u0105. Tik de\u0161im\u010diai Saul\u0117s sistemos gyventoj\u0173 pavyksta i\u0161vengti toksinio poveikio. Devyni i\u0161 j\u0173 jau grobik\u0173 rankose. O kaip gi de\u0161imtasis?..<\/p>\n","protected":false},"featured_media":6087,"comment_status":"closed","ping_status":"closed","template":"","meta":{"_acf_changed":false,"site-sidebar-layout":"default","site-content-layout":"","ast-site-content-layout":"default","site-content-style":"default","site-sidebar-style":"default","ast-global-header-display":"","ast-banner-title-visibility":"","ast-main-header-display":"","ast-hfb-above-header-display":"","ast-hfb-below-header-display":"","ast-hfb-mobile-header-display":"","site-post-title":"","ast-breadcrumbs-content":"","ast-featured-img":"","footer-sml-layout":"","ast-disable-related-posts":"","theme-transparent-header-meta":"","adv-header-id-meta":"","stick-header-meta":"","header-above-stick-meta":"","header-main-stick-meta":"","header-below-stick-meta":"","astra-migrate-meta-layouts":"default","ast-page-background-enabled":"default","ast-page-background-meta":{"desktop":{"background-color":"","background-image":"","background-repeat":"repeat","background-position":"center center","background-size":"auto","background-attachment":"scroll","background-type":"","background-media":"","overlay-type":"","overlay-color":"","overlay-opacity":"","overlay-gradient":""},"tablet":{"background-color":"","background-image":"","background-repeat":"repeat","background-position":"center center","background-size":"auto","background-attachment":"scroll","background-type":"","background-media":"","overlay-type":"","overlay-color":"","overlay-opacity":"","overlay-gradient":""},"mobile":{"background-color":"","background-image":"","background-repeat":"repeat","background-position":"center center","background-size":"auto","background-attachment":"scroll","background-type":"","background-media":"","overlay-type":"","overlay-color":"","overlay-opacity":"","overlay-gradient":""}},"ast-content-background-meta":{"desktop":{"background-color":"var(--ast-global-color-4)","background-image":"","background-repeat":"repeat","background-position":"center center","background-size":"auto","background-attachment":"scroll","background-type":"","background-media":"","overlay-type":"","overlay-color":"","overlay-opacity":"","overlay-gradient":""},"tablet":{"background-color":"var(--ast-global-color-4)","background-image":"","background-repeat":"repeat","background-position":"center center","background-size":"auto","background-attachment":"scroll","background-type":"","background-media":"","overlay-type":"","overlay-color":"","overlay-opacity":"","overlay-gradient":""},"mobile":{"background-color":"var(--ast-global-color-4)","background-image":"","background-repeat":"repeat","background-position":"center center","background-size":"auto","background-attachment":"scroll","background-type":"","background-media":"","overlay-type":"","overlay-color":"","overlay-opacity":"","overlay-gradient":""}}},"product_brand":[],"product_cat":[1059],"product_tag":[458],"class_list":{"0":"post-9065","1":"product","2":"type-product","3":"status-publish","4":"has-post-thumbnail","6":"product_cat-pasaulines-fantastikos-aukso-fondas","7":"product_tag-pasauline-fantastikos-aukso-fondas","8":"pa_leidimo-metai-680","9":"pa_virselis-kietas","10":"desktop-align-left","11":"tablet-align-left","12":"mobile-align-left","14":"first","15":"outofstock","16":"shipping-taxable","17":"purchasable","18":"product-type-simple"},"acf":[],"yoast_head":"<!-- This site is optimized with the Yoast SEO plugin v27.0 - https:\/\/yoast.com\/product\/yoast-seo-wordpress\/ -->\n<title>William R. Burkett \u201eU\u017emig\u0119s pasaulis\u201c (SF 107)<\/title>\n<meta name=\"description\" content=\"2432-ieji m\u016bs\u0173 eros metai\u2026 \u017dem\u0117s Federacija \u012ftraukta \u012f kar\u0105 su Keturi\u0173 t\u016bkstan\u010di\u0173 saili\u0173 Llari\u0173 imperija. Pasinaudoj\u0119 narkotiniais milteliais, sukelian\u010diais mieg\u0105, llariai \u012fsiver\u017eia \u012f \u017dem\u0119, Vener\u0105 ir Mars\u0105. Tik de\u0161im\u010diai Saul\u0117s sistemos gyventoj\u0173 pavyksta i\u0161vengti toksinio poveikio. Devyni i\u0161 j\u0173 jau grobik\u0173 rankose. O kaip gi de\u0161imtasis?..\" \/>\n<meta name=\"robots\" content=\"index, follow, max-snippet:-1, max-image-preview:large, max-video-preview:-1\" \/>\n<link rel=\"canonical\" href=\"https:\/\/skaitytaknyga.lt\/en\/produktas\/william-r-burkett-uzmiges-pasaulis-sf-107-2\/\" \/>\n<meta property=\"og:locale\" content=\"en_GB\" \/>\n<meta property=\"og:locale:alternate\" content=\"lt_LT\" \/>\n<meta property=\"og:type\" content=\"article\" \/>\n<meta property=\"og:title\" content=\"William R. Burkett \u201eU\u017emig\u0119s pasaulis\u201c (SF 107)\" \/>\n<meta property=\"og:description\" content=\"2432-ieji m\u016bs\u0173 eros metai\u2026 \u017dem\u0117s Federacija \u012ftraukta \u012f kar\u0105 su Keturi\u0173 t\u016bkstan\u010di\u0173 saili\u0173 Llari\u0173 imperija. Pasinaudoj\u0119 narkotiniais milteliais, sukelian\u010diais mieg\u0105, llariai \u012fsiver\u017eia \u012f \u017dem\u0119, Vener\u0105 ir Mars\u0105. Tik de\u0161im\u010diai Saul\u0117s sistemos gyventoj\u0173 pavyksta i\u0161vengti toksinio poveikio. Devyni i\u0161 j\u0173 jau grobik\u0173 rankose. O kaip gi de\u0161imtasis?..\" \/>\n<meta property=\"og:url\" content=\"https:\/\/skaitytaknyga.lt\/en\/produktas\/william-r-burkett-uzmiges-pasaulis-sf-107-2\/\" \/>\n<meta property=\"og:site_name\" content=\"Skaitytaknyga\" \/>\n<meta property=\"article:publisher\" content=\"https:\/\/www.facebook.com\/skaitytaknyga\/\" \/>\n<meta property=\"article:modified_time\" content=\"2024-07-15T07:14:16+00:00\" \/>\n<meta property=\"og:image\" content=\"https:\/\/skaitytaknyga.lt\/wp-content\/uploads\/2024\/05\/1462880127_img0019.jpg\" \/>\n\t<meta property=\"og:image:width\" content=\"274\" \/>\n\t<meta property=\"og:image:height\" content=\"430\" \/>\n\t<meta property=\"og:image:type\" content=\"image\/jpeg\" \/>\n<meta name=\"twitter:card\" content=\"summary_large_image\" \/>\n<script type=\"application\/ld+json\" class=\"yoast-schema-graph\">{\"@context\":\"https:\/\/schema.org\",\"@graph\":[{\"@type\":\"WebPage\",\"@id\":\"https:\/\/skaitytaknyga.lt\/produktas\/william-r-burkett-uzmiges-pasaulis-sf-107-2\/\",\"url\":\"https:\/\/skaitytaknyga.lt\/produktas\/william-r-burkett-uzmiges-pasaulis-sf-107-2\/\",\"name\":\"William R. Burkett \u201eU\u017emig\u0119s pasaulis\u201c (SF 107)\",\"isPartOf\":{\"@id\":\"https:\/\/skaitytaknyga.lt\/#website\"},\"primaryImageOfPage\":{\"@id\":\"https:\/\/skaitytaknyga.lt\/produktas\/william-r-burkett-uzmiges-pasaulis-sf-107-2\/#primaryimage\"},\"image\":{\"@id\":\"https:\/\/skaitytaknyga.lt\/produktas\/william-r-burkett-uzmiges-pasaulis-sf-107-2\/#primaryimage\"},\"thumbnailUrl\":\"https:\/\/skaitytaknyga.lt\/wp-content\/uploads\/2024\/05\/1462880127_img0019.jpg\",\"datePublished\":\"2024-05-04T14:56:10+00:00\",\"dateModified\":\"2024-07-15T07:14:16+00:00\",\"description\":\"2432-ieji m\u016bs\u0173 eros metai\u2026 \u017dem\u0117s Federacija \u012ftraukta \u012f kar\u0105 su Keturi\u0173 t\u016bkstan\u010di\u0173 saili\u0173 Llari\u0173 imperija. Pasinaudoj\u0119 narkotiniais milteliais, sukelian\u010diais mieg\u0105, llariai \u012fsiver\u017eia \u012f \u017dem\u0119, Vener\u0105 ir Mars\u0105. Tik de\u0161im\u010diai Saul\u0117s sistemos gyventoj\u0173 pavyksta i\u0161vengti toksinio poveikio. Devyni i\u0161 j\u0173 jau grobik\u0173 rankose. O kaip gi de\u0161imtasis?..\",\"breadcrumb\":{\"@id\":\"https:\/\/skaitytaknyga.lt\/produktas\/william-r-burkett-uzmiges-pasaulis-sf-107-2\/#breadcrumb\"},\"inLanguage\":\"en-GB\",\"potentialAction\":[{\"@type\":\"ReadAction\",\"target\":[\"https:\/\/skaitytaknyga.lt\/produktas\/william-r-burkett-uzmiges-pasaulis-sf-107-2\/\"]}]},{\"@type\":\"ImageObject\",\"inLanguage\":\"en-GB\",\"@id\":\"https:\/\/skaitytaknyga.lt\/produktas\/william-r-burkett-uzmiges-pasaulis-sf-107-2\/#primaryimage\",\"url\":\"https:\/\/skaitytaknyga.lt\/wp-content\/uploads\/2024\/05\/1462880127_img0019.jpg\",\"contentUrl\":\"https:\/\/skaitytaknyga.lt\/wp-content\/uploads\/2024\/05\/1462880127_img0019.jpg\",\"width\":274,\"height\":430},{\"@type\":\"BreadcrumbList\",\"@id\":\"https:\/\/skaitytaknyga.lt\/produktas\/william-r-burkett-uzmiges-pasaulis-sf-107-2\/#breadcrumb\",\"itemListElement\":[{\"@type\":\"ListItem\",\"position\":1,\"name\":\"Home\",\"item\":\"https:\/\/skaitytaknyga.lt\/\"},{\"@type\":\"ListItem\",\"position\":2,\"name\":\"Parduotuv\u0117\",\"item\":\"https:\/\/skaitytaknyga.lt\/knygu-parduotuve\/\"},{\"@type\":\"ListItem\",\"position\":3,\"name\":\"William R. Burkett \u201eU\u017emig\u0119s pasaulis\u201c (SF 107)\"}]},{\"@type\":\"WebSite\",\"@id\":\"https:\/\/skaitytaknyga.lt\/#website\",\"url\":\"https:\/\/skaitytaknyga.lt\/\",\"name\":\"skaitytaknyga.lt\",\"description\":\"Skaitytaknyga.lt \u2013 tai ma\u017eas \u0161eimos verslas, kuris prasid\u0117jo nuo meil\u0117s knygoms ir siekio i\u0161gelb\u0117ti knygas nuo likimo prie konteinerio. Kas vienam nereikalingas daiktas \u2013 kitam lobis, o mes esame tarpininkai, kurie padeda abiems tapti laimingesniems ???? \u017dinome kaip nelengva i\u0161gyventi ma\u017eiems verslams, tad nuo \u0161iol, \u010dia rasite ir kit\u0173, ma\u017e\u0173 \u0161eim\u0173 versl\u0173, rank\u0173 darbo, dovan\u0173 sau ir artimiesiems.\",\"publisher\":{\"@id\":\"https:\/\/skaitytaknyga.lt\/#organization\"},\"potentialAction\":[{\"@type\":\"SearchAction\",\"target\":{\"@type\":\"EntryPoint\",\"urlTemplate\":\"https:\/\/skaitytaknyga.lt\/?s={search_term_string}\"},\"query-input\":{\"@type\":\"PropertyValueSpecification\",\"valueRequired\":true,\"valueName\":\"search_term_string\"}}],\"inLanguage\":\"en-GB\"},{\"@type\":\"Organization\",\"@id\":\"https:\/\/skaitytaknyga.lt\/#organization\",\"name\":\"skaitytaknyga.lt\",\"url\":\"https:\/\/skaitytaknyga.lt\/\",\"logo\":{\"@type\":\"ImageObject\",\"inLanguage\":\"en-GB\",\"@id\":\"https:\/\/skaitytaknyga.lt\/#\/schema\/logo\/image\/\",\"url\":\"https:\/\/skaitytaknyga.lt\/wp-content\/uploads\/2024\/05\/cropped-cropped-cropped-02_00843_jt3bggkj1j3HLc7SyY6rEUpg.jpeg\",\"contentUrl\":\"https:\/\/skaitytaknyga.lt\/wp-content\/uploads\/2024\/05\/cropped-cropped-cropped-02_00843_jt3bggkj1j3HLc7SyY6rEUpg.jpeg\",\"width\":1600,\"height\":1600,\"caption\":\"skaitytaknyga.lt\"},\"image\":{\"@id\":\"https:\/\/skaitytaknyga.lt\/#\/schema\/logo\/image\/\"},\"sameAs\":[\"https:\/\/www.facebook.com\/skaitytaknyga\/\"]}]}<\/script>\n<!-- \/ Yoast SEO plugin. -->","yoast_head_json":{"title":"William R. Burkett \u201eU\u017emig\u0119s pasaulis\u201c (SF 107)","description":"2432-ieji m\u016bs\u0173 eros metai\u2026 \u017dem\u0117s Federacija \u012ftraukta \u012f kar\u0105 su Keturi\u0173 t\u016bkstan\u010di\u0173 saili\u0173 Llari\u0173 imperija. Pasinaudoj\u0119 narkotiniais milteliais, sukelian\u010diais mieg\u0105, llariai \u012fsiver\u017eia \u012f \u017dem\u0119, Vener\u0105 ir Mars\u0105. Tik de\u0161im\u010diai Saul\u0117s sistemos gyventoj\u0173 pavyksta i\u0161vengti toksinio poveikio. Devyni i\u0161 j\u0173 jau grobik\u0173 rankose. O kaip gi de\u0161imtasis?..","robots":{"index":"index","follow":"follow","max-snippet":"max-snippet:-1","max-image-preview":"max-image-preview:large","max-video-preview":"max-video-preview:-1"},"canonical":"https:\/\/skaitytaknyga.lt\/en\/produktas\/william-r-burkett-uzmiges-pasaulis-sf-107-2\/","og_locale":"en_GB","og_type":"article","og_title":"[:lt]William R. Burkett \u201eU\u017emig\u0119s pasaulis\u201c (SF 107)[:] - Skaitytaknyga","og_description":"2432-ieji m\u016bs\u0173 eros metai\u2026 \u017dem\u0117s Federacija \u012ftraukta \u012f kar\u0105 su Keturi\u0173 t\u016bkstan\u010di\u0173 saili\u0173 Llari\u0173 imperija. Pasinaudoj\u0119 narkotiniais milteliais, sukelian\u010diais mieg\u0105, llariai \u012fsiver\u017eia \u012f \u017dem\u0119, Vener\u0105 ir Mars\u0105. Tik de\u0161im\u010diai Saul\u0117s sistemos gyventoj\u0173 pavyksta i\u0161vengti toksinio poveikio. Devyni i\u0161 j\u0173 jau grobik\u0173 rankose. O kaip gi de\u0161imtasis?..","og_url":"https:\/\/skaitytaknyga.lt\/en\/produktas\/william-r-burkett-uzmiges-pasaulis-sf-107-2\/","og_site_name":"Skaitytaknyga","article_publisher":"https:\/\/www.facebook.com\/skaitytaknyga\/","article_modified_time":"2024-07-15T07:14:16+00:00","og_image":[{"width":274,"height":430,"url":"https:\/\/skaitytaknyga.lt\/wp-content\/uploads\/2024\/05\/1462880127_img0019.jpg","type":"image\/jpeg"}],"twitter_card":"summary_large_image","schema":{"@context":"https:\/\/schema.org","@graph":[{"@type":"WebPage","@id":"https:\/\/skaitytaknyga.lt\/produktas\/william-r-burkett-uzmiges-pasaulis-sf-107-2\/","url":"https:\/\/skaitytaknyga.lt\/produktas\/william-r-burkett-uzmiges-pasaulis-sf-107-2\/","name":"William R. Burkett \u201eU\u017emig\u0119s pasaulis\u201c (SF 107)","isPartOf":{"@id":"https:\/\/skaitytaknyga.lt\/#website"},"primaryImageOfPage":{"@id":"https:\/\/skaitytaknyga.lt\/produktas\/william-r-burkett-uzmiges-pasaulis-sf-107-2\/#primaryimage"},"image":{"@id":"https:\/\/skaitytaknyga.lt\/produktas\/william-r-burkett-uzmiges-pasaulis-sf-107-2\/#primaryimage"},"thumbnailUrl":"https:\/\/skaitytaknyga.lt\/wp-content\/uploads\/2024\/05\/1462880127_img0019.jpg","datePublished":"2024-05-04T14:56:10+00:00","dateModified":"2024-07-15T07:14:16+00:00","description":"2432-ieji m\u016bs\u0173 eros metai\u2026 \u017dem\u0117s Federacija \u012ftraukta \u012f kar\u0105 su Keturi\u0173 t\u016bkstan\u010di\u0173 saili\u0173 Llari\u0173 imperija. Pasinaudoj\u0119 narkotiniais milteliais, sukelian\u010diais mieg\u0105, llariai \u012fsiver\u017eia \u012f \u017dem\u0119, Vener\u0105 ir Mars\u0105. Tik de\u0161im\u010diai Saul\u0117s sistemos gyventoj\u0173 pavyksta i\u0161vengti toksinio poveikio. Devyni i\u0161 j\u0173 jau grobik\u0173 rankose. O kaip gi de\u0161imtasis?..","breadcrumb":{"@id":"https:\/\/skaitytaknyga.lt\/produktas\/william-r-burkett-uzmiges-pasaulis-sf-107-2\/#breadcrumb"},"inLanguage":"en-GB","potentialAction":[{"@type":"ReadAction","target":["https:\/\/skaitytaknyga.lt\/produktas\/william-r-burkett-uzmiges-pasaulis-sf-107-2\/"]}]},{"@type":"ImageObject","inLanguage":"en-GB","@id":"https:\/\/skaitytaknyga.lt\/produktas\/william-r-burkett-uzmiges-pasaulis-sf-107-2\/#primaryimage","url":"https:\/\/skaitytaknyga.lt\/wp-content\/uploads\/2024\/05\/1462880127_img0019.jpg","contentUrl":"https:\/\/skaitytaknyga.lt\/wp-content\/uploads\/2024\/05\/1462880127_img0019.jpg","width":274,"height":430},{"@type":"BreadcrumbList","@id":"https:\/\/skaitytaknyga.lt\/produktas\/william-r-burkett-uzmiges-pasaulis-sf-107-2\/#breadcrumb","itemListElement":[{"@type":"ListItem","position":1,"name":"Home","item":"https:\/\/skaitytaknyga.lt\/"},{"@type":"ListItem","position":2,"name":"Parduotuv\u0117","item":"https:\/\/skaitytaknyga.lt\/knygu-parduotuve\/"},{"@type":"ListItem","position":3,"name":"William R. Burkett \u201eU\u017emig\u0119s pasaulis\u201c (SF 107)"}]},{"@type":"WebSite","@id":"https:\/\/skaitytaknyga.lt\/#website","url":"https:\/\/skaitytaknyga.lt\/","name":"skaitytaknyga.lt","description":"Skaitytaknyga.lt \u2013 tai ma\u017eas \u0161eimos verslas, kuris prasid\u0117jo nuo meil\u0117s knygoms ir siekio i\u0161gelb\u0117ti knygas nuo likimo prie konteinerio. Kas vienam nereikalingas daiktas \u2013 kitam lobis, o mes esame tarpininkai, kurie padeda abiems tapti laimingesniems ???? \u017dinome kaip nelengva i\u0161gyventi ma\u017eiems verslams, tad nuo \u0161iol, \u010dia rasite ir kit\u0173, ma\u017e\u0173 \u0161eim\u0173 versl\u0173, rank\u0173 darbo, dovan\u0173 sau ir artimiesiems.","publisher":{"@id":"https:\/\/skaitytaknyga.lt\/#organization"},"potentialAction":[{"@type":"SearchAction","target":{"@type":"EntryPoint","urlTemplate":"https:\/\/skaitytaknyga.lt\/?s={search_term_string}"},"query-input":{"@type":"PropertyValueSpecification","valueRequired":true,"valueName":"search_term_string"}}],"inLanguage":"en-GB"},{"@type":"Organization","@id":"https:\/\/skaitytaknyga.lt\/#organization","name":"skaitytaknyga.lt","url":"https:\/\/skaitytaknyga.lt\/","logo":{"@type":"ImageObject","inLanguage":"en-GB","@id":"https:\/\/skaitytaknyga.lt\/#\/schema\/logo\/image\/","url":"https:\/\/skaitytaknyga.lt\/wp-content\/uploads\/2024\/05\/cropped-cropped-cropped-02_00843_jt3bggkj1j3HLc7SyY6rEUpg.jpeg","contentUrl":"https:\/\/skaitytaknyga.lt\/wp-content\/uploads\/2024\/05\/cropped-cropped-cropped-02_00843_jt3bggkj1j3HLc7SyY6rEUpg.jpeg","width":1600,"height":1600,"caption":"skaitytaknyga.lt"},"image":{"@id":"https:\/\/skaitytaknyga.lt\/#\/schema\/logo\/image\/"},"sameAs":["https:\/\/www.facebook.com\/skaitytaknyga\/"]}]}},"_links":{"self":[{"href":"https:\/\/skaitytaknyga.lt\/en\/wp-json\/wp\/v2\/product\/9065","targetHints":{"allow":["GET"]}}],"collection":[{"href":"https:\/\/skaitytaknyga.lt\/en\/wp-json\/wp\/v2\/product"}],"about":[{"href":"https:\/\/skaitytaknyga.lt\/en\/wp-json\/wp\/v2\/types\/product"}],"replies":[{"embeddable":true,"href":"https:\/\/skaitytaknyga.lt\/en\/wp-json\/wp\/v2\/comments?post=9065"}],"wp:featuredmedia":[{"embeddable":true,"href":"https:\/\/skaitytaknyga.lt\/en\/wp-json\/wp\/v2\/media\/6087"}],"wp:attachment":[{"href":"https:\/\/skaitytaknyga.lt\/en\/wp-json\/wp\/v2\/media?parent=9065"}],"wp:term":[{"taxonomy":"product_brand","embeddable":true,"href":"https:\/\/skaitytaknyga.lt\/en\/wp-json\/wp\/v2\/product_brand?post=9065"},{"taxonomy":"product_cat","embeddable":true,"href":"https:\/\/skaitytaknyga.lt\/en\/wp-json\/wp\/v2\/product_cat?post=9065"},{"taxonomy":"product_tag","embeddable":true,"href":"https:\/\/skaitytaknyga.lt\/en\/wp-json\/wp\/v2\/product_tag?post=9065"}],"curies":[{"name":"wp","href":"https:\/\/api.w.org\/{rel}","templated":true}]}}