{"id":9060,"date":"2024-05-04T14:56:10","date_gmt":"2024-05-04T14:56:10","guid":{"rendered":"https:\/\/skaitytaknyga.lt\/?post_type=product&#038;p=9060"},"modified":"2024-05-04T14:56:28","modified_gmt":"2024-05-04T14:56:28","slug":"agota-kristof-storas-sasiuvinis-2","status":"publish","type":"product","link":"https:\/\/skaitytaknyga.lt\/en\/produktas\/agota-kristof-storas-sasiuvinis-2\/","title":{"rendered":"Agota Kristof \u201eStoras s\u0105siuvinis&#8221;"},"content":{"rendered":"<div>Vengr\u0173 kilm\u0117s \u0161iuolaikin\u0117s \u0161veicar\u0173 ra\u0161ytojos Agotos Kristof trys romanai, i\u0161garsin\u0119 j\u0105 visame pasaulyje,\u00a0\u2013 pirm\u0105 kart\u0105 i\u0161versti \u012f lietuvi\u0173 kalb\u0105. \u0160i trilogija vadinama negailestingiausia pra\u0117jusio \u0161imtme\u010dio knyga.<\/div>\n<div>Broliai dvyniai Klausas ir Lukas i\u0161 karo nualintos sostin\u0117s atva\u017eiuoja \u012f ma\u017e\u0105 pasienio miestel\u012f pas senel\u0119. Kad i\u0161gyvent\u0173, jie netik\u0117\u010diauisiais pratimais gr\u016bdina k\u016bn\u0105 ir siel\u0105, o visk\u0105, k\u0105 patiria, ra\u0161o \u012f stor\u0105 s\u0105siuvin\u012f. Ra\u0161o net ir tada, kai likimas nublo\u0161kia juos \u012f skirtingas \u0161alis ir jie nieko ne\u017eino vienas apie kit\u0105. Bet gal \u0161is savoti\u0161kas dienora\u0161tis ir nuties tilt\u0105 per \u017eiojin\u010di\u0105 praraj\u0105?<\/div>\n<div><\/div>\n","protected":false},"excerpt":{"rendered":"<div>Vengr\u0173 kilm\u0117s \u0161iuolaikin\u0117s \u0161veicar\u0173 ra\u0161ytojos Agotos Kristof trys romanai, i\u0161garsin\u0119 j\u0105 visame pasaulyje,\u00a0\u2013 pirm\u0105 kart\u0105 i\u0161versti \u012f lietuvi\u0173 kalb\u0105. \u0160i trilogija vadinama negailestingiausia pra\u0117jusio \u0161imtme\u010dio knyga.<\/div>\n<div>Broliai dvyniai Klausas ir Lukas i\u0161 karo nualintos sostin\u0117s atva\u017eiuoja \u012f ma\u017e\u0105 pasienio miestel\u012f pas senel\u0119. Kad i\u0161gyvent\u0173, jie netik\u0117\u010diauisiais pratimais gr\u016bdina k\u016bn\u0105 ir siel\u0105, o visk\u0105, k\u0105 patiria, ra\u0161o \u012f stor\u0105 s\u0105siuvin\u012f. Ra\u0161o net ir tada, kai likimas nublo\u0161kia juos \u012f skirtingas \u0161alis ir jie nieko ne\u017eino vienas apie kit\u0105. Bet gal \u0161is savoti\u0161kas dienora\u0161tis ir nuties tilt\u0105 per \u017eiojin\u010di\u0105 praraj\u0105?<\/div>\n<div><\/div>\n","protected":false},"featured_media":6073,"comment_status":"closed","ping_status":"closed","template":"","meta":{"_acf_changed":false,"site-sidebar-layout":"default","site-content-layout":"","ast-site-content-layout":"default","site-content-style":"default","site-sidebar-style":"default","ast-global-header-display":"","ast-banner-title-visibility":"","ast-main-header-display":"","ast-hfb-above-header-display":"","ast-hfb-below-header-display":"","ast-hfb-mobile-header-display":"","site-post-title":"","ast-breadcrumbs-content":"","ast-featured-img":"","footer-sml-layout":"","ast-disable-related-posts":"","theme-transparent-header-meta":"","adv-header-id-meta":"","stick-header-meta":"","header-above-stick-meta":"","header-main-stick-meta":"","header-below-stick-meta":"","astra-migrate-meta-layouts":"default","ast-page-background-enabled":"default","ast-page-background-meta":{"desktop":{"background-color":"","background-image":"","background-repeat":"repeat","background-position":"center center","background-size":"auto","background-attachment":"scroll","background-type":"","background-media":"","overlay-type":"","overlay-color":"","overlay-opacity":"","overlay-gradient":""},"tablet":{"background-color":"","background-image":"","background-repeat":"repeat","background-position":"center center","background-size":"auto","background-attachment":"scroll","background-type":"","background-media":"","overlay-type":"","overlay-color":"","overlay-opacity":"","overlay-gradient":""},"mobile":{"background-color":"","background-image":"","background-repeat":"repeat","background-position":"center center","background-size":"auto","background-attachment":"scroll","background-type":"","background-media":"","overlay-type":"","overlay-color":"","overlay-opacity":"","overlay-gradient":""}},"ast-content-background-meta":{"desktop":{"background-color":"var(--ast-global-color-4)","background-image":"","background-repeat":"repeat","background-position":"center center","background-size":"auto","background-attachment":"scroll","background-type":"","background-media":"","overlay-type":"","overlay-color":"","overlay-opacity":"","overlay-gradient":""},"tablet":{"background-color":"var(--ast-global-color-4)","background-image":"","background-repeat":"repeat","background-position":"center center","background-size":"auto","background-attachment":"scroll","background-type":"","background-media":"","overlay-type":"","overlay-color":"","overlay-opacity":"","overlay-gradient":""},"mobile":{"background-color":"var(--ast-global-color-4)","background-image":"","background-repeat":"repeat","background-position":"center center","background-size":"auto","background-attachment":"scroll","background-type":"","background-media":"","overlay-type":"","overlay-color":"","overlay-opacity":"","overlay-gradient":""}}},"product_brand":[],"product_cat":[31],"product_tag":[63],"class_list":{"0":"post-9060","1":"product","2":"type-product","3":"status-publish","4":"has-post-thumbnail","6":"product_cat-grozine-literatura","7":"product_tag-xx-a-aukso-fondas","8":"desktop-align-left","9":"tablet-align-left","10":"mobile-align-left","12":"first","13":"outofstock","14":"shipping-taxable","15":"purchasable","16":"product-type-simple"},"acf":[],"yoast_head":"<!-- This site is optimized with the Yoast SEO plugin v27.0 - https:\/\/yoast.com\/product\/yoast-seo-wordpress\/ -->\n<title>Agota Kristof \u201eStoras s\u0105siuvinis&quot; - Skaitytaknyga<\/title>\n<meta name=\"description\" content=\"Vengr\u0173 kilm\u0117s \u0161iuolaikin\u0117s \u0161veicar\u0173 ra\u0161ytojos Agotos Kristof trys romanai, i\u0161garsin\u0119 j\u0105 visame pasaulyje,\u00a0\u2013 pirm\u0105 kart\u0105 i\u0161versti \u012f lietuvi\u0173 kalb\u0105. \u0160i trilogija vadinama negailestingiausia pra\u0117jusio \u0161imtme\u010dio knyga. Broliai dvyniai Klausas ir Lukas i\u0161 karo nualintos sostin\u0117s atva\u017eiuoja \u012f ma\u017e\u0105 pasienio miestel\u012f pas senel\u0119. Kad i\u0161gyvent\u0173, jie netik\u0117\u010diauisiais pratimais gr\u016bdina k\u016bn\u0105 ir siel\u0105, o visk\u0105, k\u0105 patiria, ra\u0161o \u012f stor\u0105 s\u0105siuvin\u012f. Ra\u0161o net ir tada, kai likimas nublo\u0161kia juos \u012f skirtingas \u0161alis ir jie nieko ne\u017eino vienas apie kit\u0105. Bet gal \u0161is savoti\u0161kas dienora\u0161tis ir nuties tilt\u0105 per \u017eiojin\u010di\u0105 praraj\u0105?\" \/>\n<meta name=\"robots\" content=\"index, follow, max-snippet:-1, max-image-preview:large, max-video-preview:-1\" \/>\n<link rel=\"canonical\" href=\"https:\/\/skaitytaknyga.lt\/en\/produktas\/agota-kristof-storas-sasiuvinis-2\/\" \/>\n<meta property=\"og:locale\" content=\"en_GB\" \/>\n<meta property=\"og:locale:alternate\" content=\"lt_LT\" \/>\n<meta property=\"og:type\" content=\"article\" \/>\n<meta property=\"og:title\" content=\"Agota Kristof \u201eStoras s\u0105siuvinis&quot; - Skaitytaknyga\" \/>\n<meta property=\"og:description\" content=\"Vengr\u0173 kilm\u0117s \u0161iuolaikin\u0117s \u0161veicar\u0173 ra\u0161ytojos Agotos Kristof trys romanai, i\u0161garsin\u0119 j\u0105 visame pasaulyje,\u00a0\u2013 pirm\u0105 kart\u0105 i\u0161versti \u012f lietuvi\u0173 kalb\u0105. \u0160i trilogija vadinama negailestingiausia pra\u0117jusio \u0161imtme\u010dio knyga. Broliai dvyniai Klausas ir Lukas i\u0161 karo nualintos sostin\u0117s atva\u017eiuoja \u012f ma\u017e\u0105 pasienio miestel\u012f pas senel\u0119. Kad i\u0161gyvent\u0173, jie netik\u0117\u010diauisiais pratimais gr\u016bdina k\u016bn\u0105 ir siel\u0105, o visk\u0105, k\u0105 patiria, ra\u0161o \u012f stor\u0105 s\u0105siuvin\u012f. Ra\u0161o net ir tada, kai likimas nublo\u0161kia juos \u012f skirtingas \u0161alis ir jie nieko ne\u017eino vienas apie kit\u0105. Bet gal \u0161is savoti\u0161kas dienora\u0161tis ir nuties tilt\u0105 per \u017eiojin\u010di\u0105 praraj\u0105?\" \/>\n<meta property=\"og:url\" content=\"https:\/\/skaitytaknyga.lt\/en\/produktas\/agota-kristof-storas-sasiuvinis-2\/\" \/>\n<meta property=\"og:site_name\" content=\"Skaitytaknyga\" \/>\n<meta property=\"article:publisher\" content=\"https:\/\/www.facebook.com\/skaitytaknyga\/\" \/>\n<meta property=\"article:modified_time\" content=\"2024-05-04T14:56:28+00:00\" \/>\n<meta property=\"og:image\" content=\"https:\/\/skaitytaknyga.lt\/wp-content\/uploads\/2024\/05\/000000000001107253-59de7ff15e0ac-asset-knyguklubas-cdb_sviesa_6e99ec3d25f16136081c9c9230d59b7d_p1.jpg\" \/>\n\t<meta property=\"og:image:width\" content=\"285\" \/>\n\t<meta property=\"og:image:height\" content=\"473\" \/>\n\t<meta property=\"og:image:type\" content=\"image\/jpeg\" \/>\n<meta name=\"twitter:card\" content=\"summary_large_image\" \/>\n<meta name=\"twitter:label1\" content=\"Estimated reading time\" \/>\n\t<meta name=\"twitter:data1\" content=\"1 minute\" \/>\n<script type=\"application\/ld+json\" class=\"yoast-schema-graph\">{\"@context\":\"https:\/\/schema.org\",\"@graph\":[{\"@type\":\"WebPage\",\"@id\":\"https:\/\/skaitytaknyga.lt\/produktas\/agota-kristof-storas-sasiuvinis-2\/\",\"url\":\"https:\/\/skaitytaknyga.lt\/produktas\/agota-kristof-storas-sasiuvinis-2\/\",\"name\":\"Agota Kristof \u201eStoras s\u0105siuvinis\\\" - Skaitytaknyga\",\"isPartOf\":{\"@id\":\"https:\/\/skaitytaknyga.lt\/#website\"},\"primaryImageOfPage\":{\"@id\":\"https:\/\/skaitytaknyga.lt\/produktas\/agota-kristof-storas-sasiuvinis-2\/#primaryimage\"},\"image\":{\"@id\":\"https:\/\/skaitytaknyga.lt\/produktas\/agota-kristof-storas-sasiuvinis-2\/#primaryimage\"},\"thumbnailUrl\":\"https:\/\/skaitytaknyga.lt\/wp-content\/uploads\/2024\/05\/000000000001107253-59de7ff15e0ac-asset-knyguklubas-cdb_sviesa_6e99ec3d25f16136081c9c9230d59b7d_p1.jpg\",\"datePublished\":\"2024-05-04T14:56:10+00:00\",\"dateModified\":\"2024-05-04T14:56:28+00:00\",\"description\":\"Vengr\u0173 kilm\u0117s \u0161iuolaikin\u0117s \u0161veicar\u0173 ra\u0161ytojos Agotos Kristof trys romanai, i\u0161garsin\u0119 j\u0105 visame pasaulyje,\u00a0\u2013 pirm\u0105 kart\u0105 i\u0161versti \u012f lietuvi\u0173 kalb\u0105. \u0160i trilogija vadinama negailestingiausia pra\u0117jusio \u0161imtme\u010dio knyga. Broliai dvyniai Klausas ir Lukas i\u0161 karo nualintos sostin\u0117s atva\u017eiuoja \u012f ma\u017e\u0105 pasienio miestel\u012f pas senel\u0119. Kad i\u0161gyvent\u0173, jie netik\u0117\u010diauisiais pratimais gr\u016bdina k\u016bn\u0105 ir siel\u0105, o visk\u0105, k\u0105 patiria, ra\u0161o \u012f stor\u0105 s\u0105siuvin\u012f. Ra\u0161o net ir tada, kai likimas nublo\u0161kia juos \u012f skirtingas \u0161alis ir jie nieko ne\u017eino vienas apie kit\u0105. Bet gal \u0161is savoti\u0161kas dienora\u0161tis ir nuties tilt\u0105 per \u017eiojin\u010di\u0105 praraj\u0105?\",\"breadcrumb\":{\"@id\":\"https:\/\/skaitytaknyga.lt\/produktas\/agota-kristof-storas-sasiuvinis-2\/#breadcrumb\"},\"inLanguage\":\"en-GB\",\"potentialAction\":[{\"@type\":\"ReadAction\",\"target\":[\"https:\/\/skaitytaknyga.lt\/produktas\/agota-kristof-storas-sasiuvinis-2\/\"]}]},{\"@type\":\"ImageObject\",\"inLanguage\":\"en-GB\",\"@id\":\"https:\/\/skaitytaknyga.lt\/produktas\/agota-kristof-storas-sasiuvinis-2\/#primaryimage\",\"url\":\"https:\/\/skaitytaknyga.lt\/wp-content\/uploads\/2024\/05\/000000000001107253-59de7ff15e0ac-asset-knyguklubas-cdb_sviesa_6e99ec3d25f16136081c9c9230d59b7d_p1.jpg\",\"contentUrl\":\"https:\/\/skaitytaknyga.lt\/wp-content\/uploads\/2024\/05\/000000000001107253-59de7ff15e0ac-asset-knyguklubas-cdb_sviesa_6e99ec3d25f16136081c9c9230d59b7d_p1.jpg\",\"width\":285,\"height\":473},{\"@type\":\"BreadcrumbList\",\"@id\":\"https:\/\/skaitytaknyga.lt\/produktas\/agota-kristof-storas-sasiuvinis-2\/#breadcrumb\",\"itemListElement\":[{\"@type\":\"ListItem\",\"position\":1,\"name\":\"Home\",\"item\":\"https:\/\/skaitytaknyga.lt\/\"},{\"@type\":\"ListItem\",\"position\":2,\"name\":\"Parduotuv\u0117\",\"item\":\"https:\/\/skaitytaknyga.lt\/knygu-parduotuve\/\"},{\"@type\":\"ListItem\",\"position\":3,\"name\":\"Agota Kristof \u201eStoras s\u0105siuvinis&#8221;\"}]},{\"@type\":\"WebSite\",\"@id\":\"https:\/\/skaitytaknyga.lt\/#website\",\"url\":\"https:\/\/skaitytaknyga.lt\/\",\"name\":\"skaitytaknyga.lt\",\"description\":\"Skaitytaknyga.lt \u2013 tai ma\u017eas \u0161eimos verslas, kuris prasid\u0117jo nuo meil\u0117s knygoms ir siekio i\u0161gelb\u0117ti knygas nuo likimo prie konteinerio. Kas vienam nereikalingas daiktas \u2013 kitam lobis, o mes esame tarpininkai, kurie padeda abiems tapti laimingesniems ???? \u017dinome kaip nelengva i\u0161gyventi ma\u017eiems verslams, tad nuo \u0161iol, \u010dia rasite ir kit\u0173, ma\u017e\u0173 \u0161eim\u0173 versl\u0173, rank\u0173 darbo, dovan\u0173 sau ir artimiesiems.\",\"publisher\":{\"@id\":\"https:\/\/skaitytaknyga.lt\/#organization\"},\"potentialAction\":[{\"@type\":\"SearchAction\",\"target\":{\"@type\":\"EntryPoint\",\"urlTemplate\":\"https:\/\/skaitytaknyga.lt\/?s={search_term_string}\"},\"query-input\":{\"@type\":\"PropertyValueSpecification\",\"valueRequired\":true,\"valueName\":\"search_term_string\"}}],\"inLanguage\":\"en-GB\"},{\"@type\":\"Organization\",\"@id\":\"https:\/\/skaitytaknyga.lt\/#organization\",\"name\":\"skaitytaknyga.lt\",\"url\":\"https:\/\/skaitytaknyga.lt\/\",\"logo\":{\"@type\":\"ImageObject\",\"inLanguage\":\"en-GB\",\"@id\":\"https:\/\/skaitytaknyga.lt\/#\/schema\/logo\/image\/\",\"url\":\"https:\/\/skaitytaknyga.lt\/wp-content\/uploads\/2024\/05\/cropped-cropped-cropped-02_00843_jt3bggkj1j3HLc7SyY6rEUpg.jpeg\",\"contentUrl\":\"https:\/\/skaitytaknyga.lt\/wp-content\/uploads\/2024\/05\/cropped-cropped-cropped-02_00843_jt3bggkj1j3HLc7SyY6rEUpg.jpeg\",\"width\":1600,\"height\":1600,\"caption\":\"skaitytaknyga.lt\"},\"image\":{\"@id\":\"https:\/\/skaitytaknyga.lt\/#\/schema\/logo\/image\/\"},\"sameAs\":[\"https:\/\/www.facebook.com\/skaitytaknyga\/\"]}]}<\/script>\n<!-- \/ Yoast SEO plugin. -->","yoast_head_json":{"title":"Agota Kristof \u201eStoras s\u0105siuvinis\" - Skaitytaknyga","description":"Vengr\u0173 kilm\u0117s \u0161iuolaikin\u0117s \u0161veicar\u0173 ra\u0161ytojos Agotos Kristof trys romanai, i\u0161garsin\u0119 j\u0105 visame pasaulyje,\u00a0\u2013 pirm\u0105 kart\u0105 i\u0161versti \u012f lietuvi\u0173 kalb\u0105. \u0160i trilogija vadinama negailestingiausia pra\u0117jusio \u0161imtme\u010dio knyga. Broliai dvyniai Klausas ir Lukas i\u0161 karo nualintos sostin\u0117s atva\u017eiuoja \u012f ma\u017e\u0105 pasienio miestel\u012f pas senel\u0119. Kad i\u0161gyvent\u0173, jie netik\u0117\u010diauisiais pratimais gr\u016bdina k\u016bn\u0105 ir siel\u0105, o visk\u0105, k\u0105 patiria, ra\u0161o \u012f stor\u0105 s\u0105siuvin\u012f. Ra\u0161o net ir tada, kai likimas nublo\u0161kia juos \u012f skirtingas \u0161alis ir jie nieko ne\u017eino vienas apie kit\u0105. Bet gal \u0161is savoti\u0161kas dienora\u0161tis ir nuties tilt\u0105 per \u017eiojin\u010di\u0105 praraj\u0105?","robots":{"index":"index","follow":"follow","max-snippet":"max-snippet:-1","max-image-preview":"max-image-preview:large","max-video-preview":"max-video-preview:-1"},"canonical":"https:\/\/skaitytaknyga.lt\/en\/produktas\/agota-kristof-storas-sasiuvinis-2\/","og_locale":"en_GB","og_type":"article","og_title":"Agota Kristof \u201eStoras s\u0105siuvinis\" - Skaitytaknyga","og_description":"Vengr\u0173 kilm\u0117s \u0161iuolaikin\u0117s \u0161veicar\u0173 ra\u0161ytojos Agotos Kristof trys romanai, i\u0161garsin\u0119 j\u0105 visame pasaulyje,\u00a0\u2013 pirm\u0105 kart\u0105 i\u0161versti \u012f lietuvi\u0173 kalb\u0105. \u0160i trilogija vadinama negailestingiausia pra\u0117jusio \u0161imtme\u010dio knyga. Broliai dvyniai Klausas ir Lukas i\u0161 karo nualintos sostin\u0117s atva\u017eiuoja \u012f ma\u017e\u0105 pasienio miestel\u012f pas senel\u0119. Kad i\u0161gyvent\u0173, jie netik\u0117\u010diauisiais pratimais gr\u016bdina k\u016bn\u0105 ir siel\u0105, o visk\u0105, k\u0105 patiria, ra\u0161o \u012f stor\u0105 s\u0105siuvin\u012f. Ra\u0161o net ir tada, kai likimas nublo\u0161kia juos \u012f skirtingas \u0161alis ir jie nieko ne\u017eino vienas apie kit\u0105. Bet gal \u0161is savoti\u0161kas dienora\u0161tis ir nuties tilt\u0105 per \u017eiojin\u010di\u0105 praraj\u0105?","og_url":"https:\/\/skaitytaknyga.lt\/en\/produktas\/agota-kristof-storas-sasiuvinis-2\/","og_site_name":"Skaitytaknyga","article_publisher":"https:\/\/www.facebook.com\/skaitytaknyga\/","article_modified_time":"2024-05-04T14:56:28+00:00","og_image":[{"width":285,"height":473,"url":"https:\/\/skaitytaknyga.lt\/wp-content\/uploads\/2024\/05\/000000000001107253-59de7ff15e0ac-asset-knyguklubas-cdb_sviesa_6e99ec3d25f16136081c9c9230d59b7d_p1.jpg","type":"image\/jpeg"}],"twitter_card":"summary_large_image","twitter_misc":{"Estimated reading time":"1 minute"},"schema":{"@context":"https:\/\/schema.org","@graph":[{"@type":"WebPage","@id":"https:\/\/skaitytaknyga.lt\/produktas\/agota-kristof-storas-sasiuvinis-2\/","url":"https:\/\/skaitytaknyga.lt\/produktas\/agota-kristof-storas-sasiuvinis-2\/","name":"Agota Kristof \u201eStoras s\u0105siuvinis\" - Skaitytaknyga","isPartOf":{"@id":"https:\/\/skaitytaknyga.lt\/#website"},"primaryImageOfPage":{"@id":"https:\/\/skaitytaknyga.lt\/produktas\/agota-kristof-storas-sasiuvinis-2\/#primaryimage"},"image":{"@id":"https:\/\/skaitytaknyga.lt\/produktas\/agota-kristof-storas-sasiuvinis-2\/#primaryimage"},"thumbnailUrl":"https:\/\/skaitytaknyga.lt\/wp-content\/uploads\/2024\/05\/000000000001107253-59de7ff15e0ac-asset-knyguklubas-cdb_sviesa_6e99ec3d25f16136081c9c9230d59b7d_p1.jpg","datePublished":"2024-05-04T14:56:10+00:00","dateModified":"2024-05-04T14:56:28+00:00","description":"Vengr\u0173 kilm\u0117s \u0161iuolaikin\u0117s \u0161veicar\u0173 ra\u0161ytojos Agotos Kristof trys romanai, i\u0161garsin\u0119 j\u0105 visame pasaulyje,\u00a0\u2013 pirm\u0105 kart\u0105 i\u0161versti \u012f lietuvi\u0173 kalb\u0105. \u0160i trilogija vadinama negailestingiausia pra\u0117jusio \u0161imtme\u010dio knyga. Broliai dvyniai Klausas ir Lukas i\u0161 karo nualintos sostin\u0117s atva\u017eiuoja \u012f ma\u017e\u0105 pasienio miestel\u012f pas senel\u0119. Kad i\u0161gyvent\u0173, jie netik\u0117\u010diauisiais pratimais gr\u016bdina k\u016bn\u0105 ir siel\u0105, o visk\u0105, k\u0105 patiria, ra\u0161o \u012f stor\u0105 s\u0105siuvin\u012f. Ra\u0161o net ir tada, kai likimas nublo\u0161kia juos \u012f skirtingas \u0161alis ir jie nieko ne\u017eino vienas apie kit\u0105. Bet gal \u0161is savoti\u0161kas dienora\u0161tis ir nuties tilt\u0105 per \u017eiojin\u010di\u0105 praraj\u0105?","breadcrumb":{"@id":"https:\/\/skaitytaknyga.lt\/produktas\/agota-kristof-storas-sasiuvinis-2\/#breadcrumb"},"inLanguage":"en-GB","potentialAction":[{"@type":"ReadAction","target":["https:\/\/skaitytaknyga.lt\/produktas\/agota-kristof-storas-sasiuvinis-2\/"]}]},{"@type":"ImageObject","inLanguage":"en-GB","@id":"https:\/\/skaitytaknyga.lt\/produktas\/agota-kristof-storas-sasiuvinis-2\/#primaryimage","url":"https:\/\/skaitytaknyga.lt\/wp-content\/uploads\/2024\/05\/000000000001107253-59de7ff15e0ac-asset-knyguklubas-cdb_sviesa_6e99ec3d25f16136081c9c9230d59b7d_p1.jpg","contentUrl":"https:\/\/skaitytaknyga.lt\/wp-content\/uploads\/2024\/05\/000000000001107253-59de7ff15e0ac-asset-knyguklubas-cdb_sviesa_6e99ec3d25f16136081c9c9230d59b7d_p1.jpg","width":285,"height":473},{"@type":"BreadcrumbList","@id":"https:\/\/skaitytaknyga.lt\/produktas\/agota-kristof-storas-sasiuvinis-2\/#breadcrumb","itemListElement":[{"@type":"ListItem","position":1,"name":"Home","item":"https:\/\/skaitytaknyga.lt\/"},{"@type":"ListItem","position":2,"name":"Parduotuv\u0117","item":"https:\/\/skaitytaknyga.lt\/knygu-parduotuve\/"},{"@type":"ListItem","position":3,"name":"Agota Kristof \u201eStoras s\u0105siuvinis&#8221;"}]},{"@type":"WebSite","@id":"https:\/\/skaitytaknyga.lt\/#website","url":"https:\/\/skaitytaknyga.lt\/","name":"skaitytaknyga.lt","description":"Skaitytaknyga.lt \u2013 tai ma\u017eas \u0161eimos verslas, kuris prasid\u0117jo nuo meil\u0117s knygoms ir siekio i\u0161gelb\u0117ti knygas nuo likimo prie konteinerio. Kas vienam nereikalingas daiktas \u2013 kitam lobis, o mes esame tarpininkai, kurie padeda abiems tapti laimingesniems ???? \u017dinome kaip nelengva i\u0161gyventi ma\u017eiems verslams, tad nuo \u0161iol, \u010dia rasite ir kit\u0173, ma\u017e\u0173 \u0161eim\u0173 versl\u0173, rank\u0173 darbo, dovan\u0173 sau ir artimiesiems.","publisher":{"@id":"https:\/\/skaitytaknyga.lt\/#organization"},"potentialAction":[{"@type":"SearchAction","target":{"@type":"EntryPoint","urlTemplate":"https:\/\/skaitytaknyga.lt\/?s={search_term_string}"},"query-input":{"@type":"PropertyValueSpecification","valueRequired":true,"valueName":"search_term_string"}}],"inLanguage":"en-GB"},{"@type":"Organization","@id":"https:\/\/skaitytaknyga.lt\/#organization","name":"skaitytaknyga.lt","url":"https:\/\/skaitytaknyga.lt\/","logo":{"@type":"ImageObject","inLanguage":"en-GB","@id":"https:\/\/skaitytaknyga.lt\/#\/schema\/logo\/image\/","url":"https:\/\/skaitytaknyga.lt\/wp-content\/uploads\/2024\/05\/cropped-cropped-cropped-02_00843_jt3bggkj1j3HLc7SyY6rEUpg.jpeg","contentUrl":"https:\/\/skaitytaknyga.lt\/wp-content\/uploads\/2024\/05\/cropped-cropped-cropped-02_00843_jt3bggkj1j3HLc7SyY6rEUpg.jpeg","width":1600,"height":1600,"caption":"skaitytaknyga.lt"},"image":{"@id":"https:\/\/skaitytaknyga.lt\/#\/schema\/logo\/image\/"},"sameAs":["https:\/\/www.facebook.com\/skaitytaknyga\/"]}]}},"_links":{"self":[{"href":"https:\/\/skaitytaknyga.lt\/en\/wp-json\/wp\/v2\/product\/9060","targetHints":{"allow":["GET"]}}],"collection":[{"href":"https:\/\/skaitytaknyga.lt\/en\/wp-json\/wp\/v2\/product"}],"about":[{"href":"https:\/\/skaitytaknyga.lt\/en\/wp-json\/wp\/v2\/types\/product"}],"replies":[{"embeddable":true,"href":"https:\/\/skaitytaknyga.lt\/en\/wp-json\/wp\/v2\/comments?post=9060"}],"wp:featuredmedia":[{"embeddable":true,"href":"https:\/\/skaitytaknyga.lt\/en\/wp-json\/wp\/v2\/media\/6073"}],"wp:attachment":[{"href":"https:\/\/skaitytaknyga.lt\/en\/wp-json\/wp\/v2\/media?parent=9060"}],"wp:term":[{"taxonomy":"product_brand","embeddable":true,"href":"https:\/\/skaitytaknyga.lt\/en\/wp-json\/wp\/v2\/product_brand?post=9060"},{"taxonomy":"product_cat","embeddable":true,"href":"https:\/\/skaitytaknyga.lt\/en\/wp-json\/wp\/v2\/product_cat?post=9060"},{"taxonomy":"product_tag","embeddable":true,"href":"https:\/\/skaitytaknyga.lt\/en\/wp-json\/wp\/v2\/product_tag?post=9060"}],"curies":[{"name":"wp","href":"https:\/\/api.w.org\/{rel}","templated":true}]}}