{"id":9056,"date":"2024-05-04T14:56:10","date_gmt":"2024-05-04T14:56:10","guid":{"rendered":"https:\/\/skaitytaknyga.lt\/?post_type=product&#038;p=9056"},"modified":"2024-05-04T14:56:24","modified_gmt":"2024-05-04T14:56:24","slug":"5-dalykai-kuriuos-butina-moketi-zmonems-2","status":"publish","type":"product","link":"https:\/\/skaitytaknyga.lt\/en\/produktas\/5-dalykai-kuriuos-butina-moketi-zmonems-2\/","title":{"rendered":"5 dalykai, kuriuos b\u016btina mok\u0117ti \u017emon\u0117ms"},"content":{"rendered":"<p>Savaime suprantama, bendraujant su \u017emon\u0117mis vieni metodai yra geresni u\u017e kitus. Paprasta tiesa \u2013 tiek gyvenime, tiek karjeroje daugiausiai pasieksite, jei elgsit\u0117s atkakliai. Vieni \u017emon\u0117s pernelyg pasyv\u016bs, kiti \u2013 pernelyg agresyv\u016bs. \u0160i knyga paai\u0161kins, kaip b\u016bti atkakliam b\u016btent tiek, kiek reikia, ir pad\u0117s jums atsakyti \u012f daugel\u012f svarbi\u0173 klausim\u0173, kad i\u0161moktum\u0117te bendrauti su skirting\u0173 tip\u0173 asmenyb\u0117mis, pasitik\u0117ti savimi ir i\u0161naudoti visas savo galimybes. Elkit\u0117s taip, kad kitiems b\u016bt\u0173 malonu daryti tai, ko j\u016bs pageidaujate. \u2013 Deilas Karnegis, knyg\u0173 \u201eKaip \u012fsigyti draug\u0173 ir daryti \u012ftak\u0105 \u017emon\u0117ms\u201c bei \u201eKaip atsikratyti nerimo ir prad\u0117ti gyventi\u201c autorius. Deilas Karnegis savo mokym\u0173 kompanij\u0105 Dale Carnegie Training \u012fk\u016br\u0117 1912 m. Dabar jos biurai veikia visame pasaulyje, o kvalifikuoti lektoriai rengia mokymus daugiau nei 85 \u0161alyse.<\/p>\n","protected":false},"excerpt":{"rendered":"<p>Savaime suprantama, bendraujant su \u017emon\u0117mis vieni metodai yra geresni u\u017e kitus. Paprasta tiesa \u2013 tiek gyvenime, tiek karjeroje daugiausiai pasieksite, jei elgsit\u0117s atkakliai. Vieni \u017emon\u0117s pernelyg pasyv\u016bs, kiti \u2013 pernelyg agresyv\u016bs. \u0160i knyga paai\u0161kins, kaip b\u016bti atkakliam b\u016btent tiek, kiek reikia, ir pad\u0117s jums atsakyti \u012f daugel\u012f svarbi\u0173 klausim\u0173, kad i\u0161moktum\u0117te bendrauti su skirting\u0173 tip\u0173 asmenyb\u0117mis, pasitik\u0117ti savimi ir i\u0161naudoti visas savo galimybes. Elkit\u0117s taip, kad kitiems b\u016bt\u0173 malonu daryti tai, ko j\u016bs pageidaujate. \u2013 Deilas Karnegis, knyg\u0173 \u201eKaip \u012fsigyti draug\u0173 ir daryti \u012ftak\u0105 \u017emon\u0117ms\u201c bei \u201eKaip atsikratyti nerimo ir prad\u0117ti gyventi\u201c autorius. Deilas Karnegis savo mokym\u0173 kompanij\u0105 Dale Carnegie Training \u012fk\u016br\u0117 1912 m. Dabar jos biurai veikia visame pasaulyje, o kvalifikuoti lektoriai rengia mokymus daugiau nei 85 \u0161alyse.<\/p>\n","protected":false},"featured_media":6070,"comment_status":"closed","ping_status":"closed","template":"","meta":{"_acf_changed":false,"site-sidebar-layout":"default","site-content-layout":"","ast-site-content-layout":"default","site-content-style":"default","site-sidebar-style":"default","ast-global-header-display":"","ast-banner-title-visibility":"","ast-main-header-display":"","ast-hfb-above-header-display":"","ast-hfb-below-header-display":"","ast-hfb-mobile-header-display":"","site-post-title":"","ast-breadcrumbs-content":"","ast-featured-img":"","footer-sml-layout":"","ast-disable-related-posts":"","theme-transparent-header-meta":"","adv-header-id-meta":"","stick-header-meta":"","header-above-stick-meta":"","header-main-stick-meta":"","header-below-stick-meta":"","astra-migrate-meta-layouts":"default","ast-page-background-enabled":"default","ast-page-background-meta":{"desktop":{"background-color":"","background-image":"","background-repeat":"repeat","background-position":"center center","background-size":"auto","background-attachment":"scroll","background-type":"","background-media":"","overlay-type":"","overlay-color":"","overlay-opacity":"","overlay-gradient":""},"tablet":{"background-color":"","background-image":"","background-repeat":"repeat","background-position":"center center","background-size":"auto","background-attachment":"scroll","background-type":"","background-media":"","overlay-type":"","overlay-color":"","overlay-opacity":"","overlay-gradient":""},"mobile":{"background-color":"","background-image":"","background-repeat":"repeat","background-position":"center center","background-size":"auto","background-attachment":"scroll","background-type":"","background-media":"","overlay-type":"","overlay-color":"","overlay-opacity":"","overlay-gradient":""}},"ast-content-background-meta":{"desktop":{"background-color":"var(--ast-global-color-4)","background-image":"","background-repeat":"repeat","background-position":"center center","background-size":"auto","background-attachment":"scroll","background-type":"","background-media":"","overlay-type":"","overlay-color":"","overlay-opacity":"","overlay-gradient":""},"tablet":{"background-color":"var(--ast-global-color-4)","background-image":"","background-repeat":"repeat","background-position":"center center","background-size":"auto","background-attachment":"scroll","background-type":"","background-media":"","overlay-type":"","overlay-color":"","overlay-opacity":"","overlay-gradient":""},"mobile":{"background-color":"var(--ast-global-color-4)","background-image":"","background-repeat":"repeat","background-position":"center center","background-size":"auto","background-attachment":"scroll","background-type":"","background-media":"","overlay-type":"","overlay-color":"","overlay-opacity":"","overlay-gradient":""}}},"product_brand":[],"product_cat":[30],"product_tag":[1399,1403,1391,1404,1392,1402,1401],"class_list":{"0":"post-9056","1":"product","2":"type-product","3":"status-publish","4":"has-post-thumbnail","6":"product_cat-psichologija-ir-saviugda","7":"product_tag-asmeninis-tobulejimas","8":"product_tag-bendravimas","9":"product_tag-dale-carnegie","10":"product_tag-gyvenimo-igudziai","11":"product_tag-psichologija","12":"product_tag-socialiniai-igudziai","13":"product_tag-zmoniu-supratimas","14":"desktop-align-left","15":"tablet-align-left","16":"mobile-align-left","18":"first","19":"outofstock","20":"shipping-taxable","21":"purchasable","22":"product-type-simple"},"acf":[],"yoast_head":"<!-- This site is optimized with the Yoast SEO plugin v27.4 - https:\/\/yoast.com\/product\/yoast-seo-wordpress\/ -->\n<title>5 dalykai, kuriuos b\u016btina mok\u0117ti \u017emon\u0117ms - Skaitytaknyga<\/title>\n<meta name=\"description\" content=\"Savaime suprantama, bendraujant su \u017emon\u0117mis vieni metodai yra geresni u\u017e kitus. Paprasta tiesa \u2013 tiek gyvenime, tiek karjeroje daugiausiai pasieksite, jei elgsit\u0117s atkakliai. Vieni \u017emon\u0117s pernelyg pasyv\u016bs, kiti \u2013 pernelyg agresyv\u016bs. \u0160i knyga paai\u0161kins, kaip b\u016bti atkakliam b\u016btent tiek, kiek reikia, ir pad\u0117s jums atsakyti \u012f daugel\u012f svarbi\u0173 klausim\u0173, kad i\u0161moktum\u0117te bendrauti su skirting\u0173 tip\u0173 asmenyb\u0117mis, pasitik\u0117ti savimi ir i\u0161naudoti visas savo galimybes. Elkit\u0117s taip, kad kitiems b\u016bt\u0173 malonu daryti tai, ko j\u016bs pageidaujate. \u2013 Deilas Karnegis, knyg\u0173 \u201eKaip \u012fsigyti draug\u0173 ir daryti \u012ftak\u0105 \u017emon\u0117ms\u201c bei \u201eKaip atsikratyti nerimo ir prad\u0117ti gyventi\u201c autorius. Deilas Karnegis savo mokym\u0173 kompanij\u0105 Dale Carnegie Training \u012fk\u016br\u0117 1912 m. Dabar jos biurai veikia visame pasaulyje, o kvalifikuoti lektoriai rengia mokymus daugiau nei 85 \u0161alyse.\" \/>\n<meta name=\"robots\" content=\"index, follow, max-snippet:-1, max-image-preview:large, max-video-preview:-1\" \/>\n<link rel=\"canonical\" href=\"https:\/\/skaitytaknyga.lt\/en\/produktas\/5-dalykai-kuriuos-butina-moketi-zmonems-2\/\" \/>\n<meta property=\"og:locale\" content=\"en_GB\" \/>\n<meta property=\"og:locale:alternate\" content=\"lt_LT\" \/>\n<meta property=\"og:type\" content=\"article\" \/>\n<meta property=\"og:title\" content=\"5 dalykai, kuriuos b\u016btina mok\u0117ti \u017emon\u0117ms - Skaitytaknyga\" \/>\n<meta property=\"og:description\" content=\"Savaime suprantama, bendraujant su \u017emon\u0117mis vieni metodai yra geresni u\u017e kitus. Paprasta tiesa \u2013 tiek gyvenime, tiek karjeroje daugiausiai pasieksite, jei elgsit\u0117s atkakliai. Vieni \u017emon\u0117s pernelyg pasyv\u016bs, kiti \u2013 pernelyg agresyv\u016bs. \u0160i knyga paai\u0161kins, kaip b\u016bti atkakliam b\u016btent tiek, kiek reikia, ir pad\u0117s jums atsakyti \u012f daugel\u012f svarbi\u0173 klausim\u0173, kad i\u0161moktum\u0117te bendrauti su skirting\u0173 tip\u0173 asmenyb\u0117mis, pasitik\u0117ti savimi ir i\u0161naudoti visas savo galimybes. Elkit\u0117s taip, kad kitiems b\u016bt\u0173 malonu daryti tai, ko j\u016bs pageidaujate. \u2013 Deilas Karnegis, knyg\u0173 \u201eKaip \u012fsigyti draug\u0173 ir daryti \u012ftak\u0105 \u017emon\u0117ms\u201c bei \u201eKaip atsikratyti nerimo ir prad\u0117ti gyventi\u201c autorius. Deilas Karnegis savo mokym\u0173 kompanij\u0105 Dale Carnegie Training \u012fk\u016br\u0117 1912 m. Dabar jos biurai veikia visame pasaulyje, o kvalifikuoti lektoriai rengia mokymus daugiau nei 85 \u0161alyse.\" \/>\n<meta property=\"og:url\" content=\"https:\/\/skaitytaknyga.lt\/en\/produktas\/5-dalykai-kuriuos-butina-moketi-zmonems-2\/\" \/>\n<meta property=\"og:site_name\" content=\"Skaitytaknyga\" \/>\n<meta property=\"article:publisher\" content=\"https:\/\/www.facebook.com\/skaitytaknyga\/\" \/>\n<meta property=\"article:modified_time\" content=\"2024-05-04T14:56:24+00:00\" \/>\n<meta property=\"og:image\" content=\"https:\/\/skaitytaknyga.lt\/wp-content\/uploads\/2024\/05\/000000000004135383-97013fd43b6d2bf52e8b63dc3625579e-asset-knyguklubas-cdb_9786094370366_p1.jpg\" \/>\n\t<meta property=\"og:image:width\" content=\"285\" \/>\n\t<meta property=\"og:image:height\" content=\"476\" \/>\n\t<meta property=\"og:image:type\" content=\"image\/jpeg\" \/>\n<meta name=\"twitter:card\" content=\"summary_large_image\" \/>\n<meta name=\"twitter:label1\" content=\"Estimated reading time\" \/>\n\t<meta name=\"twitter:data1\" content=\"1 minute\" \/>\n<script type=\"application\/ld+json\" class=\"yoast-schema-graph\">{\"@context\":\"https:\\\/\\\/schema.org\",\"@graph\":[{\"@type\":\"WebPage\",\"@id\":\"https:\\\/\\\/skaitytaknyga.lt\\\/produktas\\\/5-dalykai-kuriuos-butina-moketi-zmonems-2\\\/\",\"url\":\"https:\\\/\\\/skaitytaknyga.lt\\\/produktas\\\/5-dalykai-kuriuos-butina-moketi-zmonems-2\\\/\",\"name\":\"5 dalykai, kuriuos b\u016btina mok\u0117ti \u017emon\u0117ms - Skaitytaknyga\",\"isPartOf\":{\"@id\":\"https:\\\/\\\/skaitytaknyga.lt\\\/#website\"},\"primaryImageOfPage\":{\"@id\":\"https:\\\/\\\/skaitytaknyga.lt\\\/produktas\\\/5-dalykai-kuriuos-butina-moketi-zmonems-2\\\/#primaryimage\"},\"image\":{\"@id\":\"https:\\\/\\\/skaitytaknyga.lt\\\/produktas\\\/5-dalykai-kuriuos-butina-moketi-zmonems-2\\\/#primaryimage\"},\"thumbnailUrl\":\"https:\\\/\\\/skaitytaknyga.lt\\\/wp-content\\\/uploads\\\/2024\\\/05\\\/000000000004135383-97013fd43b6d2bf52e8b63dc3625579e-asset-knyguklubas-cdb_9786094370366_p1.jpg\",\"datePublished\":\"2024-05-04T14:56:10+00:00\",\"dateModified\":\"2024-05-04T14:56:24+00:00\",\"description\":\"Savaime suprantama, bendraujant su \u017emon\u0117mis vieni metodai yra geresni u\u017e kitus. Paprasta tiesa \u2013 tiek gyvenime, tiek karjeroje daugiausiai pasieksite, jei elgsit\u0117s atkakliai. Vieni \u017emon\u0117s pernelyg pasyv\u016bs, kiti \u2013 pernelyg agresyv\u016bs. \u0160i knyga paai\u0161kins, kaip b\u016bti atkakliam b\u016btent tiek, kiek reikia, ir pad\u0117s jums atsakyti \u012f daugel\u012f svarbi\u0173 klausim\u0173, kad i\u0161moktum\u0117te bendrauti su skirting\u0173 tip\u0173 asmenyb\u0117mis, pasitik\u0117ti savimi ir i\u0161naudoti visas savo galimybes. Elkit\u0117s taip, kad kitiems b\u016bt\u0173 malonu daryti tai, ko j\u016bs pageidaujate. \u2013 Deilas Karnegis, knyg\u0173 \u201eKaip \u012fsigyti draug\u0173 ir daryti \u012ftak\u0105 \u017emon\u0117ms\u201c bei \u201eKaip atsikratyti nerimo ir prad\u0117ti gyventi\u201c autorius. Deilas Karnegis savo mokym\u0173 kompanij\u0105 Dale Carnegie Training \u012fk\u016br\u0117 1912 m. Dabar jos biurai veikia visame pasaulyje, o kvalifikuoti lektoriai rengia mokymus daugiau nei 85 \u0161alyse.\",\"breadcrumb\":{\"@id\":\"https:\\\/\\\/skaitytaknyga.lt\\\/produktas\\\/5-dalykai-kuriuos-butina-moketi-zmonems-2\\\/#breadcrumb\"},\"inLanguage\":\"en-GB\",\"potentialAction\":[{\"@type\":\"ReadAction\",\"target\":[\"https:\\\/\\\/skaitytaknyga.lt\\\/produktas\\\/5-dalykai-kuriuos-butina-moketi-zmonems-2\\\/\"]}]},{\"@type\":\"ImageObject\",\"inLanguage\":\"en-GB\",\"@id\":\"https:\\\/\\\/skaitytaknyga.lt\\\/produktas\\\/5-dalykai-kuriuos-butina-moketi-zmonems-2\\\/#primaryimage\",\"url\":\"https:\\\/\\\/skaitytaknyga.lt\\\/wp-content\\\/uploads\\\/2024\\\/05\\\/000000000004135383-97013fd43b6d2bf52e8b63dc3625579e-asset-knyguklubas-cdb_9786094370366_p1.jpg\",\"contentUrl\":\"https:\\\/\\\/skaitytaknyga.lt\\\/wp-content\\\/uploads\\\/2024\\\/05\\\/000000000004135383-97013fd43b6d2bf52e8b63dc3625579e-asset-knyguklubas-cdb_9786094370366_p1.jpg\",\"width\":285,\"height\":476},{\"@type\":\"BreadcrumbList\",\"@id\":\"https:\\\/\\\/skaitytaknyga.lt\\\/produktas\\\/5-dalykai-kuriuos-butina-moketi-zmonems-2\\\/#breadcrumb\",\"itemListElement\":[{\"@type\":\"ListItem\",\"position\":1,\"name\":\"Home\",\"item\":\"https:\\\/\\\/skaitytaknyga.lt\\\/\"},{\"@type\":\"ListItem\",\"position\":2,\"name\":\"Parduotuv\u0117\",\"item\":\"https:\\\/\\\/skaitytaknyga.lt\\\/knygu-parduotuve\\\/\"},{\"@type\":\"ListItem\",\"position\":3,\"name\":\"5 dalykai, kuriuos b\u016btina mok\u0117ti \u017emon\u0117ms\"}]},{\"@type\":\"WebSite\",\"@id\":\"https:\\\/\\\/skaitytaknyga.lt\\\/#website\",\"url\":\"https:\\\/\\\/skaitytaknyga.lt\\\/\",\"name\":\"skaitytaknyga.lt\",\"description\":\"Skaitytaknyga.lt \u2013 tai ma\u017eas \u0161eimos verslas, kuris prasid\u0117jo nuo meil\u0117s knygoms ir siekio i\u0161gelb\u0117ti knygas nuo likimo prie konteinerio. Kas vienam nereikalingas daiktas \u2013 kitam lobis, o mes esame tarpininkai, kurie padeda abiems tapti laimingesniems ???? \u017dinome kaip nelengva i\u0161gyventi ma\u017eiems verslams, tad nuo \u0161iol, \u010dia rasite ir kit\u0173, ma\u017e\u0173 \u0161eim\u0173 versl\u0173, rank\u0173 darbo, dovan\u0173 sau ir artimiesiems.\",\"publisher\":{\"@id\":\"https:\\\/\\\/skaitytaknyga.lt\\\/#organization\"},\"potentialAction\":[{\"@type\":\"SearchAction\",\"target\":{\"@type\":\"EntryPoint\",\"urlTemplate\":\"https:\\\/\\\/skaitytaknyga.lt\\\/?s={search_term_string}\"},\"query-input\":{\"@type\":\"PropertyValueSpecification\",\"valueRequired\":true,\"valueName\":\"search_term_string\"}}],\"inLanguage\":\"en-GB\"},{\"@type\":\"Organization\",\"@id\":\"https:\\\/\\\/skaitytaknyga.lt\\\/#organization\",\"name\":\"skaitytaknyga.lt\",\"url\":\"https:\\\/\\\/skaitytaknyga.lt\\\/\",\"logo\":{\"@type\":\"ImageObject\",\"inLanguage\":\"en-GB\",\"@id\":\"https:\\\/\\\/skaitytaknyga.lt\\\/#\\\/schema\\\/logo\\\/image\\\/\",\"url\":\"https:\\\/\\\/skaitytaknyga.lt\\\/wp-content\\\/uploads\\\/2024\\\/05\\\/cropped-cropped-cropped-02_00843_jt3bggkj1j3HLc7SyY6rEUpg.jpeg\",\"contentUrl\":\"https:\\\/\\\/skaitytaknyga.lt\\\/wp-content\\\/uploads\\\/2024\\\/05\\\/cropped-cropped-cropped-02_00843_jt3bggkj1j3HLc7SyY6rEUpg.jpeg\",\"width\":1600,\"height\":1600,\"caption\":\"skaitytaknyga.lt\"},\"image\":{\"@id\":\"https:\\\/\\\/skaitytaknyga.lt\\\/#\\\/schema\\\/logo\\\/image\\\/\"},\"sameAs\":[\"https:\\\/\\\/www.facebook.com\\\/skaitytaknyga\\\/\"]}]}<\/script>\n<!-- \/ Yoast SEO plugin. -->","yoast_head_json":{"title":"5 dalykai, kuriuos b\u016btina mok\u0117ti \u017emon\u0117ms - Skaitytaknyga","description":"Savaime suprantama, bendraujant su \u017emon\u0117mis vieni metodai yra geresni u\u017e kitus. Paprasta tiesa \u2013 tiek gyvenime, tiek karjeroje daugiausiai pasieksite, jei elgsit\u0117s atkakliai. Vieni \u017emon\u0117s pernelyg pasyv\u016bs, kiti \u2013 pernelyg agresyv\u016bs. \u0160i knyga paai\u0161kins, kaip b\u016bti atkakliam b\u016btent tiek, kiek reikia, ir pad\u0117s jums atsakyti \u012f daugel\u012f svarbi\u0173 klausim\u0173, kad i\u0161moktum\u0117te bendrauti su skirting\u0173 tip\u0173 asmenyb\u0117mis, pasitik\u0117ti savimi ir i\u0161naudoti visas savo galimybes. Elkit\u0117s taip, kad kitiems b\u016bt\u0173 malonu daryti tai, ko j\u016bs pageidaujate. \u2013 Deilas Karnegis, knyg\u0173 \u201eKaip \u012fsigyti draug\u0173 ir daryti \u012ftak\u0105 \u017emon\u0117ms\u201c bei \u201eKaip atsikratyti nerimo ir prad\u0117ti gyventi\u201c autorius. Deilas Karnegis savo mokym\u0173 kompanij\u0105 Dale Carnegie Training \u012fk\u016br\u0117 1912 m. Dabar jos biurai veikia visame pasaulyje, o kvalifikuoti lektoriai rengia mokymus daugiau nei 85 \u0161alyse.","robots":{"index":"index","follow":"follow","max-snippet":"max-snippet:-1","max-image-preview":"max-image-preview:large","max-video-preview":"max-video-preview:-1"},"canonical":"https:\/\/skaitytaknyga.lt\/en\/produktas\/5-dalykai-kuriuos-butina-moketi-zmonems-2\/","og_locale":"en_GB","og_type":"article","og_title":"5 dalykai, kuriuos b\u016btina mok\u0117ti \u017emon\u0117ms - Skaitytaknyga","og_description":"Savaime suprantama, bendraujant su \u017emon\u0117mis vieni metodai yra geresni u\u017e kitus. Paprasta tiesa \u2013 tiek gyvenime, tiek karjeroje daugiausiai pasieksite, jei elgsit\u0117s atkakliai. Vieni \u017emon\u0117s pernelyg pasyv\u016bs, kiti \u2013 pernelyg agresyv\u016bs. \u0160i knyga paai\u0161kins, kaip b\u016bti atkakliam b\u016btent tiek, kiek reikia, ir pad\u0117s jums atsakyti \u012f daugel\u012f svarbi\u0173 klausim\u0173, kad i\u0161moktum\u0117te bendrauti su skirting\u0173 tip\u0173 asmenyb\u0117mis, pasitik\u0117ti savimi ir i\u0161naudoti visas savo galimybes. Elkit\u0117s taip, kad kitiems b\u016bt\u0173 malonu daryti tai, ko j\u016bs pageidaujate. \u2013 Deilas Karnegis, knyg\u0173 \u201eKaip \u012fsigyti draug\u0173 ir daryti \u012ftak\u0105 \u017emon\u0117ms\u201c bei \u201eKaip atsikratyti nerimo ir prad\u0117ti gyventi\u201c autorius. Deilas Karnegis savo mokym\u0173 kompanij\u0105 Dale Carnegie Training \u012fk\u016br\u0117 1912 m. Dabar jos biurai veikia visame pasaulyje, o kvalifikuoti lektoriai rengia mokymus daugiau nei 85 \u0161alyse.","og_url":"https:\/\/skaitytaknyga.lt\/en\/produktas\/5-dalykai-kuriuos-butina-moketi-zmonems-2\/","og_site_name":"Skaitytaknyga","article_publisher":"https:\/\/www.facebook.com\/skaitytaknyga\/","article_modified_time":"2024-05-04T14:56:24+00:00","og_image":[{"width":285,"height":476,"url":"https:\/\/skaitytaknyga.lt\/wp-content\/uploads\/2024\/05\/000000000004135383-97013fd43b6d2bf52e8b63dc3625579e-asset-knyguklubas-cdb_9786094370366_p1.jpg","type":"image\/jpeg"}],"twitter_card":"summary_large_image","twitter_misc":{"Estimated reading time":"1 minute"},"schema":{"@context":"https:\/\/schema.org","@graph":[{"@type":"WebPage","@id":"https:\/\/skaitytaknyga.lt\/produktas\/5-dalykai-kuriuos-butina-moketi-zmonems-2\/","url":"https:\/\/skaitytaknyga.lt\/produktas\/5-dalykai-kuriuos-butina-moketi-zmonems-2\/","name":"5 dalykai, kuriuos b\u016btina mok\u0117ti \u017emon\u0117ms - Skaitytaknyga","isPartOf":{"@id":"https:\/\/skaitytaknyga.lt\/#website"},"primaryImageOfPage":{"@id":"https:\/\/skaitytaknyga.lt\/produktas\/5-dalykai-kuriuos-butina-moketi-zmonems-2\/#primaryimage"},"image":{"@id":"https:\/\/skaitytaknyga.lt\/produktas\/5-dalykai-kuriuos-butina-moketi-zmonems-2\/#primaryimage"},"thumbnailUrl":"https:\/\/skaitytaknyga.lt\/wp-content\/uploads\/2024\/05\/000000000004135383-97013fd43b6d2bf52e8b63dc3625579e-asset-knyguklubas-cdb_9786094370366_p1.jpg","datePublished":"2024-05-04T14:56:10+00:00","dateModified":"2024-05-04T14:56:24+00:00","description":"Savaime suprantama, bendraujant su \u017emon\u0117mis vieni metodai yra geresni u\u017e kitus. Paprasta tiesa \u2013 tiek gyvenime, tiek karjeroje daugiausiai pasieksite, jei elgsit\u0117s atkakliai. Vieni \u017emon\u0117s pernelyg pasyv\u016bs, kiti \u2013 pernelyg agresyv\u016bs. \u0160i knyga paai\u0161kins, kaip b\u016bti atkakliam b\u016btent tiek, kiek reikia, ir pad\u0117s jums atsakyti \u012f daugel\u012f svarbi\u0173 klausim\u0173, kad i\u0161moktum\u0117te bendrauti su skirting\u0173 tip\u0173 asmenyb\u0117mis, pasitik\u0117ti savimi ir i\u0161naudoti visas savo galimybes. Elkit\u0117s taip, kad kitiems b\u016bt\u0173 malonu daryti tai, ko j\u016bs pageidaujate. \u2013 Deilas Karnegis, knyg\u0173 \u201eKaip \u012fsigyti draug\u0173 ir daryti \u012ftak\u0105 \u017emon\u0117ms\u201c bei \u201eKaip atsikratyti nerimo ir prad\u0117ti gyventi\u201c autorius. Deilas Karnegis savo mokym\u0173 kompanij\u0105 Dale Carnegie Training \u012fk\u016br\u0117 1912 m. Dabar jos biurai veikia visame pasaulyje, o kvalifikuoti lektoriai rengia mokymus daugiau nei 85 \u0161alyse.","breadcrumb":{"@id":"https:\/\/skaitytaknyga.lt\/produktas\/5-dalykai-kuriuos-butina-moketi-zmonems-2\/#breadcrumb"},"inLanguage":"en-GB","potentialAction":[{"@type":"ReadAction","target":["https:\/\/skaitytaknyga.lt\/produktas\/5-dalykai-kuriuos-butina-moketi-zmonems-2\/"]}]},{"@type":"ImageObject","inLanguage":"en-GB","@id":"https:\/\/skaitytaknyga.lt\/produktas\/5-dalykai-kuriuos-butina-moketi-zmonems-2\/#primaryimage","url":"https:\/\/skaitytaknyga.lt\/wp-content\/uploads\/2024\/05\/000000000004135383-97013fd43b6d2bf52e8b63dc3625579e-asset-knyguklubas-cdb_9786094370366_p1.jpg","contentUrl":"https:\/\/skaitytaknyga.lt\/wp-content\/uploads\/2024\/05\/000000000004135383-97013fd43b6d2bf52e8b63dc3625579e-asset-knyguklubas-cdb_9786094370366_p1.jpg","width":285,"height":476},{"@type":"BreadcrumbList","@id":"https:\/\/skaitytaknyga.lt\/produktas\/5-dalykai-kuriuos-butina-moketi-zmonems-2\/#breadcrumb","itemListElement":[{"@type":"ListItem","position":1,"name":"Home","item":"https:\/\/skaitytaknyga.lt\/"},{"@type":"ListItem","position":2,"name":"Parduotuv\u0117","item":"https:\/\/skaitytaknyga.lt\/knygu-parduotuve\/"},{"@type":"ListItem","position":3,"name":"5 dalykai, kuriuos b\u016btina mok\u0117ti \u017emon\u0117ms"}]},{"@type":"WebSite","@id":"https:\/\/skaitytaknyga.lt\/#website","url":"https:\/\/skaitytaknyga.lt\/","name":"skaitytaknyga.lt","description":"Skaitytaknyga.lt \u2013 tai ma\u017eas \u0161eimos verslas, kuris prasid\u0117jo nuo meil\u0117s knygoms ir siekio i\u0161gelb\u0117ti knygas nuo likimo prie konteinerio. Kas vienam nereikalingas daiktas \u2013 kitam lobis, o mes esame tarpininkai, kurie padeda abiems tapti laimingesniems ???? \u017dinome kaip nelengva i\u0161gyventi ma\u017eiems verslams, tad nuo \u0161iol, \u010dia rasite ir kit\u0173, ma\u017e\u0173 \u0161eim\u0173 versl\u0173, rank\u0173 darbo, dovan\u0173 sau ir artimiesiems.","publisher":{"@id":"https:\/\/skaitytaknyga.lt\/#organization"},"potentialAction":[{"@type":"SearchAction","target":{"@type":"EntryPoint","urlTemplate":"https:\/\/skaitytaknyga.lt\/?s={search_term_string}"},"query-input":{"@type":"PropertyValueSpecification","valueRequired":true,"valueName":"search_term_string"}}],"inLanguage":"en-GB"},{"@type":"Organization","@id":"https:\/\/skaitytaknyga.lt\/#organization","name":"skaitytaknyga.lt","url":"https:\/\/skaitytaknyga.lt\/","logo":{"@type":"ImageObject","inLanguage":"en-GB","@id":"https:\/\/skaitytaknyga.lt\/#\/schema\/logo\/image\/","url":"https:\/\/skaitytaknyga.lt\/wp-content\/uploads\/2024\/05\/cropped-cropped-cropped-02_00843_jt3bggkj1j3HLc7SyY6rEUpg.jpeg","contentUrl":"https:\/\/skaitytaknyga.lt\/wp-content\/uploads\/2024\/05\/cropped-cropped-cropped-02_00843_jt3bggkj1j3HLc7SyY6rEUpg.jpeg","width":1600,"height":1600,"caption":"skaitytaknyga.lt"},"image":{"@id":"https:\/\/skaitytaknyga.lt\/#\/schema\/logo\/image\/"},"sameAs":["https:\/\/www.facebook.com\/skaitytaknyga\/"]}]}},"_links":{"self":[{"href":"https:\/\/skaitytaknyga.lt\/en\/wp-json\/wp\/v2\/product\/9056","targetHints":{"allow":["GET"]}}],"collection":[{"href":"https:\/\/skaitytaknyga.lt\/en\/wp-json\/wp\/v2\/product"}],"about":[{"href":"https:\/\/skaitytaknyga.lt\/en\/wp-json\/wp\/v2\/types\/product"}],"replies":[{"embeddable":true,"href":"https:\/\/skaitytaknyga.lt\/en\/wp-json\/wp\/v2\/comments?post=9056"}],"wp:featuredmedia":[{"embeddable":true,"href":"https:\/\/skaitytaknyga.lt\/en\/wp-json\/wp\/v2\/media\/6070"}],"wp:attachment":[{"href":"https:\/\/skaitytaknyga.lt\/en\/wp-json\/wp\/v2\/media?parent=9056"}],"wp:term":[{"taxonomy":"product_brand","embeddable":true,"href":"https:\/\/skaitytaknyga.lt\/en\/wp-json\/wp\/v2\/product_brand?post=9056"},{"taxonomy":"product_cat","embeddable":true,"href":"https:\/\/skaitytaknyga.lt\/en\/wp-json\/wp\/v2\/product_cat?post=9056"},{"taxonomy":"product_tag","embeddable":true,"href":"https:\/\/skaitytaknyga.lt\/en\/wp-json\/wp\/v2\/product_tag?post=9056"}],"curies":[{"name":"wp","href":"https:\/\/api.w.org\/{rel}","templated":true}]}}